{"id":10584,"date":"2017-09-22T14:24:42","date_gmt":"2017-09-22T12:24:42","guid":{"rendered":"https:\/\/www.sms77.io?page_id=10584"},"modified":"2024-03-21T14:32:20","modified_gmt":"2024-03-21T13:32:20","slug":"smpp","status":"publish","type":"page","link":"https:\/\/www.seven.io\/de\/produkte\/smpp\/","title":{"rendered":"SMPP Zugang"},"content":{"rendered":"<section class=\"l-section wpb_row height_small color_alternate\"><div class=\"l-section-h i-cf\"><div class=\"g-cols vc_row via_flex valign_top type_default stacking_default\"><div class=\"vc_col-sm-12 wpb_column vc_column_container\"><div class=\"vc_column-inner\"><div class=\"wpb_wrapper\"><div class=\"wpb_text_column\"><div class=\"wpb_wrapper\"><h3>SMPP ist die Schnittstelle f\u00fcr Kunden mit einem sehr hohem SMS Aufkommen von 50.000 SMS und mehr t\u00e4glich. Die robuste und h\u00f6chstperformante Architektur ist speziell f\u00fcr Aggregatoren, SMS Hubs und mittlere bis gro\u00dfe Unternehmen geeignet.<\/h3>\n<\/div><\/div><div class=\"w-btn-wrapper align_center\"><a class=\"w-btn us-btn-style_1\" href=\"https:\/\/docs.seven.io\/de\/smpp\" rel=\"noopener\"><span class=\"w-btn-label\">Zur Dokumentation<\/span><\/a><\/div><\/div><\/div><\/div><\/div><\/div><\/section><section class=\"l-section wpb_row height_small\"><div class=\"l-section-h i-cf\"><div class=\"g-cols vc_row via_flex valign_top type_default stacking_default\"><div class=\"vc_col-sm-4 wpb_column vc_column_container\"><div class=\"vc_column-inner\"><div class=\"wpb_wrapper\"><div class=\"w-iconbox iconpos_top style_default color_primary align_center\"><div class=\"w-iconbox-icon\" style=\"font-size:2rem;\"><i class=\"fas fa-star\"><\/i><\/div><div class=\"w-iconbox-meta\"><h4 class=\"w-iconbox-title\">Standardisiertes Protokoll<\/h4><div class=\"w-iconbox-text\"><p>Short Message Peer to Peer (SMPP) ist ein vereinheitlichtes Protokoll, wodurch der Zugang zu unserem Gateway leicht in schon bestehende Systeme eingebaut werden kann.<\/p>\n<\/div><\/div><\/div><\/div><\/div><\/div><div class=\"vc_col-sm-4 wpb_column vc_column_container\"><div class=\"vc_column-inner\"><div class=\"wpb_wrapper\"><div class=\"w-iconbox iconpos_top style_default color_primary align_center\"><div class=\"w-iconbox-icon\" style=\"font-size:2rem;\"><i class=\"fas fa-fighter-jet\"><\/i><\/div><div class=\"w-iconbox-meta\"><h4 class=\"w-iconbox-title\">Turbo Durchsatz<\/h4><div class=\"w-iconbox-text\"><p>Liefern Sie gro\u00dfe Mengen SMS schnell und zuverl\u00e4ssig. Der hochperformante Zugang bietet einen Durchsatz von bis zu 30 SMS pro Sekunde.<\/p>\n<\/div><\/div><\/div><\/div><\/div><\/div><div class=\"vc_col-sm-4 wpb_column vc_column_container\"><div class=\"vc_column-inner\"><div class=\"wpb_wrapper\"><div class=\"w-iconbox iconpos_top style_default color_primary align_center\"><div class=\"w-iconbox-icon\" style=\"font-size:2rem;\"><i class=\"fas fa-comments\"><\/i><\/div><div class=\"w-iconbox-meta\"><h4 class=\"w-iconbox-title\">Kostenlos f\u00fcr Kunden<\/h4><div class=\"w-iconbox-text\"><p>Den Zugang erhalten Sie <a href=\"\/de\/unternehmen\/kontakt\/\">auf Anfrage<\/a> kostenlos geschaltet. Sie zahlen lediglich die reinen SMS Geb\u00fchren.<\/p>\n<\/div><\/div><\/div><\/div><\/div><\/div><\/div><\/div><\/section><section class=\"l-section wpb_row height_small color_primary with_img\"><div class=\"l-section-img\" role=\"img\" aria-label=\"Bild\" data-img-width=\"1800\" data-img-height=\"1200\" style=\"background-image: url(https:\/\/www.seven.io\/wp-content\/uploads\/2017\/09\/smpp.jpg);\"><\/div><div class=\"l-section-h i-cf\"><div class=\"g-cols vc_row via_flex valign_top type_default stacking_default\"><div class=\"vc_col-sm-6 wpb_column vc_column_container\"><div class=\"vc_column-inner\"><div class=\"wpb_wrapper\"><div class=\"wpb_text_column\"><div class=\"wpb_wrapper\"><h2>Short Message Peer to Peer<\/h2>\n<p>Das <a href=\"https:\/\/de.wikipedia.org\/wiki\/Short_Message_Peer_to_Peer\" target=\"_blank\" rel=\"noopener noreferrer\">Short Message Peer to Peer<\/a> Protokoll ist ein in der Telekommunikations- und Messagingbranche g\u00e4ngiges und etabliertes Verfahren zur unkomplizierten Anbindung an bestehende SMS Gateways.<\/p>\n<p>Durch die einfache Skalierbarkeit sind Ihren Ideen und Anwendungen keine Grenzen gesetzt.<\/p>\n<p>Implementieren Sie auf einfachste Art und Weise unser SMS Gateway in Ihren bestehenden SMPP Client \u2013 Sie ben\u00f6tigen hierzu lediglich den von uns gestellten speziellen Login.<\/p>\n<\/div><\/div><div class=\"w-btn-wrapper align_none\"><a class=\"w-btn us-btn-style_1 no-border\" href=\"\/de\/unternehmen\/kontakt\/\"><span class=\"w-btn-label\">SMPP-Zugang anfragen<\/span><\/a><\/div><\/div><\/div><\/div><div class=\"vc_col-sm-6 wpb_column vc_column_container\"><div class=\"vc_column-inner us_custom_7c314053\"><div class=\"wpb_wrapper\"><div class=\"smile_icon_list_wrap ult_info_list_container ult-adjust-bottom-margin  \"><ul class=\"smile_icon_list left circle with_bg\"><li class=\"icon_list_item\" style=\" font-size:72px;\"><div class=\"icon_list_icon\" data-animation=\"\" data-animation-delay=\"03\" style=\"font-size:24px;border-width:1px;border-style:none;background:rgba(0,0,0,0.01);color:#ffffff;border-color:#333333;\"><i class=\"Defaults-check\" ><\/i><\/div><div class=\"icon_description\" id=\"Info-list-wrap-5065\" style=\"font-size:24px;\"><h3 class=\"ult-responsive info-list-heading\"  data-ultimate-target='#Info-list-wrap-5065 h3'  data-responsive-json-new='{\"font-size\":\"desktop:16px;\",\"line-height\":\"desktop:24px;\"}'  style=\"\">Blitzschneller Versand<\/h3><div class=\"icon_description_text ult-responsive\"  data-ultimate-target='#Info-list-wrap-5065 .icon_description_text'  data-responsive-json-new='{\"font-size\":\"desktop:13px;\",\"line-height\":\"desktop:18px;\"}'  style=\"\"><p>Sie senden sehr viele SMS auf einmal und m\u00f6chten nicht stundenlang auf den Versand warten? Unser SMPP Server verarbeitet Ihre Nachrichten in k\u00fcrzester Zeit.<\/p>\n<\/div><\/div><div class=\"icon_list_connector\"  style=\"border-right-width: 1px;border-right-style: dashed;border-color: rgba(0,0,0,0);\"><\/div><\/li><li class=\"icon_list_item\" style=\" font-size:72px;\"><div class=\"icon_list_icon\" data-animation=\"\" data-animation-delay=\"03\" style=\"font-size:24px;border-width:1px;border-style:none;background:rgba(0,0,0,0.01);color:#ffffff;border-color:#333333;\"><i class=\"Defaults-check\" ><\/i><\/div><div class=\"icon_description\" id=\"Info-list-wrap-8433\" style=\"font-size:24px;\"><h3 class=\"ult-responsive info-list-heading\"  data-ultimate-target='#Info-list-wrap-8433 h3'  data-responsive-json-new='{\"font-size\":\"desktop:16px;\",\"line-height\":\"desktop:24px;\"}'  style=\"\">Statusabfrage<\/h3><div class=\"icon_description_text ult-responsive\"  data-ultimate-target='#Info-list-wrap-8433 .icon_description_text'  data-responsive-json-new='{\"font-size\":\"desktop:13px;\",\"line-height\":\"desktop:18px;\"}'  style=\"\"><p>Erhalten Sie automatisiert Delivery Reports zu Ihren SMS und behalten Sie so den \u00dcberblick.<\/p>\n<\/div><\/div><div class=\"icon_list_connector\"  style=\"border-right-width: 1px;border-right-style: dashed;border-color: rgba(0,0,0,0);\"><\/div><\/li><li class=\"icon_list_item\" style=\" font-size:72px;\"><div class=\"icon_list_icon\" data-animation=\"\" data-animation-delay=\"03\" style=\"font-size:24px;border-width:1px;border-style:none;background:rgba(0,0,0,0.01);color:#ffffff;border-color:#333333;\"><i class=\"Defaults-check\" ><\/i><\/div><div class=\"icon_description\" id=\"Info-list-wrap-5640\" style=\"font-size:24px;\"><h3 class=\"ult-responsive info-list-heading\"  data-ultimate-target='#Info-list-wrap-5640 h3'  data-responsive-json-new='{\"font-size\":\"desktop:16px;\",\"line-height\":\"desktop:24px;\"}'  style=\"\">Vollst\u00e4ndige Kontrolle \u00fcber Ihre SMS<\/h3><div class=\"icon_description_text ult-responsive\"  data-ultimate-target='#Info-list-wrap-5640 .icon_description_text'  data-responsive-json-new='{\"font-size\":\"desktop:13px;\",\"line-height\":\"desktop:18px;\"}'  style=\"\"><p>Sie k\u00f6nnen s\u00e4mtliche Parameter der PDU wie z.B. die Lifetime Ihrer SMS selbst regeln. So sind auch bin\u00e4re, verschl\u00fcsselte und andere SMS kein Problem.<\/p>\n<\/div><\/div><div class=\"icon_list_connector\"  style=\"border-right-width: 1px;border-right-style: dashed;border-color: rgba(0,0,0,0);\"><\/div><\/li><li class=\"icon_list_item\" style=\" font-size:72px;\"><div class=\"icon_list_icon\" data-animation=\"\" data-animation-delay=\"03\" style=\"font-size:24px;border-width:1px;border-style:none;background:rgba(0,0,0,0.01);color:#ffffff;border-color:#333333;\"><i class=\"Defaults-check\" ><\/i><\/div><div class=\"icon_description\" id=\"Info-list-wrap-6703\" style=\"font-size:24px;\"><h3 class=\"ult-responsive info-list-heading\"  data-ultimate-target='#Info-list-wrap-6703 h3'  data-responsive-json-new='{\"font-size\":\"desktop:16px;\",\"line-height\":\"desktop:24px;\"}'  style=\"\">Nachrichten zur\u00fcckholen<\/h3><div class=\"icon_description_text ult-responsive\"  data-ultimate-target='#Info-list-wrap-6703 .icon_description_text'  data-responsive-json-new='{\"font-size\":\"desktop:13px;\",\"line-height\":\"desktop:18px;\"}'  style=\"\"><p>Sofern eine SMS noch nicht gesendet wurde, k\u00f6nnen Sie diese noch abbrechen oder ersetzen.<\/p>\n<\/div><\/div><div class=\"icon_list_connector\"  style=\"border-right-width: 1px;border-right-style: dashed;border-color: rgba(0,0,0,0);\"><\/div><\/li><li class=\"icon_list_item\" style=\" font-size:72px;\"><div class=\"icon_list_icon\" data-animation=\"\" data-animation-delay=\"03\" style=\"font-size:24px;border-width:1px;border-style:none;background:rgba(0,0,0,0.01);color:#ffffff;border-color:#333333;\"><i class=\"Defaults-check\" ><\/i><\/div><div class=\"icon_description\" id=\"Info-list-wrap-6960\" style=\"font-size:24px;\"><h3 class=\"ult-responsive info-list-heading\"  data-ultimate-target='#Info-list-wrap-6960 h3'  data-responsive-json-new='{\"font-size\":\"desktop:16px;\",\"line-height\":\"desktop:24px;\"}'  style=\"\">Keine weiteren Geb\u00fchren<\/h3><div class=\"icon_description_text ult-responsive\"  data-ultimate-target='#Info-list-wrap-6960 .icon_description_text'  data-responsive-json-new='{\"font-size\":\"desktop:13px;\",\"line-height\":\"desktop:18px;\"}'  style=\"\"><p>Der Zugang ist f\u00fcr unsere Kunden ohne Aufpreis erh\u00e4ltlich.<\/p>\n<\/div><\/div><div class=\"icon_list_connector\"  style=\"border-right-width: 1px;border-right-style: dashed;border-color: rgba(0,0,0,0);\"><\/div><\/li><\/ul><\/div><\/div><\/div><\/div><\/div><\/div><\/section><section class=\"l-section wpb_row height_small\"><div class=\"l-section-h i-cf\"><div class=\"g-cols vc_row via_flex valign_top type_default stacking_default\"><div class=\"vc_col-sm-12 wpb_column vc_column_container\"><div class=\"vc_column-inner\"><div class=\"wpb_wrapper\"><div class=\"templatera_shortcode\"><section class=\"l-section wpb_row height_auto\"><div class=\"l-section-h i-cf\"><div class=\"g-cols vc_row via_flex valign_top type_default stacking_default\"><div class=\"vc_col-sm-12 wpb_column vc_column_container\"><div class=\"vc_column-inner\"><div class=\"wpb_wrapper\"><div class=\"wpb_text_column\"><div class=\"wpb_wrapper\"><h2 style=\"text-align: center;\">Transparent und fair &#8211; SMS-Versand Preise<\/h2>\n<p style=\"text-align: center;\">Laden Sie bequem Ihr Guthaben auf und zahlen Sie nur die SMS, die Sie verschicken. Es entstehen keine weiteren Kosten f\u00fcr Sie. Alle Features wie die API, Email2SMS usw. sind kostenlos f\u00fcr jeden Account verf\u00fcgbar.<\/p>\n<\/div><\/div><div class=\"w-pricing style_flat items_1\"><div class=\"w-pricing-item type_featured\"><div class=\"w-pricing-item-h\"><div class=\"w-pricing-item-header\"><div class=\"w-pricing-item-title\">Aktueller Preis<\/div><div class=\"w-pricing-item-price\">0,075 \u20ac<small>je SMS*<\/small><\/div><\/div><ul class=\"w-pricing-item-features\"><li class=\"w-pricing-item-feature\">Weltweiter Versand<\/li><li class=\"w-pricing-item-feature\">Eigener Absender<\/li><li class=\"w-pricing-item-feature\">Kostenlose Antwortfunktion<\/li><li class=\"w-pricing-item-feature\">Portierte Rufnummern<\/li><li class=\"w-pricing-item-feature\">Statusbericht<\/li><li class=\"w-pricing-item-feature\">Flash-SMS<\/li><li class=\"w-pricing-item-feature\">Unicode-Nachrichten<\/li><li class=\"w-pricing-item-feature\"><strong>100% Garantierte Zustellung<\/strong><\/li><\/ul><div class=\"w-pricing-item-footer\"><a class=\"w-btn us-btn-style_1\" style=\"font-size:15px\" href=\"https:\/\/app.seven.io\/anmelden\" rel=\"noopener\"><span class=\"w-btn-label\">Gratis testen<\/span><\/a><\/div><\/div><\/div><\/div><div class=\"wpb_text_column\"><div class=\"wpb_wrapper\"><p class=\"text_small\" style=\"text-align: center;\">*Alle Preise verstehen sich zuz\u00fcglich der gesetzlichen Umsatzsteuer. Preise f\u00fcr nicht-EU L\u00e4nder k\u00f6nnen abweichen. <a href=\"\/en\/full-sms-pricelist\/\">Bitte \u00fcberpr\u00fcfen Sie unsere vollst\u00e4ndige Preisliste nach L\u00e4ndern<\/a>. Die Preise sind jeweils g\u00fcltig f\u00fcr eine verschickte SMS mit 160 Zeichen. Nachrichten mit mehr als 160 Zeichen werden nach der Anzahl der verschickten SMS berechnet, wobei je SMS bei einer \u00fcberlangen Nachricht 8 Zeichen weniger zur Verf\u00fcgung stehen. Eine SMS mit z.B. 310 Zeichen w\u00fcrde also mit dem dreifachen SMS Preis berechnet werden. Bei SMS mit Unicodezeichen, also Zeichen, die nicht im <a href=\"https:\/\/de.wikipedia.org\/wiki\/GSM_03.38\" target=\"_blank\" rel=\"noopener noreferrer\">Standard GSM Alphabet<\/a> enthalten sind (z.B. Kyrillisch, Arabisch etc.), sind nur 70 Zeichen je SMS m\u00f6glich. Der Preis gilt dann f\u00fcr jeweils 70 Zeichen. Kein Versand an Sonderrufnummern.<\/p>\n<\/div><\/div><div class=\"w-btn-wrapper align_center\"><a class=\"w-btn us-btn-style_1\" href=\"\/de\/preise\"><span class=\"w-btn-label\">Zur Preisliste<\/span><\/a><\/div><\/div><\/div><\/div><\/div><\/div><\/section><\/div><\/div><\/div><\/div><\/div><\/div><\/section>\n","protected":false},"excerpt":{"rendered":"Transparent und fair &#8211; SMS-Versand Preise Laden Sie bequem Ihr Guthaben auf und zahlen Sie nur die SMS, die Sie verschicken. Es entstehen keine weiteren Kosten f\u00fcr Sie. Alle Features wie die API, Email2SMS usw. sind kostenlos f\u00fcr jeden Account verf\u00fcgbar. Aktueller Preis0,075 \u20acje SMS*Weltweiter VersandEigener AbsenderKostenlose AntwortfunktionPortierte RufnummernStatusberichtFlash-SMSUnicode-Nachrichten100% Garantierte ZustellungGratis testen*Alle Preise verstehen sich...","protected":false},"author":1,"featured_media":86675,"parent":5430,"menu_order":0,"comment_status":"closed","ping_status":"closed","template":"","meta":{"content-type":"","footnotes":""},"class_list":["post-10584","page","type-page","status-publish","has-post-thumbnail","hentry"],"_links":{"self":[{"href":"https:\/\/www.seven.io\/de\/wp-json\/wp\/v2\/pages\/10584","targetHints":{"allow":["GET"]}}],"collection":[{"href":"https:\/\/www.seven.io\/de\/wp-json\/wp\/v2\/pages"}],"about":[{"href":"https:\/\/www.seven.io\/de\/wp-json\/wp\/v2\/types\/page"}],"author":[{"embeddable":true,"href":"https:\/\/www.seven.io\/de\/wp-json\/wp\/v2\/users\/1"}],"replies":[{"embeddable":true,"href":"https:\/\/www.seven.io\/de\/wp-json\/wp\/v2\/comments?post=10584"}],"version-history":[{"count":25,"href":"https:\/\/www.seven.io\/de\/wp-json\/wp\/v2\/pages\/10584\/revisions"}],"predecessor-version":[{"id":92280,"href":"https:\/\/www.seven.io\/de\/wp-json\/wp\/v2\/pages\/10584\/revisions\/92280"}],"up":[{"embeddable":true,"href":"https:\/\/www.seven.io\/de\/wp-json\/wp\/v2\/pages\/5430"}],"wp:featuredmedia":[{"embeddable":true,"href":"https:\/\/www.seven.io\/de\/wp-json\/wp\/v2\/media\/86675"}],"wp:attachment":[{"href":"https:\/\/www.seven.io\/de\/wp-json\/wp\/v2\/media?parent=10584"}],"curies":[{"name":"wp","href":"https:\/\/api.w.org\/{rel}","templated":true}]}}