{"id":13063,"date":"2018-05-17T01:14:24","date_gmt":"2018-05-16T23:14:24","guid":{"rendered":"https:\/\/www.sms77.io\/?page_id=13063"},"modified":"2025-03-18T06:18:47","modified_gmt":"2025-03-18T05:18:47","slug":"subunternehmer","status":"publish","type":"page","link":"https:\/\/www.seven.io\/de\/subunternehmer\/","title":{"rendered":"Anhang Subunternehmer"},"content":{"rendered":"<section class=\"l-section wpb_row height_small\"><div class=\"l-section-h i-cf\"><div class=\"g-cols vc_row via_flex valign_top type_default stacking_default\"><div class=\"vc_col-sm-12 wpb_column vc_column_container\"><div class=\"vc_column-inner\"><div class=\"wpb_wrapper\"><div class=\"wpb_text_column\"><div class=\"wpb_wrapper\"><p>Der Kunde stimmt zu, dass seven Partner oder Dritte mit der Verarbeitung personenbezogener Daten beauftragen kann, um seven bei der Erbringung der Dienste im Auftrag des Kunden (&#8222;Subunternehmer&#8220;) zu unterst\u00fctzen. seven hat eine schriftliche Vereinbarung mit jedem Unterauftragnehmer geschlossen, die Datenschutzverpflichtungen enth\u00e4lt, die nicht weniger sch\u00fctzenswert sind als die in dieser Datenschutzvereinbarung enthaltenen, soweit dies f\u00fcr die Art der von diesem Unterauftragnehmer erbrachten Dienste gilt. Verarbeitet der Unterauftragnehmer die Dienste au\u00dferhalb der EU \/ des EWR, stellt seven sicher, dass die \u00dcbertragung gem\u00e4\u00df den von der Europ\u00e4ischen Kommission genehmigten Standardvertragsklauseln f\u00fcr die \u00dcbertragung personenbezogener Daten erfolgt, die der Kunde seven in seinem Namen erlaubt Andere geeignete legale Daten\u00fcbertragungsmechanismen werden verwendet.<\/p>\n<p>Die aktuellen Subunternehmer sind in der folgenden Tabelle aufgef\u00fchrt und der Kunde stimmt zu und best\u00e4tigt, dass seven solche Subunternehmer zur Verarbeitung von pers\u00f6nlichen Daten gem\u00e4\u00df der Liste beauftragt hat. Der Kunde kann Benachrichtigungen unten auf dieser Seite abonnieren, und wenn der Kunde sich anmeldet, wird seven eine Benachrichtigung \u00fcber jeden neuen Subunternehmer senden, bevor er einen neuen Subunternehmer autorisiert, personenbezogene Daten in Verbindung mit diesem zu verarbeiten.<\/p>\n<p>seven informiert den Kunden im Voraus \u00fcber beabsichtigte \u00c4nderungen in Bezug auf die Hinzuf\u00fcgung oder den Ersatz eines Subunternehmers, w\u00e4hrenddessen der Kunde Einw\u00e4nde gegen die Bestellung des Subunternehmer erheben kann. Eventuelle Einw\u00e4nde m\u00fcssen unverz\u00fcglich (und auf jeden Fall sp\u00e4testens vierzehn (14) Tage nach der Mitteilung der beabsichtigten \u00c4nderungen durch seven) erhoben werden. Sollte seven entscheiden, den beanstandeten\u00a0Subunternehmer beizubehalten, wird seven den Kunden mindestens vierzehn (14) Tage vor der Autorisierung des Subunternehmer zur Verarbeitung pers\u00f6nlicher Daten benachrichtigen und dann kann der Kunde die Nutzung des relevanten Teils der Services sofort einstellen und die Nutzung der relevanten Teil der jeweiligen Dienste beenden.<\/p>\n<p>N\u00e4heres hierzu finden Sie in unserer <a href=\"\/de\/unternehmen\/datenschutz\/\">Datenschutzerkl\u00e4rung<\/a> und im <a href=\"https:\/\/static.seven.io\/documents\/av-de-seven.pdf\" rel=\"noopener\">vorunterzeichneten Auftragsverarbeitungsvertrag<\/a>.<\/p>\n<\/div><\/div><\/div><\/div><\/div><\/div><\/div><\/section><section class=\"l-section wpb_row height_small color_alternate\"><div class=\"l-section-h i-cf\"><div class=\"g-cols vc_row via_flex valign_top type_default stacking_default\"><div class=\"vc_col-sm-12 wpb_column vc_column_container\"><div class=\"vc_column-inner\"><div class=\"wpb_wrapper\"><div class=\"wpb_text_column\"><div class=\"wpb_wrapper\"><h4>Subunternehmer<\/h4>\n<\/div><\/div><div class=\"wpb_text_column\"><div class=\"wpb_wrapper\"><p>\u00a0<\/p>\n<table>\n<thead>\n<tr>\n<th>Subunternehmer<\/th>\n<th>Adresse<\/th>\n<th>Ort der Datenverarbeitung<\/th>\n<th>Zweck der Verarbeitung<\/th>\n<th>Sonstiges<\/th>\n<\/tr>\n<\/thead>\n<tbody>\n<tr>\n<td>Hetzner Online GmbH<\/td>\n<td>Industriestr. 25, 91710 Gunzenhausen<\/td>\n<td>Deutschland<\/td>\n<td>Hosting<\/td>\n<td><a href=\"https:\/\/www.hetzner.de\/pdf\/FOX_Zertifikat_de.pdf\" target=\"_blank\" rel=\"noopener noreferrer\">\u00a0ISO 27001<\/a><\/td>\n<\/tr>\n<\/tbody>\n<\/table>\n<\/div><\/div><\/div><\/div><\/div><\/div><\/div><\/section><section class=\"l-section wpb_row height_small\"><div class=\"l-section-h i-cf\"><div class=\"g-cols vc_row via_flex valign_top type_default stacking_default\"><div class=\"vc_col-sm-12 wpb_column vc_column_container\"><div class=\"vc_column-inner\"><div class=\"wpb_wrapper\"><div class=\"wpb_text_column\"><div class=\"wpb_wrapper\"><h3>Benachrichtigung bei Aktualisierung<\/h3>\n<p>Tragen Sie hier Ihre Email Adresse ein um \u00fcber Aktualisierungen unserer Subunternehmer informiert zu werden. Mit dem Absenden Ihrer Anfrage erkl\u00e4ren Sie sich mit der Verarbeitung Ihrer angegebenen Daten zum Zweck der Bearbeitung Ihrer Anfrage einverstanden (<a href=\"\/de\/unternehmen\/datenschutz\/\">Datenschutzerkl\u00e4rung und Widerrufsrecht<\/a>)<\/p>\n<\/div><\/div><div class=\"wpb_text_column\"><div class=\"wpb_wrapper\"><p><!-- &#091;rm_form list_id=2407&#093; --><\/p>\n\n\t\t\t\t\t\t<script>\n\t\t\t\t\t\t\twindow.hsFormsOnReady = window.hsFormsOnReady || [];\n\t\t\t\t\t\t\twindow.hsFormsOnReady.push(()=>{\n\t\t\t\t\t\t\t\thbspt.forms.create({\n\t\t\t\t\t\t\t\t\tportalId: 6562357,\n\t\t\t\t\t\t\t\t\tformId: \"396c191a-023e-43c7-a1a9-0c7a053966bf\",\n\t\t\t\t\t\t\t\t\ttarget: \"#hbspt-form-1777558302000-4519319619\",\n\t\t\t\t\t\t\t\t\tregion: \"\",\n\t\t\t\t\t\t\t\t\t\n\t\t\t\t\t\t\t})});\n\t\t\t\t\t\t<\/script>\n\t\t\t\t\t\t<div class=\"hbspt-form\" id=\"hbspt-form-1777558302000-4519319619\"><\/div>\n<\/div><\/div><\/div><\/div><\/div><\/div><\/div><\/section>\n","protected":false},"excerpt":{"rendered":"Der Kunde stimmt zu, dass seven Partner oder Dritte mit der Verarbeitung personenbezogener Daten beauftragen kann, um seven bei der Erbringung der Dienste im Auftrag des Kunden (&#8222;Subunternehmer&#8220;) zu unterst\u00fctzen. seven hat eine schriftliche Vereinbarung mit jedem Unterauftragnehmer geschlossen, die Datenschutzverpflichtungen enth\u00e4lt, die nicht weniger sch\u00fctzenswert sind als die in dieser Datenschutzvereinbarung enthaltenen, soweit dies...","protected":false},"author":1,"featured_media":86675,"parent":0,"menu_order":0,"comment_status":"closed","ping_status":"closed","template":"","meta":{"content-type":"","footnotes":""},"class_list":["post-13063","page","type-page","status-publish","has-post-thumbnail","hentry"],"_links":{"self":[{"href":"https:\/\/www.seven.io\/de\/wp-json\/wp\/v2\/pages\/13063","targetHints":{"allow":["GET"]}}],"collection":[{"href":"https:\/\/www.seven.io\/de\/wp-json\/wp\/v2\/pages"}],"about":[{"href":"https:\/\/www.seven.io\/de\/wp-json\/wp\/v2\/types\/page"}],"author":[{"embeddable":true,"href":"https:\/\/www.seven.io\/de\/wp-json\/wp\/v2\/users\/1"}],"replies":[{"embeddable":true,"href":"https:\/\/www.seven.io\/de\/wp-json\/wp\/v2\/comments?post=13063"}],"version-history":[{"count":50,"href":"https:\/\/www.seven.io\/de\/wp-json\/wp\/v2\/pages\/13063\/revisions"}],"predecessor-version":[{"id":93245,"href":"https:\/\/www.seven.io\/de\/wp-json\/wp\/v2\/pages\/13063\/revisions\/93245"}],"wp:featuredmedia":[{"embeddable":true,"href":"https:\/\/www.seven.io\/de\/wp-json\/wp\/v2\/media\/86675"}],"wp:attachment":[{"href":"https:\/\/www.seven.io\/de\/wp-json\/wp\/v2\/media?parent=13063"}],"curies":[{"name":"wp","href":"https:\/\/api.w.org\/{rel}","templated":true}]}}