{"id":13186,"date":"2018-07-10T23:04:54","date_gmt":"2018-07-10T21:04:54","guid":{"rendered":"https:\/\/www.sms77.io\/?page_id=13186"},"modified":"2024-06-13T11:24:08","modified_gmt":"2024-06-13T09:24:08","slug":"dsgvo","status":"publish","type":"page","link":"https:\/\/www.seven.io\/de\/unternehmen\/dsgvo\/","title":{"rendered":"EU-DSGVO &#8211; Datenschutz-Grundverordnung"},"content":{"rendered":"<section class=\"l-section wpb_row height_large color_primary with_img parallax_ver with_shape\"><div class=\"l-section-img\" role=\"img\" aria-label=\"Bild\" data-img-width=\"2000\" data-img-height=\"1333\" style=\"background-image: url(https:\/\/www.seven.io\/wp-content\/uploads\/2018\/07\/gdpr.jpg);\"><\/div><div class=\"l-section-overlay\" style=\"background:rgba(11,76,102,0.75)\"><\/div><div class=\"l-section-shape type_tilt pos_bottom hor_flip\" style=\"height:4vmin;\"><svg xmlns=\"http:\/\/www.w3.org\/2000\/svg\" viewBox=\"0 0 64 8\" preserveAspectRatio=\"none\" width=\"100%\" height=\"100%\">\r\n\t<path fill=\"currentColor\" d=\"M64 7.9 L64 10 L0 10 L0 0 Z\"\/>\r\n<\/svg><\/div><div class=\"l-section-h i-cf\"><div class=\"g-cols vc_row via_flex valign_middle type_default stacking_default\"><div class=\"vc_col-sm-12 wpb_column vc_column_container\"><div class=\"vc_column-inner\"><div class=\"wpb_wrapper\"><h1 class=\"w-post-elm post_title us_custom_62fa932f align_center entry-title color_link_inherit\">EU-DSGVO &#8211; Datenschutz-Grundverordnung<\/h1><div class=\"wpb_text_column\"><div class=\"wpb_wrapper\"><p style=\"text-align: center;\">Erfahren Sie mehr zu dem Schutz Ihrer Daten und unserer DSGVO Konformit\u00e4t<\/p>\n<\/div><\/div><\/div><\/div><\/div><\/div><\/div><\/section><section class=\"l-section wpb_row height_small\"><div class=\"l-section-h i-cf\"><div class=\"g-cols vc_row via_flex valign_top type_default stacking_default\"><div class=\"vc_col-sm-12 wpb_column vc_column_container\"><div class=\"vc_column-inner\"><div class=\"wpb_wrapper\"><div class=\"wpb_text_column\"><div class=\"wpb_wrapper\"><h2>Was ist die EU-DSGVO?<\/h2>\n<p>Im Dezember 2015 wurde nach langen Verhandlungen die erste europ\u00e4ische Datenschutz-Grundverordnung ins Leben gerufen und damit ein gemeinsames Konzept der Europ\u00e4ischen Union, das f\u00fcr alle Mitgliedsstaaten gleicherma\u00dfen gilt. Bis dahin basierten nationale Gesetzgebungen bez\u00fcglich des Datenschutzes auf den sogenannten EU-Datenschutzrichtlinien von 1995. Diese waren zwar ebenfalls vereinheitlicht, stellten jedoch eher Vorgabe statt Vorschrift dar. Dadurch kam es auf internationaler Ebene zu erheblichen Unterschieden, die vor allem den Handel und das Online-Leben zwischen diversen L\u00e4ndern schwierig gestalteten. Parallel gilt das US-amerikanische Privacy Shild Abkommen von 2016 als nahezu konform in Bezug auf die Daten\u00fcbermittlung, -speicherung und -verarbeitung. Zudem werden den EU-Staaten auch jetzt noch \u00d6ffnungsklauseln einger\u00e4umt, die den nationalen Gesetzgebern eigene Regelungen gestatten. Die Differenzen haben sich jedoch minimiert. Seit dem 25. Mai 2018 bildet die EU-DSGVO zusammen mit der JI-Richtlinie (Datenschutz in den Bereichen Polizei und Justiz) den gemeinsamen Datenschutzrahmen der Europ\u00e4ischen Union.<\/p>\n<p>Grundlegend befasst sich die DSGVO mit den Rahmenbedingungen zur Verarbeitung personenbezogener Daten, sowohl durch private Unternehmen als auch durch \u00f6ffentliche Institutionen. Einerseits soll der Schutz der EU-B\u00fcrgerrechte sichergestellt werden, andererseits der freie Datenverkehr binnen des europ\u00e4ischen Wirtschaftsraumes. Auch wenn Unternehmen, die Ihren Sitz au\u00dferhalb der EU haben, personenbezogene Daten innerhalb der EU oder von EU-B\u00fcrgern verarbeiten, unterliegen diese Prozesse der DSGVO. Im Falle eines Versto\u00dfes drohen Abmahnungen und enorme Geldstrafen.<\/p>\n<\/div><\/div><\/div><\/div><\/div><\/div><\/div><\/section><section class=\"l-section wpb_row height_small color_secondary\"><div class=\"l-section-h i-cf\"><div class=\"g-cols vc_row via_flex valign_top type_default stacking_default\"><div class=\"vc_col-sm-12 wpb_column vc_column_container\"><div class=\"vc_column-inner\"><div class=\"wpb_wrapper\"><div class=\"wpb_text_column\"><div class=\"wpb_wrapper\"><h2 style=\"text-align: center;\">Unsere Ma\u00dfnahmen zur EU-DSGVO Konformit\u00e4t<\/h2>\n<\/div><\/div><div class=\"w-separator size_medium with_line width_default thick_1 style_solid color_border align_center\"><div class=\"w-separator-h\"><\/div><\/div><div class=\"g-cols wpb_row via_flex valign_top type_default stacking_default\"><div class=\"vc_col-sm-3 wpb_column vc_column_container\"><div class=\"vc_column-inner\"><div class=\"wpb_wrapper\"><div class=\"w-iconbox iconpos_top style_default color_contrast align_center icontype_img\"><div class=\"w-iconbox-icon\" style=\"font-size:2rem;\"><img decoding=\"async\" width=\"4267\" height=\"4267\" src=\"https:\/\/www.seven.io\/wp-content\/uploads\/2018\/07\/icons_DSGVO-01.jpg\" class=\"attachment-full size-full\" alt=\"icon Support Schulung\" srcset=\"https:\/\/www.seven.io\/wp-content\/uploads\/2018\/07\/icons_DSGVO-01.jpg 4267w, https:\/\/www.seven.io\/wp-content\/uploads\/2018\/07\/icons_DSGVO-01-150x150.jpg 150w, https:\/\/www.seven.io\/wp-content\/uploads\/2018\/07\/icons_DSGVO-01-300x300.jpg 300w, https:\/\/www.seven.io\/wp-content\/uploads\/2018\/07\/icons_DSGVO-01-768x768.jpg 768w, https:\/\/www.seven.io\/wp-content\/uploads\/2018\/07\/icons_DSGVO-01-1024x1024.jpg 1024w, https:\/\/www.seven.io\/wp-content\/uploads\/2018\/07\/icons_DSGVO-01-350x350.jpg 350w, https:\/\/www.seven.io\/wp-content\/uploads\/2018\/07\/icons_DSGVO-01-600x600.jpg 600w, https:\/\/www.seven.io\/wp-content\/uploads\/2018\/07\/icons_DSGVO-01-400x400.jpg 400w, https:\/\/www.seven.io\/wp-content\/uploads\/2018\/07\/icons_DSGVO-01-200x200.jpg 200w\" sizes=\"(max-width: 4267px) 100vw, 4267px\" \/><\/div><div class=\"w-iconbox-meta\"><h4 class=\"w-iconbox-title\">Geschultes Support-Team<\/h4><div class=\"w-iconbox-text\"><p>Alle Mitarbeiter, die personen- bezogene Daten verarbeiten, werden regelm\u00e4\u00dfig in Weiter- bildungsma\u00dfnahmen geschult. <\/p>\n<\/div><\/div><\/div><\/div><\/div><\/div><div class=\"vc_col-sm-3 wpb_column vc_column_container\"><div class=\"vc_column-inner\"><div class=\"wpb_wrapper\"><div class=\"w-iconbox iconpos_top style_default color_contrast align_center icontype_img\"><div class=\"w-iconbox-icon\" style=\"font-size:2rem;\"><img decoding=\"async\" width=\"4267\" height=\"4267\" src=\"https:\/\/www.seven.io\/wp-content\/uploads\/2018\/07\/icons_DSGVO-02.jpg\" class=\"attachment-full size-full\" alt=\"Datenschutz Verschl\u00fcsselung\" srcset=\"https:\/\/www.seven.io\/wp-content\/uploads\/2018\/07\/icons_DSGVO-02.jpg 4267w, https:\/\/www.seven.io\/wp-content\/uploads\/2018\/07\/icons_DSGVO-02-150x150.jpg 150w, https:\/\/www.seven.io\/wp-content\/uploads\/2018\/07\/icons_DSGVO-02-300x300.jpg 300w, https:\/\/www.seven.io\/wp-content\/uploads\/2018\/07\/icons_DSGVO-02-768x768.jpg 768w, https:\/\/www.seven.io\/wp-content\/uploads\/2018\/07\/icons_DSGVO-02-1024x1024.jpg 1024w, https:\/\/www.seven.io\/wp-content\/uploads\/2018\/07\/icons_DSGVO-02-350x350.jpg 350w, https:\/\/www.seven.io\/wp-content\/uploads\/2018\/07\/icons_DSGVO-02-600x600.jpg 600w, https:\/\/www.seven.io\/wp-content\/uploads\/2018\/07\/icons_DSGVO-02-400x400.jpg 400w, https:\/\/www.seven.io\/wp-content\/uploads\/2018\/07\/icons_DSGVO-02-200x200.jpg 200w\" sizes=\"(max-width: 4267px) 100vw, 4267px\" \/><\/div><div class=\"w-iconbox-meta\"><h4 class=\"w-iconbox-title\">Verschl\u00fcsselung auf allen Ebenen<\/h4><div class=\"w-iconbox-text\"><p><strong>seven<\/strong> verwendet Hypertext Transfer Protocol Secure (HTTPS) und TLS-Verschl\u00fcsselungen. Physische Zugriffe sind nur autorisiertem Personal gestattet.<\/p>\n<\/div><\/div><\/div><\/div><\/div><\/div><div class=\"vc_col-sm-3 wpb_column vc_column_container\"><div class=\"vc_column-inner\"><div class=\"wpb_wrapper\"><div class=\"w-iconbox iconpos_top style_default color_contrast align_center icontype_img\"><div class=\"w-iconbox-icon\" style=\"font-size:2rem;\"><img decoding=\"async\" width=\"4267\" height=\"4267\" src=\"https:\/\/www.seven.io\/wp-content\/uploads\/2018\/07\/icons_DSGVO-03.jpg\" class=\"attachment-full size-full\" alt=\"icon Routing\" srcset=\"https:\/\/www.seven.io\/wp-content\/uploads\/2018\/07\/icons_DSGVO-03.jpg 4267w, https:\/\/www.seven.io\/wp-content\/uploads\/2018\/07\/icons_DSGVO-03-150x150.jpg 150w, https:\/\/www.seven.io\/wp-content\/uploads\/2018\/07\/icons_DSGVO-03-300x300.jpg 300w, https:\/\/www.seven.io\/wp-content\/uploads\/2018\/07\/icons_DSGVO-03-768x768.jpg 768w, https:\/\/www.seven.io\/wp-content\/uploads\/2018\/07\/icons_DSGVO-03-1024x1024.jpg 1024w, https:\/\/www.seven.io\/wp-content\/uploads\/2018\/07\/icons_DSGVO-03-350x350.jpg 350w, https:\/\/www.seven.io\/wp-content\/uploads\/2018\/07\/icons_DSGVO-03-600x600.jpg 600w, https:\/\/www.seven.io\/wp-content\/uploads\/2018\/07\/icons_DSGVO-03-400x400.jpg 400w, https:\/\/www.seven.io\/wp-content\/uploads\/2018\/07\/icons_DSGVO-03-200x200.jpg 200w\" sizes=\"(max-width: 4267px) 100vw, 4267px\" \/><\/div><div class=\"w-iconbox-meta\"><h4 class=\"w-iconbox-title\">Reines EU Routing<\/h4><div class=\"w-iconbox-text\"><p>Wir passen unser leistungsf\u00e4hige Routingverfahren den immer komplexer werdenden Netzstrukturen und gleichzeitig hohen Sicherheitsstandards an.<\/p>\n<\/div><\/div><\/div><\/div><\/div><\/div><div class=\"vc_col-sm-3 wpb_column vc_column_container\"><div class=\"vc_column-inner\"><div class=\"wpb_wrapper\"><div class=\"w-iconbox iconpos_top style_default color_contrast align_center icontype_img\"><div class=\"w-iconbox-icon\" style=\"font-size:2rem;\"><img decoding=\"async\" width=\"4267\" height=\"4267\" src=\"https:\/\/www.seven.io\/wp-content\/uploads\/2018\/07\/icons_DSGVO-04.jpg\" class=\"attachment-full size-full\" alt=\"icon Datenspeicherung\" srcset=\"https:\/\/www.seven.io\/wp-content\/uploads\/2018\/07\/icons_DSGVO-04.jpg 4267w, https:\/\/www.seven.io\/wp-content\/uploads\/2018\/07\/icons_DSGVO-04-150x150.jpg 150w, https:\/\/www.seven.io\/wp-content\/uploads\/2018\/07\/icons_DSGVO-04-300x300.jpg 300w, https:\/\/www.seven.io\/wp-content\/uploads\/2018\/07\/icons_DSGVO-04-768x768.jpg 768w, https:\/\/www.seven.io\/wp-content\/uploads\/2018\/07\/icons_DSGVO-04-1024x1024.jpg 1024w, https:\/\/www.seven.io\/wp-content\/uploads\/2018\/07\/icons_DSGVO-04-350x350.jpg 350w, https:\/\/www.seven.io\/wp-content\/uploads\/2018\/07\/icons_DSGVO-04-600x600.jpg 600w, https:\/\/www.seven.io\/wp-content\/uploads\/2018\/07\/icons_DSGVO-04-400x400.jpg 400w, https:\/\/www.seven.io\/wp-content\/uploads\/2018\/07\/icons_DSGVO-04-200x200.jpg 200w\" sizes=\"(max-width: 4267px) 100vw, 4267px\" \/><\/div><div class=\"w-iconbox-meta\"><h4 class=\"w-iconbox-title\">Optimierte Datenspeicherung<\/h4><div class=\"w-iconbox-text\"><p>Pro Nachhaltigkeit hei\u00dft bei <strong>seven<\/strong>, sich auf die gesetzlich n\u00f6tige Speicherdauer von Logfiles zu beschr\u00e4nken. Anschlie\u00dfend werden die Protokolldateien anonymisiert.<\/p>\n<\/div><\/div><\/div><\/div><\/div><\/div><\/div><\/div><\/div><\/div><\/div><\/div><\/section><section class=\"l-section wpb_row height_small\"><div class=\"l-section-h i-cf\"><div class=\"g-cols vc_row via_flex valign_top type_default stacking_default\"><div class=\"vc_col-sm-12 wpb_column vc_column_container\"><div class=\"vc_column-inner\"><div class=\"wpb_wrapper\"><div class=\"wpb_text_column\"><div class=\"wpb_wrapper\"><h2>Was Sie als Nutzer von Webangeboten wissen m\u00fcssen:<\/h2>\n<ul>\n<li>Abk\u00fcrzungen: DSGVO ist das deutschsprachige K\u00fcrzel f\u00fcr Datenschutzgrundverordnung. Im Englischen GDPR, im Franz\u00f6ischen RGPD. BDSG steht f\u00fcr Bundesdatenschutzgesetz, quasi die deutsche Version, die sich zudem derzeit in entsprechender \u00dcberarbeitung befindet.<\/li>\n<li>Viele der Datenschutz-Prinzipien bleiben nach wie vor bestehen. Zum Beispiel Zweckbindung, Datenminimierung und Transparenz.<\/li>\n<li>Kindern und Jugendlichen unter 16 Jahren wird ein besonderer Schutz einger\u00e4umt.<\/li>\n<li>Ihre Daten als EU-B\u00fcrger d\u00fcrfen von allen Unternehmen und Institutionen national wie international nur gem\u00e4\u00df der DSGVO verarbeitet werden. Dies gilt auch f\u00fcr die Weiterverarbeitung durch Dritte und auch dies darf nur zu kompatiblen Zwecken geschehen.<\/li>\n<li>Die Anforderungen an die informierte, freiwillige Einwilligung wurden graduell erh\u00f6ht. Das hei\u00dft Nutzer m\u00fcssen eindeutig eine Handlung vollziehen, um Ihre Einwilligung zu best\u00e4tigen. In der Regel wird dies durch Anklicken von K\u00e4stchen oder Feldern gel\u00f6st oder aber auch durch spezifische Eingaben wie &#8222;Ich stimme zu&#8220;.<\/li>\n<li>Parallel wurden die Anforderungen an den Widerruf der Einwilligung f\u00fcr den Betroffenen herabgesetzt. Sprich Nutzer m\u00fcssen jederzeit und ohne Angabe von Gr\u00fcnden die M\u00f6glichkeit haben, die Einwilligung zur\u00fcck zu ziehen. Man nennt dies auch Opt-out-Funktion oder Abmeldefunktion. Eine solche Funktion muss beispielsweise in jeden Newsletter implementiert sein.<\/li>\n<li>Zus\u00e4tzlich k\u00f6nnen Nutzer die \u00fcber die sie verarbeiteten Daten jederzeit einsehen, \u00e4ndern und l\u00f6schen lassen.<\/li>\n<li>Unternehmen m\u00fcssen k\u00fcnftig ihren Kunden\/ Nutzern ausf\u00fchrliche Informationen zur Verf\u00fcgung stellen, in welchem Ma\u00dfe und Umfang die Daten verarbeitet werden, durch welche Drittanbieter und zu welchem Zweck.<\/li>\n<\/ul>\n<p>Neben all diesen Neuerungen gelten fortan noch viele, viele weitere. Besonders h\u00e4ufig wird zudem der Artikel 5 DSGVO erw\u00e4hnt. In diesem sind die Grunds\u00e4tze der Verarbeitung personenbezogener Daten festgelegt: Rechtm\u00e4\u00dfigkeit, Treu und Glauben, Transparenz, Zweckbindung, Datenminimierung, Richtigkeit, Speicherbegrenzung, Integrit\u00e4t und Vertraulichkeit, Rechenschaftspflicht.<\/p>\n<p>Und genau diese Leitthemen sind Grundlage f\u00fcr ein kompetentes Miteinander zwischen Anbietern und Nutzern. <strong>seven<\/strong> hat sich deshalb von Anfang an dem Datenschutz verpflichtet und wird mit der neuen EU-DSGVO entsprechende L\u00f6sungen umsetzen.<\/p>\n<\/div><\/div><\/div><\/div><\/div><\/div><\/div><\/section><section class=\"l-section wpb_row height_small color_alternate\"><div class=\"l-section-h i-cf\"><div class=\"g-cols vc_row via_flex valign_top type_default stacking_default\"><div class=\"vc_col-sm-12 wpb_column vc_column_container\"><div class=\"vc_column-inner\"><div class=\"wpb_wrapper\"><div class=\"wpb_text_column\"><div class=\"wpb_wrapper\"><h2 class=\"block_quote\" style=\"text-align: center;\">&#8222;Die DSGVO lenkt die mobile Kommunikation zwischen Unternehmen, Kunden, Mitarbeitern und Partnern in neue Bahnen. CPaaS bietet f\u00fcr diese digitale Transformation souver\u00e4ne L\u00f6sungen.&#8220;<\/h2>\n<\/div><\/div><div class=\"wpb_text_column\"><div class=\"wpb_wrapper\"><p style=\"letter-spacing: 5px; text-align: center;\">Jana Limbers &#8211; Contentmanagerin<\/p>\n<\/div><\/div><\/div><\/div><\/div><\/div><\/div><\/section><section class=\"l-section wpb_row height_small\"><div class=\"l-section-h i-cf\"><div class=\"g-cols vc_row via_flex valign_top type_default stacking_default\"><div class=\"vc_col-sm-4 wpb_column vc_column_container\"><div class=\"vc_column-inner\"><div class=\"wpb_wrapper\"><div class=\"aio-icon-component    style_2\"><div id=\"Info-box-wrap-9900\" class=\"aio-icon-box top-icon\" style=\"\"  ><div class=\"aio-icon-top\"><div class=\"ult-just-icon-wrapper  \"><div class=\"align-icon\" style=\"text-align:center;\">\n<div class=\"aio-icon circle \"  style=\"color:#ffffff;background:#00d488;font-size:32px;display:inline-block;\">\n\t<i class=\"Defaults-user-secret\"><\/i>\n<\/div><\/div><\/div><\/div><div class=\"aio-icon-header\" ><h3 class=\"aio-icon-title ult-responsive\"  data-ultimate-target='#Info-box-wrap-9900 .aio-icon-title'  data-responsive-json-new='{\"font-size\":\"\",\"line-height\":\"\"}'  style=\"\">Datenschutzerkl\u00e4rung<\/h3><\/div> <!-- header --><div class=\"aio-icon-description ult-responsive\"  data-ultimate-target='#Info-box-wrap-9900 .aio-icon-description'  data-responsive-json-new='{\"font-size\":\"\",\"line-height\":\"\"}'  style=\"\">Der Schutz und die Unversehrtheit Ihrer Daten sind f\u00fcr uns essentiell. Wir verarbeiten teils hochsensible Daten, die \u00fcber h\u00f6chste Sicherheitsstufen gesch\u00fctzt werden.<a class=\"aio-icon-read xx\" href=\"\/de\/unternehmen\/datenschutz\/\" >Erfahren Sie mehr&nbsp;&raquo;<\/a><\/div> <!-- description --><\/div> <!-- aio-icon-box --><\/div> <!-- aio-icon-component --><\/div><\/div><\/div><div class=\"vc_col-sm-4 wpb_column vc_column_container\"><div class=\"vc_column-inner\"><div class=\"wpb_wrapper\"><div class=\"aio-icon-component    style_2\"><div id=\"Info-box-wrap-7898\" class=\"aio-icon-box top-icon\" style=\"\"  ><div class=\"aio-icon-top\"><div class=\"ult-just-icon-wrapper  \"><div class=\"align-icon\" style=\"text-align:center;\">\n<div class=\"aio-icon circle \"  style=\"color:#ffffff;background:#00d488;font-size:32px;display:inline-block;\">\n\t<i class=\"Defaults-th-list\"><\/i>\n<\/div><\/div><\/div><\/div><div class=\"aio-icon-header\" ><h3 class=\"aio-icon-title ult-responsive\"  data-ultimate-target='#Info-box-wrap-7898 .aio-icon-title'  data-responsive-json-new='{\"font-size\":\"\",\"line-height\":\"\"}'  style=\"\">Subunternehmer<\/h3><\/div> <!-- header --><div class=\"aio-icon-description ult-responsive\"  data-ultimate-target='#Info-box-wrap-7898 .aio-icon-description'  data-responsive-json-new='{\"font-size\":\"\",\"line-height\":\"\"}'  style=\"\">Was passiert mit Ihren Daten, wohin werden diese weitergeleitet und wer verarbeitet diese weiter? Wir arbeiten transparent und nur mit etablierten Unternehmen zusammen.<a class=\"aio-icon-read xx\" href=\"\/de\/subunternehmer\/\" >Erfahren Sie mehr&nbsp;&raquo;<\/a><\/div> <!-- description --><\/div> <!-- aio-icon-box --><\/div> <!-- aio-icon-component --><\/div><\/div><\/div><div class=\"vc_col-sm-4 wpb_column vc_column_container\"><div class=\"vc_column-inner\"><div class=\"wpb_wrapper\"><div class=\"aio-icon-component    style_2\"><div id=\"Info-box-wrap-4793\" class=\"aio-icon-box top-icon\" style=\"\"  ><div class=\"aio-icon-top\"><div class=\"ult-just-icon-wrapper  \"><div class=\"align-icon\" style=\"text-align:center;\">\n<div class=\"aio-icon circle \"  style=\"color:#ffffff;background:#00d488;font-size:32px;display:inline-block;\">\n\t<i class=\"Defaults-file-text-o\"><\/i>\n<\/div><\/div><\/div><\/div><div class=\"aio-icon-header\" ><h3 class=\"aio-icon-title ult-responsive\"  data-ultimate-target='#Info-box-wrap-4793 .aio-icon-title'  data-responsive-json-new='{\"font-size\":\"\",\"line-height\":\"\"}'  style=\"\">AV Vertrag<\/h3><\/div> <!-- header --><div class=\"aio-icon-description ult-responsive\"  data-ultimate-target='#Info-box-wrap-4793 .aio-icon-description'  data-responsive-json-new='{\"font-size\":\"\",\"line-height\":\"\"}'  style=\"\">Senden Sie uns den Auftragsverarbeitungsvertrag ausgef\u00fcllt und unterschrieben per Post oder als PDF per Mail. Sie haben Ihre eigene Vorlage f\u00fcr Lieferanten? Senden Sie uns auch diese einfach per Mail.<a class=\"aio-icon-read xx\" href=\"https:\/\/static.seven.io\/documents\/av-de-seven.pdf\" target=\"_blank\" rel=\"noopener\">Vertrag \u00f6ffnen (PDF)&nbsp;&raquo;<\/a><\/div> <!-- description --><\/div> <!-- aio-icon-box --><\/div> <!-- aio-icon-component --><\/div><\/div><\/div><\/div><\/div><\/section><section class=\"l-section wpb_row height_small\"><div class=\"l-section-h i-cf\"><div class=\"g-cols vc_row via_flex valign_top type_default stacking_default\"><div class=\"vc_col-sm-12 wpb_column vc_column_container\"><div class=\"vc_column-inner\"><div class=\"wpb_wrapper\"><div class=\"wpb_text_column\"><div class=\"wpb_wrapper\"><p>Haben Sie Fragen, Anregungen oder spezielle W\u00fcnsche zur Umsetzung der DSGVO? Wir freuen uns auf <a href=\"\/de\/unternehmen\/kontakt\/\">Ihre Nachricht<\/a>.<\/p>\n<\/div><\/div><\/div><\/div><\/div><\/div><\/div><\/section>\n","protected":false},"excerpt":{"rendered":"EU-DSGVO &#8211; Datenschutz-GrundverordnungErfahren Sie mehr zu dem Schutz Ihrer Daten und unserer DSGVO Konformit\u00e4t Was ist die EU-DSGVO? Im Dezember 2015 wurde nach langen Verhandlungen die erste europ\u00e4ische Datenschutz-Grundverordnung ins Leben gerufen und damit ein gemeinsames Konzept der Europ\u00e4ischen Union, das f\u00fcr alle Mitgliedsstaaten gleicherma\u00dfen gilt. Bis dahin basierten nationale Gesetzgebungen bez\u00fcglich des Datenschutzes auf...","protected":false},"author":1,"featured_media":13198,"parent":16169,"menu_order":0,"comment_status":"closed","ping_status":"closed","template":"","meta":{"content-type":"","footnotes":""},"class_list":["post-13186","page","type-page","status-publish","has-post-thumbnail","hentry"],"_links":{"self":[{"href":"https:\/\/www.seven.io\/de\/wp-json\/wp\/v2\/pages\/13186","targetHints":{"allow":["GET"]}}],"collection":[{"href":"https:\/\/www.seven.io\/de\/wp-json\/wp\/v2\/pages"}],"about":[{"href":"https:\/\/www.seven.io\/de\/wp-json\/wp\/v2\/types\/page"}],"author":[{"embeddable":true,"href":"https:\/\/www.seven.io\/de\/wp-json\/wp\/v2\/users\/1"}],"replies":[{"embeddable":true,"href":"https:\/\/www.seven.io\/de\/wp-json\/wp\/v2\/comments?post=13186"}],"version-history":[{"count":111,"href":"https:\/\/www.seven.io\/de\/wp-json\/wp\/v2\/pages\/13186\/revisions"}],"predecessor-version":[{"id":92828,"href":"https:\/\/www.seven.io\/de\/wp-json\/wp\/v2\/pages\/13186\/revisions\/92828"}],"up":[{"embeddable":true,"href":"https:\/\/www.seven.io\/de\/wp-json\/wp\/v2\/pages\/16169"}],"wp:featuredmedia":[{"embeddable":true,"href":"https:\/\/www.seven.io\/de\/wp-json\/wp\/v2\/media\/13198"}],"wp:attachment":[{"href":"https:\/\/www.seven.io\/de\/wp-json\/wp\/v2\/media?parent=13186"}],"curies":[{"name":"wp","href":"https:\/\/api.w.org\/{rel}","templated":true}]}}