{"id":16004,"date":"2019-11-21T12:39:11","date_gmt":"2019-11-21T11:39:11","guid":{"rendered":"https:\/\/www.sms77.io\/?page_id=16004"},"modified":"2023-12-15T11:29:02","modified_gmt":"2023-12-15T10:29:02","slug":"mnp-lookup","status":"publish","type":"page","link":"https:\/\/www.seven.io\/de\/produkte\/nummernvalidierung\/mnp-lookup\/","title":{"rendered":"MNP Lookup"},"content":{"rendered":"<section class=\"l-section wpb_row height_small\"><div class=\"l-section-h i-cf\"><div class=\"g-cols vc_row via_flex valign_top type_default stacking_default\"><div class=\"vc_col-sm-12 wpb_column vc_column_container\"><div class=\"vc_column-inner\"><div class=\"wpb_wrapper\"><div class=\"wpb_text_column\"><div class=\"wpb_wrapper\"><p>Die<strong> Mobile Number Portability (MNP)<\/strong> Abfrage erfragt zu einer beliebigen internationalen Nummer den <strong>Portierungsstatus<\/strong>. Das hei\u00dft, es wird abgefragt, bei welchem Netzbetreiber die Nummer derzeit gehostet ist. Der Sinn dahinter ist, dass Kunden h\u00e4ufig bei einem Wechsel des Netzbetreibers ihre alte Nummer weiterverwenden und diese zu einem neuen Betreiber portieren. Mithilfe des MNP Lookup k\u00f6nnen Sie das Routing f\u00fcr Ihre SMS, aber auch Anrufe, optimieren. Diese Abfrage f\u00fchrt <strong>keine Validierung<\/strong> einer Nummer durch &#8211; hierzu nutzen Sie bitte die <a href=\"\/de\/produkte\/nummernvalidierung\/hlr-lookup\/\">HLR Abfrage<\/a>. Daf\u00fcr ist die MNP Abfrage mit einem Preis von 0,005\u20ac pro abgefragter Nummer um <strong>50% g\u00fcnstiger<\/strong> als die HLR Abfrage.<span class=\"Apple-converted-space\">\u00a0<\/span><\/p>\n<p><span class=\"Apple-converted-space\">Suchen Sie nach einer anderen M\u00f6glichkeit, Ihre Nummern zu validieren? Auf unserer <a href=\"\/de\/produkte\/nummernvalidierung\/\">Produktseite zur Nummernvalidierung<\/a> finden Sie einen \u00dcberblick.<\/span><\/p>\n<\/div><\/div><div class=\"w-btn-wrapper align_none\"><a class=\"w-btn us-btn-style_1\" href=\"\/de\/docs\/gateway\/http-api\/mnp-lookup\"><span class=\"w-btn-label\">MNP API Doku<\/span><\/a><\/div><\/div><\/div><\/div><\/div><\/div><\/section><section class=\"l-section wpb_row height_small color_alternate\"><div class=\"l-section-h i-cf\"><div class=\"g-cols vc_row via_flex valign_top type_default stacking_default\"><div class=\"vc_col-sm-4 wpb_column vc_column_container\"><div class=\"vc_column-inner\"><div class=\"wpb_wrapper\"><div class=\"smile_icon_list_wrap ult_info_list_container ult-adjust-bottom-margin  \"><ul class=\"smile_icon_list left square with_bg\"><li class=\"icon_list_item\" style=\" font-size:72px;\"><div class=\"icon_list_icon\" data-animation=\"\" data-animation-delay=\"03\" style=\"font-size:24px;border-width:1px;border-style:none;background:rgba(255,255,255,0);color:#00d488;border-color:#333333;\"><i class=\"Defaults-check-square-o\" ><\/i><\/div><div class=\"icon_description\" id=\"Info-list-wrap-4058\" style=\"font-size:24px;\"><h3 class=\"ult-responsive info-list-heading\"  data-ultimate-target='#Info-list-wrap-4058 h3'  data-responsive-json-new='{\"font-size\":\"desktop:16px;\",\"line-height\":\"desktop:24px;\"}'  style=\"\">Portierungscheck<\/h3><div class=\"icon_description_text ult-responsive\"  data-ultimate-target='#Info-list-wrap-4058 .icon_description_text'  data-responsive-json-new='{\"font-size\":\"desktop:13px;\",\"line-height\":\"desktop:18px;\"}'  style=\"\"><p>\u00dcberpr\u00fcfen Sie schnell und einfach den Portierungsstatus einer Rufnummer<\/p>\n<\/div><\/div><div class=\"icon_list_connector\"  style=\"border-right-width: 1px;border-right-style: dashed;border-color: rgba(255,255,255,0);\"><\/div><\/li><\/ul><\/div><\/div><\/div><\/div><div class=\"vc_col-sm-4 wpb_column vc_column_container\"><div class=\"vc_column-inner\"><div class=\"wpb_wrapper\"><div class=\"smile_icon_list_wrap ult_info_list_container ult-adjust-bottom-margin  \"><ul class=\"smile_icon_list left square with_bg\"><li class=\"icon_list_item\" style=\" font-size:72px;\"><div class=\"icon_list_icon\" data-animation=\"\" data-animation-delay=\"03\" style=\"font-size:24px;border-width:1px;border-style:none;background:#00000000;color:#00d488;border-color:#333333;\"><i class=\"Defaults-money\" ><\/i><\/div><div class=\"icon_description\" id=\"Info-list-wrap-1847\" style=\"font-size:24px;\"><h3 class=\"ult-responsive info-list-heading\"  data-ultimate-target='#Info-list-wrap-1847 h3'  data-responsive-json-new='{\"font-size\":\"desktop:16px;\",\"line-height\":\"desktop:24px;\"}'  style=\"\">G\u00fcnstig<\/h3><div class=\"icon_description_text ult-responsive\"  data-ultimate-target='#Info-list-wrap-1847 .icon_description_text'  data-responsive-json-new='{\"font-size\":\"desktop:13px;\",\"line-height\":\"desktop:18px;\"}'  style=\"\"><p>Die g\u00fcnstige Alternative zum HLR Lookup &#8211; auch als Flatrate verf\u00fcgbar<\/p>\n<\/div><\/div><div class=\"icon_list_connector\"  style=\"border-right-width: 1px;border-right-style: dashed;border-color: #333333;\"><\/div><\/li><\/ul><\/div><\/div><\/div><\/div><div class=\"vc_col-sm-4 wpb_column vc_column_container\"><div class=\"vc_column-inner\"><div class=\"wpb_wrapper\"><div class=\"smile_icon_list_wrap ult_info_list_container ult-adjust-bottom-margin  \"><ul class=\"smile_icon_list left square with_bg\"><li class=\"icon_list_item\" style=\" font-size:72px;\"><div class=\"icon_list_icon\" data-animation=\"\" data-animation-delay=\"03\" style=\"font-size:24px;border-width:1px;border-style:none;background:#00000000;color:#00d488;border-color:#333333;\"><i class=\"Defaults-globe\" ><\/i><\/div><div class=\"icon_description\" id=\"Info-list-wrap-3449\" style=\"font-size:24px;\"><h3 class=\"ult-responsive info-list-heading\"  data-ultimate-target='#Info-list-wrap-3449 h3'  data-responsive-json-new='{\"font-size\":\"desktop:16px;\",\"line-height\":\"desktop:24px;\"}'  style=\"\">Perfektes Routing<\/h3><div class=\"icon_description_text ult-responsive\"  data-ultimate-target='#Info-list-wrap-3449 .icon_description_text'  data-responsive-json-new='{\"font-size\":\"desktop:13px;\",\"line-height\":\"desktop:18px;\"}'  style=\"\"><p>Optimieren Sie Ihr Routing f\u00fcr\u00a0Dienste wie SMS, Anrufe etc.<\/p>\n<\/div><\/div><div class=\"icon_list_connector\"  style=\"border-right-width: 1px;border-right-style: dashed;border-color: #333333;\"><\/div><\/li><\/ul><\/div><\/div><\/div><\/div><\/div><\/div><\/section><section class=\"l-section wpb_row height_small\"><div class=\"l-section-h i-cf\"><div class=\"g-cols vc_row via_flex valign_top type_default stacking_default\"><div class=\"vc_col-sm-12 wpb_column vc_column_container\"><div class=\"vc_column-inner\"><div class=\"wpb_wrapper\"><div class=\"wpb_text_column\"><div class=\"wpb_wrapper\"><h3 style=\"text-align: center;\">MNP Demonstration:<\/h3>\n<\/div><\/div>[vc_raw_html]JTNDZm9ybSUyMG1ldGhvZCUzRCUyMnBvc3QlMjIlMjBhY3Rpb24lM0QlMjIlMjMlMjIlM0UlMEElM0NpbnB1dCUyMGlkJTNEJTIyaW5wdXRfbW5wX251bWJlciUyMiUyMHR5cGUlM0QlMjJ0ZXh0JTIyJTIwbmFtZSUzRCUyMm51bWJlciUyMiUyMHBsYWNlaG9sZGVyJTNEJTIyR2ViZW4lMjBTaWUlMjBlaW5lJTIwTnVtbWVyJTIwZWluLi4uJTIyJTIwc3R5bGUlM0QlMjJ0ZXh0LWFsaWduJTNBJTIwY2VudGVyJTNCJTIwZm9udC1zaXplJTNBJTIwMzBweCUzQiUyMGhlaWdodCUzQSUyMDUwcHglM0IlMjBsZXR0ZXItc3BhY2luZyUzQSUyMDJweCUzQiUyMHRleHQtdHJhbnNmb3JtJTNBJTIwdXBwZXJjYXNlJTNCJTIyJTIwJTJGJTNFJTBBJTNDJTJGZm9ybSUzRSUwQQ==[\/vc_raw_html][vc_raw_js]JTNDc2NyaXB0JTIwdHlwZSUzRCUyMnRleHQlMkZqYXZhc2NyaXB0JTIyJTNFJTIwJTBBalF1ZXJ5JTI4JTIyYm9keSUyMiUyOS5vbiUyOCUyN2tleXVwJTI3JTJDJTIwJTI3JTIzaW5wdXRfbW5wX251bWJlciUyNyUyQyUyMGZ1bmN0aW9uJTI4JTI5JTIwJTdCJTBBJTA5alF1ZXJ5JTI4JTI3JTIzbW5wX2N1cmxfbnVtYmVyJTI3JTI5Lmh0bWwlMjhlbmNvZGVVUklDb21wb25lbnQlMjAlMjhqUXVlcnklMjglMjclMjNpbnB1dF9tbnBfbnVtYmVyJTI3JTI5LnZhbCUyOCUyOSUyOSUyOSUzQiUwQSUwOWlmJTI4dHlwZW9mJTIwdGltZW91dCUyMCUyMSUzRCUzRCUyMCUyMnVuZGVmaW5lZCUyMiUyOSUyMHdpbmRvdy5jbGVhclRpbWVvdXQlMjh0aW1lb3V0JTI5JTNCJTBBJTA5dmFyJTIwdmFsdWUlMjAlM0QlMjBqUXVlcnklMjglMjIlMjNpbnB1dF9tbnBfbnVtYmVyJTIyJTI5LnZhbCUyOCUyOSUzQiUwQSUwOSUwQSUwOXRpbWVvdXQlMjAlM0QlMjBzZXRUaW1lb3V0JTI4ZnVuY3Rpb24lMjglMjklN0IlMEElMDklMDlpZiUyMCUyOHZhbHVlJTIwJTIxJTNEJTIwJTI3JTI3JTIwJTI2JTI2JTIwalF1ZXJ5JTI4JTIyJTIzaW5wdXRfbW5wX251bWJlciUyMiUyOS52YWwlMjglMjklMjAlM0QlM0QlMjB2YWx1ZSUyOSUyMCU3QiUwOSUwOSUwOSUwQSUwOSUwOSUwOWpRdWVyeSUyOCUyNyUyM21ucF9yZXNwb25zZSUyNyUyOS5hZGRDbGFzcyUyOCUyN2JsdXJfb3ZlcmxheSUyNyUyOSUzQiUwQSUwOSUwOSUwOSUwQSUwOSUwOSUwOXVybCUyMCUzRCUyMCUyN2h0dHBzJTNBJTJGJTJGZ2F0ZXdheS5zZXZlbi5pbyUyRmFwaSUyRmxvb2t1cCUzRnR5cGUlM0Rmb3JtYXQlMjZwJTNEV3E5NWlRZkNPT2dhYTE3RzFoMW9lSDVsdUhjNEtIZUFMUk1FNkU2Yk5jWnEwVElNdFdmNURCWWM2eU5SMWZHZSUyNmNhY2hlJTNEdHJ1ZSUyNmpzb24lM0QxJTI2bnVtYmVyJTNEJTI3JTIwJTJCJTIwalF1ZXJ5JTI4JTIyJTIzaW5wdXRfbW5wX251bWJlciUyMiUyOS52YWwlMjglMjklM0IlMEElMDklMDklMDklMEElMDklMDklMDlqUXVlcnkucG9zdCUyOHVybCUyQyUyMCU3QiUyMCU3RCUyQyUwQSUwOSUwOSUwOSUwOWZ1bmN0aW9uJTI4ZGF0YSUyOSUyMCU3QiUwQSUwOSUwOSUwOSUwOSUwOXZhciUyMGpzb25QcmV0dHklMjAlM0QlMjBKU09OLnN0cmluZ2lmeSUyOGRhdGElMkMlMjBudWxsJTJDJTIwJTI3JTVDdCUyNyUyOSUzQiUwQSUwOSUwOSUwOSUwOSUwOWpRdWVyeSUyOCUyNyUyM21ucF9yZXNwb25zZSUyNyUyOS5odG1sJTI4anNvblByZXR0eSUyOSUzQiUwQSUwOSUwOSUwOSUwOSUwOWpRdWVyeSUyOCUyNyUyM21ucF9yZXNwb25zZSUyNyUyOS5yZW1vdmVDbGFzcyUyOCUyN2JsdXJfb3ZlcmxheSUyNyUyOSUzQiUwQSUwOSUwOSUwOSUwOSU3RCUwQSUwOSUwOSUwOSUyOSUzQiUwQSUwOSUwOSU3RCUwQSUwOSU3RCUyQyUyMDEwMDAlMjklMEElN0QlMjklM0IlMEElM0MlMkZzY3JpcHQlM0UlMEE=[\/vc_raw_js]<\/div><\/div><\/div><\/div><\/div><\/section><section class=\"l-section wpb_row height_small\"><div class=\"l-section-h i-cf\"><div class=\"g-cols vc_row via_flex valign_top type_default stacking_default\"><div class=\"vc_col-sm-6 wpb_column vc_column_container\"><div class=\"vc_column-inner\"><div class=\"wpb_wrapper\"><div class=\"wpb_text_column\"><div class=\"wpb_wrapper\"><h3>Request<\/h3>\n<\/div><\/div>[vc_raw_html]JTNDY29kZSUyMHN0eWxlJTNEJTIyd2lkdGglM0ElMjAxMDAlMjUlM0IlMjIlM0UlM0NwcmUlM0VjdXJsJTIwLVhHRVQlMjAlMjJodHRwcyUzQSUyRiUyRmdhdGV3YXkuc2V2ZW4uaW8lMkZhcGklMkZsb29rdXAlM0ZwJTNEQVBJX0tFWSUyNmpzb24lMjZudW1iZXIlM0QlM0NzcGFuJTIwaWQlM0QlMjJtbnBfY3VybF9udW1iZXIlMjIlM0UwMTYzMjQyOTc1MSUzQyUyRnNwYW4lM0UlMjZ0eXBlJTNEbW5wJTIyJTNDJTJGY29kZSUzRSUzQyUyRnByZSUzRQ==[\/vc_raw_html]<\/div><\/div><\/div><div class=\"vc_col-sm-6 wpb_column vc_column_container\"><div class=\"vc_column-inner\"><div class=\"wpb_wrapper\"><div class=\"wpb_text_column\"><div class=\"wpb_wrapper\"><h3>Antwort<\/h3>\n<\/div><\/div>[vc_raw_html]JTNDc3R5bGUlM0UlMEEuYmx1cl9vdmVybGF5JTdCJTBBJTA5ZmlsdGVyJTNBJTIwYmx1ciUyODNweCUyOSUzQiUwQSUwOS13ZWJraXQtZmlsdGVyJTNBJTIwYmx1ciUyODNweCUyOSUzQiUwQSUwOS1tb3otZmlsdGVyJTNBJTIwYmx1ciUyODNweCUyOSUzQiUwQSUwOS1vLWZpbHRlciUzQSUyMGJsdXIlMjgzcHglMjklM0IlMEElMDktbXMtZmlsdGVyJTNBJTIwYmx1ciUyODNweCUyOSUzQiUwQSUwOXRyYW5zaXRpb24lM0ElMjBhbGwlMjAzNTBtcyUzQiUwQSUwOXBhZGRpbmclM0ElMjAxNXB4JTIwMjBweCUzQiUwQSUwOWZvbnQtc2l6ZSUzQSUyMDExcHglM0IlMEElN0QlMEElM0MlMkZzdHlsZSUzRSUwQSUwQSUzQ2NvZGUlMjBzdHlsZSUzRCUyMndpZHRoJTNBJTIwMTAwJTI1JTIyJTNFJTBBJTA5JTNDcHJlJTIwaWQlM0QlMjJtbnBfcmVzcG9uc2UlMjIlMjBjbGFzcyUzRCUyMiUyMiUzRSU3QiUwQSUwOSUyMnN1Y2Nlc3MlMjIlM0ElMjB0cnVlJTJDJTBBJTA5JTIyY29kZSUyMiUzQSUyMDEwMCUyQyUwQSUwOSUyMm1ucCUyMiUzQSUyMCU3QiUwQSUwOSUwOSUyMmNvdW50cnklMjIlM0ElMjAlMjJERSUyMiUyQyUwQSUwOSUwOSUyMm51bWJlciUyMiUzQSUyMCUyMiUyQjQ5MTYzMjQyOTc1MSUyMiUyQyUwQSUwOSUwOSUyMm5hdGlvbmFsX2Zvcm1hdCUyMiUzQSUyMCUyMjAxNjMlMjAyNDI5NzUxJTIyJTJDJTBBJTA5JTA5JTIybmV0d29yayUyMiUzQSUyMCUyMkUtUGx1cyUyMiUyQyUwQSUwOSUwOSUyMmlzUG9ydGVkJTIyJTNBJTIwZmFsc2UlMEElMDklN0QlMEElN0QlM0MlMkZwcmUlM0UlMEElM0MlMkZjb2RlJTNFJTBBJTBB[\/vc_raw_html]<\/div><\/div><\/div><\/div><\/div><\/section>\n","protected":false},"excerpt":{"rendered":"Die Mobile Number Portability (MNP) Abfrage erfragt zu einer beliebigen internationalen Nummer den Portierungsstatus. Das hei\u00dft, es wird abgefragt, bei welchem Netzbetreiber die Nummer derzeit gehostet ist. Der Sinn dahinter ist, dass Kunden h\u00e4ufig bei einem Wechsel des Netzbetreibers ihre alte Nummer weiterverwenden und diese zu einem neuen Betreiber portieren. Mithilfe des MNP Lookup k\u00f6nnen...","protected":false},"author":1,"featured_media":86675,"parent":5601,"menu_order":0,"comment_status":"closed","ping_status":"closed","template":"","meta":{"content-type":"","footnotes":""},"class_list":["post-16004","page","type-page","status-publish","has-post-thumbnail","hentry"],"_links":{"self":[{"href":"https:\/\/www.seven.io\/de\/wp-json\/wp\/v2\/pages\/16004","targetHints":{"allow":["GET"]}}],"collection":[{"href":"https:\/\/www.seven.io\/de\/wp-json\/wp\/v2\/pages"}],"about":[{"href":"https:\/\/www.seven.io\/de\/wp-json\/wp\/v2\/types\/page"}],"author":[{"embeddable":true,"href":"https:\/\/www.seven.io\/de\/wp-json\/wp\/v2\/users\/1"}],"replies":[{"embeddable":true,"href":"https:\/\/www.seven.io\/de\/wp-json\/wp\/v2\/comments?post=16004"}],"version-history":[{"count":44,"href":"https:\/\/www.seven.io\/de\/wp-json\/wp\/v2\/pages\/16004\/revisions"}],"predecessor-version":[{"id":91319,"href":"https:\/\/www.seven.io\/de\/wp-json\/wp\/v2\/pages\/16004\/revisions\/91319"}],"up":[{"embeddable":true,"href":"https:\/\/www.seven.io\/de\/wp-json\/wp\/v2\/pages\/5601"}],"wp:featuredmedia":[{"embeddable":true,"href":"https:\/\/www.seven.io\/de\/wp-json\/wp\/v2\/media\/86675"}],"wp:attachment":[{"href":"https:\/\/www.seven.io\/de\/wp-json\/wp\/v2\/media?parent=16004"}],"curies":[{"name":"wp","href":"https:\/\/api.w.org\/{rel}","templated":true}]}}