{"id":16006,"date":"2019-11-21T12:40:15","date_gmt":"2019-11-21T11:40:15","guid":{"rendered":"https:\/\/www.sms77.io\/?page_id=16006"},"modified":"2024-03-21T13:18:28","modified_gmt":"2024-03-21T12:18:28","slug":"hlr-lookup","status":"publish","type":"page","link":"https:\/\/www.seven.io\/de\/produkte\/nummernvalidierung\/hlr-lookup\/","title":{"rendered":"HLR Lookup"},"content":{"rendered":"<section class=\"l-section wpb_row height_small\"><div class=\"l-section-h i-cf\"><div class=\"g-cols vc_row via_flex valign_top type_default stacking_default\"><div class=\"vc_col-sm-12 wpb_column vc_column_container\"><div class=\"vc_column-inner\"><div class=\"wpb_wrapper\"><div class=\"wpb_text_column\"><div class=\"wpb_wrapper\"><p>Das <a href=\"https:\/\/de.wikipedia.org\/wiki\/Home_Location_Register\" target=\"_blank\" rel=\"noopener noreferrer\">Home Location Register<\/a>\u00a0(HLR) ist eine Datenbank, in der ausf\u00fchrliche Informationen zu Mobilfunknummern gespeichert sind. Indem Sie diese Daten abfragen, k\u00f6nnen Sie <a href=\"\/de\/produkte\/nummernvalidierung\/\">Nummern validieren<\/a>, \u00fcberpr\u00fcfen, ob die Nummer \u00fcberhaupt existiert, welcher Netzbetreiber dazugeh\u00f6rt und vieles mehr. Im Vergleich zum MNP Lookup ist diese Abfrage deutlich ausf\u00fchrlicher. So wird etwa auch der Roaming-Status abgefragt, das Land, der Netzwerktyp und ob die Nummer gerade erreichbar ist.<span class=\"Apple-converted-space\">\u00a0<\/span><\/p>\n<p>In Ihrem Login in der seven Webapp k\u00f6nnen Sie ganze Kontaktlisten validieren, ohne jede Nummer einzeln ausw\u00e4hlen zu m\u00fcssen.<\/p>\n<\/div><\/div><div class=\"w-image no-border align_center meta_simple\"><a ref=\"magnificPopup\" href=\"https:\/\/www.seven.io\/wp-content\/uploads\/nummernvalidierung_hlr_de.png\" aria-label=\"Es werden alle Kontakte der ausgew\u00e4hlten Liste per HLR Lookup validiert. Die Kosten je Validierung liegen bei 0,01\u20ac.\" class=\"w-image-h\"><img decoding=\"async\" width=\"768\" height=\"485\" src=\"https:\/\/www.seven.io\/wp-content\/uploads\/nummernvalidierung_hlr_de-768x485.png\" class=\"attachment-us_768_0 size-us_768_0\" alt=\"Validierung\" loading=\"lazy\" srcset=\"https:\/\/www.seven.io\/wp-content\/uploads\/nummernvalidierung_hlr_de-768x485.png 768w, https:\/\/www.seven.io\/wp-content\/uploads\/nummernvalidierung_hlr_de-300x190.png 300w, https:\/\/www.seven.io\/wp-content\/uploads\/nummernvalidierung_hlr_de-350x221.png 350w, https:\/\/www.seven.io\/wp-content\/uploads\/nummernvalidierung_hlr_de-250x158.png 250w, https:\/\/www.seven.io\/wp-content\/uploads\/nummernvalidierung_hlr_de-600x379.png 600w, https:\/\/www.seven.io\/wp-content\/uploads\/nummernvalidierung_hlr_de-400x253.png 400w, https:\/\/www.seven.io\/wp-content\/uploads\/nummernvalidierung_hlr_de-200x126.png 200w, https:\/\/www.seven.io\/wp-content\/uploads\/nummernvalidierung_hlr_de-500x316.png 500w, https:\/\/www.seven.io\/wp-content\/uploads\/nummernvalidierung_hlr_de.png 1024w\" sizes=\"auto, (max-width: 768px) 100vw, 768px\" \/><\/a><div class=\"w-image-meta\"><div class=\"w-image-title\">Es werden alle Kontakte der ausgew\u00e4hlten Liste per HLR Lookup validiert. Die Kosten je Validierung liegen bei 0,01\u20ac.<\/div><\/div><\/div><div class=\"w-separator size_medium\"><\/div><div class=\"w-btn-wrapper align_none\"><a class=\"w-btn us-btn-style_1\" href=\"\/de\/preise#additional\"><span class=\"w-btn-label\">Zu den Preisen f\u00fcr Nummervalidierungen<\/span><\/a><\/div><div class=\"w-btn-wrapper align_none\"><a class=\"w-btn us-btn-style_1\" href=\"https:\/\/docs.seven.io\/de\/rest-api\/endpunkte\/lookup#hlr\" rel=\"noopener\"><span class=\"w-btn-label\">HLR API Doku<\/span><\/a><\/div><\/div><\/div><\/div><\/div><\/div><\/section><section class=\"l-section wpb_row height_small color_alternate\"><div class=\"l-section-h i-cf\"><div class=\"g-cols vc_row via_flex valign_top type_default stacking_default\"><div class=\"vc_col-sm-4 wpb_column vc_column_container\"><div class=\"vc_column-inner\"><div class=\"wpb_wrapper\"><div class=\"smile_icon_list_wrap ult_info_list_container ult-adjust-bottom-margin  \"><ul class=\"smile_icon_list left square with_bg\"><li class=\"icon_list_item\" style=\" font-size:72px;\"><div class=\"icon_list_icon\" data-animation=\"\" data-animation-delay=\"03\" style=\"font-size:24px;border-width:1px;border-style:none;background:rgba(255,255,255,0);color:#00d46a;border-color:#333333;\"><i class=\"Defaults-globe\" ><\/i><\/div><div class=\"icon_description\" id=\"Info-list-wrap-4232\" style=\"font-size:24px;\"><h3 class=\"ult-responsive info-list-heading\"  data-ultimate-target='#Info-list-wrap-4232 h3'  data-responsive-json-new='{\"font-size\":\"desktop:16px;\",\"line-height\":\"desktop:24px;\"}'  style=\"\">Daten in Echtzeit<\/h3><div class=\"icon_description_text ult-responsive\"  data-ultimate-target='#Info-list-wrap-4232 .icon_description_text'  data-responsive-json-new='{\"font-size\":\"desktop:13px;\",\"line-height\":\"desktop:18px;\"}'  style=\"\"><p>Der HLR-Lookup fragt Echtzeitdaten ab. Erfahren Sie sofort, ob eine Nummer gerade erreichbar ist.<\/p>\n<\/div><\/div><div class=\"icon_list_connector\"  style=\"border-right-width: 1px;border-right-style: dashed;border-color: rgba(51,51,51,0);\"><\/div><\/li><\/ul><\/div><\/div><\/div><\/div><div class=\"vc_col-sm-4 wpb_column vc_column_container\"><div class=\"vc_column-inner\"><div class=\"wpb_wrapper\"><div class=\"smile_icon_list_wrap ult_info_list_container ult-adjust-bottom-margin  \"><ul class=\"smile_icon_list left square with_bg\"><li class=\"icon_list_item\" style=\" font-size:72px;\"><div class=\"icon_list_icon\" data-animation=\"\" data-animation-delay=\"03\" style=\"font-size:24px;border-width:1px;border-style:none;background:rgba(255,255,255,0);color:#00d46a;border-color:#333333;\"><i class=\"Defaults-check\" ><\/i><\/div><div class=\"icon_description\" id=\"Info-list-wrap-4832\" style=\"font-size:24px;\"><h3 class=\"ult-responsive info-list-heading\"  data-ultimate-target='#Info-list-wrap-4832 h3'  data-responsive-json-new='{\"font-size\":\"desktop:16px;\",\"line-height\":\"desktop:24px;\"}'  style=\"\">Ausf\u00fchrliche Daten<\/h3><div class=\"icon_description_text ult-responsive\"  data-ultimate-target='#Info-list-wrap-4832 .icon_description_text'  data-responsive-json-new='{\"font-size\":\"desktop:13px;\",\"line-height\":\"desktop:18px;\"}'  style=\"\"><p>Neben MNC (Mobile Network Code) und MCC (Mobile Country Code), also zum Zielnetz, erhalten Sie Informationen zu Roaming, Korrektheit u.v.m.<\/p>\n<\/div><\/div><div class=\"icon_list_connector\"  style=\"border-right-width: 1px;border-right-style: dashed;border-color: rgba(51,51,51,0);\"><\/div><\/li><\/ul><\/div><\/div><\/div><\/div><div class=\"vc_col-sm-4 wpb_column vc_column_container\"><div class=\"vc_column-inner\"><div class=\"wpb_wrapper\"><div class=\"smile_icon_list_wrap ult_info_list_container ult-adjust-bottom-margin  \"><ul class=\"smile_icon_list left square with_bg\"><li class=\"icon_list_item\" style=\" font-size:72px;\"><div class=\"icon_list_icon\" data-animation=\"\" data-animation-delay=\"03\" style=\"font-size:24px;border-width:1px;border-style:none;background:rgba(255,255,255,0);color:#00d46a;border-color:#333333;\"><i class=\"Defaults-cogs gears\" ><\/i><\/div><div class=\"icon_description\" id=\"Info-list-wrap-7639\" style=\"font-size:24px;\"><h3 class=\"ult-responsive info-list-heading\"  data-ultimate-target='#Info-list-wrap-7639 h3'  data-responsive-json-new='{\"font-size\":\"desktop:16px;\",\"line-height\":\"desktop:24px;\"}'  style=\"\">API Anbindung<\/h3><div class=\"icon_description_text ult-responsive\"  data-ultimate-target='#Info-list-wrap-7639 .icon_description_text'  data-responsive-json-new='{\"font-size\":\"desktop:13px;\",\"line-height\":\"desktop:18px;\"}'  style=\"\"><p>Binden Sie direkt unsere HLR API in Ihr System ein zur voll automatisierten \u00dcberpr\u00fcfung von Rufnummern.<\/p>\n<\/div><\/div><div class=\"icon_list_connector\"  style=\"border-right-width: 1px;border-right-style: dashed;border-color: rgba(51,51,51,0);\"><\/div><\/li><\/ul><\/div><\/div><\/div><\/div><\/div><\/div><\/section><section class=\"l-section wpb_row height_small\"><div class=\"l-section-h i-cf\"><div class=\"g-cols vc_row via_flex valign_top type_default stacking_default\"><div class=\"vc_col-sm-12 wpb_column vc_column_container\"><div class=\"vc_column-inner\"><div class=\"wpb_wrapper\"><div class=\"wpb_text_column\"><div class=\"wpb_wrapper\"><h3>Beispiel<\/h3>\n<p>Als Beispiel ist im Folgenden zu sehen, wie der HLR-Lookup f\u00fcr die Nummer\u00a0<em>01632429751 <\/em>aussieht:<\/p>\n<p><strong>Request<\/strong>:<br \/>\n<code>https:\/\/gateway.seven.io\/api\/lookup?p=api-key&amp;type=hlr&amp;number=491632429751<\/code><\/p>\n<p><strong>Response<\/strong>:<\/p>\n<pre>{\r\n   \"status_message\":\"Success\",\r\n   \"lookup_outcome\":0,\r\n   \"lookup_outcome_message\":\"Success\",\r\n   \"international_format_number\":\"491632429751\",\r\n   \"international_formatted\": \"+49 163 2429751\",\r\n   \"national_format_number\":\"0163 2429751\",\r\n   \"country_code\":\"DE\",\r\n   \"country_code_iso3\":\"DEU\",\r\n   \"country_name\":\"Germany\",\r\n   \"country_prefix\":\"49\",\r\n   \"current_carrier\":{\r\n      \"network_code\":\"26203\",\r\n      \"name\":\"E-Plus Mobilfunk\",\r\n      \"country\":\"DE\",\r\n      \"network_type\":\"mobile\"\r\n   },\r\n   \"original_carrier\":{\r\n      \"network_code\":\"26203\",\r\n      \"name\":\"E-Plus Mobilfunk\",\r\n      \"country\":\"DE\",\r\n      \"network_type\":\"mobile\"\r\n   },\r\n   \"valid_number\":\"valid\",\r\n   \"reachable\":\"reachable\",\r\n   \"ported\":\"assumed_not_ported\",\r\n   \"roaming\":\"not_roaming\"\r\n}<\/pre>\n<\/div><\/div><\/div><\/div><\/div><\/div><\/div><\/section>\n","protected":false},"excerpt":{"rendered":"Das Home Location Register\u00a0(HLR) ist eine Datenbank, in der ausf\u00fchrliche Informationen zu Mobilfunknummern gespeichert sind. Indem Sie diese Daten abfragen, k\u00f6nnen Sie Nummern validieren, \u00fcberpr\u00fcfen, ob die Nummer \u00fcberhaupt existiert, welcher Netzbetreiber dazugeh\u00f6rt und vieles mehr. Im Vergleich zum MNP Lookup ist diese Abfrage deutlich ausf\u00fchrlicher. So wird etwa auch der Roaming-Status abgefragt, das Land,...","protected":false},"author":1,"featured_media":86675,"parent":5601,"menu_order":0,"comment_status":"closed","ping_status":"closed","template":"","meta":{"content-type":"","footnotes":""},"class_list":["post-16006","page","type-page","status-publish","has-post-thumbnail","hentry"],"_links":{"self":[{"href":"https:\/\/www.seven.io\/de\/wp-json\/wp\/v2\/pages\/16006","targetHints":{"allow":["GET"]}}],"collection":[{"href":"https:\/\/www.seven.io\/de\/wp-json\/wp\/v2\/pages"}],"about":[{"href":"https:\/\/www.seven.io\/de\/wp-json\/wp\/v2\/types\/page"}],"author":[{"embeddable":true,"href":"https:\/\/www.seven.io\/de\/wp-json\/wp\/v2\/users\/1"}],"replies":[{"embeddable":true,"href":"https:\/\/www.seven.io\/de\/wp-json\/wp\/v2\/comments?post=16006"}],"version-history":[{"count":42,"href":"https:\/\/www.seven.io\/de\/wp-json\/wp\/v2\/pages\/16006\/revisions"}],"predecessor-version":[{"id":92272,"href":"https:\/\/www.seven.io\/de\/wp-json\/wp\/v2\/pages\/16006\/revisions\/92272"}],"up":[{"embeddable":true,"href":"https:\/\/www.seven.io\/de\/wp-json\/wp\/v2\/pages\/5601"}],"wp:featuredmedia":[{"embeddable":true,"href":"https:\/\/www.seven.io\/de\/wp-json\/wp\/v2\/media\/86675"}],"wp:attachment":[{"href":"https:\/\/www.seven.io\/de\/wp-json\/wp\/v2\/media?parent=16006"}],"curies":[{"name":"wp","href":"https:\/\/api.w.org\/{rel}","templated":true}]}}