{"id":16302,"date":"2019-11-21T12:40:00","date_gmt":"2019-11-21T11:40:00","guid":{"rendered":"https:\/\/www.sms77.io\/?page_id=16302"},"modified":"2024-03-21T14:19:20","modified_gmt":"2024-03-21T13:19:20","slug":"formatabfrage","status":"publish","type":"page","link":"https:\/\/www.seven.io\/de\/produkte\/nummernvalidierung\/formatabfrage\/","title":{"rendered":"Formatabfrage"},"content":{"rendered":"<section class=\"l-section wpb_row height_small\"><div class=\"l-section-h i-cf\"><div class=\"g-cols vc_row via_flex valign_top type_default stacking_default\"><div class=\"vc_col-sm-12 wpb_column vc_column_container\"><div class=\"vc_column-inner\"><div class=\"wpb_wrapper\"><div class=\"wpb_text_column\"><div class=\"wpb_wrapper\"><p>Fragen Sie das nationale und internationale Format beliebiger Mobilfunknummern ab. Dies hilft beispielsweise dabei, das Land zu erfahren, in dem eine Nummer gelistet ist. Ebenso vereinfacht es die Vereinheitlichung umfangreicher Nummernlisten auf ein Format. Die Formatabfrage ist kostenlos, Sie ben\u00f6tigen lediglich einen seven-Account.<\/p>\n<p>Mit unseren <a href=\"\/de\/produkte\/nummernvalidierung\/\">Produkten zur Nummernvalidierung<\/a> k\u00f6nnen Sie mehr Informationen \u00fcber die Nummern Ihrer Empf\u00e4nger abrufen, um Ihren SMS-Versand zu optimieren.<\/p>\n<\/div><\/div><div class=\"w-separator size_medium\"><\/div><div class=\"w-btn-wrapper align_none\"><a class=\"w-btn us-btn-style_1\" href=\"https:\/\/docs.seven.io\/de\/rest-api\/endpunkte\/lookup#format\" rel=\"noopener\"><span class=\"w-btn-label\">Formatabfrage Doku<\/span><\/a><\/div><\/div><\/div><\/div><\/div><\/div><\/section><section class=\"l-section wpb_row height_small\"><div class=\"l-section-h i-cf\"><div class=\"g-cols vc_row via_flex valign_top type_default stacking_default\"><div class=\"vc_col-sm-6 wpb_column vc_column_container\"><div class=\"vc_column-inner\"><div class=\"wpb_wrapper\"><div class=\"smile_icon_list_wrap ult_info_list_container ult-adjust-bottom-margin  \"><ul class=\"smile_icon_list left square with_bg\"><li class=\"icon_list_item\" style=\" font-size:72px;\"><div class=\"icon_list_icon\" data-animation=\"\" data-animation-delay=\"03\" style=\"font-size:24px;border-width:1px;border-style:none;background:#ffffff;color:#00d488;border-color:#333333;\"><i class=\"Defaults-money\" ><\/i><\/div><div class=\"icon_description\" id=\"Info-list-wrap-6230\" style=\"font-size:24px;\"><h3 class=\"ult-responsive info-list-heading\"  data-ultimate-target='#Info-list-wrap-6230 h3'  data-responsive-json-new='{\"font-size\":\"desktop:16px;\",\"line-height\":\"desktop:24px;\"}'  style=\"\">Kostenlose Abfrage<\/h3><div class=\"icon_description_text ult-responsive\"  data-ultimate-target='#Info-list-wrap-6230 .icon_description_text'  data-responsive-json-new='{\"font-size\":\"desktop:13px;\",\"line-height\":\"desktop:18px;\"}'  style=\"\"><p>Sie ben\u00f6tigen nur einen seven-Account<\/p>\n<\/div><\/div><div class=\"icon_list_connector\"  style=\"border-right-width: 1px;border-right-style: dashed;border-color: #333333;\"><\/div><\/li><\/ul><\/div><\/div><\/div><\/div><div class=\"vc_col-sm-6 wpb_column vc_column_container\"><div class=\"vc_column-inner\"><div class=\"wpb_wrapper\"><div class=\"smile_icon_list_wrap ult_info_list_container ult-adjust-bottom-margin  \"><ul class=\"smile_icon_list left square with_bg\"><li class=\"icon_list_item\" style=\" font-size:72px;\"><div class=\"icon_list_icon\" data-animation=\"\" data-animation-delay=\"03\" style=\"font-size:24px;border-width:1px;border-style:none;background:#ffffff;color:#00d488;border-color:#333333;\"><i class=\"Defaults-list\" ><\/i><\/div><div class=\"icon_description\" id=\"Info-list-wrap-5979\" style=\"font-size:24px;\"><h3 class=\"ult-responsive info-list-heading\"  data-ultimate-target='#Info-list-wrap-5979 h3'  data-responsive-json-new='{\"font-size\":\"desktop:16px;\",\"line-height\":\"desktop:24px;\"}'  style=\"\">Einheitliche Listen<\/h3><div class=\"icon_description_text ult-responsive\"  data-ultimate-target='#Info-list-wrap-5979 .icon_description_text'  data-responsive-json-new='{\"font-size\":\"desktop:13px;\",\"line-height\":\"desktop:18px;\"}'  style=\"\"><p>Bringen Sie Ihre Nummernlisten auf ein einheitliches Format<\/p>\n<\/div><\/div><div class=\"icon_list_connector\"  style=\"border-right-width: 1px;border-right-style: dashed;border-color: #333333;\"><\/div><\/li><\/ul><\/div><\/div><\/div><\/div><\/div><\/div><\/section><section class=\"l-section wpb_row height_small\"><div class=\"l-section-h i-cf\"><div class=\"g-cols vc_row via_flex valign_top type_default stacking_default\"><div class=\"vc_col-sm-12 wpb_column vc_column_container\"><div class=\"vc_column-inner\"><div class=\"wpb_wrapper\"><div class=\"wpb_text_column\"><div class=\"wpb_wrapper\"><h3>Formatabfrage in der API<\/h3>\n<p>Hier wird das Format der Nummer <em>01632429751<\/em> abgefragt:<\/p>\n<\/div><\/div><div class=\"g-cols wpb_row via_flex valign_top type_default stacking_default\"><div class=\"vc_col-sm-6 wpb_column vc_column_container\"><div class=\"vc_column-inner\"><div class=\"wpb_wrapper\"><div class=\"wpb_text_column\"><div class=\"wpb_wrapper\"><h3>Request<\/h3>\n<p><code>https:\/\/gateway.seven.io\/api\/lookup?p=api-key&amp;type=format&amp;number=491632429751<\/code><\/p>\n<\/div><\/div><\/div><\/div><\/div><div class=\"vc_col-sm-6 wpb_column vc_column_container\"><div class=\"vc_column-inner\"><div class=\"wpb_wrapper\"><div class=\"wpb_text_column\"><div class=\"wpb_wrapper\"><h3>Response<\/h3>\n<\/div><\/div>[vc_raw_html]JTNDcHJlJTIwbGFuZyUzRCUyMmpzb24lMjIlM0UlN0IlMEElMjAlMjAlMjAlMjJzdWNjZXNzJTIyJTNBdHJ1ZSUyQyUwQSUyMCUyMCUyMCUyMm5hdGlvbmFsJTIyJTNBJTIyMDE2MyUyMDI0Mjk3NTElMjIlMkMlMEElMjAlMjAlMjAlMjJpbnRlcm5hdGlvbmFsJTIyJTNBJTIyJTJCNDkxNjMyNDI5NzUxJTIyJTJDJTBBJTIwJTIwJTIwJTIyaW50ZXJuYXRpb25hbF9mb3JtYXR0ZWQlMjIlM0ElMjIlMkI0OSUyMDE2MyUyMDI0Mjk3NTElMjIlMkMlMEElMjAlMjAlMjAlMjJjb3VudHJ5X25hbWUlMjIlM0ElMjJHZXJtYW55JTIyJTJDJTBBJTIwJTIwJTIwJTIyY291bnRyeV9jb2RlJTIyJTNBJTIyNDklMjIlMkMlMEElMjAlMjAlMjAlMjJjb3VudHJ5X2lzbyUyMiUzQSUyMkRFJTIyJTJDJTBBJTIwJTIwJTIwJTIyY2FycmllciUyMiUzQSUyMkVwbHVzJTIyJTBBJTdEJTNDJTJGcHJlJTNF[\/vc_raw_html]<\/div><\/div><\/div><\/div><\/div><\/div><\/div><\/div><\/div><\/section>\n","protected":false},"excerpt":{"rendered":"Fragen Sie das nationale und internationale Format beliebiger Mobilfunknummern ab. Dies hilft beispielsweise dabei, das Land zu erfahren, in dem eine Nummer gelistet ist. Ebenso vereinfacht es die Vereinheitlichung umfangreicher Nummernlisten auf ein Format. Die Formatabfrage ist kostenlos, Sie ben\u00f6tigen lediglich einen seven-Account. Mit unseren Produkten zur Nummernvalidierung k\u00f6nnen Sie mehr Informationen \u00fcber die Nummern...","protected":false},"author":1,"featured_media":86675,"parent":5601,"menu_order":0,"comment_status":"closed","ping_status":"closed","template":"","meta":{"content-type":"","footnotes":""},"class_list":["post-16302","page","type-page","status-publish","has-post-thumbnail","hentry"],"_links":{"self":[{"href":"https:\/\/www.seven.io\/de\/wp-json\/wp\/v2\/pages\/16302","targetHints":{"allow":["GET"]}}],"collection":[{"href":"https:\/\/www.seven.io\/de\/wp-json\/wp\/v2\/pages"}],"about":[{"href":"https:\/\/www.seven.io\/de\/wp-json\/wp\/v2\/types\/page"}],"author":[{"embeddable":true,"href":"https:\/\/www.seven.io\/de\/wp-json\/wp\/v2\/users\/1"}],"replies":[{"embeddable":true,"href":"https:\/\/www.seven.io\/de\/wp-json\/wp\/v2\/comments?post=16302"}],"version-history":[{"count":44,"href":"https:\/\/www.seven.io\/de\/wp-json\/wp\/v2\/pages\/16302\/revisions"}],"predecessor-version":[{"id":92276,"href":"https:\/\/www.seven.io\/de\/wp-json\/wp\/v2\/pages\/16302\/revisions\/92276"}],"up":[{"embeddable":true,"href":"https:\/\/www.seven.io\/de\/wp-json\/wp\/v2\/pages\/5601"}],"wp:featuredmedia":[{"embeddable":true,"href":"https:\/\/www.seven.io\/de\/wp-json\/wp\/v2\/media\/86675"}],"wp:attachment":[{"href":"https:\/\/www.seven.io\/de\/wp-json\/wp\/v2\/media?parent=16302"}],"curies":[{"name":"wp","href":"https:\/\/api.w.org\/{rel}","templated":true}]}}