{"id":19000,"date":"2020-11-27T14:29:48","date_gmt":"2020-11-27T13:29:48","guid":{"rendered":"https:\/\/www.sms77.io\/?page_id=19000"},"modified":"2024-06-13T13:56:53","modified_gmt":"2024-06-13T11:56:53","slug":"prestashop","status":"publish","type":"page","link":"https:\/\/www.seven.io\/de\/loesungen\/integrationen\/prestashop\/","title":{"rendered":"PrestaShop"},"content":{"rendered":"<section class=\"l-section wpb_row height_small\"><div class=\"l-section-h i-cf\"><div class=\"g-cols vc_row via_flex valign_middle type_default stacking_default\"><div class=\"vc_col-sm-6 wpb_column vc_column_container\"><div class=\"vc_column-inner\"><div class=\"wpb_wrapper\"><div class=\"wpb_text_column\"><div class=\"wpb_wrapper\"><p><strong>PrestaShop ist ein erfolgreiches eCommerce-System, \u00fcber das aktuell mehr als 300.000 Shops laufen. Es wird vor allem auf dem europ\u00e4ischen Markt genutzt. Das Open-Source-Projekt besticht nicht zuletzt durch eine sehr aktive Community, die best\u00e4ndig an der Weiterentwicklung des Systems arbeitet.<\/strong><\/p>\n<p><strong>Vielf\u00e4ltige Module sorgen f\u00fcr eine hohe Flexibilit\u00e4t und erm\u00f6glichen individuelle Funktionen, die jeden Online-Shop bereichern. Das System hat seine Anf\u00e4nge im Jahr 2008 und wurde seitdem in \u00fcber 75 Sprachen \u00fcbersetzt. <\/strong><br \/>\n<strong>PrestaShop ist kostenlos nutzbar.<\/strong><\/p>\n<\/div><\/div><div class=\"w-btn-wrapper align_none\"><a class=\"w-btn us-btn-style_1 no-border\" target=\"_blank\" rel=\"nofollow noopener\" href=\"https:\/\/github.com\/seven-io\/prestashop\"><span class=\"w-btn-label\">Zu unserem PrestaShop-Plugin<\/span><\/a><\/div><\/div><\/div><\/div><div class=\"vc_col-sm-6 wpb_column vc_column_container\"><div class=\"vc_column-inner\"><div class=\"wpb_wrapper\"><div class=\"w-video align_none ratio_16x9 has_iframe\"><div class=\"w-video-h\"><iframe title=\"Youtube video player\" src=\"\/\/www.youtube.com\/embed\/y3oKxwbTAgA?autoplay=0&controls=0&origin=https:\/\/www.seven.io\/de\/&loop=0&mute=0\" allowfullscreen=\"1\" loading=\"lazy\"><\/iframe><\/div><\/div><\/div><\/div><\/div><\/div><\/div><\/section><section class=\"l-section wpb_row height_small color_alternate\"><div class=\"l-section-h i-cf\"><div class=\"g-cols vc_row via_flex valign_middle type_default stacking_default\"><div class=\"vc_col-sm-6 wpb_column vc_column_container\"><div class=\"vc_column-inner\"><div class=\"wpb_wrapper\"><div class=\"w-image align_center\"><div class=\"w-image-h\"><img decoding=\"async\" width=\"400\" height=\"501\" src=\"https:\/\/www.seven.io\/wp-content\/uploads\/integrationen_prestashop_mock_hoodies-400x501.png\" class=\"attachment-us_400_0 size-us_400_0\" alt=\"Eine Versandbest\u00e4tigung via SMS h\u00e4lt Ihre Kunden auf dem Laufenden\" loading=\"lazy\" srcset=\"https:\/\/www.seven.io\/wp-content\/uploads\/integrationen_prestashop_mock_hoodies-400x501.png 400w, https:\/\/www.seven.io\/wp-content\/uploads\/integrationen_prestashop_mock_hoodies-240x300.png 240w, https:\/\/www.seven.io\/wp-content\/uploads\/integrationen_prestashop_mock_hoodies-818x1024.png 818w, https:\/\/www.seven.io\/wp-content\/uploads\/integrationen_prestashop_mock_hoodies-250x313.png 250w, https:\/\/www.seven.io\/wp-content\/uploads\/integrationen_prestashop_mock_hoodies-600x751.png 600w, https:\/\/www.seven.io\/wp-content\/uploads\/integrationen_prestashop_mock_hoodies-768x961.png 768w, https:\/\/www.seven.io\/wp-content\/uploads\/integrationen_prestashop_mock_hoodies-300x375.png 300w, https:\/\/www.seven.io\/wp-content\/uploads\/integrationen_prestashop_mock_hoodies-320x400.png 320w, https:\/\/www.seven.io\/wp-content\/uploads\/integrationen_prestashop_mock_hoodies-200x250.png 200w, https:\/\/www.seven.io\/wp-content\/uploads\/integrationen_prestashop_mock_hoodies.png 959w\" sizes=\"auto, (max-width: 400px) 100vw, 400px\" \/><\/div><\/div><\/div><\/div><\/div><div class=\"vc_col-sm-6 wpb_column vc_column_container\"><div class=\"vc_column-inner\"><div class=\"wpb_wrapper\"><div class=\"wpb_text_column\"><div class=\"wpb_wrapper\"><h3>Das seven-Plugin f\u00fcr Prestashop<\/h3>\n<p>Mit dem seven-Plugin f\u00fcr PrestaShop erweitern Sie die eCommerce-Plattform um eine starke M\u00f6glichkeit, effektiv zu kommunizieren. Sie m\u00f6chten SMS verschicken wenn die Bestellung an den Kunden versandt wurde? Mit Massen-SMS auf Ihre neusten Angebote hinweisen? Ihre Kunden immer pers\u00f6nlich ansprechen? Unser Plugin erm\u00f6glicht Ihnen all dies und noch mehr.<\/p>\n<p>Haben Sie das Plugin angebunden, k\u00f6nnen Sie den Versand direkt in PrestaShop anpassen und SMS direkt aus dem E-Commerce-System verschicken. So finden Sie alle wichtigen Funktionen an einem Ort und behalten stets den \u00dcberblick.<\/p>\n<\/div><\/div><\/div><\/div><\/div><\/div><\/div><\/section><!-- Row Backgrounds --><div class=\"upb_color\" data-bg-override=\"0\" data-bg-color=\"#f4f4f4\" data-fadeout=\"\" data-fadeout-percentage=\"30\" data-parallax-content=\"\" data-parallax-content-sense=\"30\" data-row-effect-mobile-disable=\"true\" data-img-parallax-mobile-disable=\"true\" data-rtl=\"false\"  data-custom-vc-row=\"\"  data-vc=\"8.7.2\"  data-is_old_vc=\"\"  data-theme-support=\"disable\"   data-overlay=\"false\" data-overlay-color=\"\" data-overlay-pattern=\"\" data-overlay-pattern-opacity=\"\" data-overlay-pattern-size=\"\"    ><\/div><section class=\"l-section wpb_row height_small\"><div class=\"l-section-h i-cf\"><div class=\"g-cols vc_row via_flex valign_middle type_default stacking_default\"><div class=\"vc_col-sm-6 wpb_column vc_column_container\"><div class=\"vc_column-inner\"><div class=\"wpb_wrapper\"><div class=\"wpb_text_column\"><div class=\"wpb_wrapper\"><h3>Automatischer SMS-Versand<\/h3>\n<\/div><\/div><div class=\"uavc-list-icon uavc-list-icon-wrapper ult-adjust-bottom-margin   \"><ul class=\"uavc-list\"><li><div class=\"uavc-list-content\" id=\"list-icon-wrap-8163\">\n<div class=\"uavc-list-icon  \" data-animation=\"\" data-animation-delay=\"03\" style=\"margin-right:25px;\"><div class=\"ult-just-icon-wrapper  \"><div class=\"align-icon\" style=\"text-align:center;\">\n<div class=\"aio-icon none \"  style=\"color:#52c0fa;font-size:40px;display:inline-block;\">\n\t<i class=\"Defaults-envelope-o\"><\/i>\n<\/div><\/div><\/div>\n<\/div><span  data-ultimate-target='#list-icon-wrap-8163 .uavc-list-desc'  data-responsive-json-new='{\"font-size\":\"\",\"line-height\":\"\"}'  class=\"uavc-list-desc ult-responsive\" style=\"\">Mit ereignisbasiertem SMS-Versand sind Ihre Kunden immer auf dem neusten Stand. Informieren Sie \u00fcber den Bestellstatus, den Versand der Ware oder best\u00e4tigen Sie das Bezahlen der Rechnung.<\/span><\/div><\/li><\/ul><\/div><div class=\"wpb_text_column\"><div class=\"wpb_wrapper\"><h3>Signatur<\/h3>\n<\/div><\/div><div class=\"uavc-list-icon uavc-list-icon-wrapper ult-adjust-bottom-margin   \"><ul class=\"uavc-list\"><li><div class=\"uavc-list-content\" id=\"list-icon-wrap-7000\">\n<div class=\"uavc-list-icon  \" data-animation=\"\" data-animation-delay=\"03\" style=\"margin-right:25px;\"><div class=\"ult-just-icon-wrapper  \"><div class=\"align-icon\" style=\"text-align:center;\">\n<div class=\"aio-icon none \"  style=\"color:#52c0fa;font-size:40px;display:inline-block;\">\n\t<i class=\"Defaults-pencil\"><\/i>\n<\/div><\/div><\/div>\n<\/div><span  data-ultimate-target='#list-icon-wrap-7000 .uavc-list-desc'  data-responsive-json-new='{\"font-size\":\"\",\"line-height\":\"\"}'  class=\"uavc-list-desc ult-responsive\" style=\"\">Indem Sie einen Text festlegen, der vor oder nach Ihrem SMS-Text angezeigt wird, sparen Sie Zeit beim Texten Ihrer SMS. Au\u00dferdem k\u00f6nnen Sie so die korrekte Ansprache der Kunden sicherstellen.<\/span><\/div><\/li><\/ul><\/div><div class=\"wpb_text_column\"><div class=\"wpb_wrapper\"><h3>Platzhalter<\/h3>\n<\/div><\/div><div class=\"uavc-list-icon uavc-list-icon-wrapper ult-adjust-bottom-margin   \"><ul class=\"uavc-list\"><li><div class=\"uavc-list-content\" id=\"list-icon-wrap-2962\">\n<div class=\"uavc-list-icon  \" data-animation=\"\" data-animation-delay=\"03\" style=\"margin-right:25px;\"><div class=\"ult-just-icon-wrapper  \"><div class=\"align-icon\" style=\"text-align:center;\">\n<div class=\"aio-icon none \"  style=\"color:#52c0fa;font-size:40px;display:inline-block;\">\n\t<i class=\"Defaults-smile-o\"><\/i>\n<\/div><\/div><\/div>\n<\/div><span  data-ultimate-target='#list-icon-wrap-2962 .uavc-list-desc'  data-responsive-json-new='{\"font-size\":\"\",\"line-height\":\"\"}'  class=\"uavc-list-desc ult-responsive\" style=\"\">Pers\u00f6nliche Ansprache ist heute wichtiger denn je!\u00a0Personalisieren Sie Ihre Nachrichten, indem Sie automatisch Vor-, oder Nachname oder die Bestell-ID einf\u00fcgen lassen<span class=\"Apple-converted-space\">\u00a0<\/span><\/span><\/div><\/li><\/ul><\/div><\/div><\/div><\/div><div class=\"vc_col-sm-6 wpb_column vc_column_container\"><div class=\"vc_column-inner\"><div class=\"wpb_wrapper\"><div class=\"w-image align_center\"><a ref=\"magnificPopup\" href=\"https:\/\/www.seven.io\/wp-content\/uploads\/prestashop_screen.png\" aria-label=\"prestashop_screen\" class=\"w-image-h\"><img decoding=\"async\" width=\"768\" height=\"768\" src=\"https:\/\/www.seven.io\/wp-content\/uploads\/prestashop_screen-768x768.png\" class=\"attachment-us_768_0 size-us_768_0\" alt=\"\" loading=\"lazy\" srcset=\"https:\/\/www.seven.io\/wp-content\/uploads\/prestashop_screen-768x768.png 768w, https:\/\/www.seven.io\/wp-content\/uploads\/prestashop_screen-300x300.png 300w, https:\/\/www.seven.io\/wp-content\/uploads\/prestashop_screen-150x150.png 150w, https:\/\/www.seven.io\/wp-content\/uploads\/prestashop_screen-350x350.png 350w, https:\/\/www.seven.io\/wp-content\/uploads\/prestashop_screen-600x600.png 600w, https:\/\/www.seven.io\/wp-content\/uploads\/prestashop_screen-250x250.png 250w, https:\/\/www.seven.io\/wp-content\/uploads\/prestashop_screen-400x400.png 400w, https:\/\/www.seven.io\/wp-content\/uploads\/prestashop_screen-200x200.png 200w, https:\/\/www.seven.io\/wp-content\/uploads\/prestashop_screen.png 900w\" sizes=\"auto, (max-width: 768px) 100vw, 768px\" \/><\/a><\/div><\/div><\/div><\/div><\/div><\/div><\/section><section class=\"l-section wpb_row height_small\"><div class=\"l-section-h i-cf\"><div class=\"g-cols vc_row via_flex valign_middle type_default stacking_default\"><div class=\"vc_col-sm-6 wpb_column vc_column_container\"><div class=\"vc_column-inner\"><div class=\"wpb_wrapper\"><div class=\"wpb_text_column\"><div class=\"wpb_wrapper\"><h3>Massen-SMS<\/h3>\n<\/div><\/div><div class=\"uavc-list-icon uavc-list-icon-wrapper ult-adjust-bottom-margin   \"><ul class=\"uavc-list\"><li><div class=\"uavc-list-content\" id=\"list-icon-wrap-7606\">\n<div class=\"uavc-list-icon  \" data-animation=\"\" data-animation-delay=\"03\" style=\"margin-right:25px;\"><div class=\"ult-just-icon-wrapper  \"><div class=\"align-icon\" style=\"text-align:center;\">\n<div class=\"aio-icon none \"  style=\"color:#52c0fa;font-size:40px;display:inline-block;\">\n\t<i class=\"Defaults-comments-o\"><\/i>\n<\/div><\/div><\/div>\n<\/div><span  data-ultimate-target='#list-icon-wrap-7606 .uavc-list-desc'  data-responsive-json-new='{\"font-size\":\"\",\"line-height\":\"\"}'  class=\"uavc-list-desc ult-responsive\" style=\"\">Sie m\u00f6chten auf Ihre neue Landingpage hinweisen oder Ihren Kunden die neue Kollektion zeigen? Versenden Sie <a href=\"\/de\/loesungen\/einsatzbereiche\/sms-massenversand\/\">Massen-SMS<\/a> an alle registrierten Kunden auf einmal.<\/span><\/div><\/li><\/ul><\/div><\/div><\/div><\/div><div class=\"vc_col-sm-6 wpb_column vc_column_container\"><div class=\"vc_column-inner\"><div class=\"wpb_wrapper\"><div class=\"wpb_text_column\"><div class=\"wpb_wrapper\"><h3>Fester Absendername<\/h3>\n<\/div><\/div><div class=\"uavc-list-icon uavc-list-icon-wrapper ult-adjust-bottom-margin   \"><ul class=\"uavc-list\"><li><div class=\"uavc-list-content\" id=\"list-icon-wrap-7630\">\n<div class=\"uavc-list-icon  \" data-animation=\"\" data-animation-delay=\"03\" style=\"margin-right:25px;\"><div class=\"ult-just-icon-wrapper  \"><div class=\"align-icon\" style=\"text-align:center;\">\n<div class=\"aio-icon none \"  style=\"color:#52c0fa;font-size:40px;display:inline-block;\">\n\t<i class=\"Defaults-check-circle\"><\/i>\n<\/div><\/div><\/div>\n<\/div><span  data-ultimate-target='#list-icon-wrap-7630 .uavc-list-desc'  data-responsive-json-new='{\"font-size\":\"\",\"line-height\":\"\"}'  class=\"uavc-list-desc ult-responsive\" style=\"\">Lassen Sie Ihre Kunden wissen, wer ihnen schreibt \u2013 nutzen Sie den standardm\u00e4\u00dfig eingestellten Shopnamen in PrestaShop oder legen Sie einen eigenen Absendernamen fest.<\/span><\/div><\/li><\/ul><\/div><\/div><\/div><\/div><\/div><\/div><\/section><section class=\"l-section wpb_row height_small\"><div class=\"l-section-h i-cf\"><div class=\"g-cols vc_row via_flex valign_middle type_default stacking_default\"><div class=\"vc_col-sm-12 wpb_column vc_column_container\"><div class=\"vc_column-inner\"><div class=\"wpb_wrapper\"><div class=\"w-actionbox us_custom_e47d7875 color_light controls_right\"><div class=\"w-actionbox-text\"><div class=\"w-actionbox-description\"><p>Sie brauchen Hilfe bei der Installation oder der Einrichtung der Funktionen?<br \/>\nAuf unserer GitHub-Seite finden Sie weitere Informationen.<\/p>\n<\/div><\/div><div class=\"w-actionbox-controls\"><a class=\"w-btn us-btn-style_5\" target=\"_blank\" href=\"https:\/\/github.com\/seven-io\/prestashop\" rel=\"noopener\"><span class=\"w-btn-label\">Zu GitHub<\/span><\/a><\/div><\/div><\/div><\/div><\/div><\/div><\/div><\/section><!-- Row Backgrounds --><div class=\"upb_color\" data-bg-override=\"0\" data-bg-color=\"#ffffff\" data-fadeout=\"\" data-fadeout-percentage=\"30\" data-parallax-content=\"\" data-parallax-content-sense=\"30\" data-row-effect-mobile-disable=\"true\" data-img-parallax-mobile-disable=\"true\" data-rtl=\"false\"  data-custom-vc-row=\"\"  data-vc=\"8.7.2\"  data-is_old_vc=\"\"  data-theme-support=\"disable\"   data-overlay=\"false\" data-overlay-color=\"\" data-overlay-pattern=\"\" data-overlay-pattern-opacity=\"\" data-overlay-pattern-size=\"\"    ><\/div>\n","protected":false},"excerpt":{"rendered":"PrestaShop ist ein erfolgreiches eCommerce-System, \u00fcber das aktuell mehr als 300.000 Shops laufen. Es wird vor allem auf dem europ\u00e4ischen Markt genutzt. Das Open-Source-Projekt besticht nicht zuletzt durch eine sehr aktive Community, die best\u00e4ndig an der Weiterentwicklung des Systems arbeitet. Vielf\u00e4ltige Module sorgen f\u00fcr eine hohe Flexibilit\u00e4t und erm\u00f6glichen individuelle Funktionen, die jeden Online-Shop bereichern....","protected":false},"author":1,"featured_media":21483,"parent":17075,"menu_order":0,"comment_status":"closed","ping_status":"closed","template":"","meta":{"content-type":"","footnotes":""},"class_list":["post-19000","page","type-page","status-publish","has-post-thumbnail","hentry"],"_links":{"self":[{"href":"https:\/\/www.seven.io\/de\/wp-json\/wp\/v2\/pages\/19000","targetHints":{"allow":["GET"]}}],"collection":[{"href":"https:\/\/www.seven.io\/de\/wp-json\/wp\/v2\/pages"}],"about":[{"href":"https:\/\/www.seven.io\/de\/wp-json\/wp\/v2\/types\/page"}],"author":[{"embeddable":true,"href":"https:\/\/www.seven.io\/de\/wp-json\/wp\/v2\/users\/1"}],"replies":[{"embeddable":true,"href":"https:\/\/www.seven.io\/de\/wp-json\/wp\/v2\/comments?post=19000"}],"version-history":[{"count":133,"href":"https:\/\/www.seven.io\/de\/wp-json\/wp\/v2\/pages\/19000\/revisions"}],"predecessor-version":[{"id":92843,"href":"https:\/\/www.seven.io\/de\/wp-json\/wp\/v2\/pages\/19000\/revisions\/92843"}],"up":[{"embeddable":true,"href":"https:\/\/www.seven.io\/de\/wp-json\/wp\/v2\/pages\/17075"}],"wp:featuredmedia":[{"embeddable":true,"href":"https:\/\/www.seven.io\/de\/wp-json\/wp\/v2\/media\/21483"}],"wp:attachment":[{"href":"https:\/\/www.seven.io\/de\/wp-json\/wp\/v2\/media?parent=19000"}],"curies":[{"name":"wp","href":"https:\/\/api.w.org\/{rel}","templated":true}]}}