{"id":19115,"date":"2020-11-27T14:29:48","date_gmt":"2020-11-27T13:29:48","guid":{"rendered":"https:\/\/www.sms77.io\/?page_id=19115"},"modified":"2024-03-27T09:33:40","modified_gmt":"2024-03-27T08:33:40","slug":"magento-2","status":"publish","type":"page","link":"https:\/\/www.seven.io\/de\/loesungen\/integrationen\/magento-2\/","title":{"rendered":"Magento 2"},"content":{"rendered":"<section class=\"l-section wpb_row height_small\"><div class=\"l-section-h i-cf\"><div class=\"g-cols vc_row via_flex valign_top type_default stacking_default\"><div class=\"vc_col-sm-6 wpb_column vc_column_container\"><div class=\"vc_column-inner\"><div class=\"wpb_wrapper\"><div class=\"wpb_text_column\"><div class=\"wpb_wrapper\"><p><strong>Magento ist eines der bekanntesten und erfolgreichsten Onlineshopsysteme weltweit.<span class=\"Apple-converted-space\">\u00a0<\/span><\/strong><strong>Es wurde erstmals im Jahr 2008 ver\u00f6ffentlicht und geh\u00f6rt heute zur Adobe Inc. Im vergangenen Jahrzehnt hat sich die Open-Source-E-Commerce-Plattform zusehends weiterentwickelt und kann heute die zahlreichen Nutzer durch potente Funktionen und eine hohe Flexibilit\u00e4t \u00fcberzeugen. <\/strong><\/p>\n<p><strong>In Magento 2 wurden sowohl die Bedienoberfl\u00e4che als auch der Layout-Editor angepasst, sodass das System nun noch leichter zu bedienen ist. Wenn Sie Magento nutzen m\u00f6chten, fallen Lizenzkosten an, die je nach Art und Umsatz Ihres Unternehmens variieren.\u00a0<\/strong><\/p>\n<\/div><\/div><div class=\"w-btn-wrapper align_none\"><a class=\"w-btn us-btn-style_1 no-border\" target=\"_blank\" rel=\"nofollow noopener\" href=\"https:\/\/github.com\/seven-io\/magento2\"><span class=\"w-btn-label\">Zu unserem Magento-Plugin<\/span><\/a><\/div><\/div><\/div><\/div><div class=\"vc_col-sm-6 wpb_column vc_column_container\"><div class=\"vc_column-inner\"><div class=\"wpb_wrapper\"><div class=\"w-image align_center\"><div class=\"w-image-h\"><img decoding=\"async\" width=\"300\" height=\"300\" src=\"https:\/\/www.seven.io\/wp-content\/uploads\/integrationen_magento2_logo1-300x300.png\" class=\"attachment-us_300_0 size-us_300_0\" alt=\"Eine der beliebtesten Integrationen: Versenden Sie SMS in Magento 2\" loading=\"lazy\" srcset=\"https:\/\/www.seven.io\/wp-content\/uploads\/integrationen_magento2_logo1-300x300.png 300w, https:\/\/www.seven.io\/wp-content\/uploads\/integrationen_magento2_logo1-150x150.png 150w, https:\/\/www.seven.io\/wp-content\/uploads\/integrationen_magento2_logo1-350x350.png 350w, https:\/\/www.seven.io\/wp-content\/uploads\/integrationen_magento2_logo1.png 600w, https:\/\/www.seven.io\/wp-content\/uploads\/integrationen_magento2_logo1-250x250.png 250w, https:\/\/www.seven.io\/wp-content\/uploads\/integrationen_magento2_logo1-400x400.png 400w, https:\/\/www.seven.io\/wp-content\/uploads\/integrationen_magento2_logo1-200x200.png 200w\" sizes=\"auto, (max-width: 300px) 100vw, 300px\" \/><\/div><\/div><\/div><\/div><\/div><\/div><\/div><\/section><section class=\"l-section wpb_row height_small color_alternate\"><div class=\"l-section-h i-cf\"><div class=\"g-cols vc_row via_flex valign_top type_default stacking_default\"><div class=\"vc_col-sm-6 wpb_column vc_column_container\"><div class=\"vc_column-inner\"><div class=\"wpb_wrapper\"><div class=\"w-image align_center\"><div class=\"w-image-h\"><img decoding=\"async\" width=\"300\" height=\"597\" src=\"https:\/\/www.seven.io\/wp-content\/uploads\/integrationen_magento2_mock-300x597.png\" class=\"attachment-us_300_0 size-us_300_0\" alt=\"Magento 2 kann mit dem sms77-Plugin erweitert werden\" loading=\"lazy\" srcset=\"https:\/\/www.seven.io\/wp-content\/uploads\/integrationen_magento2_mock-300x597.png 300w, https:\/\/www.seven.io\/wp-content\/uploads\/integrationen_magento2_mock-151x300.png 151w, https:\/\/www.seven.io\/wp-content\/uploads\/integrationen_magento2_mock-514x1024.png 514w, https:\/\/www.seven.io\/wp-content\/uploads\/integrationen_magento2_mock-250x498.png 250w, https:\/\/www.seven.io\/wp-content\/uploads\/integrationen_magento2_mock-600x1195.png 600w, https:\/\/www.seven.io\/wp-content\/uploads\/integrationen_magento2_mock-768x1529.png 768w, https:\/\/www.seven.io\/wp-content\/uploads\/integrationen_magento2_mock-400x796.png 400w, https:\/\/www.seven.io\/wp-content\/uploads\/integrationen_magento2_mock-201x400.png 201w, https:\/\/www.seven.io\/wp-content\/uploads\/integrationen_magento2_mock-200x398.png 200w, https:\/\/www.seven.io\/wp-content\/uploads\/integrationen_magento2_mock.png 904w\" sizes=\"auto, (max-width: 300px) 100vw, 300px\" \/><\/div><\/div><\/div><\/div><\/div><div class=\"vc_col-sm-6 wpb_column vc_column_container\"><div class=\"vc_column-inner\"><div class=\"wpb_wrapper\"><div class=\"wpb_text_column\"><div class=\"wpb_wrapper\"><h3>Das seven-Plugin f\u00fcr Magento 2<\/h3>\n<p>Dass Magento 2 viele M\u00f6glichkeiten zur Gestaltung und Verwaltung Ihres Onlineshops bietet wissen Sie bereits. Wenn Sie das <a href=\"https:\/\/github.com\/seven-io\/magento2\" target=\"_blank\" rel=\"noopener\">seven-Plugin<\/a> installieren, steht Ihnen dar\u00fcber hinaus aber noch ein starkes Kommunikationstool zur Verf\u00fcgung. Das Plugin erlaubt es Ihnen, SMS direkt aus Magento 2 heraus zu verschicken und er\u00f6ffnet so vielf\u00e4ltige M\u00f6glichkeiten der Kundenkommunikation.<\/p>\n<p>Alles was Sie zus\u00e4tzlich brauchen ist ein seven-Account, f\u00fcr den Sie sich <a href=\"https:\/\/app.seven.io\/signup\" rel=\"noopener\">gratis anmelden<\/a> k\u00f6nnen.<\/p>\n<\/div><\/div><div class=\"g-cols wpb_row via_flex valign_top type_default stacking_default\"><div class=\"vc_col-sm-12 wpb_column vc_column_container\"><div class=\"vc_column-inner\"><div class=\"wpb_wrapper\"><div class=\"wpb_text_column\"><div class=\"wpb_wrapper\"><h3>Das seven-Plugin:<\/h3>\n<\/div><\/div><\/div><\/div><\/div><\/div><div class=\"uavc-list-icon uavc-list-icon-wrapper ult-adjust-bottom-margin   \"><ul class=\"uavc-list\"><li><div class=\"uavc-list-content\" id=\"list-icon-wrap-5903\">\n<div class=\"uavc-list-icon  \" data-animation=\"\" data-animation-delay=\"03\" style=\"margin-right:25px;\"><div class=\"ult-just-icon-wrapper  \"><div class=\"align-icon\" style=\"text-align:center;\">\n<div class=\"aio-icon none \"  style=\"color:#333333;font-size:40px;display:inline-block;\">\n\t<i class=\"none\"><\/i>\n<\/div><\/div><\/div>\n<\/div><span  data-ultimate-target='#list-icon-wrap-5903 .uavc-list-desc'  data-responsive-json-new='{\"font-size\":\"\",\"line-height\":\"\"}'  class=\"uavc-list-desc ult-responsive\" style=\"\"><\/span><\/div><\/li><li><div class=\"uavc-list-content\" id=\"list-icon-wrap-2525\">\n<div class=\"uavc-list-icon  \" data-animation=\"\" data-animation-delay=\"03\" style=\"margin-right:25px;\"><div class=\"ult-just-icon-wrapper  \"><div class=\"align-icon\" style=\"text-align:center;\">\n<div class=\"aio-icon none \"  style=\"color:#00d46a;font-size:40px;display:inline-block;\">\n\t<i class=\"Defaults-check-circle-o\"><\/i>\n<\/div><\/div><\/div>\n<\/div><span  data-ultimate-target='#list-icon-wrap-2525 .uavc-list-desc'  data-responsive-json-new='{\"font-size\":\"\",\"line-height\":\"\"}'  class=\"uavc-list-desc ult-responsive\" style=\"\">\n<h5>Leicht zu installieren<\/h5>\n<\/span><\/div><\/li><li><div class=\"uavc-list-content\" id=\"list-icon-wrap-7229\">\n<div class=\"uavc-list-icon  \" data-animation=\"\" data-animation-delay=\"03\" style=\"margin-right:25px;\"><div class=\"ult-just-icon-wrapper  \"><div class=\"align-icon\" style=\"text-align:center;\">\n<div class=\"aio-icon none \"  style=\"color:#00d46a;font-size:40px;display:inline-block;\">\n\t<i class=\"Defaults-check-circle-o\"><\/i>\n<\/div><\/div><\/div>\n<\/div><span  data-ultimate-target='#list-icon-wrap-7229 .uavc-list-desc'  data-responsive-json-new='{\"font-size\":\"\",\"line-height\":\"\"}'  class=\"uavc-list-desc ult-responsive\" style=\"\">\n<h5>Einfache Bedienung<\/h5>\n<\/span><\/div><\/li><li><div class=\"uavc-list-content\" id=\"list-icon-wrap-3417\">\n<div class=\"uavc-list-icon  \" data-animation=\"\" data-animation-delay=\"03\" style=\"margin-right:25px;\"><div class=\"ult-just-icon-wrapper  \"><div class=\"align-icon\" style=\"text-align:center;\">\n<div class=\"aio-icon none \"  style=\"color:#00d46a;font-size:40px;display:inline-block;\">\n\t<i class=\"Defaults-check-circle-o\"><\/i>\n<\/div><\/div><\/div>\n<\/div><span  data-ultimate-target='#list-icon-wrap-3417 .uavc-list-desc'  data-responsive-json-new='{\"font-size\":\"\",\"line-height\":\"\"}'  class=\"uavc-list-desc ult-responsive\" style=\"\">\n<h5>N\u00fctzliche Features<\/h5>\n<\/span><\/div><\/li><li><div class=\"uavc-list-content\" id=\"list-icon-wrap-5631\">\n<div class=\"uavc-list-icon  \" data-animation=\"\" data-animation-delay=\"03\" style=\"margin-right:25px;\"><div class=\"ult-just-icon-wrapper  \"><div class=\"align-icon\" style=\"text-align:center;\">\n<div class=\"aio-icon none \"  style=\"color:#00d46a;font-size:40px;display:inline-block;\">\n\t<i class=\"Defaults-check-circle-o\"><\/i>\n<\/div><\/div><\/div>\n<\/div><span  data-ultimate-target='#list-icon-wrap-5631 .uavc-list-desc'  data-responsive-json-new='{\"font-size\":\"\",\"line-height\":\"\"}'  class=\"uavc-list-desc ult-responsive\" style=\"\">\n<h5>Flexible Anwendungen<\/h5>\n<\/span><\/div><\/li><\/ul><\/div><\/div><\/div><\/div><\/div><\/div><\/section><!-- Row Backgrounds --><div class=\"upb_color\" data-bg-override=\"0\" data-bg-color=\"#f4f4f4\" data-fadeout=\"\" data-fadeout-percentage=\"30\" data-parallax-content=\"\" data-parallax-content-sense=\"30\" data-row-effect-mobile-disable=\"true\" data-img-parallax-mobile-disable=\"true\" data-rtl=\"false\"  data-custom-vc-row=\"\"  data-vc=\"8.7.2\"  data-is_old_vc=\"\"  data-theme-support=\"disable\"   data-overlay=\"false\" data-overlay-color=\"\" data-overlay-pattern=\"\" data-overlay-pattern-opacity=\"\" data-overlay-pattern-size=\"\"    ><\/div><section class=\"l-section wpb_row height_small\"><div class=\"l-section-h i-cf\"><div class=\"g-cols vc_row via_flex valign_top type_default stacking_default\"><div class=\"vc_col-sm-6 wpb_column vc_column_container\"><div class=\"vc_column-inner\"><div class=\"wpb_wrapper\"><div class=\"wpb_text_column\"><div class=\"wpb_wrapper\"><h3>Automatischer SMS-Versand<\/h3>\n<\/div><\/div><div class=\"uavc-list-icon uavc-list-icon-wrapper ult-adjust-bottom-margin   \"><ul class=\"uavc-list\"><li><div class=\"uavc-list-content\" id=\"list-icon-wrap-6662\">\n<div class=\"uavc-list-icon  \" data-animation=\"\" data-animation-delay=\"03\" style=\"margin-right:25px;\"><div class=\"ult-just-icon-wrapper  \"><div class=\"align-icon\" style=\"text-align:center;\">\n<div class=\"aio-icon none \"  style=\"color:#00d46a;font-size:40px;display:inline-block;\">\n\t<i class=\"Defaults-envelope-o\"><\/i>\n<\/div><\/div><\/div>\n<\/div><span  data-ultimate-target='#list-icon-wrap-6662 .uavc-list-desc'  data-responsive-json-new='{\"font-size\":\"\",\"line-height\":\"\"}'  class=\"uavc-list-desc ult-responsive\" style=\"\">Bieten Sie Ihren Kunden den bestm\u00f6glichen Service, indem Sie automatisiert SMS direkt aus Magento 2 heraus versenden. Mit aktuellen Statusberichten zur Lieferung und Bezahlung sind Ihre Kunden immer up-to-date. Dabei w\u00e4hlen Sie zwischen sieben verschiedenen Ereignissen aus, die den SMS-Versand ausl\u00f6sen \u2013 von der Stornierung einer Bestellung bis zur Zahlungserinnerung. Durch die Automatisierung sparen Sie Zeit, ohne Abstriche in Ihrem Service machen zu m\u00fcssen.<\/span><\/div><\/li><\/ul><\/div><\/div><\/div><\/div><div class=\"vc_col-sm-6 wpb_column vc_column_container\"><div class=\"vc_column-inner\"><div class=\"wpb_wrapper\"><div class=\"w-image no-border align_center\"><a ref=\"magnificPopup\" href=\"https:\/\/www.seven.io\/wp-content\/uploads\/integrationen_magento2_screenshot.png\" aria-label=\"integrationen_magento2_screenshot\" class=\"w-image-h\"><img decoding=\"async\" width=\"768\" height=\"451\" src=\"https:\/\/www.seven.io\/wp-content\/uploads\/integrationen_magento2_screenshot-768x451.png\" class=\"attachment-us_768_0 size-us_768_0\" alt=\"sms77-Plugin f\u00fcr Magento 2\" loading=\"lazy\" srcset=\"https:\/\/www.seven.io\/wp-content\/uploads\/integrationen_magento2_screenshot-768x451.png 768w, https:\/\/www.seven.io\/wp-content\/uploads\/integrationen_magento2_screenshot-300x176.png 300w, https:\/\/www.seven.io\/wp-content\/uploads\/integrationen_magento2_screenshot-1024x601.png 1024w, https:\/\/www.seven.io\/wp-content\/uploads\/integrationen_magento2_screenshot-250x147.png 250w, https:\/\/www.seven.io\/wp-content\/uploads\/integrationen_magento2_screenshot-600x352.png 600w, https:\/\/www.seven.io\/wp-content\/uploads\/integrationen_magento2_screenshot-400x235.png 400w, https:\/\/www.seven.io\/wp-content\/uploads\/integrationen_magento2_screenshot-200x117.png 200w, https:\/\/www.seven.io\/wp-content\/uploads\/integrationen_magento2_screenshot.png 1600w\" sizes=\"auto, (max-width: 768px) 100vw, 768px\" \/><\/a><\/div><\/div><\/div><\/div><\/div><\/div><\/section><section class=\"l-section wpb_row height_small\"><div class=\"l-section-h i-cf\"><div class=\"g-cols vc_row via_flex valign_top type_default stacking_default\"><div class=\"vc_col-sm-12 wpb_column vc_column_container\"><div class=\"vc_column-inner\"><div class=\"wpb_wrapper\"><div class=\"w-actionbox us_custom_e47d7875 color_light controls_right\"><div class=\"w-actionbox-text\"><div class=\"w-actionbox-description\"><p>Sie brauchen Hilfe bei der Installation oder der Einrichtung der Funktionen?<br \/>\nAuf unserer GitHub-Seite finden Sie weitere Informationen.<\/p>\n<\/div><\/div><div class=\"w-actionbox-controls\"><a class=\"w-btn us-btn-style_5\" target=\"_blank\" href=\"https:\/\/github.com\/seven-io\/magento2\" rel=\"noopener\"><span class=\"w-btn-label\">Zu GitHub<\/span><\/a><\/div><\/div><\/div><\/div><\/div><\/div><\/div><\/section><!-- Row Backgrounds --><div class=\"upb_color\" data-bg-override=\"0\" data-bg-color=\"#ffffff\" data-fadeout=\"\" data-fadeout-percentage=\"30\" data-parallax-content=\"\" data-parallax-content-sense=\"30\" data-row-effect-mobile-disable=\"true\" data-img-parallax-mobile-disable=\"true\" data-rtl=\"false\"  data-custom-vc-row=\"\"  data-vc=\"8.7.2\"  data-is_old_vc=\"\"  data-theme-support=\"disable\"   data-overlay=\"false\" data-overlay-color=\"\" data-overlay-pattern=\"\" data-overlay-pattern-opacity=\"\" data-overlay-pattern-size=\"\"    ><\/div>\n","protected":false},"excerpt":{"rendered":"Magento ist eines der bekanntesten und erfolgreichsten Onlineshopsysteme weltweit.\u00a0Es wurde erstmals im Jahr 2008 ver\u00f6ffentlicht und geh\u00f6rt heute zur Adobe Inc. Im vergangenen Jahrzehnt hat sich die Open-Source-E-Commerce-Plattform zusehends weiterentwickelt und kann heute die zahlreichen Nutzer durch potente Funktionen und eine hohe Flexibilit\u00e4t \u00fcberzeugen. In Magento 2 wurden sowohl die Bedienoberfl\u00e4che als auch der Layout-Editor...","protected":false},"author":1,"featured_media":21491,"parent":17075,"menu_order":0,"comment_status":"closed","ping_status":"closed","template":"","meta":{"content-type":"","footnotes":""},"class_list":["post-19115","page","type-page","status-publish","has-post-thumbnail","hentry"],"_links":{"self":[{"href":"https:\/\/www.seven.io\/de\/wp-json\/wp\/v2\/pages\/19115","targetHints":{"allow":["GET"]}}],"collection":[{"href":"https:\/\/www.seven.io\/de\/wp-json\/wp\/v2\/pages"}],"about":[{"href":"https:\/\/www.seven.io\/de\/wp-json\/wp\/v2\/types\/page"}],"author":[{"embeddable":true,"href":"https:\/\/www.seven.io\/de\/wp-json\/wp\/v2\/users\/1"}],"replies":[{"embeddable":true,"href":"https:\/\/www.seven.io\/de\/wp-json\/wp\/v2\/comments?post=19115"}],"version-history":[{"count":106,"href":"https:\/\/www.seven.io\/de\/wp-json\/wp\/v2\/pages\/19115\/revisions"}],"predecessor-version":[{"id":92386,"href":"https:\/\/www.seven.io\/de\/wp-json\/wp\/v2\/pages\/19115\/revisions\/92386"}],"up":[{"embeddable":true,"href":"https:\/\/www.seven.io\/de\/wp-json\/wp\/v2\/pages\/17075"}],"wp:featuredmedia":[{"embeddable":true,"href":"https:\/\/www.seven.io\/de\/wp-json\/wp\/v2\/media\/21491"}],"wp:attachment":[{"href":"https:\/\/www.seven.io\/de\/wp-json\/wp\/v2\/media?parent=19115"}],"curies":[{"name":"wp","href":"https:\/\/api.w.org\/{rel}","templated":true}]}}