{"id":19166,"date":"2020-11-27T14:29:48","date_gmt":"2020-11-27T13:29:48","guid":{"rendered":"https:\/\/www.sms77.io\/?page_id=19166"},"modified":"2024-03-28T07:41:21","modified_gmt":"2024-03-28T06:41:21","slug":"sylius","status":"publish","type":"page","link":"https:\/\/www.seven.io\/de\/loesungen\/integrationen\/sylius\/","title":{"rendered":"Sylius"},"content":{"rendered":"<section class=\"l-section wpb_row height_small\"><div class=\"l-section-h i-cf\"><div class=\"g-cols vc_row via_flex valign_middle type_default stacking_default\"><div class=\"vc_col-sm-6 wpb_column vc_column_container\"><div class=\"vc_column-inner\"><div class=\"wpb_wrapper\"><div class=\"wpb_text_column\"><div class=\"wpb_wrapper\"><p><strong>Sylius ist ein Open Source eCommerce Framework das auf Symfony basiert. Es wurde erstmals 2007 ver\u00f6ffentlicht, damals noch als Onlineshop f\u00fcr Kosmetik. Seitdem wurde die Software nicht nur weiterentwickelt, sondern auch umstrukturiert, um in Zukunft vielf\u00e4ltigen Anforderungen gewachsen zu sein.\u00a0Mittlerweile wurde die erste Stable Version herausgebracht, die jetzt f\u00fcr Unternehmen aller Art nutzbar ist. F\u00fcr komplexere Anspr\u00fcche hat das Unternehmen eine eigene\u00a0<a href=\"https:\/\/sylius.com\/plus\/\" target=\"_blank\" rel=\"noopener noreferrer\">Enterprise-Version<\/a>\u00a0herausgebracht. Hier stechen vor allem die bessere Betreuung und umfassendere Funktionen hervor.<\/strong><\/p>\n<\/div><\/div><div class=\"w-btn-wrapper align_none\"><a class=\"w-btn us-btn-style_1 no-border\" target=\"_blank\" rel=\"nofollow noopener\" href=\"https:\/\/github.com\/seven-io\/sylius\"><span class=\"w-btn-label\">Zu unserem Sylius-Plugin<\/span><\/a><\/div><\/div><\/div><\/div><div class=\"vc_col-sm-6 wpb_column vc_column_container\"><div class=\"vc_column-inner\"><div class=\"wpb_wrapper\"><div class=\"w-video align_none ratio_16x9 has_iframe\"><div class=\"w-video-h\"><iframe title=\"Youtube video player\" src=\"\/\/www.youtube.com\/embed\/_9_M47aItRs?autoplay=0&controls=0&origin=https:\/\/www.seven.io\/de\/&loop=0&mute=0\" allowfullscreen=\"1\" loading=\"lazy\"><\/iframe><\/div><\/div><\/div><\/div><\/div><\/div><\/div><\/section><section class=\"l-section wpb_row height_small color_alternate\"><div class=\"l-section-h i-cf\"><div class=\"g-cols vc_row via_flex valign_middle type_default stacking_default\"><div class=\"vc_col-sm-6 wpb_column vc_column_container\"><div class=\"vc_column-inner\"><div class=\"wpb_wrapper\"><div class=\"w-image align_center\"><div class=\"w-image-h\"><img decoding=\"async\" width=\"400\" height=\"501\" src=\"https:\/\/www.seven.io\/wp-content\/uploads\/integrationen_sylius_mock-400x501.png\" class=\"attachment-us_400_0 size-us_400_0\" alt=\"Versenden Sie personalisierte Nachrichten an Ihre Kunden mit Sylius und sms77\" loading=\"lazy\" srcset=\"https:\/\/www.seven.io\/wp-content\/uploads\/integrationen_sylius_mock-400x501.png 400w, https:\/\/www.seven.io\/wp-content\/uploads\/integrationen_sylius_mock-240x300.png 240w, https:\/\/www.seven.io\/wp-content\/uploads\/integrationen_sylius_mock-818x1024.png 818w, https:\/\/www.seven.io\/wp-content\/uploads\/integrationen_sylius_mock-250x313.png 250w, https:\/\/www.seven.io\/wp-content\/uploads\/integrationen_sylius_mock-600x751.png 600w, https:\/\/www.seven.io\/wp-content\/uploads\/integrationen_sylius_mock-768x961.png 768w, https:\/\/www.seven.io\/wp-content\/uploads\/integrationen_sylius_mock-300x375.png 300w, https:\/\/www.seven.io\/wp-content\/uploads\/integrationen_sylius_mock-320x400.png 320w, https:\/\/www.seven.io\/wp-content\/uploads\/integrationen_sylius_mock-200x250.png 200w, https:\/\/www.seven.io\/wp-content\/uploads\/integrationen_sylius_mock.png 959w\" sizes=\"auto, (max-width: 400px) 100vw, 400px\" \/><\/div><\/div><\/div><\/div><\/div><div class=\"vc_col-sm-6 wpb_column vc_column_container\"><div class=\"vc_column-inner\"><div class=\"wpb_wrapper\"><div class=\"wpb_text_column\"><div class=\"wpb_wrapper\"><h3>Das seven-Plugin f\u00fcr Sylius<\/h3>\n<p>Wenn Sie Sylius nutzen, sollten Sie sich das seven-Plugin nicht entgehen lassen. Es erm\u00f6glicht Ihnen, einfach und schnell SMS zu versenden \u2013 direkt aus der Sylius-Oberfl\u00e4che. So behalten Sie stets den \u00dcberblick und profitieren vom umfassenden Potential der Textnachricht. Machen Sie keine Abstriche und nutzen Sie die besten Features, ohne f\u00fcr den Versand Ihre Shopoberfl\u00e4che verlassen zu m\u00fcssen.<br \/>\nOb Versandbest\u00e4tigung oder Marketing-SMS \u2013 durch die einfache Personalisierung gelingt die pers\u00f6nliche Kundenkommunikation auch via Massen-SMS.<\/p>\n<\/div><\/div><\/div><\/div><\/div><\/div><\/div><\/section><section class=\"l-section wpb_row height_small\"><div class=\"l-section-h i-cf\"><div class=\"g-cols vc_row via_flex valign_top type_default stacking_default\"><div class=\"vc_col-sm-6 wpb_column vc_column_container\"><div class=\"vc_column-inner\"><div class=\"wpb_wrapper\"><div class=\"wpb_text_column\"><div class=\"wpb_wrapper\"><h3>Automatischer SMS-Versand<\/h3>\n<\/div><\/div><div class=\"wpb_text_column\"><div class=\"wpb_wrapper\"><p>Sie m\u00f6chten Ihren Kunden einen besonderen Service bieten? Verschicken Sie automatisierte SMS, wenn die jeweilige Bestellung versandt wurde.<\/p>\n<\/div><\/div><div class=\"w-separator size_small\"><\/div><div class=\"wpb_text_column\"><div class=\"wpb_wrapper\"><h3>Massen-SMS<\/h3>\n<\/div><\/div><div class=\"wpb_text_column\"><div class=\"wpb_wrapper\"><p>Versenden Sie Massen-SMS an Ihre Kontakte um auf Aktionen, \u00c4nderungen oder Veranstaltungen hinzuweisen.<\/p>\n<\/div><\/div><div class=\"w-separator size_small\"><\/div><div class=\"wpb_text_column\"><div class=\"wpb_wrapper\"><h3>Personalisierte SMS<\/h3>\n<\/div><\/div><div class=\"wpb_text_column\"><div class=\"wpb_wrapper\"><p>Personalisieren Sie Ihre SMS mit Platzhaltern und sprechen Sie Ihre Kunden so direkt und pers\u00f6nlich an.<\/p>\n<\/div><\/div><div class=\"w-separator size_small\"><\/div><div class=\"wpb_text_column\"><div class=\"wpb_wrapper\"><h3>Labels<\/h3>\n<\/div><\/div><div class=\"wpb_text_column\"><div class=\"wpb_wrapper\"><p>Nutzen Sie unterschiedliche Labels beim Versand Ihrer Nachrichten. So behalten Sie den \u00dcberblick \u00fcber die Art der versandten SMS.<\/p>\n<\/div><\/div><\/div><\/div><\/div><div class=\"vc_col-sm-6 wpb_column vc_column_container\"><div class=\"vc_column-inner\"><div class=\"wpb_wrapper\"><div class=\"w-image no-border align_center\"><a ref=\"magnificPopup\" href=\"https:\/\/www.seven.io\/wp-content\/uploads\/integration_sylius_newsms.png\" aria-label=\"integration_sylius_newsms\" class=\"w-image-h\"><img decoding=\"async\" width=\"1280\" height=\"720\" src=\"https:\/\/www.seven.io\/wp-content\/uploads\/integration_sylius_newsms.png\" class=\"attachment-full size-full\" alt=\"SMS-Versand mit dem sms77-Plugin f\u00fcr Sylius\" loading=\"lazy\" srcset=\"https:\/\/www.seven.io\/wp-content\/uploads\/integration_sylius_newsms.png 1280w, https:\/\/www.seven.io\/wp-content\/uploads\/integration_sylius_newsms-300x169.png 300w, https:\/\/www.seven.io\/wp-content\/uploads\/integration_sylius_newsms-1024x576.png 1024w, https:\/\/www.seven.io\/wp-content\/uploads\/integration_sylius_newsms-250x141.png 250w, https:\/\/www.seven.io\/wp-content\/uploads\/integration_sylius_newsms-600x338.png 600w, https:\/\/www.seven.io\/wp-content\/uploads\/integration_sylius_newsms-768x432.png 768w, https:\/\/www.seven.io\/wp-content\/uploads\/integration_sylius_newsms-400x225.png 400w, https:\/\/www.seven.io\/wp-content\/uploads\/integration_sylius_newsms-200x113.png 200w\" sizes=\"auto, (max-width: 1280px) 100vw, 1280px\" \/><\/a><\/div><div class=\"w-separator size_small\"><\/div><div class=\"wpb_text_column\"><div class=\"wpb_wrapper\"><h3>Absendername<\/h3>\n<\/div><\/div><div class=\"wpb_text_column\"><div class=\"wpb_wrapper\"><p>Sie k\u00f6nnen einen Absendernamen festlegen, der Ihren Empf\u00e4ngern angezeigt wird. Dieser Name kann bis zu elf alphanumerische Zeichen enthalten.<\/p>\n<\/div><\/div><\/div><\/div><\/div><\/div><\/div><\/section><section class=\"l-section wpb_row height_small\"><div class=\"l-section-h i-cf\"><div class=\"g-cols vc_row via_flex valign_top type_default stacking_default\"><div class=\"vc_col-sm-12 wpb_column vc_column_container\"><div class=\"vc_column-inner\"><div class=\"wpb_wrapper\"><div class=\"w-actionbox us_custom_e47d7875 color_light controls_right\"><div class=\"w-actionbox-text\"><div class=\"w-actionbox-description\"><p>Sie brauchen Hilfe bei der Installation oder der Einrichtung der Funktionen?<br \/>\nAuf unserer GitHub-Seite finden Sie weitere Informationen.<\/p>\n<\/div><\/div><div class=\"w-actionbox-controls\"><a class=\"w-btn us-btn-style_5\" target=\"_blank\" href=\"https:\/\/github.com\/seven-io\/sylius\" rel=\"noopener\"><span class=\"w-btn-label\">Zu GitHub<\/span><\/a><\/div><\/div><\/div><\/div><\/div><\/div><\/div><\/section><!-- Row Backgrounds --><div class=\"upb_color\" data-bg-override=\"0\" data-bg-color=\"#ffffff\" data-fadeout=\"\" data-fadeout-percentage=\"30\" data-parallax-content=\"\" data-parallax-content-sense=\"30\" data-row-effect-mobile-disable=\"true\" data-img-parallax-mobile-disable=\"true\" data-rtl=\"false\"  data-custom-vc-row=\"\"  data-vc=\"8.7.2\"  data-is_old_vc=\"\"  data-theme-support=\"disable\"   data-overlay=\"false\" data-overlay-color=\"\" data-overlay-pattern=\"\" data-overlay-pattern-opacity=\"\" data-overlay-pattern-size=\"\"    ><\/div>\n","protected":false},"excerpt":{"rendered":"Sylius ist ein Open Source eCommerce Framework das auf Symfony basiert. Es wurde erstmals 2007 ver\u00f6ffentlicht, damals noch als Onlineshop f\u00fcr Kosmetik. Seitdem wurde die Software nicht nur weiterentwickelt, sondern auch umstrukturiert, um in Zukunft vielf\u00e4ltigen Anforderungen gewachsen zu sein.\u00a0Mittlerweile wurde die erste Stable Version herausgebracht, die jetzt f\u00fcr Unternehmen aller Art nutzbar ist. F\u00fcr...","protected":false},"author":1,"featured_media":21478,"parent":17075,"menu_order":0,"comment_status":"closed","ping_status":"closed","template":"","meta":{"content-type":"","footnotes":""},"class_list":["post-19166","page","type-page","status-publish","has-post-thumbnail","hentry"],"_links":{"self":[{"href":"https:\/\/www.seven.io\/de\/wp-json\/wp\/v2\/pages\/19166","targetHints":{"allow":["GET"]}}],"collection":[{"href":"https:\/\/www.seven.io\/de\/wp-json\/wp\/v2\/pages"}],"about":[{"href":"https:\/\/www.seven.io\/de\/wp-json\/wp\/v2\/types\/page"}],"author":[{"embeddable":true,"href":"https:\/\/www.seven.io\/de\/wp-json\/wp\/v2\/users\/1"}],"replies":[{"embeddable":true,"href":"https:\/\/www.seven.io\/de\/wp-json\/wp\/v2\/comments?post=19166"}],"version-history":[{"count":43,"href":"https:\/\/www.seven.io\/de\/wp-json\/wp\/v2\/pages\/19166\/revisions"}],"predecessor-version":[{"id":92426,"href":"https:\/\/www.seven.io\/de\/wp-json\/wp\/v2\/pages\/19166\/revisions\/92426"}],"up":[{"embeddable":true,"href":"https:\/\/www.seven.io\/de\/wp-json\/wp\/v2\/pages\/17075"}],"wp:featuredmedia":[{"embeddable":true,"href":"https:\/\/www.seven.io\/de\/wp-json\/wp\/v2\/media\/21478"}],"wp:attachment":[{"href":"https:\/\/www.seven.io\/de\/wp-json\/wp\/v2\/media?parent=19166"}],"curies":[{"name":"wp","href":"https:\/\/api.w.org\/{rel}","templated":true}]}}