{"id":19168,"date":"2020-11-27T14:29:50","date_gmt":"2020-11-27T13:29:50","guid":{"rendered":"https:\/\/www.sms77.io\/?page_id=19168"},"modified":"2024-03-27T13:48:58","modified_gmt":"2024-03-27T12:48:58","slug":"shopware-6","status":"publish","type":"page","link":"https:\/\/www.seven.io\/de\/loesungen\/integrationen\/shopware-6\/","title":{"rendered":"Shopware 6"},"content":{"rendered":"<section class=\"l-section wpb_row height_small\"><div class=\"l-section-h i-cf\"><div class=\"g-cols vc_row via_flex valign_middle type_default stacking_default\"><div class=\"vc_col-sm-6 wpb_column vc_column_container\"><div class=\"vc_column-inner\"><div class=\"wpb_wrapper\"><div class=\"wpb_text_column\"><div class=\"wpb_wrapper\"><p><strong>Shopware ist eine der beliebtesten eCommerce-L\u00f6sungen in Deutschland. Das browserbasierte Shopsystem bietet verschiedene Versionen f\u00fcr unterschiedliche Anspr\u00fcche an, sodass auch Sie sicherlich eine L\u00f6sung finden, die zu Ihnen passt. Shopware ist skalierbar, flexibel und vielf\u00e4ltig. Das liegt nicht zuletzt daran, dass es eine gro\u00dfe Anzahl an Plugins gibt, mit denen der Funktionsumfang des Shopsystems nach Belieben erweitert werden kann. Die neuste Version, Shopware 6, ist seit Januar 2020 verf\u00fcgbar.<\/strong><\/p>\n<\/div><\/div><div class=\"w-btn-wrapper align_none\"><a class=\"w-btn us-btn-style_1 no-border\" target=\"_blank\" rel=\"nofollow noopener\" href=\"https:\/\/github.com\/seven-io\/shopware6\"><span class=\"w-btn-label\">Unser Plugin f\u00fcr Shopware 6<\/span><\/a><\/div><div class=\"w-btn-wrapper align_none\"><a class=\"w-btn us-btn-style_1 no-border\" target=\"_blank\" rel=\"nofollow noopener\" href=\"https:\/\/github.com\/seven-io\/shopware5\"><span class=\"w-btn-label\">Unser Plugin f\u00fcr Shopware 5<\/span><\/a><\/div><\/div><\/div><\/div><div class=\"vc_col-sm-6 wpb_column vc_column_container\"><div class=\"vc_column-inner\"><div class=\"wpb_wrapper\"><div class=\"w-video align_none ratio_16x9 has_iframe\"><div class=\"w-video-h\"><iframe title=\"Youtube video player\" src=\"\/\/www.youtube.com\/embed\/bG57TZPYsyw?autoplay=0&controls=0&origin=https:\/\/www.seven.io\/de\/&loop=0&mute=0\" allowfullscreen=\"1\" loading=\"lazy\"><\/iframe><\/div><\/div><\/div><\/div><\/div><\/div><\/div><\/section><section class=\"l-section wpb_row height_small color_alternate\"><div class=\"l-section-h i-cf\"><div class=\"g-cols vc_row via_flex valign_middle type_default stacking_default\"><div class=\"vc_col-sm-6 wpb_column vc_column_container\"><div class=\"vc_column-inner\"><div class=\"wpb_wrapper\"><div class=\"w-image align_center\"><div class=\"w-image-h\"><img decoding=\"async\" width=\"300\" height=\"597\" src=\"https:\/\/www.seven.io\/wp-content\/uploads\/integrationen_magento2_mock-300x597.png\" class=\"attachment-us_300_0 size-us_300_0\" alt=\"Magento 2 kann mit dem sms77-Plugin erweitert werden\" loading=\"lazy\" srcset=\"https:\/\/www.seven.io\/wp-content\/uploads\/integrationen_magento2_mock-300x597.png 300w, https:\/\/www.seven.io\/wp-content\/uploads\/integrationen_magento2_mock-151x300.png 151w, https:\/\/www.seven.io\/wp-content\/uploads\/integrationen_magento2_mock-514x1024.png 514w, https:\/\/www.seven.io\/wp-content\/uploads\/integrationen_magento2_mock-250x498.png 250w, https:\/\/www.seven.io\/wp-content\/uploads\/integrationen_magento2_mock-600x1195.png 600w, https:\/\/www.seven.io\/wp-content\/uploads\/integrationen_magento2_mock-768x1529.png 768w, https:\/\/www.seven.io\/wp-content\/uploads\/integrationen_magento2_mock-400x796.png 400w, https:\/\/www.seven.io\/wp-content\/uploads\/integrationen_magento2_mock-201x400.png 201w, https:\/\/www.seven.io\/wp-content\/uploads\/integrationen_magento2_mock-200x398.png 200w, https:\/\/www.seven.io\/wp-content\/uploads\/integrationen_magento2_mock.png 904w\" sizes=\"auto, (max-width: 300px) 100vw, 300px\" \/><\/div><\/div><\/div><\/div><\/div><div class=\"vc_col-sm-6 wpb_column vc_column_container\"><div class=\"vc_column-inner\"><div class=\"wpb_wrapper\"><div class=\"wpb_text_column\"><div class=\"wpb_wrapper\"><h3>Das seven-Plugin f\u00fcr Shopware 6<\/h3>\n<p>Mit Shopware 6 steht Ihnen ein flexibler Partner zur Seite \u2013 wieso sollten Sie also bei der Kundenkommunikation Abstriche machen? Unser <a href=\"https:\/\/github.com\/seven-io\/shopware6\" target=\"_blank\" rel=\"noopener\">seven-Plugin f\u00fcr Shopware 6<\/a> erm\u00f6glicht es Ihnen, verschiedene Funktionen zu nutzen, die revolutionieren werden, wie Sie mit Ihren Kunden sprechen. Verbessern Sie Ihren Service \u2013 schnell, unkompliziert und effektiv.<\/p>\n<\/div><\/div><div class=\"g-cols wpb_row via_flex valign_top type_default stacking_default\"><div class=\"vc_col-sm-12 wpb_column vc_column_container\"><div class=\"vc_column-inner\"><div class=\"wpb_wrapper\"><div class=\"wpb_text_column\"><div class=\"wpb_wrapper\"><h3>Das seven-Plugin:<\/h3>\n<\/div><\/div><\/div><\/div><\/div><\/div><div class=\"uavc-list-icon uavc-list-icon-wrapper ult-adjust-bottom-margin   \"><ul class=\"uavc-list\"><li><div class=\"uavc-list-content\" id=\"list-icon-wrap-3825\">\n<div class=\"uavc-list-icon  \" data-animation=\"\" data-animation-delay=\"03\" style=\"margin-right:25px;\"><div class=\"ult-just-icon-wrapper  \"><div class=\"align-icon\" style=\"text-align:center;\">\n<div class=\"aio-icon none \"  style=\"color:#333333;font-size:40px;display:inline-block;\">\n\t<i class=\"none\"><\/i>\n<\/div><\/div><\/div>\n<\/div><span  data-ultimate-target='#list-icon-wrap-3825 .uavc-list-desc'  data-responsive-json-new='{\"font-size\":\"\",\"line-height\":\"\"}'  class=\"uavc-list-desc ult-responsive\" style=\"\"><\/span><\/div><\/li><li><div class=\"uavc-list-content\" id=\"list-icon-wrap-5980\">\n<div class=\"uavc-list-icon  \" data-animation=\"\" data-animation-delay=\"03\" style=\"margin-right:25px;\"><div class=\"ult-just-icon-wrapper  \"><div class=\"align-icon\" style=\"text-align:center;\">\n<div class=\"aio-icon none \"  style=\"color:#00d46a;font-size:40px;display:inline-block;\">\n\t<i class=\"Defaults-check-circle-o\"><\/i>\n<\/div><\/div><\/div>\n<\/div><span  data-ultimate-target='#list-icon-wrap-5980 .uavc-list-desc'  data-responsive-json-new='{\"font-size\":\"\",\"line-height\":\"\"}'  class=\"uavc-list-desc ult-responsive\" style=\"\">\n<h5>Leicht zu installieren<\/h5>\n<\/span><\/div><\/li><li><div class=\"uavc-list-content\" id=\"list-icon-wrap-9541\">\n<div class=\"uavc-list-icon  \" data-animation=\"\" data-animation-delay=\"03\" style=\"margin-right:25px;\"><div class=\"ult-just-icon-wrapper  \"><div class=\"align-icon\" style=\"text-align:center;\">\n<div class=\"aio-icon none \"  style=\"color:#00d46a;font-size:40px;display:inline-block;\">\n\t<i class=\"Defaults-check-circle-o\"><\/i>\n<\/div><\/div><\/div>\n<\/div><span  data-ultimate-target='#list-icon-wrap-9541 .uavc-list-desc'  data-responsive-json-new='{\"font-size\":\"\",\"line-height\":\"\"}'  class=\"uavc-list-desc ult-responsive\" style=\"\">\n<h5>Einfache Bedienung<\/h5>\n<\/span><\/div><\/li><li><div class=\"uavc-list-content\" id=\"list-icon-wrap-1402\">\n<div class=\"uavc-list-icon  \" data-animation=\"\" data-animation-delay=\"03\" style=\"margin-right:25px;\"><div class=\"ult-just-icon-wrapper  \"><div class=\"align-icon\" style=\"text-align:center;\">\n<div class=\"aio-icon none \"  style=\"color:#00d46a;font-size:40px;display:inline-block;\">\n\t<i class=\"Defaults-check-circle-o\"><\/i>\n<\/div><\/div><\/div>\n<\/div><span  data-ultimate-target='#list-icon-wrap-1402 .uavc-list-desc'  data-responsive-json-new='{\"font-size\":\"\",\"line-height\":\"\"}'  class=\"uavc-list-desc ult-responsive\" style=\"\">\n<h5>N\u00fctzliche Features<\/h5>\n<\/span><\/div><\/li><li><div class=\"uavc-list-content\" id=\"list-icon-wrap-4722\">\n<div class=\"uavc-list-icon  \" data-animation=\"\" data-animation-delay=\"03\" style=\"margin-right:25px;\"><div class=\"ult-just-icon-wrapper  \"><div class=\"align-icon\" style=\"text-align:center;\">\n<div class=\"aio-icon none \"  style=\"color:#00d46a;font-size:40px;display:inline-block;\">\n\t<i class=\"Defaults-check-circle-o\"><\/i>\n<\/div><\/div><\/div>\n<\/div><span  data-ultimate-target='#list-icon-wrap-4722 .uavc-list-desc'  data-responsive-json-new='{\"font-size\":\"\",\"line-height\":\"\"}'  class=\"uavc-list-desc ult-responsive\" style=\"\">\n<h5>Flexible Anwendungen<\/h5>\n<\/span><\/div><\/li><\/ul><\/div><\/div><\/div><\/div><\/div><\/div><\/section><!-- Row Backgrounds --><div class=\"upb_color\" data-bg-override=\"0\" data-bg-color=\"#f4f4f4\" data-fadeout=\"\" data-fadeout-percentage=\"30\" data-parallax-content=\"\" data-parallax-content-sense=\"30\" data-row-effect-mobile-disable=\"true\" data-img-parallax-mobile-disable=\"true\" data-rtl=\"false\"  data-custom-vc-row=\"\"  data-vc=\"8.7.2\"  data-is_old_vc=\"\"  data-theme-support=\"disable\"   data-overlay=\"false\" data-overlay-color=\"\" data-overlay-pattern=\"\" data-overlay-pattern-opacity=\"\" data-overlay-pattern-size=\"\"    ><\/div><section class=\"l-section wpb_row height_small\"><div class=\"l-section-h i-cf\"><div class=\"g-cols vc_row via_flex valign_top type_default stacking_default\"><div class=\"vc_col-sm-6 wpb_column vc_column_container\"><div class=\"vc_column-inner\"><div class=\"wpb_wrapper\"><div class=\"wpb_text_column\"><div class=\"wpb_wrapper\"><h3>Anpassbare SMS-Texte<\/h3>\n<\/div><\/div><div class=\"wpb_text_column\"><div class=\"wpb_wrapper\"><p>Verfassen Sie zahlreiche Texte f\u00fcr unterschiedliche Situationen. Von der Best\u00e4tigung der Bestellung bis zur teilweisen R\u00fcckerstattung des Kaufpreises \u2013 Sie k\u00f6nnen alle Nachrichtentexte anpassen, sodass sie exakt zu Ihrem Unternehmen passen. Ihre Kunden erkennen Sie wieder und Sie sparen Zeit.<\/p>\n<\/div><\/div><div class=\"wpb_text_column\"><div class=\"wpb_wrapper\"><h3>Signaturen<\/h3>\n<\/div><\/div><div class=\"wpb_text_column\"><div class=\"wpb_wrapper\"><p>F\u00fcgen Sie Ihren SMS eine individuelle Signatur hinzu. Sie k\u00f6nnen sich aussuchen, ob Sie diese vor oder nach dem SMS-Text einf\u00fcgen m\u00f6chten. So k\u00f6nnen Sie beispielsweise Verabschiedungen oder Begr\u00fc\u00dfungen festlegen. Sie k\u00f6nnen aber auch sichergehen, dass beispielsweise der Link zu Ihrer Website immer mitgesendet wird.<\/p>\n<\/div><\/div><div class=\"wpb_text_column\"><div class=\"wpb_wrapper\"><h3>Personalisierte Nachrichten<\/h3>\n<\/div><\/div><div class=\"wpb_text_column\"><div class=\"wpb_wrapper\"><p>Mithilfe von Platzhaltern k\u00f6nnen Sie Ihre <a href=\"https:\/\/help.seven.io\/de\/personalisierte-sms\" rel=\"noopener\">SMS personalisieren<\/a>, sodass Ihre Empf\u00e4nger namentlich angesprochen werden. Somit stellen Sie sicher, dass die pers\u00f6nliche Kommunikation mit Ihren Kunden nicht unter der Automatisierung leidet.<\/p>\n<\/div><\/div><\/div><\/div><\/div><div class=\"vc_col-sm-6 wpb_column vc_column_container\"><div class=\"vc_column-inner\"><div class=\"wpb_wrapper\"><div class=\"w-image no-border align_center\"><a ref=\"magnificPopup\" href=\"https:\/\/www.seven.io\/wp-content\/uploads\/shopware6_screen-1.png\" aria-label=\"shopware6_screen\" class=\"w-image-h\"><img decoding=\"async\" width=\"600\" height=\"600\" src=\"https:\/\/www.seven.io\/wp-content\/uploads\/shopware6_screen-1-600x600.png\" class=\"attachment-us_600_0 size-us_600_0\" alt=\"Sie k\u00f6nnen mithilfe des sms77-Plugins SMS aus Shopware heraus versenden\" loading=\"lazy\" srcset=\"https:\/\/www.seven.io\/wp-content\/uploads\/shopware6_screen-1-600x600.png 600w, https:\/\/www.seven.io\/wp-content\/uploads\/shopware6_screen-1-300x300.png 300w, https:\/\/www.seven.io\/wp-content\/uploads\/shopware6_screen-1-150x150.png 150w, https:\/\/www.seven.io\/wp-content\/uploads\/shopware6_screen-1-350x350.png 350w, https:\/\/www.seven.io\/wp-content\/uploads\/shopware6_screen-1-250x250.png 250w, https:\/\/www.seven.io\/wp-content\/uploads\/shopware6_screen-1-768x768.png 768w, https:\/\/www.seven.io\/wp-content\/uploads\/shopware6_screen-1-400x400.png 400w, https:\/\/www.seven.io\/wp-content\/uploads\/shopware6_screen-1-200x200.png 200w, https:\/\/www.seven.io\/wp-content\/uploads\/shopware6_screen-1.png 900w\" sizes=\"auto, (max-width: 600px) 100vw, 600px\" \/><\/a><\/div><\/div><\/div><\/div><\/div><\/div><\/section><section class=\"l-section wpb_row height_small\"><div class=\"l-section-h i-cf\"><div class=\"g-cols vc_row via_flex valign_top type_default stacking_default\"><div class=\"vc_col-sm-12 wpb_column vc_column_container\"><div class=\"vc_column-inner\"><div class=\"wpb_wrapper\"><div class=\"w-actionbox us_custom_e47d7875 color_light controls_bottom\"><div class=\"w-actionbox-text\"><div class=\"w-actionbox-description\"><p>Sie brauchen Hilfe bei der Installation oder der Einrichtung der Funktionen?<br \/>\nAuf unseren GitHub-Seiten finden Sie weitere Informationen.<\/p>\n<\/div><\/div><div class=\"w-actionbox-controls\"><a class=\"w-btn us-btn-style_5\" target=\"_blank\" href=\"https:\/\/github.com\/seven-io\/shopware6\" rel=\"noopener\"><span class=\"w-btn-label\">Zu GitHub (Shopware 6)<\/span><\/a><a class=\"w-btn us-btn-style_5\" target=\"_blank\" href=\"https:\/\/github.com\/seven-io\/shopware5\" rel=\"noopener\"><span class=\"w-btn-label\">Zu GitHub (Shopware 5)<\/span><\/a><\/div><\/div><\/div><\/div><\/div><\/div><\/div><\/section><!-- Row Backgrounds --><div class=\"upb_color\" data-bg-override=\"0\" data-bg-color=\"#ffffff\" data-fadeout=\"\" data-fadeout-percentage=\"30\" data-parallax-content=\"\" data-parallax-content-sense=\"30\" data-row-effect-mobile-disable=\"true\" data-img-parallax-mobile-disable=\"true\" data-rtl=\"false\"  data-custom-vc-row=\"\"  data-vc=\"8.7.2\"  data-is_old_vc=\"\"  data-theme-support=\"disable\"   data-overlay=\"false\" data-overlay-color=\"\" data-overlay-pattern=\"\" data-overlay-pattern-opacity=\"\" data-overlay-pattern-size=\"\"    ><\/div>\n","protected":false},"excerpt":{"rendered":"Shopware ist eine der beliebtesten eCommerce-L\u00f6sungen in Deutschland. Das browserbasierte Shopsystem bietet verschiedene Versionen f\u00fcr unterschiedliche Anspr\u00fcche an, sodass auch Sie sicherlich eine L\u00f6sung finden, die zu Ihnen passt. Shopware ist skalierbar, flexibel und vielf\u00e4ltig. Das liegt nicht zuletzt daran, dass es eine gro\u00dfe Anzahl an Plugins gibt, mit denen der Funktionsumfang des Shopsystems nach...","protected":false},"author":1,"featured_media":86277,"parent":17075,"menu_order":0,"comment_status":"closed","ping_status":"closed","template":"","meta":{"content-type":"","footnotes":""},"class_list":["post-19168","page","type-page","status-publish","has-post-thumbnail","hentry"],"_links":{"self":[{"href":"https:\/\/www.seven.io\/de\/wp-json\/wp\/v2\/pages\/19168","targetHints":{"allow":["GET"]}}],"collection":[{"href":"https:\/\/www.seven.io\/de\/wp-json\/wp\/v2\/pages"}],"about":[{"href":"https:\/\/www.seven.io\/de\/wp-json\/wp\/v2\/types\/page"}],"author":[{"embeddable":true,"href":"https:\/\/www.seven.io\/de\/wp-json\/wp\/v2\/users\/1"}],"replies":[{"embeddable":true,"href":"https:\/\/www.seven.io\/de\/wp-json\/wp\/v2\/comments?post=19168"}],"version-history":[{"count":54,"href":"https:\/\/www.seven.io\/de\/wp-json\/wp\/v2\/pages\/19168\/revisions"}],"predecessor-version":[{"id":92418,"href":"https:\/\/www.seven.io\/de\/wp-json\/wp\/v2\/pages\/19168\/revisions\/92418"}],"up":[{"embeddable":true,"href":"https:\/\/www.seven.io\/de\/wp-json\/wp\/v2\/pages\/17075"}],"wp:featuredmedia":[{"embeddable":true,"href":"https:\/\/www.seven.io\/de\/wp-json\/wp\/v2\/media\/86277"}],"wp:attachment":[{"href":"https:\/\/www.seven.io\/de\/wp-json\/wp\/v2\/media?parent=19168"}],"curies":[{"name":"wp","href":"https:\/\/api.w.org\/{rel}","templated":true}]}}