{"id":19415,"date":"2020-12-29T15:28:29","date_gmt":"2020-12-29T14:28:29","guid":{"rendered":"https:\/\/www.sms77.io\/?page_id=19415"},"modified":"2024-03-26T10:44:49","modified_gmt":"2024-03-26T09:44:49","slug":"google-chrome","status":"publish","type":"page","link":"https:\/\/www.seven.io\/de\/loesungen\/integrationen\/google-chrome\/","title":{"rendered":"Google Chrome"},"content":{"rendered":"<section class=\"l-section wpb_row height_small\"><div class=\"l-section-h i-cf\"><div class=\"g-cols vc_row via_flex valign_middle type_default stacking_default\"><div class=\"vc_col-sm-6 wpb_column vc_column_container\"><div class=\"vc_column-inner\"><div class=\"wpb_wrapper\"><div class=\"wpb_text_column\"><div class=\"wpb_wrapper\"><p><b>Lesen Sie diese Seite gerade in Chrome? Es ist zumindest nicht unwahrscheinlich, denn aktuell hat weltweit kein Browser mehr Nutzer als Google Chrome. Die Erfolgsgeschichte des\u00a0Browsers begann bereits im Jahr 2008, als er als der schnellste unter allen bekannten Browsern vorgestellt wurde. Danach dauerte es nur vier Jahre, bis sich er zum beliebtesten Browser der Welt gemausert hatte. Die Geschwindigkeit ist jedoch nicht das einzige Argument f\u00fcr Googles Browser. Viele verschiedene Erweiterungen, sogenannte Extensions, sorgen daf\u00fcr, dass den Grundfunktionen noch viele weitere Funktionen hinzugef\u00fcgt werden k\u00f6nnen. So l\u00e4sst sich das Nutzererlebnis individuell anpassen.<\/b><\/p>\n<\/div><\/div><div class=\"w-btn-wrapper align_none\"><a class=\"w-btn us-btn-style_1 no-border\" target=\"_blank\" rel=\"nofollow noopener\" href=\"https:\/\/chrome.google.com\/webstore\/detail\/sms77io\/cljclabcjnjklhogdanmfmdmpebmcbjo?hl=de\"><span class=\"w-btn-label\">Zu unserer Google Chrome Erweiterung<\/span><\/a><\/div><\/div><\/div><\/div><div class=\"vc_col-sm-6 wpb_column vc_column_container\"><div class=\"vc_column-inner\"><div class=\"wpb_wrapper\"><div class=\"w-video align_none ratio_16x9 has_iframe\"><div class=\"w-video-h\"><iframe title=\"Youtube video player\" src=\"\/\/www.youtube.com\/embed\/tSKZy2ayvMs?autoplay=0&controls=0&origin=https:\/\/www.seven.io\/de\/&loop=0&mute=0\" allowfullscreen=\"1\" loading=\"lazy\"><\/iframe><\/div><\/div><\/div><\/div><\/div><\/div><\/div><\/section><section class=\"l-section wpb_row height_small color_alternate\"><div class=\"l-section-h i-cf\"><div class=\"g-cols vc_row via_flex valign_middle type_default stacking_default\"><div class=\"vc_col-sm-6 wpb_column vc_column_container\"><div class=\"vc_column-inner\"><div class=\"wpb_wrapper\"><div class=\"w-image align_center\"><div class=\"w-image-h\"><img decoding=\"async\" width=\"400\" height=\"267\" src=\"https:\/\/www.seven.io\/wp-content\/uploads\/integrationen_chrome_mood-400x267.jpg\" class=\"attachment-us_400_0 size-us_400_0\" alt=\"SMS-Versand ist nat\u00fcrlich auch aus Google Chrome m\u00f6glich\" loading=\"lazy\" srcset=\"https:\/\/www.seven.io\/wp-content\/uploads\/integrationen_chrome_mood-400x267.jpg 400w, https:\/\/www.seven.io\/wp-content\/uploads\/integrationen_chrome_mood-300x200.jpg 300w, https:\/\/www.seven.io\/wp-content\/uploads\/integrationen_chrome_mood-1024x682.jpg 1024w, https:\/\/www.seven.io\/wp-content\/uploads\/integrationen_chrome_mood-250x167.jpg 250w, https:\/\/www.seven.io\/wp-content\/uploads\/integrationen_chrome_mood-600x400.jpg 600w, https:\/\/www.seven.io\/wp-content\/uploads\/integrationen_chrome_mood-768x512.jpg 768w, https:\/\/www.seven.io\/wp-content\/uploads\/integrationen_chrome_mood-200x133.jpg 200w, https:\/\/www.seven.io\/wp-content\/uploads\/integrationen_chrome_mood.jpg 1280w\" sizes=\"auto, (max-width: 400px) 100vw, 400px\" \/><\/div><\/div><\/div><\/div><\/div><div class=\"vc_col-sm-6 wpb_column vc_column_container\"><div class=\"vc_column-inner\"><div class=\"wpb_wrapper\"><div class=\"wpb_text_column\"><div class=\"wpb_wrapper\"><h3>Die seven-Erweiterung f\u00fcr Chrome<\/h3>\n<p>Chrome ist schnell und flexibel, genau wie das seven-Plugin. Gemeinsam erm\u00f6glichen sie Ihnen eine komfortable L\u00f6sung: Verschicken Sie SMS direkt aus Ihrem Browser, ohne Umwege. Sie brauchen nur einen aktiven Account bei uns und die seven-Erweiterung f\u00fcrIhren Browser. Nach der Aktivierung k\u00f6nnen Sie sofort loslegen und durch einen Klick auf das Icon oder per Rechtsklick auf einen ausgew\u00e4hlten Text SMS versenden. Dabei stehen Ihnen au\u00dferdem zeitsparende Features wie eine festgelegte Signatur zur Verf\u00fcgung.<br \/>\n<a href=\"https:\/\/app.seven.io\/signup\" rel=\"noopener\">Melden Sie sich jetzt an<\/a> und probieren Sie es ganz einfach aus.<\/p>\n<\/div><\/div><\/div><\/div><\/div><\/div><\/div><\/section><!-- Row Backgrounds --><div class=\"upb_color\" data-bg-override=\"0\" data-bg-color=\"#f4f4f4\" data-fadeout=\"\" data-fadeout-percentage=\"30\" data-parallax-content=\"\" data-parallax-content-sense=\"30\" data-row-effect-mobile-disable=\"true\" data-img-parallax-mobile-disable=\"true\" data-rtl=\"false\"  data-custom-vc-row=\"\"  data-vc=\"8.7.2\"  data-is_old_vc=\"\"  data-theme-support=\"disable\"   data-overlay=\"false\" data-overlay-color=\"\" data-overlay-pattern=\"\" data-overlay-pattern-opacity=\"\" data-overlay-pattern-size=\"\"    ><\/div><section class=\"l-section wpb_row height_small\"><div class=\"l-section-h i-cf\"><div class=\"g-cols vc_row via_flex valign_middle type_default stacking_default\"><div class=\"vc_col-sm-6 wpb_column vc_column_container\"><div class=\"vc_column-inner\"><div class=\"wpb_wrapper\"><div class=\"wpb_text_column\"><div class=\"wpb_wrapper\"><h3>SMS-Versand<\/h3>\n<\/div><\/div><div class=\"wpb_text_column\"><div class=\"wpb_wrapper\"><p>Versenden Sie individuelle Textnachrichten direkt aus Ihrem Browser. Hierzu rufen Sie die Bedienoberfl\u00e4che \u00fcber einen Klick auf das seven-Icon auf oder markieren einen Text und klicken rechts darauf. Im folgenden Men\u00fc k\u00f6nnen Sie ausw\u00e4hlen, dass Sie die Markierung via SMS verschicken m\u00f6chten.<\/p>\n<\/div><\/div><div class=\"w-separator size_small\"><\/div><div class=\"wpb_text_column\"><div class=\"wpb_wrapper\"><h3>Signaturen<\/h3>\n<\/div><\/div><div class=\"wpb_text_column\"><div class=\"wpb_wrapper\"><p>Legen Sie eine Signatur fest und bestimmen Sie, ob diese vor oder nach Ihrem individuellen Text stehen soll.<\/p>\n<\/div><\/div><div class=\"w-separator size_small\"><\/div><div class=\"wpb_text_column\"><div class=\"wpb_wrapper\"><h3>Absenderkennung und Empf\u00e4ngername<\/h3>\n<\/div><\/div><div class=\"wpb_text_column\"><div class=\"wpb_wrapper\"><p>Bestimmen Sie eine feste Absenderkennung und einen Empf\u00e4ngernamen, um diese nicht bei jeder neuen Nachricht erneut anlegen zu m\u00fcssen. So sparen Sie Zeit und Ihre Empf\u00e4nger wissen immer, von wem sie eine SMS erhalten.<\/p>\n<\/div><\/div><\/div><\/div><\/div><div class=\"vc_col-sm-6 wpb_column vc_column_container\"><div class=\"vc_column-inner\"><div class=\"wpb_wrapper\"><div class=\"w-image no-border align_center\"><a ref=\"magnificPopup\" href=\"https:\/\/www.seven.io\/wp-content\/uploads\/integrationen_chrome_screen_closer.png\" aria-label=\"integrationen_chrome_screen_closer\" class=\"w-image-h\"><img decoding=\"async\" width=\"768\" height=\"512\" src=\"https:\/\/www.seven.io\/wp-content\/uploads\/integrationen_chrome_screen_closer-768x512.png\" class=\"attachment-us_768_0 size-us_768_0\" alt=\"\" loading=\"lazy\" srcset=\"https:\/\/www.seven.io\/wp-content\/uploads\/integrationen_chrome_screen_closer-768x512.png 768w, https:\/\/www.seven.io\/wp-content\/uploads\/integrationen_chrome_screen_closer-300x200.png 300w, https:\/\/www.seven.io\/wp-content\/uploads\/integrationen_chrome_screen_closer-1024x682.png 1024w, https:\/\/www.seven.io\/wp-content\/uploads\/integrationen_chrome_screen_closer-250x167.png 250w, https:\/\/www.seven.io\/wp-content\/uploads\/integrationen_chrome_screen_closer-600x400.png 600w, https:\/\/www.seven.io\/wp-content\/uploads\/integrationen_chrome_screen_closer-400x267.png 400w, https:\/\/www.seven.io\/wp-content\/uploads\/integrationen_chrome_screen_closer-200x133.png 200w, https:\/\/www.seven.io\/wp-content\/uploads\/integrationen_chrome_screen_closer.png 1280w\" sizes=\"auto, (max-width: 768px) 100vw, 768px\" \/><\/a><\/div><div class=\"wpb_text_column\"><div class=\"wpb_wrapper\"><p style=\"text-align: center;\"><em>Einstellungsm\u00f6glichkeiten in der seven-Erweiterung<\/em><\/p>\n<\/div><\/div><\/div><\/div><\/div><\/div><\/div><\/section><section class=\"l-section wpb_row height_small\"><div class=\"l-section-h i-cf\"><div class=\"g-cols vc_row via_flex valign_top type_default stacking_default\"><div class=\"vc_col-sm-12 wpb_column vc_column_container\"><div class=\"vc_column-inner\"><div class=\"wpb_wrapper\"><div class=\"w-actionbox us_custom_e47d7875 color_light controls_right\"><div class=\"w-actionbox-text\"><div class=\"w-actionbox-description\"><p>Sie m\u00f6chten unsere Google-Chrome Erweiterung ausprobieren?<br \/>\nHier gelangen Sie direkt zur Erweiterungs-Seite bei Chrome.<\/p>\n<\/div><\/div><div class=\"w-actionbox-controls\"><a class=\"w-btn us-btn-style_5\" target=\"_blank\" href=\"https:\/\/chromewebstore.google.com\/detail\/sms77io\/cljclabcjnjklhogdanmfmdmpebmcbjo?hl=de\" rel=\"noopener\"><span class=\"w-btn-label\">Erweiterung ansehen<\/span><\/a><\/div><\/div><\/div><\/div><\/div><\/div><\/div><\/section><!-- Row Backgrounds --><div class=\"upb_color\" data-bg-override=\"0\" data-bg-color=\"#ffffff\" data-fadeout=\"\" data-fadeout-percentage=\"30\" data-parallax-content=\"\" data-parallax-content-sense=\"30\" data-row-effect-mobile-disable=\"true\" data-img-parallax-mobile-disable=\"true\" data-rtl=\"false\"  data-custom-vc-row=\"\"  data-vc=\"8.7.2\"  data-is_old_vc=\"\"  data-theme-support=\"disable\"   data-overlay=\"false\" data-overlay-color=\"\" data-overlay-pattern=\"\" data-overlay-pattern-opacity=\"\" data-overlay-pattern-size=\"\"    ><\/div>\n","protected":false},"excerpt":{"rendered":"Lesen Sie diese Seite gerade in Chrome? Es ist zumindest nicht unwahrscheinlich, denn aktuell hat weltweit kein Browser mehr Nutzer als Google Chrome. Die Erfolgsgeschichte des\u00a0Browsers begann bereits im Jahr 2008, als er als der schnellste unter allen bekannten Browsern vorgestellt wurde. Danach dauerte es nur vier Jahre, bis sich er zum beliebtesten Browser der...","protected":false},"author":1,"featured_media":23311,"parent":17075,"menu_order":0,"comment_status":"closed","ping_status":"closed","template":"","meta":{"content-type":"","footnotes":""},"class_list":["post-19415","page","type-page","status-publish","has-post-thumbnail","hentry"],"_links":{"self":[{"href":"https:\/\/www.seven.io\/de\/wp-json\/wp\/v2\/pages\/19415","targetHints":{"allow":["GET"]}}],"collection":[{"href":"https:\/\/www.seven.io\/de\/wp-json\/wp\/v2\/pages"}],"about":[{"href":"https:\/\/www.seven.io\/de\/wp-json\/wp\/v2\/types\/page"}],"author":[{"embeddable":true,"href":"https:\/\/www.seven.io\/de\/wp-json\/wp\/v2\/users\/1"}],"replies":[{"embeddable":true,"href":"https:\/\/www.seven.io\/de\/wp-json\/wp\/v2\/comments?post=19415"}],"version-history":[{"count":42,"href":"https:\/\/www.seven.io\/de\/wp-json\/wp\/v2\/pages\/19415\/revisions"}],"predecessor-version":[{"id":92364,"href":"https:\/\/www.seven.io\/de\/wp-json\/wp\/v2\/pages\/19415\/revisions\/92364"}],"up":[{"embeddable":true,"href":"https:\/\/www.seven.io\/de\/wp-json\/wp\/v2\/pages\/17075"}],"wp:featuredmedia":[{"embeddable":true,"href":"https:\/\/www.seven.io\/de\/wp-json\/wp\/v2\/media\/23311"}],"wp:attachment":[{"href":"https:\/\/www.seven.io\/de\/wp-json\/wp\/v2\/media?parent=19415"}],"curies":[{"name":"wp","href":"https:\/\/api.w.org\/{rel}","templated":true}]}}