{"id":19423,"date":"2020-11-27T14:29:47","date_gmt":"2020-11-27T13:29:47","guid":{"rendered":"https:\/\/www.sms77.io\/?page_id=19423"},"modified":"2024-03-26T09:16:39","modified_gmt":"2024-03-26T08:16:39","slug":"firefox","status":"publish","type":"page","link":"https:\/\/www.seven.io\/de\/loesungen\/integrationen\/firefox\/","title":{"rendered":"Firefox"},"content":{"rendered":"<section class=\"l-section wpb_row height_small\"><div class=\"l-section-h i-cf\"><div class=\"g-cols vc_row via_flex valign_middle type_default stacking_default\"><div class=\"vc_col-sm-6 wpb_column vc_column_container\"><div class=\"vc_column-inner\"><div class=\"wpb_wrapper\"><div class=\"wpb_text_column\"><div class=\"wpb_wrapper\"><p><strong>Firefox ist nicht nur auf dem deutschsprachigen Markt einer der beliebtesten Browser. Auch international kann sich der Browser mit dem Fuchs noch immer unter den Top 5 behaupten. Die erste Version erschien bereits im September 2002, damals noch unter dem Namen Phoenix. Heute \u00fcberzeugt er durch seinen Fokus auf die Sicherheit \u00a0und Privatshp\u00e4re der Nutzer, aber auch durch die zahlreichen Add-ons, die den Browser um viele Funktionen erweitern k\u00f6nnen.<span class=\"Apple-converted-space\">\u00a0Dar\u00fcber hinaus geh\u00f6rt Firefox zu <a href=\"https:\/\/www.mozilla.org\/\" target=\"_blank\" rel=\"noopener\" data-schema-attribute=\"\">Mozilla<\/a>, einer Non-Profit-Organisation, die sich f\u00fcr ein freies Internet einsetzt.<\/span><\/strong><\/p>\n<\/div><\/div><div class=\"w-btn-wrapper align_none\"><a class=\"w-btn us-btn-style_1 no-border\" target=\"_blank\" rel=\"nofollow noopener\" href=\"https:\/\/addons.mozilla.org\/de\/firefox\/addon\/sevenio\/\"><span class=\"w-btn-label\">Zu unserem Firefox Add-on<\/span><\/a><\/div><\/div><\/div><\/div><div class=\"vc_col-sm-6 wpb_column vc_column_container\"><div class=\"vc_column-inner\"><div class=\"wpb_wrapper\"><div class=\"w-video align_none ratio_16x9 has_iframe\"><div class=\"w-video-h\"><iframe title=\"Youtube video player\" src=\"\/\/www.youtube.com\/embed\/CUo1QB0OCic?autoplay=0&controls=1&origin=https:\/\/www.seven.io\/de\/&loop=0&mute=0\" allowfullscreen=\"1\" loading=\"lazy\"><\/iframe><\/div><\/div><\/div><\/div><\/div><\/div><\/div><\/section><section class=\"l-section wpb_row height_small color_alternate\"><div class=\"l-section-h i-cf\"><div class=\"g-cols vc_row via_flex valign_middle type_default stacking_default\"><div class=\"vc_col-sm-6 wpb_column vc_column_container\"><div class=\"vc_column-inner\"><div class=\"wpb_wrapper\"><div class=\"w-image align_center\"><div class=\"w-image-h\"><img decoding=\"async\" width=\"300\" height=\"300\" src=\"https:\/\/www.seven.io\/wp-content\/uploads\/integration_firefox_logo.png\" class=\"attachment-us_300_0 size-us_300_0\" alt=\"SMS aus Firefox senden? Kein Problem!\" loading=\"lazy\" srcset=\"https:\/\/www.seven.io\/wp-content\/uploads\/integration_firefox_logo.png 600w, https:\/\/www.seven.io\/wp-content\/uploads\/integration_firefox_logo-300x300.png 300w, https:\/\/www.seven.io\/wp-content\/uploads\/integration_firefox_logo-150x150.png 150w, https:\/\/www.seven.io\/wp-content\/uploads\/integration_firefox_logo-350x350.png 350w, https:\/\/www.seven.io\/wp-content\/uploads\/integration_firefox_logo-400x400.png 400w, https:\/\/www.seven.io\/wp-content\/uploads\/integration_firefox_logo-200x200.png 200w\" sizes=\"auto, (max-width: 300px) 100vw, 300px\" \/><\/div><\/div><\/div><\/div><\/div><div class=\"vc_col-sm-6 wpb_column vc_column_container\"><div class=\"vc_column-inner\"><div class=\"wpb_wrapper\"><div class=\"wpb_text_column\"><div class=\"wpb_wrapper\"><h3>Das seven-Add-on f\u00fcr Firefox<\/h3>\n<p>Sie m\u00f6chten ohne gro\u00dfen Aufwand und ohne Umwege jederzeit SMS aus Ihrem Browser versenden k\u00f6nne? Mit dem seven-Plugin ist das kein Problem mehr. Markieren Sie einen beliebigen Text und versenden Sie ihn via SMS, ohne den Browser zu verlassen. Dabei k\u00f6nnen Sie auch einen festen Absendernamen bestimmen, der standardm\u00e4\u00dfig benutzt wird. So wissen die Empf\u00e4nger Ihrer Nachricht immer, wer Ihnen gerade schreibt. Wenn Sie m\u00f6chten, k\u00f6nnen Sie au\u00dferdem eine Signatur festlegen, die Ihrer Nachricht vorangestellt oder angeh\u00e4ngt wird.<span class=\"Apple-converted-space\">\u00a0<\/span><\/p>\n<p>Eine SMS reicht Ihnen nicht? Auch der Versand von <a href=\"\/produkte\/voice\/\">Text-to-Speech-Nachrichten<\/a> ist mit unserem Add-On m\u00f6glich.<\/p>\n<\/div><\/div><\/div><\/div><\/div><\/div><\/div><\/section><!-- Row Backgrounds --><div class=\"upb_color\" data-bg-override=\"0\" data-bg-color=\"#f4f4f4\" data-fadeout=\"\" data-fadeout-percentage=\"30\" data-parallax-content=\"\" data-parallax-content-sense=\"30\" data-row-effect-mobile-disable=\"true\" data-img-parallax-mobile-disable=\"true\" data-rtl=\"false\"  data-custom-vc-row=\"\"  data-vc=\"8.7.2\"  data-is_old_vc=\"\"  data-theme-support=\"disable\"   data-overlay=\"false\" data-overlay-color=\"\" data-overlay-pattern=\"\" data-overlay-pattern-opacity=\"\" data-overlay-pattern-size=\"\"    ><\/div><section class=\"l-section wpb_row height_small\"><div class=\"l-section-h i-cf\"><div class=\"g-cols vc_row via_flex valign_middle type_default stacking_default\"><div class=\"vc_col-sm-6 wpb_column vc_column_container\"><div class=\"vc_column-inner\"><div class=\"wpb_wrapper\"><div class=\"wpb_text_column\"><div class=\"wpb_wrapper\"><h3>Funktionen<\/h3>\n<\/div><\/div><div class=\"uavc-list-icon uavc-list-icon-wrapper ult-adjust-bottom-margin   \"><ul class=\"uavc-list\"><li><div class=\"uavc-list-content\" id=\"list-icon-wrap-1272\">\n<div class=\"uavc-list-icon  \" data-animation=\"\" data-animation-delay=\"03\" style=\"margin-right:25px;\"><div class=\"ult-just-icon-wrapper  \"><div class=\"align-icon\" style=\"text-align:center;\">\n<div class=\"aio-icon none \"  style=\"color:#52c0fa;font-size:40px;display:inline-block;\">\n\t<i class=\"Defaults-envelope-o\"><\/i>\n<\/div><\/div><\/div>\n<\/div><span  data-ultimate-target='#list-icon-wrap-1272 .uavc-list-desc'  data-responsive-json-new='{\"font-size\":\"\",\"line-height\":\"\"}'  class=\"uavc-list-desc ult-responsive\" style=\"\">Verschicken Sie individuelle Textnachrichten oder den markierten Text einer beliebigen Website.<\/span><\/div><\/li><\/ul><\/div><div class=\"uavc-list-icon uavc-list-icon-wrapper ult-adjust-bottom-margin   \"><ul class=\"uavc-list\"><li><div class=\"uavc-list-content\" id=\"list-icon-wrap-1174\">\n<div class=\"uavc-list-icon  \" data-animation=\"\" data-animation-delay=\"03\" style=\"margin-right:25px;\"><div class=\"ult-just-icon-wrapper  \"><div class=\"align-icon\" style=\"text-align:center;\">\n<div class=\"aio-icon none \"  style=\"color:#52c0fa;font-size:40px;display:inline-block;\">\n\t<i class=\"Defaults-pencil\"><\/i>\n<\/div><\/div><\/div>\n<\/div><span  data-ultimate-target='#list-icon-wrap-1174 .uavc-list-desc'  data-responsive-json-new='{\"font-size\":\"\",\"line-height\":\"\"}'  class=\"uavc-list-desc ult-responsive\" style=\"\">Bestimmen Sie eine Signatur, die Sie ihren eigenen Nachrichten voranstellen oder anh\u00e4ngen k\u00f6nnen.<\/span><\/div><\/li><\/ul><\/div><div class=\"uavc-list-icon uavc-list-icon-wrapper ult-adjust-bottom-margin   \"><ul class=\"uavc-list\"><li><div class=\"uavc-list-content\" id=\"list-icon-wrap-8388\">\n<div class=\"uavc-list-icon  \" data-animation=\"\" data-animation-delay=\"03\" style=\"margin-right:25px;\"><div class=\"ult-just-icon-wrapper  \"><div class=\"align-icon\" style=\"text-align:center;\">\n<div class=\"aio-icon none \"  style=\"color:#52c0fa;font-size:40px;display:inline-block;\">\n\t<i class=\"Defaults-user\"><\/i>\n<\/div><\/div><\/div>\n<\/div><span  data-ultimate-target='#list-icon-wrap-8388 .uavc-list-desc'  data-responsive-json-new='{\"font-size\":\"\",\"line-height\":\"\"}'  class=\"uavc-list-desc ult-responsive\" style=\"\">Legen sie eine feste Absenderkennung und einen festen Empf\u00e4ngernamen fest.<\/span><\/div><\/li><\/ul><\/div><div class=\"uavc-list-icon uavc-list-icon-wrapper ult-adjust-bottom-margin   \"><ul class=\"uavc-list\"><li><div class=\"uavc-list-content\" id=\"list-icon-wrap-8235\">\n<div class=\"uavc-list-icon  \" data-animation=\"\" data-animation-delay=\"03\" style=\"margin-right:25px;\"><div class=\"ult-just-icon-wrapper  \"><div class=\"align-icon\" style=\"text-align:center;\">\n<div class=\"aio-icon none \"  style=\"color:#52c0fa;font-size:40px;display:inline-block;\">\n\t<i class=\"Defaults-phone\"><\/i>\n<\/div><\/div><\/div>\n<\/div><span  data-ultimate-target='#list-icon-wrap-8235 .uavc-list-desc'  data-responsive-json-new='{\"font-size\":\"\",\"line-height\":\"\"}'  class=\"uavc-list-desc ult-responsive\" style=\"\">Versenden Sie eine Text-to-Speech-Nachricht, die als Anruf zugestellt wird. Der Inhalt der Nachricht wird den Empf\u00e4ngern dann am Telefon vorgelesen.<\/span><\/div><\/li><\/ul><\/div><\/div><\/div><\/div><div class=\"vc_col-sm-6 wpb_column vc_column_container\"><div class=\"vc_column-inner\"><div class=\"wpb_wrapper\"><div class=\"w-image no-border align_center\"><a ref=\"magnificPopup\" href=\"https:\/\/www.seven.io\/wp-content\/uploads\/integrationen_firefox_settings.png\" aria-label=\"integrationen_firefox_settings\" class=\"w-image-h\"><img decoding=\"async\" width=\"400\" height=\"400\" src=\"https:\/\/www.seven.io\/wp-content\/uploads\/integrationen_firefox_settings-400x400.png\" class=\"attachment-us_600_400 size-us_600_400\" alt=\"Einstellungen im Firefox-Add-on von 77\" loading=\"lazy\" srcset=\"https:\/\/www.seven.io\/wp-content\/uploads\/integrationen_firefox_settings-400x400.png 400w, https:\/\/www.seven.io\/wp-content\/uploads\/integrationen_firefox_settings-300x300.png 300w, https:\/\/www.seven.io\/wp-content\/uploads\/integrationen_firefox_settings-150x150.png 150w, https:\/\/www.seven.io\/wp-content\/uploads\/integrationen_firefox_settings-350x350.png 350w, https:\/\/www.seven.io\/wp-content\/uploads\/integrationen_firefox_settings-600x600.png 600w, https:\/\/www.seven.io\/wp-content\/uploads\/integrationen_firefox_settings-250x250.png 250w, https:\/\/www.seven.io\/wp-content\/uploads\/integrationen_firefox_settings-768x768.png 768w, https:\/\/www.seven.io\/wp-content\/uploads\/integrationen_firefox_settings-200x200.png 200w, https:\/\/www.seven.io\/wp-content\/uploads\/integrationen_firefox_settings.png 835w\" sizes=\"auto, (max-width: 400px) 100vw, 400px\" \/><\/a><\/div><div class=\"wpb_text_column\"><div class=\"wpb_wrapper\"><p style=\"text-align: center;\"><em>Einstellungen des seven-Add-ons, zum Vergr\u00f6\u00dfern anklicken<\/em><\/p>\n<\/div><\/div><\/div><\/div><\/div><\/div><\/div><\/section><section class=\"l-section wpb_row height_small\"><div class=\"l-section-h i-cf\"><div class=\"g-cols vc_row via_flex valign_top type_default stacking_default\"><div class=\"vc_col-sm-12 wpb_column vc_column_container\"><div class=\"vc_column-inner\"><div class=\"wpb_wrapper\"><div class=\"w-actionbox us_custom_e47d7875 color_light controls_right\"><div class=\"w-actionbox-text\"><div class=\"w-actionbox-description\"><p>Sie m\u00f6chten das Firefox-Addon ausprobieren?<br \/>\nHier gelangen Sie direkt zu unserem Addon bei Firefox.<\/p>\n<\/div><\/div><div class=\"w-actionbox-controls\"><a class=\"w-btn us-btn-style_5\" target=\"_blank\" href=\"https:\/\/addons.mozilla.org\/de\/firefox\/addon\/sevenio\/\" rel=\"noopener\"><span class=\"w-btn-label\">Zum Addon<\/span><\/a><\/div><\/div><\/div><\/div><\/div><\/div><\/div><\/section><!-- Row Backgrounds --><div class=\"upb_color\" data-bg-override=\"0\" data-bg-color=\"#ffffff\" data-fadeout=\"\" data-fadeout-percentage=\"30\" data-parallax-content=\"\" data-parallax-content-sense=\"30\" data-row-effect-mobile-disable=\"true\" data-img-parallax-mobile-disable=\"true\" data-rtl=\"false\"  data-custom-vc-row=\"\"  data-vc=\"8.7.2\"  data-is_old_vc=\"\"  data-theme-support=\"disable\"   data-overlay=\"false\" data-overlay-color=\"\" data-overlay-pattern=\"\" data-overlay-pattern-opacity=\"\" data-overlay-pattern-size=\"\"    ><\/div>\n","protected":false},"excerpt":{"rendered":"Firefox ist nicht nur auf dem deutschsprachigen Markt einer der beliebtesten Browser. Auch international kann sich der Browser mit dem Fuchs noch immer unter den Top 5 behaupten. Die erste Version erschien bereits im September 2002, damals noch unter dem Namen Phoenix. Heute \u00fcberzeugt er durch seinen Fokus auf die Sicherheit \u00a0und Privatshp\u00e4re der Nutzer,...","protected":false},"author":1,"featured_media":19101,"parent":17075,"menu_order":0,"comment_status":"closed","ping_status":"closed","template":"","meta":{"content-type":"","footnotes":""},"class_list":["post-19423","page","type-page","status-publish","has-post-thumbnail","hentry"],"_links":{"self":[{"href":"https:\/\/www.seven.io\/de\/wp-json\/wp\/v2\/pages\/19423","targetHints":{"allow":["GET"]}}],"collection":[{"href":"https:\/\/www.seven.io\/de\/wp-json\/wp\/v2\/pages"}],"about":[{"href":"https:\/\/www.seven.io\/de\/wp-json\/wp\/v2\/types\/page"}],"author":[{"embeddable":true,"href":"https:\/\/www.seven.io\/de\/wp-json\/wp\/v2\/users\/1"}],"replies":[{"embeddable":true,"href":"https:\/\/www.seven.io\/de\/wp-json\/wp\/v2\/comments?post=19423"}],"version-history":[{"count":53,"href":"https:\/\/www.seven.io\/de\/wp-json\/wp\/v2\/pages\/19423\/revisions"}],"predecessor-version":[{"id":92355,"href":"https:\/\/www.seven.io\/de\/wp-json\/wp\/v2\/pages\/19423\/revisions\/92355"}],"up":[{"embeddable":true,"href":"https:\/\/www.seven.io\/de\/wp-json\/wp\/v2\/pages\/17075"}],"wp:featuredmedia":[{"embeddable":true,"href":"https:\/\/www.seven.io\/de\/wp-json\/wp\/v2\/media\/19101"}],"wp:attachment":[{"href":"https:\/\/www.seven.io\/de\/wp-json\/wp\/v2\/media?parent=19423"}],"curies":[{"name":"wp","href":"https:\/\/api.w.org\/{rel}","templated":true}]}}