{"id":19436,"date":"2021-04-21T10:48:29","date_gmt":"2021-04-21T08:48:29","guid":{"rendered":"https:\/\/www.sms77.io\/?page_id=19436"},"modified":"2024-03-27T14:01:57","modified_gmt":"2024-03-27T13:01:57","slug":"slack","status":"publish","type":"page","link":"https:\/\/www.seven.io\/de\/loesungen\/integrationen\/slack\/","title":{"rendered":"Slack"},"content":{"rendered":"<section class=\"l-section wpb_row height_small\"><div class=\"l-section-h i-cf\"><div class=\"g-cols vc_row via_flex valign_middle type_default stacking_default\"><div class=\"vc_col-sm-6 wpb_column vc_column_container\"><div class=\"vc_column-inner\"><div class=\"wpb_wrapper\"><div class=\"wpb_text_column\"><div class=\"wpb_wrapper\"><p><strong>Slack ist ein Instant-Messaging und Kollaborationsdienst, der vor allem in Unternehmen genutzt wird. Durch seine Funktionalit\u00e4ten eignet er sich hervorragend zur Kommunikation in verschiedenen Teams und Projekten, aber auch zu Absprachen zwischen Einzelpersonen. Slacks \u00dcbersichtlichkeit und Performanz, aber auch viele verschiedene Integrationsm\u00f6glichkeiten haben den Messenger popul\u00e4r gemacht. Sie k\u00f6nnen beispielsweise unsere SMS App f\u00fcr Slack einbinden und so Ihre internen Abl\u00e4ufe noch weiter b\u00fcndeln. <\/strong><\/p>\n<p><strong>F\u00fcr Slack an sich stehen ein kostenloser und drei verschiedene <a href=\"https:\/\/app.slack.com\/plans\/T84HL8UKY\" target=\"_blank\" rel=\"noopener\" data-schema-attribute=\"\">kostenpflichtige Pl\u00e4ne<\/a> zur Verf\u00fcgung, die jeweils verschiedene Funktionen umfassen. Das Unternehmen m\u00f6chte m\u00f6glichst hohen Datenschutz erm\u00f6glichen und kann daher verschiedene Compliance-Zertifikate vorweisen. Die Kommunikation beschreibt Slack selbst als schnell, geordnet und sicher.<\/strong><\/p>\n<\/div><\/div><div class=\"w-btn-wrapper align_none\"><a class=\"w-btn us-btn-style_1 no-border\" target=\"_blank\" rel=\"nofollow noopener\" href=\"https:\/\/slack.com\/oauth\/v2\/authorize?client_id=276598300678.1095689566212&amp;scope=users:read,chat:write,commands&amp;user_scope=\"><span class=\"w-btn-label\">Unsere SMS App f\u00fcr Slack hinzuf\u00fcgen<\/span><\/a><\/div><\/div><\/div><\/div><div class=\"vc_col-sm-6 wpb_column vc_column_container\"><div class=\"vc_column-inner\"><div class=\"wpb_wrapper\"><div class=\"w-video align_none ratio_16x9 has_iframe\"><div class=\"w-video-h\"><iframe title=\"Youtube video player\" src=\"\/\/www.youtube.com\/embed\/6c7_TpPUpL0?autoplay=0&controls=0&origin=https:\/\/www.seven.io\/de\/&loop=0&mute=0\" allowfullscreen=\"1\" loading=\"lazy\"><\/iframe><\/div><\/div><\/div><\/div><\/div><\/div><\/div><\/section><section class=\"l-section wpb_row height_small color_alternate\"><div class=\"l-section-h i-cf\"><div class=\"g-cols vc_row via_flex valign_middle type_default stacking_default\"><div class=\"vc_col-sm-6 wpb_column vc_column_container\"><div class=\"vc_column-inner\"><div class=\"wpb_wrapper\"><div class=\"w-image align_center\"><div class=\"w-image-h\"><img decoding=\"async\" width=\"400\" height=\"501\" src=\"https:\/\/www.seven.io\/wp-content\/uploads\/integrationen_slack_mock_de-400x501.png\" class=\"attachment-us_400_0 size-us_400_0\" alt=\"Wichtige Nachrichten via SMS weiterleiten mit der sms77- SMS App f\u00fcr Slack\" loading=\"lazy\" srcset=\"https:\/\/www.seven.io\/wp-content\/uploads\/integrationen_slack_mock_de-400x501.png 400w, https:\/\/www.seven.io\/wp-content\/uploads\/integrationen_slack_mock_de-240x300.png 240w, https:\/\/www.seven.io\/wp-content\/uploads\/integrationen_slack_mock_de-250x313.png 250w, https:\/\/www.seven.io\/wp-content\/uploads\/integrationen_slack_mock_de-600x751.png 600w, https:\/\/www.seven.io\/wp-content\/uploads\/integrationen_slack_mock_de-300x376.png 300w, https:\/\/www.seven.io\/wp-content\/uploads\/integrationen_slack_mock_de-320x400.png 320w, https:\/\/www.seven.io\/wp-content\/uploads\/integrationen_slack_mock_de-200x250.png 200w, https:\/\/www.seven.io\/wp-content\/uploads\/integrationen_slack_mock_de.png 639w\" sizes=\"auto, (max-width: 400px) 100vw, 400px\" \/><\/div><\/div><\/div><\/div><\/div><div class=\"vc_col-sm-6 wpb_column vc_column_container\"><div class=\"vc_column-inner\"><div class=\"wpb_wrapper\"><div class=\"wpb_text_column\"><div class=\"wpb_wrapper\"><h3>Unsere SMS App f\u00fcr Slack<\/h3>\n<p>Sie m\u00f6chten Ihre Kommunikation an einem Ort b\u00fcndeln und trotzdem nicht auf die Zuverl\u00e4ssigkeit von SMS verzichten? Versenden Sie SMS an Personen, die nicht zu Ihrem Slack-Workspace geh\u00f6ren oder an Teammitglieder, die gerade keinen Internetempfang haben. Dank der einfachen Integration der App k\u00f6nnen Sie mit wenigen Klicks Nachrichten weiterleiten oder eine eigene SMS schreiben. Zus\u00e4tzlichen stehen Ihnen M\u00f6glichkeiten zur Verf\u00fcgung, Ihre Nachrichten zu markieren, sodass Sie Ihren SMS-Versand besonders leicht analysieren k\u00f6nnen. Geben Sie beispielsweise ein <a href=\"https:\/\/help.seven.io\/de\/labels\" rel=\"noopener\">Label<\/a> an, um Nachrichten an verschiedene Teams auseinanderzuhalten.<\/p>\n<p>F\u00fcgen Sie unsere App einfach in Slack hinzu, konfigurieren Sie Ihren SMS-Versand und schon kann es losgehen. Sie brauchen nur ein aktives Konto bei uns und die Berechtigung, in Ihrem Slack-Workspace Apps hinzuzuf\u00fcgen. Sie m\u00f6chten unsere Dienstleistungen erst einmal testen? Sie k\u00f6nnen sich <a href=\"https:\/\/app.seven.io\/signup\" rel=\"noopener\">gratis anmelden<\/a> und alles ausprobieren!<\/p>\n<\/div><\/div><\/div><\/div><\/div><\/div><\/div><\/section><!-- Row Backgrounds --><div class=\"upb_color\" data-bg-override=\"0\" data-bg-color=\"#f4f4f4\" data-fadeout=\"\" data-fadeout-percentage=\"30\" data-parallax-content=\"\" data-parallax-content-sense=\"30\" data-row-effect-mobile-disable=\"true\" data-img-parallax-mobile-disable=\"true\" data-rtl=\"false\"  data-custom-vc-row=\"\"  data-vc=\"8.7.2\"  data-is_old_vc=\"\"  data-theme-support=\"disable\"   data-overlay=\"false\" data-overlay-color=\"\" data-overlay-pattern=\"\" data-overlay-pattern-opacity=\"\" data-overlay-pattern-size=\"\"    ><\/div><section class=\"l-section wpb_row height_small\"><div class=\"l-section-h i-cf\"><div class=\"g-cols vc_row via_flex valign_middle type_default stacking_default\"><div class=\"vc_col-sm-6 wpb_column vc_column_container\"><div class=\"vc_column-inner\"><div class=\"wpb_wrapper\"><div class=\"wpb_text_column\"><div class=\"wpb_wrapper\"><h3>SMS-Versand aus Slack<\/h3>\n<\/div><\/div><div class=\"uavc-list-icon uavc-list-icon-wrapper ult-adjust-bottom-margin   \"><ul class=\"uavc-list\"><li><div class=\"uavc-list-content\" id=\"list-icon-wrap-9991\">\n<div class=\"uavc-list-icon  \" data-animation=\"\" data-animation-delay=\"03\" style=\"margin-right:25px;\"><div class=\"ult-just-icon-wrapper  \"><div class=\"align-icon\" style=\"text-align:center;\">\n<div class=\"aio-icon none \"  style=\"color:#52c0fa;font-size:40px;display:inline-block;\">\n\t<i class=\"Defaults-envelope-o\"><\/i>\n<\/div><\/div><\/div>\n<\/div><span  data-ultimate-target='#list-icon-wrap-9991 .uavc-list-desc'  data-responsive-json-new='{\"font-size\":\"\",\"line-height\":\"\"}'  class=\"uavc-list-desc ult-responsive\" style=\"\">Versenden Sie wichtige Nachrichten an Personen, die nicht in Ihrem Slack-Workspace sind oder gerade keinen Internetempfang haben, ohne Slack daf\u00fcr verlassen zu m\u00fcssen.<\/span><\/div><\/li><\/ul><\/div><div class=\"wpb_text_column\"><div class=\"wpb_wrapper\"><h3>Absenderkennung<\/h3>\n<\/div><\/div><div class=\"uavc-list-icon uavc-list-icon-wrapper ult-adjust-bottom-margin   \"><ul class=\"uavc-list\"><li><div class=\"uavc-list-content\" id=\"list-icon-wrap-7797\">\n<div class=\"uavc-list-icon  \" data-animation=\"\" data-animation-delay=\"03\" style=\"margin-right:25px;\"><div class=\"ult-just-icon-wrapper  \"><div class=\"align-icon\" style=\"text-align:center;\">\n<div class=\"aio-icon none \"  style=\"color:#52c0fa;font-size:40px;display:inline-block;\">\n\t<i class=\"Defaults-user\"><\/i>\n<\/div><\/div><\/div>\n<\/div><span  data-ultimate-target='#list-icon-wrap-7797 .uavc-list-desc'  data-responsive-json-new='{\"font-size\":\"\",\"line-height\":\"\"}'  class=\"uavc-list-desc ult-responsive\" style=\"\">Legen Sie einen Absendernamen fest, der bis zu elf alphanumerische Zeichen enthalten darf. So wird Ihren Empf\u00e4ngern bereits beim Eingang der SMS angezeigt, von wem sie eine Nachricht erhalten.<\/span><\/div><\/li><\/ul><\/div><div class=\"wpb_text_column\"><div class=\"wpb_wrapper\"><h3>Weitere Funktionen<\/h3>\n<\/div><\/div><div class=\"uavc-list-icon uavc-list-icon-wrapper ult-adjust-bottom-margin   \"><ul class=\"uavc-list\"><li><div class=\"uavc-list-content\" id=\"list-icon-wrap-7839\">\n<div class=\"uavc-list-icon  \" data-animation=\"\" data-animation-delay=\"03\" style=\"margin-right:25px;\"><div class=\"ult-just-icon-wrapper  \"><div class=\"align-icon\" style=\"text-align:center;\">\n<div class=\"aio-icon none \"  style=\"color:#52c0fa;font-size:40px;display:inline-block;\">\n\t<i class=\"Defaults-cogs gears\"><\/i>\n<\/div><\/div><\/div>\n<\/div><span  data-ultimate-target='#list-icon-wrap-7839 .uavc-list-desc'  data-responsive-json-new='{\"font-size\":\"\",\"line-height\":\"\"}'  class=\"uavc-list-desc ult-responsive\" style=\"\">Versenden Sie Ihre Nachrichten zeitversetzt, indem Sie ein Delay bestimmen. Au\u00dferdem k\u00f6nnen Sie Label und Foreign-ID festlegen, um Ihre SMS zu kennzeichnen. Dies erleichtert Ihnen die sp\u00e4tere Analyse Ihrer Nachrichten.<\/span><\/div><\/li><\/ul><\/div><\/div><\/div><\/div><div class=\"vc_col-sm-6 wpb_column vc_column_container\"><div class=\"vc_column-inner\"><div class=\"wpb_wrapper\"><div class=\"w-image align_center\"><div class=\"w-image-h\"><img decoding=\"async\" width=\"477\" height=\"600\" src=\"https:\/\/www.seven.io\/wp-content\/uploads\/integrationen_slack_versand_screen.png\" class=\"attachment-us_768_0 size-us_768_0\" alt=\"Mit unserer SMS App f\u00fcr Slack k\u00f6nnen Sie ganz einfach eine Nachricht senden\" loading=\"lazy\" srcset=\"https:\/\/www.seven.io\/wp-content\/uploads\/integrationen_slack_versand_screen.png 477w, https:\/\/www.seven.io\/wp-content\/uploads\/integrationen_slack_versand_screen-239x300.png 239w, https:\/\/www.seven.io\/wp-content\/uploads\/integrationen_slack_versand_screen-250x314.png 250w, https:\/\/www.seven.io\/wp-content\/uploads\/integrationen_slack_versand_screen-300x377.png 300w, https:\/\/www.seven.io\/wp-content\/uploads\/integrationen_slack_versand_screen-400x503.png 400w, https:\/\/www.seven.io\/wp-content\/uploads\/integrationen_slack_versand_screen-318x400.png 318w, https:\/\/www.seven.io\/wp-content\/uploads\/integrationen_slack_versand_screen-200x252.png 200w\" sizes=\"auto, (max-width: 477px) 100vw, 477px\" \/><\/div><\/div><\/div><\/div><\/div><\/div><\/div><\/section><section class=\"l-section wpb_row height_small\"><div class=\"l-section-h i-cf\"><div class=\"g-cols vc_row via_flex valign_top type_default stacking_default\"><div class=\"vc_col-sm-12 wpb_column vc_column_container\"><div class=\"vc_column-inner\"><div class=\"wpb_wrapper\"><div class=\"w-actionbox us_custom_e47d7875 color_light controls_right\"><div class=\"w-actionbox-text\"><div class=\"w-actionbox-description\"><p>Sie m\u00f6chten den Versand von Nachrichten aus Slack ausprobieren?<br \/>\nHier gelangen Sie direkt zur Installation.<\/p>\n<\/div><\/div><div class=\"w-actionbox-controls\"><a class=\"w-btn us-btn-style_5\" target=\"_blank\" href=\"https:\/\/slack.com\/workspace-signin?redir=\/oauth?client_id=276598300678.1095689566212&amp;scope=users:read,chat:write,commands&amp;user_scope=&amp;redirect_uri=&amp;state=&amp;granular_bot_scope=1&amp;single_channel=0&amp;install_redirect=&amp;tracked=1&amp;team=\" rel=\"noopener\"><span class=\"w-btn-label\">Zur Installation auf Slack<\/span><\/a><\/div><\/div><\/div><\/div><\/div><\/div><\/div><\/section><!-- Row Backgrounds --><div class=\"upb_color\" data-bg-override=\"0\" data-bg-color=\"#ffffff\" data-fadeout=\"\" data-fadeout-percentage=\"30\" data-parallax-content=\"\" data-parallax-content-sense=\"30\" data-row-effect-mobile-disable=\"true\" data-img-parallax-mobile-disable=\"true\" data-rtl=\"false\"  data-custom-vc-row=\"\"  data-vc=\"8.7.2\"  data-is_old_vc=\"\"  data-theme-support=\"disable\"   data-overlay=\"false\" data-overlay-color=\"\" data-overlay-pattern=\"\" data-overlay-pattern-opacity=\"\" data-overlay-pattern-size=\"\"    ><\/div>\n","protected":false},"excerpt":{"rendered":"Slack ist ein Instant-Messaging und Kollaborationsdienst, der vor allem in Unternehmen genutzt wird. Durch seine Funktionalit\u00e4ten eignet er sich hervorragend zur Kommunikation in verschiedenen Teams und Projekten, aber auch zu Absprachen zwischen Einzelpersonen. Slacks \u00dcbersichtlichkeit und Performanz, aber auch viele verschiedene Integrationsm\u00f6glichkeiten haben den Messenger popul\u00e4r gemacht. Sie k\u00f6nnen beispielsweise unsere SMS App f\u00fcr Slack...","protected":false},"author":1,"featured_media":26448,"parent":17075,"menu_order":0,"comment_status":"closed","ping_status":"closed","template":"","meta":{"content-type":"","footnotes":""},"class_list":["post-19436","page","type-page","status-publish","has-post-thumbnail","hentry"],"_links":{"self":[{"href":"https:\/\/www.seven.io\/de\/wp-json\/wp\/v2\/pages\/19436","targetHints":{"allow":["GET"]}}],"collection":[{"href":"https:\/\/www.seven.io\/de\/wp-json\/wp\/v2\/pages"}],"about":[{"href":"https:\/\/www.seven.io\/de\/wp-json\/wp\/v2\/types\/page"}],"author":[{"embeddable":true,"href":"https:\/\/www.seven.io\/de\/wp-json\/wp\/v2\/users\/1"}],"replies":[{"embeddable":true,"href":"https:\/\/www.seven.io\/de\/wp-json\/wp\/v2\/comments?post=19436"}],"version-history":[{"count":31,"href":"https:\/\/www.seven.io\/de\/wp-json\/wp\/v2\/pages\/19436\/revisions"}],"predecessor-version":[{"id":92420,"href":"https:\/\/www.seven.io\/de\/wp-json\/wp\/v2\/pages\/19436\/revisions\/92420"}],"up":[{"embeddable":true,"href":"https:\/\/www.seven.io\/de\/wp-json\/wp\/v2\/pages\/17075"}],"wp:featuredmedia":[{"embeddable":true,"href":"https:\/\/www.seven.io\/de\/wp-json\/wp\/v2\/media\/26448"}],"wp:attachment":[{"href":"https:\/\/www.seven.io\/de\/wp-json\/wp\/v2\/media?parent=19436"}],"curies":[{"name":"wp","href":"https:\/\/api.w.org\/{rel}","templated":true}]}}