{"id":19442,"date":"2022-02-16T07:45:38","date_gmt":"2022-02-16T06:45:38","guid":{"rendered":"https:\/\/www.sms77.io\/?page_id=19442"},"modified":"2024-11-14T20:14:33","modified_gmt":"2024-11-14T19:14:33","slug":"hubspot","status":"publish","type":"page","link":"https:\/\/www.seven.io\/de\/loesungen\/integrationen\/hubspot\/","title":{"rendered":"HubSpot"},"content":{"rendered":"<section class=\"l-section wpb_row height_small\"><div class=\"l-section-h i-cf\"><div class=\"g-cols vc_row via_flex valign_middle type_default stacking_default\"><div class=\"vc_col-sm-6 wpb_column vc_column_container\"><div class=\"vc_column-inner\"><div class=\"wpb_wrapper\"><div class=\"wpb_text_column\"><div class=\"wpb_wrapper\"><p><strong>HubSpot bezeichnet sich selbst als All-in-one-Plattform und das nicht ohne Grund: Die Plattform vereint ein CRM und umfassende Funktionen f\u00fcr Inbound-Marketing, Support und Verkauf. Seit der Gr\u00fcndung 2006 hat HubSpot es sich zum Ziel gemacht, anderen Unternehmen zum Erfolg zu verhelfen und w\u00e4chst dabei selbst kontinuierlich. Die Vielzahl der Funktionalit\u00e4ten an einem Ort machen HubSpot zu einer attraktiven L\u00f6sung f\u00fcr Unternehmen jeder Gr\u00f6\u00dfe.\u00a0<\/strong><\/p>\n<p><strong>Zur Integration Ihrer meistgenutzten Plattformen und Tools stehen diverse Anbindungsm\u00f6glichkeiten und verschiedene Apps zur Verf\u00fcgung. Mit unserer <a href=\"https:\/\/app.hubspot.com\/ecosystem\/6562357\/marketplace\/apps\/marketing\/sms\/sms-text2speech-calls-by-seven\" target=\"_blank\" rel=\"noopener\">HubSpot SMS App<\/a> k\u00f6nnen Sie beispielsweise SMS noch leichter in Ihre Unternehmenskommunikation einbauen. Auch der Versand von Voice-Nachrichten ist \u00fcber die App m\u00f6glich.<\/strong><\/p>\n<\/div><\/div><div class=\"w-btn-wrapper align_none\"><a class=\"w-btn us-btn-style_1 no-border\" target=\"_blank\" rel=\"nofollow noopener\" href=\"https:\/\/app-eu1.hubspot.com\/ecosystem\/6562357\/marketplace\/apps\/sms-text2speech-calls-by-seven\"><span class=\"w-btn-label\">Unsere HubSpot SMS App hinzuf\u00fcgen<\/span><\/a><\/div><\/div><\/div><\/div><div class=\"vc_col-sm-6 wpb_column vc_column_container\"><div class=\"vc_column-inner\"><div class=\"wpb_wrapper\"><div class=\"w-video align_none ratio_16x9 has_iframe\"><div class=\"w-video-h\"><iframe title=\"Youtube video player\" src=\"\/\/www.youtube.com\/embed\/DMmd2kzN1-Y?autoplay=0&controls=0&origin=https:\/\/www.seven.io\/de\/&loop=0&mute=0\" allowfullscreen=\"1\" loading=\"lazy\"><\/iframe><\/div><\/div><\/div><\/div><\/div><\/div><\/div><\/section><section class=\"l-section wpb_row height_small color_alternate\"><div class=\"l-section-h i-cf\"><div class=\"g-cols vc_row via_flex valign_middle type_default stacking_default\"><div class=\"vc_col-sm-6 wpb_column vc_column_container\"><div class=\"vc_column-inner\"><div class=\"wpb_wrapper\"><div class=\"w-image align_center\"><div class=\"w-image-h\"><img decoding=\"async\" width=\"400\" height=\"501\" src=\"https:\/\/www.seven.io\/wp-content\/uploads\/integrationen_hubspot_mock-400x501.png\" class=\"attachment-us_400_0 size-us_400_0\" alt=\"Erreichen Sie Kunden noch pers\u00f6nlicher mit der HubSpot SMS App\" loading=\"lazy\" srcset=\"https:\/\/www.seven.io\/wp-content\/uploads\/integrationen_hubspot_mock-400x501.png 400w, https:\/\/www.seven.io\/wp-content\/uploads\/integrationen_hubspot_mock-240x300.png 240w, https:\/\/www.seven.io\/wp-content\/uploads\/integrationen_hubspot_mock-818x1024.png 818w, https:\/\/www.seven.io\/wp-content\/uploads\/integrationen_hubspot_mock-250x313.png 250w, https:\/\/www.seven.io\/wp-content\/uploads\/integrationen_hubspot_mock-600x751.png 600w, https:\/\/www.seven.io\/wp-content\/uploads\/integrationen_hubspot_mock-768x961.png 768w, https:\/\/www.seven.io\/wp-content\/uploads\/integrationen_hubspot_mock-300x375.png 300w, https:\/\/www.seven.io\/wp-content\/uploads\/integrationen_hubspot_mock-320x400.png 320w, https:\/\/www.seven.io\/wp-content\/uploads\/integrationen_hubspot_mock-200x250.png 200w, https:\/\/www.seven.io\/wp-content\/uploads\/integrationen_hubspot_mock.png 959w\" sizes=\"auto, (max-width: 400px) 100vw, 400px\" \/><\/div><\/div><\/div><\/div><\/div><div class=\"vc_col-sm-6 wpb_column vc_column_container\"><div class=\"vc_column-inner\"><div class=\"wpb_wrapper\"><div class=\"wpb_text_column\"><div class=\"wpb_wrapper\"><h3>Unsere HubSpot SMS App<\/h3>\n<p>Unsere HubSpot SMS App k\u00f6nnen Sie auf vielf\u00e4ltige Arten und Weisen einsetzen. Bereichern Sie beispielsweise Ihren Support, ihr Marketing und Ihren Sales-Prozess, indem Sie SMS in Ihre Kommunikation einbinden. SMS werden als besonders pers\u00f6nlich wahrgenommen und \u00fcberzeugen durch eine besonders schnelle und hohe \u00d6ffnungs- und Leserate. <a href=\"\/de\/produkte\/voice\/\">Voice-Nachrichten<\/a> werden als Anruf zugestellt und erzeugen besonders viel Aufmerksamkeit.<\/p>\n<p>Die Konfiguration ist denkbar einfach. F\u00fcgen Sie unsere HubSpot SMS App mit wenigen Klicks hinzu. Danach geben Sie die wichtigsten Daten f\u00fcr Ihren SMS-Versand ein und schon k\u00f6nnen Sie Ihre erste Nachricht verschicken. Sollten Sie noch keinen seven-Account haben, k\u00f6nnen Sie sich <a href=\"https:\/\/app.seven.io\/signup\" rel=\"noopener\">gratis anmelden<\/a> und unsere Produkte erst einmal ausprobieren.<\/p>\n<\/div><\/div><\/div><\/div><\/div><\/div><\/div><\/section><!-- Row Backgrounds --><div class=\"upb_color\" data-bg-override=\"0\" data-bg-color=\"#f4f4f4\" data-fadeout=\"\" data-fadeout-percentage=\"30\" data-parallax-content=\"\" data-parallax-content-sense=\"30\" data-row-effect-mobile-disable=\"true\" data-img-parallax-mobile-disable=\"true\" data-rtl=\"false\"  data-custom-vc-row=\"\"  data-vc=\"8.7.2\"  data-is_old_vc=\"\"  data-theme-support=\"disable\"   data-overlay=\"false\" data-overlay-color=\"\" data-overlay-pattern=\"\" data-overlay-pattern-opacity=\"\" data-overlay-pattern-size=\"\"    ><\/div><section class=\"l-section wpb_row height_small\"><div class=\"l-section-h i-cf\"><div class=\"g-cols vc_row via_flex valign_middle type_default stacking_default\"><div class=\"vc_col-sm-6 wpb_column vc_column_container\"><div class=\"vc_column-inner\"><div class=\"wpb_wrapper\"><div class=\"wpb_text_column\"><div class=\"wpb_wrapper\"><h3>Automatischer SMS-Versand<\/h3>\n<\/div><\/div><div class=\"uavc-list-icon uavc-list-icon-wrapper ult-adjust-bottom-margin   \"><ul class=\"uavc-list\"><li><div class=\"uavc-list-content\" id=\"list-icon-wrap-5749\">\n<div class=\"uavc-list-icon  \" data-animation=\"\" data-animation-delay=\"03\" style=\"margin-right:25px;\"><div class=\"ult-just-icon-wrapper  \"><div class=\"align-icon\" style=\"text-align:center;\">\n<div class=\"aio-icon none \"  style=\"color:#52c0fa;font-size:40px;display:inline-block;\">\n\t<i class=\"Defaults-envelope-o\"><\/i>\n<\/div><\/div><\/div>\n<\/div><span  data-ultimate-target='#list-icon-wrap-5749 .uavc-list-desc'  data-responsive-json-new='{\"font-size\":\"\",\"line-height\":\"\"}'  class=\"uavc-list-desc ult-responsive\" style=\"\">Versenden Sie automatisch SMS, wenn ein bestimmtes Ereignis in HubSpot eintritt, beispielsweise wenn ein neuer Kontakt erstellt oder gel\u00f6scht wird.<\/span><\/div><\/li><\/ul><\/div><div class=\"wpb_text_column\"><div class=\"wpb_wrapper\"><h3>Voice-Nachrichten<\/h3>\n<\/div><\/div><div class=\"uavc-list-icon uavc-list-icon-wrapper ult-adjust-bottom-margin   \"><ul class=\"uavc-list\"><li><div class=\"uavc-list-content\" id=\"list-icon-wrap-4160\">\n<div class=\"uavc-list-icon  \" data-animation=\"\" data-animation-delay=\"03\" style=\"margin-right:25px;\"><div class=\"ult-just-icon-wrapper  \"><div class=\"align-icon\" style=\"text-align:center;\">\n<div class=\"aio-icon none \"  style=\"color:#52c0fa;font-size:40px;display:inline-block;\">\n\t<i class=\"Defaults-phone\"><\/i>\n<\/div><\/div><\/div>\n<\/div><span  data-ultimate-target='#list-icon-wrap-4160 .uavc-list-desc'  data-responsive-json-new='{\"font-size\":\"\",\"line-height\":\"\"}'  class=\"uavc-list-desc ult-responsive\" style=\"\">Versenden Sie Voice-Nachrichten, die Ihren Empf\u00e4ngern als Anruf zugestellt und dann am Telefon vorgelesen werden. Voice-Nachrichten werden manchmal auch als Text-to-Speech-Nachrichten bezeichnet.<\/span><\/div><\/li><\/ul><\/div><\/div><\/div><\/div><div class=\"vc_col-sm-6 wpb_column vc_column_container\"><div class=\"vc_column-inner\"><div class=\"wpb_wrapper\"><div class=\"w-image no-border align_center\"><a ref=\"magnificPopup\" href=\"https:\/\/www.seven.io\/wp-content\/uploads\/integrationen_hubspot_send_sms_screen.png\" aria-label=\"integrationen_hubspot_send_sms_screen\" class=\"w-image-h\"><img decoding=\"async\" width=\"768\" height=\"513\" src=\"https:\/\/www.seven.io\/wp-content\/uploads\/integrationen_hubspot_send_sms_screen-768x513.png\" class=\"attachment-us_768_0 size-us_768_0\" alt=\"Mit der HubSpot SMS App SMS versenden\" loading=\"lazy\" srcset=\"https:\/\/www.seven.io\/wp-content\/uploads\/integrationen_hubspot_send_sms_screen-768x513.png 768w, https:\/\/www.seven.io\/wp-content\/uploads\/integrationen_hubspot_send_sms_screen-300x200.png 300w, https:\/\/www.seven.io\/wp-content\/uploads\/integrationen_hubspot_send_sms_screen-250x167.png 250w, https:\/\/www.seven.io\/wp-content\/uploads\/integrationen_hubspot_send_sms_screen-600x400.png 600w, https:\/\/www.seven.io\/wp-content\/uploads\/integrationen_hubspot_send_sms_screen-400x267.png 400w, https:\/\/www.seven.io\/wp-content\/uploads\/integrationen_hubspot_send_sms_screen-200x134.png 200w, https:\/\/www.seven.io\/wp-content\/uploads\/integrationen_hubspot_send_sms_screen.png 800w\" sizes=\"auto, (max-width: 768px) 100vw, 768px\" \/><\/a><\/div><div class=\"w-separator size_custom\" style=\"height:10px\"><\/div><div class=\"wpb_text_column\"><div class=\"wpb_wrapper\"><p style=\"text-align: center;\"><em>Die Bedienoberfl\u00e4che in HubSpot beim Anlegen einer neuen SMS, zum Vergr\u00f6\u00dfern anklicken.\u00a0<\/em><\/p>\n<\/div><\/div><\/div><\/div><\/div><\/div><\/div><\/section><section class=\"l-section wpb_row height_small\"><div class=\"l-section-h i-cf\"><div class=\"g-cols vc_row via_flex valign_top type_default stacking_default\"><div class=\"vc_col-sm-12 wpb_column vc_column_container\"><div class=\"vc_column-inner\"><div class=\"wpb_wrapper\"><div class=\"w-actionbox us_custom_e47d7875 color_light controls_right\"><div class=\"w-actionbox-text\"><div class=\"w-actionbox-description\"><p>Sie brauchen Hilfe bei der Installation oder der Einrichtung der Funktionen?<br \/>\nIn unserem Blogpost finden Sie weitere Details.<\/p>\n<\/div><\/div><div class=\"w-actionbox-controls\"><a class=\"w-btn us-btn-style_5\" target=\"_blank\" href=\"https:\/\/www.seven.io\/de\/blog\/sms-in-hubspot-nutzen\/\"><span class=\"w-btn-label\">Blogpost lesen<\/span><\/a><\/div><\/div><\/div><\/div><\/div><\/div><\/div><\/section><!-- Row Backgrounds --><div class=\"upb_color\" data-bg-override=\"0\" data-bg-color=\"#ffffff\" data-fadeout=\"\" data-fadeout-percentage=\"30\" data-parallax-content=\"\" data-parallax-content-sense=\"30\" data-row-effect-mobile-disable=\"true\" data-img-parallax-mobile-disable=\"true\" data-rtl=\"false\"  data-custom-vc-row=\"\"  data-vc=\"8.7.2\"  data-is_old_vc=\"\"  data-theme-support=\"disable\"   data-overlay=\"false\" data-overlay-color=\"\" data-overlay-pattern=\"\" data-overlay-pattern-opacity=\"\" data-overlay-pattern-size=\"\"    ><\/div>\n","protected":false},"excerpt":{"rendered":"HubSpot bezeichnet sich selbst als All-in-one-Plattform und das nicht ohne Grund: Die Plattform vereint ein CRM und umfassende Funktionen f\u00fcr Inbound-Marketing, Support und Verkauf. Seit der Gr\u00fcndung 2006 hat HubSpot es sich zum Ziel gemacht, anderen Unternehmen zum Erfolg zu verhelfen und w\u00e4chst dabei selbst kontinuierlich. Die Vielzahl der Funktionalit\u00e4ten an einem Ort machen HubSpot...","protected":false},"author":1,"featured_media":26446,"parent":17075,"menu_order":0,"comment_status":"closed","ping_status":"closed","template":"","meta":{"content-type":"","footnotes":""},"class_list":["post-19442","page","type-page","status-publish","has-post-thumbnail","hentry"],"_links":{"self":[{"href":"https:\/\/www.seven.io\/de\/wp-json\/wp\/v2\/pages\/19442","targetHints":{"allow":["GET"]}}],"collection":[{"href":"https:\/\/www.seven.io\/de\/wp-json\/wp\/v2\/pages"}],"about":[{"href":"https:\/\/www.seven.io\/de\/wp-json\/wp\/v2\/types\/page"}],"author":[{"embeddable":true,"href":"https:\/\/www.seven.io\/de\/wp-json\/wp\/v2\/users\/1"}],"replies":[{"embeddable":true,"href":"https:\/\/www.seven.io\/de\/wp-json\/wp\/v2\/comments?post=19442"}],"version-history":[{"count":41,"href":"https:\/\/www.seven.io\/de\/wp-json\/wp\/v2\/pages\/19442\/revisions"}],"predecessor-version":[{"id":93114,"href":"https:\/\/www.seven.io\/de\/wp-json\/wp\/v2\/pages\/19442\/revisions\/93114"}],"up":[{"embeddable":true,"href":"https:\/\/www.seven.io\/de\/wp-json\/wp\/v2\/pages\/17075"}],"wp:featuredmedia":[{"embeddable":true,"href":"https:\/\/www.seven.io\/de\/wp-json\/wp\/v2\/media\/26446"}],"wp:attachment":[{"href":"https:\/\/www.seven.io\/de\/wp-json\/wp\/v2\/media?parent=19442"}],"curies":[{"name":"wp","href":"https:\/\/api.w.org\/{rel}","templated":true}]}}