{"id":19665,"date":"2020-11-27T14:29:49","date_gmt":"2020-11-27T13:29:49","guid":{"rendered":"https:\/\/www.sms77.io\/?page_id=19665"},"modified":"2024-03-28T10:05:22","modified_gmt":"2024-03-28T09:05:22","slug":"woocommerce","status":"publish","type":"page","link":"https:\/\/www.seven.io\/de\/loesungen\/integrationen\/woocommerce\/","title":{"rendered":"WooCommerce"},"content":{"rendered":"<section class=\"l-section wpb_row height_small\"><div class=\"l-section-h i-cf\"><div class=\"g-cols vc_row via_flex valign_top type_default stacking_default\"><div class=\"vc_col-sm-6 wpb_column vc_column_container\"><div class=\"vc_column-inner\"><div class=\"wpb_wrapper\"><div class=\"wpb_text_column\"><div class=\"wpb_wrapper\"><p><strong>WooCommerce ist ein Onlineshop-Plugin f\u00fcr WordPress. Es ist das popul\u00e4rste Onlineshop-Plugin \u00fcberhaupt und hat sich stetig weiterentwickelt \u2013 nicht zuletzt, weil es eine Open-Source-L\u00f6sung ist. Seit der Gr\u00fcndung im Jahr 2008 bietet das Unternehmen hinter WooCommerce viele verschiedene Leistungen rund um WordPress an, damals noch als WooThemes. Seit 2017 hat sich das Unternehmen aber ausschlie\u00dflich auf eCommerce spezialisiert. <\/strong><\/p>\n<p><strong>Laut eigenen Angaben richtet sich das Angebot vor allem an kleine und mittlere Unternehmen, die ihren Onlineshop aufbauen wollen. In der Realit\u00e4t k\u00f6nnen aber auch gr\u00f6\u00dfere Firmen von der Flexibilit\u00e4t des Onlineshop-Systems profitieren.<\/strong><\/p>\n<\/div><\/div><div class=\"w-btn-wrapper align_none\"><a class=\"w-btn us-btn-style_1 no-border\" target=\"_blank\" rel=\"nofollow noopener\" href=\"https:\/\/github.com\/seven-io\/wordpress\"><span class=\"w-btn-label\">Unser WordPress-Plugin<\/span><\/a><\/div><\/div><\/div><\/div><div class=\"vc_col-sm-6 wpb_column vc_column_container\"><div class=\"vc_column-inner\"><div class=\"wpb_wrapper\"><div class=\"w-video align_none ratio_16x9 has_iframe\"><div class=\"w-video-h\"><iframe title=\"Youtube video player\" src=\"\/\/www.youtube.com\/embed\/1KahlicghaE?autoplay=0&controls=0&origin=https:\/\/www.seven.io\/de\/&loop=0&mute=0\" allowfullscreen=\"1\" loading=\"lazy\"><\/iframe><\/div><\/div><\/div><\/div><\/div><\/div><\/div><\/section><section class=\"l-section wpb_row height_small color_alternate\"><div class=\"l-section-h i-cf\"><div class=\"g-cols vc_row via_flex valign_top type_default stacking_default\"><div class=\"vc_col-sm-6 wpb_column vc_column_container\"><div class=\"vc_column-inner\"><div class=\"wpb_wrapper\"><div class=\"w-image align_center\"><div class=\"w-image-h\"><img decoding=\"async\" width=\"300\" height=\"597\" src=\"https:\/\/www.seven.io\/wp-content\/uploads\/integrationen_magento2_mock-300x597.png\" class=\"attachment-us_300_0 size-us_300_0\" alt=\"Magento 2 kann mit dem sms77-Plugin erweitert werden\" loading=\"lazy\" srcset=\"https:\/\/www.seven.io\/wp-content\/uploads\/integrationen_magento2_mock-300x597.png 300w, https:\/\/www.seven.io\/wp-content\/uploads\/integrationen_magento2_mock-151x300.png 151w, https:\/\/www.seven.io\/wp-content\/uploads\/integrationen_magento2_mock-514x1024.png 514w, https:\/\/www.seven.io\/wp-content\/uploads\/integrationen_magento2_mock-250x498.png 250w, https:\/\/www.seven.io\/wp-content\/uploads\/integrationen_magento2_mock-600x1195.png 600w, https:\/\/www.seven.io\/wp-content\/uploads\/integrationen_magento2_mock-768x1529.png 768w, https:\/\/www.seven.io\/wp-content\/uploads\/integrationen_magento2_mock-400x796.png 400w, https:\/\/www.seven.io\/wp-content\/uploads\/integrationen_magento2_mock-201x400.png 201w, https:\/\/www.seven.io\/wp-content\/uploads\/integrationen_magento2_mock-200x398.png 200w, https:\/\/www.seven.io\/wp-content\/uploads\/integrationen_magento2_mock.png 904w\" sizes=\"auto, (max-width: 300px) 100vw, 300px\" \/><\/div><\/div><\/div><\/div><\/div><div class=\"vc_col-sm-6 wpb_column vc_column_container\"><div class=\"vc_column-inner\"><div class=\"wpb_wrapper\"><div class=\"wpb_text_column\"><div class=\"wpb_wrapper\"><h3>Das seven-Plugin f\u00fcr WooCommerce<\/h3>\n<p>Sie m\u00f6chten mit WooCommerce durchstarten und Ihren Kunden ein gro\u00dfartiges Erlebnis garantieren? Mit dem seven-Plugin sind Sie in der Lage, au\u00dfergew\u00f6hnlichen Service durch SMS-Versand anzubieten.<br \/>\nGanz einfach, direkt in WooCommerce.<\/p>\n<\/div><\/div><div class=\"g-cols wpb_row via_flex valign_top type_default stacking_default\"><div class=\"vc_col-sm-12 wpb_column vc_column_container\"><div class=\"vc_column-inner\"><div class=\"wpb_wrapper\"><div class=\"wpb_text_column\"><div class=\"wpb_wrapper\"><h3>Das seven-Plugin:<\/h3>\n<\/div><\/div><\/div><\/div><\/div><\/div><div class=\"uavc-list-icon uavc-list-icon-wrapper ult-adjust-bottom-margin   \"><ul class=\"uavc-list\"><li><div class=\"uavc-list-content\" id=\"list-icon-wrap-9405\">\n<div class=\"uavc-list-icon  \" data-animation=\"\" data-animation-delay=\"03\" style=\"margin-right:25px;\"><div class=\"ult-just-icon-wrapper  \"><div class=\"align-icon\" style=\"text-align:center;\">\n<div class=\"aio-icon none \"  style=\"color:#333333;font-size:40px;display:inline-block;\">\n\t<i class=\"none\"><\/i>\n<\/div><\/div><\/div>\n<\/div><span  data-ultimate-target='#list-icon-wrap-9405 .uavc-list-desc'  data-responsive-json-new='{\"font-size\":\"\",\"line-height\":\"\"}'  class=\"uavc-list-desc ult-responsive\" style=\"\"><\/span><\/div><\/li><li><div class=\"uavc-list-content\" id=\"list-icon-wrap-6296\">\n<div class=\"uavc-list-icon  \" data-animation=\"\" data-animation-delay=\"03\" style=\"margin-right:25px;\"><div class=\"ult-just-icon-wrapper  \"><div class=\"align-icon\" style=\"text-align:center;\">\n<div class=\"aio-icon none \"  style=\"color:#00d46a;font-size:40px;display:inline-block;\">\n\t<i class=\"Defaults-check-circle-o\"><\/i>\n<\/div><\/div><\/div>\n<\/div><span  data-ultimate-target='#list-icon-wrap-6296 .uavc-list-desc'  data-responsive-json-new='{\"font-size\":\"\",\"line-height\":\"\"}'  class=\"uavc-list-desc ult-responsive\" style=\"\">\n<h5>Leicht zu installieren<\/h5>\n<\/span><\/div><\/li><li><div class=\"uavc-list-content\" id=\"list-icon-wrap-6352\">\n<div class=\"uavc-list-icon  \" data-animation=\"\" data-animation-delay=\"03\" style=\"margin-right:25px;\"><div class=\"ult-just-icon-wrapper  \"><div class=\"align-icon\" style=\"text-align:center;\">\n<div class=\"aio-icon none \"  style=\"color:#00d46a;font-size:40px;display:inline-block;\">\n\t<i class=\"Defaults-check-circle-o\"><\/i>\n<\/div><\/div><\/div>\n<\/div><span  data-ultimate-target='#list-icon-wrap-6352 .uavc-list-desc'  data-responsive-json-new='{\"font-size\":\"\",\"line-height\":\"\"}'  class=\"uavc-list-desc ult-responsive\" style=\"\">\n<h5>Einfache Bedienung<\/h5>\n<\/span><\/div><\/li><li><div class=\"uavc-list-content\" id=\"list-icon-wrap-9113\">\n<div class=\"uavc-list-icon  \" data-animation=\"\" data-animation-delay=\"03\" style=\"margin-right:25px;\"><div class=\"ult-just-icon-wrapper  \"><div class=\"align-icon\" style=\"text-align:center;\">\n<div class=\"aio-icon none \"  style=\"color:#00d46a;font-size:40px;display:inline-block;\">\n\t<i class=\"Defaults-check-circle-o\"><\/i>\n<\/div><\/div><\/div>\n<\/div><span  data-ultimate-target='#list-icon-wrap-9113 .uavc-list-desc'  data-responsive-json-new='{\"font-size\":\"\",\"line-height\":\"\"}'  class=\"uavc-list-desc ult-responsive\" style=\"\">\n<h5>N\u00fctzliche Features<\/h5>\n<\/span><\/div><\/li><li><div class=\"uavc-list-content\" id=\"list-icon-wrap-4610\">\n<div class=\"uavc-list-icon  \" data-animation=\"\" data-animation-delay=\"03\" style=\"margin-right:25px;\"><div class=\"ult-just-icon-wrapper  \"><div class=\"align-icon\" style=\"text-align:center;\">\n<div class=\"aio-icon none \"  style=\"color:#00d46a;font-size:40px;display:inline-block;\">\n\t<i class=\"Defaults-check-circle-o\"><\/i>\n<\/div><\/div><\/div>\n<\/div><span  data-ultimate-target='#list-icon-wrap-4610 .uavc-list-desc'  data-responsive-json-new='{\"font-size\":\"\",\"line-height\":\"\"}'  class=\"uavc-list-desc ult-responsive\" style=\"\">\n<h5>Flexible Anwendungen<\/h5>\n<\/span><\/div><\/li><\/ul><\/div><\/div><\/div><\/div><\/div><\/div><\/section><!-- Row Backgrounds --><div class=\"upb_color\" data-bg-override=\"0\" data-bg-color=\"#f4f4f4\" data-fadeout=\"\" data-fadeout-percentage=\"30\" data-parallax-content=\"\" data-parallax-content-sense=\"30\" data-row-effect-mobile-disable=\"true\" data-img-parallax-mobile-disable=\"true\" data-rtl=\"false\"  data-custom-vc-row=\"\"  data-vc=\"8.7.2\"  data-is_old_vc=\"\"  data-theme-support=\"disable\"   data-overlay=\"false\" data-overlay-color=\"\" data-overlay-pattern=\"\" data-overlay-pattern-opacity=\"\" data-overlay-pattern-size=\"\"    ><\/div><section class=\"l-section wpb_row height_small\"><div class=\"l-section-h i-cf\"><div class=\"g-cols vc_row via_flex valign_middle type_default stacking_default\"><div class=\"vc_col-sm-6 wpb_column vc_column_container\"><div class=\"vc_column-inner\"><div class=\"wpb_wrapper\"><div class=\"w-iconbox iconpos_left style_default color_secondary align_left\"><div class=\"w-iconbox-icon\" style=\"font-size:40px;\"><i class=\"fas fa-envelope\"><\/i><\/div><div class=\"w-iconbox-meta\"><h4 class=\"w-iconbox-title\">Versand von Massen-SMS<\/h4><div class=\"w-iconbox-text\"><p>Mit dem seven-Plugin k\u00f6nnen Sie aus WooCommerce heraus <a href=\"\/loesungen\/einsatzbereiche\/sms-massenversand\/\">Massen-SMS<\/a> versenden.<\/p>\n<p>So k\u00f6nnen Sie nicht nur spontane \u00c4nderungen mitteilen, sondern auch Ihr Marketing vorantreiben. Versenden Sie Ihre neusten Angebote oder laden Sie Ihre Kunden in Ihr Gesch\u00e4ft ein.<\/p>\n<\/div><\/div><\/div><div class=\"w-separator size_medium\"><\/div><div class=\"w-iconbox iconpos_left style_default color_secondary align_left\"><div class=\"w-iconbox-icon\" style=\"font-size:40px;\"><i class=\"fas fa-search\"><\/i><\/div><div class=\"w-iconbox-meta\"><h4 class=\"w-iconbox-title\">Performance Tracking<\/h4><div class=\"w-iconbox-text\"><p>Nat\u00fcrlich m\u00f6chten Sie wissen, ob Ihr SMS-Marketing erfolgreich ist. Deshalb k\u00f6nnen Sie mithilfe unseres Plugins die direkt aus WooCommerce versandten Nachrichten im Auge behalten \u2013 mithilfe unseres Performance Trackings.<\/p>\n<p>Das Tracking gibt Ihnen Auskunft dar\u00fcber ob und wie h\u00e4ufig eine SMS gelesen wurde und der darin enthaltene Link geklickt wurde.<\/p>\n<\/div><\/div><\/div><\/div><\/div><\/div><div class=\"vc_col-sm-6 wpb_column vc_column_container\"><div class=\"vc_column-inner\"><div class=\"wpb_wrapper\"><div class=\"w-image no-border align_center\"><a ref=\"magnificPopup\" href=\"https:\/\/www.seven.io\/wp-content\/uploads\/integration_woocommerce_setting_1-1.png\" aria-label=\"integration_woocommerce_setting_1\" class=\"w-image-h\"><img decoding=\"async\" width=\"768\" height=\"512\" src=\"https:\/\/www.seven.io\/wp-content\/uploads\/integration_woocommerce_setting_1-1-768x512.png\" class=\"attachment-us_768_0 size-us_768_0\" alt=\"Benutzeroberfl\u00e4che des sms77-Plugins in WooCommerce\" loading=\"lazy\" srcset=\"https:\/\/www.seven.io\/wp-content\/uploads\/integration_woocommerce_setting_1-1-768x512.png 768w, https:\/\/www.seven.io\/wp-content\/uploads\/integration_woocommerce_setting_1-1-300x200.png 300w, https:\/\/www.seven.io\/wp-content\/uploads\/integration_woocommerce_setting_1-1-1024x683.png 1024w, https:\/\/www.seven.io\/wp-content\/uploads\/integration_woocommerce_setting_1-1-250x167.png 250w, https:\/\/www.seven.io\/wp-content\/uploads\/integration_woocommerce_setting_1-1-600x400.png 600w, https:\/\/www.seven.io\/wp-content\/uploads\/integration_woocommerce_setting_1-1-400x267.png 400w, https:\/\/www.seven.io\/wp-content\/uploads\/integration_woocommerce_setting_1-1-200x133.png 200w, https:\/\/www.seven.io\/wp-content\/uploads\/integration_woocommerce_setting_1-1.png 1080w\" sizes=\"auto, (max-width: 768px) 100vw, 768px\" \/><\/a><\/div><\/div><\/div><\/div><\/div><\/div><\/section><section class=\"l-section wpb_row height_small\"><div class=\"l-section-h i-cf\"><div class=\"g-cols vc_row via_flex valign_middle type_default stacking_default\"><div class=\"vc_col-sm-6 wpb_column vc_column_container\"><div class=\"vc_column-inner\"><div class=\"wpb_wrapper\"><div class=\"w-iconbox iconpos_left style_default color_secondary align_left\"><div class=\"w-iconbox-icon\" style=\"font-size:40px;\"><i class=\"fas fa-tag\"><\/i><\/div><div class=\"w-iconbox-meta\"><h4 class=\"w-iconbox-title\">Labels<\/h4><div class=\"w-iconbox-text\"><p>Auch in WooCommerce k\u00f6nnen Sie Ihre SMS beim Versand mit Labels markieren. So behalten Sie den \u00dcberblick \u00fcber die Art und den Umfang Ihrer Nachrichten und k\u00f6nnen Ihre Analyse besser strukturieren.<\/p>\n<\/div><\/div><\/div><\/div><\/div><\/div><div class=\"vc_col-sm-6 wpb_column vc_column_container\"><div class=\"vc_column-inner\"><div class=\"wpb_wrapper\"><div class=\"w-iconbox iconpos_left style_default color_secondary align_left\"><div class=\"w-iconbox-icon\" style=\"font-size:40px;\"><i class=\"fas fa-bolt\"><\/i><\/div><div class=\"w-iconbox-meta\"><h4 class=\"w-iconbox-title\">Flash-SMS<\/h4><div class=\"w-iconbox-text\"><p>Flash-SMS sind Nachrichten, die unmittelbar nach Empfang auf dem Handydisplay angezeigt werden. Au\u00dferdem werden Sie nicht auf dem Telefon gespeichert. Daher eigenen Sie sich nicht f\u00fcr den Versand von Angeboten, aber durchaus f\u00fcr kurze und wichtige Mitteilungen, wie beispielsweise Versandbest\u00e4tigungen.<\/p>\n<\/div><\/div><\/div><\/div><\/div><\/div><\/div><\/div><\/section><!-- Row Backgrounds --><div class=\"upb_color\" data-bg-override=\"0\" data-bg-color=\"#ffffff\" data-fadeout=\"\" data-fadeout-percentage=\"30\" data-parallax-content=\"\" data-parallax-content-sense=\"30\" data-row-effect-mobile-disable=\"true\" data-img-parallax-mobile-disable=\"true\" data-rtl=\"false\"  data-custom-vc-row=\"\"  data-vc=\"8.7.2\"  data-is_old_vc=\"\"  data-theme-support=\"disable\"   data-overlay=\"false\" data-overlay-color=\"\" data-overlay-pattern=\"\" data-overlay-pattern-opacity=\"\" data-overlay-pattern-size=\"\"    ><\/div><section class=\"l-section wpb_row height_small\"><div class=\"l-section-h i-cf\"><div class=\"g-cols vc_row via_flex valign_top type_default stacking_default\"><div class=\"vc_col-sm-12 wpb_column vc_column_container\"><div class=\"vc_column-inner\"><div class=\"wpb_wrapper\"><div class=\"w-actionbox us_custom_e47d7875 color_light controls_right\"><div class=\"w-actionbox-text\"><div class=\"w-actionbox-description\"><p>Sie brauchen Hilfe bei der Installation oder der Einrichtung der Funktionen?<br \/>\nAuf unserer GitHub-Seite finden Sie weitere Informationen.<\/p>\n<\/div><\/div><div class=\"w-actionbox-controls\"><a class=\"w-btn us-btn-style_5\" target=\"_blank\" href=\"https:\/\/github.com\/seven-io\/wordpress\" rel=\"noopener\"><span class=\"w-btn-label\">Zu GitHub<\/span><\/a><\/div><\/div><\/div><\/div><\/div><\/div><\/div><\/section><!-- Row Backgrounds --><div class=\"upb_color\" data-bg-override=\"0\" data-bg-color=\"#ffffff\" data-fadeout=\"\" data-fadeout-percentage=\"30\" data-parallax-content=\"\" data-parallax-content-sense=\"30\" data-row-effect-mobile-disable=\"true\" data-img-parallax-mobile-disable=\"true\" data-rtl=\"false\"  data-custom-vc-row=\"\"  data-vc=\"8.7.2\"  data-is_old_vc=\"\"  data-theme-support=\"disable\"   data-overlay=\"false\" data-overlay-color=\"\" data-overlay-pattern=\"\" data-overlay-pattern-opacity=\"\" data-overlay-pattern-size=\"\"    ><\/div>\n","protected":false},"excerpt":{"rendered":"WooCommerce ist ein Onlineshop-Plugin f\u00fcr WordPress. Es ist das popul\u00e4rste Onlineshop-Plugin \u00fcberhaupt und hat sich stetig weiterentwickelt \u2013 nicht zuletzt, weil es eine Open-Source-L\u00f6sung ist. Seit der Gr\u00fcndung im Jahr 2008 bietet das Unternehmen hinter WooCommerce viele verschiedene Leistungen rund um WordPress an, damals noch als WooThemes. Seit 2017 hat sich das Unternehmen aber ausschlie\u00dflich...","protected":false},"author":1,"featured_media":19675,"parent":17075,"menu_order":0,"comment_status":"closed","ping_status":"closed","template":"","meta":{"content-type":"","footnotes":""},"class_list":["post-19665","page","type-page","status-publish","has-post-thumbnail","hentry"],"_links":{"self":[{"href":"https:\/\/www.seven.io\/de\/wp-json\/wp\/v2\/pages\/19665","targetHints":{"allow":["GET"]}}],"collection":[{"href":"https:\/\/www.seven.io\/de\/wp-json\/wp\/v2\/pages"}],"about":[{"href":"https:\/\/www.seven.io\/de\/wp-json\/wp\/v2\/types\/page"}],"author":[{"embeddable":true,"href":"https:\/\/www.seven.io\/de\/wp-json\/wp\/v2\/users\/1"}],"replies":[{"embeddable":true,"href":"https:\/\/www.seven.io\/de\/wp-json\/wp\/v2\/comments?post=19665"}],"version-history":[{"count":48,"href":"https:\/\/www.seven.io\/de\/wp-json\/wp\/v2\/pages\/19665\/revisions"}],"predecessor-version":[{"id":92439,"href":"https:\/\/www.seven.io\/de\/wp-json\/wp\/v2\/pages\/19665\/revisions\/92439"}],"up":[{"embeddable":true,"href":"https:\/\/www.seven.io\/de\/wp-json\/wp\/v2\/pages\/17075"}],"wp:featuredmedia":[{"embeddable":true,"href":"https:\/\/www.seven.io\/de\/wp-json\/wp\/v2\/media\/19675"}],"wp:attachment":[{"href":"https:\/\/www.seven.io\/de\/wp-json\/wp\/v2\/media?parent=19665"}],"curies":[{"name":"wp","href":"https:\/\/api.w.org\/{rel}","templated":true}]}}