{"id":20030,"date":"2020-11-27T14:29:49","date_gmt":"2020-11-27T13:29:49","guid":{"rendered":"https:\/\/www.sms77.io\/?page_id=20030"},"modified":"2024-03-27T11:56:40","modified_gmt":"2024-03-27T10:56:40","slug":"opencart","status":"publish","type":"page","link":"https:\/\/www.seven.io\/de\/loesungen\/integrationen\/opencart\/","title":{"rendered":"OpenCart"},"content":{"rendered":"<section class=\"l-section wpb_row height_small\"><div class=\"l-section-h i-cf\"><div class=\"g-cols vc_row via_flex valign_top type_default stacking_default\"><div class=\"vc_col-sm-6 wpb_column vc_column_container\"><div class=\"vc_column-inner\"><div class=\"wpb_wrapper\"><div class=\"wpb_text_column\"><div class=\"wpb_wrapper\"><p><strong>OpenCart ist ein Open-Source-Online-Shopsystem, das in seiner Basisversion kostenfrei nutzbar ist. Es zeichnet sich im Besonderen dadurch aus, dass sich das Design des Shops im Vergleich zu anderen sehr frei gestalten l\u00e4sst. Dar\u00fcber hinaus sind auch die Funktionen \u00a0des Onlineshop-Seite durch zahlreiche Module erweiterbar. Behalten Sie aber im Hinterkopf, dass einige dieser Module kostenpflichtig sein k\u00f6nnen. <\/strong><\/p>\n<p><strong>OpenCart gl\u00e4nzt durch eine aktive Community und w\u00e4chst best\u00e4ndig weiter, weshalb Sie bei eventuellen Fragen auch im <a href=\"https:\/\/forum.opencart.com\" target=\"_blank\" rel=\"noopener noreferrer\">Forum<\/a> und <a href=\"https:\/\/www.opencart.com\/blog\" target=\"_blank\" rel=\"noopener noreferrer\">Blog<\/a> Abhilfe finden k\u00f6nnen. Wer in der Gestaltung seines Onlineshops flexibel bleiben und dabei keine Unsummen ausgeben m\u00f6chte, sollte sich das Shopsystem genauer ansehen.<\/strong><\/p>\n<\/div><\/div><div class=\"w-btn-wrapper align_none\"><a class=\"w-btn us-btn-style_1 no-border\" target=\"_blank\" rel=\"nofollow noopener\" href=\"https:\/\/github.com\/seven-io\/opencart\"><span class=\"w-btn-label\">Zu unserem OpenCart-Plugin<\/span><\/a><\/div><\/div><\/div><\/div><div class=\"vc_col-sm-6 wpb_column vc_column_container\"><div class=\"vc_column-inner\"><div class=\"wpb_wrapper\"><div class=\"w-image align_center\"><div class=\"w-image-h\"><img decoding=\"async\" width=\"300\" height=\"300\" src=\"https:\/\/www.seven.io\/wp-content\/uploads\/integrationen_opencart_logo-300x300.png\" class=\"attachment-us_300_0 size-us_300_0\" alt=\"Versenden Sie Marketing-SMS mit dem sms77-Plugin f\u00fcr OpenCart\" loading=\"lazy\" srcset=\"https:\/\/www.seven.io\/wp-content\/uploads\/integrationen_opencart_logo-300x300.png 300w, https:\/\/www.seven.io\/wp-content\/uploads\/integrationen_opencart_logo-150x150.png 150w, https:\/\/www.seven.io\/wp-content\/uploads\/integrationen_opencart_logo-350x350.png 350w, https:\/\/www.seven.io\/wp-content\/uploads\/integrationen_opencart_logo.png 600w, https:\/\/www.seven.io\/wp-content\/uploads\/integrationen_opencart_logo-250x250.png 250w, https:\/\/www.seven.io\/wp-content\/uploads\/integrationen_opencart_logo-400x400.png 400w, https:\/\/www.seven.io\/wp-content\/uploads\/integrationen_opencart_logo-200x200.png 200w\" sizes=\"auto, (max-width: 300px) 100vw, 300px\" \/><\/div><\/div><\/div><\/div><\/div><\/div><\/div><\/section><section class=\"l-section wpb_row height_small\"><div class=\"l-section-h i-cf\"><div class=\"g-cols vc_row via_flex valign_top type_default stacking_default\"><div class=\"vc_col-sm-6 wpb_column vc_column_container\"><div class=\"vc_column-inner\"><div class=\"wpb_wrapper\"><div class=\"w-image align_center\"><div class=\"w-image-h\"><img decoding=\"async\" width=\"600\" height=\"338\" src=\"https:\/\/www.seven.io\/wp-content\/uploads\/opencart_send_sms-600x338.png\" class=\"attachment-us_600_0 size-us_600_0\" alt=\"Auch in OpenCart k\u00f6nnen Sie SMS \u00fcber sms77 verschicken\" loading=\"lazy\" srcset=\"https:\/\/www.seven.io\/wp-content\/uploads\/opencart_send_sms-600x338.png 600w, https:\/\/www.seven.io\/wp-content\/uploads\/opencart_send_sms-300x169.png 300w, https:\/\/www.seven.io\/wp-content\/uploads\/opencart_send_sms-1024x576.png 1024w, https:\/\/www.seven.io\/wp-content\/uploads\/opencart_send_sms-250x141.png 250w, https:\/\/www.seven.io\/wp-content\/uploads\/opencart_send_sms-768x432.png 768w, https:\/\/www.seven.io\/wp-content\/uploads\/opencart_send_sms-400x225.png 400w, https:\/\/www.seven.io\/wp-content\/uploads\/opencart_send_sms-200x113.png 200w, https:\/\/www.seven.io\/wp-content\/uploads\/opencart_send_sms.png 1800w\" sizes=\"auto, (max-width: 600px) 100vw, 600px\" \/><\/div><\/div><\/div><\/div><\/div><div class=\"vc_col-sm-6 wpb_column vc_column_container\"><div class=\"vc_column-inner\"><div class=\"wpb_wrapper\"><div class=\"wpb_text_column\"><div class=\"wpb_wrapper\"><h3>Das seven-Modul f\u00fcr OpenCart<\/h3>\n<p>Es gibt viele gute Gr\u00fcnde, aus denen E-Commerce-Unternehmen SMS an ihre Kunden senden m\u00f6chten. Ob Sie Benachrichtigungen \u00fcber besondere Angebote versenden m\u00f6chten oder wichtige \u00c4nderungen mitteilen m\u00fcssen, mit SMS treffen Sie eine gute Wahl, denn sie werden \u00fcberdurchschnittlich schnell und h\u00e4ufig gelesen.<\/p>\n<p>Wenn Sie einen <a href=\"https:\/\/app.seven.io\/signup\" rel=\"noopener\">Account bei seven<\/a> haben, k\u00f6nnen Sie unsere Dienste mithilfe des API-Keys auch in OpenCart nutzen. Sobald Sie den Versand via seven eingerichtet haben, steht Ihnen der Versand von Massen SMS in OpenCart zu Verf\u00fcgung.<\/p>\n<\/div><\/div><\/div><\/div><\/div><\/div><\/div><\/section><!-- Row Backgrounds --><div class=\"upb_color\" data-bg-override=\"0\" data-bg-color=\"#f4f4f4\" data-fadeout=\"\" data-fadeout-percentage=\"30\" data-parallax-content=\"\" data-parallax-content-sense=\"30\" data-row-effect-mobile-disable=\"true\" data-img-parallax-mobile-disable=\"true\" data-rtl=\"false\"  data-custom-vc-row=\"\"  data-vc=\"8.7.2\"  data-is_old_vc=\"\"  data-theme-support=\"disable\"   data-overlay=\"false\" data-overlay-color=\"\" data-overlay-pattern=\"\" data-overlay-pattern-opacity=\"\" data-overlay-pattern-size=\"\"    ><\/div><section class=\"l-section wpb_row height_small\"><div class=\"l-section-h i-cf\"><div class=\"g-cols vc_row via_flex valign_top type_default stacking_default\"><div class=\"vc_col-sm-6 wpb_column vc_column_container\"><div class=\"vc_column-inner\"><div class=\"wpb_wrapper\"><div class=\"w-iconbox iconpos_left style_default color_secondary align_left\"><div class=\"w-iconbox-icon\" style=\"font-size:40px;\"><i class=\"fas fa-bullhorn\"><\/i><\/div><div class=\"w-iconbox-meta\"><h4 class=\"w-iconbox-title\">Marketing-SMS<\/h4><div class=\"w-iconbox-text\"><p style=\"text-align: left;\">SMS erreichen nicht nur jedes Handy, sie werden auch \u00fcberdurchschnittlich schnell und h\u00e4ufig gelesen. Deswegen eignen sie sich hervorragend zum Versand von exklusiven Angeboten. Durch die Einteilung in unterschiedliche Gruppen k\u00f6nnen Sie Ihre Kunden segmentieren und die Wirksamkeit Ihrer Kampagne erh\u00f6hen.<\/p>\n<\/div><\/div><\/div><\/div><\/div><\/div><div class=\"vc_col-sm-6 wpb_column vc_column_container\"><div class=\"vc_column-inner\"><div class=\"wpb_wrapper\"><div class=\"w-iconbox iconpos_left style_default color_secondary align_left\"><div class=\"w-iconbox-icon\" style=\"font-size:40px;\"><i class=\"fas fa-exclamation-triangle\"><\/i><\/div><div class=\"w-iconbox-meta\"><h4 class=\"w-iconbox-title\">Benachrichtigungen<\/h4><div class=\"w-iconbox-text\"><p style=\"text-align: left;\">Ihre AGB \u00e4ndern sich? Sie m\u00f6chten Ihre Kunden zu einer Veranstaltung einladen? Ihr Ladengesch\u00e4ft hat neue \u00d6ffnungszeiten? In nur einer Minute k\u00f6nnen Sie eine Nachricht an alle Ihre Kunden gleichzeitig senden! So erreichen auch zeitlich sensible Mitteilungen rechtzeitig ihr Ziel.<\/p>\n<\/div><\/div><\/div><\/div><\/div><\/div><\/div><\/div><\/section><section class=\"l-section wpb_row height_small\"><div class=\"l-section-h i-cf\"><div class=\"g-cols vc_row via_flex valign_top type_default stacking_default\"><div class=\"vc_col-sm-12 wpb_column vc_column_container\"><div class=\"vc_column-inner\"><div class=\"wpb_wrapper\"><div class=\"w-actionbox us_custom_e47d7875 color_light controls_right\"><div class=\"w-actionbox-text\"><div class=\"w-actionbox-description\"><p>Sie brauchen Hilfe bei der Installation oder der Einrichtung der Funktionen?<br \/>\nAuf unserer GitHub-Seite finden Sie weitere Informationen.<\/p>\n<\/div><\/div><div class=\"w-actionbox-controls\"><a class=\"w-btn us-btn-style_5\" target=\"_blank\" href=\"https:\/\/github.com\/seven-io\/opencart\" rel=\"noopener\"><span class=\"w-btn-label\">Zu GitHub<\/span><\/a><\/div><\/div><\/div><\/div><\/div><\/div><\/div><\/section><!-- Row Backgrounds --><div class=\"upb_color\" data-bg-override=\"0\" data-bg-color=\"#ffffff\" data-fadeout=\"\" data-fadeout-percentage=\"30\" data-parallax-content=\"\" data-parallax-content-sense=\"30\" data-row-effect-mobile-disable=\"true\" data-img-parallax-mobile-disable=\"true\" data-rtl=\"false\"  data-custom-vc-row=\"\"  data-vc=\"8.7.2\"  data-is_old_vc=\"\"  data-theme-support=\"disable\"   data-overlay=\"false\" data-overlay-color=\"\" data-overlay-pattern=\"\" data-overlay-pattern-opacity=\"\" data-overlay-pattern-size=\"\"    ><\/div>\n","protected":false},"excerpt":{"rendered":"OpenCart ist ein Open-Source-Online-Shopsystem, das in seiner Basisversion kostenfrei nutzbar ist. Es zeichnet sich im Besonderen dadurch aus, dass sich das Design des Shops im Vergleich zu anderen sehr frei gestalten l\u00e4sst. Dar\u00fcber hinaus sind auch die Funktionen \u00a0des Onlineshop-Seite durch zahlreiche Module erweiterbar. Behalten Sie aber im Hinterkopf, dass einige dieser Module kostenpflichtig sein...","protected":false},"author":1,"featured_media":22257,"parent":17075,"menu_order":0,"comment_status":"closed","ping_status":"closed","template":"","meta":{"content-type":"","footnotes":""},"class_list":["post-20030","page","type-page","status-publish","has-post-thumbnail","hentry"],"_links":{"self":[{"href":"https:\/\/www.seven.io\/de\/wp-json\/wp\/v2\/pages\/20030","targetHints":{"allow":["GET"]}}],"collection":[{"href":"https:\/\/www.seven.io\/de\/wp-json\/wp\/v2\/pages"}],"about":[{"href":"https:\/\/www.seven.io\/de\/wp-json\/wp\/v2\/types\/page"}],"author":[{"embeddable":true,"href":"https:\/\/www.seven.io\/de\/wp-json\/wp\/v2\/users\/1"}],"replies":[{"embeddable":true,"href":"https:\/\/www.seven.io\/de\/wp-json\/wp\/v2\/comments?post=20030"}],"version-history":[{"count":40,"href":"https:\/\/www.seven.io\/de\/wp-json\/wp\/v2\/pages\/20030\/revisions"}],"predecessor-version":[{"id":92406,"href":"https:\/\/www.seven.io\/de\/wp-json\/wp\/v2\/pages\/20030\/revisions\/92406"}],"up":[{"embeddable":true,"href":"https:\/\/www.seven.io\/de\/wp-json\/wp\/v2\/pages\/17075"}],"wp:featuredmedia":[{"embeddable":true,"href":"https:\/\/www.seven.io\/de\/wp-json\/wp\/v2\/media\/22257"}],"wp:attachment":[{"href":"https:\/\/www.seven.io\/de\/wp-json\/wp\/v2\/media?parent=20030"}],"curies":[{"name":"wp","href":"https:\/\/api.w.org\/{rel}","templated":true}]}}