{"id":20357,"date":"2020-11-27T14:38:01","date_gmt":"2020-11-27T13:38:01","guid":{"rendered":"https:\/\/www.sms77.io\/?page_id=20357"},"modified":"2024-03-27T11:28:35","modified_gmt":"2024-03-27T10:28:35","slug":"node-red","status":"publish","type":"page","link":"https:\/\/www.seven.io\/de\/loesungen\/integrationen\/node-red\/","title":{"rendered":"Node-RED"},"content":{"rendered":"<section class=\"l-section wpb_row height_small\"><div class=\"l-section-h i-cf\"><div class=\"g-cols vc_row via_flex valign_top type_default stacking_default\"><div class=\"vc_col-sm-6 wpb_column vc_column_container\"><div class=\"vc_column-inner\"><div class=\"wpb_wrapper\"><div class=\"wpb_text_column\"><div class=\"wpb_wrapper\"><p><strong>Node-RED ist ein grafisches Entwicklungswerkzeug und findet vor allem im Bereich des Internet der Dinge Anwendung (auch Internet of things, kurz IoT). Das Tool erm\u00f6glicht durch die Visualisierung von Abl\u00e4ufen, hier Flows genannt, weitgehend intuitives Programmieren. Dadurch sind keine umfassenden Coding-Kenntnisse mehr notwendig. Die Software wurde von Entwicklern der IBM Emerging Technology Services entwickelt und ist heute Open Source. Seit 2016 geh\u00f6rt sie zur heutigen Open-JS-Foundation, die zu einer positiven Entwicklung des JavaScript- und Web-\u00d6kosystems beitragen m\u00f6chte.<\/strong><\/p>\n<\/div><\/div><div class=\"w-btn-wrapper align_none\"><a class=\"w-btn us-btn-style_1 no-border\" target=\"_blank\" rel=\"nofollow noopener\" href=\"https:\/\/github.com\/seven-io\/node-red\"><span class=\"w-btn-label\">Zu unserem Plugin f\u00fcr Node-RED<\/span><\/a><\/div><\/div><\/div><\/div><div class=\"vc_col-sm-6 wpb_column vc_column_container\"><div class=\"vc_column-inner\"><div class=\"wpb_wrapper\"><div class=\"w-video align_none ratio_16x9 has_iframe\"><div class=\"w-video-h\"><iframe title=\"Youtube video player\" src=\"\/\/www.youtube.com\/embed\/ksGeUD26Mw0?autoplay=0&controls=0&origin=https:\/\/www.seven.io\/de\/&loop=0&mute=0\" allowfullscreen=\"1\" loading=\"lazy\"><\/iframe><\/div><\/div><\/div><\/div><\/div><\/div><\/div><\/section><section class=\"l-section wpb_row height_small\"><div class=\"l-section-h i-cf\"><div class=\"g-cols vc_row via_flex valign_top type_default stacking_default\"><div class=\"vc_col-sm-6 wpb_column vc_column_container\"><div class=\"vc_column-inner\"><div class=\"wpb_wrapper\"><div class=\"w-image align_center\"><div class=\"w-image-h\"><img decoding=\"async\" width=\"300\" height=\"300\" src=\"https:\/\/www.seven.io\/wp-content\/uploads\/smsNodes_nodeRED-300x300.png\" class=\"attachment-us_300_0 size-us_300_0\" alt=\"Nodes f\u00fcr SMS und Text2Speech in Node-Red\" loading=\"lazy\" srcset=\"https:\/\/www.seven.io\/wp-content\/uploads\/smsNodes_nodeRED-300x300.png 300w, https:\/\/www.seven.io\/wp-content\/uploads\/smsNodes_nodeRED-150x150.png 150w, https:\/\/www.seven.io\/wp-content\/uploads\/smsNodes_nodeRED-350x350.png 350w, https:\/\/www.seven.io\/wp-content\/uploads\/smsNodes_nodeRED-250x250.png 250w, https:\/\/www.seven.io\/wp-content\/uploads\/smsNodes_nodeRED-200x200.png 200w, https:\/\/www.seven.io\/wp-content\/uploads\/smsNodes_nodeRED.png 400w\" sizes=\"auto, (max-width: 300px) 100vw, 300px\" \/><\/div><\/div><\/div><\/div><\/div><div class=\"vc_col-sm-6 wpb_column vc_column_container\"><div class=\"vc_column-inner\"><div class=\"wpb_wrapper\"><div class=\"wpb_text_column\"><div class=\"wpb_wrapper\"><h3>Das seven-Plugin f\u00fcr Node-RED<\/h3>\n<p>Automatisierter SMS-Versand ist in vielen Szenarien sehr n\u00fctzlich. Auch in Anwendungsbereichen des Internet of Things m\u00f6chten Sie \u00fcber bestimmte Ereignisse informiert werden \u2013 am liebsten zuverl\u00e4ssig und sicher via SMS. Deshalb k\u00f6nnen Sie mit unserem Plugin SMS und Text2Speech-Nachrichten via seven in Node-RED verschicken.\u00a0Wenn Sie unsere Nodes in Ihren Flow einbinden, k\u00f6nnen Sie sich oder Ihre Kunden leicht automatisiert via SMS oder Voice-Nachricht informieren lassen, wenn ein festgelegtes Ereignis eintritt. Sie brauchen dazu lediglich einen <a href=\"https:\/\/app.seven.io\/signup\" rel=\"noopener\">seven-Account<\/a> und ausreichendes Guthaben.<\/p>\n<\/div><\/div><\/div><\/div><\/div><\/div><\/div><\/section><!-- Row Backgrounds --><div class=\"upb_color\" data-bg-override=\"0\" data-bg-color=\"#f4f4f4\" data-fadeout=\"\" data-fadeout-percentage=\"30\" data-parallax-content=\"\" data-parallax-content-sense=\"30\" data-row-effect-mobile-disable=\"true\" data-img-parallax-mobile-disable=\"true\" data-rtl=\"false\"  data-custom-vc-row=\"\"  data-vc=\"8.7.2\"  data-is_old_vc=\"\"  data-theme-support=\"disable\"   data-overlay=\"false\" data-overlay-color=\"\" data-overlay-pattern=\"\" data-overlay-pattern-opacity=\"\" data-overlay-pattern-size=\"\"    ><\/div><section class=\"l-section wpb_row height_small\"><div class=\"l-section-h i-cf\"><div class=\"g-cols vc_row via_flex valign_top type_default stacking_default\"><div class=\"vc_col-sm-12 wpb_column vc_column_container\"><div class=\"vc_column-inner\"><div class=\"wpb_wrapper\"><div class=\"w-actionbox us_custom_e47d7875 color_light controls_right\"><div class=\"w-actionbox-text\"><div class=\"w-actionbox-description\"><p>Sie brauchen Hilfe bei der Installation oder der Einrichtung der Funktionen?<br \/>\nAuf unserer GitHub-Seite finden Sie weitere Informationen.<\/p>\n<\/div><\/div><div class=\"w-actionbox-controls\"><a class=\"w-btn us-btn-style_5\" target=\"_blank\" href=\"https:\/\/github.com\/seven-io\/node-red\" rel=\"noopener\"><span class=\"w-btn-label\">Zu GitHub<\/span><\/a><\/div><\/div><\/div><\/div><\/div><\/div><\/div><\/section><!-- Row Backgrounds --><div class=\"upb_color\" data-bg-override=\"0\" data-bg-color=\"#ffffff\" data-fadeout=\"\" data-fadeout-percentage=\"30\" data-parallax-content=\"\" data-parallax-content-sense=\"30\" data-row-effect-mobile-disable=\"true\" data-img-parallax-mobile-disable=\"true\" data-rtl=\"false\"  data-custom-vc-row=\"\"  data-vc=\"8.7.2\"  data-is_old_vc=\"\"  data-theme-support=\"disable\"   data-overlay=\"false\" data-overlay-color=\"\" data-overlay-pattern=\"\" data-overlay-pattern-opacity=\"\" data-overlay-pattern-size=\"\"    ><\/div>\n","protected":false},"excerpt":{"rendered":"Node-RED ist ein grafisches Entwicklungswerkzeug und findet vor allem im Bereich des Internet der Dinge Anwendung (auch Internet of things, kurz IoT). Das Tool erm\u00f6glicht durch die Visualisierung von Abl\u00e4ufen, hier Flows genannt, weitgehend intuitives Programmieren. Dadurch sind keine umfassenden Coding-Kenntnisse mehr notwendig. Die Software wurde von Entwicklern der IBM Emerging Technology Services entwickelt und...","protected":false},"author":1,"featured_media":20681,"parent":17075,"menu_order":0,"comment_status":"closed","ping_status":"closed","template":"","meta":{"content-type":"","footnotes":""},"class_list":["post-20357","page","type-page","status-publish","has-post-thumbnail","hentry"],"_links":{"self":[{"href":"https:\/\/www.seven.io\/de\/wp-json\/wp\/v2\/pages\/20357","targetHints":{"allow":["GET"]}}],"collection":[{"href":"https:\/\/www.seven.io\/de\/wp-json\/wp\/v2\/pages"}],"about":[{"href":"https:\/\/www.seven.io\/de\/wp-json\/wp\/v2\/types\/page"}],"author":[{"embeddable":true,"href":"https:\/\/www.seven.io\/de\/wp-json\/wp\/v2\/users\/1"}],"replies":[{"embeddable":true,"href":"https:\/\/www.seven.io\/de\/wp-json\/wp\/v2\/comments?post=20357"}],"version-history":[{"count":26,"href":"https:\/\/www.seven.io\/de\/wp-json\/wp\/v2\/pages\/20357\/revisions"}],"predecessor-version":[{"id":92399,"href":"https:\/\/www.seven.io\/de\/wp-json\/wp\/v2\/pages\/20357\/revisions\/92399"}],"up":[{"embeddable":true,"href":"https:\/\/www.seven.io\/de\/wp-json\/wp\/v2\/pages\/17075"}],"wp:featuredmedia":[{"embeddable":true,"href":"https:\/\/www.seven.io\/de\/wp-json\/wp\/v2\/media\/20681"}],"wp:attachment":[{"href":"https:\/\/www.seven.io\/de\/wp-json\/wp\/v2\/media?parent=20357"}],"curies":[{"name":"wp","href":"https:\/\/api.w.org\/{rel}","templated":true}]}}