{"id":20520,"date":"2020-12-18T13:38:58","date_gmt":"2020-12-18T12:38:58","guid":{"rendered":"https:\/\/www.sms77.io\/?page_id=20520"},"modified":"2024-03-27T10:59:57","modified_gmt":"2024-03-27T09:59:57","slug":"n8n","status":"publish","type":"page","link":"https:\/\/www.seven.io\/de\/loesungen\/integrationen\/n8n\/","title":{"rendered":"n8n"},"content":{"rendered":"<section class=\"l-section wpb_row height_small\"><div class=\"l-section-h i-cf\"><div class=\"g-cols vc_row via_flex valign_middle type_default stacking_default\"><div class=\"vc_col-sm-6 wpb_column vc_column_container\"><div class=\"vc_column-inner\"><div class=\"wpb_wrapper\"><div class=\"wpb_text_column\"><div class=\"wpb_wrapper\"><p><strong>n8n (\u201enodemation\u201c) ist ein Workflow Automation Tool. Es ist grunds\u00e4tzlich kostenfrei nutzbar, erweiterbar und l\u00e4uft unter der \u201e<a href=\"http:\/\/faircode.io\/\" target=\"_blank\" rel=\"noopener\" data-schema-attribute=\"\">open fair-coded<\/a>\u201c Lizenz. Das Berliner Startup wurde im Jahr 2019 gegr\u00fcndet. Sie k\u00f6nnen die Plattform selbst hosten oder auf die gehostete Variante n8n.could zur\u00fcckgreifen, die jedoch nicht kostenfrei ist. Hier k\u00f6nnen Sie aus verschiedenen Pl\u00e4nen w\u00e4hlen, die sich je nach Umfang in ihrem Preis unterscheiden. Die Zukunftsaussichten f\u00fcr n8n sind rosig:\u00a0Durch ein Series A funding im April 2021 stieg die Gesamtfinanzierung von n8n um <a href=\"https:\/\/n8n.io\/blog\/series-a-announcement\/\" target=\"_blank\" rel=\"noopener\" data-schema-attribute=\"\">12 Millionen US-Dollar<\/a> auf insgesamt 14 Millionen US-Dollar.<\/strong><\/p>\n<p><strong>Mit unserer SMS Node in n8n k\u00f6nnen Sie jetzt ganz einfach in Ihrem Workflow SMS versenden. Erstellen Sie Ihre eigenen Abl\u00e4ufe und lassen Sie sich via SMS \u00fcber wichtige Ereignisse informieren \u2013 ganz ohne Programmierkenntnisse.<\/strong><\/p>\n<\/div><\/div><div class=\"w-btn-wrapper align_none\"><a class=\"w-btn us-btn-style_1 no-border\" target=\"_blank\" rel=\"nofollow noopener\" href=\"https:\/\/n8n.io\/integrations\/n8n-nodes-base.sms77\"><span class=\"w-btn-label\">Zu unserer n8n-Node<\/span><\/a><\/div><\/div><\/div><\/div><div class=\"vc_col-sm-6 wpb_column vc_column_container\"><div class=\"vc_column-inner\"><div class=\"wpb_wrapper\"><div class=\"w-video align_none ratio_16x9 has_iframe\"><div class=\"w-video-h\"><iframe title=\"Youtube video player\" src=\"\/\/www.youtube.com\/embed\/JIaxjH2CyFc?autoplay=0&controls=0&origin=https:\/\/www.seven.io\/de\/&loop=0&mute=0\" allowfullscreen=\"1\" loading=\"lazy\"><\/iframe><\/div><\/div><\/div><\/div><\/div><\/div><\/div><\/section><section class=\"l-section wpb_row height_small color_alternate\"><div class=\"l-section-h i-cf\"><div class=\"g-cols vc_row via_flex valign_middle type_default stacking_default\"><div class=\"vc_col-sm-6 wpb_column vc_column_container\"><div class=\"vc_column-inner\"><div class=\"wpb_wrapper\"><div class=\"w-image no-border align_center\"><a ref=\"magnificPopup\" href=\"https:\/\/www.seven.io\/wp-content\/uploads\/screenshot_n8n_workflow.png\" aria-label=\"screenshot_n8n_workflow\" class=\"w-image-h\"><img decoding=\"async\" width=\"400\" height=\"267\" src=\"https:\/\/www.seven.io\/wp-content\/uploads\/screenshot_n8n_workflow-400x267.png\" class=\"attachment-us_400_0 size-us_400_0\" alt=\"Workflow in n8n mit sms77\" loading=\"lazy\" srcset=\"https:\/\/www.seven.io\/wp-content\/uploads\/screenshot_n8n_workflow-400x267.png 400w, https:\/\/www.seven.io\/wp-content\/uploads\/screenshot_n8n_workflow-300x200.png 300w, https:\/\/www.seven.io\/wp-content\/uploads\/screenshot_n8n_workflow-1024x683.png 1024w, https:\/\/www.seven.io\/wp-content\/uploads\/screenshot_n8n_workflow-250x167.png 250w, https:\/\/www.seven.io\/wp-content\/uploads\/screenshot_n8n_workflow-600x400.png 600w, https:\/\/www.seven.io\/wp-content\/uploads\/screenshot_n8n_workflow-768x512.png 768w, https:\/\/www.seven.io\/wp-content\/uploads\/screenshot_n8n_workflow-200x133.png 200w, https:\/\/www.seven.io\/wp-content\/uploads\/screenshot_n8n_workflow.png 1800w\" sizes=\"auto, (max-width: 400px) 100vw, 400px\" \/><\/a><\/div><\/div><\/div><\/div><div class=\"vc_col-sm-6 wpb_column vc_column_container\"><div class=\"vc_column-inner\"><div class=\"wpb_wrapper\"><div class=\"wpb_text_column\"><div class=\"wpb_wrapper\"><h3>Unsere SMS Node in n8n<\/h3>\n<p>Sie k\u00f6nnen unsere SMS Node in n8n einbinden, um in verschiedensten Szenarien automatisiert SMS zu versenden. Im Zusammenspiel mit den mehr als 100 anderen Integrationen sind Ihrer Fantasie keine Grenzen gesetzt. Alarmierungen, Wetterberichte, Team-Benachrichtigungen oder Social Listening \u2013 SMS sind \u00fcberall dort hilfreich, wo wichtige Informationen schnell zugestellt werden m\u00fcssen.<\/p>\n<p>Dabei behalten Sie die volle Kontrolle \u00fcber Ihre <a href=\"\/preise\/\">Kosten<\/a>. Sie zahlen Sie nur die SMS, die Sie auch wirklich versenden, ohne Grundgeb\u00fchren oder versteckte Mindestlaufzeit. Wenn Sie bereits einen seven-Account besitzen, k\u00f6nnen Sie sofort anfangen und Ihren ersten SMS-Workflow erstellen. Probieren Sie es einfach aus!<\/p>\n<\/div><\/div><\/div><\/div><\/div><\/div><\/div><\/section><section class=\"l-section wpb_row height_small\"><div class=\"l-section-h i-cf\"><div class=\"g-cols vc_row via_flex valign_middle type_default stacking_default\"><div class=\"vc_col-sm-6 wpb_column vc_column_container\"><div class=\"vc_column-inner\"><div class=\"wpb_wrapper\"><div class=\"wpb_text_column\"><div class=\"wpb_wrapper\"><h3>Anwendungsbeispiel Social Listening<\/h3>\n<p>Wenn Ihr Benutzerkonto in den sozialen Medien auf einmal h\u00e4ufiger erw\u00e4hnt wird als sonst, kann das viele Gr\u00fcnde haben. In jedem Fall ist es aber in Ihrem Interesse, dass Sie im Zweifelsfall schnell reagieren k\u00f6nnen.<\/p>\n<p>Um sicherzugehen, dass Sie so schnell wie m\u00f6glich erfahren, wenn sich etwas Ungew\u00f6hnliches in den sozialen Medien tut, k\u00f6nnen Sie sich via SMS benachrichtigen lassen. Gestalten Sie dazu einen Workflow, der einen SMS-Versand ausl\u00f6st, sobald Ihr Konto eine bestimmte Zahl von Erw\u00e4hnungen \u00fcberschreitet. So erfahren Sie unmittelbar und zuverl\u00e4ssig, wenn User verst\u00e4rkt \u00fcber Sie reden. Sie m\u00fcssen nur noch die Lage einsch\u00e4tzen und angemessen reagieren. Da SMS nicht abh\u00e4ngig von Internetverbindungen sind, empfangen Sie die Warnung auch dann, wenn Sie unterwegs sind.<\/p>\n<\/div><\/div><\/div><\/div><\/div><div class=\"vc_col-sm-6 wpb_column vc_column_container\"><div class=\"vc_column-inner\"><div class=\"wpb_wrapper\"><div class=\"w-image align_center\"><div class=\"w-image-h\"><img decoding=\"async\" width=\"400\" height=\"501\" src=\"https:\/\/www.seven.io\/wp-content\/uploads\/integrationen_n8n_mock-400x501.png\" class=\"attachment-us_400_0 size-us_400_0\" alt=\"Realisieren Sie Alarmsysteme f\u00fcr Social Listening mit der SMS Node in n8n\" loading=\"lazy\" srcset=\"https:\/\/www.seven.io\/wp-content\/uploads\/integrationen_n8n_mock-400x501.png 400w, https:\/\/www.seven.io\/wp-content\/uploads\/integrationen_n8n_mock-240x300.png 240w, https:\/\/www.seven.io\/wp-content\/uploads\/integrationen_n8n_mock-818x1024.png 818w, https:\/\/www.seven.io\/wp-content\/uploads\/integrationen_n8n_mock-350x438.png 350w, https:\/\/www.seven.io\/wp-content\/uploads\/integrationen_n8n_mock-250x313.png 250w, https:\/\/www.seven.io\/wp-content\/uploads\/integrationen_n8n_mock-600x751.png 600w, https:\/\/www.seven.io\/wp-content\/uploads\/integrationen_n8n_mock-768x961.png 768w, https:\/\/www.seven.io\/wp-content\/uploads\/integrationen_n8n_mock-300x375.png 300w, https:\/\/www.seven.io\/wp-content\/uploads\/integrationen_n8n_mock-320x400.png 320w, https:\/\/www.seven.io\/wp-content\/uploads\/integrationen_n8n_mock-200x250.png 200w, https:\/\/www.seven.io\/wp-content\/uploads\/integrationen_n8n_mock-500x626.png 500w, https:\/\/www.seven.io\/wp-content\/uploads\/integrationen_n8n_mock.png 959w\" sizes=\"auto, (max-width: 400px) 100vw, 400px\" \/><\/div><\/div><\/div><\/div><\/div><\/div><\/div><\/section><section class=\"l-section wpb_row height_small\"><div class=\"l-section-h i-cf\"><div class=\"g-cols vc_row via_flex valign_top type_default stacking_default\"><div class=\"vc_col-sm-12 wpb_column vc_column_container\"><div class=\"vc_column-inner\"><div class=\"wpb_wrapper\"><div class=\"w-actionbox us_custom_e47d7875 color_light controls_right\"><div class=\"w-actionbox-text\"><div class=\"w-actionbox-description\"><p>Sie brauchen Hilfe bei der Installation oder der Einrichtung der Funktionen?<br \/>\nAuf unserer Integrationsseite bei n8n finden Sie weitere Informationen.<\/p>\n<\/div><\/div><div class=\"w-actionbox-controls\"><a class=\"w-btn us-btn-style_5\" target=\"_blank\" href=\"https:\/\/n8n.io\/integrations\/sms77\/\" rel=\"noopener\"><span class=\"w-btn-label\">Zur Integrationsseite bei n8n<\/span><\/a><\/div><\/div><\/div><\/div><\/div><\/div><\/div><\/section><!-- Row Backgrounds --><div class=\"upb_color\" data-bg-override=\"0\" data-bg-color=\"#ffffff\" data-fadeout=\"\" data-fadeout-percentage=\"30\" data-parallax-content=\"\" data-parallax-content-sense=\"30\" data-row-effect-mobile-disable=\"true\" data-img-parallax-mobile-disable=\"true\" data-rtl=\"false\"  data-custom-vc-row=\"\"  data-vc=\"8.7.2\"  data-is_old_vc=\"\"  data-theme-support=\"disable\"   data-overlay=\"false\" data-overlay-color=\"\" data-overlay-pattern=\"\" data-overlay-pattern-opacity=\"\" data-overlay-pattern-size=\"\"    ><\/div>\n","protected":false},"excerpt":{"rendered":"n8n (\u201enodemation\u201c) ist ein Workflow Automation Tool. Es ist grunds\u00e4tzlich kostenfrei nutzbar, erweiterbar und l\u00e4uft unter der \u201eopen fair-coded\u201c Lizenz. Das Berliner Startup wurde im Jahr 2019 gegr\u00fcndet. Sie k\u00f6nnen die Plattform selbst hosten oder auf die gehostete Variante n8n.could zur\u00fcckgreifen, die jedoch nicht kostenfrei ist. Hier k\u00f6nnen Sie aus verschiedenen Pl\u00e4nen w\u00e4hlen, die sich...","protected":false},"author":1,"featured_media":21317,"parent":17075,"menu_order":0,"comment_status":"closed","ping_status":"closed","template":"","meta":{"content-type":"","footnotes":""},"class_list":["post-20520","page","type-page","status-publish","has-post-thumbnail","hentry"],"_links":{"self":[{"href":"https:\/\/www.seven.io\/de\/wp-json\/wp\/v2\/pages\/20520","targetHints":{"allow":["GET"]}}],"collection":[{"href":"https:\/\/www.seven.io\/de\/wp-json\/wp\/v2\/pages"}],"about":[{"href":"https:\/\/www.seven.io\/de\/wp-json\/wp\/v2\/types\/page"}],"author":[{"embeddable":true,"href":"https:\/\/www.seven.io\/de\/wp-json\/wp\/v2\/users\/1"}],"replies":[{"embeddable":true,"href":"https:\/\/www.seven.io\/de\/wp-json\/wp\/v2\/comments?post=20520"}],"version-history":[{"count":40,"href":"https:\/\/www.seven.io\/de\/wp-json\/wp\/v2\/pages\/20520\/revisions"}],"predecessor-version":[{"id":92395,"href":"https:\/\/www.seven.io\/de\/wp-json\/wp\/v2\/pages\/20520\/revisions\/92395"}],"up":[{"embeddable":true,"href":"https:\/\/www.seven.io\/de\/wp-json\/wp\/v2\/pages\/17075"}],"wp:featuredmedia":[{"embeddable":true,"href":"https:\/\/www.seven.io\/de\/wp-json\/wp\/v2\/media\/21317"}],"wp:attachment":[{"href":"https:\/\/www.seven.io\/de\/wp-json\/wp\/v2\/media?parent=20520"}],"curies":[{"name":"wp","href":"https:\/\/api.w.org\/{rel}","templated":true}]}}