{"id":20522,"date":"2020-11-27T14:29:49","date_gmt":"2020-11-27T13:29:49","guid":{"rendered":"https:\/\/www.sms77.io\/?page_id=20522"},"modified":"2023-02-22T07:34:10","modified_gmt":"2023-02-22T06:34:10","slug":"nextcloud","status":"publish","type":"page","link":"https:\/\/www.seven.io\/de\/loesungen\/integrationen\/nextcloud\/","title":{"rendered":"Nextcloud"},"content":{"rendered":"<section class=\"l-section wpb_row height_small\"><div class=\"l-section-h i-cf\"><div class=\"g-cols vc_row via_flex valign_middle type_default stacking_default\"><div class=\"vc_col-sm-6 wpb_column vc_column_container\"><div class=\"vc_column-inner\"><div class=\"wpb_wrapper\"><div class=\"wpb_text_column\"><div class=\"wpb_wrapper\"><p><strong>Nextcloud ist ein Filehosting-Anbieter dessen Hauptaugenmerk auf der Datensicherheit liegt. Die Installation des Dienstes auf privaten Servern oder Webspaces ist kostenlos. Unternehmen k\u00f6nnen verschiedene Versionen der <a href=\"https:\/\/nextcloud.com\/pricing\/\" rel=\"noopener\">Enterprise-L\u00f6sung <\/a>nutzen, die allerdings kostenpflichtig sind. Neben dem Hosting von Dateien bietet das Unternehmen diverse Dienste an, die die Zusammenarbeit erleichtern sollen. Dazu z\u00e4hlen beispielsweise ein Audio- und Videokonferenztool, die M\u00f6glichkeit, Dateien gemeinsam zu bearbeiten und ein Tool zur Aufgabensteuerung mit integrierter Kalender- und Mailfunktion.\u00a0<\/strong><strong>Der Anbieter wurde nicht zuletzt dar\u00fcber bekannt, dass sich der zentrale IT-Dienstleister der Bundesverwaltung (ITZBund) zur Nutzung von Nextcloud entschied.<\/strong><\/p>\n<\/div><\/div><div class=\"w-btn-wrapper align_none\"><a class=\"w-btn us-btn-style_1 no-border\" target=\"_blank\" rel=\"nofollow noopener\" href=\"https:\/\/github.com\/nextcloud\/twofactor_gateway\/blob\/master\/lib\/Service\/Gateway\/SMS\/Provider\/Sms77Io.php\"><span class=\"w-btn-label\">Zu unserer Nextcloud-Integration<\/span><\/a><\/div><\/div><\/div><\/div><div class=\"vc_col-sm-6 wpb_column vc_column_container\"><div class=\"vc_column-inner\"><div class=\"wpb_wrapper\"><div class=\"w-video align_none ratio_16x9 has_iframe\"><div class=\"w-video-h\"><iframe title=\"Youtube video player\" src=\"\/\/www.youtube.com\/embed\/FMgBD3Jr33Y?autoplay=0&controls=0&origin=https:\/\/www.seven.io\/de\/&loop=0&mute=0\" allowfullscreen=\"1\" loading=\"lazy\"><\/iframe><\/div><\/div><\/div><\/div><\/div><\/div><\/div><\/section><section class=\"l-section wpb_row height_small color_alternate\"><div class=\"l-section-h i-cf\"><div class=\"g-cols vc_row via_flex valign_middle type_default stacking_default\"><div class=\"vc_col-sm-6 wpb_column vc_column_container\"><div class=\"vc_column-inner\"><div class=\"wpb_wrapper\"><div class=\"w-image align_center\"><div class=\"w-image-h\"><img decoding=\"async\" width=\"400\" height=\"267\" src=\"https:\/\/www.seven.io\/wp-content\/uploads\/nextcloud_mood-400x267.jpg\" class=\"attachment-us_400_0 size-us_400_0\" alt=\"Nextcloud erm\u00f6glicht die Zusammenarbeit von Teams\" loading=\"lazy\" srcset=\"https:\/\/www.seven.io\/wp-content\/uploads\/nextcloud_mood-400x267.jpg 400w, https:\/\/www.seven.io\/wp-content\/uploads\/nextcloud_mood-300x200.jpg 300w, https:\/\/www.seven.io\/wp-content\/uploads\/nextcloud_mood-1024x683.jpg 1024w, https:\/\/www.seven.io\/wp-content\/uploads\/nextcloud_mood-250x167.jpg 250w, https:\/\/www.seven.io\/wp-content\/uploads\/nextcloud_mood-600x400.jpg 600w, https:\/\/www.seven.io\/wp-content\/uploads\/nextcloud_mood-768x512.jpg 768w, https:\/\/www.seven.io\/wp-content\/uploads\/nextcloud_mood-200x133.jpg 200w, https:\/\/www.seven.io\/wp-content\/uploads\/nextcloud_mood.jpg 1800w\" sizes=\"auto, (max-width: 400px) 100vw, 400px\" \/><\/div><\/div><\/div><\/div><\/div><div class=\"vc_col-sm-6 wpb_column vc_column_container\"><div class=\"vc_column-inner\"><div class=\"wpb_wrapper\"><div class=\"wpb_text_column\"><div class=\"wpb_wrapper\"><h3>Zwei-Faktor-Authentifizierung via SMS in Nextcloud<\/h3>\n<p>Die digitale Zusammenarbeit wird immer wichtiger und unsere Arbeitswelt immer vernetzter. Bei allen Vorteilen, die die Arbeit mit und in der Cloud mit sich bringt, m\u00f6chten Sie nat\u00fcrlich auch Ihre Daten vor missbr\u00e4uchlichem Zugriff sch\u00fctzen. Nicht zuletzt deshalb ist eine Anmeldung via Zwei-Faktor-Authentifizierung sehr zu empfehlen. Wenn Sie seven einbinden, k\u00f6nnen Sie die Best\u00e4tigungsnachricht via SMS senden lassen. So garantieren Sie, dass alle Mitarbeiter oder Kunden die Best\u00e4tigungsnachricht erhalten k\u00f6nnen, ohne sich erst eine neue App installieren zu m\u00fcssen. Um diese Funktion nutzen zu k\u00f6nnen, brauchen Sie lediglich ein <a href=\"https:\/\/app.seven.io\/signup\" rel=\"noopener\">aktives Kundenkonto<\/a> bei uns und m\u00fcssen den SMS-Versand \u00fcber seven in Nextcloud integrieren.<\/p>\n<\/div><\/div><\/div><\/div><\/div><\/div><\/div><\/section><!-- Row Backgrounds --><div class=\"upb_color\" data-bg-override=\"0\" data-bg-color=\"#f4f4f4\" data-fadeout=\"\" data-fadeout-percentage=\"30\" data-parallax-content=\"\" data-parallax-content-sense=\"30\" data-row-effect-mobile-disable=\"true\" data-img-parallax-mobile-disable=\"true\" data-rtl=\"false\"  data-custom-vc-row=\"\"  data-vc=\"8.7.2\"  data-is_old_vc=\"\"  data-theme-support=\"disable\"   data-overlay=\"false\" data-overlay-color=\"\" data-overlay-pattern=\"\" data-overlay-pattern-opacity=\"\" data-overlay-pattern-size=\"\"    ><\/div><section class=\"l-section wpb_row height_small\"><div class=\"l-section-h i-cf\"><div class=\"g-cols vc_row via_flex valign_top type_default stacking_default\"><div class=\"vc_col-sm-12 wpb_column vc_column_container\"><div class=\"vc_column-inner\"><div class=\"wpb_wrapper\"><div class=\"w-actionbox us_custom_e47d7875 color_light controls_right\"><div class=\"w-actionbox-text\"><div class=\"w-actionbox-description\"><p>Sie brauchen Hilfe bei der Installation oder der Einrichtung der Funktionen?<br \/>\nUnsere Dokumentation wird Ihnen weiterhelfen.<\/p>\n<\/div><\/div><div class=\"w-actionbox-controls\"><a class=\"w-btn us-btn-style_5\" href=\"\/docs\/drittanbieter\/nextcloud\"><span class=\"w-btn-label\">Zur Dokumentation<\/span><\/a><\/div><\/div><\/div><\/div><\/div><\/div><\/div><\/section><!-- Row Backgrounds --><div class=\"upb_color\" data-bg-override=\"0\" data-bg-color=\"#ffffff\" data-fadeout=\"\" data-fadeout-percentage=\"30\" data-parallax-content=\"\" data-parallax-content-sense=\"30\" data-row-effect-mobile-disable=\"true\" data-img-parallax-mobile-disable=\"true\" data-rtl=\"false\"  data-custom-vc-row=\"\"  data-vc=\"8.7.2\"  data-is_old_vc=\"\"  data-theme-support=\"disable\"   data-overlay=\"false\" data-overlay-color=\"\" data-overlay-pattern=\"\" data-overlay-pattern-opacity=\"\" data-overlay-pattern-size=\"\"    ><\/div>\n","protected":false},"excerpt":{"rendered":"Nextcloud ist ein Filehosting-Anbieter dessen Hauptaugenmerk auf der Datensicherheit liegt. Die Installation des Dienstes auf privaten Servern oder Webspaces ist kostenlos. Unternehmen k\u00f6nnen verschiedene Versionen der Enterprise-L\u00f6sung nutzen, die allerdings kostenpflichtig sind. Neben dem Hosting von Dateien bietet das Unternehmen diverse Dienste an, die die Zusammenarbeit erleichtern sollen. Dazu z\u00e4hlen beispielsweise ein Audio- und Videokonferenztool,...","protected":false},"author":1,"featured_media":22361,"parent":17075,"menu_order":0,"comment_status":"closed","ping_status":"closed","template":"","meta":{"content-type":"","footnotes":""},"class_list":["post-20522","page","type-page","status-publish","has-post-thumbnail","hentry"],"_links":{"self":[{"href":"https:\/\/www.seven.io\/de\/wp-json\/wp\/v2\/pages\/20522","targetHints":{"allow":["GET"]}}],"collection":[{"href":"https:\/\/www.seven.io\/de\/wp-json\/wp\/v2\/pages"}],"about":[{"href":"https:\/\/www.seven.io\/de\/wp-json\/wp\/v2\/types\/page"}],"author":[{"embeddable":true,"href":"https:\/\/www.seven.io\/de\/wp-json\/wp\/v2\/users\/1"}],"replies":[{"embeddable":true,"href":"https:\/\/www.seven.io\/de\/wp-json\/wp\/v2\/comments?post=20522"}],"version-history":[{"count":25,"href":"https:\/\/www.seven.io\/de\/wp-json\/wp\/v2\/pages\/20522\/revisions"}],"predecessor-version":[{"id":88747,"href":"https:\/\/www.seven.io\/de\/wp-json\/wp\/v2\/pages\/20522\/revisions\/88747"}],"up":[{"embeddable":true,"href":"https:\/\/www.seven.io\/de\/wp-json\/wp\/v2\/pages\/17075"}],"wp:featuredmedia":[{"embeddable":true,"href":"https:\/\/www.seven.io\/de\/wp-json\/wp\/v2\/media\/22361"}],"wp:attachment":[{"href":"https:\/\/www.seven.io\/de\/wp-json\/wp\/v2\/media?parent=20522"}],"curies":[{"name":"wp","href":"https:\/\/api.w.org\/{rel}","templated":true}]}}