{"id":20528,"date":"2020-11-27T14:29:48","date_gmt":"2020-11-27T13:29:48","guid":{"rendered":"https:\/\/www.sms77.io\/?page_id=20528"},"modified":"2024-03-26T14:53:28","modified_gmt":"2024-03-26T13:53:28","slug":"integromat","status":"publish","type":"page","link":"https:\/\/www.seven.io\/de\/loesungen\/integrationen\/integromat\/","title":{"rendered":"Integromat"},"content":{"rendered":"<section class=\"l-section wpb_row height_small\"><div class=\"l-section-h i-cf\"><div class=\"g-cols vc_row via_flex valign_top type_default stacking_default\"><div class=\"vc_col-sm-12 wpb_column vc_column_container\"><div class=\"vc_column-inner\"><div class=\"wpb_wrapper\"><div class=\"ult-content-box-container \" >\t\t<div class=\"ult-content-box\" style=\"box-shadow: px px px px none;border-style:solid;border-width:3px;border-color:#52c0fa;padding:20px;-webkit-transition: all 700ms ease;-moz-transition: all 700ms ease;-ms-transition: all 700ms ease;-o-transition: all 700ms ease;transition: all 700ms ease;\"  data-hover_box_shadow=\"none\"     data-border_color=\"#52c0fa\" ><div class=\"wpb_text_column\"><div class=\"wpb_wrapper\"><h5 style=\"text-align: center;\">Achtung: Anfang 2022 wurde Integromat zu Make.<br \/>\nWir empfehlen die Nutzung unserer App \u00fcber Make, da der Support f\u00fcr Integromat 2023 eingestellt wird.<\/h5>\n<\/div><\/div><div class=\"w-btn-wrapper align_center\"><a class=\"w-btn us-btn-style_1\" href=\"\/loesungen\/integrationen\/make\/\"><span class=\"w-btn-label\">Zur Integrationsseite f\u00fcr unsere Make App<\/span><\/a><\/div>\t\t<\/div><\/div><\/div><\/div><\/div><\/div><\/div><\/section><section class=\"l-section wpb_row height_small\"><div class=\"l-section-h i-cf\"><div class=\"g-cols vc_row via_flex valign_top type_default stacking_default\"><div class=\"vc_col-sm-6 wpb_column vc_column_container\"><div class=\"vc_column-inner\"><div class=\"wpb_wrapper\"><div class=\"wpb_text_column\"><div class=\"wpb_wrapper\"><p><strong>Integromat ist ein erfolgreiches Online-Automatisierungsprogramm. Es erm\u00f6glicht die Erstellung von Prozessen, in denen verschiedene Apps miteinander kommunizieren. Einmal fertiggestellt, k\u00f6nnen die Prozesse dann automatisch ablaufen.<\/strong><\/p>\n<p><strong>Durch die visuelle Darstellung sind keine Programmierkenntnisse erforderlich, um die Automatisierung zu entwicklen. So ist die Anwendung f\u00fcr alle Personen zug\u00e4nglich, die bereit sind, sich in No-Code-Automatisierung einzuarbeiten. In der einfachsten Version ist die Software kostenlos. Wenn Sie umfangreichere Leistungen ben\u00f6tigen, k\u00f6nnen Sie zwischen <a href=\"https:\/\/www.integromat.com\/en\/pricing\" target=\"_blank\" rel=\"noopener\" data-schema-attribute=\"\">verschiedenen kostenpflichtigen Versionen<\/a> w\u00e4hlen.<\/strong><\/p>\n<\/div><\/div><div class=\"w-btn-wrapper align_none\"><a class=\"w-btn us-btn-style_1 no-border\" target=\"_blank\" rel=\"nofollow noopener\" href=\"https:\/\/www.integromat.com\/en\/integrations\/sms77\"><span class=\"w-btn-label\">Zu unserem Integromat-Plugin<\/span><\/a><\/div><\/div><\/div><\/div><div class=\"vc_col-sm-6 wpb_column vc_column_container\"><div class=\"vc_column-inner\"><div class=\"wpb_wrapper\"><div class=\"w-video align_none ratio_16x9\"><div class=\"w-video-h\"><iframe title=\"What is Integromat?\" width=\"640\" height=\"360\" src=\"https:\/\/www.youtube.com\/embed\/61HQ_DWoFr8?feature=oembed\" frameborder=\"0\" allow=\"accelerometer; autoplay; encrypted-media; gyroscope; picture-in-picture\" allowfullscreen><\/iframe><\/div><\/div><\/div><\/div><\/div><\/div><\/div><\/section><section class=\"l-section wpb_row height_small color_alternate\"><div class=\"l-section-h i-cf\"><div class=\"g-cols vc_row via_flex valign_top type_default stacking_default\"><div class=\"vc_col-sm-6 wpb_column vc_column_container\"><div class=\"vc_column-inner\"><div class=\"wpb_wrapper\"><div class=\"w-image align_left\"><div class=\"w-image-h\"><img decoding=\"async\" width=\"400\" height=\"267\" src=\"https:\/\/www.seven.io\/wp-content\/uploads\/screenshot_workflow_integromat-400x267.png\" class=\"attachment-us_400_0 size-us_400_0\" alt=\"Ein Szenario von Integromat in dem \u00fcber sms77 automatisch Nummern verifiziert werden\" loading=\"lazy\" srcset=\"https:\/\/www.seven.io\/wp-content\/uploads\/screenshot_workflow_integromat-400x267.png 400w, https:\/\/www.seven.io\/wp-content\/uploads\/screenshot_workflow_integromat-300x200.png 300w, https:\/\/www.seven.io\/wp-content\/uploads\/screenshot_workflow_integromat-1024x683.png 1024w, https:\/\/www.seven.io\/wp-content\/uploads\/screenshot_workflow_integromat-250x167.png 250w, https:\/\/www.seven.io\/wp-content\/uploads\/screenshot_workflow_integromat-600x400.png 600w, https:\/\/www.seven.io\/wp-content\/uploads\/screenshot_workflow_integromat-768x512.png 768w, https:\/\/www.seven.io\/wp-content\/uploads\/screenshot_workflow_integromat-200x133.png 200w, https:\/\/www.seven.io\/wp-content\/uploads\/screenshot_workflow_integromat.png 1800w\" sizes=\"auto, (max-width: 400px) 100vw, 400px\" \/><\/div><\/div><\/div><\/div><\/div><div class=\"vc_col-sm-6 wpb_column vc_column_container\"><div class=\"vc_column-inner\"><div class=\"wpb_wrapper\"><div class=\"wpb_text_column\"><div class=\"wpb_wrapper\"><h3>seven.io und Integromat<\/h3>\n<p>Auch unsere Dienstleistungen stehen Ihnen auf Integromat zur Verf\u00fcgung. Sie k\u00f6nnen verschiedene Befehle in Ihre Prozesse einbinden und so Abl\u00e4ufe und Benachrichtigungen in Ihrem Unternehmen automatisieren, in denen beispielsweise SMS versenden werden. Um seven in der Automatisierungssoftware nutzen zu k\u00f6nnen, ben\u00f6tigen Sie nat\u00fcrlich ein Konto bei uns. Nach einer <a href=\"https:\/\/support.integromat.com\/hc\/en-us\/articles\/360013286760-sms77-io\" target=\"_blank\" rel=\"noopener\" data-schema-attribute=\"\">kurzen Einrichtung<\/a> k\u00f6nnen Sie sofort loslegen und Automatisierungen erstellen, die SMS \u00fcber seven versenden.<\/p>\n<\/div><\/div><\/div><\/div><\/div><\/div><\/div><\/section><!-- Row Backgrounds --><div class=\"upb_color\" data-bg-override=\"0\" data-bg-color=\"#f4f4f4\" data-fadeout=\"\" data-fadeout-percentage=\"30\" data-parallax-content=\"\" data-parallax-content-sense=\"30\" data-row-effect-mobile-disable=\"true\" data-img-parallax-mobile-disable=\"true\" data-rtl=\"false\"  data-custom-vc-row=\"\"  data-vc=\"8.7.2\"  data-is_old_vc=\"\"  data-theme-support=\"disable\"   data-overlay=\"false\" data-overlay-color=\"\" data-overlay-pattern=\"\" data-overlay-pattern-opacity=\"\" data-overlay-pattern-size=\"\"    ><\/div><section class=\"l-section wpb_row height_small\"><div class=\"l-section-h i-cf\"><div class=\"g-cols vc_row via_flex valign_top type_default stacking_default\"><div class=\"vc_col-sm-6 wpb_column vc_column_container\"><div class=\"vc_column-inner\"><div class=\"wpb_wrapper\"><div class=\"w-iconbox iconpos_left style_outlined color_secondary align_left\"><div class=\"w-iconbox-icon\" style=\"font-size:15px;\"><i class=\"fas fa-check\"><\/i><\/div><div class=\"w-iconbox-meta\"><h4 class=\"w-iconbox-title\">Verifizierung von Nummern<\/h4><div class=\"w-iconbox-text\"><p>Um die Qualit\u00e4t der Daten in Ihrem CRM zu optimieren, k\u00f6nnen Sie unser <a href=\"https:\/\/www.integromat.com\/en\/integration\/4038-verify-phone-numbers-with-sms77-io-and-add-them-to-agile-crm\" target=\"_blank\" rel=\"noopener noreferrer\">Nummern-Lookup in einen automatisierten Ablauf einbinden<\/a>. F\u00fcllt ein (potentieller) Kunde ein Formular aus, wird die Nummer durch seven \u00fcberpr\u00fcft und korrekt in Ihr CRM eingepflegt.<\/p>\n<\/div><\/div><\/div><div class=\"w-separator size_medium\"><\/div><div class=\"w-iconbox iconpos_left style_outlined color_secondary align_left\"><div class=\"w-iconbox-icon\" style=\"font-size:15px;\"><i class=\"fas fa-check\"><\/i><\/div><div class=\"w-iconbox-meta\"><h4 class=\"w-iconbox-title\">Versenden von Codes<\/h4><div class=\"w-iconbox-text\"><p>Sie m\u00f6chten G\u00e4sten <a href=\"https:\/\/www.integromat.com\/en\/integration\/4108-create-a-the-keys-pro-shared-digicode-for-new-beds24-bookings-and-send-a-personalized-sms\" target=\"_blank\" rel=\"noopener noreferrer\">automatisierte Codes f\u00fcr T\u00fcrschl\u00f6sser<\/a> zukommen lassen? Binden Sie seven in Integromat ein, damit eine SMS verschickt wird, wenn Ihre Ferienwohnung gebucht wird.<\/p>\n<\/div><\/div><\/div><div class=\"w-separator size_medium\"><\/div><div class=\"w-iconbox iconpos_left style_outlined color_secondary align_left\"><div class=\"w-iconbox-icon\" style=\"font-size:15px;\"><i class=\"fas fa-check\"><\/i><\/div><div class=\"w-iconbox-meta\"><h4 class=\"w-iconbox-title\">Benachrichtigungen<\/h4><div class=\"w-iconbox-text\"><p>Verschicken Sie personalisierte Textnachrichten zum Geburtstag, lassen Sie sich eine SMS senden, wenn ein Kunde einen Auftrag aufgegeben hat oder schicken Sie dem Fu\u00dfballteam die Wettervorhersage f\u00fcr den n\u00e4chsten Spieltag.<\/p>\n<\/div><\/div><\/div><div class=\"w-separator size_medium\"><\/div><div class=\"w-iconbox iconpos_left style_outlined color_secondary align_left\"><div class=\"w-iconbox-icon\" style=\"font-size:15px;\"><i class=\"fas fa-check\"><\/i><\/div><div class=\"w-iconbox-meta\"><h4 class=\"w-iconbox-title\">Ihr eigenes Szenario<\/h4><div class=\"w-iconbox-text\"><p>Ihrer Fantasie sind nur wenige Grenzen gesetzt. Die Kombinationsm\u00f6glichkeiten mit mehr als 400 Anwendungen sind sehr umfangreich und werden Ihnen sicher den ein oder anderen Arbeitsschritt abnehmen k\u00f6nnen.<\/p>\n<\/div><\/div><\/div><\/div><\/div><\/div><div class=\"vc_col-sm-6 wpb_column vc_column_container\"><div class=\"vc_column-inner\"><div class=\"wpb_wrapper\"><div class=\"w-image align_center\"><div class=\"w-image-h\"><img decoding=\"async\" width=\"300\" height=\"597\" src=\"https:\/\/www.seven.io\/wp-content\/uploads\/mockup_integromat_code-300x597.png\" class=\"attachment-us_300_0 size-us_300_0\" alt=\"Mit Integromat und sms77 automatisierte Nachrichten verschicken\" loading=\"lazy\" srcset=\"https:\/\/www.seven.io\/wp-content\/uploads\/mockup_integromat_code-300x597.png 300w, https:\/\/www.seven.io\/wp-content\/uploads\/mockup_integromat_code-151x300.png 151w, https:\/\/www.seven.io\/wp-content\/uploads\/mockup_integromat_code-514x1024.png 514w, https:\/\/www.seven.io\/wp-content\/uploads\/mockup_integromat_code-250x498.png 250w, https:\/\/www.seven.io\/wp-content\/uploads\/mockup_integromat_code-600x1195.png 600w, https:\/\/www.seven.io\/wp-content\/uploads\/mockup_integromat_code-768x1529.png 768w, https:\/\/www.seven.io\/wp-content\/uploads\/mockup_integromat_code-400x796.png 400w, https:\/\/www.seven.io\/wp-content\/uploads\/mockup_integromat_code-201x400.png 201w, https:\/\/www.seven.io\/wp-content\/uploads\/mockup_integromat_code-200x398.png 200w, https:\/\/www.seven.io\/wp-content\/uploads\/mockup_integromat_code.png 904w\" sizes=\"auto, (max-width: 300px) 100vw, 300px\" \/><\/div><\/div><\/div><\/div><\/div><\/div><\/div><\/section><section class=\"l-section wpb_row height_small\"><div class=\"l-section-h i-cf\"><div class=\"g-cols vc_row via_flex valign_top type_default stacking_default\"><div class=\"vc_col-sm-12 wpb_column vc_column_container\"><div class=\"vc_column-inner\"><div class=\"wpb_wrapper\"><div class=\"w-actionbox us_custom_e47d7875 color_light controls_right\"><div class=\"w-actionbox-text\"><div class=\"w-actionbox-description\"><p>Bitte besuchen Sie unsere Integrationsseite f\u00fcr Make f\u00fcr aktuelle Informationen und Anleitungen.<\/p>\n<\/div><\/div><div class=\"w-actionbox-controls\"><a class=\"w-btn us-btn-style_5\" href=\"\/loesungen\/integrationen\/make\/\"><span class=\"w-btn-label\">Zur Make-Integrationsseite<\/span><\/a><\/div><\/div><\/div><\/div><\/div><\/div><\/div><\/section><!-- Row Backgrounds --><div class=\"upb_color\" data-bg-override=\"0\" data-bg-color=\"#ffffff\" data-fadeout=\"\" data-fadeout-percentage=\"30\" data-parallax-content=\"\" data-parallax-content-sense=\"30\" data-row-effect-mobile-disable=\"true\" data-img-parallax-mobile-disable=\"true\" data-rtl=\"false\"  data-custom-vc-row=\"\"  data-vc=\"8.7.2\"  data-is_old_vc=\"\"  data-theme-support=\"disable\"   data-overlay=\"false\" data-overlay-color=\"\" data-overlay-pattern=\"\" data-overlay-pattern-opacity=\"\" data-overlay-pattern-size=\"\"    ><\/div>\n","protected":false},"excerpt":{"rendered":"Achtung: Anfang 2022 wurde Integromat zu Make. Wir empfehlen die Nutzung unserer App \u00fcber Make, da der Support f\u00fcr Integromat 2023 eingestellt wird. Zur Integrationsseite f\u00fcr unsere Make App Integromat ist ein erfolgreiches Online-Automatisierungsprogramm. Es erm\u00f6glicht die Erstellung von Prozessen, in denen verschiedene Apps miteinander kommunizieren. Einmal fertiggestellt, k\u00f6nnen die Prozesse dann automatisch ablaufen. Durch...","protected":false},"author":1,"featured_media":21938,"parent":17075,"menu_order":0,"comment_status":"closed","ping_status":"closed","template":"","meta":{"content-type":"","footnotes":""},"class_list":["post-20528","page","type-page","status-publish","has-post-thumbnail","hentry"],"_links":{"self":[{"href":"https:\/\/www.seven.io\/de\/wp-json\/wp\/v2\/pages\/20528","targetHints":{"allow":["GET"]}}],"collection":[{"href":"https:\/\/www.seven.io\/de\/wp-json\/wp\/v2\/pages"}],"about":[{"href":"https:\/\/www.seven.io\/de\/wp-json\/wp\/v2\/types\/page"}],"author":[{"embeddable":true,"href":"https:\/\/www.seven.io\/de\/wp-json\/wp\/v2\/users\/1"}],"replies":[{"embeddable":true,"href":"https:\/\/www.seven.io\/de\/wp-json\/wp\/v2\/comments?post=20528"}],"version-history":[{"count":46,"href":"https:\/\/www.seven.io\/de\/wp-json\/wp\/v2\/pages\/20528\/revisions"}],"predecessor-version":[{"id":92382,"href":"https:\/\/www.seven.io\/de\/wp-json\/wp\/v2\/pages\/20528\/revisions\/92382"}],"up":[{"embeddable":true,"href":"https:\/\/www.seven.io\/de\/wp-json\/wp\/v2\/pages\/17075"}],"wp:featuredmedia":[{"embeddable":true,"href":"https:\/\/www.seven.io\/de\/wp-json\/wp\/v2\/media\/21938"}],"wp:attachment":[{"href":"https:\/\/www.seven.io\/de\/wp-json\/wp\/v2\/media?parent=20528"}],"curies":[{"name":"wp","href":"https:\/\/api.w.org\/{rel}","templated":true}]}}