{"id":20531,"date":"2021-01-27T09:04:03","date_gmt":"2021-01-27T08:04:03","guid":{"rendered":"https:\/\/www.sms77.io\/?page_id=20531"},"modified":"2024-07-02T11:47:38","modified_gmt":"2024-07-02T09:47:38","slug":"virtuemart","status":"publish","type":"page","link":"https:\/\/www.seven.io\/de\/loesungen\/integrationen\/virtuemart\/","title":{"rendered":"VirtueMart"},"content":{"rendered":"<section class=\"l-section wpb_row height_small\"><div class=\"l-section-h i-cf\"><div class=\"g-cols vc_row via_flex valign_middle type_default stacking_default\"><div class=\"vc_col-sm-6 wpb_column vc_column_container\"><div class=\"vc_column-inner\"><div class=\"wpb_wrapper\"><div class=\"wpb_text_column\"><div class=\"wpb_wrapper\"><p><strong><a href=\"http:\/\/virtuemart.net\" target=\"_blank\" rel=\"noopener\" data-schema-attribute=\"\">VirtueMart<\/a> ist eine Open-Source-Erweiterung f\u00fcr das Content-Management-System Joomla! und ist gratis nutzbar. Mithilfe der eCommerce-L\u00f6sung k\u00f6nnen Sie einfach umfangreiche Webshops in Joomla! erstellen. VirtueMart bietet viele verschiedene Funktionen f\u00fcr unterschiedliche Endnutzer an und kann um verschiedene Komponenten erweitert werden. <\/strong><\/p>\n<p><strong>Auch f\u00fcr Joomla! an sich stehen zahlreiche Templates und Plugins zur Verf\u00fcgung, mit denen das Aussehen Ihrer Website ver\u00e4ndert und die Funktionen erweitert werden k\u00f6nnen. Sie haben also umfassende M\u00f6glichkeiten, Ihren Onlineshop nach Ihren Vorstellungen zu personalisieren. Mit dem seven-Plugin k\u00f6nnen Sie sogar direkt aus der Bedienoberfl\u00e4che Ihres Onlineshops SMS versenden.<\/strong><\/p>\n<\/div><\/div><div class=\"w-btn-wrapper align_none\"><a class=\"w-btn us-btn-style_1 no-border\" target=\"_blank\" rel=\"nofollow noopener\" href=\"https:\/\/github.com\/seven-io\/joomla\"><span class=\"w-btn-label\">Zu unserem VirtueMart-Plugin f\u00fcr Joomla<\/span><\/a><\/div><\/div><\/div><\/div><div class=\"vc_col-sm-6 wpb_column vc_column_container\"><div class=\"vc_column-inner\"><div class=\"wpb_wrapper\"><div class=\"w-image align_center\"><div class=\"w-image-h\"><img decoding=\"async\" width=\"400\" height=\"400\" src=\"https:\/\/www.seven.io\/wp-content\/uploads\/integrationen_virtuemart-400x400.png\" class=\"attachment-us_400_0 size-us_400_0\" alt=\"Senden Sie SMS mit VirtueMart und sms77\" loading=\"lazy\" srcset=\"https:\/\/www.seven.io\/wp-content\/uploads\/integrationen_virtuemart-400x400.png 400w, https:\/\/www.seven.io\/wp-content\/uploads\/integrationen_virtuemart-300x300.png 300w, https:\/\/www.seven.io\/wp-content\/uploads\/integrationen_virtuemart-150x150.png 150w, https:\/\/www.seven.io\/wp-content\/uploads\/integrationen_virtuemart-350x350.png 350w, https:\/\/www.seven.io\/wp-content\/uploads\/integrationen_virtuemart.png 600w, https:\/\/www.seven.io\/wp-content\/uploads\/integrationen_virtuemart-250x250.png 250w, https:\/\/www.seven.io\/wp-content\/uploads\/integrationen_virtuemart-200x200.png 200w\" sizes=\"auto, (max-width: 400px) 100vw, 400px\" \/><\/div><\/div><\/div><\/div><\/div><\/div><\/div><\/section><section class=\"l-section wpb_row height_small color_alternate\"><div class=\"l-section-h i-cf\"><div class=\"g-cols vc_row via_flex valign_middle type_default stacking_default\"><div class=\"vc_col-sm-6 wpb_column vc_column_container\"><div class=\"vc_column-inner\"><div class=\"wpb_wrapper\"><div class=\"w-image align_none\"><div class=\"w-image-h\"><img decoding=\"async\" width=\"400\" height=\"501\" src=\"https:\/\/www.seven.io\/wp-content\/uploads\/integrationen_virtuemart_mock-400x501.png\" class=\"attachment-us_400_0 size-us_400_0\" alt=\"Senden Sie Massen-SMS aus VirtueMart an Ihre Kunden\" loading=\"lazy\" srcset=\"https:\/\/www.seven.io\/wp-content\/uploads\/integrationen_virtuemart_mock-400x501.png 400w, https:\/\/www.seven.io\/wp-content\/uploads\/integrationen_virtuemart_mock-240x300.png 240w, https:\/\/www.seven.io\/wp-content\/uploads\/integrationen_virtuemart_mock-818x1024.png 818w, https:\/\/www.seven.io\/wp-content\/uploads\/integrationen_virtuemart_mock-350x438.png 350w, https:\/\/www.seven.io\/wp-content\/uploads\/integrationen_virtuemart_mock-250x313.png 250w, https:\/\/www.seven.io\/wp-content\/uploads\/integrationen_virtuemart_mock-600x751.png 600w, https:\/\/www.seven.io\/wp-content\/uploads\/integrationen_virtuemart_mock-768x961.png 768w, https:\/\/www.seven.io\/wp-content\/uploads\/integrationen_virtuemart_mock-300x375.png 300w, https:\/\/www.seven.io\/wp-content\/uploads\/integrationen_virtuemart_mock-320x400.png 320w, https:\/\/www.seven.io\/wp-content\/uploads\/integrationen_virtuemart_mock-200x250.png 200w, https:\/\/www.seven.io\/wp-content\/uploads\/integrationen_virtuemart_mock-500x626.png 500w, https:\/\/www.seven.io\/wp-content\/uploads\/integrationen_virtuemart_mock.png 959w\" sizes=\"auto, (max-width: 400px) 100vw, 400px\" \/><\/div><\/div><\/div><\/div><\/div><div class=\"vc_col-sm-6 wpb_column vc_column_container\"><div class=\"vc_column-inner\"><div class=\"wpb_wrapper\"><div class=\"wpb_text_column\"><div class=\"wpb_wrapper\"><h3>Das seven-Plugin f\u00fcr VirtueMart<\/h3>\n<p>Onlineshops profitieren massiv von effektiver Kommunikation und einem starken Marketingmix. Ihren Kunden beim Versand ihrer Bestellung eine SMS zu schicken ist schon ein besonderer Service. Doch nicht nur f\u00fcr Versandbest\u00e4tigungen oder Zahlungserinnerungen sind SMS praktische Helfer.<\/p>\n<p>Mithilfe von Massen-SMS k\u00f6nnen Sie nicht nur alle Ihre Kunden gleichzeitig \u00fcber Ver\u00e4nderungen informieren, sondern ihnen auch <a href=\"\/de\/blog\/ueber-den-wolken-begleiten-sie-die-customer-journey-ihrer-kunden\/\">Marketing-SMS<\/a> zusenden. Das seven-Plugin f\u00fcr VirtueMart erm\u00f6glicht es Ihnen, diese Funktionen in Joomla zu nutzen, ohne dass Sie sich in einen separaten Account einloggen m\u00fcssten. Anmelden, installieren, einrichten und schon kann es losgehen! Probieren Sie es aus.<\/p>\n<\/div><\/div><\/div><\/div><\/div><\/div><\/div><\/section><!-- Row Backgrounds --><div class=\"upb_color\" data-bg-override=\"0\" data-bg-color=\"#f4f4f4\" data-fadeout=\"\" data-fadeout-percentage=\"30\" data-parallax-content=\"\" data-parallax-content-sense=\"30\" data-row-effect-mobile-disable=\"true\" data-img-parallax-mobile-disable=\"true\" data-rtl=\"false\"  data-custom-vc-row=\"\"  data-vc=\"8.7.2\"  data-is_old_vc=\"\"  data-theme-support=\"disable\"   data-overlay=\"false\" data-overlay-color=\"\" data-overlay-pattern=\"\" data-overlay-pattern-opacity=\"\" data-overlay-pattern-size=\"\"    ><\/div><section class=\"l-section wpb_row height_small\"><div class=\"l-section-h i-cf\"><div class=\"g-cols vc_row via_flex valign_middle type_default stacking_default\"><div class=\"vc_col-sm-6 wpb_column vc_column_container\"><div class=\"vc_column-inner\"><div class=\"wpb_wrapper\"><div class=\"wpb_text_column\"><div class=\"wpb_wrapper\"><h3>Massen-SMS<\/h3>\n<\/div><\/div><div class=\"uavc-list-icon uavc-list-icon-wrapper ult-adjust-bottom-margin   \"><ul class=\"uavc-list\"><li><div class=\"uavc-list-content\" id=\"list-icon-wrap-8483\">\n<div class=\"uavc-list-icon  \" data-animation=\"\" data-animation-delay=\"03\" style=\"margin-right:25px;\"><div class=\"ult-just-icon-wrapper  \"><div class=\"align-icon\" style=\"text-align:center;\">\n<div class=\"aio-icon none \"  style=\"color:#00d46a;font-size:40px;display:inline-block;\">\n\t<i class=\"Defaults-envelope-o\"><\/i>\n<\/div><\/div><\/div>\n<\/div><span  data-ultimate-target='#list-icon-wrap-8483 .uavc-list-desc'  data-responsive-json-new='{\"font-size\":\"\",\"line-height\":\"\"}'  class=\"uavc-list-desc ult-responsive\" style=\"\">Wenn Sie mehreren Empf\u00e4ngern gleichzeitig eine SMS schicken m\u00f6chten, k\u00f6nnen Sie dazu den Massen-SMS-Versand nutzen. Mit unserem Plugin f\u00fcr VirtueMart ist es Ihnen m\u00f6glich, auch nach Land und Kundengruppe zu filtern. So k\u00f6nnen Sie Ihren SMS-Versand effektiv auf die jeweiligen Empf\u00e4nger abstimmen.<\/span><\/div><\/li><\/ul><\/div><div class=\"w-separator size_medium\"><\/div><div class=\"wpb_text_column\"><div class=\"wpb_wrapper\"><h3>Voice<\/h3>\n<\/div><\/div><div class=\"uavc-list-icon uavc-list-icon-wrapper ult-adjust-bottom-margin   \"><ul class=\"uavc-list\"><li><div class=\"uavc-list-content\" id=\"list-icon-wrap-5670\">\n<div class=\"uavc-list-icon  \" data-animation=\"\" data-animation-delay=\"03\" style=\"margin-right:25px;\"><div class=\"ult-just-icon-wrapper  \"><div class=\"align-icon\" style=\"text-align:center;\">\n<div class=\"aio-icon none \"  style=\"color:#00d46a;font-size:40px;display:inline-block;\">\n\t<i class=\"Defaults-volume-up\"><\/i>\n<\/div><\/div><\/div>\n<\/div><span  data-ultimate-target='#list-icon-wrap-5670 .uavc-list-desc'  data-responsive-json-new='{\"font-size\":\"\",\"line-height\":\"\"}'  class=\"uavc-list-desc ult-responsive\" style=\"\">Versenden Sie eine SMS, die Ihren Kunden am Telefon vorgelesen wird. Dies ist nicht nur praktisch, wenn Ihre Kunden eingehende SMS nicht gut lesen k\u00f6nnen. Sie k\u00f6nnen die <a href=\"\/de\/produkte\/voice\/\">Voice-Nachrichten<\/a> auch an Festnetznummern verschicken.<\/span><\/div><\/li><\/ul><\/div><\/div><\/div><\/div><div class=\"vc_col-sm-6 wpb_column vc_column_container\"><div class=\"vc_column-inner\"><div class=\"wpb_wrapper\"><div class=\"w-image no-border align_center\"><a ref=\"magnificPopup\" href=\"https:\/\/www.seven.io\/wp-content\/uploads\/integrationen_virtuemart_joomla_screen.png\" aria-label=\"integrationen_virtuemart_joomla_screen\" class=\"w-image-h\"><img decoding=\"async\" width=\"1280\" height=\"720\" src=\"https:\/\/www.seven.io\/wp-content\/uploads\/integrationen_virtuemart_joomla_screen.png\" class=\"attachment-full size-full\" alt=\"Senden Sie Massen-SMS mit VirtueMart und Joomla\" loading=\"lazy\" srcset=\"https:\/\/www.seven.io\/wp-content\/uploads\/integrationen_virtuemart_joomla_screen.png 1280w, https:\/\/www.seven.io\/wp-content\/uploads\/integrationen_virtuemart_joomla_screen-300x169.png 300w, https:\/\/www.seven.io\/wp-content\/uploads\/integrationen_virtuemart_joomla_screen-1024x576.png 1024w, https:\/\/www.seven.io\/wp-content\/uploads\/integrationen_virtuemart_joomla_screen-250x141.png 250w, https:\/\/www.seven.io\/wp-content\/uploads\/integrationen_virtuemart_joomla_screen-600x338.png 600w, https:\/\/www.seven.io\/wp-content\/uploads\/integrationen_virtuemart_joomla_screen-768x432.png 768w, https:\/\/www.seven.io\/wp-content\/uploads\/integrationen_virtuemart_joomla_screen-400x225.png 400w, https:\/\/www.seven.io\/wp-content\/uploads\/integrationen_virtuemart_joomla_screen-200x113.png 200w\" sizes=\"auto, (max-width: 1280px) 100vw, 1280px\" \/><\/a><\/div><div class=\"wpb_text_column\"><div class=\"wpb_wrapper\"><p style=\"text-align: center;\"><em>Einstellungen in Joomla<\/em>, z<em>um Vergr\u00f6\u00dfern anklicken<\/em><\/p>\n<\/div><\/div><\/div><\/div><\/div><\/div><\/div><\/section><section class=\"l-section wpb_row height_small\"><div class=\"l-section-h i-cf\"><div class=\"g-cols vc_row via_flex valign_top type_default stacking_default\"><div class=\"vc_col-sm-12 wpb_column vc_column_container\"><div class=\"vc_column-inner\"><div class=\"wpb_wrapper\"><div class=\"w-actionbox us_custom_e47d7875 color_light controls_right\"><div class=\"w-actionbox-text\"><div class=\"w-actionbox-description\"><p>Sie brauchen Hilfe bei der Installation oder der Einrichtung der Funktionen?<br \/>\nAuf unserer GitHub-Seite finden Sie weitere Informationen.<\/p>\n<\/div><\/div><div class=\"w-actionbox-controls\"><a class=\"w-btn us-btn-style_5\" target=\"_blank\" href=\"https:\/\/github.com\/seven-io\/joomla\" rel=\"noopener\"><span class=\"w-btn-label\">Zu GitHub<\/span><\/a><\/div><\/div><\/div><\/div><\/div><\/div><\/div><\/section><!-- Row Backgrounds --><div class=\"upb_color\" data-bg-override=\"0\" data-bg-color=\"#ffffff\" data-fadeout=\"\" data-fadeout-percentage=\"30\" data-parallax-content=\"\" data-parallax-content-sense=\"30\" data-row-effect-mobile-disable=\"true\" data-img-parallax-mobile-disable=\"true\" data-rtl=\"false\"  data-custom-vc-row=\"\"  data-vc=\"8.7.2\"  data-is_old_vc=\"\"  data-theme-support=\"disable\"   data-overlay=\"false\" data-overlay-color=\"\" data-overlay-pattern=\"\" data-overlay-pattern-opacity=\"\" data-overlay-pattern-size=\"\"    ><\/div>\n","protected":false},"excerpt":{"rendered":"VirtueMart ist eine Open-Source-Erweiterung f\u00fcr das Content-Management-System Joomla! und ist gratis nutzbar. Mithilfe der eCommerce-L\u00f6sung k\u00f6nnen Sie einfach umfangreiche Webshops in Joomla! erstellen. VirtueMart bietet viele verschiedene Funktionen f\u00fcr unterschiedliche Endnutzer an und kann um verschiedene Komponenten erweitert werden. Auch f\u00fcr Joomla! an sich stehen zahlreiche Templates und Plugins zur Verf\u00fcgung, mit denen das Aussehen...","protected":false},"author":1,"featured_media":21306,"parent":17075,"menu_order":0,"comment_status":"closed","ping_status":"closed","template":"","meta":{"content-type":"","footnotes":""},"class_list":["post-20531","page","type-page","status-publish","has-post-thumbnail","hentry"],"_links":{"self":[{"href":"https:\/\/www.seven.io\/de\/wp-json\/wp\/v2\/pages\/20531","targetHints":{"allow":["GET"]}}],"collection":[{"href":"https:\/\/www.seven.io\/de\/wp-json\/wp\/v2\/pages"}],"about":[{"href":"https:\/\/www.seven.io\/de\/wp-json\/wp\/v2\/types\/page"}],"author":[{"embeddable":true,"href":"https:\/\/www.seven.io\/de\/wp-json\/wp\/v2\/users\/1"}],"replies":[{"embeddable":true,"href":"https:\/\/www.seven.io\/de\/wp-json\/wp\/v2\/comments?post=20531"}],"version-history":[{"count":42,"href":"https:\/\/www.seven.io\/de\/wp-json\/wp\/v2\/pages\/20531\/revisions"}],"predecessor-version":[{"id":92892,"href":"https:\/\/www.seven.io\/de\/wp-json\/wp\/v2\/pages\/20531\/revisions\/92892"}],"up":[{"embeddable":true,"href":"https:\/\/www.seven.io\/de\/wp-json\/wp\/v2\/pages\/17075"}],"wp:featuredmedia":[{"embeddable":true,"href":"https:\/\/www.seven.io\/de\/wp-json\/wp\/v2\/media\/21306"}],"wp:attachment":[{"href":"https:\/\/www.seven.io\/de\/wp-json\/wp\/v2\/media?parent=20531"}],"curies":[{"name":"wp","href":"https:\/\/api.w.org\/{rel}","templated":true}]}}