{"id":20534,"date":"2020-12-29T14:24:45","date_gmt":"2020-12-29T13:24:45","guid":{"rendered":"https:\/\/www.sms77.io\/?page_id=20534"},"modified":"2024-03-27T12:25:28","modified_gmt":"2024-03-27T11:25:28","slug":"rapidapi","status":"publish","type":"page","link":"https:\/\/www.seven.io\/de\/loesungen\/integrationen\/rapidapi\/","title":{"rendered":"RapidAPI"},"content":{"rendered":"<section class=\"l-section wpb_row height_small\"><div class=\"l-section-h i-cf\"><div class=\"g-cols vc_row via_flex valign_middle type_default stacking_default\"><div class=\"vc_col-sm-6 wpb_column vc_column_container\"><div class=\"vc_column-inner\"><div class=\"wpb_wrapper\"><div class=\"wpb_text_column\"><div class=\"wpb_wrapper\"><p><strong><a href=\"https:\/\/rapidapi.com\" target=\"_blank\" rel=\"noopener\" data-schema-attribute=\"\">RapidAPI<\/a> bezeichnet sich selbst als Marktplatz f\u00fcr APIs, also f\u00fcr Programmierschnittstellen. Die gut organisierte Plattform bietet die M\u00f6glichkeit, eine Vielzahl an APIs zentral zu suchen, zu vergleichen und in Applikationen einzubinden. So finden Sie leicht die passende API f\u00fcr Ihre Bed\u00fcrfnisse und k\u00f6nnen die verschiedenen Schnittstellen verwalten \u2013 unkompliziert und \u00fcbersichtlich.\u00a0Laut eigenen Angaben stehen zehntausend Schnittstellen zur Verf\u00fcgung, womit RapidAPI die gr\u00f6\u00dfte Plattform ihrer Art ist.<\/strong><\/p>\n<\/div><\/div><div class=\"w-btn-wrapper align_none\"><a class=\"w-btn us-btn-style_1 no-border\" target=\"_blank\" rel=\"nofollow noopener\" href=\"https:\/\/rapidapi.com\/sms77io-sms77io-default\/api\/sms77io\"><span class=\"w-btn-label\">Unsere API auf RapidAPI<\/span><\/a><\/div><\/div><\/div><\/div><div class=\"vc_col-sm-6 wpb_column vc_column_container\"><div class=\"vc_column-inner\"><div class=\"wpb_wrapper\"><div class=\"w-video align_none ratio_16x9 has_iframe\"><div class=\"w-video-h\"><iframe title=\"Youtube video player\" src=\"\/\/www.youtube.com\/embed\/OcXEd0Qbvj0?autoplay=0&controls=0&origin=https:\/\/www.seven.io\/de\/&loop=0&mute=0\" allowfullscreen=\"1\" loading=\"lazy\"><\/iframe><\/div><\/div><\/div><\/div><\/div><\/div><\/div><\/section><section class=\"l-section wpb_row height_small color_alternate\"><div class=\"l-section-h i-cf\"><div class=\"g-cols vc_row via_flex valign_middle type_default stacking_default\"><div class=\"vc_col-sm-6 wpb_column vc_column_container\"><div class=\"vc_column-inner\"><div class=\"wpb_wrapper\"><div class=\"w-image align_center\"><div class=\"w-image-h\"><img decoding=\"async\" width=\"400\" height=\"224\" src=\"https:\/\/www.seven.io\/wp-content\/uploads\/API-EconomyHeader_Alt.jpg\" class=\"attachment-us_400_0 size-us_400_0\" alt=\"API Economy\" loading=\"lazy\" srcset=\"https:\/\/www.seven.io\/wp-content\/uploads\/API-EconomyHeader_Alt.jpg 1700w, https:\/\/www.seven.io\/wp-content\/uploads\/API-EconomyHeader_Alt-300x168.jpg 300w, https:\/\/www.seven.io\/wp-content\/uploads\/API-EconomyHeader_Alt-1024x573.jpg 1024w, https:\/\/www.seven.io\/wp-content\/uploads\/API-EconomyHeader_Alt-1536x860.jpg 1536w, https:\/\/www.seven.io\/wp-content\/uploads\/API-EconomyHeader_Alt-600x336.jpg 600w, https:\/\/www.seven.io\/wp-content\/uploads\/API-EconomyHeader_Alt-768x430.jpg 768w\" sizes=\"auto, (max-width: 400px) 100vw, 400px\" \/><\/div><\/div><\/div><\/div><\/div><div class=\"vc_col-sm-6 wpb_column vc_column_container\"><div class=\"vc_column-inner\"><div class=\"wpb_wrapper\"><div class=\"wpb_text_column\"><div class=\"wpb_wrapper\"><h3>seven auf RapidAPI<\/h3>\n<p>Nat\u00fcrlich k\u00f6nnen Sie auch unsere API auf RapidAPI finden. So k\u00f6nnen Sie einfach und unkompliziert SMS versenden, w\u00e4hrend Sie Ihre APIs alle \u00fcbersichtlich an einem Ort verwalten. Entscheiden Sie sich daf\u00fcr die seven-API anzubinden, k\u00f6nnen Sie unsere Dienstleistungen wie gewohnt in <b>vollem Umfang<\/b> nutzen. Voraussetzung hierf\u00fcr ist nat\u00fcrlich, dass Sie ein <a href=\"https:\/\/app.seven.io\/signup\" rel=\"noopener\">aktives Konto<\/a> bei uns haben und Ihr Guthaben ausreicht. F\u00fcr den SMS-Empfang ist es au\u00dferdem sinnvoll, eine eigene Inbound-Nummer zu buchen.<\/p>\n<\/div><\/div><\/div><\/div><\/div><\/div><\/div><\/section><!-- Row Backgrounds --><div class=\"upb_color\" data-bg-override=\"0\" data-bg-color=\"#f4f4f4\" data-fadeout=\"\" data-fadeout-percentage=\"30\" data-parallax-content=\"\" data-parallax-content-sense=\"30\" data-row-effect-mobile-disable=\"true\" data-img-parallax-mobile-disable=\"true\" data-rtl=\"false\"  data-custom-vc-row=\"\"  data-vc=\"8.7.2\"  data-is_old_vc=\"\"  data-theme-support=\"disable\"   data-overlay=\"false\" data-overlay-color=\"\" data-overlay-pattern=\"\" data-overlay-pattern-opacity=\"\" data-overlay-pattern-size=\"\"    ><\/div><section class=\"l-section wpb_row height_small\"><div class=\"l-section-h i-cf\"><div class=\"g-cols vc_row via_flex valign_top type_default stacking_default\"><div class=\"vc_col-sm-12 wpb_column vc_column_container\"><div class=\"vc_column-inner\"><div class=\"wpb_wrapper\"><div class=\"w-actionbox us_custom_e47d7875 color_light controls_right\"><div class=\"w-actionbox-text\"><div class=\"w-actionbox-description\"><p>Sie brauchen Hilfe bei der Installation oder der Einrichtung der Funktionen?<br \/>\nAuf der Seite von RapidAPI finden Sie weitere Informationen.<\/p>\n<\/div><\/div><div class=\"w-actionbox-controls\"><a class=\"w-btn us-btn-style_5\" target=\"_blank\" href=\"https:\/\/rapidapi.com\/sms77io-sms77io-default\/api\/sms77io\" rel=\"noopener\"><span class=\"w-btn-label\">Zu RapidAPI<\/span><\/a><\/div><\/div><\/div><\/div><\/div><\/div><\/div><\/section><!-- Row Backgrounds --><div class=\"upb_color\" data-bg-override=\"0\" data-bg-color=\"#ffffff\" data-fadeout=\"\" data-fadeout-percentage=\"30\" data-parallax-content=\"\" data-parallax-content-sense=\"30\" data-row-effect-mobile-disable=\"true\" data-img-parallax-mobile-disable=\"true\" data-rtl=\"false\"  data-custom-vc-row=\"\"  data-vc=\"8.7.2\"  data-is_old_vc=\"\"  data-theme-support=\"disable\"   data-overlay=\"false\" data-overlay-color=\"\" data-overlay-pattern=\"\" data-overlay-pattern-opacity=\"\" data-overlay-pattern-size=\"\"    ><\/div>\n","protected":false},"excerpt":{"rendered":"RapidAPI bezeichnet sich selbst als Marktplatz f\u00fcr APIs, also f\u00fcr Programmierschnittstellen. Die gut organisierte Plattform bietet die M\u00f6glichkeit, eine Vielzahl an APIs zentral zu suchen, zu vergleichen und in Applikationen einzubinden. So finden Sie leicht die passende API f\u00fcr Ihre Bed\u00fcrfnisse und k\u00f6nnen die verschiedenen Schnittstellen verwalten \u2013 unkompliziert und \u00fcbersichtlich.\u00a0Laut eigenen Angaben stehen zehntausend...","protected":false},"author":1,"featured_media":23303,"parent":17075,"menu_order":0,"comment_status":"closed","ping_status":"closed","template":"","meta":{"content-type":"","footnotes":""},"class_list":["post-20534","page","type-page","status-publish","has-post-thumbnail","hentry"],"_links":{"self":[{"href":"https:\/\/www.seven.io\/de\/wp-json\/wp\/v2\/pages\/20534","targetHints":{"allow":["GET"]}}],"collection":[{"href":"https:\/\/www.seven.io\/de\/wp-json\/wp\/v2\/pages"}],"about":[{"href":"https:\/\/www.seven.io\/de\/wp-json\/wp\/v2\/types\/page"}],"author":[{"embeddable":true,"href":"https:\/\/www.seven.io\/de\/wp-json\/wp\/v2\/users\/1"}],"replies":[{"embeddable":true,"href":"https:\/\/www.seven.io\/de\/wp-json\/wp\/v2\/comments?post=20534"}],"version-history":[{"count":29,"href":"https:\/\/www.seven.io\/de\/wp-json\/wp\/v2\/pages\/20534\/revisions"}],"predecessor-version":[{"id":92412,"href":"https:\/\/www.seven.io\/de\/wp-json\/wp\/v2\/pages\/20534\/revisions\/92412"}],"up":[{"embeddable":true,"href":"https:\/\/www.seven.io\/de\/wp-json\/wp\/v2\/pages\/17075"}],"wp:featuredmedia":[{"embeddable":true,"href":"https:\/\/www.seven.io\/de\/wp-json\/wp\/v2\/media\/23303"}],"wp:attachment":[{"href":"https:\/\/www.seven.io\/de\/wp-json\/wp\/v2\/media?parent=20534"}],"curies":[{"name":"wp","href":"https:\/\/api.w.org\/{rel}","templated":true}]}}