{"id":21048,"date":"2020-11-27T14:29:49","date_gmt":"2020-11-27T13:29:49","guid":{"rendered":"https:\/\/www.sms77.io\/?page_id=21048"},"modified":"2024-03-26T08:40:04","modified_gmt":"2024-03-26T07:40:04","slug":"drupal","status":"publish","type":"page","link":"https:\/\/www.seven.io\/de\/loesungen\/integrationen\/drupal\/","title":{"rendered":"Drupal"},"content":{"rendered":"<section class=\"l-section wpb_row height_small\"><div class=\"l-section-h i-cf\"><div class=\"g-cols vc_row via_flex valign_middle type_default stacking_default\"><div class=\"vc_col-sm-6 wpb_column vc_column_container\"><div class=\"vc_column-inner\"><div class=\"wpb_wrapper\"><div class=\"wpb_text_column\"><div class=\"wpb_wrapper\"><p><strong>Interessieren Sie sich f\u00fcr den SMS-Versand in Drupal? Lesen Sie weiter!<br \/>\nZun\u00e4chst ein paar Worte zu Drupal selbst: Drupal ist ein Open-Source Content-Management-System.<span class=\"Apple-converted-space\">\u00a0<\/span>Das CMS existiert bereits seit dem Jahre 2000 und hat sich seitdem best\u00e4ndig weiterentwickelt. Es \u00fcberzeugt heute nicht zuletzt durch seine zahlreichen <a href=\"https:\/\/github.com\/seven-io\/drupal8\" target=\"_blank\" rel=\"noopener\" data-schema-attribute=\"\">Module<\/a>, die den Funktionsumfang des Systems erheblich erweitern k\u00f6nnen. Dar\u00fcber hinaus kann die jeweilige Website mithilfe verschiedener Themes leicht und individuell gestaltet werden. <\/strong><\/p>\n<p><strong>Der Erfolg des Systems ist unumstritten: Unter den Nutzern finden sich gro\u00dfe Namen wie das Wei\u00dfe Haus und die Ivy-League-Universit\u00e4t Harvard wieder.<\/strong>\u00a0<strong>Dank einer aktiven Community k\u00f6nnen Sie sicher sein, dass Sie in einem der zahlreichen Foren Hilfe erhalten, wenn einmal ein Problem auftreten sollte. Wenn Sie dort keine L\u00f6sung finden, k\u00f6nnen Sie auch professionellen Support von auf Drupal spezialisierten Unternehmen erhalten.<span class=\"Apple-converted-space\">\u00a0<\/span><\/strong><\/p>\n<\/div><\/div><div class=\"g-cols wpb_row via_flex valign_top type_default stacking_default\"><div class=\"vc_col-sm-6 wpb_column vc_column_container\"><div class=\"vc_column-inner\"><div class=\"wpb_wrapper\"><div class=\"w-btn-wrapper align_none\"><a class=\"w-btn us-btn-style_1 no-border\" target=\"_blank\" rel=\"nofollow noopener\" href=\"https:\/\/github.com\/seven-io\/drupal8\"><span class=\"w-btn-label\">Drupal SMS-Plugin (Composer)<\/span><\/a><\/div><\/div><\/div><\/div><div class=\"vc_col-sm-6 wpb_column vc_column_container\"><div class=\"vc_column-inner\"><div class=\"wpb_wrapper\"><div class=\"w-btn-wrapper align_none\"><a class=\"w-btn us-btn-style_1 no-border\" target=\"_blank\" rel=\"nofollow noopener\" href=\"https:\/\/github.com\/seven-io\/drupal-sms-framework\"><span class=\"w-btn-label\">Drupal SMS-Plugin (SMS Framework)<\/span><\/a><\/div><\/div><\/div><\/div><\/div><\/div><\/div><\/div><div class=\"vc_col-sm-6 wpb_column vc_column_container\"><div class=\"vc_column-inner\"><div class=\"wpb_wrapper\"><div class=\"w-video align_none ratio_16x9 has_iframe\"><div class=\"w-video-h\"><iframe title=\"Youtube video player\" src=\"\/\/www.youtube.com\/embed\/IPR36uraNwc?autoplay=0&controls=0&origin=https:\/\/www.seven.io\/de\/&loop=0&mute=0\" allowfullscreen=\"1\" loading=\"lazy\"><\/iframe><\/div><\/div><\/div><\/div><\/div><\/div><\/div><\/section><section class=\"l-section wpb_row height_small color_alternate\"><div class=\"l-section-h i-cf\"><div class=\"g-cols vc_row via_flex valign_middle type_default stacking_default\"><div class=\"vc_col-sm-6 wpb_column vc_column_container\"><div class=\"vc_column-inner\"><div class=\"wpb_wrapper\"><div class=\"w-image align_center\"><div class=\"w-image-h\"><img decoding=\"async\" width=\"400\" height=\"501\" src=\"https:\/\/www.seven.io\/wp-content\/uploads\/integrationen_drupal_mock-400x501.png\" class=\"attachment-us_400_0 size-us_400_0\" alt=\"Integrieren Sie Ihren SMS-Versand in Drupal\" loading=\"lazy\" srcset=\"https:\/\/www.seven.io\/wp-content\/uploads\/integrationen_drupal_mock-400x501.png 400w, https:\/\/www.seven.io\/wp-content\/uploads\/integrationen_drupal_mock-240x300.png 240w, https:\/\/www.seven.io\/wp-content\/uploads\/integrationen_drupal_mock-818x1024.png 818w, https:\/\/www.seven.io\/wp-content\/uploads\/integrationen_drupal_mock-350x438.png 350w, https:\/\/www.seven.io\/wp-content\/uploads\/integrationen_drupal_mock-250x313.png 250w, https:\/\/www.seven.io\/wp-content\/uploads\/integrationen_drupal_mock-600x751.png 600w, https:\/\/www.seven.io\/wp-content\/uploads\/integrationen_drupal_mock-768x961.png 768w, https:\/\/www.seven.io\/wp-content\/uploads\/integrationen_drupal_mock-300x375.png 300w, https:\/\/www.seven.io\/wp-content\/uploads\/integrationen_drupal_mock-320x400.png 320w, https:\/\/www.seven.io\/wp-content\/uploads\/integrationen_drupal_mock-200x250.png 200w, https:\/\/www.seven.io\/wp-content\/uploads\/integrationen_drupal_mock-500x626.png 500w, https:\/\/www.seven.io\/wp-content\/uploads\/integrationen_drupal_mock.png 959w\" sizes=\"auto, (max-width: 400px) 100vw, 400px\" \/><\/div><\/div><\/div><\/div><\/div><div class=\"vc_col-sm-6 wpb_column vc_column_container\"><div class=\"vc_column-inner\"><div class=\"wpb_wrapper\"><div class=\"wpb_text_column\"><div class=\"wpb_wrapper\"><h3>SMS-Versand in Drupal mit seven<\/h3>\n<p>Es gibt viele gute Gr\u00fcnde, wieso Sie den SMS-Versand in Drupal in Erw\u00e4gung ziehen sollten. Personalisierte Massen-SMS lassen sich beispielsweise nicht nur f\u00fcr Benachrichtigungen, sondern auch f\u00fcr Marketing-Nachrichten einsetzen. Dank unserer Analysem\u00f6glichkeiten k\u00f6nnen Sie die Performance Ihrer Marketingkampagne au\u00dferdem leicht auswerten.<\/p>\n<p>Nach der Installation und Einrichtung des Plugins m\u00fcssen Sie f\u00fcr den Versand einer SMS nicht mehr den Umweg \u00fcber unsere Webapp nehmen, sondern k\u00f6nnen die wichtigsten Funktionen direkt in Ihrem System nutzen. Dadurch bleibt Ihr SMS-Versand in Drupal \u00fcbersichtlich und Sie m\u00fcssen keine Abstriche in punkto Bedienbarkeit machen.<span class=\"Apple-converted-space\">\u00a0<\/span><\/p>\n<p><a href=\"https:\/\/app.seven.io\/signup\" rel=\"noopener\">Melden Sie sich an<\/a> und probieren Sie es einfach aus!<\/p>\n<\/div><\/div><\/div><\/div><\/div><\/div><\/div><\/section><!-- Row Backgrounds --><div class=\"upb_color\" data-bg-override=\"0\" data-bg-color=\"#f4f4f4\" data-fadeout=\"\" data-fadeout-percentage=\"30\" data-parallax-content=\"\" data-parallax-content-sense=\"30\" data-row-effect-mobile-disable=\"true\" data-img-parallax-mobile-disable=\"true\" data-rtl=\"false\"  data-custom-vc-row=\"\"  data-vc=\"8.7.2\"  data-is_old_vc=\"\"  data-theme-support=\"disable\"   data-overlay=\"false\" data-overlay-color=\"\" data-overlay-pattern=\"\" data-overlay-pattern-opacity=\"\" data-overlay-pattern-size=\"\"    ><\/div><section class=\"l-section wpb_row height_small\"><div class=\"l-section-h i-cf\"><div class=\"g-cols vc_row via_flex valign_middle type_default stacking_default\"><div class=\"vc_col-sm-6 wpb_column vc_column_container\"><div class=\"vc_column-inner\"><div class=\"wpb_wrapper\"><div class=\"wpb_text_column\"><div class=\"wpb_wrapper\"><h3>Signaturen<\/h3>\n<\/div><\/div><div class=\"uavc-list-icon uavc-list-icon-wrapper ult-adjust-bottom-margin   \"><ul class=\"uavc-list\"><li><div class=\"uavc-list-content\" id=\"list-icon-wrap-1945\">\n<div class=\"uavc-list-icon  \" data-animation=\"\" data-animation-delay=\"03\" style=\"margin-right:25px;\"><div class=\"ult-just-icon-wrapper  \"><div class=\"align-icon\" style=\"text-align:center;\">\n<div class=\"aio-icon none \"  style=\"color:#52c0fa;font-size:40px;display:inline-block;\">\n\t<i class=\"Defaults-pencil\"><\/i>\n<\/div><\/div><\/div>\n<\/div><span  data-ultimate-target='#list-icon-wrap-1945 .uavc-list-desc'  data-responsive-json-new='{\"font-size\":\"\",\"line-height\":\"\"}'  class=\"uavc-list-desc ult-responsive\" style=\"\">Mit festgelegten Signaturen sparen Sie Zeit und gehen sicher, dass Ihre SMS immer eine Verabschiedung enthalten. Sie m\u00f6chten lieber eine festgelegte Begr\u00fc\u00dfung nutzen? Auch das ist kein Problem: Sie k\u00f6nnen die Signatur sowohl vor als auch nach dem SMS-Text anh\u00e4ngen.<\/span><\/div><\/li><\/ul><\/div><div class=\"w-separator size_small\"><\/div><div class=\"wpb_text_column\"><div class=\"wpb_wrapper\"><h3>Fester Absendername<\/h3>\n<\/div><\/div><div class=\"uavc-list-icon uavc-list-icon-wrapper ult-adjust-bottom-margin   \"><ul class=\"uavc-list\"><li><div class=\"uavc-list-content\" id=\"list-icon-wrap-5805\">\n<div class=\"uavc-list-icon  \" data-animation=\"\" data-animation-delay=\"03\" style=\"margin-right:25px;\"><div class=\"ult-just-icon-wrapper  \"><div class=\"align-icon\" style=\"text-align:center;\">\n<div class=\"aio-icon none \"  style=\"color:#52c0fa;font-size:40px;display:inline-block;\">\n\t<i class=\"Defaults-check-circle\"><\/i>\n<\/div><\/div><\/div>\n<\/div><span  data-ultimate-target='#list-icon-wrap-5805 .uavc-list-desc'  data-responsive-json-new='{\"font-size\":\"\",\"line-height\":\"\"}'  class=\"uavc-list-desc ult-responsive\" style=\"\">Senden Sie einen Absendernamen mit, damit Ihre Empf\u00e4nger sofort wissen, wer ihnen eine SMS sendet. Der angezeigte Name kann bis zu elf alphanumerische Zeichen enthalten.<\/span><\/div><\/li><\/ul><\/div><\/div><\/div><\/div><div class=\"vc_col-sm-6 wpb_column vc_column_container\"><div class=\"vc_column-inner\"><div class=\"wpb_wrapper\"><div class=\"w-image no-border align_center\"><a ref=\"magnificPopup\" href=\"https:\/\/www.seven.io\/wp-content\/uploads\/integrationen_drupal_screenshot.jpg\" aria-label=\"integrationen_drupal_screenshot\" class=\"w-image-h\"><img decoding=\"async\" width=\"768\" height=\"512\" src=\"https:\/\/www.seven.io\/wp-content\/uploads\/integrationen_drupal_screenshot-768x512.jpg\" class=\"attachment-us_768_0 size-us_768_0\" alt=\"Versenden Sie SMS mit dem sms77-Plugin f\u00fcr Drupal\" loading=\"lazy\" srcset=\"https:\/\/www.seven.io\/wp-content\/uploads\/integrationen_drupal_screenshot-768x512.jpg 768w, https:\/\/www.seven.io\/wp-content\/uploads\/integrationen_drupal_screenshot-300x200.jpg 300w, https:\/\/www.seven.io\/wp-content\/uploads\/integrationen_drupal_screenshot-1024x683.jpg 1024w, https:\/\/www.seven.io\/wp-content\/uploads\/integrationen_drupal_screenshot-250x167.jpg 250w, https:\/\/www.seven.io\/wp-content\/uploads\/integrationen_drupal_screenshot-600x400.jpg 600w, https:\/\/www.seven.io\/wp-content\/uploads\/integrationen_drupal_screenshot-400x267.jpg 400w, https:\/\/www.seven.io\/wp-content\/uploads\/integrationen_drupal_screenshot-200x133.jpg 200w, https:\/\/www.seven.io\/wp-content\/uploads\/integrationen_drupal_screenshot.jpg 1600w\" sizes=\"auto, (max-width: 768px) 100vw, 768px\" \/><\/a><\/div><div class=\"wpb_text_column\"><div class=\"wpb_wrapper\"><p style=\"text-align: center;\"><em>Einstellungs\u00fcbersicht f\u00fcr den SMS-Versand in Drupal, zum Vergr\u00f6\u00dfern anklicken<\/em><\/p>\n<\/div><\/div><\/div><\/div><\/div><\/div><\/div><\/section><section class=\"l-section wpb_row height_small\"><div class=\"l-section-h i-cf\"><div class=\"g-cols vc_row via_flex valign_top type_default stacking_default\"><div class=\"vc_col-sm-6 wpb_column vc_column_container\"><div class=\"vc_column-inner\"><div class=\"wpb_wrapper\"><div class=\"wpb_text_column\"><div class=\"wpb_wrapper\"><h3>Labels<\/h3>\n<\/div><\/div><div class=\"uavc-list-icon uavc-list-icon-wrapper ult-adjust-bottom-margin   \"><ul class=\"uavc-list\"><li><div class=\"uavc-list-content\" id=\"list-icon-wrap-3263\">\n<div class=\"uavc-list-icon  \" data-animation=\"\" data-animation-delay=\"03\" style=\"margin-right:25px;\"><div class=\"ult-just-icon-wrapper  \"><div class=\"align-icon\" style=\"text-align:center;\">\n<div class=\"aio-icon none \"  style=\"color:#52c0fa;font-size:40px;display:inline-block;\">\n\t<i class=\"Defaults-tags\"><\/i>\n<\/div><\/div><\/div>\n<\/div><span  data-ultimate-target='#list-icon-wrap-3263 .uavc-list-desc'  data-responsive-json-new='{\"font-size\":\"\",\"line-height\":\"\"}'  class=\"uavc-list-desc ult-responsive\" style=\"\">Mit unterschiedlichen Labels ordnen Sie Ihre SMS unterschiedlichen Themengebieten zu und behalten immer den \u00dcberblick. Sie k\u00f6nnen auch verschiedenen Mitarbeitern Labels zuweisen und so pr\u00fcfen, wer wie viele SMS versendet. Doch auch im Marketing haben sich Labels als sinnvoll erwiesen. Unterschiedliche Kampagnen erhalten unterschiedliche Labels, damit sich die Performance am Ende leichter pr\u00fcfen l\u00e4sst.<\/span><\/div><\/li><\/ul><\/div><\/div><\/div><\/div><div class=\"vc_col-sm-6 wpb_column vc_column_container\"><div class=\"vc_column-inner\"><div class=\"wpb_wrapper\"><div class=\"wpb_text_column\"><div class=\"wpb_wrapper\"><h3>Performance Tracking<\/h3>\n<\/div><\/div><div class=\"uavc-list-icon uavc-list-icon-wrapper ult-adjust-bottom-margin   \"><ul class=\"uavc-list\"><li><div class=\"uavc-list-content\" id=\"list-icon-wrap-4329\">\n<div class=\"uavc-list-icon  \" data-animation=\"\" data-animation-delay=\"03\" style=\"margin-right:25px;\"><div class=\"ult-just-icon-wrapper  \"><div class=\"align-icon\" style=\"text-align:center;\">\n<div class=\"aio-icon none \"  style=\"color:#52c0fa;font-size:40px;display:inline-block;\">\n\t<i class=\"Defaults-search\"><\/i>\n<\/div><\/div><\/div>\n<\/div><span  data-ultimate-target='#list-icon-wrap-4329 .uavc-list-desc'  data-responsive-json-new='{\"font-size\":\"\",\"line-height\":\"\"}'  class=\"uavc-list-desc ult-responsive\" style=\"\">Insbesondere wenn Sie Marketingkampagnen via SMS versenden, m\u00f6chten Sie nat\u00fcrlich wissen, wie erfolgreich Ihre Werbema\u00dfnahmen waren. Mithilfe unseres Performance Trackings k\u00f6nnen Sie verfolgen, wie oft ein versendeter Link in Ihren SMS ge\u00f6ffnet wurde.<\/span><\/div><\/li><\/ul><\/div><\/div><\/div><\/div><\/div><\/div><\/section><!-- Row Backgrounds --><div class=\"upb_color\" data-bg-override=\"0\" data-bg-color=\"#ffffff\" data-fadeout=\"\" data-fadeout-percentage=\"30\" data-parallax-content=\"\" data-parallax-content-sense=\"30\" data-row-effect-mobile-disable=\"true\" data-img-parallax-mobile-disable=\"true\" data-rtl=\"false\"  data-custom-vc-row=\"\"  data-vc=\"8.7.2\"  data-is_old_vc=\"\"  data-theme-support=\"disable\"   data-overlay=\"false\" data-overlay-color=\"\" data-overlay-pattern=\"\" data-overlay-pattern-opacity=\"\" data-overlay-pattern-size=\"\"    ><\/div><section class=\"l-section wpb_row height_small\"><div class=\"l-section-h i-cf\"><div class=\"g-cols vc_row via_flex valign_top type_default stacking_default\"><div class=\"vc_col-sm-12 wpb_column vc_column_container\"><div class=\"vc_column-inner\"><div class=\"wpb_wrapper\"><div class=\"w-actionbox us_custom_e47d7875 color_light controls_bottom\"><div class=\"w-actionbox-text\"><div class=\"w-actionbox-description\"><p>Sie brauchen Hilfe bei der Installation der Plugins?<br \/>\nWeitere Informationen finden Sie auf unserer GitHub-Seite.<\/p>\n<\/div><\/div><div class=\"w-actionbox-controls\"><a class=\"w-btn us-btn-style_5\" target=\"_blank\" href=\"https:\/\/github.com\/seven-io\/drupal8\" rel=\"noopener\"><span class=\"w-btn-label\">Zum Drupal SMS-Plugin (Composer)<\/span><\/a><a class=\"w-btn us-btn-style_5\" target=\"_blank\" href=\"https:\/\/github.com\/seven-io\/drupal-sms-framework\" rel=\"noopener\"><span class=\"w-btn-label\">Zum Drupal SMS-Plugin (SMS Framework)<\/span><\/a><\/div><\/div><\/div><\/div><\/div><\/div><\/div><\/section><!-- Row Backgrounds --><div class=\"upb_color\" data-bg-override=\"0\" data-bg-color=\"#ffffff\" data-fadeout=\"\" data-fadeout-percentage=\"30\" data-parallax-content=\"\" data-parallax-content-sense=\"30\" data-row-effect-mobile-disable=\"true\" data-img-parallax-mobile-disable=\"true\" data-rtl=\"false\"  data-custom-vc-row=\"\"  data-vc=\"8.7.2\"  data-is_old_vc=\"\"  data-theme-support=\"disable\"   data-overlay=\"false\" data-overlay-color=\"\" data-overlay-pattern=\"\" data-overlay-pattern-opacity=\"\" data-overlay-pattern-size=\"\"    ><\/div>\n","protected":false},"excerpt":{"rendered":"Interessieren Sie sich f\u00fcr den SMS-Versand in Drupal? Lesen Sie weiter! Zun\u00e4chst ein paar Worte zu Drupal selbst: Drupal ist ein Open-Source Content-Management-System.\u00a0Das CMS existiert bereits seit dem Jahre 2000 und hat sich seitdem best\u00e4ndig weiterentwickelt. Es \u00fcberzeugt heute nicht zuletzt durch seine zahlreichen Module, die den Funktionsumfang des Systems erheblich erweitern k\u00f6nnen. Dar\u00fcber hinaus...","protected":false},"author":1,"featured_media":21476,"parent":17075,"menu_order":0,"comment_status":"closed","ping_status":"closed","template":"","meta":{"content-type":"","footnotes":""},"class_list":["post-21048","page","type-page","status-publish","has-post-thumbnail","hentry"],"_links":{"self":[{"href":"https:\/\/www.seven.io\/de\/wp-json\/wp\/v2\/pages\/21048","targetHints":{"allow":["GET"]}}],"collection":[{"href":"https:\/\/www.seven.io\/de\/wp-json\/wp\/v2\/pages"}],"about":[{"href":"https:\/\/www.seven.io\/de\/wp-json\/wp\/v2\/types\/page"}],"author":[{"embeddable":true,"href":"https:\/\/www.seven.io\/de\/wp-json\/wp\/v2\/users\/1"}],"replies":[{"embeddable":true,"href":"https:\/\/www.seven.io\/de\/wp-json\/wp\/v2\/comments?post=21048"}],"version-history":[{"count":50,"href":"https:\/\/www.seven.io\/de\/wp-json\/wp\/v2\/pages\/21048\/revisions"}],"predecessor-version":[{"id":92348,"href":"https:\/\/www.seven.io\/de\/wp-json\/wp\/v2\/pages\/21048\/revisions\/92348"}],"up":[{"embeddable":true,"href":"https:\/\/www.seven.io\/de\/wp-json\/wp\/v2\/pages\/17075"}],"wp:featuredmedia":[{"embeddable":true,"href":"https:\/\/www.seven.io\/de\/wp-json\/wp\/v2\/media\/21476"}],"wp:attachment":[{"href":"https:\/\/www.seven.io\/de\/wp-json\/wp\/v2\/media?parent=21048"}],"curies":[{"name":"wp","href":"https:\/\/api.w.org\/{rel}","templated":true}]}}