{"id":21103,"date":"2020-11-27T14:29:48","date_gmt":"2020-11-27T13:29:48","guid":{"rendered":"https:\/\/www.sms77.io\/?page_id=21103"},"modified":"2024-07-02T11:44:56","modified_gmt":"2024-07-02T09:44:56","slug":"huginn","status":"publish","type":"page","link":"https:\/\/www.seven.io\/de\/loesungen\/integrationen\/huginn\/","title":{"rendered":"Huginn"},"content":{"rendered":"<section class=\"l-section wpb_row height_small\"><div class=\"l-section-h i-cf\"><div class=\"g-cols vc_row via_flex valign_middle type_default stacking_default\"><div class=\"vc_col-sm-6 wpb_column vc_column_container\"><div class=\"vc_column-inner\"><div class=\"wpb_wrapper\"><div class=\"wpb_text_column\"><div class=\"wpb_wrapper\"><p><strong>Huginn ist ein Workflow-Automatisierungstool. Mithilfe von verschiedenen \u201eAgenten\u201c k\u00f6nnen Sie ganz leicht Abl\u00e4ufe gestalten und automatisieren. Au\u00dferdem ist Huginn, im Gegensatz zu vielen seiner gro\u00dfen Konkurrenten, Open Source und soll auf eigenen Servern gehostet werden. Die gro\u00dfe und aktive Community tr\u00e4gt dazu bei, dass immer neue Funktionen hinzukommen. Zum Zeitpunkt seiner Gr\u00fcndung im Jahr 2013 war Huginn noch ein privates Projekt. Danach wuchs es aber best\u00e4ndig und ist heute sehr erfolgreich. Die Software wird beispielsweise von der New York Times genutzt, um Redaktionsabl\u00e4ufe zu automatisieren.<\/strong><\/p>\n<\/div><\/div><div class=\"w-btn-wrapper align_none\"><a class=\"w-btn us-btn-style_1 no-border\" target=\"_blank\" rel=\"nofollow noopener\" href=\"https:\/\/github.com\/seven-io?q=huginn&amp;type=all&amp;language=&amp;sort=\"><span class=\"w-btn-label\">Zu unseren Huginn-Plugins<\/span><\/a><\/div><\/div><\/div><\/div><div class=\"vc_col-sm-6 wpb_column vc_column_container\"><div class=\"vc_column-inner\"><div class=\"wpb_wrapper\"><div class=\"w-image align_center\"><div class=\"w-image-h\"><img decoding=\"async\" width=\"400\" height=\"400\" src=\"https:\/\/www.seven.io\/wp-content\/uploads\/integrationen_huggin_logo-400x400.png\" class=\"attachment-us_400_0 size-us_400_0\" alt=\"Automatisch SMS versenden mit Huginn und sms77\" loading=\"lazy\" srcset=\"https:\/\/www.seven.io\/wp-content\/uploads\/integrationen_huggin_logo-400x400.png 400w, https:\/\/www.seven.io\/wp-content\/uploads\/integrationen_huggin_logo-300x300.png 300w, https:\/\/www.seven.io\/wp-content\/uploads\/integrationen_huggin_logo-150x150.png 150w, https:\/\/www.seven.io\/wp-content\/uploads\/integrationen_huggin_logo-350x350.png 350w, https:\/\/www.seven.io\/wp-content\/uploads\/integrationen_huggin_logo.png 600w, https:\/\/www.seven.io\/wp-content\/uploads\/integrationen_huggin_logo-250x250.png 250w, https:\/\/www.seven.io\/wp-content\/uploads\/integrationen_huggin_logo-200x200.png 200w\" sizes=\"auto, (max-width: 400px) 100vw, 400px\" \/><\/div><\/div><\/div><\/div><\/div><\/div><\/div><\/section><section class=\"l-section wpb_row height_small color_alternate\"><div class=\"l-section-h i-cf\"><div class=\"g-cols vc_row via_flex valign_middle type_default stacking_default\"><div class=\"vc_col-sm-6 wpb_column vc_column_container\"><div class=\"vc_column-inner\"><div class=\"wpb_wrapper\"><div class=\"w-image align_center\"><div class=\"w-image-h\"><img decoding=\"async\" width=\"400\" height=\"501\" src=\"https:\/\/www.seven.io\/wp-content\/uploads\/integrationen_automatisierung_talarm-400x501.png\" class=\"attachment-us_400_0 size-us_400_0\" alt=\"Automatisierte Alarme mit Huginn und sms77\" loading=\"lazy\" srcset=\"https:\/\/www.seven.io\/wp-content\/uploads\/integrationen_automatisierung_talarm-400x501.png 400w, https:\/\/www.seven.io\/wp-content\/uploads\/integrationen_automatisierung_talarm-240x300.png 240w, https:\/\/www.seven.io\/wp-content\/uploads\/integrationen_automatisierung_talarm-818x1024.png 818w, https:\/\/www.seven.io\/wp-content\/uploads\/integrationen_automatisierung_talarm-350x438.png 350w, https:\/\/www.seven.io\/wp-content\/uploads\/integrationen_automatisierung_talarm-250x313.png 250w, https:\/\/www.seven.io\/wp-content\/uploads\/integrationen_automatisierung_talarm-600x751.png 600w, https:\/\/www.seven.io\/wp-content\/uploads\/integrationen_automatisierung_talarm-768x961.png 768w, https:\/\/www.seven.io\/wp-content\/uploads\/integrationen_automatisierung_talarm-300x375.png 300w, https:\/\/www.seven.io\/wp-content\/uploads\/integrationen_automatisierung_talarm-320x400.png 320w, https:\/\/www.seven.io\/wp-content\/uploads\/integrationen_automatisierung_talarm-200x250.png 200w, https:\/\/www.seven.io\/wp-content\/uploads\/integrationen_automatisierung_talarm-500x626.png 500w, https:\/\/www.seven.io\/wp-content\/uploads\/integrationen_automatisierung_talarm.png 959w\" sizes=\"auto, (max-width: 400px) 100vw, 400px\" \/><\/div><\/div><\/div><\/div><\/div><div class=\"vc_col-sm-6 wpb_column vc_column_container\"><div class=\"vc_column-inner\"><div class=\"wpb_wrapper\"><div class=\"wpb_text_column\"><div class=\"wpb_wrapper\"><h3>Das seven-Plugin f\u00fcr Huginn<\/h3>\n<p>Mit dem seven-Agenten f\u00fcr Huginn k\u00f6nnen Sie sich automatisiert via SMS benachrichtigen lassen, wenn ein bestimmtes Ereignis eintritt. So k\u00f6nnen Sie sich beispielsweise dar\u00fcber informieren lassen, wenn Ihre Marke auf Twitter erw\u00e4hnt wird oder die Erw\u00e4hnungen einen festgelegten Wert \u00fcberschreiten.<\/p>\n<p>Dank der zahlreichen Agenten und der M\u00f6glichkeit, sie zu verbinden, sind aber auch viele andere Anwendungsf\u00e4lle umsetzbar. Schr\u00e4nken Sie sich nicht ein: Auch durch die Software ausgel\u00f6ste SMS k\u00f6nnen Sie mit unserem Performance Tracking im Auge behalten. Sie m\u00f6chten lediglich Alarm-SMS verschicken? Auch der Versand von Flash-SMS ist m\u00f6glich. Probieren Sie es aus!<\/p>\n<\/div><\/div><\/div><\/div><\/div><\/div><\/div><\/section><!-- Row Backgrounds --><div class=\"upb_color\" data-bg-override=\"0\" data-bg-color=\"#f4f4f4\" data-fadeout=\"\" data-fadeout-percentage=\"30\" data-parallax-content=\"\" data-parallax-content-sense=\"30\" data-row-effect-mobile-disable=\"true\" data-img-parallax-mobile-disable=\"true\" data-rtl=\"false\"  data-custom-vc-row=\"\"  data-vc=\"8.7.2\"  data-is_old_vc=\"\"  data-theme-support=\"disable\"   data-overlay=\"false\" data-overlay-color=\"\" data-overlay-pattern=\"\" data-overlay-pattern-opacity=\"\" data-overlay-pattern-size=\"\"    ><\/div><section class=\"l-section wpb_row height_small\"><div class=\"l-section-h i-cf\"><div class=\"g-cols vc_row via_flex valign_top type_default stacking_default\"><div class=\"vc_col-sm-6 wpb_column vc_column_container\"><div class=\"vc_column-inner\"><div class=\"wpb_wrapper\"><div class=\"wpb_text_column\"><div class=\"wpb_wrapper\"><h3>Automatischer SMS-Versand<\/h3>\n<\/div><\/div><div class=\"wpb_text_column\"><div class=\"wpb_wrapper\"><p>Durch die Einbindung des seven-Agenten k\u00f6nnen Sie automatisiert SMS versenden. Kombinieren Sie unterschiedliche Agenten und realisieren Sie so Ihr Wunschszenario.<\/p>\n<\/div><\/div><div class=\"w-separator size_small\"><\/div><div class=\"wpb_text_column\"><div class=\"wpb_wrapper\"><h3>Performance Tracking<\/h3>\n<\/div><\/div><div class=\"wpb_text_column\"><div class=\"wpb_wrapper\"><p>Sie m\u00f6chten wissen, ob Ihre versandte SMS gelesen und ob ein gesendeter Link angesehen wird? Aktivieren Sie bei den versendeten SMS unser Performance Tracking. So k\u00f6nnen Sie im Nachhinein alle Details nachvollziehen.<\/p>\n<\/div><\/div><div class=\"w-separator size_small\"><\/div><div class=\"wpb_text_column\"><div class=\"wpb_wrapper\"><h3>Flash-SMS<\/h3>\n<\/div><\/div><div class=\"wpb_text_column\"><div class=\"wpb_wrapper\"><p>Aktivieren Sie die Flash-SMS-Option f\u00fcr den Versand von Alarmnachrichten oder anderen SMS, die nicht gespeichert werden m\u00fcssen. Flash-SMS erscheinen direkt auf dem Bildschirm des Empf\u00e4ngers und sind nach dem erstmaligen Lesen nicht mehr aufrufbar.<\/p>\n<\/div><\/div><div class=\"w-separator size_small\"><\/div><div class=\"wpb_text_column\"><div class=\"wpb_wrapper\"><h3>Text 2 Speech<\/h3>\n<\/div><\/div><div class=\"wpb_text_column\"><div class=\"wpb_wrapper\"><p>Mehr als nur Text: Verschicken Sie Nachrichten, die am Empfangsger\u00e4t als Anruf eingehen und automatisch vorgelesen werden. Auch diese <a href=\"\/de\/produkte\/voice\/\">Voice-Nachrichten<\/a> k\u00f6nnen Sie in Huginn automatisiert versenden.<\/p>\n<\/div><\/div><\/div><\/div><\/div><div class=\"vc_col-sm-6 wpb_column vc_column_container\"><div class=\"vc_column-inner\"><div class=\"wpb_wrapper\"><div class=\"w-image no-border align_center\"><a ref=\"magnificPopup\" href=\"https:\/\/www.seven.io\/wp-content\/uploads\/interationen_huginn_screenshot.jpg\" aria-label=\"interationen_huginn_screenshot\" class=\"w-image-h\"><img decoding=\"async\" width=\"768\" height=\"768\" src=\"https:\/\/www.seven.io\/wp-content\/uploads\/interationen_huginn_screenshot-768x768.jpg\" class=\"attachment-us_768_0 size-us_768_0\" alt=\"\" loading=\"lazy\" srcset=\"https:\/\/www.seven.io\/wp-content\/uploads\/interationen_huginn_screenshot-768x768.jpg 768w, https:\/\/www.seven.io\/wp-content\/uploads\/interationen_huginn_screenshot-300x300.jpg 300w, https:\/\/www.seven.io\/wp-content\/uploads\/interationen_huginn_screenshot.jpg 1024w, https:\/\/www.seven.io\/wp-content\/uploads\/interationen_huginn_screenshot-150x150.jpg 150w, https:\/\/www.seven.io\/wp-content\/uploads\/interationen_huginn_screenshot-350x350.jpg 350w, https:\/\/www.seven.io\/wp-content\/uploads\/interationen_huginn_screenshot-600x600.jpg 600w, https:\/\/www.seven.io\/wp-content\/uploads\/interationen_huginn_screenshot-250x250.jpg 250w, https:\/\/www.seven.io\/wp-content\/uploads\/interationen_huginn_screenshot-400x400.jpg 400w, https:\/\/www.seven.io\/wp-content\/uploads\/interationen_huginn_screenshot-200x200.jpg 200w\" sizes=\"auto, (max-width: 768px) 100vw, 768px\" \/><\/a><\/div><div class=\"wpb_text_column\"><div class=\"wpb_wrapper\"><p style=\"text-align: center;\"><em>Einstellungsoberfl\u00e4che zum SMS-Versand, zum Vergr\u00f6\u00dfern anklicken<\/em><\/p>\n<\/div><\/div><\/div><\/div><\/div><\/div><\/div><\/section><section class=\"l-section wpb_row height_small\"><div class=\"l-section-h i-cf\"><div class=\"g-cols vc_row via_flex valign_top type_default stacking_default\"><div class=\"vc_col-sm-12 wpb_column vc_column_container\"><div class=\"vc_column-inner\"><div class=\"wpb_wrapper\"><div class=\"w-actionbox us_custom_e47d7875 color_light controls_bottom\"><div class=\"w-actionbox-text\"><div class=\"w-actionbox-description\"><p>Sie brauchen Hilfe bei der Installation oder der Einrichtung der Funktionen?<br \/>\nFinden Sie weitere Details auf unseren GitHub-Seiten.<\/p>\n<\/div><\/div><div class=\"w-actionbox-controls\"><a class=\"w-btn us-btn-style_5\" target=\"_blank\" href=\"https:\/\/github.com\/seven-io\/huginn-sms\" rel=\"noopener\"><span class=\"w-btn-label\">Zum Huginn SMS Gem auf GitHub<\/span><\/a><a class=\"w-btn us-btn-style_5\" target=\"_blank\" href=\"https:\/\/github.com\/seven-io\/huginn-voice\" rel=\"noopener\"><span class=\"w-btn-label\">Zum Huginn Voice Gem auf GitHub<\/span><\/a><\/div><\/div><\/div><\/div><\/div><\/div><\/div><\/section><!-- Row Backgrounds --><div class=\"upb_color\" data-bg-override=\"0\" data-bg-color=\"#ffffff\" data-fadeout=\"\" data-fadeout-percentage=\"30\" data-parallax-content=\"\" data-parallax-content-sense=\"30\" data-row-effect-mobile-disable=\"true\" data-img-parallax-mobile-disable=\"true\" data-rtl=\"false\"  data-custom-vc-row=\"\"  data-vc=\"8.7.2\"  data-is_old_vc=\"\"  data-theme-support=\"disable\"   data-overlay=\"false\" data-overlay-color=\"\" data-overlay-pattern=\"\" data-overlay-pattern-opacity=\"\" data-overlay-pattern-size=\"\"    ><\/div>\n","protected":false},"excerpt":{"rendered":"Huginn ist ein Workflow-Automatisierungstool. Mithilfe von verschiedenen \u201eAgenten\u201c k\u00f6nnen Sie ganz leicht Abl\u00e4ufe gestalten und automatisieren. Au\u00dferdem ist Huginn, im Gegensatz zu vielen seiner gro\u00dfen Konkurrenten, Open Source und soll auf eigenen Servern gehostet werden. Die gro\u00dfe und aktive Community tr\u00e4gt dazu bei, dass immer neue Funktionen hinzukommen. Zum Zeitpunkt seiner Gr\u00fcndung im Jahr 2013...","protected":false},"author":1,"featured_media":22342,"parent":17075,"menu_order":0,"comment_status":"closed","ping_status":"closed","template":"","meta":{"content-type":"","footnotes":""},"class_list":["post-21103","page","type-page","status-publish","has-post-thumbnail","hentry"],"_links":{"self":[{"href":"https:\/\/www.seven.io\/de\/wp-json\/wp\/v2\/pages\/21103","targetHints":{"allow":["GET"]}}],"collection":[{"href":"https:\/\/www.seven.io\/de\/wp-json\/wp\/v2\/pages"}],"about":[{"href":"https:\/\/www.seven.io\/de\/wp-json\/wp\/v2\/types\/page"}],"author":[{"embeddable":true,"href":"https:\/\/www.seven.io\/de\/wp-json\/wp\/v2\/users\/1"}],"replies":[{"embeddable":true,"href":"https:\/\/www.seven.io\/de\/wp-json\/wp\/v2\/comments?post=21103"}],"version-history":[{"count":43,"href":"https:\/\/www.seven.io\/de\/wp-json\/wp\/v2\/pages\/21103\/revisions"}],"predecessor-version":[{"id":92890,"href":"https:\/\/www.seven.io\/de\/wp-json\/wp\/v2\/pages\/21103\/revisions\/92890"}],"up":[{"embeddable":true,"href":"https:\/\/www.seven.io\/de\/wp-json\/wp\/v2\/pages\/17075"}],"wp:featuredmedia":[{"embeddable":true,"href":"https:\/\/www.seven.io\/de\/wp-json\/wp\/v2\/media\/22342"}],"wp:attachment":[{"href":"https:\/\/www.seven.io\/de\/wp-json\/wp\/v2\/media?parent=21103"}],"curies":[{"name":"wp","href":"https:\/\/api.w.org\/{rel}","templated":true}]}}