{"id":22545,"date":"2021-02-25T16:14:46","date_gmt":"2021-02-25T15:14:46","guid":{"rendered":"https:\/\/www.sms77.io\/?page_id=22545"},"modified":"2024-07-02T12:38:05","modified_gmt":"2024-07-02T10:38:05","slug":"moodle","status":"publish","type":"page","link":"https:\/\/www.seven.io\/de\/loesungen\/integrationen\/moodle\/","title":{"rendered":"Moodle"},"content":{"rendered":"<section class=\"l-section wpb_row height_small\"><div class=\"l-section-h i-cf\"><div class=\"g-cols vc_row via_flex valign_middle type_default stacking_default\"><div class=\"vc_col-sm-6 wpb_column vc_column_container\"><div class=\"vc_column-inner\"><div class=\"wpb_wrapper\"><div class=\"wpb_text_column\"><div class=\"wpb_wrapper\"><p><strong>Moodle ist eine freie Lernsoftware, die nicht nur eine Lernplattform zur Verf\u00fcgung stellt, sondern auch zum Kursmanagement genutzt werden kann. Die Software erschien erstmalig im Jahr 2002 und ist heute weltweit stark verbreitet. Sie wird dabei zwar vorrangig von \u00f6ffentlichen Bildungseinrichtungen genutzt, doch auch viele Unternehmen haben mittlerweile den Nutzen der Lernplattform f\u00fcr sich erkannt.<span class=\"Apple-converted-space\">\u00a0<\/span><\/strong><\/p>\n<p><strong>Um die Standardfunktionen zu erweitern, k\u00f6nnen diverse Zusatzmodule installiert werden. So lassen sich auch sehr individuelle Anspr\u00fcche an die Plattform mit geringem Aufwand erf\u00fcllen. In den aktiven <a href=\"https:\/\/moodle.org\/course\/\" target=\"_blank\" rel=\"noopener\" data-schema-attribute=\"\">Community-Foren<\/a> k\u00f6nnen Sie wertvolle Informationen finden und bei Problemen auch selbst Fragen stellen.<\/strong><\/p>\n<\/div><\/div><div class=\"w-btn-wrapper align_none\"><a class=\"w-btn us-btn-style_1 no-border\" target=\"_blank\" rel=\"nofollow noopener\" href=\"https:\/\/github.com\/seven-io\/moodle\"><span class=\"w-btn-label\">Zu unserem Moodle-Plugin<\/span><\/a><\/div><\/div><\/div><\/div><div class=\"vc_col-sm-6 wpb_column vc_column_container\"><div class=\"vc_column-inner\"><div class=\"wpb_wrapper\"><div class=\"w-video align_none ratio_16x9 has_iframe\"><div class=\"w-video-h\"><iframe title=\"Youtube video player\" src=\"\/\/www.youtube.com\/embed\/3ORsUGVNxGs?autoplay=0&controls=0&origin=https:\/\/www.seven.io\/de\/&loop=0&mute=0\" allowfullscreen=\"1\" loading=\"lazy\"><\/iframe><\/div><\/div><\/div><\/div><\/div><\/div><\/div><\/section><section class=\"l-section wpb_row height_small color_alternate\"><div class=\"l-section-h i-cf\"><div class=\"g-cols vc_row via_flex valign_middle type_default stacking_default\"><div class=\"vc_col-sm-6 wpb_column vc_column_container\"><div class=\"vc_column-inner\"><div class=\"wpb_wrapper\"><div class=\"w-image align_center\"><div class=\"w-image-h\"><img decoding=\"async\" width=\"400\" height=\"501\" src=\"https:\/\/www.seven.io\/wp-content\/uploads\/integrationen_moodle_mock_lin-400x501.png\" class=\"attachment-us_400_0 size-us_400_0\" alt=\"SMS-Versand direkt aus Moodle mit dem sms77-Zusatzmodul\" loading=\"lazy\" srcset=\"https:\/\/www.seven.io\/wp-content\/uploads\/integrationen_moodle_mock_lin-400x501.png 400w, https:\/\/www.seven.io\/wp-content\/uploads\/integrationen_moodle_mock_lin-240x300.png 240w, https:\/\/www.seven.io\/wp-content\/uploads\/integrationen_moodle_mock_lin-818x1024.png 818w, https:\/\/www.seven.io\/wp-content\/uploads\/integrationen_moodle_mock_lin-350x438.png 350w, https:\/\/www.seven.io\/wp-content\/uploads\/integrationen_moodle_mock_lin-250x313.png 250w, https:\/\/www.seven.io\/wp-content\/uploads\/integrationen_moodle_mock_lin-600x751.png 600w, https:\/\/www.seven.io\/wp-content\/uploads\/integrationen_moodle_mock_lin-768x961.png 768w, https:\/\/www.seven.io\/wp-content\/uploads\/integrationen_moodle_mock_lin-300x375.png 300w, https:\/\/www.seven.io\/wp-content\/uploads\/integrationen_moodle_mock_lin-320x400.png 320w, https:\/\/www.seven.io\/wp-content\/uploads\/integrationen_moodle_mock_lin-200x250.png 200w, https:\/\/www.seven.io\/wp-content\/uploads\/integrationen_moodle_mock_lin-500x626.png 500w, https:\/\/www.seven.io\/wp-content\/uploads\/integrationen_moodle_mock_lin.png 959w\" sizes=\"auto, (max-width: 400px) 100vw, 400px\" \/><\/div><\/div><\/div><\/div><\/div><div class=\"vc_col-sm-6 wpb_column vc_column_container\"><div class=\"vc_column-inner\"><div class=\"wpb_wrapper\"><div class=\"wpb_text_column\"><div class=\"wpb_wrapper\"><h3>Das seven-Plugin f\u00fcr Moodle<\/h3>\n<p>Das seven-Zusatzmodul f\u00fcr Moodle erm\u00f6glicht es Ihnen, direkt aus der Moodle-Oberfl\u00e4che SMS und Text2Speech-Nachrichten zu versenden. SMS eignen sich besonders f\u00fcr den Einsatz in <a href=\"\/blog\/5-gruende-fuer-den-sms-versand-in-schulen-volkshochschulen-und-hochschulen\/\" data-schema-attribute=\"\">Bildungseinrichtungen<\/a>, weil sie von den meisten Menschen problemlos empfangen werden k\u00f6nnen. Mit Text2Speech-Nachrichten erreichen Sie dar\u00fcber hinaus auch solche Empf\u00e4nger, denen das Lesen schwerf\u00e4llt.<span class=\"Apple-converted-space\">\u00a0<\/span><\/p>\n<p>Dank des seven-Zusatzmoduls k\u00f6nnen Sie Ihre Mitteilungen direkt aus der E-Learning-Anwendung senden, ohne den Umweg \u00fcber unsere Webapplikation nehmen zu m\u00fcssen. So bleibt der Versand \u00fcbersichtlich und Sie sparen wertvolle Zeit. F\u00fcgen Sie einfach den entsprechenden Block hinzu und profitieren Sie von den zuverl\u00e4ssigen Textnachrichten.<\/p>\n<\/div><\/div><\/div><\/div><\/div><\/div><\/div><\/section><!-- Row Backgrounds --><div class=\"upb_color\" data-bg-override=\"0\" data-bg-color=\"#f4f4f4\" data-fadeout=\"\" data-fadeout-percentage=\"30\" data-parallax-content=\"\" data-parallax-content-sense=\"30\" data-row-effect-mobile-disable=\"true\" data-img-parallax-mobile-disable=\"true\" data-rtl=\"false\"  data-custom-vc-row=\"\"  data-vc=\"8.7.2\"  data-is_old_vc=\"\"  data-theme-support=\"disable\"   data-overlay=\"false\" data-overlay-color=\"\" data-overlay-pattern=\"\" data-overlay-pattern-opacity=\"\" data-overlay-pattern-size=\"\"    ><\/div><section class=\"l-section wpb_row height_small\"><div class=\"l-section-h i-cf\"><div class=\"g-cols vc_row via_flex valign_middle type_default stacking_default\"><div class=\"vc_col-sm-6 wpb_column vc_column_container\"><div class=\"vc_column-inner\"><div class=\"wpb_wrapper\"><div class=\"wpb_text_column\"><div class=\"wpb_wrapper\"><h3>SMS-Versand<\/h3>\n<\/div><\/div><div class=\"uavc-list-icon uavc-list-icon-wrapper ult-adjust-bottom-margin   \"><ul class=\"uavc-list\"><li><div class=\"uavc-list-content\" id=\"list-icon-wrap-2661\">\n<div class=\"uavc-list-icon  \" data-animation=\"\" data-animation-delay=\"03\" style=\"margin-right:25px;\"><div class=\"ult-just-icon-wrapper  \"><div class=\"align-icon\" style=\"text-align:center;\">\n<div class=\"aio-icon none \"  style=\"color:#52c0fa;font-size:40px;display:inline-block;\">\n\t<i class=\"Defaults-envelope-o\"><\/i>\n<\/div><\/div><\/div>\n<\/div><span  data-ultimate-target='#list-icon-wrap-2661 .uavc-list-desc'  data-responsive-json-new='{\"font-size\":\"\",\"line-height\":\"\"}'  class=\"uavc-list-desc ult-responsive\" style=\"\">Versenden Sie Benachrichtigungen \u00fcber Kurs\u00e4nderungen und Veranstaltungen oder erinnern Sie Ihre Kursteilnehmer daran, die Teilnehmergeb\u00fchr zu zahlen.<\/span><\/div><\/li><\/ul><\/div><div class=\"wpb_text_column\"><div class=\"wpb_wrapper\"><h3>Voice<\/h3>\n<\/div><\/div><div class=\"uavc-list-icon uavc-list-icon-wrapper ult-adjust-bottom-margin   \"><ul class=\"uavc-list\"><li><div class=\"uavc-list-content\" id=\"list-icon-wrap-6990\">\n<div class=\"uavc-list-icon  \" data-animation=\"\" data-animation-delay=\"03\" style=\"margin-right:25px;\"><div class=\"ult-just-icon-wrapper  \"><div class=\"align-icon\" style=\"text-align:center;\">\n<div class=\"aio-icon none \"  style=\"color:#52c0fa;font-size:40px;display:inline-block;\">\n\t<i class=\"Defaults-volume-up\"><\/i>\n<\/div><\/div><\/div>\n<\/div><span  data-ultimate-target='#list-icon-wrap-6990 .uavc-list-desc'  data-responsive-json-new='{\"font-size\":\"\",\"line-height\":\"\"}'  class=\"uavc-list-desc ult-responsive\" style=\"\">Verschicken Sie eine <a href=\"\/de\/produkte\/voice\/\">Text2Speech-Nachricht<\/a>, die auf dem Ger\u00e4t der Empf\u00e4nger als Anruf eingeht. Wird der Anruf angenommen, wird die Nachricht automatisch vorgelesen. Besonders geeignet f\u00fcr Sprachkurse und Teilnehmer ohne Mobiltelefon.<\/span><\/div><\/li><\/ul><\/div><div class=\"wpb_text_column\"><div class=\"wpb_wrapper\"><h3>Templates<\/h3>\n<\/div><\/div><div class=\"uavc-list-icon uavc-list-icon-wrapper ult-adjust-bottom-margin   \"><ul class=\"uavc-list\"><li><div class=\"uavc-list-content\" id=\"list-icon-wrap-8841\">\n<div class=\"uavc-list-icon  \" data-animation=\"\" data-animation-delay=\"03\" style=\"margin-right:25px;\"><div class=\"ult-just-icon-wrapper  \"><div class=\"align-icon\" style=\"text-align:center;\">\n<div class=\"aio-icon none \"  style=\"color:#52c0fa;font-size:40px;display:inline-block;\">\n\t<i class=\"Defaults-file-o\"><\/i>\n<\/div><\/div><\/div>\n<\/div><span  data-ultimate-target='#list-icon-wrap-8841 .uavc-list-desc'  data-responsive-json-new='{\"font-size\":\"\",\"line-height\":\"\"}'  class=\"uavc-list-desc ult-responsive\" style=\"\">Erstellen Sie Vorlagen f\u00fcr Ihre Nachrichten, die Sie anschlie\u00dfend einfach ausw\u00e4hlen k\u00f6nnen. So m\u00fcssen Sie oft versendete Nachrichten nicht jedes Mal neu verfassen und sparen Zeit.<\/span><\/div><\/li><\/ul><\/div><\/div><\/div><\/div><div class=\"vc_col-sm-6 wpb_column vc_column_container\"><div class=\"vc_column-inner\"><div class=\"wpb_wrapper\"><div class=\"w-image no-border align_center\"><a ref=\"magnificPopup\" href=\"https:\/\/www.seven.io\/wp-content\/uploads\/integrationen_moodle_sms.png\" aria-label=\"integrationen_moodle_sms\" class=\"w-image-h\"><img decoding=\"async\" width=\"768\" height=\"512\" src=\"https:\/\/www.seven.io\/wp-content\/uploads\/integrationen_moodle_sms-768x512.png\" class=\"attachment-us_768_0 size-us_768_0\" alt=\"\" loading=\"lazy\" srcset=\"https:\/\/www.seven.io\/wp-content\/uploads\/integrationen_moodle_sms-768x512.png 768w, https:\/\/www.seven.io\/wp-content\/uploads\/integrationen_moodle_sms-300x200.png 300w, https:\/\/www.seven.io\/wp-content\/uploads\/integrationen_moodle_sms-1024x683.png 1024w, https:\/\/www.seven.io\/wp-content\/uploads\/integrationen_moodle_sms-250x167.png 250w, https:\/\/www.seven.io\/wp-content\/uploads\/integrationen_moodle_sms-600x400.png 600w, https:\/\/www.seven.io\/wp-content\/uploads\/integrationen_moodle_sms-400x267.png 400w, https:\/\/www.seven.io\/wp-content\/uploads\/integrationen_moodle_sms-200x133.png 200w, https:\/\/www.seven.io\/wp-content\/uploads\/integrationen_moodle_sms.png 1280w\" sizes=\"auto, (max-width: 768px) 100vw, 768px\" \/><\/a><\/div><div class=\"wpb_text_column\"><div class=\"wpb_wrapper\"><p style=\"text-align: center;\"><em>Eine Beispiel-SMS in Moodle.<\/em><br \/>\n<em>Zum Vergr\u00f6\u00dfern klicken.<\/em><\/p>\n<\/div><\/div><\/div><\/div><\/div><\/div><\/div><\/section><section class=\"l-section wpb_row height_small\"><div class=\"l-section-h i-cf\"><div class=\"g-cols vc_row via_flex valign_top type_default stacking_default\"><div class=\"vc_col-sm-12 wpb_column vc_column_container\"><div class=\"vc_column-inner\"><div class=\"wpb_wrapper\"><div class=\"w-actionbox us_custom_e47d7875 color_light controls_right\"><div class=\"w-actionbox-text\"><div class=\"w-actionbox-description\"><p>Sie brauchen Hilfe bei der Installation oder der Einrichtung der Funktionen?<br \/>\nAuf unserer GitHub-Seite finden Sie weitere Informationen.<\/p>\n<\/div><\/div><div class=\"w-actionbox-controls\"><a class=\"w-btn us-btn-style_5\" target=\"_blank\" href=\"https:\/\/github.com\/seven-io\/moodle\" rel=\"noopener\"><span class=\"w-btn-label\">Zu GitHub<\/span><\/a><\/div><\/div><\/div><\/div><\/div><\/div><\/div><\/section><!-- Row Backgrounds --><div class=\"upb_color\" data-bg-override=\"0\" data-bg-color=\"#ffffff\" data-fadeout=\"\" data-fadeout-percentage=\"30\" data-parallax-content=\"\" data-parallax-content-sense=\"30\" data-row-effect-mobile-disable=\"true\" data-img-parallax-mobile-disable=\"true\" data-rtl=\"false\"  data-custom-vc-row=\"\"  data-vc=\"8.7.2\"  data-is_old_vc=\"\"  data-theme-support=\"disable\"   data-overlay=\"false\" data-overlay-color=\"\" data-overlay-pattern=\"\" data-overlay-pattern-opacity=\"\" data-overlay-pattern-size=\"\"    ><\/div>\n","protected":false},"excerpt":{"rendered":"Moodle ist eine freie Lernsoftware, die nicht nur eine Lernplattform zur Verf\u00fcgung stellt, sondern auch zum Kursmanagement genutzt werden kann. Die Software erschien erstmalig im Jahr 2002 und ist heute weltweit stark verbreitet. Sie wird dabei zwar vorrangig von \u00f6ffentlichen Bildungseinrichtungen genutzt, doch auch viele Unternehmen haben mittlerweile den Nutzen der Lernplattform f\u00fcr sich erkannt.\u00a0...","protected":false},"author":1,"featured_media":22556,"parent":17075,"menu_order":0,"comment_status":"closed","ping_status":"closed","template":"","meta":{"content-type":"","footnotes":""},"class_list":["post-22545","page","type-page","status-publish","has-post-thumbnail","hentry"],"_links":{"self":[{"href":"https:\/\/www.seven.io\/de\/wp-json\/wp\/v2\/pages\/22545","targetHints":{"allow":["GET"]}}],"collection":[{"href":"https:\/\/www.seven.io\/de\/wp-json\/wp\/v2\/pages"}],"about":[{"href":"https:\/\/www.seven.io\/de\/wp-json\/wp\/v2\/types\/page"}],"author":[{"embeddable":true,"href":"https:\/\/www.seven.io\/de\/wp-json\/wp\/v2\/users\/1"}],"replies":[{"embeddable":true,"href":"https:\/\/www.seven.io\/de\/wp-json\/wp\/v2\/comments?post=22545"}],"version-history":[{"count":37,"href":"https:\/\/www.seven.io\/de\/wp-json\/wp\/v2\/pages\/22545\/revisions"}],"predecessor-version":[{"id":92914,"href":"https:\/\/www.seven.io\/de\/wp-json\/wp\/v2\/pages\/22545\/revisions\/92914"}],"up":[{"embeddable":true,"href":"https:\/\/www.seven.io\/de\/wp-json\/wp\/v2\/pages\/17075"}],"wp:featuredmedia":[{"embeddable":true,"href":"https:\/\/www.seven.io\/de\/wp-json\/wp\/v2\/media\/22556"}],"wp:attachment":[{"href":"https:\/\/www.seven.io\/de\/wp-json\/wp\/v2\/media?parent=22545"}],"curies":[{"name":"wp","href":"https:\/\/api.w.org\/{rel}","templated":true}]}}