{"id":23224,"date":"2021-04-16T14:13:13","date_gmt":"2021-04-16T12:13:13","guid":{"rendered":"https:\/\/www.sms77.io\/?page_id=23224"},"modified":"2024-07-02T11:15:45","modified_gmt":"2024-07-02T09:15:45","slug":"bitrix24","status":"publish","type":"page","link":"https:\/\/www.seven.io\/de\/loesungen\/integrationen\/bitrix24\/","title":{"rendered":"Bitrix24"},"content":{"rendered":"<section class=\"l-section wpb_row height_small\"><div class=\"l-section-h i-cf\"><div class=\"g-cols vc_row via_flex valign_middle type_default stacking_default\"><div class=\"vc_col-sm-6 wpb_column vc_column_container\"><div class=\"vc_column-inner\"><div class=\"wpb_wrapper\"><div class=\"wpb_text_column\"><div class=\"wpb_wrapper\"><p><strong>In einem Satz zusammenzufassen, was Bitrix24 kann, ist gar nicht so einfach. Das Unternehmen bezeichnet die eigene Software als 360\u00b0 Collaboration-L\u00f6sung, die viele Funktionen in sich vereint. Angeboten werden sowohl ein Customer-Relations-Managementsystem (CRM), als auch ein Projektmanagement-Tool, eine Social-Intranet-L\u00f6sung, ein Contact Center f\u00fcr den Kundensupport und mehr \u2013 alles cloudbasiert. Eine On-Premise-L\u00f6sung ist allerdings auch m\u00f6glich. Um die Software auf den eigenen Bedarf abzustimmen, k\u00f6nnen Kunden au\u00dferdem aus verschiedenen <a href=\"https:\/\/www.bitrix24.de\/prices\/\" target=\"_blank\" rel=\"noopener\" data-schema-attribute=\"\">Tarifen<\/a> mit unterschiedlichen Funktionalit\u00e4ten w\u00e4hlen. Verschiedene Apps erweitern die Funktionen der Plattform noch weiter, sodass Sie sie nach Ihrem Bedarf anpassen k\u00f6nnen. Mit unserer Bitrix24 SMS App k\u00f6nnen Sie beispielsweise SMS versenden und empfangen.<\/strong><\/p>\n<\/div><\/div><div class=\"w-btn-wrapper align_none\"><a class=\"w-btn us-btn-style_1 no-border\" target=\"_blank\" rel=\"nofollow noopener\" href=\"https:\/\/www.bitrix24.de\/apps\/?app=sms77_ek.sms77iodev\"><span class=\"w-btn-label\">Zu unserer Bitrix24 SMS App<\/span><\/a><\/div><\/div><\/div><\/div><div class=\"vc_col-sm-6 wpb_column vc_column_container\"><div class=\"vc_column-inner\"><div class=\"wpb_wrapper\"><div class=\"w-video align_none ratio_16x9 has_iframe\"><div class=\"w-video-h\"><iframe title=\"Youtube video player\" src=\"\/\/www.youtube.com\/embed\/sLohuQzyGJc?autoplay=0&controls=0&origin=https:\/\/www.seven.io\/de\/&loop=0&mute=0\" allowfullscreen=\"1\" loading=\"lazy\"><\/iframe><\/div><\/div><\/div><\/div><\/div><\/div><\/div><\/section><section class=\"l-section wpb_row height_small color_alternate\"><div class=\"l-section-h i-cf\"><div class=\"g-cols vc_row via_flex valign_middle type_default stacking_default\"><div class=\"vc_col-sm-6 wpb_column vc_column_container\"><div class=\"vc_column-inner\"><div class=\"wpb_wrapper\"><div class=\"w-image align_center\"><div class=\"w-image-h\"><img decoding=\"async\" width=\"400\" height=\"501\" src=\"https:\/\/www.seven.io\/wp-content\/uploads\/integrationen_bitrix24_mock-1-400x501.png\" class=\"attachment-us_400_0 size-us_400_0\" alt=\"Mit der Bitrix24 SMS App k\u00f6nnen Sie SMS an Ihre Kunden versenden\" loading=\"lazy\" srcset=\"https:\/\/www.seven.io\/wp-content\/uploads\/integrationen_bitrix24_mock-1-400x501.png 400w, https:\/\/www.seven.io\/wp-content\/uploads\/integrationen_bitrix24_mock-1-240x300.png 240w, https:\/\/www.seven.io\/wp-content\/uploads\/integrationen_bitrix24_mock-1-818x1024.png 818w, https:\/\/www.seven.io\/wp-content\/uploads\/integrationen_bitrix24_mock-1-250x313.png 250w, https:\/\/www.seven.io\/wp-content\/uploads\/integrationen_bitrix24_mock-1-600x751.png 600w, https:\/\/www.seven.io\/wp-content\/uploads\/integrationen_bitrix24_mock-1-768x961.png 768w, https:\/\/www.seven.io\/wp-content\/uploads\/integrationen_bitrix24_mock-1-300x375.png 300w, https:\/\/www.seven.io\/wp-content\/uploads\/integrationen_bitrix24_mock-1-320x400.png 320w, https:\/\/www.seven.io\/wp-content\/uploads\/integrationen_bitrix24_mock-1-200x250.png 200w, https:\/\/www.seven.io\/wp-content\/uploads\/integrationen_bitrix24_mock-1.png 959w\" sizes=\"auto, (max-width: 400px) 100vw, 400px\" \/><\/div><\/div><\/div><\/div><\/div><div class=\"vc_col-sm-6 wpb_column vc_column_container\"><div class=\"vc_column-inner\"><div class=\"wpb_wrapper\"><div class=\"wpb_text_column\"><div class=\"wpb_wrapper\"><h3>Unsere Bitrix24 SMS App<\/h3>\n<p>Erweitern Sie das CRM um eine kraftvolle SMS-L\u00f6sung mit der Bitrix24 SMS App. Wenn Sie \u00fcber einen Account bei seven verf\u00fcgen, k\u00f6nnen Sie nach der Integration SMS an Ihre Kunden versenden. Wenn Sie au\u00dferdem eine Inbound-Nummer bei uns gebucht haben, k\u00f6nnen Sie dar\u00fcber hinaus auch Antworten empfangen. Dazu m\u00fcssen Sie Ihre CRM-Benutzeroberfl\u00e4che nicht verlassen. Stattdessen k\u00f6nnen Sie diese Funktionen direkt aus der Benutzeroberfl\u00e4che nutzen und in Ihre Abl\u00e4ufe einbinden.<\/p>\n<p>Ob <a href=\"\/de\/\/blog\/ueber-den-wolken-begleiten-sie-die-customer-journey-ihrer-kunden\/\">Marketing-SMS<\/a> oder Benachrichtigungen \u2013 mit SMS erweitern Sie Ihr Kommunikationsportfolio um eine zuverl\u00e4ssige und gesch\u00e4tzte Komponente. Die schnellen \u00d6ffnungs- und Leseraten werden Sie ebenfalls \u00fcberzeugen.<\/p>\n<\/div><\/div><\/div><\/div><\/div><\/div><\/div><\/section><!-- Row Backgrounds --><div class=\"upb_color\" data-bg-override=\"0\" data-bg-color=\"#f4f4f4\" data-fadeout=\"\" data-fadeout-percentage=\"30\" data-parallax-content=\"\" data-parallax-content-sense=\"30\" data-row-effect-mobile-disable=\"true\" data-img-parallax-mobile-disable=\"true\" data-rtl=\"false\"  data-custom-vc-row=\"\"  data-vc=\"8.7.2\"  data-is_old_vc=\"\"  data-theme-support=\"disable\"   data-overlay=\"false\" data-overlay-color=\"\" data-overlay-pattern=\"\" data-overlay-pattern-opacity=\"\" data-overlay-pattern-size=\"\"    ><\/div><section class=\"l-section wpb_row height_small\"><div class=\"l-section-h i-cf\"><div class=\"g-cols vc_row via_flex valign_middle type_default stacking_default\"><div class=\"vc_col-sm-6 wpb_column vc_column_container\"><div class=\"vc_column-inner\"><div class=\"wpb_wrapper\"><div class=\"wpb_text_column\"><div class=\"wpb_wrapper\"><h3>SMS-Versand<\/h3>\n<\/div><\/div><div class=\"uavc-list-icon uavc-list-icon-wrapper ult-adjust-bottom-margin   \"><ul class=\"uavc-list\"><li><div class=\"uavc-list-content\" id=\"list-icon-wrap-2894\">\n<div class=\"uavc-list-icon  \" data-animation=\"\" data-animation-delay=\"03\" style=\"margin-right:25px;\"><div class=\"ult-just-icon-wrapper  \"><div class=\"align-icon\" style=\"text-align:center;\">\n<div class=\"aio-icon none \"  style=\"color:#52c0fa;font-size:40px;display:inline-block;\">\n\t<i class=\"Defaults-envelope-o\"><\/i>\n<\/div><\/div><\/div>\n<\/div><span  data-ultimate-target='#list-icon-wrap-2894 .uavc-list-desc'  data-responsive-json-new='{\"font-size\":\"\",\"line-height\":\"\"}'  class=\"uavc-list-desc ult-responsive\" style=\"\">Versenden Sie Marketing-SMS oder Benachrichtigungen und profitieren Sie von dem exklusiven Charakter der SMS. Direkt in der CRM-Benutzeroberfl\u00e4che und ohne Umwege.<\/span><\/div><\/li><\/ul><\/div><div class=\"wpb_text_column\"><div class=\"wpb_wrapper\"><h3>Inbound-SMS<\/h3>\n<\/div><\/div><div class=\"uavc-list-icon uavc-list-icon-wrapper ult-adjust-bottom-margin   \"><ul class=\"uavc-list\"><li><div class=\"uavc-list-content\" id=\"list-icon-wrap-6043\">\n<div class=\"uavc-list-icon  \" data-animation=\"\" data-animation-delay=\"03\" style=\"margin-right:25px;\"><div class=\"ult-just-icon-wrapper  \"><div class=\"align-icon\" style=\"text-align:center;\">\n<div class=\"aio-icon none \"  style=\"color:#52c0fa;font-size:40px;display:inline-block;\">\n\t<i class=\"Defaults-pencil\"><\/i>\n<\/div><\/div><\/div>\n<\/div><span  data-ultimate-target='#list-icon-wrap-6043 .uavc-list-desc'  data-responsive-json-new='{\"font-size\":\"\",\"line-height\":\"\"}'  class=\"uavc-list-desc ult-responsive\" style=\"\">Die Zukunft ist conversational! Geben Sie Ihren Kunden die M\u00f6glichkeit, auf Ihre Nachrichten zu antworten. So erhalten Sie wertvolle Informationen und bieten dar\u00fcber hinaus einen besonderen Service.<\/span><\/div><\/li><\/ul><\/div><\/div><\/div><\/div><div class=\"vc_col-sm-6 wpb_column vc_column_container\"><div class=\"vc_column-inner\"><div class=\"wpb_wrapper\"><div class=\"w-image no-border align_center\"><a ref=\"magnificPopup\" href=\"https:\/\/www.seven.io\/wp-content\/uploads\/screen_bitrix24_crm.png\" aria-label=\"screen_bitrix24_crm\" class=\"w-image-h\"><img decoding=\"async\" width=\"768\" height=\"406\" src=\"https:\/\/www.seven.io\/wp-content\/uploads\/screen_bitrix24_crm-768x406.png\" class=\"attachment-us_768_0 size-us_768_0\" alt=\"SMS mit sms77 im Bitrix24-CRM\" loading=\"lazy\" srcset=\"https:\/\/www.seven.io\/wp-content\/uploads\/screen_bitrix24_crm-768x406.png 768w, https:\/\/www.seven.io\/wp-content\/uploads\/screen_bitrix24_crm-300x159.png 300w, https:\/\/www.seven.io\/wp-content\/uploads\/screen_bitrix24_crm-1024x542.png 1024w, https:\/\/www.seven.io\/wp-content\/uploads\/screen_bitrix24_crm-250x132.png 250w, https:\/\/www.seven.io\/wp-content\/uploads\/screen_bitrix24_crm-600x317.png 600w, https:\/\/www.seven.io\/wp-content\/uploads\/screen_bitrix24_crm-400x212.png 400w, https:\/\/www.seven.io\/wp-content\/uploads\/screen_bitrix24_crm-200x106.png 200w, https:\/\/www.seven.io\/wp-content\/uploads\/screen_bitrix24_crm.png 1280w\" sizes=\"auto, (max-width: 768px) 100vw, 768px\" \/><\/a><\/div><div class=\"w-separator size_custom\" style=\"height:10px\"><\/div><div class=\"wpb_text_column\"><div class=\"wpb_wrapper\"><p style=\"text-align: center;\"><em>Einstellungen f\u00fcr den SMS-Versand in Bitrix, zum Vergr\u00f6\u00dfern anklicken<\/em><\/p>\n<\/div><\/div><\/div><\/div><\/div><\/div><\/div><\/section><section class=\"l-section wpb_row height_small\"><div class=\"l-section-h i-cf\"><div class=\"g-cols vc_row via_flex valign_top type_default stacking_default\"><div class=\"vc_col-sm-12 wpb_column vc_column_container\"><div class=\"vc_column-inner\"><div class=\"wpb_wrapper\"><div class=\"w-actionbox us_custom_e47d7875 color_light controls_right\"><div class=\"w-actionbox-text\"><div class=\"w-actionbox-description\"><p>Sie m\u00f6chten den Versand von Nachrichten aus Bitrix24 ausprobieren?<br \/>\nHier finden Sie unsere App im Bitrix24-Market.<\/p>\n<\/div><\/div><div class=\"w-actionbox-controls\"><a class=\"w-btn us-btn-style_5\" href=\"https:\/\/www.bitrix24.de\/apps\/app\/sms77_ek.sms77iodev\/\" rel=\"noopener\"><span class=\"w-btn-label\">Zum Bitrix24-Market<\/span><\/a><\/div><\/div><\/div><\/div><\/div><\/div><\/div><\/section><!-- Row Backgrounds --><div class=\"upb_color\" data-bg-override=\"0\" data-bg-color=\"#ffffff\" data-fadeout=\"\" data-fadeout-percentage=\"30\" data-parallax-content=\"\" data-parallax-content-sense=\"30\" data-row-effect-mobile-disable=\"true\" data-img-parallax-mobile-disable=\"true\" data-rtl=\"false\"  data-custom-vc-row=\"\"  data-vc=\"8.7.2\"  data-is_old_vc=\"\"  data-theme-support=\"disable\"   data-overlay=\"false\" data-overlay-color=\"\" data-overlay-pattern=\"\" data-overlay-pattern-opacity=\"\" data-overlay-pattern-size=\"\"    ><\/div>\n","protected":false},"excerpt":{"rendered":"In einem Satz zusammenzufassen, was Bitrix24 kann, ist gar nicht so einfach. Das Unternehmen bezeichnet die eigene Software als 360\u00b0 Collaboration-L\u00f6sung, die viele Funktionen in sich vereint. Angeboten werden sowohl ein Customer-Relations-Managementsystem (CRM), als auch ein Projektmanagement-Tool, eine Social-Intranet-L\u00f6sung, ein Contact Center f\u00fcr den Kundensupport und mehr \u2013 alles cloudbasiert. Eine On-Premise-L\u00f6sung ist allerdings auch...","protected":false},"author":1,"featured_media":23335,"parent":17075,"menu_order":0,"comment_status":"closed","ping_status":"closed","template":"","meta":{"content-type":"","footnotes":""},"class_list":["post-23224","page","type-page","status-publish","has-post-thumbnail","hentry"],"_links":{"self":[{"href":"https:\/\/www.seven.io\/de\/wp-json\/wp\/v2\/pages\/23224","targetHints":{"allow":["GET"]}}],"collection":[{"href":"https:\/\/www.seven.io\/de\/wp-json\/wp\/v2\/pages"}],"about":[{"href":"https:\/\/www.seven.io\/de\/wp-json\/wp\/v2\/types\/page"}],"author":[{"embeddable":true,"href":"https:\/\/www.seven.io\/de\/wp-json\/wp\/v2\/users\/1"}],"replies":[{"embeddable":true,"href":"https:\/\/www.seven.io\/de\/wp-json\/wp\/v2\/comments?post=23224"}],"version-history":[{"count":56,"href":"https:\/\/www.seven.io\/de\/wp-json\/wp\/v2\/pages\/23224\/revisions"}],"predecessor-version":[{"id":92879,"href":"https:\/\/www.seven.io\/de\/wp-json\/wp\/v2\/pages\/23224\/revisions\/92879"}],"up":[{"embeddable":true,"href":"https:\/\/www.seven.io\/de\/wp-json\/wp\/v2\/pages\/17075"}],"wp:featuredmedia":[{"embeddable":true,"href":"https:\/\/www.seven.io\/de\/wp-json\/wp\/v2\/media\/23335"}],"wp:attachment":[{"href":"https:\/\/www.seven.io\/de\/wp-json\/wp\/v2\/media?parent=23224"}],"curies":[{"name":"wp","href":"https:\/\/api.w.org\/{rel}","templated":true}]}}