{"id":23377,"date":"2021-01-11T10:52:23","date_gmt":"2021-01-11T09:52:23","guid":{"rendered":"https:\/\/www.sms77.io\/?page_id=23377"},"modified":"2023-02-22T11:59:42","modified_gmt":"2023-02-22T10:59:42","slug":"synology","status":"publish","type":"page","link":"https:\/\/www.seven.io\/de\/loesungen\/integrationen\/synology\/","title":{"rendered":"Synology"},"content":{"rendered":"<section class=\"l-section wpb_row height_small\"><div class=\"l-section-h i-cf\"><div class=\"g-cols vc_row via_flex valign_middle type_default stacking_default\"><div class=\"vc_col-sm-6 wpb_column vc_column_container\"><div class=\"vc_column-inner\"><div class=\"wpb_wrapper\"><div class=\"wpb_text_column\"><div class=\"wpb_wrapper\"><p><strong><a href=\"https:\/\/www.synology.com\/de-de\" target=\"_blank\" rel=\"noopener\" data-schema-attribute=\"\">Synology<\/a> stellt Server und NAS-Systeme her und bietet so seinen Kunden die M\u00f6glichkeit, Daten auf verschiedene Arten und Weisen zu speichern und zug\u00e4nglich zu machen. Sicherheit und Zug\u00e4nglichkeit stehen f\u00fcr Synology an erster Stelle. Dabei k\u00f6nnen nicht nur Unternehmen von den L\u00f6sungen profitieren, sondern auch Kleinunternehmer, andere Selbstst\u00e4ndige und Privatpersonen. Synology bietet dar\u00fcber hinaus Linux-basierte Betriebssysteme f\u00fcr die eigenen Ger\u00e4te an. Auch ein cloudbasiertes Filehosting-System geh\u00f6rt zum Angebot.<\/strong><\/p>\n<\/div><\/div><div class=\"w-btn-wrapper align_none\"><a class=\"w-btn us-btn-style_1 no-border\" target=\"_blank\" rel=\"nofollow noopener\" href=\"https:\/\/help.seven.io\/de\/wie-lasse-ich-mein-synology-nas-sms-senden\"><span class=\"w-btn-label\">seven zu Synology hinzuf\u00fcgen<\/span><\/a><\/div><\/div><\/div><\/div><div class=\"vc_col-sm-6 wpb_column vc_column_container\"><div class=\"vc_column-inner\"><div class=\"wpb_wrapper\"><div class=\"w-video align_none ratio_16x9 has_iframe\"><div class=\"w-video-h\"><iframe title=\"Youtube video player\" src=\"\/\/www.youtube.com\/embed\/P_XBqB94rMg?autoplay=0&controls=0&origin=https:\/\/www.seven.io\/de\/&loop=0&mute=0\" allowfullscreen=\"1\" loading=\"lazy\"><\/iframe><\/div><\/div><\/div><\/div><\/div><\/div><\/div><\/section><section class=\"l-section wpb_row height_small color_alternate\"><div class=\"l-section-h i-cf\"><div class=\"g-cols vc_row via_flex valign_middle type_default stacking_default\"><div class=\"vc_col-sm-6 wpb_column vc_column_container\"><div class=\"vc_column-inner\"><div class=\"wpb_wrapper\"><div class=\"w-image align_left\"><div class=\"w-image-h\"><img decoding=\"async\" width=\"400\" height=\"267\" src=\"https:\/\/www.seven.io\/wp-content\/uploads\/cloud_storage_mood-400x267.png\" class=\"attachment-us_400_0 size-us_400_0\" alt=\"Die NAS-Ger\u00e4te von Synology k\u00f6nnen SMS-Benachrichtigungen \u00fcber sms77 senden\" loading=\"lazy\" srcset=\"https:\/\/www.seven.io\/wp-content\/uploads\/cloud_storage_mood-400x267.png 400w, https:\/\/www.seven.io\/wp-content\/uploads\/cloud_storage_mood-300x200.png 300w, https:\/\/www.seven.io\/wp-content\/uploads\/cloud_storage_mood-1024x682.png 1024w, https:\/\/www.seven.io\/wp-content\/uploads\/cloud_storage_mood-250x167.png 250w, https:\/\/www.seven.io\/wp-content\/uploads\/cloud_storage_mood-600x400.png 600w, https:\/\/www.seven.io\/wp-content\/uploads\/cloud_storage_mood-768x512.png 768w, https:\/\/www.seven.io\/wp-content\/uploads\/cloud_storage_mood-200x133.png 200w, https:\/\/www.seven.io\/wp-content\/uploads\/cloud_storage_mood.png 1280w\" sizes=\"auto, (max-width: 400px) 100vw, 400px\" \/><\/div><\/div><\/div><\/div><\/div><div class=\"vc_col-sm-6 wpb_column vc_column_container\"><div class=\"vc_column-inner\"><div class=\"wpb_wrapper\"><div class=\"wpb_text_column\"><div class=\"wpb_wrapper\"><h3>seven als SMS-Service-Provider in Synology<\/h3>\n<p>Wenn Sie seven als SMS-Serviceanbieter integrieren, k\u00f6nnen Sie sich bequem Benachrichtigungen auf Ihr Handy senden lassen. Wenn also bestimmte Ereignisse oder Fehler auftreten, l\u00f6st Ihr NAS einen SMS-Versand aus und Sie wissen innerhalb von Sekunden Bescheid. M\u00f6gliche Ereignisse sind beispielsweise eine unterbrochene Verbindung oder ein Stromausfall, niedrige Speicherkapazit\u00e4ten auf dem Volume, Ver\u00e4nderungen im L\u00fcfterverhalten, Fehler bei Sicherungen und andere. Da SMS wesentlich mehr Aufmerksamkeit erzeugen als E-Mails, wird sich au\u00dferdem Ihre Reaktionszeit auf das Problem verk\u00fcrzen.<span class=\"Apple-converted-space\"><br \/>\nDetails zur Einrichtung von seven in Ihrem Synology-NAS finden Sie in unserem <a href=\"https:\/\/help.seven.io\/de\/wie-lasse-ich-mein-synology-nas-sms-senden\" rel=\"noopener\">Helpdesk<\/a>.<\/span><\/p>\n<\/div><\/div><\/div><\/div><\/div><\/div><\/div><\/section><!-- Row Backgrounds --><div class=\"upb_color\" data-bg-override=\"0\" data-bg-color=\"#f4f4f4\" data-fadeout=\"\" data-fadeout-percentage=\"30\" data-parallax-content=\"\" data-parallax-content-sense=\"30\" data-row-effect-mobile-disable=\"true\" data-img-parallax-mobile-disable=\"true\" data-rtl=\"false\"  data-custom-vc-row=\"\"  data-vc=\"8.7.2\"  data-is_old_vc=\"\"  data-theme-support=\"disable\"   data-overlay=\"false\" data-overlay-color=\"\" data-overlay-pattern=\"\" data-overlay-pattern-opacity=\"\" data-overlay-pattern-size=\"\"    ><\/div><section class=\"l-section wpb_row height_small\"><div class=\"l-section-h i-cf\"><div class=\"g-cols vc_row via_flex valign_middle type_default stacking_default\"><div class=\"vc_col-sm-6 wpb_column vc_column_container\"><div class=\"vc_column-inner\"><div class=\"wpb_wrapper\"><div class=\"wpb_text_column\"><div class=\"wpb_wrapper\"><h3>Automatischer Versand von SMS-Benachrichtigungen<\/h3>\n<\/div><\/div><div class=\"uavc-list-icon uavc-list-icon-wrapper ult-adjust-bottom-margin   \"><ul class=\"uavc-list\"><li><div class=\"uavc-list-content\" id=\"list-icon-wrap-2705\">\n<div class=\"uavc-list-icon  \" data-animation=\"\" data-animation-delay=\"03\" style=\"margin-right:25px;\"><div class=\"ult-just-icon-wrapper  \"><div class=\"align-icon\" style=\"text-align:center;\">\n<div class=\"aio-icon none \"  style=\"color:#52c0fa;font-size:40px;display:inline-block;\">\n\t<i class=\"Defaults-envelope-o\"><\/i>\n<\/div><\/div><\/div>\n<\/div><span  data-ultimate-target='#list-icon-wrap-2705 .uavc-list-desc'  data-responsive-json-new='{\"font-size\":\"\",\"line-height\":\"\"}'  class=\"uavc-list-desc ult-responsive\" style=\"\">Wenn Ihr NAS einen Fehler erkennt, sich das Verhalten des L\u00fcfters ver\u00e4ndert oder der Speicherplatz knapp wird, wird eine SMS mit entsprechendem Inhalt versendet. Sie k\u00f6nnen dar\u00fcber hinaus den Absendernamen und die Zielnummer einstellen und bleiben so immer informiert.<\/span><\/div><\/li><\/ul><\/div><\/div><\/div><\/div><div class=\"vc_col-sm-6 wpb_column vc_column_container\"><div class=\"vc_column-inner\"><div class=\"wpb_wrapper\"><div class=\"w-image align_center\"><div class=\"w-image-h\"><img decoding=\"async\" width=\"300\" height=\"200\" src=\"https:\/\/www.seven.io\/wp-content\/uploads\/integration_synology_mockerror-300x200.png\" class=\"attachment-us_300_0 size-us_300_0\" alt=\"Lassen Sie Ihr Synology-NAS SMS senden\" loading=\"lazy\" srcset=\"https:\/\/www.seven.io\/wp-content\/uploads\/integration_synology_mockerror-300x200.png 300w, https:\/\/www.seven.io\/wp-content\/uploads\/integration_synology_mockerror-250x166.png 250w, https:\/\/www.seven.io\/wp-content\/uploads\/integration_synology_mockerror-400x266.png 400w, https:\/\/www.seven.io\/wp-content\/uploads\/integration_synology_mockerror-200x133.png 200w, https:\/\/www.seven.io\/wp-content\/uploads\/integration_synology_mockerror.png 600w\" sizes=\"auto, (max-width: 300px) 100vw, 300px\" \/><\/div><\/div><\/div><\/div><\/div><\/div><\/div><\/section><section class=\"l-section wpb_row height_small\"><div class=\"l-section-h i-cf\"><div class=\"g-cols vc_row via_flex valign_top type_default stacking_default\"><div class=\"vc_col-sm-12 wpb_column vc_column_container\"><div class=\"vc_column-inner\"><div class=\"wpb_wrapper\"><div class=\"w-actionbox us_custom_e47d7875 color_light controls_right\"><div class=\"w-actionbox-text\"><div class=\"w-actionbox-description\"><p>Sie brauchen Hilfe bei der Einrichtung der Funktion?<br \/>\nIn unserem Helpdesk finden Sie eine detaillierte Anleitung.<\/p>\n<\/div><\/div><div class=\"w-actionbox-controls\"><a class=\"w-btn us-btn-style_5\" href=\"https:\/\/help.seven.io\/de\/wie-lasse-ich-mein-synology-nas-sms-senden\" rel=\"noopener\"><span class=\"w-btn-label\">Zum Helpdesk<\/span><\/a><\/div><\/div><\/div><\/div><\/div><\/div><\/div><\/section><!-- Row Backgrounds --><div class=\"upb_color\" data-bg-override=\"0\" data-bg-color=\"#ffffff\" data-fadeout=\"\" data-fadeout-percentage=\"30\" data-parallax-content=\"\" data-parallax-content-sense=\"30\" data-row-effect-mobile-disable=\"true\" data-img-parallax-mobile-disable=\"true\" data-rtl=\"false\"  data-custom-vc-row=\"\"  data-vc=\"8.7.2\"  data-is_old_vc=\"\"  data-theme-support=\"disable\"   data-overlay=\"false\" data-overlay-color=\"\" data-overlay-pattern=\"\" data-overlay-pattern-opacity=\"\" data-overlay-pattern-size=\"\"    ><\/div>\n","protected":false},"excerpt":{"rendered":"Synology stellt Server und NAS-Systeme her und bietet so seinen Kunden die M\u00f6glichkeit, Daten auf verschiedene Arten und Weisen zu speichern und zug\u00e4nglich zu machen. Sicherheit und Zug\u00e4nglichkeit stehen f\u00fcr Synology an erster Stelle. Dabei k\u00f6nnen nicht nur Unternehmen von den L\u00f6sungen profitieren, sondern auch Kleinunternehmer, andere Selbstst\u00e4ndige und Privatpersonen. Synology bietet dar\u00fcber hinaus Linux-basierte...","protected":false},"author":1,"featured_media":23440,"parent":17075,"menu_order":0,"comment_status":"closed","ping_status":"closed","template":"","meta":{"content-type":"","footnotes":""},"class_list":["post-23377","page","type-page","status-publish","has-post-thumbnail","hentry"],"_links":{"self":[{"href":"https:\/\/www.seven.io\/de\/wp-json\/wp\/v2\/pages\/23377","targetHints":{"allow":["GET"]}}],"collection":[{"href":"https:\/\/www.seven.io\/de\/wp-json\/wp\/v2\/pages"}],"about":[{"href":"https:\/\/www.seven.io\/de\/wp-json\/wp\/v2\/types\/page"}],"author":[{"embeddable":true,"href":"https:\/\/www.seven.io\/de\/wp-json\/wp\/v2\/users\/1"}],"replies":[{"embeddable":true,"href":"https:\/\/www.seven.io\/de\/wp-json\/wp\/v2\/comments?post=23377"}],"version-history":[{"count":26,"href":"https:\/\/www.seven.io\/de\/wp-json\/wp\/v2\/pages\/23377\/revisions"}],"predecessor-version":[{"id":88831,"href":"https:\/\/www.seven.io\/de\/wp-json\/wp\/v2\/pages\/23377\/revisions\/88831"}],"up":[{"embeddable":true,"href":"https:\/\/www.seven.io\/de\/wp-json\/wp\/v2\/pages\/17075"}],"wp:featuredmedia":[{"embeddable":true,"href":"https:\/\/www.seven.io\/de\/wp-json\/wp\/v2\/media\/23440"}],"wp:attachment":[{"href":"https:\/\/www.seven.io\/de\/wp-json\/wp\/v2\/media?parent=23377"}],"curies":[{"name":"wp","href":"https:\/\/api.w.org\/{rel}","templated":true}]}}