{"id":23736,"date":"2021-01-28T15:14:42","date_gmt":"2021-01-28T14:14:42","guid":{"rendered":"https:\/\/www.sms77.io\/?page_id=23736"},"modified":"2024-06-13T11:35:16","modified_gmt":"2024-06-13T09:35:16","slug":"desktop-app","status":"publish","type":"page","link":"https:\/\/www.seven.io\/de\/loesungen\/integrationen\/desktop-app\/","title":{"rendered":"Desktop App"},"content":{"rendered":"<section class=\"l-section wpb_row height_small\"><div class=\"l-section-h i-cf\"><div class=\"g-cols vc_row via_flex valign_middle type_default stacking_default\"><div class=\"vc_col-sm-6 wpb_column vc_column_container\"><div class=\"vc_column-inner\"><div class=\"wpb_wrapper\"><div class=\"wpb_text_column\"><div class=\"wpb_wrapper\"><p><strong>Ihr Wunsch ist uns Befehl! Viele unserer Kunden haben uns gefragt, ob wir unseren Service auch als eigenst\u00e4ndige Applikation verf\u00fcgbar machen k\u00f6nnen. Deshalb freuen wir uns, Ihnen hier die seven-Desktop-App pr\u00e4sentieren zu k\u00f6nnen. Sie k\u00f6nnen die App auf MacOS, Linux und Windows nutzen. <\/strong><\/p>\n<p><strong>Mit unserer neusten Version k\u00f6nnen Sie so alle unsere angebotenen Dienstleistungen direkt aus der App nutzen und m\u00fcssen sich nicht mehr \u00fcber einen Browser in unsere Webapp einloggen. Weiter unten k\u00f6nnen Sie die aktuelle Version f\u00fcr Ihr Betriebssystem herunterladen.\u00a0<\/strong><strong>Wir w\u00fcnschen viel Freude beim Senden!<\/strong><\/p>\n<\/div><\/div><div class=\"w-btn-wrapper align_none\"><a class=\"w-btn us-btn-style_1 no-border\" href=\"https:\/\/github.com\/seven-io\/desktop\" rel=\"noopener\"><span class=\"w-btn-label\">Auf GitHub ansehen<\/span><\/a><\/div><\/div><\/div><\/div><div class=\"vc_col-sm-6 wpb_column vc_column_container\"><div class=\"vc_column-inner\"><div class=\"wpb_wrapper\"><div class=\"w-image align_center\"><div class=\"w-image-h\"><img decoding=\"async\" width=\"300\" height=\"64\" src=\"https:\/\/www.seven.io\/wp-content\/uploads\/Logo_Prev.png\" class=\"attachment-us_300_0 size-us_300_0\" alt=\"\" loading=\"lazy\" srcset=\"https:\/\/www.seven.io\/wp-content\/uploads\/Logo_Prev.png 2560w, https:\/\/www.seven.io\/wp-content\/uploads\/Logo_Prev-300x64.png 300w, https:\/\/www.seven.io\/wp-content\/uploads\/Logo_Prev-1024x220.png 1024w, https:\/\/www.seven.io\/wp-content\/uploads\/Logo_Prev-768x165.png 768w, https:\/\/www.seven.io\/wp-content\/uploads\/Logo_Prev-1536x330.png 1536w, https:\/\/www.seven.io\/wp-content\/uploads\/Logo_Prev-2048x440.png 2048w, https:\/\/www.seven.io\/wp-content\/uploads\/Logo_Prev-600x129.png 600w\" sizes=\"auto, (max-width: 300px) 100vw, 300px\" \/><\/div><\/div><\/div><\/div><\/div><\/div><\/div><\/section><section class=\"l-section wpb_row height_small color_alternate\"><div class=\"l-section-h i-cf\"><div class=\"g-cols vc_row via_flex valign_middle type_default stacking_default\"><div class=\"vc_col-sm-6 wpb_column vc_column_container\"><div class=\"vc_column-inner\"><div class=\"wpb_wrapper\"><div class=\"w-image no-border align_center\"><a ref=\"magnificPopup\" href=\"https:\/\/www.seven.io\/wp-content\/uploads\/integrationen_desktopApp_screen.png\" aria-label=\"integrationen_desktopApp_screen\" class=\"w-image-h\"><img decoding=\"async\" width=\"1280\" height=\"642\" src=\"https:\/\/www.seven.io\/wp-content\/uploads\/integrationen_desktopApp_screen.png\" class=\"attachment-full size-full\" alt=\"Mit der sms77 Desktop-App k\u00f6nnen Sie unseren Service direkt von Ihrem Rechner nutzen\" loading=\"lazy\" srcset=\"https:\/\/www.seven.io\/wp-content\/uploads\/integrationen_desktopApp_screen.png 1280w, https:\/\/www.seven.io\/wp-content\/uploads\/integrationen_desktopApp_screen-300x150.png 300w, https:\/\/www.seven.io\/wp-content\/uploads\/integrationen_desktopApp_screen-1024x514.png 1024w, https:\/\/www.seven.io\/wp-content\/uploads\/integrationen_desktopApp_screen-250x125.png 250w, https:\/\/www.seven.io\/wp-content\/uploads\/integrationen_desktopApp_screen-600x301.png 600w, https:\/\/www.seven.io\/wp-content\/uploads\/integrationen_desktopApp_screen-768x385.png 768w, https:\/\/www.seven.io\/wp-content\/uploads\/integrationen_desktopApp_screen-400x201.png 400w, https:\/\/www.seven.io\/wp-content\/uploads\/integrationen_desktopApp_screen-200x100.png 200w\" sizes=\"auto, (max-width: 1280px) 100vw, 1280px\" \/><\/a><\/div><\/div><\/div><\/div><div class=\"vc_col-sm-6 wpb_column vc_column_container\"><div class=\"vc_column-inner\"><div class=\"wpb_wrapper\"><div class=\"wpb_text_column\"><div class=\"wpb_wrapper\"><h3>Die Desktop App f\u00fcr seven<\/h3>\n<p>Nach der Installation unserer Desktop-App wird Ihr SMS-Versand noch einfacher. Starten Sie das Programm und nutzen Sie alle unsere Dienstleistungen direkt aus der Desktop-App heraus. Ihnen stehen nicht nur SMS-Funktionen wie <a href=\"https:\/\/help.seven.io\/de\/performance-tracking\" rel=\"noopener\">Performance Tracking<\/a>, Labels und Flash-SMS zur Verf\u00fcgung, sondern auch Voice-Nachrichten und Lookups \u2013 alles an einem Ort. Auch \u00fcber Ihre Ausgaben behalten Sie in der Desktop-App den \u00dcberblick. Damit ist sie eine starke Alternative zu unserer beliebten Webapplikation.<\/p>\n<\/div><\/div><\/div><\/div><\/div><\/div><\/div><\/section><!-- Row Backgrounds --><div class=\"upb_color\" data-bg-override=\"0\" data-bg-color=\"#f4f4f4\" data-fadeout=\"\" data-fadeout-percentage=\"30\" data-parallax-content=\"\" data-parallax-content-sense=\"30\" data-row-effect-mobile-disable=\"true\" data-img-parallax-mobile-disable=\"true\" data-rtl=\"false\"  data-custom-vc-row=\"\"  data-vc=\"8.7.2\"  data-is_old_vc=\"\"  data-theme-support=\"disable\"   data-overlay=\"false\" data-overlay-color=\"\" data-overlay-pattern=\"\" data-overlay-pattern-opacity=\"\" data-overlay-pattern-size=\"\"    ><\/div><section class=\"l-section wpb_row height_small\"><div class=\"l-section-h i-cf\"><div class=\"g-cols vc_row via_flex valign_top type_default stacking_default\"><div class=\"vc_col-sm-6 wpb_column vc_column_container\"><div class=\"vc_column-inner\"><div class=\"wpb_wrapper\"><div class=\"wpb_text_column\"><div class=\"wpb_wrapper\"><h3>Umf\u00e4nglicher SMS-Versand<\/h3>\n<\/div><\/div><div class=\"uavc-list-icon uavc-list-icon-wrapper ult-adjust-bottom-margin   \"><ul class=\"uavc-list\"><li><div class=\"uavc-list-content\" id=\"list-icon-wrap-3667\">\n<div class=\"uavc-list-icon  \" data-animation=\"\" data-animation-delay=\"03\" style=\"margin-right:25px;\"><div class=\"ult-just-icon-wrapper  \"><div class=\"align-icon\" style=\"text-align:center;\">\n<div class=\"aio-icon none \"  style=\"color:#52c0fa;font-size:40px;display:inline-block;\">\n\t<i class=\"Defaults-envelope-o\"><\/i>\n<\/div><\/div><\/div>\n<\/div><span  data-ultimate-target='#list-icon-wrap-3667 .uavc-list-desc'  data-responsive-json-new='{\"font-size\":\"\",\"line-height\":\"\"}'  class=\"uavc-list-desc ult-responsive\" style=\"\">Versenden Sie SMS, so wie Sie es m\u00f6chten. Ob Massen-SMS, Flash-SMS oder f\u00fcr einen bestimmten Zeitpunkt vorgeplante SMS \u2013 sie alle sind in der Desktop-App verf\u00fcgbar.<\/span><\/div><\/li><\/ul><\/div><div class=\"wpb_text_column\"><div class=\"wpb_wrapper\"><h3>Signatur<\/h3>\n<\/div><\/div><div class=\"uavc-list-icon uavc-list-icon-wrapper ult-adjust-bottom-margin   \"><ul class=\"uavc-list\"><li><div class=\"uavc-list-content\" id=\"list-icon-wrap-1494\">\n<div class=\"uavc-list-icon  \" data-animation=\"\" data-animation-delay=\"03\" style=\"margin-right:25px;\"><div class=\"ult-just-icon-wrapper  \"><div class=\"align-icon\" style=\"text-align:center;\">\n<div class=\"aio-icon none \"  style=\"color:#52c0fa;font-size:40px;display:inline-block;\">\n\t<i class=\"Defaults-pencil\"><\/i>\n<\/div><\/div><\/div>\n<\/div><span  data-ultimate-target='#list-icon-wrap-1494 .uavc-list-desc'  data-responsive-json-new='{\"font-size\":\"\",\"line-height\":\"\"}'  class=\"uavc-list-desc ult-responsive\" style=\"\">Durch eine festgelegte Signatur k\u00f6nnen Sie bei wiederkehrenden SMS viel Zeit sparen. Legen Sie beispielsweise eine Verabschiedung fest oder senden Sie immer Ihre Website mit.<\/span><\/div><\/li><\/ul><\/div><div class=\"wpb_text_column\"><div class=\"wpb_wrapper\"><h3>Platzhalter<\/h3>\n<\/div><\/div><div class=\"uavc-list-icon uavc-list-icon-wrapper ult-adjust-bottom-margin   \"><ul class=\"uavc-list\"><li><div class=\"uavc-list-content\" id=\"list-icon-wrap-7378\">\n<div class=\"uavc-list-icon  \" data-animation=\"\" data-animation-delay=\"03\" style=\"margin-right:25px;\"><div class=\"ult-just-icon-wrapper  \"><div class=\"align-icon\" style=\"text-align:center;\">\n<div class=\"aio-icon none \"  style=\"color:#52c0fa;font-size:40px;display:inline-block;\">\n\t<i class=\"Defaults-smile-o\"><\/i>\n<\/div><\/div><\/div>\n<\/div><span  data-ultimate-target='#list-icon-wrap-7378 .uavc-list-desc'  data-responsive-json-new='{\"font-size\":\"\",\"line-height\":\"\"}'  class=\"uavc-list-desc ult-responsive\" style=\"\">Pers\u00f6nliche Ansprache ist heute wichtiger denn je!\u00a0Personalisieren Sie Ihre Nachrichten, indem Sie automatisch Vor-, oder Nachname oder einen selbst festgelegten Wert einf\u00fcgen lassen<span class=\"Apple-converted-space\">\u00a0<\/span><\/span><\/div><\/li><\/ul><\/div><div class=\"wpb_text_column\"><div class=\"wpb_wrapper\"><h3>Massen-SMS<\/h3>\n<\/div><\/div><div class=\"uavc-list-icon uavc-list-icon-wrapper ult-adjust-bottom-margin   \"><ul class=\"uavc-list\"><li><div class=\"uavc-list-content\" id=\"list-icon-wrap-4685\">\n<div class=\"uavc-list-icon  \" data-animation=\"\" data-animation-delay=\"03\" style=\"margin-right:25px;\"><div class=\"ult-just-icon-wrapper  \"><div class=\"align-icon\" style=\"text-align:center;\">\n<div class=\"aio-icon none \"  style=\"color:#52c0fa;font-size:40px;display:inline-block;\">\n\t<i class=\"Defaults-comments-o\"><\/i>\n<\/div><\/div><\/div>\n<\/div><span  data-ultimate-target='#list-icon-wrap-4685 .uavc-list-desc'  data-responsive-json-new='{\"font-size\":\"\",\"line-height\":\"\"}'  class=\"uavc-list-desc ult-responsive\" style=\"\">Sie m\u00f6chten sehr viele Ihrer Empf\u00e4nger auf einmal erreichen? Vielleicht sogar alle? Kein Problem: Versenden Sie Massen-SMS an von Ihnen festgelegte Gruppen.<\/span><\/div><\/li><\/ul><\/div><\/div><\/div><\/div><div class=\"vc_col-sm-6 wpb_column vc_column_container\"><div class=\"vc_column-inner\"><div class=\"wpb_wrapper\"><div class=\"w-image no-border align_center\"><div class=\"w-image-h\"><img decoding=\"async\" width=\"300\" height=\"597\" src=\"https:\/\/www.seven.io\/wp-content\/uploads\/desktopapp_mock-300x597.png\" class=\"attachment-us_300_0 size-us_300_0\" alt=\"Mit der Desktop-App k\u00f6nnen Sie unseren Service bequem nutzen\" loading=\"lazy\" srcset=\"https:\/\/www.seven.io\/wp-content\/uploads\/desktopapp_mock-300x597.png 300w, https:\/\/www.seven.io\/wp-content\/uploads\/desktopapp_mock-151x300.png 151w, https:\/\/www.seven.io\/wp-content\/uploads\/desktopapp_mock-514x1024.png 514w, https:\/\/www.seven.io\/wp-content\/uploads\/desktopapp_mock-250x498.png 250w, https:\/\/www.seven.io\/wp-content\/uploads\/desktopapp_mock-600x1194.png 600w, https:\/\/www.seven.io\/wp-content\/uploads\/desktopapp_mock-400x796.png 400w, https:\/\/www.seven.io\/wp-content\/uploads\/desktopapp_mock-201x400.png 201w, https:\/\/www.seven.io\/wp-content\/uploads\/desktopapp_mock-200x398.png 200w, https:\/\/www.seven.io\/wp-content\/uploads\/desktopapp_mock.png 643w\" sizes=\"auto, (max-width: 300px) 100vw, 300px\" \/><\/div><\/div><\/div><\/div><\/div><\/div><\/div><\/section><section class=\"l-section wpb_row height_small\"><div class=\"l-section-h i-cf\"><div class=\"g-cols vc_row via_flex valign_top type_default stacking_default\"><div class=\"vc_col-sm-6 wpb_column vc_column_container\"><div class=\"vc_column-inner\"><div class=\"wpb_wrapper\"><div class=\"wpb_text_column\"><div class=\"wpb_wrapper\"><h3>Fester Absendername<\/h3>\n<\/div><\/div><div class=\"uavc-list-icon uavc-list-icon-wrapper ult-adjust-bottom-margin   \"><ul class=\"uavc-list\"><li><div class=\"uavc-list-content\" id=\"list-icon-wrap-5585\">\n<div class=\"uavc-list-icon  \" data-animation=\"\" data-animation-delay=\"03\" style=\"margin-right:25px;\"><div class=\"ult-just-icon-wrapper  \"><div class=\"align-icon\" style=\"text-align:center;\">\n<div class=\"aio-icon none \"  style=\"color:#52c0fa;font-size:40px;display:inline-block;\">\n\t<i class=\"Defaults-check-circle\"><\/i>\n<\/div><\/div><\/div>\n<\/div><span  data-ultimate-target='#list-icon-wrap-5585 .uavc-list-desc'  data-responsive-json-new='{\"font-size\":\"\",\"line-height\":\"\"}'  class=\"uavc-list-desc ult-responsive\" style=\"\">Ihre Empf\u00e4nger m\u00f6chten wissen, wer ihnen schreibt. Machen Sie es ihnen leicht und legen Sie einen Absendernamen mit bis zu 11 alphanumerischen Zeichen fest.<\/span><\/div><\/li><\/ul><\/div><\/div><\/div><\/div><div class=\"vc_col-sm-6 wpb_column vc_column_container\"><div class=\"vc_column-inner\"><div class=\"wpb_wrapper\"><div class=\"wpb_text_column\"><div class=\"wpb_wrapper\"><h3>Lookups<\/h3>\n<\/div><\/div><div class=\"uavc-list-icon uavc-list-icon-wrapper ult-adjust-bottom-margin   \"><ul class=\"uavc-list\"><li><div class=\"uavc-list-content\" id=\"list-icon-wrap-7154\">\n<div class=\"uavc-list-icon  \" data-animation=\"\" data-animation-delay=\"03\" style=\"margin-right:25px;\"><div class=\"ult-just-icon-wrapper  \"><div class=\"align-icon\" style=\"text-align:center;\">\n<div class=\"aio-icon none \"  style=\"color:#52c0fa;font-size:40px;display:inline-block;\">\n\t<i class=\"Defaults-search\"><\/i>\n<\/div><\/div><\/div>\n<\/div><span  data-ultimate-target='#list-icon-wrap-7154 .uavc-list-desc'  data-responsive-json-new='{\"font-size\":\"\",\"line-height\":\"\"}'  class=\"uavc-list-desc ult-responsive\" style=\"\">Lookups helfen Ihnen dabei, Ihren SMS-Versand so g\u00fcnstig und effektiv wie m\u00f6glich zu gestalten. Ihnen stehen auch in der Desktop-App\u00a0HLR-, NMP-, CNAM- und Formatlookups zur Verf\u00fcgung.<\/span><\/div><\/li><\/ul><\/div><\/div><\/div><\/div><\/div><\/div><\/section><section class=\"l-section wpb_row height_small\"><div class=\"l-section-h i-cf\"><div class=\"g-cols vc_row via_flex valign_top type_default stacking_default\"><div class=\"vc_col-sm-6 wpb_column vc_column_container\"><div class=\"vc_column-inner\"><div class=\"wpb_wrapper\"><div class=\"wpb_text_column\"><div class=\"wpb_wrapper\"><h3>Voice<\/h3>\n<\/div><\/div><div class=\"uavc-list-icon uavc-list-icon-wrapper ult-adjust-bottom-margin   \"><ul class=\"uavc-list\"><li><div class=\"uavc-list-content\" id=\"list-icon-wrap-9944\">\n<div class=\"uavc-list-icon  \" data-animation=\"\" data-animation-delay=\"03\" style=\"margin-right:25px;\"><div class=\"ult-just-icon-wrapper  \"><div class=\"align-icon\" style=\"text-align:center;\">\n<div class=\"aio-icon none \"  style=\"color:#52c0fa;font-size:40px;display:inline-block;\">\n\t<i class=\"Defaults-volume-up\"><\/i>\n<\/div><\/div><\/div>\n<\/div><span  data-ultimate-target='#list-icon-wrap-9944 .uavc-list-desc'  data-responsive-json-new='{\"font-size\":\"\",\"line-height\":\"\"}'  class=\"uavc-list-desc ult-responsive\" style=\"\">Mit Voice- oder Text2Speech-Nachrichten erweitern Sie Ihre Kommunikation um eine weitere Komponente. Die Nachrichten k\u00f6nnen sowohl an Festnetz- als auch an Mobilfunknummern versendet werden, wo sie den Empf\u00e4ngern am Telefon vorgelesen werden.<\/span><\/div><\/li><\/ul><\/div><\/div><\/div><\/div><div class=\"vc_col-sm-6 wpb_column vc_column_container\"><div class=\"vc_column-inner\"><div class=\"wpb_wrapper\"><\/div><\/div><\/div><\/div><\/div><\/section><section class=\"l-section wpb_row height_small color_alternate\"><div class=\"l-section-h i-cf\"><div class=\"g-cols vc_row via_flex valign_top type_default stacking_default\"><div class=\"vc_col-sm-12 wpb_column vc_column_container\"><div class=\"vc_column-inner\"><div class=\"wpb_wrapper\"><div class=\"wpb_text_column\"><div class=\"wpb_wrapper\"><h3 style=\"text-align: center;\">Laden Sie hier die passende Version der Desktop-App f\u00fcr Ihr Betriebssystem herunter.<\/h3>\n<p style=\"text-align: center;\">Ein Klick auf den jeweiligen Button startet den Download.<\/p>\n<\/div><\/div><div class=\"w-separator size_small\"><\/div><\/div><\/div><\/div><div class=\"vc_col-sm-3 wpb_column vc_column_container\"><div class=\"vc_column-inner\"><div class=\"wpb_wrapper\"><div class=\"w-btn-wrapper align_justify\"><a class=\"w-btn us-btn-style_1\" target=\"_blank\" rel=\"nofollow noopener\" href=\"https:\/\/github.com\/seven-io\/desktop\/releases\/download\/v1.2.0\/sms77-desktop_1.2.0.dmg\"><span class=\"w-btn-label\">Mac<\/span><\/a><\/div><\/div><\/div><\/div><div class=\"vc_col-sm-3 wpb_column vc_column_container\"><div class=\"vc_column-inner\"><div class=\"wpb_wrapper\"><div class=\"w-btn-wrapper align_justify\"><a class=\"w-btn us-btn-style_1\" target=\"_blank\" rel=\"nofollow noopener\" href=\"https:\/\/github.com\/seven-io\/desktop\/releases\/download\/v1.2.0\/sms77-desktop-1.2.0.Setup.exe\"><span class=\"w-btn-label\">Windows<\/span><\/a><\/div><\/div><\/div><\/div><div class=\"vc_col-sm-3 wpb_column vc_column_container\"><div class=\"vc_column-inner\"><div class=\"wpb_wrapper\"><div class=\"w-btn-wrapper align_justify\"><a class=\"w-btn us-btn-style_1\" target=\"_blank\" rel=\"nofollow noopener\" href=\"https:\/\/github.com\/seven-io\/desktop\/releases\/download\/v1.2.0\/sms77-desktop-1.2.0-1.x86_64.rpm\"><span class=\"w-btn-label\">Linux (RPM)<\/span><\/a><\/div><\/div><\/div><\/div><div class=\"vc_col-sm-3 wpb_column vc_column_container\"><div class=\"vc_column-inner\"><div class=\"wpb_wrapper\"><div class=\"w-btn-wrapper align_justify\"><a class=\"w-btn us-btn-style_1\" target=\"_blank\" rel=\"nofollow noopener\" href=\"https:\/\/github.com\/seven-io\/desktop\/releases\/download\/v1.2.0\/sms77-desktop_1.2.0.dmg\"><span class=\"w-btn-label\">Linux (DEB)<\/span><\/a><\/div><\/div><\/div><\/div><\/div><\/div><\/section>\n","protected":false},"excerpt":{"rendered":"Ihr Wunsch ist uns Befehl! Viele unserer Kunden haben uns gefragt, ob wir unseren Service auch als eigenst\u00e4ndige Applikation verf\u00fcgbar machen k\u00f6nnen. Deshalb freuen wir uns, Ihnen hier die seven-Desktop-App pr\u00e4sentieren zu k\u00f6nnen. Sie k\u00f6nnen die App auf MacOS, Linux und Windows nutzen. Mit unserer neusten Version k\u00f6nnen Sie so alle unsere angebotenen Dienstleistungen direkt...","protected":false},"author":1,"featured_media":85694,"parent":17075,"menu_order":0,"comment_status":"closed","ping_status":"closed","template":"","meta":{"content-type":"","footnotes":""},"class_list":["post-23736","page","type-page","status-publish","has-post-thumbnail","hentry"],"_links":{"self":[{"href":"https:\/\/www.seven.io\/de\/wp-json\/wp\/v2\/pages\/23736","targetHints":{"allow":["GET"]}}],"collection":[{"href":"https:\/\/www.seven.io\/de\/wp-json\/wp\/v2\/pages"}],"about":[{"href":"https:\/\/www.seven.io\/de\/wp-json\/wp\/v2\/types\/page"}],"author":[{"embeddable":true,"href":"https:\/\/www.seven.io\/de\/wp-json\/wp\/v2\/users\/1"}],"replies":[{"embeddable":true,"href":"https:\/\/www.seven.io\/de\/wp-json\/wp\/v2\/comments?post=23736"}],"version-history":[{"count":50,"href":"https:\/\/www.seven.io\/de\/wp-json\/wp\/v2\/pages\/23736\/revisions"}],"predecessor-version":[{"id":92830,"href":"https:\/\/www.seven.io\/de\/wp-json\/wp\/v2\/pages\/23736\/revisions\/92830"}],"up":[{"embeddable":true,"href":"https:\/\/www.seven.io\/de\/wp-json\/wp\/v2\/pages\/17075"}],"wp:featuredmedia":[{"embeddable":true,"href":"https:\/\/www.seven.io\/de\/wp-json\/wp\/v2\/media\/85694"}],"wp:attachment":[{"href":"https:\/\/www.seven.io\/de\/wp-json\/wp\/v2\/media?parent=23736"}],"curies":[{"name":"wp","href":"https:\/\/api.w.org\/{rel}","templated":true}]}}