{"id":23758,"date":"2021-01-26T09:50:26","date_gmt":"2021-01-26T08:50:26","guid":{"rendered":"https:\/\/www.sms77.io\/?page_id=23758"},"modified":"2024-03-27T11:10:14","modified_gmt":"2024-03-27T10:10:14","slug":"nagios","status":"publish","type":"page","link":"https:\/\/www.seven.io\/de\/loesungen\/integrationen\/nagios\/","title":{"rendered":"Nagios"},"content":{"rendered":"<section class=\"l-section wpb_row height_small\"><div class=\"l-section-h i-cf\"><div class=\"g-cols vc_row via_flex valign_top type_default stacking_default\"><div class=\"vc_col-sm-6 wpb_column vc_column_container\"><div class=\"vc_column-inner\"><div class=\"wpb_wrapper\"><div class=\"wpb_text_column\"><div class=\"wpb_wrapper\"><p><strong><a href=\"https:\/\/www.nagios.com\" target=\"_blank\" rel=\"noopener\" data-schema-attribute=\"\">Nagios<\/a> ist eine freie Monitoring-Software f\u00fcr IT-Infrastrukturen. Die Software erschien erstmalig im Jahr 1999. Sie gilt als eine der meistgenutzen Open-Source-Monitorig-Softwares weltweit. Die Beliebtheit des Tools liegt sicherlich nicht zuletzt an der M\u00f6glichkeit, die Funktionen mit zahlreichen Plugins zu erweitern. Die gro\u00dfe Community ist ein weiterer Pluspunkt \u2013 egal welche Frage Sie haben, es ist wahrscheinlich, dass sie schon einmal gestellt wurde.\u00a0Neben der \u00dcberwachung von IT-Infrastrukturen k\u00f6nnen auch andere Instanzen \u00fcberwacht werden, beispielsweise Webapplikationen und Datenbanken.<\/strong><\/p>\n<\/div><\/div><div class=\"w-btn-wrapper align_none\"><a class=\"w-btn us-btn-style_1 no-border\" target=\"_blank\" rel=\"nofollow noopener\" href=\"https:\/\/github.com\/seven-io\/nagios\"><span class=\"w-btn-label\">Zu unserem Nagios-Plugin<\/span><\/a><\/div><\/div><\/div><\/div><div class=\"vc_col-sm-6 wpb_column vc_column_container\"><div class=\"vc_column-inner\"><div class=\"wpb_wrapper\"><div class=\"w-video align_none ratio_16x9 has_iframe\"><div class=\"w-video-h\"><iframe title=\"Youtube video player\" src=\"\/\/www.youtube.com\/embed\/yiIyy4oh-rw?autoplay=0&controls=0&origin=https:\/\/www.seven.io\/de\/&loop=0&mute=0\" allowfullscreen=\"1\" loading=\"lazy\"><\/iframe><\/div><\/div><\/div><\/div><\/div><\/div><\/div><\/section><section class=\"l-section wpb_row height_small color_alternate\"><div class=\"l-section-h i-cf\"><div class=\"g-cols vc_row via_flex valign_top type_default stacking_default\"><div class=\"vc_col-sm-6 wpb_column vc_column_container\"><div class=\"vc_column-inner\"><div class=\"wpb_wrapper\"><div class=\"w-image align_center\"><div class=\"w-image-h\"><img decoding=\"async\" width=\"400\" height=\"267\" src=\"https:\/\/www.seven.io\/wp-content\/uploads\/integrationen_nagios_alarm_mock-400x267.png\" class=\"attachment-us_400_0 size-us_400_0\" alt=\"Integrieren Sie sms77 in Nagios, um Alarme via SMS zu empfangen\" loading=\"lazy\" srcset=\"https:\/\/www.seven.io\/wp-content\/uploads\/integrationen_nagios_alarm_mock-400x267.png 400w, https:\/\/www.seven.io\/wp-content\/uploads\/integrationen_nagios_alarm_mock-300x200.png 300w, https:\/\/www.seven.io\/wp-content\/uploads\/integrationen_nagios_alarm_mock-1024x682.png 1024w, https:\/\/www.seven.io\/wp-content\/uploads\/integrationen_nagios_alarm_mock-250x167.png 250w, https:\/\/www.seven.io\/wp-content\/uploads\/integrationen_nagios_alarm_mock-600x400.png 600w, https:\/\/www.seven.io\/wp-content\/uploads\/integrationen_nagios_alarm_mock-768x512.png 768w, https:\/\/www.seven.io\/wp-content\/uploads\/integrationen_nagios_alarm_mock-200x133.png 200w, https:\/\/www.seven.io\/wp-content\/uploads\/integrationen_nagios_alarm_mock.png 1280w\" sizes=\"auto, (max-width: 400px) 100vw, 400px\" \/><\/div><\/div><\/div><\/div><\/div><div class=\"vc_col-sm-6 wpb_column vc_column_container\"><div class=\"vc_column-inner\"><div class=\"wpb_wrapper\"><div class=\"wpb_text_column\"><div class=\"wpb_wrapper\"><h3>SMS versenden mit Nagios Core und seven<\/h3>\n<p>Wenn Sie Nagios einsetzen, wollen Sie Struktur in ein komplexes System bringen. Damit Sie sofort Bescheid wissen, wenn eine Komponente in diesem System fehlerhaft oder garnicht mehr funktioniert, k\u00f6nnen Sie sich via SMS Alarmierungen zusenden lassen. Unser Service l\u00e4sst sich leicht in die Software integrieren, sodass Sie in Zukunft keinen Alarm mehr verpassen!<span class=\"Apple-converted-space\">\u00a0Durch die Alarmierungs-SMS sind Sie immer auf dem neusten Stand und k\u00f6nnen eingreifen, wenn es brenzlig wird.<\/span><\/p>\n<\/div><\/div><\/div><\/div><\/div><\/div><\/div><\/section><!-- Row Backgrounds --><div class=\"upb_color\" data-bg-override=\"0\" data-bg-color=\"#f4f4f4\" data-fadeout=\"\" data-fadeout-percentage=\"30\" data-parallax-content=\"\" data-parallax-content-sense=\"30\" data-row-effect-mobile-disable=\"true\" data-img-parallax-mobile-disable=\"true\" data-rtl=\"false\"  data-custom-vc-row=\"\"  data-vc=\"8.7.2\"  data-is_old_vc=\"\"  data-theme-support=\"disable\"   data-overlay=\"false\" data-overlay-color=\"\" data-overlay-pattern=\"\" data-overlay-pattern-opacity=\"\" data-overlay-pattern-size=\"\"    ><\/div><section class=\"l-section wpb_row height_small\"><div class=\"l-section-h i-cf\"><div class=\"g-cols vc_row via_flex valign_top type_default stacking_default\"><div class=\"vc_col-sm-6 wpb_column vc_column_container\"><div class=\"vc_column-inner\"><div class=\"wpb_wrapper\"><div class=\"wpb_text_column\"><div class=\"wpb_wrapper\"><h3>Alarme versenden<\/h3>\n<\/div><\/div><div class=\"uavc-list-icon uavc-list-icon-wrapper ult-adjust-bottom-margin   \"><ul class=\"uavc-list\"><li><div class=\"uavc-list-content\" id=\"list-icon-wrap-3270\">\n<div class=\"uavc-list-icon  \" data-animation=\"\" data-animation-delay=\"03\" style=\"margin-right:25px;\"><div class=\"ult-just-icon-wrapper  \"><div class=\"align-icon\" style=\"text-align:center;\">\n<div class=\"aio-icon none \"  style=\"color:#52c0fa;font-size:40px;display:inline-block;\">\n\t<i class=\"Defaults-exclamation-triangle warning\"><\/i>\n<\/div><\/div><\/div>\n<\/div><span  data-ultimate-target='#list-icon-wrap-3270 .uavc-list-desc'  data-responsive-json-new='{\"font-size\":\"\",\"line-height\":\"\"}'  class=\"uavc-list-desc ult-responsive\" style=\"\">Alarmierungen sind nur effektiv, wenn sie auch wahrgenommen werden. Deshalb sind SMS und Alarme starke Partner. Die aufmerksamkeitsstarke Kurznachricht f\u00e4llt auf und durch den Versand \u00fcber einen SMS-Gateway-Provider l\u00e4sst sich die Nachricht in verschiedene Abl\u00e4ufe einbinden.<\/span><\/div><\/li><\/ul><\/div><\/div><\/div><\/div><div class=\"vc_col-sm-6 wpb_column vc_column_container\"><div class=\"vc_column-inner\"><div class=\"wpb_wrapper\"><div class=\"w-image align_center\"><div class=\"w-image-h\"><img decoding=\"async\" width=\"400\" height=\"267\" src=\"https:\/\/www.seven.io\/wp-content\/uploads\/integrationen_nagios_mood-400x267.png\" class=\"attachment-us_400_0 size-us_400_0\" alt=\"Lassen Sie Nagios SMS versenden udn behalten Sie den \u00dcberblick\" loading=\"lazy\" srcset=\"https:\/\/www.seven.io\/wp-content\/uploads\/integrationen_nagios_mood-400x267.png 400w, https:\/\/www.seven.io\/wp-content\/uploads\/integrationen_nagios_mood-300x200.png 300w, https:\/\/www.seven.io\/wp-content\/uploads\/integrationen_nagios_mood-1024x682.png 1024w, https:\/\/www.seven.io\/wp-content\/uploads\/integrationen_nagios_mood-250x167.png 250w, https:\/\/www.seven.io\/wp-content\/uploads\/integrationen_nagios_mood-600x400.png 600w, https:\/\/www.seven.io\/wp-content\/uploads\/integrationen_nagios_mood-768x512.png 768w, https:\/\/www.seven.io\/wp-content\/uploads\/integrationen_nagios_mood-200x133.png 200w, https:\/\/www.seven.io\/wp-content\/uploads\/integrationen_nagios_mood.png 1280w\" sizes=\"auto, (max-width: 400px) 100vw, 400px\" \/><\/div><\/div><\/div><\/div><\/div><\/div><\/div><\/section><section class=\"l-section wpb_row height_small\"><div class=\"l-section-h i-cf\"><div class=\"g-cols vc_row via_flex valign_top type_default stacking_default\"><div class=\"vc_col-sm-12 wpb_column vc_column_container\"><div class=\"vc_column-inner\"><div class=\"wpb_wrapper\"><div class=\"w-actionbox us_custom_e47d7875 color_light controls_right\"><div class=\"w-actionbox-text\"><div class=\"w-actionbox-description\"><p>Sie brauchen Hilfe bei der Installation oder der Einrichtung der Funktionen?<br \/>\nAuf unserer GitHub-Seite finden Sie weitere Informationen.<\/p>\n<\/div><\/div><div class=\"w-actionbox-controls\"><a class=\"w-btn us-btn-style_5\" target=\"_blank\" href=\"https:\/\/github.com\/seven-io\/nagios\" rel=\"noopener\"><span class=\"w-btn-label\">Zu GitHub<\/span><\/a><\/div><\/div><\/div><\/div><\/div><\/div><\/div><\/section><!-- Row Backgrounds --><div class=\"upb_color\" data-bg-override=\"0\" data-bg-color=\"#ffffff\" data-fadeout=\"\" data-fadeout-percentage=\"30\" data-parallax-content=\"\" data-parallax-content-sense=\"30\" data-row-effect-mobile-disable=\"true\" data-img-parallax-mobile-disable=\"true\" data-rtl=\"false\"  data-custom-vc-row=\"\"  data-vc=\"8.7.2\"  data-is_old_vc=\"\"  data-theme-support=\"disable\"   data-overlay=\"false\" data-overlay-color=\"\" data-overlay-pattern=\"\" data-overlay-pattern-opacity=\"\" data-overlay-pattern-size=\"\"    ><\/div>\n","protected":false},"excerpt":{"rendered":"Nagios ist eine freie Monitoring-Software f\u00fcr IT-Infrastrukturen. Die Software erschien erstmalig im Jahr 1999. Sie gilt als eine der meistgenutzen Open-Source-Monitorig-Softwares weltweit. Die Beliebtheit des Tools liegt sicherlich nicht zuletzt an der M\u00f6glichkeit, die Funktionen mit zahlreichen Plugins zu erweitern. Die gro\u00dfe Community ist ein weiterer Pluspunkt \u2013 egal welche Frage Sie haben, es ist...","protected":false},"author":1,"featured_media":23800,"parent":17075,"menu_order":0,"comment_status":"closed","ping_status":"closed","template":"","meta":{"content-type":"","footnotes":""},"class_list":["post-23758","page","type-page","status-publish","has-post-thumbnail","hentry"],"_links":{"self":[{"href":"https:\/\/www.seven.io\/de\/wp-json\/wp\/v2\/pages\/23758","targetHints":{"allow":["GET"]}}],"collection":[{"href":"https:\/\/www.seven.io\/de\/wp-json\/wp\/v2\/pages"}],"about":[{"href":"https:\/\/www.seven.io\/de\/wp-json\/wp\/v2\/types\/page"}],"author":[{"embeddable":true,"href":"https:\/\/www.seven.io\/de\/wp-json\/wp\/v2\/users\/1"}],"replies":[{"embeddable":true,"href":"https:\/\/www.seven.io\/de\/wp-json\/wp\/v2\/comments?post=23758"}],"version-history":[{"count":27,"href":"https:\/\/www.seven.io\/de\/wp-json\/wp\/v2\/pages\/23758\/revisions"}],"predecessor-version":[{"id":92397,"href":"https:\/\/www.seven.io\/de\/wp-json\/wp\/v2\/pages\/23758\/revisions\/92397"}],"up":[{"embeddable":true,"href":"https:\/\/www.seven.io\/de\/wp-json\/wp\/v2\/pages\/17075"}],"wp:featuredmedia":[{"embeddable":true,"href":"https:\/\/www.seven.io\/de\/wp-json\/wp\/v2\/media\/23800"}],"wp:attachment":[{"href":"https:\/\/www.seven.io\/de\/wp-json\/wp\/v2\/media?parent=23758"}],"curies":[{"name":"wp","href":"https:\/\/api.w.org\/{rel}","templated":true}]}}