{"id":23760,"date":"2021-01-25T15:31:56","date_gmt":"2021-01-25T14:31:56","guid":{"rendered":"https:\/\/www.sms77.io\/?page_id=23760"},"modified":"2024-03-28T10:59:31","modified_gmt":"2024-03-28T09:59:31","slug":"zabbix","status":"publish","type":"page","link":"https:\/\/www.seven.io\/de\/loesungen\/integrationen\/zabbix\/","title":{"rendered":"Zabbix"},"content":{"rendered":"<section class=\"l-section wpb_row height_small\"><div class=\"l-section-h i-cf\"><div class=\"g-cols vc_row via_flex valign_top type_default stacking_default\"><div class=\"vc_col-sm-6 wpb_column vc_column_container\"><div class=\"vc_column-inner\"><div class=\"wpb_wrapper\"><div class=\"wpb_text_column\"><div class=\"wpb_wrapper\"><p><strong>Zabbix ist ein Netzwerk-Monitoringsystem. Die Software ist Open Source und wurde erstmals im Jahr 2001 ver\u00f6ffentlicht. Die haupts\u00e4chliche Funktion ist die \u00dcberwachung von virtuellen Infrastrukturen. Dabei gilt das System als Allrounder: Es \u00fcberwacht nicht nur Apps, sondern auch Hard- und Software, Betriebssysteme und andere Komponenten der Netzwerkinfrastruktur. Zus\u00e4tzliche Funktionen vereinfachen die Arbeit mit komplexen Systemen noch weiter. Gelobt wird, neben den umfassenden Funktionen, vor allem die Skalierbarkeit und Flaxibilit\u00e4t der Software.<\/strong><\/p>\n<\/div><\/div><div class=\"w-btn-wrapper align_none\"><a class=\"w-btn us-btn-style_1 no-border\" target=\"_blank\" rel=\"nofollow noopener\" href=\"https:\/\/github.com\/seven-io\/zabbix\"><span class=\"w-btn-label\">Zu unserem Zabbix-Plugin<\/span><\/a><\/div><\/div><\/div><\/div><div class=\"vc_col-sm-6 wpb_column vc_column_container\"><div class=\"vc_column-inner\"><div class=\"wpb_wrapper\"><div class=\"w-video align_none ratio_16x9 has_iframe\"><div class=\"w-video-h\"><iframe title=\"Vimeo video player\" src=\"https:\/\/player.vimeo.com\/video\/489749161?autoplay=0&loop=0&autopause=0&color=00adef&portrait=0&byline=1&title=1&controls=0&muted=0\" frameborder=\"0\" allow=\"autoplay; fullscreen\" allowfullscreen loading=\"lazy\"><\/iframe><\/div><\/div><\/div><\/div><\/div><\/div><\/div><\/section><section class=\"l-section wpb_row height_small color_alternate\"><div class=\"l-section-h i-cf\"><div class=\"g-cols vc_row via_flex valign_top type_default stacking_default\"><div class=\"vc_col-sm-6 wpb_column vc_column_container\"><div class=\"vc_column-inner\"><div class=\"wpb_wrapper\"><div class=\"w-image no-border align_center\"><a ref=\"magnificPopup\" href=\"https:\/\/www.seven.io\/wp-content\/uploads\/integrationen_zabbix_screen.png\" aria-label=\"integrationen_zabbix_screen\" class=\"w-image-h\"><img decoding=\"async\" width=\"400\" height=\"320\" src=\"https:\/\/www.seven.io\/wp-content\/uploads\/integrationen_zabbix_screen-400x320.png\" class=\"attachment-us_400_0 size-us_400_0\" alt=\"Zabbix kann Alarme via SMS versenden\" loading=\"lazy\" srcset=\"https:\/\/www.seven.io\/wp-content\/uploads\/integrationen_zabbix_screen-400x320.png 400w, https:\/\/www.seven.io\/wp-content\/uploads\/integrationen_zabbix_screen-300x240.png 300w, https:\/\/www.seven.io\/wp-content\/uploads\/integrationen_zabbix_screen-1024x819.png 1024w, https:\/\/www.seven.io\/wp-content\/uploads\/integrationen_zabbix_screen-250x200.png 250w, https:\/\/www.seven.io\/wp-content\/uploads\/integrationen_zabbix_screen-600x480.png 600w, https:\/\/www.seven.io\/wp-content\/uploads\/integrationen_zabbix_screen-768x614.png 768w, https:\/\/www.seven.io\/wp-content\/uploads\/integrationen_zabbix_screen-500x400.png 500w, https:\/\/www.seven.io\/wp-content\/uploads\/integrationen_zabbix_screen-200x160.png 200w, https:\/\/www.seven.io\/wp-content\/uploads\/integrationen_zabbix_screen.png 1280w\" sizes=\"auto, (max-width: 400px) 100vw, 400px\" \/><\/a><\/div><\/div><\/div><\/div><div class=\"vc_col-sm-6 wpb_column vc_column_container\"><div class=\"vc_column-inner\"><div class=\"wpb_wrapper\"><div class=\"wpb_text_column\"><div class=\"wpb_wrapper\"><h3>Das seven-Plugin f\u00fcr Zabbix<\/h3>\n<p>Wo komplexe Systeme am Werk sind, passieren Fehler. Lassen Sie Zabbix SMS via seven versenden und bleiben Sie so immer auf dem neusten Stand. Die Alarmierungen, die Sie sich zusenden lassen k\u00f6nnen, werden Ihnen dabei helfen, den Fehler schnell zu erkennen und zu beheben. Durch die unmittelbare Zustellung via SMS verlieren Sie noch weniger Zeit, denn eine zugestellte SMS erregt mehr Aufmerksamkeit als beispielsweise eine Email. Durch die Anbindung an seven k\u00f6nnen Sie au\u00dferdem genau einsehen, wie viele SMS versendet wurden und behalten so immer den \u00dcberblick. <a href=\"https:\/\/app.seven.io\/signup\" data-schema-attribute=\"\" rel=\"noopener\">Melden Sie sich an<\/a> und probieren Sie es aus!<\/p>\n<\/div><\/div><\/div><\/div><\/div><\/div><\/div><\/section><!-- Row Backgrounds --><div class=\"upb_color\" data-bg-override=\"0\" data-bg-color=\"#f4f4f4\" data-fadeout=\"\" data-fadeout-percentage=\"30\" data-parallax-content=\"\" data-parallax-content-sense=\"30\" data-row-effect-mobile-disable=\"true\" data-img-parallax-mobile-disable=\"true\" data-rtl=\"false\"  data-custom-vc-row=\"\"  data-vc=\"8.7.2\"  data-is_old_vc=\"\"  data-theme-support=\"disable\"   data-overlay=\"false\" data-overlay-color=\"\" data-overlay-pattern=\"\" data-overlay-pattern-opacity=\"\" data-overlay-pattern-size=\"\"    ><\/div><section class=\"l-section wpb_row height_small\"><div class=\"l-section-h i-cf\"><div class=\"g-cols vc_row via_flex valign_top type_default stacking_default\"><div class=\"vc_col-sm-6 wpb_column vc_column_container\"><div class=\"vc_column-inner\"><div class=\"wpb_wrapper\"><div class=\"wpb_text_column\"><div class=\"wpb_wrapper\"><h3>Alarmierungen<\/h3>\n<\/div><\/div><div class=\"uavc-list-icon uavc-list-icon-wrapper ult-adjust-bottom-margin   \"><ul class=\"uavc-list\"><li><div class=\"uavc-list-content\" id=\"list-icon-wrap-8740\">\n<div class=\"uavc-list-icon  \" data-animation=\"\" data-animation-delay=\"03\" style=\"margin-right:25px;\"><div class=\"ult-just-icon-wrapper  \"><div class=\"align-icon\" style=\"text-align:center;\">\n<div class=\"aio-icon none \"  style=\"color:#52c0fa;font-size:40px;display:inline-block;\">\n\t<i class=\"Defaults-exclamation-circle\"><\/i>\n<\/div><\/div><\/div>\n<\/div><span  data-ultimate-target='#list-icon-wrap-8740 .uavc-list-desc'  data-responsive-json-new='{\"font-size\":\"\",\"line-height\":\"\"}'  class=\"uavc-list-desc ult-responsive\" style=\"\">Nichts mehr verpassen! Sie k\u00f6nnen sich alle Alarme, die Sie in Ihrer Software einstellen, bequem via SMS zusenden lassen. So verpassen Sie keine Fehlermeldung mehr und k\u00f6nnen auf alle unvorhergesehenen Situationen schnell reagieren.<\/span><\/div><\/li><\/ul><\/div><\/div><\/div><\/div><div class=\"vc_col-sm-6 wpb_column vc_column_container\"><div class=\"vc_column-inner\"><div class=\"wpb_wrapper\"><div class=\"w-image align_center\"><div class=\"w-image-h\"><img decoding=\"async\" width=\"400\" height=\"267\" src=\"https:\/\/www.seven.io\/wp-content\/uploads\/integrationen_zabbix_alarm_mock-400x267.png\" class=\"attachment-us_400_0 size-us_400_0\" alt=\"Alarme aus Zabbix lassen sich auch per SMS empfangen\" loading=\"lazy\" srcset=\"https:\/\/www.seven.io\/wp-content\/uploads\/integrationen_zabbix_alarm_mock-400x267.png 400w, https:\/\/www.seven.io\/wp-content\/uploads\/integrationen_zabbix_alarm_mock-300x200.png 300w, https:\/\/www.seven.io\/wp-content\/uploads\/integrationen_zabbix_alarm_mock-1024x682.png 1024w, https:\/\/www.seven.io\/wp-content\/uploads\/integrationen_zabbix_alarm_mock-250x167.png 250w, https:\/\/www.seven.io\/wp-content\/uploads\/integrationen_zabbix_alarm_mock-600x400.png 600w, https:\/\/www.seven.io\/wp-content\/uploads\/integrationen_zabbix_alarm_mock-768x512.png 768w, https:\/\/www.seven.io\/wp-content\/uploads\/integrationen_zabbix_alarm_mock-200x133.png 200w, https:\/\/www.seven.io\/wp-content\/uploads\/integrationen_zabbix_alarm_mock.png 1280w\" sizes=\"auto, (max-width: 400px) 100vw, 400px\" \/><\/div><\/div><\/div><\/div><\/div><\/div><\/div><\/section><section class=\"l-section wpb_row height_small\"><div class=\"l-section-h i-cf\"><div class=\"g-cols vc_row via_flex valign_top type_default stacking_default\"><div class=\"vc_col-sm-12 wpb_column vc_column_container\"><div class=\"vc_column-inner\"><div class=\"wpb_wrapper\"><div class=\"w-actionbox us_custom_e47d7875 color_light controls_right\"><div class=\"w-actionbox-text\"><div class=\"w-actionbox-description\"><p>Sie brauchen Hilfe bei der Installation oder der Einrichtung der Funktionen?<br \/>\nAuf unserer GitHub-Seite finden Sie weitere Informationen.<\/p>\n<\/div><\/div><div class=\"w-actionbox-controls\"><a class=\"w-btn us-btn-style_5\" target=\"_blank\" href=\"https:\/\/github.com\/seven-io\/zabbix\" rel=\"noopener\"><span class=\"w-btn-label\">Zu GitHub<\/span><\/a><\/div><\/div><\/div><\/div><\/div><\/div><\/div><\/section><!-- Row Backgrounds --><div class=\"upb_color\" data-bg-override=\"0\" data-bg-color=\"#ffffff\" data-fadeout=\"\" data-fadeout-percentage=\"30\" data-parallax-content=\"\" data-parallax-content-sense=\"30\" data-row-effect-mobile-disable=\"true\" data-img-parallax-mobile-disable=\"true\" data-rtl=\"false\"  data-custom-vc-row=\"\"  data-vc=\"8.7.2\"  data-is_old_vc=\"\"  data-theme-support=\"disable\"   data-overlay=\"false\" data-overlay-color=\"\" data-overlay-pattern=\"\" data-overlay-pattern-opacity=\"\" data-overlay-pattern-size=\"\"    ><\/div>\n","protected":false},"excerpt":{"rendered":"Zabbix ist ein Netzwerk-Monitoringsystem. Die Software ist Open Source und wurde erstmals im Jahr 2001 ver\u00f6ffentlicht. Die haupts\u00e4chliche Funktion ist die \u00dcberwachung von virtuellen Infrastrukturen. Dabei gilt das System als Allrounder: Es \u00fcberwacht nicht nur Apps, sondern auch Hard- und Software, Betriebssysteme und andere Komponenten der Netzwerkinfrastruktur. Zus\u00e4tzliche Funktionen vereinfachen die Arbeit mit komplexen Systemen...","protected":false},"author":1,"featured_media":23798,"parent":17075,"menu_order":0,"comment_status":"closed","ping_status":"closed","template":"","meta":{"content-type":"","footnotes":""},"class_list":["post-23760","page","type-page","status-publish","has-post-thumbnail","hentry"],"_links":{"self":[{"href":"https:\/\/www.seven.io\/de\/wp-json\/wp\/v2\/pages\/23760","targetHints":{"allow":["GET"]}}],"collection":[{"href":"https:\/\/www.seven.io\/de\/wp-json\/wp\/v2\/pages"}],"about":[{"href":"https:\/\/www.seven.io\/de\/wp-json\/wp\/v2\/types\/page"}],"author":[{"embeddable":true,"href":"https:\/\/www.seven.io\/de\/wp-json\/wp\/v2\/users\/1"}],"replies":[{"embeddable":true,"href":"https:\/\/www.seven.io\/de\/wp-json\/wp\/v2\/comments?post=23760"}],"version-history":[{"count":30,"href":"https:\/\/www.seven.io\/de\/wp-json\/wp\/v2\/pages\/23760\/revisions"}],"predecessor-version":[{"id":92445,"href":"https:\/\/www.seven.io\/de\/wp-json\/wp\/v2\/pages\/23760\/revisions\/92445"}],"up":[{"embeddable":true,"href":"https:\/\/www.seven.io\/de\/wp-json\/wp\/v2\/pages\/17075"}],"wp:featuredmedia":[{"embeddable":true,"href":"https:\/\/www.seven.io\/de\/wp-json\/wp\/v2\/media\/23798"}],"wp:attachment":[{"href":"https:\/\/www.seven.io\/de\/wp-json\/wp\/v2\/media?parent=23760"}],"curies":[{"name":"wp","href":"https:\/\/api.w.org\/{rel}","templated":true}]}}