{"id":24147,"date":"2021-02-05T09:54:32","date_gmt":"2021-02-05T08:54:32","guid":{"rendered":"https:\/\/www.sms77.io\/?page_id=24147"},"modified":"2024-06-13T15:12:20","modified_gmt":"2024-06-13T13:12:20","slug":"nopcommerce","status":"publish","type":"page","link":"https:\/\/www.seven.io\/de\/loesungen\/integrationen\/nopcommerce\/","title":{"rendered":"nopCommerce"},"content":{"rendered":"<section class=\"l-section wpb_row height_small\"><div class=\"l-section-h i-cf\"><div class=\"g-cols vc_row via_flex valign_top type_default stacking_default\"><div class=\"vc_col-sm-6 wpb_column vc_column_container\"><div class=\"vc_column-inner\"><div class=\"wpb_wrapper\"><div class=\"wpb_text_column\"><div class=\"wpb_wrapper\"><p><strong>nopCommerce ist eine beliebte Open-Source-eCommerce-Plattform. Sie existiert seit dem Jahr 2008 und wurde mehrfach ausgezeichnet. Kunden sch\u00e4tzen an der eCommerce-L\u00f6sung, dass sie leicht skalierbar und erweiterbar ist. Sie wird vor allem von Klein- und Mittelstandsunternehmen (KMUs) genutzt. Dabei gl\u00e4nzt nopCommerce nicht zuletzt durch die umfangreichen Funktionen, die die eCommerce-Plattform mitbringt. Wenn Sie ein Problem oder eine Frage zu nopCommerce haben, k\u00f6nnen Sie, wie bei den meisten popul\u00e4ren Open-Source-L\u00f6sungen, \u00a0auf eine starke Community z\u00e4hlen. Wenn Sie einen verl\u00e4sslicheren Support brauchen, bietet das Unternehmen auch einen <a href=\"https:\/\/www.nopcommerce.com\/de\/nopcommerce-premium-support-services\" target=\"_blank\" rel=\"noopener\" data-schema-attribute=\"\">Premium Support Service<\/a> an, den Sie jeweils f\u00fcr drei Monate oder ein Jahr buchen k\u00f6nnen.<\/strong><\/p>\n<\/div><\/div><div class=\"w-btn-wrapper align_none\"><a class=\"w-btn us-btn-style_1 no-border\" target=\"_blank\" rel=\"nofollow noopener\" href=\"https:\/\/github.com\/seven-io\/nopCommerce\"><span class=\"w-btn-label\">Zu unserem nopCommerce-Plugin<\/span><\/a><\/div><\/div><\/div><\/div><div class=\"vc_col-sm-6 wpb_column vc_column_container\"><div class=\"vc_column-inner\"><div class=\"wpb_wrapper\"><div class=\"w-video align_none ratio_16x9 has_iframe\"><div class=\"w-video-h\"><iframe title=\"Youtube video player\" src=\"\/\/www.youtube.com\/embed\/h1uBUARXM6A?autoplay=0&controls=0&origin=https:\/\/www.seven.io\/de\/&loop=0&mute=0\" allowfullscreen=\"1\" loading=\"lazy\"><\/iframe><\/div><\/div><\/div><\/div><\/div><\/div><\/div><\/section><section class=\"l-section wpb_row height_small color_alternate\"><div class=\"l-section-h i-cf\"><div class=\"g-cols vc_row via_flex valign_middle type_default stacking_default\"><div class=\"vc_col-sm-6 wpb_column vc_column_container\"><div class=\"vc_column-inner\"><div class=\"wpb_wrapper\"><div class=\"w-image align_center\"><div class=\"w-image-h\"><img decoding=\"async\" width=\"400\" height=\"501\" src=\"https:\/\/www.seven.io\/wp-content\/uploads\/integrationen_nopcommerce_mock-1-400x501.png\" class=\"attachment-us_400_0 size-us_400_0\" alt=\"Eine SMS, die den Kunden darauf hinweist, dass ihre Bestellung versandt wurde\" loading=\"lazy\" srcset=\"https:\/\/www.seven.io\/wp-content\/uploads\/integrationen_nopcommerce_mock-1-400x501.png 400w, https:\/\/www.seven.io\/wp-content\/uploads\/integrationen_nopcommerce_mock-1-240x300.png 240w, https:\/\/www.seven.io\/wp-content\/uploads\/integrationen_nopcommerce_mock-1-818x1024.png 818w, https:\/\/www.seven.io\/wp-content\/uploads\/integrationen_nopcommerce_mock-1-350x438.png 350w, https:\/\/www.seven.io\/wp-content\/uploads\/integrationen_nopcommerce_mock-1-250x313.png 250w, https:\/\/www.seven.io\/wp-content\/uploads\/integrationen_nopcommerce_mock-1-600x751.png 600w, https:\/\/www.seven.io\/wp-content\/uploads\/integrationen_nopcommerce_mock-1-768x961.png 768w, https:\/\/www.seven.io\/wp-content\/uploads\/integrationen_nopcommerce_mock-1-300x375.png 300w, https:\/\/www.seven.io\/wp-content\/uploads\/integrationen_nopcommerce_mock-1-320x400.png 320w, https:\/\/www.seven.io\/wp-content\/uploads\/integrationen_nopcommerce_mock-1-200x250.png 200w, https:\/\/www.seven.io\/wp-content\/uploads\/integrationen_nopcommerce_mock-1-500x626.png 500w, https:\/\/www.seven.io\/wp-content\/uploads\/integrationen_nopcommerce_mock-1.png 959w\" sizes=\"auto, (max-width: 400px) 100vw, 400px\" \/><\/div><\/div><\/div><\/div><\/div><div class=\"vc_col-sm-6 wpb_column vc_column_container\"><div class=\"vc_column-inner\"><div class=\"wpb_wrapper\"><div class=\"wpb_text_column\"><div class=\"wpb_wrapper\"><h3>Das seven-Plugin f\u00fcr nopCommerce<\/h3>\n<p>Wenn Sie das seven-Plugin in nopCommerce integrieren, k\u00f6nnen Sie sowohl Massen-SMS als auch Massen-Voice-Nachrichten versenden. Daher eignet sich der SMS-Versand vor allem f\u00fcr aufmerksamkeitsstarke Marketingkampagnen und wichtige Nachrichten, mit denen Sie sehr viele Kunden auf einmal erreichen m\u00f6chten.<\/p>\n<p>F\u00fcr den Versand m\u00fcssen Sie die Bedienoberfl\u00e4che nicht verlassen \u2013 Sie senden einfach und bequem direkt aus der eCommerce-L\u00f6sung heraus. So sparen Sie Zeit und k\u00f6nnen sich ganz auf Ihre Kunden konzentrieren. Die <a href=\"\/de\/produkte\/voice\/\">Voice-Nachrichten<\/a> erm\u00f6glichen es Ihnen, einen Service zu bieten, den insbesondere Kunde zu sch\u00e4tzen wissen, die nicht gut sehen oder lesen k\u00f6nnen. Probieren Sie es aus und \u00fcberzeugen Sie sich selbst!<\/p>\n<\/div><\/div><\/div><\/div><\/div><\/div><\/div><\/section><!-- Row Backgrounds --><div class=\"upb_color\" data-bg-override=\"0\" data-bg-color=\"#f4f4f4\" data-fadeout=\"\" data-fadeout-percentage=\"30\" data-parallax-content=\"\" data-parallax-content-sense=\"30\" data-row-effect-mobile-disable=\"true\" data-img-parallax-mobile-disable=\"true\" data-rtl=\"false\"  data-custom-vc-row=\"\"  data-vc=\"8.7.2\"  data-is_old_vc=\"\"  data-theme-support=\"disable\"   data-overlay=\"false\" data-overlay-color=\"\" data-overlay-pattern=\"\" data-overlay-pattern-opacity=\"\" data-overlay-pattern-size=\"\"    ><\/div><section class=\"l-section wpb_row height_small\"><div class=\"l-section-h i-cf\"><div class=\"g-cols vc_row via_flex valign_middle type_default stacking_default\"><div class=\"vc_col-sm-6 wpb_column vc_column_container\"><div class=\"vc_column-inner\"><div class=\"wpb_wrapper\"><div class=\"wpb_text_column\"><div class=\"wpb_wrapper\"><h3>Massen-SMS<\/h3>\n<\/div><\/div><div class=\"uavc-list-icon uavc-list-icon-wrapper ult-adjust-bottom-margin   \"><ul class=\"uavc-list\"><li><div class=\"uavc-list-content\" id=\"list-icon-wrap-2694\">\n<div class=\"uavc-list-icon  \" data-animation=\"\" data-animation-delay=\"03\" style=\"margin-right:25px;\"><div class=\"ult-just-icon-wrapper  \"><div class=\"align-icon\" style=\"text-align:center;\">\n<div class=\"aio-icon none \"  style=\"color:#52c0fa;font-size:40px;display:inline-block;\">\n\t<i class=\"Defaults-envelope-o\"><\/i>\n<\/div><\/div><\/div>\n<\/div><span  data-ultimate-target='#list-icon-wrap-2694 .uavc-list-desc'  data-responsive-json-new='{\"font-size\":\"\",\"line-height\":\"\"}'  class=\"uavc-list-desc ult-responsive\" style=\"\">Pers\u00f6nlich, effektiv, unkompliziert \u2013 mit Massen-SMS erreichen Sie alle Ihre Kunden auf einmal. Da SMS als relevant und pers\u00f6nlich wahrgenommen werden, eignen sie sich ausgezeichnet f\u00fcr exklusive Angebote, Einladungen oder andere wichtige Nachrichten.<\/span><\/div><\/li><\/ul><\/div><div class=\"wpb_text_column\"><div class=\"wpb_wrapper\"><h3>Massen-Voice-Nachrichten<\/h3>\n<\/div><\/div><div class=\"uavc-list-icon uavc-list-icon-wrapper ult-adjust-bottom-margin   \"><ul class=\"uavc-list\"><li><div class=\"uavc-list-content\" id=\"list-icon-wrap-7838\">\n<div class=\"uavc-list-icon  \" data-animation=\"\" data-animation-delay=\"03\" style=\"margin-right:25px;\"><div class=\"ult-just-icon-wrapper  \"><div class=\"align-icon\" style=\"text-align:center;\">\n<div class=\"aio-icon none \"  style=\"color:#52c0fa;font-size:40px;display:inline-block;\">\n\t<i class=\"Defaults-volume-up\"><\/i>\n<\/div><\/div><\/div>\n<\/div><span  data-ultimate-target='#list-icon-wrap-7838 .uavc-list-desc'  data-responsive-json-new='{\"font-size\":\"\",\"line-height\":\"\"}'  class=\"uavc-list-desc ult-responsive\" style=\"\">Mit unserer Voice-Funktion k\u00f6nnen Sie SMS an Mobilfunk- und Festnetznummern versenden, die Ihren Empf\u00e4ngern am Telefon vorgelesen werden. Auf diese Art und Weise k\u00f6nnen Sie nicht nur wichtige Nachrichten zusenden, Sie erreichen auch Personen, die visuell beeintr\u00e4chtigt sind.<\/span><\/div><\/li><\/ul><\/div><\/div><\/div><\/div><div class=\"vc_col-sm-6 wpb_column vc_column_container\"><div class=\"vc_column-inner\"><div class=\"wpb_wrapper\"><div class=\"w-image no-border align_center\"><a ref=\"magnificPopup\" href=\"https:\/\/www.seven.io\/wp-content\/uploads\/integrationen_nopCommerce_screen_bulksms.png\" aria-label=\"integrationen_nopCommerce_screen_bulksms\" class=\"w-image-h\"><img decoding=\"async\" width=\"1280\" height=\"549\" src=\"https:\/\/www.seven.io\/wp-content\/uploads\/integrationen_nopCommerce_screen_bulksms.png\" class=\"attachment-full size-full\" alt=\"Versenden Sie Massen-SMS aus nopCommerce\" loading=\"lazy\" srcset=\"https:\/\/www.seven.io\/wp-content\/uploads\/integrationen_nopCommerce_screen_bulksms.png 1280w, https:\/\/www.seven.io\/wp-content\/uploads\/integrationen_nopCommerce_screen_bulksms-300x129.png 300w, https:\/\/www.seven.io\/wp-content\/uploads\/integrationen_nopCommerce_screen_bulksms-1024x439.png 1024w, https:\/\/www.seven.io\/wp-content\/uploads\/integrationen_nopCommerce_screen_bulksms-250x107.png 250w, https:\/\/www.seven.io\/wp-content\/uploads\/integrationen_nopCommerce_screen_bulksms-600x257.png 600w, https:\/\/www.seven.io\/wp-content\/uploads\/integrationen_nopCommerce_screen_bulksms-768x329.png 768w, https:\/\/www.seven.io\/wp-content\/uploads\/integrationen_nopCommerce_screen_bulksms-400x172.png 400w, https:\/\/www.seven.io\/wp-content\/uploads\/integrationen_nopCommerce_screen_bulksms-200x86.png 200w\" sizes=\"auto, (max-width: 1280px) 100vw, 1280px\" \/><\/a><\/div><div class=\"w-separator size_custom\" style=\"height:10px\"><\/div><div class=\"wpb_text_column\"><div class=\"wpb_wrapper\"><p style=\"text-align: center;\"><em>Versenden Sie individuelle Massen-SMS direkt aus nopCommerce heraus<\/em><\/p>\n<\/div><\/div><\/div><\/div><\/div><\/div><\/div><\/section><section class=\"l-section wpb_row height_small\"><div class=\"l-section-h i-cf\"><div class=\"g-cols vc_row via_flex valign_top type_default stacking_default\"><div class=\"vc_col-sm-6 wpb_column vc_column_container\"><div class=\"vc_column-inner\"><div class=\"wpb_wrapper\"><div class=\"wpb_text_column\"><div class=\"wpb_wrapper\"><h3>Platzhalter<\/h3>\n<\/div><\/div><div class=\"uavc-list-icon uavc-list-icon-wrapper ult-adjust-bottom-margin   \"><ul class=\"uavc-list\"><li><div class=\"uavc-list-content\" id=\"list-icon-wrap-1572\">\n<div class=\"uavc-list-icon  \" data-animation=\"\" data-animation-delay=\"03\" style=\"margin-right:25px;\"><div class=\"ult-just-icon-wrapper  \"><div class=\"align-icon\" style=\"text-align:center;\">\n<div class=\"aio-icon none \"  style=\"color:#52c0fa;font-size:40px;display:inline-block;\">\n\t<i class=\"Defaults-smile-o\"><\/i>\n<\/div><\/div><\/div>\n<\/div><span  data-ultimate-target='#list-icon-wrap-1572 .uavc-list-desc'  data-responsive-json-new='{\"font-size\":\"\",\"line-height\":\"\"}'  class=\"uavc-list-desc ult-responsive\" style=\"\">Pers\u00f6nliche Ansprache ist heute wichtiger denn je!<br \/>\nPersonalisieren Sie Ihre Nachrichten, indem Sie automatisch Vor-, oder Nachname oder die Bestell-ID einf\u00fcgen lassen.<span class=\"Apple-converted-space\">\u00a0<\/span><\/span><\/div><\/li><\/ul><\/div><\/div><\/div><\/div><div class=\"vc_col-sm-6 wpb_column vc_column_container\"><div class=\"vc_column-inner\"><div class=\"wpb_wrapper\"><div class=\"wpb_text_column\"><div class=\"wpb_wrapper\"><h3>Absendername<\/h3>\n<\/div><\/div><div class=\"uavc-list-icon uavc-list-icon-wrapper ult-adjust-bottom-margin   \"><ul class=\"uavc-list\"><li><div class=\"uavc-list-content\" id=\"list-icon-wrap-2271\">\n<div class=\"uavc-list-icon  \" data-animation=\"\" data-animation-delay=\"03\" style=\"margin-right:25px;\"><div class=\"ult-just-icon-wrapper  \"><div class=\"align-icon\" style=\"text-align:center;\">\n<div class=\"aio-icon none \"  style=\"color:#52c0fa;font-size:40px;display:inline-block;\">\n\t<i class=\"Defaults-user\"><\/i>\n<\/div><\/div><\/div>\n<\/div><span  data-ultimate-target='#list-icon-wrap-2271 .uavc-list-desc'  data-responsive-json-new='{\"font-size\":\"\",\"line-height\":\"\"}'  class=\"uavc-list-desc ult-responsive\" style=\"\">Legen Sie einen Absendernamen fest, der beim Versand der SMS mitgeschickt wird. So wissen Ihre Empf\u00e4nger genau, wer ihnen schreibt, ohne, dass sie Ihre Nummer gespeichert haben m\u00fcssen.<\/span><\/div><\/li><\/ul><\/div><\/div><\/div><\/div><\/div><\/div><\/section><!-- Row Backgrounds --><div class=\"upb_color\" data-bg-override=\"0\" data-bg-color=\"#ffffff\" data-fadeout=\"\" data-fadeout-percentage=\"30\" data-parallax-content=\"\" data-parallax-content-sense=\"30\" data-row-effect-mobile-disable=\"true\" data-img-parallax-mobile-disable=\"true\" data-rtl=\"false\"  data-custom-vc-row=\"\"  data-vc=\"8.7.2\"  data-is_old_vc=\"\"  data-theme-support=\"disable\"   data-overlay=\"false\" data-overlay-color=\"\" data-overlay-pattern=\"\" data-overlay-pattern-opacity=\"\" data-overlay-pattern-size=\"\"    ><\/div><section class=\"l-section wpb_row height_small\"><div class=\"l-section-h i-cf\"><div class=\"g-cols vc_row via_flex valign_top type_default stacking_default\"><div class=\"vc_col-sm-12 wpb_column vc_column_container\"><div class=\"vc_column-inner\"><div class=\"wpb_wrapper\"><div class=\"w-actionbox us_custom_e47d7875 color_light controls_right\"><div class=\"w-actionbox-text\"><div class=\"w-actionbox-description\"><p>Sie brauchen Hilfe bei der Installation oder der Einrichtung der Funktionen?<br \/>\nAuf unserer GitHub-Seite finden Sie weitere Informationen.<\/p>\n<\/div><\/div><div class=\"w-actionbox-controls\"><a class=\"w-btn us-btn-style_5\" target=\"_blank\" href=\"https:\/\/github.com\/seven-io\/nopCommerce\" rel=\"noopener\"><span class=\"w-btn-label\">Zu GitHub<\/span><\/a><\/div><\/div><\/div><\/div><\/div><\/div><\/div><\/section><!-- Row Backgrounds --><div class=\"upb_color\" data-bg-override=\"0\" data-bg-color=\"#ffffff\" data-fadeout=\"\" data-fadeout-percentage=\"30\" data-parallax-content=\"\" data-parallax-content-sense=\"30\" data-row-effect-mobile-disable=\"true\" data-img-parallax-mobile-disable=\"true\" data-rtl=\"false\"  data-custom-vc-row=\"\"  data-vc=\"8.7.2\"  data-is_old_vc=\"\"  data-theme-support=\"disable\"   data-overlay=\"false\" data-overlay-color=\"\" data-overlay-pattern=\"\" data-overlay-pattern-opacity=\"\" data-overlay-pattern-size=\"\"    ><\/div>\n","protected":false},"excerpt":{"rendered":"nopCommerce ist eine beliebte Open-Source-eCommerce-Plattform. Sie existiert seit dem Jahr 2008 und wurde mehrfach ausgezeichnet. Kunden sch\u00e4tzen an der eCommerce-L\u00f6sung, dass sie leicht skalierbar und erweiterbar ist. Sie wird vor allem von Klein- und Mittelstandsunternehmen (KMUs) genutzt. Dabei gl\u00e4nzt nopCommerce nicht zuletzt durch die umfangreichen Funktionen, die die eCommerce-Plattform mitbringt. Wenn Sie ein Problem oder...","protected":false},"author":1,"featured_media":24158,"parent":17075,"menu_order":0,"comment_status":"closed","ping_status":"closed","template":"","meta":{"content-type":"","footnotes":""},"class_list":["post-24147","page","type-page","status-publish","has-post-thumbnail","hentry"],"_links":{"self":[{"href":"https:\/\/www.seven.io\/de\/wp-json\/wp\/v2\/pages\/24147","targetHints":{"allow":["GET"]}}],"collection":[{"href":"https:\/\/www.seven.io\/de\/wp-json\/wp\/v2\/pages"}],"about":[{"href":"https:\/\/www.seven.io\/de\/wp-json\/wp\/v2\/types\/page"}],"author":[{"embeddable":true,"href":"https:\/\/www.seven.io\/de\/wp-json\/wp\/v2\/users\/1"}],"replies":[{"embeddable":true,"href":"https:\/\/www.seven.io\/de\/wp-json\/wp\/v2\/comments?post=24147"}],"version-history":[{"count":34,"href":"https:\/\/www.seven.io\/de\/wp-json\/wp\/v2\/pages\/24147\/revisions"}],"predecessor-version":[{"id":92848,"href":"https:\/\/www.seven.io\/de\/wp-json\/wp\/v2\/pages\/24147\/revisions\/92848"}],"up":[{"embeddable":true,"href":"https:\/\/www.seven.io\/de\/wp-json\/wp\/v2\/pages\/17075"}],"wp:featuredmedia":[{"embeddable":true,"href":"https:\/\/www.seven.io\/de\/wp-json\/wp\/v2\/media\/24158"}],"wp:attachment":[{"href":"https:\/\/www.seven.io\/de\/wp-json\/wp\/v2\/media?parent=24147"}],"curies":[{"name":"wp","href":"https:\/\/api.w.org\/{rel}","templated":true}]}}