{"id":24285,"date":"2021-02-05T12:56:54","date_gmt":"2021-02-05T11:56:54","guid":{"rendered":"https:\/\/www.sms77.io\/?page_id=24285"},"modified":"2025-02-18T15:42:49","modified_gmt":"2025-02-18T14:42:49","slug":"impressum","status":"publish","type":"page","link":"https:\/\/www.seven.io\/de\/unternehmen\/impressum\/","title":{"rendered":"Impressum"},"content":{"rendered":"<section class=\"l-section wpb_row height_small\"><div class=\"l-section-h i-cf\"><div class=\"g-cols vc_row via_flex valign_top type_default stacking_default\"><div class=\"vc_col-sm-12 wpb_column vc_column_container kontakt_impressum\"><div class=\"vc_column-inner\"><div class=\"wpb_wrapper\"><div class=\"aio-icon-component    style_1\"><div id=\"Info-box-wrap-5029\" class=\"aio-icon-box left-icon\" style=\"\"  ><div class=\"aio-icon-left\"><div class=\"ult-just-icon-wrapper  \"><div class=\"align-icon\" style=\"text-align:center;\">\n<div class=\"aio-icon none \"  style=\"color:#333;font-size:25px;display:inline-block;\">\n\t<i class=\"Defaults-home\"><\/i>\n<\/div><\/div><\/div><\/div><div class=\"aio-ibd-block\"><div class=\"aio-icon-description ult-responsive\"  data-ultimate-target='#Info-box-wrap-5029 .aio-icon-description'  data-responsive-json-new='{\"font-size\":\"\",\"line-height\":\"\"}'  style=\"\">seven communications GmbH &amp; Co. KG<\/div> <!-- description --><\/div> <!-- aio-ibd-block --><\/div> <!-- aio-icon-box --><\/div> <!-- aio-icon-component --><div class=\"aio-icon-component    style_1\"><div id=\"Info-box-wrap-7803\" class=\"aio-icon-box left-icon\" style=\"\"  ><div class=\"aio-icon-left\"><div class=\"ult-just-icon-wrapper  \"><div class=\"align-icon\" style=\"text-align:center;\">\n<div class=\"aio-icon none \"  style=\"color:#333;font-size:25px;display:inline-block;\">\n\t<i class=\"Defaults-map-marker\"><\/i>\n<\/div><\/div><\/div><\/div><div class=\"aio-ibd-block\"><div class=\"aio-icon-description ult-responsive\"  data-ultimate-target='#Info-box-wrap-7803 .aio-icon-description'  data-responsive-json-new='{\"font-size\":\"\",\"line-height\":\"\"}'  style=\"\">Willestr. 4-6<br \/>\n24103 Kiel<\/div> <!-- description --><\/div> <!-- aio-ibd-block --><\/div> <!-- aio-icon-box --><\/div> <!-- aio-icon-component --><div class=\"aio-icon-component    style_1\"><div id=\"Info-box-wrap-9709\" class=\"aio-icon-box left-icon\" style=\"\"  ><div class=\"aio-icon-left\"><div class=\"ult-just-icon-wrapper  \"><div class=\"align-icon\" style=\"text-align:center;\">\n<div class=\"aio-icon none \"  style=\"color:#333;font-size:25px;display:inline-block;\">\n\t<i class=\"Defaults-phone\"><\/i>\n<\/div><\/div><\/div><\/div><div class=\"aio-ibd-block\"><div class=\"aio-icon-description ult-responsive\"  data-ultimate-target='#Info-box-wrap-9709 .aio-icon-description'  data-responsive-json-new='{\"font-size\":\"\",\"line-height\":\"\"}'  style=\"\">+49 431 3014927 \u2013 0<\/div> <!-- description --><\/div> <!-- aio-ibd-block --><\/div> <!-- aio-icon-box --><\/div> <!-- aio-icon-component --><div class=\"aio-icon-component    style_1\"><div id=\"Info-box-wrap-1087\" class=\"aio-icon-box left-icon\" style=\"\"  ><div class=\"aio-icon-left\"><div class=\"ult-just-icon-wrapper  \"><div class=\"align-icon\" style=\"text-align:center;\">\n<div class=\"aio-icon none \"  style=\"color:#333;font-size:25px;display:inline-block;\">\n\t<i class=\"Defaults-fax\"><\/i>\n<\/div><\/div><\/div><\/div><div class=\"aio-ibd-block\"><div class=\"aio-icon-description ult-responsive\"  data-ultimate-target='#Info-box-wrap-1087 .aio-icon-description'  data-responsive-json-new='{\"font-size\":\"\",\"line-height\":\"\"}'  style=\"\">+49 431 60049852<\/div> <!-- description --><\/div> <!-- aio-ibd-block --><\/div> <!-- aio-icon-box --><\/div> <!-- aio-icon-component --><div class=\"aio-icon-component    style_1\"><div id=\"Info-box-wrap-5854\" class=\"aio-icon-box left-icon\" style=\"\"  ><div class=\"aio-icon-left\"><div class=\"ult-just-icon-wrapper  \"><div class=\"align-icon\" style=\"text-align:center;\">\n<div class=\"aio-icon none \"  style=\"color:#333;font-size:25px;display:inline-block;\">\n\t<i class=\"Defaults-envelope\"><\/i>\n<\/div><\/div><\/div><\/div><div class=\"aio-ibd-block\"><div class=\"aio-icon-description ult-responsive\"  data-ultimate-target='#Info-box-wrap-5854 .aio-icon-description'  data-responsive-json-new='{\"font-size\":\"\",\"line-height\":\"\"}'  style=\"\"><a href=\"\/de\/unternehmen\/kontakt\/\">Kontakt<\/a><\/div> <!-- description --><\/div> <!-- aio-ibd-block --><\/div> <!-- aio-icon-box --><\/div> <!-- aio-icon-component --><div class=\"aio-icon-component    style_1\"><div id=\"Info-box-wrap-8901\" class=\"aio-icon-box left-icon\" style=\"\"  ><div class=\"aio-icon-left\"><div class=\"ult-just-icon-wrapper  \"><div class=\"align-icon\" style=\"text-align:center;\">\n<div class=\"aio-icon none \"  style=\"color:#333;font-size:25px;display:inline-block;\">\n\t<i class=\"Defaults-briefcase\"><\/i>\n<\/div><\/div><\/div><\/div><div class=\"aio-ibd-block\"><div class=\"aio-icon-description ult-responsive\"  data-ultimate-target='#Info-box-wrap-8901 .aio-icon-description'  data-responsive-json-new='{\"font-size\":\"\",\"line-height\":\"\"}'  style=\"\">Umsatzsteuer-ID: DE357173753<br \/>\nRegistergericht: Amtsgericht\u00a0Kiel<br \/>\nRegisternummer: HRA 11707 KI<\/div> <!-- description --><\/div> <!-- aio-ibd-block --><\/div> <!-- aio-icon-box --><\/div> <!-- aio-icon-component --><div class=\"aio-icon-component    style_1\"><div id=\"Info-box-wrap-8113\" class=\"aio-icon-box left-icon\" style=\"\"  ><div class=\"aio-icon-left\"><div class=\"ult-just-icon-wrapper  \"><div class=\"align-icon\" style=\"text-align:center;\">\n<div class=\"aio-icon none \"  style=\"color:#333;font-size:25px;display:inline-block;\">\n\t<i class=\"Defaults-inbox\"><\/i>\n<\/div><\/div><\/div><\/div><div class=\"aio-ibd-block\"><div class=\"aio-icon-description ult-responsive\"  data-ultimate-target='#Info-box-wrap-8113 .aio-icon-description'  data-responsive-json-new='{\"font-size\":\"\",\"line-height\":\"\"}'  style=\"\">Die seven communications GmbH &amp; Co. KG ist ein unter der Registernummer DREG 22\/137 lizenziertes Telekommunikationsunternehmen im Sinne des \u00a7 5 TKG. Sie unterliegt damit der Aufsicht der <a href=\"http:\/\/www.bundesnetzagentur.de\" target=\"_blank\" rel=\"noopener noreferrer\">Bundesnetzagentur<\/a> (ehemals RegTP), Tulpenfeld 4, 53113 Bonn<\/div> <!-- description --><\/div> <!-- aio-ibd-block --><\/div> <!-- aio-icon-box --><\/div> <!-- aio-icon-component --><div class=\"wpb_text_column\"><div class=\"wpb_wrapper\"><p><b>Pers\u00f6nlich haftende Gesellschafterin der seven communications GmbH &amp; Co. KG:<\/b><br \/>\nseven administration GmbH<br \/>\nGesch\u00e4ftsf\u00fchrer der seven administration GmbH: Christian Leo<\/p>\n<\/div><\/div><div class=\"wpb_text_column\"><div class=\"wpb_wrapper\"><p><strong>Datenschutz- und Beh\u00f6rdenanfragen<\/strong><br \/>\nprivacy@seven.io<br \/>\nKey-ID: 0727EBF8<br \/>\nKey-Fingerprint: 606D\u00a054D0\u00a04BD4\u00a0447E\u00a0CBEA\u00a0\u00a0811E\u00a02B54\u00a053ED\u00a00727\u00a0EBF8<br \/>\nDownloadbar unter <a href=\"https:\/\/keys.openpgp.org\/search?q=privacy%40seven.io\" rel=\"noopener\">https:\/\/keys.openpgp.org\/search?q=privacy%40seven.io<\/a><\/p>\n<\/div><\/div><div class=\"wpb_text_column\"><div class=\"wpb_wrapper\"><p style=\"text-align: left;\"><strong>Bildrechte<\/strong><br \/>\nDie verwendeten Bilder dieser Website stammen u. a. von iStockphoto.com, fotolia.com, freeimages.com, pixabay.com und unsplash.com<\/p>\n<p style=\"text-align: left;\"><em>Dieses Angebot richtet sich an Gewerbetreibende, Freiberufler, Vereine, Parteien und Religionsgemeinschaften. Alle Preise verstehen sich netto zzgl. 19% Mehrwertsteuer. EU-Unternehmen mit g\u00fcltiger Ust.-ID. erhalten eine Rechnung ohne MwSt. auf Anfrage. Gleiches gilt f\u00fcr Unternehmen au\u00dferhalb der EU (Tax-Reversed).<\/em><\/p>\n<\/div><\/div><\/div><\/div><\/div><\/div><\/div><\/section>\n","protected":false},"excerpt":{"rendered":"seven communications GmbH &amp; Co. KG Willestr. 4-6 24103 Kiel +49 431 3014927 \u2013 0 +49 431 60049852 Kontakt Umsatzsteuer-ID: DE357173753 Registergericht: Amtsgericht\u00a0Kiel Registernummer: HRA 11707 KI Die seven communications GmbH &amp; Co. KG ist ein unter der Registernummer DREG 22\/137 lizenziertes Telekommunikationsunternehmen im Sinne des \u00a7 5 TKG. Sie unterliegt damit der Aufsicht der...","protected":false},"author":1,"featured_media":86675,"parent":16169,"menu_order":0,"comment_status":"closed","ping_status":"closed","template":"","meta":{"content-type":"","footnotes":""},"class_list":["post-24285","page","type-page","status-publish","has-post-thumbnail","hentry"],"_links":{"self":[{"href":"https:\/\/www.seven.io\/de\/wp-json\/wp\/v2\/pages\/24285","targetHints":{"allow":["GET"]}}],"collection":[{"href":"https:\/\/www.seven.io\/de\/wp-json\/wp\/v2\/pages"}],"about":[{"href":"https:\/\/www.seven.io\/de\/wp-json\/wp\/v2\/types\/page"}],"author":[{"embeddable":true,"href":"https:\/\/www.seven.io\/de\/wp-json\/wp\/v2\/users\/1"}],"replies":[{"embeddable":true,"href":"https:\/\/www.seven.io\/de\/wp-json\/wp\/v2\/comments?post=24285"}],"version-history":[{"count":26,"href":"https:\/\/www.seven.io\/de\/wp-json\/wp\/v2\/pages\/24285\/revisions"}],"predecessor-version":[{"id":93204,"href":"https:\/\/www.seven.io\/de\/wp-json\/wp\/v2\/pages\/24285\/revisions\/93204"}],"up":[{"embeddable":true,"href":"https:\/\/www.seven.io\/de\/wp-json\/wp\/v2\/pages\/16169"}],"wp:featuredmedia":[{"embeddable":true,"href":"https:\/\/www.seven.io\/de\/wp-json\/wp\/v2\/media\/86675"}],"wp:attachment":[{"href":"https:\/\/www.seven.io\/de\/wp-json\/wp\/v2\/media?parent=24285"}],"curies":[{"name":"wp","href":"https:\/\/api.w.org\/{rel}","templated":true}]}}