{"id":24401,"date":"2021-02-11T13:32:34","date_gmt":"2021-02-11T12:32:34","guid":{"rendered":"https:\/\/www.sms77.io\/?page_id=24401"},"modified":"2024-07-02T14:41:09","modified_gmt":"2024-07-02T12:41:09","slug":"workato","status":"publish","type":"page","link":"https:\/\/www.seven.io\/de\/loesungen\/integrationen\/workato\/","title":{"rendered":"Workato"},"content":{"rendered":"<section class=\"l-section wpb_row height_small\"><div class=\"l-section-h i-cf\"><div class=\"g-cols vc_row via_flex valign_middle type_default stacking_default\"><div class=\"vc_col-sm-6 wpb_column vc_column_container\"><div class=\"vc_column-inner\"><div class=\"wpb_wrapper\"><div class=\"wpb_text_column\"><div class=\"wpb_wrapper\"><p><strong>Workato ist eine integrationsbasierte Automatisierungsl\u00f6sung, die im Jahre 2013 gegr\u00fcndet wurde. Das iPaaS (Integration Platform as a Service) f\u00fcr Unternehmen verspricht seinen Nutzern, eine simple, aber kraftvolle M\u00f6glichkeit, verschiedene Integrationen gewinnbringend miteinander zu kombinieren. Nach dem No oder Low Code-Prinzip k\u00f6nnen Kunden die Automatisierungsm\u00f6glichkeiten f\u00fcr unz\u00e4hlige Anwendungsfelder nutzen. <\/strong><\/p>\n<p><strong>Obwohl Workato bereits jetzt mehr als 7000 Unternehmenskunden vorzuweisen hat, ist f\u00fcr das Wachstum der Firma noch kein Ende in Sicht. Anfang 2021 wurde bekanntgegeben, dass das Unternehmen auf einen <a href=\"https:\/\/www.onvista.de\/news\/workato-erhaelt-110-millionen-us-dollar-bei-einer-bewertung-von-1-7-milliarden-us-dollar-um-die-arbeitsweise-von-unternehmen-mithilfe-integrationsgesteuerter-automatisierungsloesungen-zu-veraendern-426557185\" target=\"_blank\" rel=\"noopener\" data-schema-attribute=\"\">Wert von 1.7 Milliarden US-Dollar<\/a> gesch\u00e4tzt wird.<\/strong><\/p>\n<\/div><\/div><div class=\"w-btn-wrapper align_none\"><a class=\"w-btn us-btn-style_1 no-border\" target=\"_blank\" rel=\"nofollow noopener\" href=\"https:\/\/app.workato.com\/custom_adapters\/25918\"><span class=\"w-btn-label\">Zu unserem Workato-Plugin<\/span><\/a><\/div><\/div><\/div><\/div><div class=\"vc_col-sm-6 wpb_column vc_column_container\"><div class=\"vc_column-inner\"><div class=\"wpb_wrapper\"><div class=\"w-video align_none ratio_16x9 has_iframe\"><div class=\"w-video-h\"><iframe title=\"Youtube video player\" src=\"\/\/www.youtube.com\/embed\/DcBgHnCltAI?autoplay=0&controls=0&origin=https:\/\/www.seven.io\/de\/&loop=0&mute=0\" allowfullscreen=\"1\" loading=\"lazy\"><\/iframe><\/div><\/div><\/div><\/div><\/div><\/div><\/div><\/section><section class=\"l-section wpb_row height_small color_alternate\"><div class=\"l-section-h i-cf\"><div class=\"g-cols vc_row via_flex valign_middle type_default stacking_default\"><div class=\"vc_col-sm-6 wpb_column vc_column_container\"><div class=\"vc_column-inner\"><div class=\"wpb_wrapper\"><div class=\"w-image align_center\"><div class=\"w-image-h\"><img decoding=\"async\" width=\"400\" height=\"501\" src=\"https:\/\/www.seven.io\/wp-content\/uploads\/integrationen_workato_mock-2-400x501.png\" class=\"attachment-us_400_0 size-us_400_0\" alt=\"Erweitern Sie Ihre Kommunikation in Workato mit sms77\" loading=\"lazy\" srcset=\"https:\/\/www.seven.io\/wp-content\/uploads\/integrationen_workato_mock-2-400x501.png 400w, https:\/\/www.seven.io\/wp-content\/uploads\/integrationen_workato_mock-2-240x300.png 240w, https:\/\/www.seven.io\/wp-content\/uploads\/integrationen_workato_mock-2-818x1024.png 818w, https:\/\/www.seven.io\/wp-content\/uploads\/integrationen_workato_mock-2-250x313.png 250w, https:\/\/www.seven.io\/wp-content\/uploads\/integrationen_workato_mock-2-600x751.png 600w, https:\/\/www.seven.io\/wp-content\/uploads\/integrationen_workato_mock-2-768x961.png 768w, https:\/\/www.seven.io\/wp-content\/uploads\/integrationen_workato_mock-2-300x375.png 300w, https:\/\/www.seven.io\/wp-content\/uploads\/integrationen_workato_mock-2-320x400.png 320w, https:\/\/www.seven.io\/wp-content\/uploads\/integrationen_workato_mock-2-200x250.png 200w, https:\/\/www.seven.io\/wp-content\/uploads\/integrationen_workato_mock-2.png 959w\" sizes=\"auto, (max-width: 400px) 100vw, 400px\" \/><\/div><\/div><\/div><\/div><\/div><div class=\"vc_col-sm-6 wpb_column vc_column_container\"><div class=\"vc_column-inner\"><div class=\"wpb_wrapper\"><div class=\"wpb_text_column\"><div class=\"wpb_wrapper\"><h3>Das seven-Plugin f\u00fcr Workato<\/h3>\n<p>Um Ihre Kommunikation effektiver zu gestalten, k\u00f6nnen Sie seven als starken Partner in Workato einbinden. Wenn Sie unsere Dienste integrieren, k\u00f6nnen Sie von umfangreichen Funktionen Gebrauch machen, die \u00fcber den reinen SMS-Versand hinaus gehen. Versenden Sie beispielsweise auch <a href=\"\/de\/produkte\/voice\">Voice-Nachrichten<\/a> oder Flash-SMS und sehen Sie Analysedaten oder Ihr aktuelles Guthaben ein.<\/p>\n<p>Wenn Sie seven als SMS-Dienstleister festlegen, ist es Ihnen m\u00f6glich, den Gro\u00dfteil unserer Dienstleistungen direkt aus Workato zu nutzen. So sparen Sie wertvolle Zeit. Dar\u00fcber hinaus gestalten Sie Ihre Arbeitsabl\u00e4ufe \u00fcbersichtlicher. Probieren Sies es noch heute aus und senden Sie Ihre erste Nachricht mit dem seven Plugin.<\/p>\n<\/div><\/div><\/div><\/div><\/div><\/div><\/div><\/section><!-- Row Backgrounds --><div class=\"upb_color\" data-bg-override=\"0\" data-bg-color=\"#f4f4f4\" data-fadeout=\"\" data-fadeout-percentage=\"30\" data-parallax-content=\"\" data-parallax-content-sense=\"30\" data-row-effect-mobile-disable=\"true\" data-img-parallax-mobile-disable=\"true\" data-rtl=\"false\"  data-custom-vc-row=\"\"  data-vc=\"8.7.2\"  data-is_old_vc=\"\"  data-theme-support=\"disable\"   data-overlay=\"false\" data-overlay-color=\"\" data-overlay-pattern=\"\" data-overlay-pattern-opacity=\"\" data-overlay-pattern-size=\"\"    ><\/div><section class=\"l-section wpb_row height_small\"><div class=\"l-section-h i-cf\"><div class=\"g-cols vc_row via_flex valign_middle type_default stacking_default\"><div class=\"vc_col-sm-6 wpb_column vc_column_container\"><div class=\"vc_column-inner\"><div class=\"wpb_wrapper\"><div class=\"wpb_text_column\"><div class=\"wpb_wrapper\"><h3>Umfangreiche Funktionen<\/h3>\n<\/div><\/div><div class=\"wpb_text_column\"><div class=\"wpb_wrapper\"><p>Vom SMS-Versand bis hin zur Validierung von Rufnummern f\u00fcr die Voice-Funktion \u2013 die seven-Integration f\u00fcr Workato bietet Ihnen vielf\u00e4ltige Funktionen, von denen Sie zweifellos profitieren werden. So helfen Ihnen <a href=\"\/de\/produkte\/nummernvalidierung\/\">Lookups<\/a> dabei, Ihr Register sauber zu halten, w\u00e4hrend Sie jederzeit bequem auf Analysedaten zugreifen k\u00f6nnen. Alle dies, ohne, dass Sie Workato verlassen m\u00fcssen!<\/p>\n<\/div><\/div><\/div><\/div><\/div><div class=\"vc_col-sm-6 wpb_column vc_column_container\"><div class=\"vc_column-inner\"><div class=\"wpb_wrapper\"><div class=\"w-image no-border align_center\"><a ref=\"magnificPopup\" href=\"https:\/\/www.seven.io\/wp-content\/uploads\/integrationen_workato_screen_actions.png\" aria-label=\"integrationen_workato_screen_actions\" class=\"w-image-h\"><img decoding=\"async\" width=\"768\" height=\"275\" src=\"https:\/\/www.seven.io\/wp-content\/uploads\/integrationen_workato_screen_actions-768x275.png\" class=\"attachment-us_768_0 size-us_768_0\" alt=\"Verf\u00fcgbare Aktionen in Workato mit sms77\" loading=\"lazy\" srcset=\"https:\/\/www.seven.io\/wp-content\/uploads\/integrationen_workato_screen_actions-768x275.png 768w, https:\/\/www.seven.io\/wp-content\/uploads\/integrationen_workato_screen_actions-300x108.png 300w, https:\/\/www.seven.io\/wp-content\/uploads\/integrationen_workato_screen_actions-1024x367.png 1024w, https:\/\/www.seven.io\/wp-content\/uploads\/integrationen_workato_screen_actions-350x126.png 350w, https:\/\/www.seven.io\/wp-content\/uploads\/integrationen_workato_screen_actions-250x90.png 250w, https:\/\/www.seven.io\/wp-content\/uploads\/integrationen_workato_screen_actions-600x215.png 600w, https:\/\/www.seven.io\/wp-content\/uploads\/integrationen_workato_screen_actions-400x143.png 400w, https:\/\/www.seven.io\/wp-content\/uploads\/integrationen_workato_screen_actions-200x72.png 200w, https:\/\/www.seven.io\/wp-content\/uploads\/integrationen_workato_screen_actions-500x179.png 500w, https:\/\/www.seven.io\/wp-content\/uploads\/integrationen_workato_screen_actions.png 1280w\" sizes=\"auto, (max-width: 768px) 100vw, 768px\" \/><\/a><\/div><div class=\"w-separator size_custom\" style=\"height:10px\"><\/div><div class=\"wpb_text_column\"><div class=\"wpb_wrapper\"><p style=\"text-align: center;\"><em>M\u00f6gliche Aktionen im \u00dcberblick. Zum Vergr\u00f6\u00dfern anklicken.<\/em><\/p>\n<\/div><\/div><\/div><\/div><\/div><\/div><\/div><\/section><section class=\"l-section wpb_row height_small\"><div class=\"l-section-h i-cf\"><div class=\"g-cols vc_row via_flex valign_top type_default stacking_default\"><div class=\"vc_col-sm-12 wpb_column vc_column_container\"><div class=\"vc_column-inner\"><div class=\"wpb_wrapper\"><div class=\"w-actionbox us_custom_e47d7875 color_light controls_right\"><div class=\"w-actionbox-text\"><div class=\"w-actionbox-description\"><p>Sie m\u00f6chten den Versand von Nachrichten aus Workato ausprobieren?<br \/>\nHier gelangen Sie direkt zu unserem Plugin auf Workato.<\/p>\n<\/div><\/div><div class=\"w-actionbox-controls\"><a class=\"w-btn us-btn-style_5\" target=\"_blank\" href=\"https:\/\/app.workato.com\/custom_adapters\/25918\" rel=\"noopener\"><span class=\"w-btn-label\">Zum Plugin<\/span><\/a><\/div><\/div><\/div><\/div><\/div><\/div><\/div><\/section><!-- Row Backgrounds --><div class=\"upb_color\" data-bg-override=\"0\" data-bg-color=\"#ffffff\" data-fadeout=\"\" data-fadeout-percentage=\"30\" data-parallax-content=\"\" data-parallax-content-sense=\"30\" data-row-effect-mobile-disable=\"true\" data-img-parallax-mobile-disable=\"true\" data-rtl=\"false\"  data-custom-vc-row=\"\"  data-vc=\"8.7.2\"  data-is_old_vc=\"\"  data-theme-support=\"disable\"   data-overlay=\"false\" data-overlay-color=\"\" data-overlay-pattern=\"\" data-overlay-pattern-opacity=\"\" data-overlay-pattern-size=\"\"    ><\/div>\n","protected":false},"excerpt":{"rendered":"Workato ist eine integrationsbasierte Automatisierungsl\u00f6sung, die im Jahre 2013 gegr\u00fcndet wurde. Das iPaaS (Integration Platform as a Service) f\u00fcr Unternehmen verspricht seinen Nutzern, eine simple, aber kraftvolle M\u00f6glichkeit, verschiedene Integrationen gewinnbringend miteinander zu kombinieren. Nach dem No oder Low Code-Prinzip k\u00f6nnen Kunden die Automatisierungsm\u00f6glichkeiten f\u00fcr unz\u00e4hlige Anwendungsfelder nutzen. Obwohl Workato bereits jetzt mehr als 7000...","protected":false},"author":1,"featured_media":24519,"parent":17075,"menu_order":0,"comment_status":"closed","ping_status":"closed","template":"","meta":{"content-type":"","footnotes":""},"class_list":["post-24401","page","type-page","status-publish","has-post-thumbnail","hentry"],"_links":{"self":[{"href":"https:\/\/www.seven.io\/de\/wp-json\/wp\/v2\/pages\/24401","targetHints":{"allow":["GET"]}}],"collection":[{"href":"https:\/\/www.seven.io\/de\/wp-json\/wp\/v2\/pages"}],"about":[{"href":"https:\/\/www.seven.io\/de\/wp-json\/wp\/v2\/types\/page"}],"author":[{"embeddable":true,"href":"https:\/\/www.seven.io\/de\/wp-json\/wp\/v2\/users\/1"}],"replies":[{"embeddable":true,"href":"https:\/\/www.seven.io\/de\/wp-json\/wp\/v2\/comments?post=24401"}],"version-history":[{"count":36,"href":"https:\/\/www.seven.io\/de\/wp-json\/wp\/v2\/pages\/24401\/revisions"}],"predecessor-version":[{"id":92921,"href":"https:\/\/www.seven.io\/de\/wp-json\/wp\/v2\/pages\/24401\/revisions\/92921"}],"up":[{"embeddable":true,"href":"https:\/\/www.seven.io\/de\/wp-json\/wp\/v2\/pages\/17075"}],"wp:featuredmedia":[{"embeddable":true,"href":"https:\/\/www.seven.io\/de\/wp-json\/wp\/v2\/media\/24519"}],"wp:attachment":[{"href":"https:\/\/www.seven.io\/de\/wp-json\/wp\/v2\/media?parent=24401"}],"curies":[{"name":"wp","href":"https:\/\/api.w.org\/{rel}","templated":true}]}}