{"id":24447,"date":"2021-02-11T14:17:13","date_gmt":"2021-02-11T13:17:13","guid":{"rendered":"https:\/\/www.sms77.io\/?page_id=24447"},"modified":"2023-07-13T14:52:42","modified_gmt":"2023-07-13T12:52:42","slug":"python","status":"publish","type":"page","link":"https:\/\/www.seven.io\/de\/entwickler\/python\/","title":{"rendered":"Python"},"content":{"rendered":"<section class=\"l-section wpb_row height_small\"><div class=\"l-section-h i-cf\"><div class=\"g-cols vc_row via_flex valign_middle type_default stacking_default\"><div class=\"vc_col-sm-6 wpb_column vc_column_container\"><div class=\"vc_column-inner\"><div class=\"wpb_wrapper\"><div class=\"wpb_text_column\"><div class=\"wpb_wrapper\"><p><strong>Python ist eine der popul\u00e4rsten Programmiersprachen und ist auf dem Arbeitsmarkt noch immer stark gefragt. Dabei ist die Sprache l\u00e4ngst kein junger H\u00fcpfer mehr: Sie wurde bereits im Jahr 1991 ver\u00f6ffentlicht. Sie ist funktional, aspektorientiert und objektorientiert. Au\u00dferdem bietet die Open-Source-Sprache dynamische Typisierung. Ihr Entwickler, Guido van Rossum, hatte bei der Entwicklung gro\u00dfen Wert darauf gelegt, dass die Programmiersprache so einfach und \u00fcbersichtlich wie m\u00f6glich sein w\u00fcrde. Dieses Vorhaben ist ihm klar gelungen: Sie gilt wegen ihrer \u00dcbersichtlichkeit als eine gute Einstiegssprache f\u00fcr Anf\u00e4nger. Die Weiterentwicklung der Sprache wird von der <a href=\"https:\/\/www.python.org\/psf\/\" target=\"_blank\" rel=\"noopener\" data-schema-attribute=\"\">Python Software Foundation<\/a> unterst\u00fctzt, die gemeinn\u00fctzig arbeitet.<\/strong><\/p>\n<\/div><\/div><div class=\"w-btn-wrapper align_none\"><a class=\"w-btn us-btn-style_1 no-border\" target=\"_blank\" rel=\"nofollow noopener\" href=\"https:\/\/github.com\/seven-io\/python-client\"><span class=\"w-btn-label\">Python-Client auf GitHub<\/span><\/a><\/div><\/div><\/div><\/div><div class=\"vc_col-sm-6 wpb_column vc_column_container\"><div class=\"vc_column-inner\"><div class=\"wpb_wrapper\"><div class=\"w-video align_none ratio_16x9 has_iframe\"><div class=\"w-video-h\"><iframe title=\"Youtube video player\" src=\"\/\/www.youtube.com\/embed\/fszpyKV62kI?autoplay=0&controls=0&origin=https:\/\/www.seven.io\/de\/&loop=0&mute=0\" allowfullscreen=\"1\" loading=\"lazy\"><\/iframe><\/div><\/div><\/div><\/div><\/div><\/div><\/div><\/section><section class=\"l-section wpb_row height_small color_alternate\"><div class=\"l-section-h i-cf\"><div class=\"g-cols vc_row via_flex valign_middle type_default stacking_default\"><div class=\"vc_col-sm-6 wpb_column vc_column_container\"><div class=\"vc_column-inner\"><div class=\"wpb_wrapper\"><div class=\"w-image align_center\"><div class=\"w-image-h\"><img decoding=\"async\" width=\"400\" height=\"501\" src=\"https:\/\/www.seven.io\/wp-content\/uploads\/integrationen_clients_python_mock-400x501.png\" class=\"attachment-us_400_0 size-us_400_0\" alt=\"Binden Sie SMS-Versand in Ihr Python-Projekt ein\" loading=\"lazy\" srcset=\"https:\/\/www.seven.io\/wp-content\/uploads\/integrationen_clients_python_mock-400x501.png 400w, https:\/\/www.seven.io\/wp-content\/uploads\/integrationen_clients_python_mock-240x300.png 240w, https:\/\/www.seven.io\/wp-content\/uploads\/integrationen_clients_python_mock-818x1024.png 818w, https:\/\/www.seven.io\/wp-content\/uploads\/integrationen_clients_python_mock-350x438.png 350w, https:\/\/www.seven.io\/wp-content\/uploads\/integrationen_clients_python_mock-250x313.png 250w, https:\/\/www.seven.io\/wp-content\/uploads\/integrationen_clients_python_mock-600x751.png 600w, https:\/\/www.seven.io\/wp-content\/uploads\/integrationen_clients_python_mock-768x961.png 768w, https:\/\/www.seven.io\/wp-content\/uploads\/integrationen_clients_python_mock-300x375.png 300w, https:\/\/www.seven.io\/wp-content\/uploads\/integrationen_clients_python_mock-320x400.png 320w, https:\/\/www.seven.io\/wp-content\/uploads\/integrationen_clients_python_mock-200x250.png 200w, https:\/\/www.seven.io\/wp-content\/uploads\/integrationen_clients_python_mock-500x626.png 500w, https:\/\/www.seven.io\/wp-content\/uploads\/integrationen_clients_python_mock.png 959w\" sizes=\"auto, (max-width: 400px) 100vw, 400px\" \/><\/div><\/div><\/div><\/div><\/div><div class=\"vc_col-sm-6 wpb_column vc_column_container\"><div class=\"vc_column-inner\"><div class=\"wpb_wrapper\"><div class=\"wpb_text_column\"><div class=\"wpb_wrapper\"><h3>Der Python-Client f\u00fcr die seven-API<\/h3>\n<p>Ihr n\u00e4chstes Projekt steht an und Sie \u00fcberlegen, wie Sie die Leistungen eines SMS-Gateway-Providers effektiv einbinden k\u00f6nnen. Die L\u00f6sung sollte nicht kompliziert sein, aber flexibel und stark \u2013 ganz genau so wie Python es selbst ist. Mit unserem API-Client wird es Ihnen leicht fallen, unsere Dienstleitungen so in Ihr Projekt einzubinden, dass Sie und Ihre Kunden von ihnen profitieren k\u00f6nnen.<span class=\"Apple-converted-space\">\u00a0<\/span><\/p>\n<p>Nutzen Sie den Client, so stehen Ihnen unsere Dienstleistungen wie gewohnt zur Verf\u00fcgung. Vom Versand einzelner SMS bis hin zu Voice-Nachrichten, die an gro\u00dfe Empf\u00e4ngergruppen versandt werden \u2013 unsere Produkte helfen Ihnen, Ihre Ziele zu erreichen. Nat\u00fcrlich k\u00f6nnen Sie auch unsere Analyse-Funktionen nutzen, um ihr Potential voll aussch\u00f6pfen. Wie \u00fcblich ist es auch m\u00f6glich, <a href=\"\/produkte\/sms-empfang\/\">SMS \u00fcber eine eigene Nummer zu empfangen<\/a>, wenn Sie diese Funktion freischalten.<br \/>\nWir sind gespannt auf Ihre Projektideen!<span class=\"Apple-converted-space\">\u00a0<\/span><\/p>\n<\/div><\/div><\/div><\/div><\/div><\/div><\/div><\/section><!-- Row Backgrounds --><div class=\"upb_color\" data-bg-override=\"0\" data-bg-color=\"#f4f4f4\" data-fadeout=\"\" data-fadeout-percentage=\"30\" data-parallax-content=\"\" data-parallax-content-sense=\"30\" data-row-effect-mobile-disable=\"true\" data-img-parallax-mobile-disable=\"true\" data-rtl=\"false\"  data-custom-vc-row=\"\"  data-vc=\"8.7.2\"  data-is_old_vc=\"\"  data-theme-support=\"disable\"   data-overlay=\"false\" data-overlay-color=\"\" data-overlay-pattern=\"\" data-overlay-pattern-opacity=\"\" data-overlay-pattern-size=\"\"    ><\/div><section class=\"l-section wpb_row height_small\"><div class=\"l-section-h i-cf\"><div class=\"g-cols vc_row via_flex valign_top type_default stacking_default\"><div class=\"vc_col-sm-12 wpb_column vc_column_container\"><div class=\"vc_column-inner\"><div class=\"wpb_wrapper\"><div class=\"w-actionbox us_custom_e47d7875 color_light controls_right\"><div class=\"w-actionbox-text\"><div class=\"w-actionbox-description\"><p>Sie m\u00f6chten unseren Client nutzen?<br \/>\n\u00dcber den Button gelangen Sie zu unserem entsprechenden GitHub-Repository.<\/p>\n<\/div><\/div><div class=\"w-actionbox-controls\"><a class=\"w-btn us-btn-style_5\" target=\"_blank\" rel=\"nofollow noopener\" href=\"https:\/\/github.com\/seven-io\/python-client\"><span class=\"w-btn-label\">Zu GitHub<\/span><\/a><\/div><\/div><\/div><\/div><\/div><\/div><\/div><\/section><!-- Row Backgrounds --><div class=\"upb_color\" data-bg-override=\"0\" data-bg-color=\"#ffffff\" data-fadeout=\"\" data-fadeout-percentage=\"30\" data-parallax-content=\"\" data-parallax-content-sense=\"30\" data-row-effect-mobile-disable=\"true\" data-img-parallax-mobile-disable=\"true\" data-rtl=\"false\"  data-custom-vc-row=\"\"  data-vc=\"8.7.2\"  data-is_old_vc=\"\"  data-theme-support=\"disable\"   data-overlay=\"false\" data-overlay-color=\"\" data-overlay-pattern=\"\" data-overlay-pattern-opacity=\"\" data-overlay-pattern-size=\"\"    ><\/div>\n","protected":false},"excerpt":{"rendered":"Python ist eine der popul\u00e4rsten Programmiersprachen und ist auf dem Arbeitsmarkt noch immer stark gefragt. Dabei ist die Sprache l\u00e4ngst kein junger H\u00fcpfer mehr: Sie wurde bereits im Jahr 1991 ver\u00f6ffentlicht. Sie ist funktional, aspektorientiert und objektorientiert. Au\u00dferdem bietet die Open-Source-Sprache dynamische Typisierung. Ihr Entwickler, Guido van Rossum, hatte bei der Entwicklung gro\u00dfen Wert darauf...","protected":false},"author":1,"featured_media":24446,"parent":5428,"menu_order":0,"comment_status":"closed","ping_status":"closed","template":"","meta":{"content-type":"","footnotes":""},"class_list":["post-24447","page","type-page","status-publish","has-post-thumbnail","hentry"],"_links":{"self":[{"href":"https:\/\/www.seven.io\/de\/wp-json\/wp\/v2\/pages\/24447","targetHints":{"allow":["GET"]}}],"collection":[{"href":"https:\/\/www.seven.io\/de\/wp-json\/wp\/v2\/pages"}],"about":[{"href":"https:\/\/www.seven.io\/de\/wp-json\/wp\/v2\/types\/page"}],"author":[{"embeddable":true,"href":"https:\/\/www.seven.io\/de\/wp-json\/wp\/v2\/users\/1"}],"replies":[{"embeddable":true,"href":"https:\/\/www.seven.io\/de\/wp-json\/wp\/v2\/comments?post=24447"}],"version-history":[{"count":26,"href":"https:\/\/www.seven.io\/de\/wp-json\/wp\/v2\/pages\/24447\/revisions"}],"predecessor-version":[{"id":25488,"href":"https:\/\/www.seven.io\/de\/wp-json\/wp\/v2\/pages\/24447\/revisions\/25488"}],"up":[{"embeddable":true,"href":"https:\/\/www.seven.io\/de\/wp-json\/wp\/v2\/pages\/5428"}],"wp:featuredmedia":[{"embeddable":true,"href":"https:\/\/www.seven.io\/de\/wp-json\/wp\/v2\/media\/24446"}],"wp:attachment":[{"href":"https:\/\/www.seven.io\/de\/wp-json\/wp\/v2\/media?parent=24447"}],"curies":[{"name":"wp","href":"https:\/\/api.w.org\/{rel}","templated":true}]}}