{"id":24537,"date":"2021-02-15T15:07:15","date_gmt":"2021-02-15T14:07:15","guid":{"rendered":"https:\/\/www.sms77.io\/?page_id=24537"},"modified":"2023-07-13T14:59:45","modified_gmt":"2023-07-13T12:59:45","slug":"ruby","status":"publish","type":"page","link":"https:\/\/www.seven.io\/de\/entwickler\/ruby\/","title":{"rendered":"Ruby"},"content":{"rendered":"<section class=\"l-section wpb_row height_small\"><div class=\"l-section-h i-cf\"><div class=\"g-cols vc_row via_flex valign_middle type_default stacking_default\"><div class=\"vc_col-sm-6 wpb_column vc_column_container\"><div class=\"vc_column-inner\"><div class=\"wpb_wrapper\"><div class=\"wpb_text_column\"><div class=\"wpb_wrapper\"><p><strong>Ruby ist eine objektorientierte Programmiersprache. Sie ist dar\u00fcber hinaus prozedural, funktional und nebenl\u00e4ufig, erf\u00fcllt aber auch noch weitere Paradigmen. Au\u00dferdem bietet sie dynamische Typisierung, Reflexion und automatische Speicherbereinigung. Sie wurde in den neunziger Jahren von Yukihiro Matsumoto entworfen und im Jahr 1995 ver\u00f6ffentlicht. <\/strong><\/p>\n<p><strong>Fans der Programmiersprache sch\u00e4tzen an ihr besonders ihre Balance: Sie gilt als elegant, k\u00fcnstlerisch und komplex, aber auch als praktisch und effektiv. Ihre haupts\u00e4chliche Verwendung findet die Sprache in der Web-Entwicklung. Das Framework <a href=\"https:\/\/rubyonrails.org\" target=\"_blank\" rel=\"noopener\" data-schema-attribute=\"\">Ruby on Rails<\/a> wird von zahlreichen gro\u00dfen Firmen genutzt. Unter ihnen befinden sich\u00a0beispielsweise GitHub, Airbnb und Shopify.<\/strong><\/p>\n<\/div><\/div><div class=\"w-btn-wrapper align_none\"><a class=\"w-btn us-btn-style_1 no-border\" target=\"_blank\" rel=\"nofollow noopener\" href=\"https:\/\/github.com\/seven-io\/ruby-client\"><span class=\"w-btn-label\">Ruby-Client auf GitHub<\/span><\/a><\/div><\/div><\/div><\/div><div class=\"vc_col-sm-6 wpb_column vc_column_container\"><div class=\"vc_column-inner\"><div class=\"wpb_wrapper\"><div class=\"w-image no-border align_center\"><a target=\"_blank\" rel=\"nofollow noopener\" href=\"https:\/\/www.ruby-lang.org\/de\/about\/logo\/\" aria-label=\"integrationen_logo_ruby\" class=\"w-image-h\"><img decoding=\"async\" width=\"400\" height=\"400\" src=\"https:\/\/www.seven.io\/wp-content\/uploads\/integrationen_logo_ruby-400x400.png\" class=\"attachment-us_400_0 size-us_400_0\" alt=\"Das Logo der Programmiersprache Ruby\" loading=\"lazy\" srcset=\"https:\/\/www.seven.io\/wp-content\/uploads\/integrationen_logo_ruby-400x400.png 400w, https:\/\/www.seven.io\/wp-content\/uploads\/integrationen_logo_ruby-300x300.png 300w, https:\/\/www.seven.io\/wp-content\/uploads\/integrationen_logo_ruby-150x150.png 150w, https:\/\/www.seven.io\/wp-content\/uploads\/integrationen_logo_ruby-350x350.png 350w, https:\/\/www.seven.io\/wp-content\/uploads\/integrationen_logo_ruby-250x250.png 250w, https:\/\/www.seven.io\/wp-content\/uploads\/integrationen_logo_ruby-200x200.png 200w, https:\/\/www.seven.io\/wp-content\/uploads\/integrationen_logo_ruby-500x500.png 500w, https:\/\/www.seven.io\/wp-content\/uploads\/integrationen_logo_ruby.png 600w\" sizes=\"auto, (max-width: 400px) 100vw, 400px\" \/><\/a><\/div><div class=\"wpb_text_column\"><div class=\"wpb_wrapper\"><p style=\"text-align: center;\"><em>Das Logo der Programmiersprache Ruby, <a href=\"https:\/\/www.ruby-lang.org\/de\/about\/logo\/\" target=\"_blank\" rel=\"noopener\" data-schema-attribute=\"\">Copyright \u00a9 2006, Yukihiro Matsumoto<\/a><\/em><\/p>\n<\/div><\/div><\/div><\/div><\/div><\/div><\/div><\/section><section class=\"l-section wpb_row height_small color_alternate\"><div class=\"l-section-h i-cf\"><div class=\"g-cols vc_row via_flex valign_middle type_default stacking_default\"><div class=\"vc_col-sm-6 wpb_column vc_column_container\"><div class=\"vc_column-inner\"><div class=\"wpb_wrapper\"><div class=\"w-image align_center\"><div class=\"w-image-h\"><img decoding=\"async\" width=\"400\" height=\"501\" src=\"https:\/\/www.seven.io\/wp-content\/uploads\/integrationen_clients_ruby_mock-1-400x501.png\" class=\"attachment-us_400_0 size-us_400_0\" alt=\"Senden Sie SMS in Ihrem Ruby-Projekt\" loading=\"lazy\" srcset=\"https:\/\/www.seven.io\/wp-content\/uploads\/integrationen_clients_ruby_mock-1-400x501.png 400w, https:\/\/www.seven.io\/wp-content\/uploads\/integrationen_clients_ruby_mock-1-240x300.png 240w, https:\/\/www.seven.io\/wp-content\/uploads\/integrationen_clients_ruby_mock-1-818x1024.png 818w, https:\/\/www.seven.io\/wp-content\/uploads\/integrationen_clients_ruby_mock-1-350x438.png 350w, https:\/\/www.seven.io\/wp-content\/uploads\/integrationen_clients_ruby_mock-1-250x313.png 250w, https:\/\/www.seven.io\/wp-content\/uploads\/integrationen_clients_ruby_mock-1-600x751.png 600w, https:\/\/www.seven.io\/wp-content\/uploads\/integrationen_clients_ruby_mock-1-768x961.png 768w, https:\/\/www.seven.io\/wp-content\/uploads\/integrationen_clients_ruby_mock-1-300x375.png 300w, https:\/\/www.seven.io\/wp-content\/uploads\/integrationen_clients_ruby_mock-1-320x400.png 320w, https:\/\/www.seven.io\/wp-content\/uploads\/integrationen_clients_ruby_mock-1-200x250.png 200w, https:\/\/www.seven.io\/wp-content\/uploads\/integrationen_clients_ruby_mock-1-500x626.png 500w, https:\/\/www.seven.io\/wp-content\/uploads\/integrationen_clients_ruby_mock-1.png 959w\" sizes=\"auto, (max-width: 400px) 100vw, 400px\" \/><\/div><\/div><\/div><\/div><\/div><div class=\"vc_col-sm-6 wpb_column vc_column_container\"><div class=\"vc_column-inner\"><div class=\"wpb_wrapper\"><div class=\"wpb_text_column\"><div class=\"wpb_wrapper\"><h3>Der Ruby-Client f\u00fcr seven.io<\/h3>\n<p>Mit unserem Client f\u00fcr Ruby k\u00f6nnen Sie unsere Dienstleistung leicht in Ihr n\u00e4chstes Projekt integrieren. Wenn Sie unseren Client nutzen m\u00f6chten, steht Ihnen unser Service vollumf\u00e4nglich zur Verf\u00fcgung. Sie machen also keine Abstriche in der Nutzbarkeit unserer Produkte. Auf diese Weise wir es besonders leicht f\u00fcr Sie, von einem starken Partner in ihrer mobilen Kommunikation zu profitieren.<\/p>\n<p>Ihre M\u00f6glichkeiten gehen dabei weit \u00fcber den regul\u00e4ren SMS-Versand hinaus. Sie k\u00f6nnen Massen-SMS und Flash-SMS versenden, Text2Speech-Nachrichten einsetzen und unsere Analysetools nutzen, um die Wirksamkeit ihrer Kommunikation immer im Auge zu behalten. Wenn Sie die Option buchen, k\u00f6nnen Sie auch <a href=\"\/produkte\/sms-empfang\/\">SMS \u00fcber eine eigene Nummer empfangen<\/a>. Probieren Sie es heute noch aus!<\/p>\n<\/div><\/div><\/div><\/div><\/div><\/div><\/div><\/section><!-- Row Backgrounds --><div class=\"upb_color\" data-bg-override=\"0\" data-bg-color=\"#f4f4f4\" data-fadeout=\"\" data-fadeout-percentage=\"30\" data-parallax-content=\"\" data-parallax-content-sense=\"30\" data-row-effect-mobile-disable=\"true\" data-img-parallax-mobile-disable=\"true\" data-rtl=\"false\"  data-custom-vc-row=\"\"  data-vc=\"8.7.2\"  data-is_old_vc=\"\"  data-theme-support=\"disable\"   data-overlay=\"false\" data-overlay-color=\"\" data-overlay-pattern=\"\" data-overlay-pattern-opacity=\"\" data-overlay-pattern-size=\"\"    ><\/div><section class=\"l-section wpb_row height_small\"><div class=\"l-section-h i-cf\"><div class=\"g-cols vc_row via_flex valign_top type_default stacking_default\"><div class=\"vc_col-sm-12 wpb_column vc_column_container\"><div class=\"vc_column-inner\"><div class=\"wpb_wrapper\"><div class=\"w-actionbox us_custom_e47d7875 color_light controls_right\"><div class=\"w-actionbox-text\"><div class=\"w-actionbox-description\"><p>Sie m\u00f6chten unseren Ruby-Client nutzen?<br \/>\n\u00dcber die Schaltfl\u00e4che gelangen Sie zu unserem entsprechenden GitHub-Repository.<\/p>\n<\/div><\/div><div class=\"w-actionbox-controls\"><a class=\"w-btn us-btn-style_5\" target=\"_blank\" rel=\"nofollow noopener\" href=\"https:\/\/github.com\/seven-io\/ruby-client\"><span class=\"w-btn-label\">Zu GitHub<\/span><\/a><\/div><\/div><\/div><\/div><\/div><\/div><\/div><\/section><!-- Row Backgrounds --><div class=\"upb_color\" data-bg-override=\"0\" data-bg-color=\"#ffffff\" data-fadeout=\"\" data-fadeout-percentage=\"30\" data-parallax-content=\"\" data-parallax-content-sense=\"30\" data-row-effect-mobile-disable=\"true\" data-img-parallax-mobile-disable=\"true\" data-rtl=\"false\"  data-custom-vc-row=\"\"  data-vc=\"8.7.2\"  data-is_old_vc=\"\"  data-theme-support=\"disable\"   data-overlay=\"false\" data-overlay-color=\"\" data-overlay-pattern=\"\" data-overlay-pattern-opacity=\"\" data-overlay-pattern-size=\"\"    ><\/div>\n","protected":false},"excerpt":{"rendered":"Ruby ist eine objektorientierte Programmiersprache. Sie ist dar\u00fcber hinaus prozedural, funktional und nebenl\u00e4ufig, erf\u00fcllt aber auch noch weitere Paradigmen. Au\u00dferdem bietet sie dynamische Typisierung, Reflexion und automatische Speicherbereinigung. Sie wurde in den neunziger Jahren von Yukihiro Matsumoto entworfen und im Jahr 1995 ver\u00f6ffentlicht. Fans der Programmiersprache sch\u00e4tzen an ihr besonders ihre Balance: Sie gilt als...","protected":false},"author":1,"featured_media":24531,"parent":5428,"menu_order":0,"comment_status":"closed","ping_status":"closed","template":"","meta":{"content-type":"","footnotes":""},"class_list":["post-24537","page","type-page","status-publish","has-post-thumbnail","hentry"],"_links":{"self":[{"href":"https:\/\/www.seven.io\/de\/wp-json\/wp\/v2\/pages\/24537","targetHints":{"allow":["GET"]}}],"collection":[{"href":"https:\/\/www.seven.io\/de\/wp-json\/wp\/v2\/pages"}],"about":[{"href":"https:\/\/www.seven.io\/de\/wp-json\/wp\/v2\/types\/page"}],"author":[{"embeddable":true,"href":"https:\/\/www.seven.io\/de\/wp-json\/wp\/v2\/users\/1"}],"replies":[{"embeddable":true,"href":"https:\/\/www.seven.io\/de\/wp-json\/wp\/v2\/comments?post=24537"}],"version-history":[{"count":25,"href":"https:\/\/www.seven.io\/de\/wp-json\/wp\/v2\/pages\/24537\/revisions"}],"predecessor-version":[{"id":88505,"href":"https:\/\/www.seven.io\/de\/wp-json\/wp\/v2\/pages\/24537\/revisions\/88505"}],"up":[{"embeddable":true,"href":"https:\/\/www.seven.io\/de\/wp-json\/wp\/v2\/pages\/5428"}],"wp:featuredmedia":[{"embeddable":true,"href":"https:\/\/www.seven.io\/de\/wp-json\/wp\/v2\/media\/24531"}],"wp:attachment":[{"href":"https:\/\/www.seven.io\/de\/wp-json\/wp\/v2\/media?parent=24537"}],"curies":[{"name":"wp","href":"https:\/\/api.w.org\/{rel}","templated":true}]}}