{"id":24701,"date":"2021-02-19T15:37:10","date_gmt":"2021-02-19T14:37:10","guid":{"rendered":"https:\/\/www.sms77.io\/?page_id=24701"},"modified":"2023-07-13T14:47:30","modified_gmt":"2023-07-13T12:47:30","slug":"kotlin","status":"publish","type":"page","link":"https:\/\/www.seven.io\/de\/entwickler\/kotlin\/","title":{"rendered":"Kotlin"},"content":{"rendered":"<section class=\"l-section wpb_row height_small\"><div class=\"l-section-h i-cf\"><div class=\"g-cols vc_row via_flex valign_middle type_default stacking_default\"><div class=\"vc_col-sm-6 wpb_column vc_column_container\"><div class=\"vc_column-inner\"><div class=\"wpb_wrapper\"><div class=\"wpb_text_column\"><div class=\"wpb_wrapper\"><p><strong>Kotlin ist eine multiparadigmatische Programmiersprache, die sich immer gr\u00f6\u00dferer Beliebtheit erfreut. Die noch recht junge Sprache wurde im Jahr 2011 ver\u00f6ffentlicht. Sie ist vor allem dadurch bekannt geworden, dass sie unter anderem zur Entwicklung von Android-Apps verwendet wird. Die Sprache wird Open-Source entwickelt, allerdings ist die Firma <a href=\"https:\/\/www.jetbrains.com\" target=\"_blank\" rel=\"noopener\" data-schema-attribute=\"\">JetBrains<\/a>\u00a0ma\u00dfgeblich an der Entwicklung beteiligt. <\/strong><\/p>\n<p><strong>Eine weitere Besonderheit der Sprache ist, dass sie vollst\u00e4ndig mit Java interoperabel ist. Daher k\u00f6nnen bestehende Java-Frameworks und Bibliotheken genutzt werden. Kotlin gilt im Allgemeinen als eine moderne, pr\u00e4zise und sichere Programmiersprache.<\/strong><\/p>\n<\/div><\/div><div class=\"w-btn-wrapper align_none\"><a class=\"w-btn us-btn-style_1 no-border\" target=\"_blank\" rel=\"nofollow noopener\" href=\"https:\/\/github.com\/seven-io\/kotlin-client\"><span class=\"w-btn-label\">Kotlin-Client auf GitHub<\/span><\/a><\/div><\/div><\/div><\/div><div class=\"vc_col-sm-6 wpb_column vc_column_container\"><div class=\"vc_column-inner\"><div class=\"wpb_wrapper\"><div class=\"w-video align_none ratio_16x9 has_iframe\"><div class=\"w-video-h\"><iframe title=\"Youtube video player\" src=\"\/\/www.youtube.com\/embed\/R1A40X3iO5o?autoplay=0&controls=0&origin=https:\/\/www.seven.io\/de\/&loop=0&mute=0\" allowfullscreen=\"1\" loading=\"lazy\"><\/iframe><\/div><\/div><\/div><\/div><\/div><\/div><\/div><\/section><section class=\"l-section wpb_row height_small color_alternate\"><div class=\"l-section-h i-cf\"><div class=\"g-cols vc_row via_flex valign_middle type_default stacking_default\"><div class=\"vc_col-sm-6 wpb_column vc_column_container\"><div class=\"vc_column-inner\"><div class=\"wpb_wrapper\"><div class=\"w-image align_center\"><div class=\"w-image-h\"><img decoding=\"async\" width=\"400\" height=\"501\" src=\"https:\/\/www.seven.io\/wp-content\/uploads\/integrationen_clients_kotlin_mock-400x501.png\" class=\"attachment-us_400_0 size-us_400_0\" alt=\"Der Kotlin-Client f\u00fcr sms77 hilft Ihnen dabei, unseren Service Ihr Projekt einzubauen\" loading=\"lazy\" srcset=\"https:\/\/www.seven.io\/wp-content\/uploads\/integrationen_clients_kotlin_mock-400x501.png 400w, https:\/\/www.seven.io\/wp-content\/uploads\/integrationen_clients_kotlin_mock-240x300.png 240w, https:\/\/www.seven.io\/wp-content\/uploads\/integrationen_clients_kotlin_mock-818x1024.png 818w, https:\/\/www.seven.io\/wp-content\/uploads\/integrationen_clients_kotlin_mock-350x438.png 350w, https:\/\/www.seven.io\/wp-content\/uploads\/integrationen_clients_kotlin_mock-250x313.png 250w, https:\/\/www.seven.io\/wp-content\/uploads\/integrationen_clients_kotlin_mock-600x751.png 600w, https:\/\/www.seven.io\/wp-content\/uploads\/integrationen_clients_kotlin_mock-768x961.png 768w, https:\/\/www.seven.io\/wp-content\/uploads\/integrationen_clients_kotlin_mock-300x375.png 300w, https:\/\/www.seven.io\/wp-content\/uploads\/integrationen_clients_kotlin_mock-320x400.png 320w, https:\/\/www.seven.io\/wp-content\/uploads\/integrationen_clients_kotlin_mock-200x250.png 200w, https:\/\/www.seven.io\/wp-content\/uploads\/integrationen_clients_kotlin_mock-500x626.png 500w, https:\/\/www.seven.io\/wp-content\/uploads\/integrationen_clients_kotlin_mock.png 959w\" sizes=\"auto, (max-width: 400px) 100vw, 400px\" \/><\/div><\/div><\/div><\/div><\/div><div class=\"vc_col-sm-6 wpb_column vc_column_container\"><div class=\"vc_column-inner\"><div class=\"wpb_wrapper\"><div class=\"wpb_text_column\"><div class=\"wpb_wrapper\"><h3>Der Kotlin-Client f\u00fcr seven.io<\/h3>\n<p>Wenn Sie komplexe Projekte mit Kotlin umsetzen, haben Sie alle H\u00e4nde voll zu tun. Die Integration von Dienstleistern sollte deshalb besonders einfach sein. Mit unserem Client k\u00f6nnen Sie unseren Service ganz einfach in Ihre Projekte integrieren und unsere Produkte in vollem Umfang nutzen. So sparen Sie wertvolle Zeit, die Sie an anderer Stelle sicher gut gebrauchen k\u00f6nnen.<\/p>\n<p>Ob Sie einzelne SMS oder personalisierte Massennachrichten versenden m\u00f6chten, Ihre Kontakte durch unsere <a href=\"\/de\/produkte\/nummernvalidierung\/\">Nummernvalidierung<\/a> \u00fcberpr\u00fcfen wollen oder nach einer leichten M\u00f6glichkeit suchen, um SMS zu empfangen \u2013 wir bieten Ihnen die passende L\u00f6sung. Sollten Sie einmal nicht weiter wissen, hilft Ihnen unser <a href=\"mailto:support@seven.io\">Support<\/a> gerne weiter.<\/p>\n<\/div><\/div><\/div><\/div><\/div><\/div><\/div><\/section><!-- Row Backgrounds --><div class=\"upb_color\" data-bg-override=\"0\" data-bg-color=\"#f4f4f4\" data-fadeout=\"\" data-fadeout-percentage=\"30\" data-parallax-content=\"\" data-parallax-content-sense=\"30\" data-row-effect-mobile-disable=\"true\" data-img-parallax-mobile-disable=\"true\" data-rtl=\"false\"  data-custom-vc-row=\"\"  data-vc=\"8.7.2\"  data-is_old_vc=\"\"  data-theme-support=\"disable\"   data-overlay=\"false\" data-overlay-color=\"\" data-overlay-pattern=\"\" data-overlay-pattern-opacity=\"\" data-overlay-pattern-size=\"\"    ><\/div><section class=\"l-section wpb_row height_small\"><div class=\"l-section-h i-cf\"><div class=\"g-cols vc_row via_flex valign_top type_default stacking_default\"><div class=\"vc_col-sm-12 wpb_column vc_column_container\"><div class=\"vc_column-inner\"><div class=\"wpb_wrapper\"><div class=\"w-actionbox us_custom_e47d7875 color_light controls_right\"><div class=\"w-actionbox-text\"><div class=\"w-actionbox-description\"><p>Sie m\u00f6chten unseren Kotlin-Client nutzen?<br \/>\n\u00dcber den Button gelangen Sie zu unserem entsprechenden GitHub-Repository.<\/p>\n<\/div><\/div><div class=\"w-actionbox-controls\"><a class=\"w-btn us-btn-style_5\" target=\"_blank\" rel=\"nofollow noopener\" href=\"https:\/\/github.com\/seven-io\/kotlin-client\"><span class=\"w-btn-label\">Zu GitHub<\/span><\/a><\/div><\/div><\/div><\/div><\/div><\/div><\/div><\/section><!-- Row Backgrounds --><div class=\"upb_color\" data-bg-override=\"0\" data-bg-color=\"#ffffff\" data-fadeout=\"\" data-fadeout-percentage=\"30\" data-parallax-content=\"\" data-parallax-content-sense=\"30\" data-row-effect-mobile-disable=\"true\" data-img-parallax-mobile-disable=\"true\" data-rtl=\"false\"  data-custom-vc-row=\"\"  data-vc=\"8.7.2\"  data-is_old_vc=\"\"  data-theme-support=\"disable\"   data-overlay=\"false\" data-overlay-color=\"\" data-overlay-pattern=\"\" data-overlay-pattern-opacity=\"\" data-overlay-pattern-size=\"\"    ><\/div>\n","protected":false},"excerpt":{"rendered":"Kotlin ist eine multiparadigmatische Programmiersprache, die sich immer gr\u00f6\u00dferer Beliebtheit erfreut. Die noch recht junge Sprache wurde im Jahr 2011 ver\u00f6ffentlicht. Sie ist vor allem dadurch bekannt geworden, dass sie unter anderem zur Entwicklung von Android-Apps verwendet wird. Die Sprache wird Open-Source entwickelt, allerdings ist die Firma JetBrains\u00a0ma\u00dfgeblich an der Entwicklung beteiligt. Eine weitere Besonderheit...","protected":false},"author":1,"featured_media":24715,"parent":5428,"menu_order":0,"comment_status":"closed","ping_status":"closed","template":"","meta":{"content-type":"","footnotes":""},"class_list":["post-24701","page","type-page","status-publish","has-post-thumbnail","hentry"],"_links":{"self":[{"href":"https:\/\/www.seven.io\/de\/wp-json\/wp\/v2\/pages\/24701","targetHints":{"allow":["GET"]}}],"collection":[{"href":"https:\/\/www.seven.io\/de\/wp-json\/wp\/v2\/pages"}],"about":[{"href":"https:\/\/www.seven.io\/de\/wp-json\/wp\/v2\/types\/page"}],"author":[{"embeddable":true,"href":"https:\/\/www.seven.io\/de\/wp-json\/wp\/v2\/users\/1"}],"replies":[{"embeddable":true,"href":"https:\/\/www.seven.io\/de\/wp-json\/wp\/v2\/comments?post=24701"}],"version-history":[{"count":19,"href":"https:\/\/www.seven.io\/de\/wp-json\/wp\/v2\/pages\/24701\/revisions"}],"predecessor-version":[{"id":88497,"href":"https:\/\/www.seven.io\/de\/wp-json\/wp\/v2\/pages\/24701\/revisions\/88497"}],"up":[{"embeddable":true,"href":"https:\/\/www.seven.io\/de\/wp-json\/wp\/v2\/pages\/5428"}],"wp:featuredmedia":[{"embeddable":true,"href":"https:\/\/www.seven.io\/de\/wp-json\/wp\/v2\/media\/24715"}],"wp:attachment":[{"href":"https:\/\/www.seven.io\/de\/wp-json\/wp\/v2\/media?parent=24701"}],"curies":[{"name":"wp","href":"https:\/\/api.w.org\/{rel}","templated":true}]}}