{"id":24851,"date":"2021-02-24T10:17:27","date_gmt":"2021-02-24T09:17:27","guid":{"rendered":"https:\/\/www.sms77.io\/?page_id=24851"},"modified":"2024-03-27T09:39:30","modified_gmt":"2024-03-27T08:39:30","slug":"matomo","status":"publish","type":"page","link":"https:\/\/www.seven.io\/de\/loesungen\/integrationen\/matomo\/","title":{"rendered":"Matomo"},"content":{"rendered":"<section class=\"l-section wpb_row height_small\"><div class=\"l-section-h i-cf\"><div class=\"g-cols vc_row via_flex valign_top type_default stacking_default\"><div class=\"vc_col-sm-6 wpb_column vc_column_container\"><div class=\"vc_column-inner\"><div class=\"wpb_wrapper\"><div class=\"wpb_text_column\"><div class=\"wpb_wrapper\"><p><strong>Matomo ist eine Webanalytik-Plattform , die in Deutschland sehr verbreitet ist. Die Software hie\u00df fr\u00fcher Piwik und wurde 2018 in Matomo umbenannt. Das japanische Wort bedeutet auf Deutsch so viel wie <em>ehrlich<\/em> oder <em>anst\u00e4ndig<\/em> und genau diesen Wert vertreten die Verantwortlichen. Das bedeutet nicht nur, dass die Software Open Source ist, sondern auch, dass die Nutzer die volle Kontrolle \u00fcber ihre Daten haben. Auf der eigenen Homepage wird sie sogar als eine ethische Alternative zum bekannten Marktf\u00fchrer in Sachen Webanalyse bezeichnet. Dar\u00fcber hinaus kann die Plattform sowohl auf eigenen Servern als auch in der Cloud des Anbieters gehostet werden. Neben umfangreichen Funktionen in den Standardversionen k\u00f6nnen Sie nach Bedarf auch <a href=\"https:\/\/matomo.org\/blog\/2018\/01\/how-to-install-a-matomo-premium-feature\/\" rel=\"noopener\">Premiumfeatures<\/a> freischalten. Nicht nur Datenschutzfreunde sollten hier einmal genauer hinsehen.<\/strong><\/p>\n<\/div><\/div><div class=\"w-btn-wrapper align_none\"><a class=\"w-btn us-btn-style_1 no-border\" target=\"_blank\" rel=\"nofollow noopener\" href=\"https:\/\/github.com\/seven-io\/matomo\"><span class=\"w-btn-label\">Zu unserem Matomo-Plugin<\/span><\/a><\/div><\/div><\/div><\/div><div class=\"vc_col-sm-6 wpb_column vc_column_container\"><div class=\"vc_column-inner\"><div class=\"wpb_wrapper\"><div class=\"w-video align_none ratio_16x9 has_iframe\"><div class=\"w-video-h\"><iframe title=\"Youtube video player\" src=\"\/\/www.youtube.com\/embed\/Qc2kooLNDiU?autoplay=0&controls=0&origin=https:\/\/www.seven.io\/de\/&loop=0&mute=0\" allowfullscreen=\"1\" loading=\"lazy\"><\/iframe><\/div><\/div><\/div><\/div><\/div><\/div><\/div><\/section><section class=\"l-section wpb_row height_small color_alternate\"><div class=\"l-section-h i-cf\"><div class=\"g-cols vc_row via_flex valign_top type_default stacking_default\"><div class=\"vc_col-sm-6 wpb_column vc_column_container\"><div class=\"vc_column-inner\"><div class=\"wpb_wrapper\"><div class=\"w-image no-border align_center\"><a ref=\"magnificPopup\" href=\"https:\/\/www.seven.io\/wp-content\/uploads\/integrationen_matomo_mockup_dashboard.png\" aria-label=\"integrationen_matomo_mockup_dashboard\" class=\"w-image-h\"><img decoding=\"async\" width=\"600\" height=\"373\" src=\"https:\/\/www.seven.io\/wp-content\/uploads\/integrationen_matomo_mockup_dashboard-600x373.png\" class=\"attachment-us_600_0 size-us_600_0\" alt=\"Das Dashboard der Webanalyse-Software\" loading=\"lazy\" srcset=\"https:\/\/www.seven.io\/wp-content\/uploads\/integrationen_matomo_mockup_dashboard-600x373.png 600w, https:\/\/www.seven.io\/wp-content\/uploads\/integrationen_matomo_mockup_dashboard-300x186.png 300w, https:\/\/www.seven.io\/wp-content\/uploads\/integrationen_matomo_mockup_dashboard-250x155.png 250w, https:\/\/www.seven.io\/wp-content\/uploads\/integrationen_matomo_mockup_dashboard-768x477.png 768w, https:\/\/www.seven.io\/wp-content\/uploads\/integrationen_matomo_mockup_dashboard-400x248.png 400w, https:\/\/www.seven.io\/wp-content\/uploads\/integrationen_matomo_mockup_dashboard-200x124.png 200w, https:\/\/www.seven.io\/wp-content\/uploads\/integrationen_matomo_mockup_dashboard.png 1024w\" sizes=\"auto, (max-width: 600px) 100vw, 600px\" \/><\/a><\/div><\/div><\/div><\/div><div class=\"vc_col-sm-6 wpb_column vc_column_container\"><div class=\"vc_column-inner\"><div class=\"wpb_wrapper\"><div class=\"wpb_text_column\"><div class=\"wpb_wrapper\"><h3>Das seven-Plugin f\u00fcr Matomo<\/h3>\n<p>Mit dem seven-Plugin f\u00fcr Matomo k\u00f6nnen Sie sich angepasste Reports via SMS zusenden lassen. Die Kurznachrichten eignen sich daf\u00fcr besonders gut, weil sie eine hohe Aufmerksamkeit bei ihren Empf\u00e4ngern erzeugen. Dabei behalten Sie immer die Kontrolle dar\u00fcber, auf welchen Weg sich Ihre SMS macht.<\/p>\n<p>Sie k\u00f6nnen Ihre Berichte unterwegs via SMS auf Ihrem Handy empfangen, oder sie ganz einfach via Webhook oder Email weiterleiten lassen. Selbstverst\u00e4ndlichen k\u00f6nnen Sie auch mehrere dieser Weiterleitungsm\u00f6glichkeiten kombinieren. Sobald Sie sich bei uns registriert haben und Ihr Guthaben f\u00fcr die Nachrichten ausreicht, k\u00f6nnen Sie den SMS-Versand unkompliziert in Matomo integrieren und Ihren ersten Bericht senden. Sie haben noch keinen Account bei uns?<\/p>\n<p><a href=\"https:\/\/app.seven.io\/signup\" rel=\"noopener\">Jetzt anmelden<\/a> und von flexiblen Dienstleistungen profitieren!<\/p>\n<\/div><\/div><\/div><\/div><\/div><\/div><\/div><\/section><!-- Row Backgrounds --><div class=\"upb_color\" data-bg-override=\"0\" data-bg-color=\"#f4f4f4\" data-fadeout=\"\" data-fadeout-percentage=\"30\" data-parallax-content=\"\" data-parallax-content-sense=\"30\" data-row-effect-mobile-disable=\"true\" data-img-parallax-mobile-disable=\"true\" data-rtl=\"false\"  data-custom-vc-row=\"\"  data-vc=\"8.7.2\"  data-is_old_vc=\"\"  data-theme-support=\"disable\"   data-overlay=\"false\" data-overlay-color=\"\" data-overlay-pattern=\"\" data-overlay-pattern-opacity=\"\" data-overlay-pattern-size=\"\"    ><\/div><section class=\"l-section wpb_row height_small\"><div class=\"l-section-h i-cf\"><div class=\"g-cols vc_row via_flex valign_top type_default stacking_default\"><div class=\"vc_col-sm-6 wpb_column vc_column_container\"><div class=\"vc_column-inner\"><div class=\"wpb_wrapper\"><div class=\"wpb_text_column\"><div class=\"wpb_wrapper\"><h3>Automatischer Versand von Analysereports via SMS<\/h3>\n<\/div><\/div><div class=\"uavc-list-icon uavc-list-icon-wrapper ult-adjust-bottom-margin   \"><ul class=\"uavc-list\"><li><div class=\"uavc-list-content\" id=\"list-icon-wrap-4450\">\n<div class=\"uavc-list-icon  \" data-animation=\"\" data-animation-delay=\"03\" style=\"margin-right:25px;\"><div class=\"ult-just-icon-wrapper  \"><div class=\"align-icon\" style=\"text-align:center;\">\n<div class=\"aio-icon none \"  style=\"color:#52c0fa;font-size:40px;display:inline-block;\">\n\t<i class=\"Defaults-envelope-o\"><\/i>\n<\/div><\/div><\/div>\n<\/div><span  data-ultimate-target='#list-icon-wrap-4450 .uavc-list-desc'  data-responsive-json-new='{\"font-size\":\"\",\"line-height\":\"\"}'  class=\"uavc-list-desc ult-responsive\" style=\"\">Lassen Sie sich Ihre individuellen Reports f\u00fcr Ihre Webseiten via SMS zusenden. Ihr Vorteil: Sie sind nicht nur immer auf dem neusten Stand, sondern k\u00f6nnen die SMS auch durch unser Gateway weiterleiten lassen.<\/p>\n<p>So kommen die Berichte immer genau dort an, wo sie gebraucht werden. Matomo l\u00e4sst Sie die Berichte nach Ihren Bed\u00fcrfnissen konfigurieren, wir sorgen daf\u00fcr, dass sie am richtigen Ort ankommen.<\/span><\/div><\/li><\/ul><\/div><\/div><\/div><\/div><div class=\"vc_col-sm-6 wpb_column vc_column_container\"><div class=\"vc_column-inner\"><div class=\"wpb_wrapper\"><div class=\"w-image no-border align_center\"><a ref=\"magnificPopup\" href=\"https:\/\/www.seven.io\/wp-content\/uploads\/integrationen_matomo_create_screen.png\" aria-label=\"integrationen_matomo_create_screen\" class=\"w-image-h\"><img decoding=\"async\" width=\"400\" height=\"320\" src=\"https:\/\/www.seven.io\/wp-content\/uploads\/integrationen_matomo_create_screen-400x320.png\" class=\"attachment-us_400_0 size-us_400_0\" alt=\"Lassen Sie sich Analysedaten aus Matomo via SMS zusenden\" loading=\"lazy\" srcset=\"https:\/\/www.seven.io\/wp-content\/uploads\/integrationen_matomo_create_screen-400x320.png 400w, https:\/\/www.seven.io\/wp-content\/uploads\/integrationen_matomo_create_screen-300x240.png 300w, https:\/\/www.seven.io\/wp-content\/uploads\/integrationen_matomo_create_screen-250x200.png 250w, https:\/\/www.seven.io\/wp-content\/uploads\/integrationen_matomo_create_screen-600x480.png 600w, https:\/\/www.seven.io\/wp-content\/uploads\/integrationen_matomo_create_screen-768x614.png 768w, https:\/\/www.seven.io\/wp-content\/uploads\/integrationen_matomo_create_screen-500x400.png 500w, https:\/\/www.seven.io\/wp-content\/uploads\/integrationen_matomo_create_screen-200x160.png 200w, https:\/\/www.seven.io\/wp-content\/uploads\/integrationen_matomo_create_screen.png 1024w\" sizes=\"auto, (max-width: 400px) 100vw, 400px\" \/><\/a><\/div><div class=\"w-separator size_small\"><\/div><div class=\"wpb_text_column\"><div class=\"wpb_wrapper\"><p style=\"text-align: center;\"><em>Einstellungsbereich f\u00fcr Berichte in Matomo.\u00a0<\/em><br \/>\n<em>Zum Vergr\u00f6\u00dfern anklicken.<\/em><\/p>\n<\/div><\/div><\/div><\/div><\/div><\/div><\/div><\/section><section class=\"l-section wpb_row height_small\"><div class=\"l-section-h i-cf\"><div class=\"g-cols vc_row via_flex valign_top type_default stacking_default\"><div class=\"vc_col-sm-12 wpb_column vc_column_container\"><div class=\"vc_column-inner\"><div class=\"wpb_wrapper\"><div class=\"w-actionbox us_custom_e47d7875 color_light controls_right\"><div class=\"w-actionbox-text\"><div class=\"w-actionbox-description\"><p>Sie brauchen Hilfe bei der Installation oder der Einrichtung der Funktionen?<br \/>\nAuf unserer GitHub-Seite finden Sie weitere Informationen.<\/p>\n<\/div><\/div><div class=\"w-actionbox-controls\"><a class=\"w-btn us-btn-style_5\" target=\"_blank\" href=\"https:\/\/github.com\/seven-io\/matomo\" rel=\"noopener\"><span class=\"w-btn-label\">Zu GitHub<\/span><\/a><\/div><\/div><\/div><\/div><\/div><\/div><\/div><\/section><!-- Row Backgrounds --><div class=\"upb_color\" data-bg-override=\"0\" data-bg-color=\"#ffffff\" data-fadeout=\"\" data-fadeout-percentage=\"30\" data-parallax-content=\"\" data-parallax-content-sense=\"30\" data-row-effect-mobile-disable=\"true\" data-img-parallax-mobile-disable=\"true\" data-rtl=\"false\"  data-custom-vc-row=\"\"  data-vc=\"8.7.2\"  data-is_old_vc=\"\"  data-theme-support=\"disable\"   data-overlay=\"false\" data-overlay-color=\"\" data-overlay-pattern=\"\" data-overlay-pattern-opacity=\"\" data-overlay-pattern-size=\"\"    ><\/div>\n","protected":false},"excerpt":{"rendered":"Matomo ist eine Webanalytik-Plattform , die in Deutschland sehr verbreitet ist. Die Software hie\u00df fr\u00fcher Piwik und wurde 2018 in Matomo umbenannt. Das japanische Wort bedeutet auf Deutsch so viel wie ehrlich oder anst\u00e4ndig und genau diesen Wert vertreten die Verantwortlichen. Das bedeutet nicht nur, dass die Software Open Source ist, sondern auch, dass die...","protected":false},"author":1,"featured_media":24854,"parent":17075,"menu_order":0,"comment_status":"closed","ping_status":"closed","template":"","meta":{"content-type":"","footnotes":""},"class_list":["post-24851","page","type-page","status-publish","has-post-thumbnail","hentry"],"_links":{"self":[{"href":"https:\/\/www.seven.io\/de\/wp-json\/wp\/v2\/pages\/24851","targetHints":{"allow":["GET"]}}],"collection":[{"href":"https:\/\/www.seven.io\/de\/wp-json\/wp\/v2\/pages"}],"about":[{"href":"https:\/\/www.seven.io\/de\/wp-json\/wp\/v2\/types\/page"}],"author":[{"embeddable":true,"href":"https:\/\/www.seven.io\/de\/wp-json\/wp\/v2\/users\/1"}],"replies":[{"embeddable":true,"href":"https:\/\/www.seven.io\/de\/wp-json\/wp\/v2\/comments?post=24851"}],"version-history":[{"count":30,"href":"https:\/\/www.seven.io\/de\/wp-json\/wp\/v2\/pages\/24851\/revisions"}],"predecessor-version":[{"id":25732,"href":"https:\/\/www.seven.io\/de\/wp-json\/wp\/v2\/pages\/24851\/revisions\/25732"}],"up":[{"embeddable":true,"href":"https:\/\/www.seven.io\/de\/wp-json\/wp\/v2\/pages\/17075"}],"wp:featuredmedia":[{"embeddable":true,"href":"https:\/\/www.seven.io\/de\/wp-json\/wp\/v2\/media\/24854"}],"wp:attachment":[{"href":"https:\/\/www.seven.io\/de\/wp-json\/wp\/v2\/media?parent=24851"}],"curies":[{"name":"wp","href":"https:\/\/api.w.org\/{rel}","templated":true}]}}