{"id":24909,"date":"2021-04-16T12:27:25","date_gmt":"2021-04-16T10:27:25","guid":{"rendered":"https:\/\/www.sms77.io\/?page_id=24909"},"modified":"2024-07-02T12:18:58","modified_gmt":"2024-07-02T10:18:58","slug":"typo3","status":"publish","type":"page","link":"https:\/\/www.seven.io\/de\/loesungen\/integrationen\/typo3\/","title":{"rendered":"TYPO3"},"content":{"rendered":"<section class=\"l-section wpb_row height_small\"><div class=\"l-section-h i-cf\"><div class=\"g-cols vc_row via_flex valign_middle type_default stacking_default\"><div class=\"vc_col-sm-6 wpb_column vc_column_container\"><div class=\"vc_column-inner\"><div class=\"wpb_wrapper\"><div class=\"wpb_text_column\"><div class=\"wpb_wrapper\"><p><strong>TYPO3 ist ein besonders in Deutschland sehr popul\u00e4res Content Management System. Es erschien erstmalig im Jahr 1998. Die freie Software wird von Unternehmen jeder Gr\u00f6\u00dfe f\u00fcr zahlreiche Anwendungsf\u00e4lle genutzt. Von Blogs \u00fcber Onlineshops bis hin zu Multimedia-Anwendungen \u2013 es gibt kaum ein Projekt, das sich mit der flexiblen Software nicht realisieren lie\u00dfe. Die Flexibilit\u00e4t verdankt das CMS nicht zuletzt seinen Erweiterungen, mit denen Anwender die Funktionen hinzuf\u00fcgen k\u00f6nnen, die ihren Bed\u00fcrfnissen entsprechen. <\/strong><\/p>\n<p><strong>Dank der aktiven Community wird die Open Source Software stetig weiterentwickelt und verbessert. Interessierte finden ihre Informationen nicht nur auf der Website oder in zahlreichen Foren, sondern k\u00f6nnen sich auch auf einer der regelm\u00e4\u00dfig stattfindenden <a href=\"https:\/\/typo3.org\/community\/events\" target=\"_blank\" rel=\"noopener\" data-schema-attribute=\"\">Veranstaltungen und Konferenzen<\/a> weiterbilden.<\/strong><\/p>\n<\/div><\/div><div class=\"w-btn-wrapper align_none\"><a class=\"w-btn us-btn-style_1 no-border\" target=\"_blank\" rel=\"nofollow noopener\" href=\"https:\/\/github.com\/seven-io\/typo3\"><span class=\"w-btn-label\">Unsere SMS Extension f\u00fcr TYPO3<\/span><\/a><\/div><\/div><\/div><\/div><div class=\"vc_col-sm-6 wpb_column vc_column_container\"><div class=\"vc_column-inner\"><div class=\"wpb_wrapper\"><div class=\"w-video align_none ratio_16x9 has_iframe\"><div class=\"w-video-h\"><iframe title=\"Youtube video player\" src=\"\/\/www.youtube.com\/embed\/LMx4SmK4s0U?autoplay=0&controls=0&origin=https:\/\/www.seven.io\/de\/&loop=0&mute=0\" allowfullscreen=\"1\" loading=\"lazy\"><\/iframe><\/div><\/div><\/div><\/div><\/div><\/div><\/div><\/section><section class=\"l-section wpb_row height_small color_alternate\"><div class=\"l-section-h i-cf\"><div class=\"g-cols vc_row via_flex valign_middle type_default stacking_default\"><div class=\"vc_col-sm-6 wpb_column vc_column_container\"><div class=\"vc_column-inner\"><div class=\"wpb_wrapper\"><div class=\"w-image align_center\"><div class=\"w-image-h\"><img decoding=\"async\" width=\"400\" height=\"501\" src=\"https:\/\/www.seven.io\/wp-content\/uploads\/integrationen_typo3_mock_nordic_EN-400x501.png\" class=\"attachment-us_400_0 size-us_400_0\" alt=\"Listen up, businesses! Send SMS with the SMS Extension for Typo3\" loading=\"lazy\" srcset=\"https:\/\/www.seven.io\/wp-content\/uploads\/integrationen_typo3_mock_nordic_EN-400x501.png 400w, https:\/\/www.seven.io\/wp-content\/uploads\/integrationen_typo3_mock_nordic_EN-240x300.png 240w, https:\/\/www.seven.io\/wp-content\/uploads\/integrationen_typo3_mock_nordic_EN-250x313.png 250w, https:\/\/www.seven.io\/wp-content\/uploads\/integrationen_typo3_mock_nordic_EN-600x751.png 600w, https:\/\/www.seven.io\/wp-content\/uploads\/integrationen_typo3_mock_nordic_EN-300x376.png 300w, https:\/\/www.seven.io\/wp-content\/uploads\/integrationen_typo3_mock_nordic_EN-320x400.png 320w, https:\/\/www.seven.io\/wp-content\/uploads\/integrationen_typo3_mock_nordic_EN-200x250.png 200w, https:\/\/www.seven.io\/wp-content\/uploads\/integrationen_typo3_mock_nordic_EN.png 639w\" sizes=\"auto, (max-width: 400px) 100vw, 400px\" \/><\/div><\/div><\/div><\/div><\/div><div class=\"vc_col-sm-6 wpb_column vc_column_container\"><div class=\"vc_column-inner\"><div class=\"wpb_wrapper\"><div class=\"wpb_text_column\"><div class=\"wpb_wrapper\"><h3>Unsere SMS Extension f\u00fcr TYPO3<\/h3>\n<p>Wenn Sie sich f\u00fcr TYPO3 entschieden haben, legen Sie Wert auf eine starke Performance, Flexibilit\u00e4t und Sicherheit. Ihr SMS-Gateway-Provider sollte die gleichen Voraussetzungen erf\u00fcllen. Wir bieten Ihnen flexible Dienstleistungen, die Sie nach Ihren Bed\u00fcrfnissen erweitern k\u00f6nnen und ein hochperformantes und sicheres Gateway. Mit unserer SMS Extension f\u00fcr TYPO3 k\u00f6nnen Sie unsere Produkte ab der TYPO3-Version 10 einbinden.<\/p>\n<p>Entscheiden Sie sich f\u00fcr die Erweiterung von seven, um direkt aus TYPO3 SMS und Text2Speech-Nachrichten zu versenden. Auch unsere Nummernvalidierung steht Ihnen durch die Erweiterung zur Verf\u00fcgung. Sie erleichtert Ihnen die Pflege Ihrer Kundendaten und hilft Ihnen dabei, bares Geld zu sparen, indem Sie ung\u00fcltige Nummern im Voraus erkennen und aussortieren k\u00f6nnen.<\/p>\n<\/div><\/div><\/div><\/div><\/div><\/div><\/div><\/section><!-- Row Backgrounds --><div class=\"upb_color\" data-bg-override=\"0\" data-bg-color=\"#f4f4f4\" data-fadeout=\"\" data-fadeout-percentage=\"30\" data-parallax-content=\"\" data-parallax-content-sense=\"30\" data-row-effect-mobile-disable=\"true\" data-img-parallax-mobile-disable=\"true\" data-rtl=\"false\"  data-custom-vc-row=\"\"  data-vc=\"8.7.2\"  data-is_old_vc=\"\"  data-theme-support=\"disable\"   data-overlay=\"false\" data-overlay-color=\"\" data-overlay-pattern=\"\" data-overlay-pattern-opacity=\"\" data-overlay-pattern-size=\"\"    ><\/div><section class=\"l-section wpb_row height_small\"><div class=\"l-section-h i-cf\"><div class=\"g-cols vc_row via_flex valign_middle type_default stacking_default\"><div class=\"vc_col-sm-6 wpb_column vc_column_container\"><div class=\"vc_column-inner\"><div class=\"wpb_wrapper\"><div class=\"wpb_text_column\"><div class=\"wpb_wrapper\"><h3>SMS-Versand<\/h3>\n<\/div><\/div><div class=\"uavc-list-icon uavc-list-icon-wrapper ult-adjust-bottom-margin   \"><ul class=\"uavc-list\"><li><div class=\"uavc-list-content\" id=\"list-icon-wrap-1682\">\n<div class=\"uavc-list-icon  \" data-animation=\"\" data-animation-delay=\"03\" style=\"margin-right:25px;\"><div class=\"ult-just-icon-wrapper  \"><div class=\"align-icon\" style=\"text-align:center;\">\n<div class=\"aio-icon none \"  style=\"color:#52c0fa;font-size:40px;display:inline-block;\">\n\t<i class=\"Defaults-envelope-o\"><\/i>\n<\/div><\/div><\/div>\n<\/div><span  data-ultimate-target='#list-icon-wrap-1682 .uavc-list-desc'  data-responsive-json-new='{\"font-size\":\"\",\"line-height\":\"\"}'  class=\"uavc-list-desc ult-responsive\" style=\"\">Nutzen Sie den SMS-Versand aus TYPO3 um Benachrichtigungen zu versenden oder verschicken Sie hunderte von SMS in Ihrer mobilen Marketing-Kampagne.<\/span><\/div><\/li><\/ul><\/div><div class=\"wpb_text_column\"><div class=\"wpb_wrapper\"><h3>Text2Speech<\/h3>\n<\/div><\/div><div class=\"uavc-list-icon uavc-list-icon-wrapper ult-adjust-bottom-margin   \"><ul class=\"uavc-list\"><li><div class=\"uavc-list-content\" id=\"list-icon-wrap-2561\">\n<div class=\"uavc-list-icon  \" data-animation=\"\" data-animation-delay=\"03\" style=\"margin-right:25px;\"><div class=\"ult-just-icon-wrapper  \"><div class=\"align-icon\" style=\"text-align:center;\">\n<div class=\"aio-icon none \"  style=\"color:#52c0fa;font-size:40px;display:inline-block;\">\n\t<i class=\"Defaults-bullhorn\"><\/i>\n<\/div><\/div><\/div>\n<\/div><span  data-ultimate-target='#list-icon-wrap-2561 .uavc-list-desc'  data-responsive-json-new='{\"font-size\":\"\",\"line-height\":\"\"}'  class=\"uavc-list-desc ult-responsive\" style=\"\">Versenden Sie <a href=\"\/de\/produkte\/voice\/\">Text2Speech-, oder Voice-Nachrichten<\/a>, um Ihren Empf\u00e4ngern einen besonderen Service zu bieten. Die Nachricht wird den Empf\u00e4ngern als Anruf zugestellt und der Text automatisch vorgelesen.<\/span><\/div><\/li><\/ul><\/div><div class=\"wpb_text_column\"><div class=\"wpb_wrapper\"><h3>Nummernvalidierung<\/h3>\n<\/div><\/div><div class=\"uavc-list-icon uavc-list-icon-wrapper ult-adjust-bottom-margin   \"><ul class=\"uavc-list\"><li><div class=\"uavc-list-content\" id=\"list-icon-wrap-2896\">\n<div class=\"uavc-list-icon  \" data-animation=\"\" data-animation-delay=\"03\" style=\"margin-right:25px;\"><div class=\"ult-just-icon-wrapper  \"><div class=\"align-icon\" style=\"text-align:center;\">\n<div class=\"aio-icon none \"  style=\"color:#52c0fa;font-size:40px;display:inline-block;\">\n\t<i class=\"Defaults-check-square-o\"><\/i>\n<\/div><\/div><\/div>\n<\/div><span  data-ultimate-target='#list-icon-wrap-2896 .uavc-list-desc'  data-responsive-json-new='{\"font-size\":\"\",\"line-height\":\"\"}'  class=\"uavc-list-desc ult-responsive\" style=\"\">Mit unseren <a href=\"\/produkte\/nummernvalidierung\/\">Lookup-Produkten<\/a> k\u00f6nnen Sie wichtige Informationen \u00fcber mobile Rufnummern abfragen. Dies kann Ihnen unter anderem dabei helfen, Ihre Kontakte auf dem neusten Stand zu halten und ung\u00fcltige Nummern auszusortieren.<\/span><\/div><\/li><\/ul><\/div><\/div><\/div><\/div><div class=\"vc_col-sm-6 wpb_column vc_column_container\"><div class=\"vc_column-inner\"><div class=\"wpb_wrapper\"><div class=\"w-image align_center\"><div class=\"w-image-h\"><img decoding=\"async\" width=\"768\" height=\"510\" src=\"https:\/\/www.seven.io\/wp-content\/uploads\/integrationen_typo3_mood-768x510.png\" class=\"attachment-us_768_0 size-us_768_0\" alt=\"Senden Sie SMS mit unserer SMS Extension f\u00fcr Typo3\" loading=\"lazy\" srcset=\"https:\/\/www.seven.io\/wp-content\/uploads\/integrationen_typo3_mood-768x510.png 768w, https:\/\/www.seven.io\/wp-content\/uploads\/integrationen_typo3_mood-300x199.png 300w, https:\/\/www.seven.io\/wp-content\/uploads\/integrationen_typo3_mood-250x166.png 250w, https:\/\/www.seven.io\/wp-content\/uploads\/integrationen_typo3_mood-600x398.png 600w, https:\/\/www.seven.io\/wp-content\/uploads\/integrationen_typo3_mood-400x266.png 400w, https:\/\/www.seven.io\/wp-content\/uploads\/integrationen_typo3_mood-200x133.png 200w, https:\/\/www.seven.io\/wp-content\/uploads\/integrationen_typo3_mood.png 1024w\" sizes=\"auto, (max-width: 768px) 100vw, 768px\" \/><\/div><\/div><\/div><\/div><\/div><\/div><\/div><\/section><section class=\"l-section wpb_row height_small\"><div class=\"l-section-h i-cf\"><div class=\"g-cols vc_row via_flex valign_top type_default stacking_default\"><div class=\"vc_col-sm-12 wpb_column vc_column_container\"><div class=\"vc_column-inner\"><div class=\"wpb_wrapper\"><div class=\"w-actionbox us_custom_e47d7875 color_light controls_right\"><div class=\"w-actionbox-text\"><div class=\"w-actionbox-description\"><p>Sie brauchen Hilfe bei der Installation oder der Einrichtung der Funktionen?<br \/>\nAuf unserer GitHub-Seite finden Sie weitere Informationen.<\/p>\n<\/div><\/div><div class=\"w-actionbox-controls\"><a class=\"w-btn us-btn-style_5\" target=\"_blank\" href=\"https:\/\/github.com\/seven-io\/typo3\" rel=\"noopener\"><span class=\"w-btn-label\">Zu GitHub<\/span><\/a><\/div><\/div><\/div><\/div><\/div><\/div><\/div><\/section><!-- Row Backgrounds --><div class=\"upb_color\" data-bg-override=\"0\" data-bg-color=\"#ffffff\" data-fadeout=\"\" data-fadeout-percentage=\"30\" data-parallax-content=\"\" data-parallax-content-sense=\"30\" data-row-effect-mobile-disable=\"true\" data-img-parallax-mobile-disable=\"true\" data-rtl=\"false\"  data-custom-vc-row=\"\"  data-vc=\"8.7.2\"  data-is_old_vc=\"\"  data-theme-support=\"disable\"   data-overlay=\"false\" data-overlay-color=\"\" data-overlay-pattern=\"\" data-overlay-pattern-opacity=\"\" data-overlay-pattern-size=\"\"    ><\/div>\n","protected":false},"excerpt":{"rendered":"TYPO3 ist ein besonders in Deutschland sehr popul\u00e4res Content Management System. Es erschien erstmalig im Jahr 1998. Die freie Software wird von Unternehmen jeder Gr\u00f6\u00dfe f\u00fcr zahlreiche Anwendungsf\u00e4lle genutzt. Von Blogs \u00fcber Onlineshops bis hin zu Multimedia-Anwendungen \u2013 es gibt kaum ein Projekt, das sich mit der flexiblen Software nicht realisieren lie\u00dfe. Die Flexibilit\u00e4t verdankt...","protected":false},"author":1,"featured_media":24935,"parent":17075,"menu_order":0,"comment_status":"closed","ping_status":"closed","template":"","meta":{"content-type":"","footnotes":""},"class_list":["post-24909","page","type-page","status-publish","has-post-thumbnail","hentry"],"_links":{"self":[{"href":"https:\/\/www.seven.io\/de\/wp-json\/wp\/v2\/pages\/24909","targetHints":{"allow":["GET"]}}],"collection":[{"href":"https:\/\/www.seven.io\/de\/wp-json\/wp\/v2\/pages"}],"about":[{"href":"https:\/\/www.seven.io\/de\/wp-json\/wp\/v2\/types\/page"}],"author":[{"embeddable":true,"href":"https:\/\/www.seven.io\/de\/wp-json\/wp\/v2\/users\/1"}],"replies":[{"embeddable":true,"href":"https:\/\/www.seven.io\/de\/wp-json\/wp\/v2\/comments?post=24909"}],"version-history":[{"count":39,"href":"https:\/\/www.seven.io\/de\/wp-json\/wp\/v2\/pages\/24909\/revisions"}],"predecessor-version":[{"id":92908,"href":"https:\/\/www.seven.io\/de\/wp-json\/wp\/v2\/pages\/24909\/revisions\/92908"}],"up":[{"embeddable":true,"href":"https:\/\/www.seven.io\/de\/wp-json\/wp\/v2\/pages\/17075"}],"wp:featuredmedia":[{"embeddable":true,"href":"https:\/\/www.seven.io\/de\/wp-json\/wp\/v2\/media\/24935"}],"wp:attachment":[{"href":"https:\/\/www.seven.io\/de\/wp-json\/wp\/v2\/media?parent=24909"}],"curies":[{"name":"wp","href":"https:\/\/api.w.org\/{rel}","templated":true}]}}