{"id":25032,"date":"2021-03-02T16:06:36","date_gmt":"2021-03-02T15:06:36","guid":{"rendered":"https:\/\/www.sms77.io\/?page_id=25032"},"modified":"2023-07-13T14:48:47","modified_gmt":"2023-07-13T12:48:47","slug":"php","status":"publish","type":"page","link":"https:\/\/www.seven.io\/de\/entwickler\/php\/","title":{"rendered":"PHP"},"content":{"rendered":"<section class=\"l-section wpb_row height_small\"><div class=\"l-section-h i-cf\"><div class=\"g-cols vc_row via_flex valign_middle type_default stacking_default\"><div class=\"vc_col-sm-6 wpb_column vc_column_container\"><div class=\"vc_column-inner\"><div class=\"wpb_wrapper\"><div class=\"wpb_text_column\"><div class=\"wpb_wrapper\"><p><strong>PHP ist eine freie Skriptsprache, die vor allem in der serverseitigen Programmierung, in der Kommandozeilenprogrammierung und in der Programmierung von Desktopapplikationen verwendet wird. Sie wurde vom Programmierer <a href=\"https:\/\/www.youtube.com\/watch?v=wCZ5TJCBWMg\" target=\"_blank\" rel=\"noopener\" data-schema-attribute=\"\">Rasmus Lerdorf<\/a> entwickelt, der seine erste Version bereits im Jahre 1995 ver\u00f6ffentlichte. Seitdem wurde die Sprache kontinuierlich weiterentwickelt. <\/strong><\/p>\n<p><strong>Sie gilt als flexibel und leicht erlernbar, weshalb sie von Anf\u00e4ngern und Profis gleicherma\u00dfen gesch\u00e4tzt wird. Anfang 2021 verwendeten <a href=\"https:\/\/w3techs.com\/technologies\/overview\/programming_language\" target=\"_blank\" rel=\"noopener\" data-schema-attribute=\"\">ganze 79,2% aller Websites<\/a> PHP als serverseitige Programmiersprache. Damit liegt sie mit gro\u00dfem Abstand vor allen anderen Sprachen.<span class=\"Apple-converted-space\">\u00a0Interessierte k\u00f6nnen sich unter anderem auf einem der zahlreichen <a href=\"https:\/\/www.php.net\/cal.php\" target=\"_blank\" rel=\"noopener\" data-schema-attribute=\"\">PHP-Events<\/a> austauschen, die weltweit stattfinden.<\/span><\/strong><\/p>\n<\/div><\/div><div class=\"w-btn-wrapper align_none\"><a class=\"w-btn us-btn-style_1 no-border\" target=\"_blank\" rel=\"nofollow noopener\" href=\"https:\/\/github.com\/seven-io\/php-client\"><span class=\"w-btn-label\">PHP-Client auf GitHub<\/span><\/a><\/div><\/div><\/div><\/div><div class=\"vc_col-sm-6 wpb_column vc_column_container\"><div class=\"vc_column-inner\"><div class=\"wpb_wrapper\"><div class=\"w-image align_center\"><div class=\"w-image-h\"><img decoding=\"async\" width=\"300\" height=\"300\" src=\"https:\/\/www.seven.io\/wp-content\/uploads\/integrationen_PHP_logo1-300x300.png\" class=\"attachment-us_300_0 size-us_300_0\" alt=\"Das PHP-Logo\" loading=\"lazy\" srcset=\"https:\/\/www.seven.io\/wp-content\/uploads\/integrationen_PHP_logo1-300x300.png 300w, https:\/\/www.seven.io\/wp-content\/uploads\/integrationen_PHP_logo1-150x150.png 150w, https:\/\/www.seven.io\/wp-content\/uploads\/integrationen_PHP_logo1-350x350.png 350w, https:\/\/www.seven.io\/wp-content\/uploads\/integrationen_PHP_logo1.png 600w, https:\/\/www.seven.io\/wp-content\/uploads\/integrationen_PHP_logo1-250x250.png 250w, https:\/\/www.seven.io\/wp-content\/uploads\/integrationen_PHP_logo1-400x400.png 400w, https:\/\/www.seven.io\/wp-content\/uploads\/integrationen_PHP_logo1-200x200.png 200w\" sizes=\"auto, (max-width: 300px) 100vw, 300px\" \/><\/div><\/div><div class=\"wpb_text_column\"><div class=\"wpb_wrapper\"><p style=\"text-align: center;\"><em>Das Logo von PHP,\u00a0\u00a0<a href=\"https:\/\/creativecommons.org\/licenses\/by-sa\/4.0\/legalcode\" target=\"_blank\" rel=\"noopener\" data-schema-attribute=\"\">Copyright \u00a9 Colin Viebrock<\/a><\/em><\/p>\n<\/div><\/div><\/div><\/div><\/div><\/div><\/div><\/section><section class=\"l-section wpb_row height_small color_alternate\"><div class=\"l-section-h i-cf\"><div class=\"g-cols vc_row via_flex valign_middle type_default stacking_default\"><div class=\"vc_col-sm-6 wpb_column vc_column_container\"><div class=\"vc_column-inner\"><div class=\"wpb_wrapper\"><div class=\"w-image align_center\"><div class=\"w-image-h\"><img decoding=\"async\" width=\"400\" height=\"501\" src=\"https:\/\/www.seven.io\/wp-content\/uploads\/integrationen_clients_php_mock-400x501.png\" class=\"attachment-us_400_0 size-us_400_0\" alt=\"Integrieren Sie unsere Dienstleistungen mit unserem Client in ihr PHP-Projekt\" loading=\"lazy\" srcset=\"https:\/\/www.seven.io\/wp-content\/uploads\/integrationen_clients_php_mock-400x501.png 400w, https:\/\/www.seven.io\/wp-content\/uploads\/integrationen_clients_php_mock-240x300.png 240w, https:\/\/www.seven.io\/wp-content\/uploads\/integrationen_clients_php_mock-818x1024.png 818w, https:\/\/www.seven.io\/wp-content\/uploads\/integrationen_clients_php_mock-350x438.png 350w, https:\/\/www.seven.io\/wp-content\/uploads\/integrationen_clients_php_mock-250x313.png 250w, https:\/\/www.seven.io\/wp-content\/uploads\/integrationen_clients_php_mock-600x751.png 600w, https:\/\/www.seven.io\/wp-content\/uploads\/integrationen_clients_php_mock-768x961.png 768w, https:\/\/www.seven.io\/wp-content\/uploads\/integrationen_clients_php_mock-300x375.png 300w, https:\/\/www.seven.io\/wp-content\/uploads\/integrationen_clients_php_mock-320x400.png 320w, https:\/\/www.seven.io\/wp-content\/uploads\/integrationen_clients_php_mock-200x250.png 200w, https:\/\/www.seven.io\/wp-content\/uploads\/integrationen_clients_php_mock-500x626.png 500w, https:\/\/www.seven.io\/wp-content\/uploads\/integrationen_clients_php_mock.png 959w\" sizes=\"auto, (max-width: 400px) 100vw, 400px\" \/><\/div><\/div><\/div><\/div><\/div><div class=\"vc_col-sm-6 wpb_column vc_column_container\"><div class=\"vc_column-inner\"><div class=\"wpb_wrapper\"><div class=\"wpb_text_column\"><div class=\"wpb_wrapper\"><h3>Der PHP-Client f\u00fcr seven<\/h3>\n<p>Unser PHP-Client erm\u00f6glicht es Ihnen, unsere Produkte unkompliziert in Ihre Projekte einzubinden. Ob Sie SMS versenden m\u00f6chten, unsere Nummernvalidierung nutzen wollen oder unser Gateway f\u00fcr eine unserer anderen Dienstleistungen in Anspruch nehmen wollen \u2013 mit der Nutzung durch den Client gehen Sie keine Kompromisse ein.<\/p>\n<p>Auch die Flexibilit\u00e4t unseres Angebotes gilt f\u00fcr Sie genauso wie in der Nutzung unserer Dienstleistung \u00fcber die Webapp. F\u00fcr unsere Standardprodukte gehen Sie keine Vertragslaufzeit ein und haben auch keinen Mindestumsatz. Sie k\u00f6nnen unsere Produkte also ohne Risiko ausprobieren. F\u00fcr besonders ambitionierte Projekte k\u00f6nnen Sie sich f\u00fcr unsere <a href=\"\/produkte\/smpp\/\" target=\"_blank\" rel=\"noopener\" data-schema-attribute=\"\">SMPP-Schnittstelle<\/a> freischalten lassen. Wenn Sie sich hierf\u00fcr interessieren, <a href=\"mailto:support@seven.io\">schicken Sie uns bitte eine Nachricht<\/a>. Auch der Empfang von SMS mit einer eigenen Rufnummer ist mit dem Client m\u00f6glich.<\/p>\n<\/div><\/div><\/div><\/div><\/div><\/div><\/div><\/section><!-- Row Backgrounds --><div class=\"upb_color\" data-bg-override=\"0\" data-bg-color=\"#f4f4f4\" data-fadeout=\"\" data-fadeout-percentage=\"30\" data-parallax-content=\"\" data-parallax-content-sense=\"30\" data-row-effect-mobile-disable=\"true\" data-img-parallax-mobile-disable=\"true\" data-rtl=\"false\"  data-custom-vc-row=\"\"  data-vc=\"8.7.2\"  data-is_old_vc=\"\"  data-theme-support=\"disable\"   data-overlay=\"false\" data-overlay-color=\"\" data-overlay-pattern=\"\" data-overlay-pattern-opacity=\"\" data-overlay-pattern-size=\"\"    ><\/div><section class=\"l-section wpb_row height_small\"><div class=\"l-section-h i-cf\"><div class=\"g-cols vc_row via_flex valign_top type_default stacking_default\"><div class=\"vc_col-sm-12 wpb_column vc_column_container\"><div class=\"vc_column-inner\"><div class=\"wpb_wrapper\"><div class=\"w-actionbox us_custom_e47d7875 color_light controls_right\"><div class=\"w-actionbox-text\"><div class=\"w-actionbox-description\"><p>Sie m\u00f6chten unseren PHP-Client nutzen?<br \/>\n\u00dcber den Button gelangen Sie zu unserem entsprechenden GitHub-Repository.<\/p>\n<\/div><\/div><div class=\"w-actionbox-controls\"><a class=\"w-btn us-btn-style_5\" target=\"_blank\" rel=\"nofollow noopener\" href=\"https:\/\/github.com\/seven-io\/php-client\"><span class=\"w-btn-label\">Zu GitHub<\/span><\/a><\/div><\/div><div class=\"w-actionbox us_custom_e47d7875 color_light controls_right\"><div class=\"w-actionbox-text\"><div class=\"w-actionbox-description\"><p>Sie nutzen das popul\u00e4re Framework Laravel?<br \/>\nKlicken sie den Button f\u00fcr weitere Informationen zu Laravel Notification Channels.<\/p>\n<\/div><\/div><div class=\"w-actionbox-controls\"><a class=\"w-btn us-btn-style_5\" target=\"_blank\" rel=\"nofollow noopener\" href=\"https:\/\/laravel-notification-channels.com\/sms77\/\"><span class=\"w-btn-label\">Zu Laravel Notification Channels<\/span><\/a><a class=\"w-btn us-btn-style_1\" target=\"_blank\" rel=\"nofollow noopener\" href=\"https:\/\/github.com\/mxschll\"><span class=\"w-btn-label\">Danke Maximilian Sch\u00f6ll<\/span><\/a><\/div><\/div><\/div><\/div><\/div><\/div><\/div><\/section><!-- Row Backgrounds --><div class=\"upb_color\" data-bg-override=\"0\" data-bg-color=\"#ffffff\" data-fadeout=\"\" data-fadeout-percentage=\"30\" data-parallax-content=\"\" data-parallax-content-sense=\"30\" data-row-effect-mobile-disable=\"true\" data-img-parallax-mobile-disable=\"true\" data-rtl=\"false\"  data-custom-vc-row=\"\"  data-vc=\"8.7.2\"  data-is_old_vc=\"\"  data-theme-support=\"disable\"   data-overlay=\"false\" data-overlay-color=\"\" data-overlay-pattern=\"\" data-overlay-pattern-opacity=\"\" data-overlay-pattern-size=\"\"    ><\/div>\n","protected":false},"excerpt":{"rendered":"PHP ist eine freie Skriptsprache, die vor allem in der serverseitigen Programmierung, in der Kommandozeilenprogrammierung und in der Programmierung von Desktopapplikationen verwendet wird. Sie wurde vom Programmierer Rasmus Lerdorf entwickelt, der seine erste Version bereits im Jahre 1995 ver\u00f6ffentlichte. Seitdem wurde die Sprache kontinuierlich weiterentwickelt. Sie gilt als flexibel und leicht erlernbar, weshalb sie von...","protected":false},"author":1,"featured_media":25035,"parent":5428,"menu_order":0,"comment_status":"closed","ping_status":"closed","template":"","meta":{"content-type":"","footnotes":""},"class_list":["post-25032","page","type-page","status-publish","has-post-thumbnail","hentry"],"_links":{"self":[{"href":"https:\/\/www.seven.io\/de\/wp-json\/wp\/v2\/pages\/25032","targetHints":{"allow":["GET"]}}],"collection":[{"href":"https:\/\/www.seven.io\/de\/wp-json\/wp\/v2\/pages"}],"about":[{"href":"https:\/\/www.seven.io\/de\/wp-json\/wp\/v2\/types\/page"}],"author":[{"embeddable":true,"href":"https:\/\/www.seven.io\/de\/wp-json\/wp\/v2\/users\/1"}],"replies":[{"embeddable":true,"href":"https:\/\/www.seven.io\/de\/wp-json\/wp\/v2\/comments?post=25032"}],"version-history":[{"count":29,"href":"https:\/\/www.seven.io\/de\/wp-json\/wp\/v2\/pages\/25032\/revisions"}],"predecessor-version":[{"id":88499,"href":"https:\/\/www.seven.io\/de\/wp-json\/wp\/v2\/pages\/25032\/revisions\/88499"}],"up":[{"embeddable":true,"href":"https:\/\/www.seven.io\/de\/wp-json\/wp\/v2\/pages\/5428"}],"wp:featuredmedia":[{"embeddable":true,"href":"https:\/\/www.seven.io\/de\/wp-json\/wp\/v2\/media\/25035"}],"wp:attachment":[{"href":"https:\/\/www.seven.io\/de\/wp-json\/wp\/v2\/media?parent=25032"}],"curies":[{"name":"wp","href":"https:\/\/api.w.org\/{rel}","templated":true}]}}