{"id":25167,"date":"2021-03-05T15:17:42","date_gmt":"2021-03-05T14:17:42","guid":{"rendered":"https:\/\/www.sms77.io\/?page_id=25167"},"modified":"2023-07-13T14:44:13","modified_gmt":"2023-07-13T12:44:13","slug":"javascript","status":"publish","type":"page","link":"https:\/\/www.seven.io\/de\/entwickler\/javascript\/","title":{"rendered":"JavaScript"},"content":{"rendered":"<section class=\"l-section wpb_row height_small\"><div class=\"l-section-h i-cf\"><div class=\"g-cols vc_row via_flex valign_middle type_default stacking_default\"><div class=\"vc_col-sm-6 wpb_column vc_column_container\"><div class=\"vc_column-inner\"><div class=\"wpb_wrapper\"><div class=\"wpb_text_column\"><div class=\"wpb_wrapper\"><p><strong>JavaScript (kurz JS), urspr\u00fcnglich LiveScript genannt, ist eine Programmiersprache und wurde erstmals 1996 ver\u00f6ffentlicht. Sie ist schwach, dynamisch und kann objektorientiert, prozedural und funktional programmiert werden. Die Sprache dient vor allem der Darstellung von dynamischen, interaktiven Inhalten auf Websites und geh\u00f6rt hier zu den am h\u00e4ufigsten verwendeten Sprachen.\u00a0Die Firma Netscape Communications hatte die Skriptsprache entwickelt, um sie in ihrem Browser, dem Netscape Navigator, einsetzen zu k\u00f6nnen. Netscape rief \u00fcbrigens wenig sp\u00e4ter das Mozilla-Projekt ins Leben, das zur bekannten <a href=\"https:\/\/www.mozilla.org\" target=\"_blank\" rel=\"noopener\" data-schema-attribute=\"\">Mozilla-Foundation<\/a> geh\u00f6rt.<\/strong><\/p>\n<\/div><\/div><div class=\"w-btn-wrapper align_none\"><a class=\"w-btn us-btn-style_1 no-border\" target=\"_blank\" rel=\"nofollow noopener\" href=\"https:\/\/github.com\/seven-io\/js-client\"><span class=\"w-btn-label\">JavaScript-Client auf GitHub<\/span><\/a><\/div><\/div><\/div><\/div><div class=\"vc_col-sm-6 wpb_column vc_column_container\"><div class=\"vc_column-inner\"><div class=\"wpb_wrapper\"><div class=\"w-image align_center\"><div class=\"w-image-h\"><img decoding=\"async\" width=\"300\" height=\"300\" src=\"https:\/\/www.seven.io\/wp-content\/uploads\/integrationen_javascript_logo-300x300.png\" class=\"attachment-medium size-medium\" alt=\"Das JavaScript Logo\" loading=\"lazy\" srcset=\"https:\/\/www.seven.io\/wp-content\/uploads\/integrationen_javascript_logo-300x300.png 300w, https:\/\/www.seven.io\/wp-content\/uploads\/integrationen_javascript_logo-150x150.png 150w, https:\/\/www.seven.io\/wp-content\/uploads\/integrationen_javascript_logo-350x350.png 350w, https:\/\/www.seven.io\/wp-content\/uploads\/integrationen_javascript_logo.png 600w, https:\/\/www.seven.io\/wp-content\/uploads\/integrationen_javascript_logo-250x250.png 250w, https:\/\/www.seven.io\/wp-content\/uploads\/integrationen_javascript_logo-400x400.png 400w, https:\/\/www.seven.io\/wp-content\/uploads\/integrationen_javascript_logo-200x200.png 200w\" sizes=\"auto, (max-width: 300px) 100vw, 300px\" \/><\/div><\/div><\/div><\/div><\/div><\/div><\/div><\/section><section class=\"l-section wpb_row height_small color_alternate\"><div class=\"l-section-h i-cf\"><div class=\"g-cols vc_row via_flex valign_middle type_default stacking_default\"><div class=\"vc_col-sm-6 wpb_column vc_column_container\"><div class=\"vc_column-inner\"><div class=\"wpb_wrapper\"><div class=\"w-image align_center\"><div class=\"w-image-h\"><img decoding=\"async\" width=\"400\" height=\"501\" src=\"https:\/\/www.seven.io\/wp-content\/uploads\/integrationen_clients_javascript_mock-400x501.png\" class=\"attachment-us_400_0 size-us_400_0\" alt=\"Binden Sie unser SMS-Gateway in Ihr n\u00e4chstes JavaScript Projekt ein\" loading=\"lazy\" srcset=\"https:\/\/www.seven.io\/wp-content\/uploads\/integrationen_clients_javascript_mock-400x501.png 400w, https:\/\/www.seven.io\/wp-content\/uploads\/integrationen_clients_javascript_mock-240x300.png 240w, https:\/\/www.seven.io\/wp-content\/uploads\/integrationen_clients_javascript_mock-818x1024.png 818w, https:\/\/www.seven.io\/wp-content\/uploads\/integrationen_clients_javascript_mock-350x438.png 350w, https:\/\/www.seven.io\/wp-content\/uploads\/integrationen_clients_javascript_mock-250x313.png 250w, https:\/\/www.seven.io\/wp-content\/uploads\/integrationen_clients_javascript_mock-600x751.png 600w, https:\/\/www.seven.io\/wp-content\/uploads\/integrationen_clients_javascript_mock-768x961.png 768w, https:\/\/www.seven.io\/wp-content\/uploads\/integrationen_clients_javascript_mock-300x375.png 300w, https:\/\/www.seven.io\/wp-content\/uploads\/integrationen_clients_javascript_mock-320x400.png 320w, https:\/\/www.seven.io\/wp-content\/uploads\/integrationen_clients_javascript_mock-200x250.png 200w, https:\/\/www.seven.io\/wp-content\/uploads\/integrationen_clients_javascript_mock-500x626.png 500w, https:\/\/www.seven.io\/wp-content\/uploads\/integrationen_clients_javascript_mock.png 959w\" sizes=\"auto, (max-width: 400px) 100vw, 400px\" \/><\/div><\/div><\/div><\/div><\/div><div class=\"vc_col-sm-6 wpb_column vc_column_container\"><div class=\"vc_column-inner\"><div class=\"wpb_wrapper\"><div class=\"wpb_text_column\"><div class=\"wpb_wrapper\"><h3>Der JavaScript-Client f\u00fcr seven.io<\/h3>\n<p>Sind Sie auf der Suche nach einem starken Kommunikationspartner f\u00fcr Ihr n\u00e4chstes JS-Projekt? Mit unserem Javascript-Client k\u00f6nnen Sie unsere Dienstleistungen unkompliziert in ihre Programmierung einbinden.<\/p>\n<p>Entscheiden Sie sich daf\u00fcr, stehen Ihnen unsere <a href=\"\/produkte\/\">Produkte<\/a> und Features uneingeschr\u00e4nkt zur Verf\u00fcgung. Sie gehen weder eine Mindestlaufzeit ein, noch gibt es einen Mindestumsatz. Zudem k\u00f6nnen Sie den SMS-Versand kostenlos ausprobieren. Buchen Sie au\u00dferdem eine eigene Rufnummer, um zuverl\u00e4ssig <a href=\"\/produkte\/sms-empfang\/\" data-schema-attribute=\"\">SMS empfangen<\/a> zu k\u00f6nnen.<\/p>\n<p>Bitte beachten Sie: Diese Bibliothek arbeitet mit der globalen Fetch-API. Um die Bibliothek mit Node.js zu verwenden, wird <a href=\"https:\/\/github.com\/node-fetch\/node-fetch\" target=\"_blank\" rel=\"noopener\" data-schema-attribute=\"\">node-fetch<\/a> ben\u00f6tigt. F\u00fcr die Kompatibilit\u00e4t mit Node.js-Versionen &lt; 12 installieren Sie bitte auch das <a href=\"https:\/\/github.com\/es-shims\/globalThis\" target=\"_blank\" rel=\"noopener\" data-schema-attribute=\"\">globalThis-Polyfill<\/a>.<\/p>\n<\/div><\/div><\/div><\/div><\/div><\/div><\/div><\/section><!-- Row Backgrounds --><div class=\"upb_color\" data-bg-override=\"0\" data-bg-color=\"#f4f4f4\" data-fadeout=\"\" data-fadeout-percentage=\"30\" data-parallax-content=\"\" data-parallax-content-sense=\"30\" data-row-effect-mobile-disable=\"true\" data-img-parallax-mobile-disable=\"true\" data-rtl=\"false\"  data-custom-vc-row=\"\"  data-vc=\"8.7.2\"  data-is_old_vc=\"\"  data-theme-support=\"disable\"   data-overlay=\"false\" data-overlay-color=\"\" data-overlay-pattern=\"\" data-overlay-pattern-opacity=\"\" data-overlay-pattern-size=\"\"    ><\/div><section class=\"l-section wpb_row height_small\"><div class=\"l-section-h i-cf\"><div class=\"g-cols vc_row via_flex valign_top type_default stacking_default\"><div class=\"vc_col-sm-12 wpb_column vc_column_container\"><div class=\"vc_column-inner\"><div class=\"wpb_wrapper\"><div class=\"w-actionbox us_custom_e47d7875 color_light controls_right\"><div class=\"w-actionbox-text\"><div class=\"w-actionbox-description\"><p>Sie m\u00f6chten unseren Client nutzen?<br \/>\n\u00dcber den Button gelangen Sie zu unserem entsprechenden GitHub-Repository.<\/p>\n<\/div><\/div><div class=\"w-actionbox-controls\"><a class=\"w-btn us-btn-style_5\" target=\"_blank\" rel=\"nofollow noopener\" href=\"https:\/\/github.com\/seven-io\/js-client\"><span class=\"w-btn-label\">Zu GitHub<\/span><\/a><\/div><\/div><\/div><\/div><\/div><\/div><\/div><\/section><!-- Row Backgrounds --><div class=\"upb_color\" data-bg-override=\"0\" data-bg-color=\"#ffffff\" data-fadeout=\"\" data-fadeout-percentage=\"30\" data-parallax-content=\"\" data-parallax-content-sense=\"30\" data-row-effect-mobile-disable=\"true\" data-img-parallax-mobile-disable=\"true\" data-rtl=\"false\"  data-custom-vc-row=\"\"  data-vc=\"8.7.2\"  data-is_old_vc=\"\"  data-theme-support=\"disable\"   data-overlay=\"false\" data-overlay-color=\"\" data-overlay-pattern=\"\" data-overlay-pattern-opacity=\"\" data-overlay-pattern-size=\"\"    ><\/div>\n","protected":false},"excerpt":{"rendered":"JavaScript (kurz JS), urspr\u00fcnglich LiveScript genannt, ist eine Programmiersprache und wurde erstmals 1996 ver\u00f6ffentlicht. Sie ist schwach, dynamisch und kann objektorientiert, prozedural und funktional programmiert werden. Die Sprache dient vor allem der Darstellung von dynamischen, interaktiven Inhalten auf Websites und geh\u00f6rt hier zu den am h\u00e4ufigsten verwendeten Sprachen.\u00a0Die Firma Netscape Communications hatte die Skriptsprache entwickelt,...","protected":false},"author":1,"featured_media":25169,"parent":5428,"menu_order":0,"comment_status":"closed","ping_status":"closed","template":"","meta":{"content-type":"","footnotes":""},"class_list":["post-25167","page","type-page","status-publish","has-post-thumbnail","hentry"],"_links":{"self":[{"href":"https:\/\/www.seven.io\/de\/wp-json\/wp\/v2\/pages\/25167","targetHints":{"allow":["GET"]}}],"collection":[{"href":"https:\/\/www.seven.io\/de\/wp-json\/wp\/v2\/pages"}],"about":[{"href":"https:\/\/www.seven.io\/de\/wp-json\/wp\/v2\/types\/page"}],"author":[{"embeddable":true,"href":"https:\/\/www.seven.io\/de\/wp-json\/wp\/v2\/users\/1"}],"replies":[{"embeddable":true,"href":"https:\/\/www.seven.io\/de\/wp-json\/wp\/v2\/comments?post=25167"}],"version-history":[{"count":20,"href":"https:\/\/www.seven.io\/de\/wp-json\/wp\/v2\/pages\/25167\/revisions"}],"predecessor-version":[{"id":88476,"href":"https:\/\/www.seven.io\/de\/wp-json\/wp\/v2\/pages\/25167\/revisions\/88476"}],"up":[{"embeddable":true,"href":"https:\/\/www.seven.io\/de\/wp-json\/wp\/v2\/pages\/5428"}],"wp:featuredmedia":[{"embeddable":true,"href":"https:\/\/www.seven.io\/de\/wp-json\/wp\/v2\/media\/25169"}],"wp:attachment":[{"href":"https:\/\/www.seven.io\/de\/wp-json\/wp\/v2\/media?parent=25167"}],"curies":[{"name":"wp","href":"https:\/\/api.w.org\/{rel}","templated":true}]}}