{"id":26285,"date":"2021-04-16T15:06:45","date_gmt":"2021-04-16T13:06:45","guid":{"rendered":"https:\/\/www.sms77.io\/?page_id=26285"},"modified":"2024-03-28T11:06:19","modified_gmt":"2024-03-28T10:06:19","slug":"zen-cart","status":"publish","type":"page","link":"https:\/\/www.seven.io\/de\/loesungen\/integrationen\/zen-cart\/","title":{"rendered":"Zen Cart"},"content":{"rendered":"<section class=\"l-section wpb_row height_small\"><div class=\"l-section-h i-cf\"><div class=\"g-cols vc_row via_flex valign_top type_default stacking_default\"><div class=\"vc_col-sm-6 wpb_column vc_column_container\"><div class=\"vc_column-inner\"><div class=\"wpb_wrapper\"><div class=\"wpb_text_column\"><div class=\"wpb_wrapper\"><p><strong>Zen Cart ist ein PHP-basiertes Online Store Management System. Die Software ist Open Source und entsprechend unabh\u00e4ngig anpassbar. Die Hersteller werben mit umfangreichen Einstellungsm\u00f6glichkeiten und Funktionen der eCommerce-L\u00f6sung. So k\u00f6nnen Sie beispielsweise problemlos unser Zen Cart SMS Plugin integrieren. Dar\u00fcber hinaus wird die Software als sehr nutzerfreundlich und einfach in der Handhabung bezeichnet. Ein weiteres Plus: Sie k\u00f6nnen aus zahlreichen Sprachen und W\u00e4hrungen w\u00e4hlen. Au\u00dferdem ist bereits die Anbindung an viele verschiedene popul\u00e4re Zahlungsanbieter vorbereitet.<span class=\"Apple-converted-space\">\u00a0<\/span><\/strong><\/p>\n<p><strong>Mit Zen Cart erwartet Sie also eine flexible und skalierbare Software, hinter der eine gro\u00dfe Community steht. Das hat auch den Vorteil, dass Sie sich jederzeit an das <a href=\"https:\/\/www.zen-cart.com\/forum.php\" target=\"_blank\" rel=\"noopener\" data-schema-attribute=\"\">offizielle Forum<\/a> wenden k\u00f6nnen, in dem alle Fragen rund um die Software diskutiert werden.<\/strong><\/p>\n<\/div><\/div><div class=\"w-btn-wrapper align_none\"><a class=\"w-btn us-btn-style_1 no-border\" target=\"_blank\" rel=\"nofollow noopener\" href=\"https:\/\/github.com\/seven-io\/zencart\"><span class=\"w-btn-label\">Zur unserem Zen Cart SMS Plugin<\/span><\/a><\/div><\/div><\/div><\/div><div class=\"vc_col-sm-6 wpb_column vc_column_container\"><div class=\"vc_column-inner\"><div class=\"wpb_wrapper\"><div class=\"w-image align_center\"><div class=\"w-image-h\"><img decoding=\"async\" width=\"400\" height=\"400\" src=\"https:\/\/www.seven.io\/wp-content\/uploads\/integrationen_zencart_logo-400x400.png\" class=\"attachment-us_400_0 size-us_400_0\" alt=\"Zen Cart: SMS schicken mit sms77-Plugin\" loading=\"lazy\" srcset=\"https:\/\/www.seven.io\/wp-content\/uploads\/integrationen_zencart_logo-400x400.png 400w, https:\/\/www.seven.io\/wp-content\/uploads\/integrationen_zencart_logo-300x300.png 300w, https:\/\/www.seven.io\/wp-content\/uploads\/integrationen_zencart_logo-150x150.png 150w, https:\/\/www.seven.io\/wp-content\/uploads\/integrationen_zencart_logo-350x350.png 350w, https:\/\/www.seven.io\/wp-content\/uploads\/integrationen_zencart_logo.png 600w, https:\/\/www.seven.io\/wp-content\/uploads\/integrationen_zencart_logo-250x250.png 250w, https:\/\/www.seven.io\/wp-content\/uploads\/integrationen_zencart_logo-200x200.png 200w\" sizes=\"auto, (max-width: 400px) 100vw, 400px\" \/><\/div><\/div><\/div><\/div><\/div><\/div><\/div><\/section><section class=\"l-section wpb_row height_small color_alternate\"><div class=\"l-section-h i-cf\"><div class=\"g-cols vc_row via_flex valign_middle type_default stacking_default\"><div class=\"vc_col-sm-6 wpb_column vc_column_container\"><div class=\"vc_column-inner\"><div class=\"wpb_wrapper\"><div class=\"w-image align_center\"><div class=\"w-image-h\"><img decoding=\"async\" width=\"400\" height=\"501\" src=\"https:\/\/www.seven.io\/wp-content\/uploads\/integrationen_zencart_mock_kamera-400x501.png\" class=\"attachment-us_400_0 size-us_400_0\" alt=\"Mit dem Zen Cart SMS Plugin von sms77 senden Sie unkompliziert SMS an Ihre Kunden\" loading=\"lazy\" srcset=\"https:\/\/www.seven.io\/wp-content\/uploads\/integrationen_zencart_mock_kamera-400x501.png 400w, https:\/\/www.seven.io\/wp-content\/uploads\/integrationen_zencart_mock_kamera-240x300.png 240w, https:\/\/www.seven.io\/wp-content\/uploads\/integrationen_zencart_mock_kamera-818x1024.png 818w, https:\/\/www.seven.io\/wp-content\/uploads\/integrationen_zencart_mock_kamera-250x313.png 250w, https:\/\/www.seven.io\/wp-content\/uploads\/integrationen_zencart_mock_kamera-600x751.png 600w, https:\/\/www.seven.io\/wp-content\/uploads\/integrationen_zencart_mock_kamera-768x961.png 768w, https:\/\/www.seven.io\/wp-content\/uploads\/integrationen_zencart_mock_kamera-300x375.png 300w, https:\/\/www.seven.io\/wp-content\/uploads\/integrationen_zencart_mock_kamera-320x400.png 320w, https:\/\/www.seven.io\/wp-content\/uploads\/integrationen_zencart_mock_kamera-200x250.png 200w, https:\/\/www.seven.io\/wp-content\/uploads\/integrationen_zencart_mock_kamera.png 959w\" sizes=\"auto, (max-width: 400px) 100vw, 400px\" \/><\/div><\/div><\/div><\/div><\/div><div class=\"vc_col-sm-6 wpb_column vc_column_container\"><div class=\"vc_column-inner\"><div class=\"wpb_wrapper\"><div class=\"wpb_text_column\"><div class=\"wpb_wrapper\"><h3>Das Zen Cart SMS Plugin<\/h3>\n<p>Sie m\u00f6chten SMS mit Zen Cart verschicken? Mit unserem Plugin erf\u00fcllt sich Ihr Wunsch \u2013 einfach, unkompliziert und ohne gro\u00dfen Aufwand. Installieren Sie unser Plugin in Ihrem Shopsystem, richten Sie den SMS-Versand nach Ihren W\u00fcnschen ein und schon k\u00f6nnen Sie Ihre erste Nachricht verschicken. Ob Sie Ihre Marketing-Strategie um mobile Kommunikation erweitern m\u00f6chten oder Ihren Kunden einen besonderen Service durch Versandbest\u00e4tigungen bieten wollen: SMS kommen immer gut an.<span class=\"Apple-converted-space\">\u00a0<\/span><\/p>\n<p><span class=\"Apple-converted-space\">Wenn Sie m\u00f6chten, k\u00f6nnen Sie Ihren Empf\u00e4ngern sogar einen R\u00fcckkanal anbieten. Buchen Sie eine eigene <a href=\"\/produkte\/sms-empfang\/\" data-schema-attribute=\"\">Inbound-Nummer<\/a> bei uns und geben Sie Ihren Kunden so die M\u00f6glichkeit, unkompliziert direkt auf Ihre SMS zu antworten. Nutzen Sie die Antwortm\u00f6glichkeit, um Umfragen durchzuf\u00fchren oder erweitern Sie effektiv Ihren Support. Ihre Kunden werden es zu sch\u00e4tzen wissen.<\/span><\/p>\n<\/div><\/div><\/div><\/div><\/div><\/div><\/div><\/section><!-- Row Backgrounds --><div class=\"upb_color\" data-bg-override=\"0\" data-bg-color=\"#f4f4f4\" data-fadeout=\"\" data-fadeout-percentage=\"30\" data-parallax-content=\"\" data-parallax-content-sense=\"30\" data-row-effect-mobile-disable=\"true\" data-img-parallax-mobile-disable=\"true\" data-rtl=\"false\"  data-custom-vc-row=\"\"  data-vc=\"8.7.2\"  data-is_old_vc=\"\"  data-theme-support=\"disable\"   data-overlay=\"false\" data-overlay-color=\"\" data-overlay-pattern=\"\" data-overlay-pattern-opacity=\"\" data-overlay-pattern-size=\"\"    ><\/div><section class=\"l-section wpb_row height_small\"><div class=\"l-section-h i-cf\"><div class=\"g-cols vc_row via_flex valign_middle type_default stacking_default\"><div class=\"vc_col-sm-6 wpb_column vc_column_container\"><div class=\"vc_column-inner\"><div class=\"wpb_wrapper\"><div class=\"wpb_text_column\"><div class=\"wpb_wrapper\"><h3>Massen-SMS<\/h3>\n<\/div><\/div><div class=\"uavc-list-icon uavc-list-icon-wrapper ult-adjust-bottom-margin   \"><ul class=\"uavc-list\"><li><div class=\"uavc-list-content\" id=\"list-icon-wrap-6372\">\n<div class=\"uavc-list-icon  \" data-animation=\"\" data-animation-delay=\"03\" style=\"margin-right:25px;\"><div class=\"ult-just-icon-wrapper  \"><div class=\"align-icon\" style=\"text-align:center;\">\n<div class=\"aio-icon none \"  style=\"color:#52c0fa;font-size:40px;display:inline-block;\">\n\t<i class=\"Defaults-envelope-o\"><\/i>\n<\/div><\/div><\/div>\n<\/div><span  data-ultimate-target='#list-icon-wrap-6372 .uavc-list-desc'  data-responsive-json-new='{\"font-size\":\"\",\"line-height\":\"\"}'  class=\"uavc-list-desc ult-responsive\" style=\"\">Mit dem Zen Cart SMS Plugin k\u00f6nnen Sie alle Ihre Kunden mit pr\u00e4gnanten Kurznachrichten auf dem Laufenden halten. SMS werden als besonders pers\u00f6nlich wahrgenommen und k\u00f6nnen Ihre Kundenbindung st\u00e4rken.<\/span><\/div><\/li><\/ul><\/div><div class=\"wpb_text_column\"><div class=\"wpb_wrapper\"><h3>Absendername<\/h3>\n<\/div><\/div><div class=\"uavc-list-icon uavc-list-icon-wrapper ult-adjust-bottom-margin   \"><ul class=\"uavc-list\"><li><div class=\"uavc-list-content\" id=\"list-icon-wrap-3595\">\n<div class=\"uavc-list-icon  \" data-animation=\"\" data-animation-delay=\"03\" style=\"margin-right:25px;\"><div class=\"ult-just-icon-wrapper  \"><div class=\"align-icon\" style=\"text-align:center;\">\n<div class=\"aio-icon none \"  style=\"color:#52c0fa;font-size:40px;display:inline-block;\">\n\t<i class=\"Defaults-pencil\"><\/i>\n<\/div><\/div><\/div>\n<\/div><span  data-ultimate-target='#list-icon-wrap-3595 .uavc-list-desc'  data-responsive-json-new='{\"font-size\":\"\",\"line-height\":\"\"}'  class=\"uavc-list-desc ult-responsive\" style=\"\">Bestimmen Sie Ihre eigene Absenderkennung, damit Ihre Kunden sofort sehen, wer ihnen eine SMS schickt. Ihr Absendername kann aus bis zu elf alphanumerischen Zeichen bestehen.<\/span><\/div><\/li><\/ul><\/div><div class=\"wpb_text_column\"><div class=\"wpb_wrapper\"><h3>Labels<\/h3>\n<\/div><\/div><div class=\"uavc-list-icon uavc-list-icon-wrapper ult-adjust-bottom-margin   \"><ul class=\"uavc-list\"><li><div class=\"uavc-list-content\" id=\"list-icon-wrap-9429\">\n<div class=\"uavc-list-icon  \" data-animation=\"\" data-animation-delay=\"03\" style=\"margin-right:25px;\"><div class=\"ult-just-icon-wrapper  \"><div class=\"align-icon\" style=\"text-align:center;\">\n<div class=\"aio-icon none \"  style=\"color:#52c0fa;font-size:40px;display:inline-block;\">\n\t<i class=\"Defaults-tag\"><\/i>\n<\/div><\/div><\/div>\n<\/div><span  data-ultimate-target='#list-icon-wrap-9429 .uavc-list-desc'  data-responsive-json-new='{\"font-size\":\"\",\"line-height\":\"\"}'  class=\"uavc-list-desc ult-responsive\" style=\"\">Ordnen Sie Ihren SMS verschiedene Labels zu, beispielsweise <em>Versand<\/em>, <em>Marketing<\/em> oder <em>Zielgruppe 1<\/em>. So k\u00f6nnen Sie die unterschiedlichen Nachrichten in Ihrer Statistik besser auseinanderhalten und analysieren.<\/span><\/div><\/li><\/ul><\/div><\/div><\/div><\/div><div class=\"vc_col-sm-6 wpb_column vc_column_container\"><div class=\"vc_column-inner\"><div class=\"wpb_wrapper\"><div class=\"w-image no-border align_center\"><a ref=\"magnificPopup\" href=\"https:\/\/www.seven.io\/wp-content\/uploads\/zencart_bulk_sms.png\" aria-label=\"zencart_bulk_sms\" class=\"w-image-h\"><img decoding=\"async\" width=\"768\" height=\"505\" src=\"https:\/\/www.seven.io\/wp-content\/uploads\/zencart_bulk_sms-768x505.png\" class=\"attachment-us_768_0 size-us_768_0\" alt=\"Das Zen Cart SMS Plugin erm\u00f6glicht Ihnen unter anderem den Massen-SMS-Versand\" loading=\"lazy\" srcset=\"https:\/\/www.seven.io\/wp-content\/uploads\/zencart_bulk_sms-768x505.png 768w, https:\/\/www.seven.io\/wp-content\/uploads\/zencart_bulk_sms-300x197.png 300w, https:\/\/www.seven.io\/wp-content\/uploads\/zencart_bulk_sms-250x164.png 250w, https:\/\/www.seven.io\/wp-content\/uploads\/zencart_bulk_sms-600x395.png 600w, https:\/\/www.seven.io\/wp-content\/uploads\/zencart_bulk_sms-400x263.png 400w, https:\/\/www.seven.io\/wp-content\/uploads\/zencart_bulk_sms-200x132.png 200w, https:\/\/www.seven.io\/wp-content\/uploads\/zencart_bulk_sms.png 800w\" sizes=\"auto, (max-width: 768px) 100vw, 768px\" \/><\/a><\/div><div class=\"w-separator size_custom\" style=\"height:10px\"><\/div><div class=\"wpb_text_column\"><div class=\"wpb_wrapper\"><p style=\"text-align: center;\"><em>Versenden Sie Massen-SMS mit dem Zen Cart SMS Plugin, zum Vergr\u00f6\u00dfern anklicken<\/em><\/p>\n<\/div><\/div><\/div><\/div><\/div><\/div><\/div><\/section><section class=\"l-section wpb_row height_small\"><div class=\"l-section-h i-cf\"><div class=\"g-cols vc_row via_flex valign_top type_default stacking_default\"><div class=\"vc_col-sm-4 wpb_column vc_column_container\"><div class=\"vc_column-inner\"><div class=\"wpb_wrapper\"><div class=\"wpb_text_column\"><div class=\"wpb_wrapper\"><h3>Flash-SMS<\/h3>\n<\/div><\/div><div class=\"uavc-list-icon uavc-list-icon-wrapper ult-adjust-bottom-margin   \"><ul class=\"uavc-list\"><li><div class=\"uavc-list-content\" id=\"list-icon-wrap-6128\">\n<div class=\"uavc-list-icon  \" data-animation=\"\" data-animation-delay=\"03\" style=\"margin-right:25px;\"><div class=\"ult-just-icon-wrapper  \"><div class=\"align-icon\" style=\"text-align:center;\">\n<div class=\"aio-icon none \"  style=\"color:#52c0fa;font-size:40px;display:inline-block;\">\n\t<i class=\"Defaults-bolt flash\"><\/i>\n<\/div><\/div><\/div>\n<\/div><span  data-ultimate-target='#list-icon-wrap-6128 .uavc-list-desc'  data-responsive-json-new='{\"font-size\":\"\",\"line-height\":\"\"}'  class=\"uavc-list-desc ult-responsive\" style=\"\">Versenden Sie SMS, die nur auf dem Startbildschirm des Empf\u00e4ngerger\u00e4ts angezeigt werden und dann verschwinden. Unsere Kunden nutzen Flash-SMS h\u00e4ufig, um sich selbst \u00fcber bestimmte Vorf\u00e4lle informieren zu lassen.<\/span><\/div><\/li><\/ul><\/div><\/div><\/div><\/div><div class=\"vc_col-sm-4 wpb_column vc_column_container\"><div class=\"vc_column-inner\"><div class=\"wpb_wrapper\"><div class=\"wpb_text_column\"><div class=\"wpb_wrapper\"><h3>Performance Tracking<\/h3>\n<\/div><\/div><div class=\"uavc-list-icon uavc-list-icon-wrapper ult-adjust-bottom-margin   \"><ul class=\"uavc-list\"><li><div class=\"uavc-list-content\" id=\"list-icon-wrap-3776\">\n<div class=\"uavc-list-icon  \" data-animation=\"\" data-animation-delay=\"03\" style=\"margin-right:25px;\"><div class=\"ult-just-icon-wrapper  \"><div class=\"align-icon\" style=\"text-align:center;\">\n<div class=\"aio-icon none \"  style=\"color:#52c0fa;font-size:40px;display:inline-block;\">\n\t<i class=\"Defaults-rocket\"><\/i>\n<\/div><\/div><\/div>\n<\/div><span  data-ultimate-target='#list-icon-wrap-3776 .uavc-list-desc'  data-responsive-json-new='{\"font-size\":\"\",\"line-height\":\"\"}'  class=\"uavc-list-desc ult-responsive\" style=\"\">Verschicken Sie Links in Ihren Nachrichten? Mit unserem Performance Tracking k\u00f6nnen Sie \u00fcberpr\u00fcfen, welche Empf\u00e4nger den Link angeklickt haben und wie h\u00e4ufig sie dies getan haben. Perfekt f\u00fcr Ihren Marketing-Workflow.<\/span><\/div><\/li><\/ul><\/div><\/div><\/div><\/div><div class=\"vc_col-sm-4 wpb_column vc_column_container\"><div class=\"vc_column-inner\"><div class=\"wpb_wrapper\"><div class=\"wpb_text_column\"><div class=\"wpb_wrapper\"><h3>Erweiterte Einstellungen<\/h3>\n<\/div><\/div><div class=\"uavc-list-icon uavc-list-icon-wrapper ult-adjust-bottom-margin   \"><ul class=\"uavc-list\"><li><div class=\"uavc-list-content\" id=\"list-icon-wrap-4665\">\n<div class=\"uavc-list-icon  \" data-animation=\"\" data-animation-delay=\"03\" style=\"margin-right:25px;\"><div class=\"ult-just-icon-wrapper  \"><div class=\"align-icon\" style=\"text-align:center;\">\n<div class=\"aio-icon none \"  style=\"color:#52c0fa;font-size:40px;display:inline-block;\">\n\t<i class=\"Defaults-cogs gears\"><\/i>\n<\/div><\/div><\/div>\n<\/div><span  data-ultimate-target='#list-icon-wrap-4665 .uavc-list-desc'  data-responsive-json-new='{\"font-size\":\"\",\"line-height\":\"\"}'  class=\"uavc-list-desc ult-responsive\" style=\"\">Sie m\u00f6chten mehr Einstellungsm\u00f6glichkeiten? W\u00e4hlen Sie Ihren eigenen User Data Header und eine Foreign ID, versenden Sie SMS in UTF-8 und mehr. Besuchen Sie die unten verlinkte Dokumentation, um alle Optionen zu sehen.<\/span><\/div><\/li><\/ul><\/div><\/div><\/div><\/div><\/div><\/div><\/section><section class=\"l-section wpb_row height_small\"><div class=\"l-section-h i-cf\"><div class=\"g-cols vc_row via_flex valign_top type_default stacking_default\"><div class=\"vc_col-sm-12 wpb_column vc_column_container\"><div class=\"vc_column-inner\"><div class=\"wpb_wrapper\"><div class=\"w-actionbox us_custom_e47d7875 color_light controls_right\"><div class=\"w-actionbox-text\"><div class=\"w-actionbox-description\"><p>Sie brauchen Hilfe bei der Installation oder der Einrichtung der Funktionen?<br \/>\nAuf unserer GitHub-Seite finden Sie weitere Informationen.<\/p>\n<\/div><\/div><div class=\"w-actionbox-controls\"><a class=\"w-btn us-btn-style_5\" target=\"_blank\" href=\"https:\/\/github.com\/seven-io\/zencart\" rel=\"noopener\"><span class=\"w-btn-label\">Zu GitHub<\/span><\/a><\/div><\/div><\/div><\/div><\/div><\/div><\/div><\/section><!-- Row Backgrounds --><div class=\"upb_color\" data-bg-override=\"0\" data-bg-color=\"#ffffff\" data-fadeout=\"\" data-fadeout-percentage=\"30\" data-parallax-content=\"\" data-parallax-content-sense=\"30\" data-row-effect-mobile-disable=\"true\" data-img-parallax-mobile-disable=\"true\" data-rtl=\"false\"  data-custom-vc-row=\"\"  data-vc=\"8.7.2\"  data-is_old_vc=\"\"  data-theme-support=\"disable\"   data-overlay=\"false\" data-overlay-color=\"\" data-overlay-pattern=\"\" data-overlay-pattern-opacity=\"\" data-overlay-pattern-size=\"\"    ><\/div>\n","protected":false},"excerpt":{"rendered":"Zen Cart ist ein PHP-basiertes Online Store Management System. Die Software ist Open Source und entsprechend unabh\u00e4ngig anpassbar. Die Hersteller werben mit umfangreichen Einstellungsm\u00f6glichkeiten und Funktionen der eCommerce-L\u00f6sung. So k\u00f6nnen Sie beispielsweise problemlos unser Zen Cart SMS Plugin integrieren. Dar\u00fcber hinaus wird die Software als sehr nutzerfreundlich und einfach in der Handhabung bezeichnet. Ein weiteres...","protected":false},"author":1,"featured_media":26184,"parent":17075,"menu_order":0,"comment_status":"closed","ping_status":"closed","template":"","meta":{"content-type":"","footnotes":""},"class_list":["post-26285","page","type-page","status-publish","has-post-thumbnail","hentry"],"_links":{"self":[{"href":"https:\/\/www.seven.io\/de\/wp-json\/wp\/v2\/pages\/26285","targetHints":{"allow":["GET"]}}],"collection":[{"href":"https:\/\/www.seven.io\/de\/wp-json\/wp\/v2\/pages"}],"about":[{"href":"https:\/\/www.seven.io\/de\/wp-json\/wp\/v2\/types\/page"}],"author":[{"embeddable":true,"href":"https:\/\/www.seven.io\/de\/wp-json\/wp\/v2\/users\/1"}],"replies":[{"embeddable":true,"href":"https:\/\/www.seven.io\/de\/wp-json\/wp\/v2\/comments?post=26285"}],"version-history":[{"count":33,"href":"https:\/\/www.seven.io\/de\/wp-json\/wp\/v2\/pages\/26285\/revisions"}],"predecessor-version":[{"id":92449,"href":"https:\/\/www.seven.io\/de\/wp-json\/wp\/v2\/pages\/26285\/revisions\/92449"}],"up":[{"embeddable":true,"href":"https:\/\/www.seven.io\/de\/wp-json\/wp\/v2\/pages\/17075"}],"wp:featuredmedia":[{"embeddable":true,"href":"https:\/\/www.seven.io\/de\/wp-json\/wp\/v2\/media\/26184"}],"wp:attachment":[{"href":"https:\/\/www.seven.io\/de\/wp-json\/wp\/v2\/media?parent=26285"}],"curies":[{"name":"wp","href":"https:\/\/api.w.org\/{rel}","templated":true}]}}