{"id":26603,"date":"2021-04-26T09:44:50","date_gmt":"2021-04-26T07:44:50","guid":{"rendered":"https:\/\/www.sms77.io\/?page_id=26603"},"modified":"2024-07-02T11:17:47","modified_gmt":"2024-07-02T09:17:47","slug":"craft","status":"publish","type":"page","link":"https:\/\/www.seven.io\/de\/loesungen\/integrationen\/craft\/","title":{"rendered":"Craft"},"content":{"rendered":"<section class=\"l-section wpb_row height_small\"><div class=\"l-section-h i-cf\"><div class=\"g-cols vc_row via_flex valign_middle type_default stacking_default\"><div class=\"vc_col-sm-6 wpb_column vc_column_container\"><div class=\"vc_column-inner\"><div class=\"wpb_wrapper\"><div class=\"wpb_text_column\"><div class=\"wpb_wrapper\"><p><strong>Craft ist ein Open Source Content Management System. Der Ansatz der Software zeichnet sich vor allem durch den Fokus auf Design, \u00dcbersichtlichkeit und Benutzerfreundlichkeit aus. Craft kann durch ein Commerce-System erweitert werden, das denselben Anspr\u00fcchen unterliegt. Nat\u00fcrlich k\u00f6nnen Sie die Funktionen des CMS auch durch Plugins erweitern.<\/strong><\/p>\n<p><strong>Mit unserem SMS Plugin f\u00fcr Craft k\u00f6nnen Sie zum Beispiel unkompliziert SMS und Voice-Nachrichten (Text2Speech) an Kunden oder andere Nutzer Ihrer Website senden, ohne Craft daf\u00fcr verlassen zu m\u00fcssen. In Craft Commerce sind mithilfe unserer Erweiterungen auch Massen-SMS und Massen-Text2Speech-Nachrichten m\u00f6glich. Insbesondere Massen-SMS k\u00f6nnen Sie f\u00fcr viele verschiedene Zwecke entlang der Customer Journey einsetzen. Text2Speech-Nachrichten erm\u00f6glichen Ihnen eine zus\u00e4tzliche Barrierefreiheit, wenn Ihre Empf\u00e4ngerinnen nicht oder nur eingeschr\u00e4nkt lesen k\u00f6nnen.<\/strong><\/p>\n<\/div><\/div><div class=\"w-btn-wrapper align_none\"><a class=\"w-btn us-btn-style_1 no-border\" target=\"_blank\" rel=\"nofollow noopener\" href=\"https:\/\/github.com\/seven-io\/craft\"><span class=\"w-btn-label\">Zu unserem SMS Plugin f\u00fcr Craft<\/span><\/a><\/div><\/div><\/div><\/div><div class=\"vc_col-sm-6 wpb_column vc_column_container\"><div class=\"vc_column-inner\"><div class=\"wpb_wrapper\"><div class=\"w-image align_center\"><div class=\"w-image-h\"><img decoding=\"async\" width=\"600\" height=\"600\" src=\"https:\/\/www.seven.io\/wp-content\/uploads\/integrationen_craftCMS_logo.png\" class=\"attachment-large size-large\" alt=\"Einfache SMS Integration f\u00fcr Craft CMS\" loading=\"lazy\" srcset=\"https:\/\/www.seven.io\/wp-content\/uploads\/integrationen_craftCMS_logo.png 600w, https:\/\/www.seven.io\/wp-content\/uploads\/integrationen_craftCMS_logo-300x300.png 300w, https:\/\/www.seven.io\/wp-content\/uploads\/integrationen_craftCMS_logo-150x150.png 150w, https:\/\/www.seven.io\/wp-content\/uploads\/integrationen_craftCMS_logo-350x350.png 350w, https:\/\/www.seven.io\/wp-content\/uploads\/integrationen_craftCMS_logo-250x250.png 250w, https:\/\/www.seven.io\/wp-content\/uploads\/integrationen_craftCMS_logo-400x400.png 400w, https:\/\/www.seven.io\/wp-content\/uploads\/integrationen_craftCMS_logo-200x200.png 200w\" sizes=\"auto, (max-width: 600px) 100vw, 600px\" \/><\/div><\/div><\/div><\/div><\/div><\/div><\/div><\/section><section class=\"l-section wpb_row height_small color_alternate\"><div class=\"l-section-h i-cf\"><div class=\"g-cols vc_row via_flex valign_middle type_default stacking_default\"><div class=\"vc_col-sm-6 wpb_column vc_column_container\"><div class=\"vc_column-inner\"><div class=\"wpb_wrapper\"><div class=\"w-image align_center\"><div class=\"w-image-h\"><img decoding=\"async\" width=\"400\" height=\"501\" src=\"https:\/\/www.seven.io\/wp-content\/uploads\/integrationen_craft_mock_de-400x501.png\" class=\"attachment-us_400_0 size-us_400_0\" alt=\"Mit unserem SMS Plugin f\u00fcr Craft k\u00f6nnen Sie SMS und Voice-Nachrichten senden\" loading=\"lazy\" srcset=\"https:\/\/www.seven.io\/wp-content\/uploads\/integrationen_craft_mock_de-400x501.png 400w, https:\/\/www.seven.io\/wp-content\/uploads\/integrationen_craft_mock_de-240x300.png 240w, https:\/\/www.seven.io\/wp-content\/uploads\/integrationen_craft_mock_de-250x313.png 250w, https:\/\/www.seven.io\/wp-content\/uploads\/integrationen_craft_mock_de-600x751.png 600w, https:\/\/www.seven.io\/wp-content\/uploads\/integrationen_craft_mock_de-768x961.png 768w, https:\/\/www.seven.io\/wp-content\/uploads\/integrationen_craft_mock_de-300x375.png 300w, https:\/\/www.seven.io\/wp-content\/uploads\/integrationen_craft_mock_de-320x400.png 320w, https:\/\/www.seven.io\/wp-content\/uploads\/integrationen_craft_mock_de-200x250.png 200w, https:\/\/www.seven.io\/wp-content\/uploads\/integrationen_craft_mock_de.png 800w\" sizes=\"auto, (max-width: 400px) 100vw, 400px\" \/><\/div><\/div><\/div><\/div><\/div><div class=\"vc_col-sm-6 wpb_column vc_column_container\"><div class=\"vc_column-inner\"><div class=\"wpb_wrapper\"><div class=\"wpb_text_column\"><div class=\"wpb_wrapper\"><h3>Unser SMS Plugin f\u00fcr Craft<\/h3>\n<p>Mit dem <a href=\"https:\/\/craftcms.com\" target=\"_blank\" rel=\"noopener\">Craft CMS<\/a> und Craft Commerce sind Sie flexibel und haben die volle Kontrolle. Wieso sollten Sie in Ihrer Kommunikation Abstriche machen? Mit unserem SMS Plugin f\u00fcr Craft erweitern Sie Ihren Marketing-Mix um einen starken Kommunikationspartner. Sie k\u00f6nnen direkt aus der Benutzeroberfl\u00e4che heraus SMS und Text2Speech Nachrichten versenden und so Ihre Empf\u00e4nger effektiv, pers\u00f6nlich und zuverl\u00e4ssig erreichen \u2013 unabh\u00e4ngig davon, ob diese gerade mit dem Internet verbunden sind oder nicht.<\/p>\n<p>Ob Sie Ihre Partner oder Ihre Kunden kontaktieren m\u00f6chten: SMS kommen gut an. Sie werden nicht nur besonders schnell gelesen, sondern werden auch als sehr pers\u00f6nliche Nachrichten wahrgenommen. Ganz nebenbei profitieren Sie von unserem flexiblen SMS-Gateway, das Ihren Anspr\u00fcchen immer gerecht wird, egal ob Sie 10 oder 10.000 SMS am Tag senden. Sie m\u00f6chten sich selbst ein Bild von unseren Produkten machen? <a href=\"https:\/\/app.seven.io\/signup\" rel=\"noopener\">Melden Sie sich kostenlos an<\/a> und \u00fcberzeugen Sie sich selbst.<span class=\"Apple-converted-space\">\u00a0<\/span><\/p>\n<\/div><\/div><\/div><\/div><\/div><\/div><\/div><\/section><!-- Row Backgrounds --><div class=\"upb_color\" data-bg-override=\"0\" data-bg-color=\"#f4f4f4\" data-fadeout=\"\" data-fadeout-percentage=\"30\" data-parallax-content=\"\" data-parallax-content-sense=\"30\" data-row-effect-mobile-disable=\"true\" data-img-parallax-mobile-disable=\"true\" data-rtl=\"false\"  data-custom-vc-row=\"\"  data-vc=\"8.7.2\"  data-is_old_vc=\"\"  data-theme-support=\"disable\"   data-overlay=\"false\" data-overlay-color=\"\" data-overlay-pattern=\"\" data-overlay-pattern-opacity=\"\" data-overlay-pattern-size=\"\"    ><\/div><section class=\"l-section wpb_row height_small\"><div class=\"l-section-h i-cf\"><div class=\"g-cols vc_row via_flex valign_middle type_default stacking_default\"><div class=\"vc_col-sm-6 wpb_column vc_column_container\"><div class=\"vc_column-inner\"><div class=\"wpb_wrapper\"><div class=\"wpb_text_column\"><div class=\"wpb_wrapper\"><h3>SMS-Versand<\/h3>\n<\/div><\/div><div class=\"uavc-list-icon uavc-list-icon-wrapper ult-adjust-bottom-margin   \"><ul class=\"uavc-list\"><li><div class=\"uavc-list-content\" id=\"list-icon-wrap-2604\">\n<div class=\"uavc-list-icon  \" data-animation=\"\" data-animation-delay=\"03\" style=\"margin-right:25px;\"><div class=\"ult-just-icon-wrapper  \"><div class=\"align-icon\" style=\"text-align:center;\">\n<div class=\"aio-icon none \"  style=\"color:#52c0fa;font-size:40px;display:inline-block;\">\n\t<i class=\"Defaults-envelope-o\"><\/i>\n<\/div><\/div><\/div>\n<\/div><span  data-ultimate-target='#list-icon-wrap-2604 .uavc-list-desc'  data-responsive-json-new='{\"font-size\":\"\",\"line-height\":\"\"}'  class=\"uavc-list-desc ult-responsive\" style=\"\">Versenden Sie SMS direkt aus der Craft-Benutzeroberfl\u00e4che. In Craft Commerce steht Ihnen auch der Versand von Massen-SMS zur Verf\u00fcgung, der sich nicht nur f\u00fcr den Versand von exklusiven Angebote einsetzen l\u00e4sst, sondern auch f\u00fcr Einladungen zu einem Event und in vielen anderen Szenarien entlang der <a href=\"\/de\/blog\/ueber-den-wolken-begleiten-sie-die-customer-journey-ihrer-kunden\/\" data-schema-attribute=\"\">Customer Journey<\/a>.<\/span><\/div><\/li><\/ul><\/div><div class=\"wpb_text_column\"><div class=\"wpb_wrapper\"><h3>Text-to-Speech-Nachrichten<\/h3>\n<\/div><\/div><div class=\"uavc-list-icon uavc-list-icon-wrapper ult-adjust-bottom-margin   \"><ul class=\"uavc-list\"><li><div class=\"uavc-list-content\" id=\"list-icon-wrap-5361\">\n<div class=\"uavc-list-icon  \" data-animation=\"\" data-animation-delay=\"03\" style=\"margin-right:25px;\"><div class=\"ult-just-icon-wrapper  \"><div class=\"align-icon\" style=\"text-align:center;\">\n<div class=\"aio-icon none \"  style=\"color:#52c0fa;font-size:40px;display:inline-block;\">\n\t<i class=\"Defaults-phone\"><\/i>\n<\/div><\/div><\/div>\n<\/div><span  data-ultimate-target='#list-icon-wrap-5361 .uavc-list-desc'  data-responsive-json-new='{\"font-size\":\"\",\"line-height\":\"\"}'  class=\"uavc-list-desc ult-responsive\" style=\"\">Text2Speech-Nachrichten, manchmal auch Voice-Nachrichten genannt, sind Textnachrichten, die Ihren Empf\u00e4ngern am Telefon vorgelesen werden. Sie eigenen sich f\u00fcr barrierefreie Kommunikation, werden von unseren Kunden aber auch gern f\u00fcr Alarmierungen genutzt. In Craft Commerce k\u00f6nnen Sie auch Massen-Voicenachrichten versenden.<\/span><\/div><\/li><\/ul><\/div><div class=\"wpb_text_column\"><div class=\"wpb_wrapper\"><h3>Absendername<\/h3>\n<\/div><\/div><div class=\"uavc-list-icon uavc-list-icon-wrapper ult-adjust-bottom-margin   \"><ul class=\"uavc-list\"><li><div class=\"uavc-list-content\" id=\"list-icon-wrap-8081\">\n<div class=\"uavc-list-icon  \" data-animation=\"\" data-animation-delay=\"03\" style=\"margin-right:25px;\"><div class=\"ult-just-icon-wrapper  \"><div class=\"align-icon\" style=\"text-align:center;\">\n<div class=\"aio-icon none \"  style=\"color:#52c0fa;font-size:40px;display:inline-block;\">\n\t<i class=\"Defaults-user\"><\/i>\n<\/div><\/div><\/div>\n<\/div><span  data-ultimate-target='#list-icon-wrap-8081 .uavc-list-desc'  data-responsive-json-new='{\"font-size\":\"\",\"line-height\":\"\"}'  class=\"uavc-list-desc ult-responsive\" style=\"\">SMS sind ein sehr pers\u00f6nliches Medium. Zeigen Sie daher Ihren Empf\u00e4ngern sofort, dass Sie es sind, der ihnen eine Nachricht schickt. Legen Sie eine Custom Caller ID fest, die Ihre Empf\u00e4nger als Absender angezeigt bekommen.<\/span><\/div><\/li><\/ul><\/div><\/div><\/div><\/div><div class=\"vc_col-sm-6 wpb_column vc_column_container\"><div class=\"vc_column-inner\"><div class=\"wpb_wrapper\"><div class=\"w-image no-border align_center\"><a ref=\"magnificPopup\" href=\"https:\/\/www.seven.io\/wp-content\/uploads\/integrationen_craft_screen_sms.png\" aria-label=\"integrationen_craft_screen_sms\" class=\"w-image-h\"><img decoding=\"async\" width=\"768\" height=\"614\" src=\"https:\/\/www.seven.io\/wp-content\/uploads\/integrationen_craft_screen_sms-768x614.png\" class=\"attachment-us_768_0 size-us_768_0\" alt=\"Einstellungsm\u00f6glichkeiten f\u00fcr unser SMS Plugin f\u00fcr Craft\" loading=\"lazy\" srcset=\"https:\/\/www.seven.io\/wp-content\/uploads\/integrationen_craft_screen_sms-768x614.png 768w, https:\/\/www.seven.io\/wp-content\/uploads\/integrationen_craft_screen_sms-300x240.png 300w, https:\/\/www.seven.io\/wp-content\/uploads\/integrationen_craft_screen_sms-250x200.png 250w, https:\/\/www.seven.io\/wp-content\/uploads\/integrationen_craft_screen_sms-600x480.png 600w, https:\/\/www.seven.io\/wp-content\/uploads\/integrationen_craft_screen_sms-400x320.png 400w, https:\/\/www.seven.io\/wp-content\/uploads\/integrationen_craft_screen_sms-500x400.png 500w, https:\/\/www.seven.io\/wp-content\/uploads\/integrationen_craft_screen_sms-200x160.png 200w, https:\/\/www.seven.io\/wp-content\/uploads\/integrationen_craft_screen_sms.png 800w\" sizes=\"auto, (max-width: 768px) 100vw, 768px\" \/><\/a><\/div><div class=\"w-separator size_custom\" style=\"height:10px\"><\/div><div class=\"wpb_text_column\"><div class=\"wpb_wrapper\"><p style=\"text-align: center;\"><em>Einstellungsm\u00f6glichkeiten zum Versand mit dem SMS Plugin f\u00fcr Craft, zum Vergr\u00f6\u00dfern klicken<\/em><\/p>\n<\/div><\/div><\/div><\/div><\/div><\/div><\/div><\/section><section class=\"l-section wpb_row height_small\"><div class=\"l-section-h i-cf\"><div class=\"g-cols vc_row via_flex valign_top type_default stacking_default\"><div class=\"vc_col-sm-6 wpb_column vc_column_container\"><div class=\"vc_column-inner\"><div class=\"wpb_wrapper\"><div class=\"wpb_text_column\"><div class=\"wpb_wrapper\"><h3>Zeitversetzter Versand<\/h3>\n<\/div><\/div><div class=\"uavc-list-icon uavc-list-icon-wrapper ult-adjust-bottom-margin   \"><ul class=\"uavc-list\"><li><div class=\"uavc-list-content\" id=\"list-icon-wrap-3393\">\n<div class=\"uavc-list-icon  \" data-animation=\"\" data-animation-delay=\"03\" style=\"margin-right:25px;\"><div class=\"ult-just-icon-wrapper  \"><div class=\"align-icon\" style=\"text-align:center;\">\n<div class=\"aio-icon none \"  style=\"color:#52c0fa;font-size:40px;display:inline-block;\">\n\t<i class=\"Defaults-clock-o\"><\/i>\n<\/div><\/div><\/div>\n<\/div><span  data-ultimate-target='#list-icon-wrap-3393 .uavc-list-desc'  data-responsive-json-new='{\"font-size\":\"\",\"line-height\":\"\"}'  class=\"uavc-list-desc ult-responsive\" style=\"\">Sie m\u00f6chten Ihre SMS erst zu einem sp\u00e4teren Zeitpunkt versenden? Mit der Delay-Option k\u00f6nnen Sie Ihren SMS-Versand bequem vorausplanen.<span class=\"Apple-converted-space\">\u00a0Perfekt f\u00fcr den Versand von Angeboten zu Feiertagen oder zur Erinnerung an wichtige Termine.<\/span><\/span><\/div><\/li><\/ul><\/div><\/div><\/div><\/div><div class=\"vc_col-sm-6 wpb_column vc_column_container\"><div class=\"vc_column-inner\"><div class=\"wpb_wrapper\"><div class=\"wpb_text_column\"><div class=\"wpb_wrapper\"><h3>Performance Tracking<\/h3>\n<\/div><\/div><div class=\"uavc-list-icon uavc-list-icon-wrapper ult-adjust-bottom-margin   \"><ul class=\"uavc-list\"><li><div class=\"uavc-list-content\" id=\"list-icon-wrap-2645\">\n<div class=\"uavc-list-icon  \" data-animation=\"\" data-animation-delay=\"03\" style=\"margin-right:25px;\"><div class=\"ult-just-icon-wrapper  \"><div class=\"align-icon\" style=\"text-align:center;\">\n<div class=\"aio-icon none \"  style=\"color:#52c0fa;font-size:40px;display:inline-block;\">\n\t<i class=\"Defaults-search\"><\/i>\n<\/div><\/div><\/div>\n<\/div><span  data-ultimate-target='#list-icon-wrap-2645 .uavc-list-desc'  data-responsive-json-new='{\"font-size\":\"\",\"line-height\":\"\"}'  class=\"uavc-list-desc ult-responsive\" style=\"\">Versenden Sie Links zu Angeboten? Aktivieren Sie unser Performance Tracking, um Informationen dar\u00fcber zu erhalten, welche Empf\u00e4nger Ihren Link wie h\u00e4ufig besucht haben.<\/span><\/div><\/li><\/ul><\/div><\/div><\/div><\/div><\/div><\/div><\/section><section class=\"l-section wpb_row height_small\"><div class=\"l-section-h i-cf\"><div class=\"g-cols vc_row via_flex valign_top type_default stacking_default\"><div class=\"vc_col-sm-6 wpb_column vc_column_container\"><div class=\"vc_column-inner\"><div class=\"wpb_wrapper\"><div class=\"wpb_text_column\"><div class=\"wpb_wrapper\"><h3>Label<\/h3>\n<\/div><\/div><div class=\"uavc-list-icon uavc-list-icon-wrapper ult-adjust-bottom-margin   \"><ul class=\"uavc-list\"><li><div class=\"uavc-list-content\" id=\"list-icon-wrap-4981\">\n<div class=\"uavc-list-icon  \" data-animation=\"\" data-animation-delay=\"03\" style=\"margin-right:25px;\"><div class=\"ult-just-icon-wrapper  \"><div class=\"align-icon\" style=\"text-align:center;\">\n<div class=\"aio-icon none \"  style=\"color:#52c0fa;font-size:40px;display:inline-block;\">\n\t<i class=\"Defaults-tags\"><\/i>\n<\/div><\/div><\/div>\n<\/div><span  data-ultimate-target='#list-icon-wrap-4981 .uavc-list-desc'  data-responsive-json-new='{\"font-size\":\"\",\"line-height\":\"\"}'  class=\"uavc-list-desc ult-responsive\" style=\"\">Nutzen Sie unser SMS Plugin f\u00fcr Craft gerade um eine Marketing-Nachricht, ein Angebot oder eine Information an Ihre Mitarbeiter zu versenden? Markieren Sie Ihre SMS mit verschiedenen Labels, um sie in Ihrer sp\u00e4teren Analyse effektiv filtern zu k\u00f6nnen.<\/span><\/div><\/li><\/ul><\/div><\/div><\/div><\/div><div class=\"vc_col-sm-6 wpb_column vc_column_container\"><div class=\"vc_column-inner\"><div class=\"wpb_wrapper\"><div class=\"wpb_text_column\"><div class=\"wpb_wrapper\"><h3>Weitere Optionen<\/h3>\n<\/div><\/div><div class=\"uavc-list-icon uavc-list-icon-wrapper ult-adjust-bottom-margin   \"><ul class=\"uavc-list\"><li><div class=\"uavc-list-content\" id=\"list-icon-wrap-2192\">\n<div class=\"uavc-list-icon  \" data-animation=\"\" data-animation-delay=\"03\" style=\"margin-right:25px;\"><div class=\"ult-just-icon-wrapper  \"><div class=\"align-icon\" style=\"text-align:center;\">\n<div class=\"aio-icon none \"  style=\"color:#52c0fa;font-size:40px;display:inline-block;\">\n\t<i class=\"Defaults-cogs gears\"><\/i>\n<\/div><\/div><\/div>\n<\/div><span  data-ultimate-target='#list-icon-wrap-2192 .uavc-list-desc'  data-responsive-json-new='{\"font-size\":\"\",\"line-height\":\"\"}'  class=\"uavc-list-desc ult-responsive\" style=\"\">Profitieren Sie von weiteren Funktionen, wie der M\u00f6glichkeit, nach Empf\u00e4ngerl\u00e4ndern zu filtern, Flash-SMS zu versenden und eine Reloadsperre zu nutzen. Auch eine Debug-Funktion, eine optionale Foreign-ID und die M\u00f6glichkeit zur JSON-Ausgabe stehen Ihnen zur Verf\u00fcgung.<\/span><\/div><\/li><\/ul><\/div><\/div><\/div><\/div><\/div><\/div><\/section><section class=\"l-section wpb_row height_small\"><div class=\"l-section-h i-cf\"><div class=\"g-cols vc_row via_flex valign_top type_default stacking_default\"><div class=\"vc_col-sm-12 wpb_column vc_column_container\"><div class=\"vc_column-inner\"><div class=\"wpb_wrapper\"><div class=\"w-actionbox us_custom_e47d7875 color_light controls_right\"><div class=\"w-actionbox-text\"><div class=\"w-actionbox-description\"><p>Sie brauchen Hilfe bei der Installation oder der Einrichtung der Funktionen?<br \/>\nAuf unserer GitHub-Seite finden Sie weitere Informationen.<\/p>\n<\/div><\/div><div class=\"w-actionbox-controls\"><a class=\"w-btn us-btn-style_5\" target=\"_blank\" href=\"https:\/\/github.com\/seven-io\/craft\" rel=\"noopener\"><span class=\"w-btn-label\">Zu GitHub<\/span><\/a><\/div><\/div><\/div><\/div><\/div><\/div><\/div><\/section><!-- Row Backgrounds --><div class=\"upb_color\" data-bg-override=\"0\" data-bg-color=\"#ffffff\" data-fadeout=\"\" data-fadeout-percentage=\"30\" data-parallax-content=\"\" data-parallax-content-sense=\"30\" data-row-effect-mobile-disable=\"true\" data-img-parallax-mobile-disable=\"true\" data-rtl=\"false\"  data-custom-vc-row=\"\"  data-vc=\"8.7.2\"  data-is_old_vc=\"\"  data-theme-support=\"disable\"   data-overlay=\"false\" data-overlay-color=\"\" data-overlay-pattern=\"\" data-overlay-pattern-opacity=\"\" data-overlay-pattern-size=\"\"    ><\/div>\n","protected":false},"excerpt":{"rendered":"Craft ist ein Open Source Content Management System. Der Ansatz der Software zeichnet sich vor allem durch den Fokus auf Design, \u00dcbersichtlichkeit und Benutzerfreundlichkeit aus. Craft kann durch ein Commerce-System erweitert werden, das denselben Anspr\u00fcchen unterliegt. Nat\u00fcrlich k\u00f6nnen Sie die Funktionen des CMS auch durch Plugins erweitern. Mit unserem SMS Plugin f\u00fcr Craft k\u00f6nnen Sie...","protected":false},"author":1,"featured_media":26586,"parent":17075,"menu_order":0,"comment_status":"closed","ping_status":"closed","template":"","meta":{"content-type":"","footnotes":""},"class_list":["post-26603","page","type-page","status-publish","has-post-thumbnail","hentry"],"_links":{"self":[{"href":"https:\/\/www.seven.io\/de\/wp-json\/wp\/v2\/pages\/26603","targetHints":{"allow":["GET"]}}],"collection":[{"href":"https:\/\/www.seven.io\/de\/wp-json\/wp\/v2\/pages"}],"about":[{"href":"https:\/\/www.seven.io\/de\/wp-json\/wp\/v2\/types\/page"}],"author":[{"embeddable":true,"href":"https:\/\/www.seven.io\/de\/wp-json\/wp\/v2\/users\/1"}],"replies":[{"embeddable":true,"href":"https:\/\/www.seven.io\/de\/wp-json\/wp\/v2\/comments?post=26603"}],"version-history":[{"count":29,"href":"https:\/\/www.seven.io\/de\/wp-json\/wp\/v2\/pages\/26603\/revisions"}],"predecessor-version":[{"id":92881,"href":"https:\/\/www.seven.io\/de\/wp-json\/wp\/v2\/pages\/26603\/revisions\/92881"}],"up":[{"embeddable":true,"href":"https:\/\/www.seven.io\/de\/wp-json\/wp\/v2\/pages\/17075"}],"wp:featuredmedia":[{"embeddable":true,"href":"https:\/\/www.seven.io\/de\/wp-json\/wp\/v2\/media\/26586"}],"wp:attachment":[{"href":"https:\/\/www.seven.io\/de\/wp-json\/wp\/v2\/media?parent=26603"}],"curies":[{"name":"wp","href":"https:\/\/api.w.org\/{rel}","templated":true}]}}