{"id":26777,"date":"2021-04-30T11:56:01","date_gmt":"2021-04-30T09:56:01","guid":{"rendered":"https:\/\/www.sms77.io\/?page_id=26777"},"modified":"2024-07-03T08:38:32","modified_gmt":"2024-07-03T06:38:32","slug":"home-assistant","status":"publish","type":"page","link":"https:\/\/www.seven.io\/de\/loesungen\/integrationen\/home-assistant\/","title":{"rendered":"Home Assistant"},"content":{"rendered":"<section class=\"l-section wpb_row height_small\"><div class=\"l-section-h i-cf\"><div class=\"g-cols vc_row via_flex valign_middle type_default stacking_default\"><div class=\"vc_col-sm-6 wpb_column vc_column_container\"><div class=\"vc_column-inner\"><div class=\"wpb_wrapper\"><div class=\"wpb_text_column\"><div class=\"wpb_wrapper\"><p><strong>Home Assistant ist eine Open-Source-Software f\u00fcr die Steuerung von Home Automation. Die Software ist kostenlos und stellt laut eigener Aussage die lokale Steuerung und die Privatsph\u00e4re seiner Nutzer in den Mittelpunkt. Home Assistant ist extrem popul\u00e4r und geh\u00f6rte 2019 zu den zehn gr\u00f6\u00dften Open-Source-Projekten auf GitHub.<\/strong><\/p>\n<p><strong>Es ist also nicht verwunderlich, dass die aktive Community bereits mehr als 1700 Plugins f\u00fcr die Software entwickelt hat. Dank unserer Erweiterung k\u00f6nnen Sie jetzt auch bequem SMS mit <a href=\"https:\/\/www.home-assistant.io\" target=\"_blank\" rel=\"noopener\" data-schema-attribute=\"\">Home Assistant<\/a> versenden \u2013 flexibel und sicher \u00fcber unser hochperformantes Gateway. Auch der Versand von Text-to-Speech-Nachrichten, manchmal auch Voice-Nachrichten genannt, die den Empf\u00e4ngern am Telefon vorgelesen werden, ist m\u00f6glich.<span class=\"Apple-converted-space\">\u00a0<\/span><\/strong><\/p>\n<\/div><\/div><div class=\"w-btn-wrapper align_none\"><a class=\"w-btn us-btn-style_1 no-border\" target=\"_blank\" rel=\"nofollow noopener\" href=\"https:\/\/github.com\/seven-io\/home-assistant\"><span class=\"w-btn-label\">Unser Plugin f\u00fcr Home Assistant<\/span><\/a><\/div><\/div><\/div><\/div><div class=\"vc_col-sm-6 wpb_column vc_column_container\"><div class=\"vc_column-inner\"><div class=\"wpb_wrapper\"><div class=\"w-image align_center\"><div class=\"w-image-h\"><img decoding=\"async\" width=\"400\" height=\"400\" src=\"https:\/\/www.seven.io\/wp-content\/uploads\/integration_homeassistant_logo-400x400.png\" class=\"attachment-us_400_0 size-us_400_0\" alt=\"Das Logo von Home Assistant\" loading=\"lazy\" srcset=\"https:\/\/www.seven.io\/wp-content\/uploads\/integration_homeassistant_logo-400x400.png 400w, https:\/\/www.seven.io\/wp-content\/uploads\/integration_homeassistant_logo-300x300.png 300w, https:\/\/www.seven.io\/wp-content\/uploads\/integration_homeassistant_logo-150x150.png 150w, https:\/\/www.seven.io\/wp-content\/uploads\/integration_homeassistant_logo-350x350.png 350w, https:\/\/www.seven.io\/wp-content\/uploads\/integration_homeassistant_logo.png 600w, https:\/\/www.seven.io\/wp-content\/uploads\/integration_homeassistant_logo-250x250.png 250w, https:\/\/www.seven.io\/wp-content\/uploads\/integration_homeassistant_logo-200x200.png 200w\" sizes=\"auto, (max-width: 400px) 100vw, 400px\" \/><\/div><\/div><\/div><\/div><\/div><\/div><\/div><\/section><section class=\"l-section wpb_row height_small color_alternate\"><div class=\"l-section-h i-cf\"><div class=\"g-cols vc_row via_flex valign_middle type_default stacking_default\"><div class=\"vc_col-sm-6 wpb_column vc_column_container\"><div class=\"vc_column-inner\"><div class=\"wpb_wrapper\"><div class=\"w-image align_center\"><div class=\"w-image-h\"><img decoding=\"async\" width=\"400\" height=\"501\" src=\"https:\/\/www.seven.io\/wp-content\/uploads\/integrationen_homeassistant_mock_de-400x501.png\" class=\"attachment-us_400_0 size-us_400_0\" alt=\"SMS mit Home Assistant versenden \u2013 Perfekt f\u00fcr Alarmierungen\" loading=\"lazy\" srcset=\"https:\/\/www.seven.io\/wp-content\/uploads\/integrationen_homeassistant_mock_de-400x501.png 400w, https:\/\/www.seven.io\/wp-content\/uploads\/integrationen_homeassistant_mock_de-240x300.png 240w, https:\/\/www.seven.io\/wp-content\/uploads\/integrationen_homeassistant_mock_de-250x313.png 250w, https:\/\/www.seven.io\/wp-content\/uploads\/integrationen_homeassistant_mock_de-300x376.png 300w, https:\/\/www.seven.io\/wp-content\/uploads\/integrationen_homeassistant_mock_de-319x400.png 319w, https:\/\/www.seven.io\/wp-content\/uploads\/integrationen_homeassistant_mock_de-200x250.png 200w, https:\/\/www.seven.io\/wp-content\/uploads\/integrationen_homeassistant_mock_de.png 511w\" sizes=\"auto, (max-width: 400px) 100vw, 400px\" \/><\/div><\/div><\/div><\/div><\/div><div class=\"vc_col-sm-6 wpb_column vc_column_container\"><div class=\"vc_column-inner\"><div class=\"wpb_wrapper\"><div class=\"wpb_text_column\"><div class=\"wpb_wrapper\"><h3>Voice-Nachrichten und SMS mit Home Assistant versenden<\/h3>\n<p>Mit unserem Plugin k\u00f6nnen Sie unkompliziert SMS mit Home Assistant versenden. Bauen Sie unsere Komponente einfach in Ihre gew\u00fcnschte Automation ein. L\u00e4uft Ihre Automation, k\u00f6nnen Sie sich beispielsweise benachrichtigen lassen, wenn ein Bewegungsmelder in Ihrem Haus anschl\u00e4gt oder jemand unbefugt einen Raum betritt. SMS eignen sich hier besonders gut, weil sie unabh\u00e4ngig von Internetverbindungen empfangen werden.<\/p>\n<p>Eine SMS reicht Ihnen nicht? Nutzen Sie unsere Voice-Komponente f\u00fcr Home Assistant, um \u00fcber unser Gateway eine SMS zu versenden, die dann als Anruf eingeht und vorgelesen wird. Diese <a href=\"\/de\/produkte\/voice\/\">Voice-Funktion<\/a> ist beispielsweise dann besonders n\u00fctzlich, wenn Sie mit dem Auto unterwegs sind, also keine SMS lesen, aber sehr wohl Anrufe empfangen k\u00f6nnen.<\/p>\n<\/div><\/div><\/div><\/div><\/div><\/div><\/div><\/section><!-- Row Backgrounds --><div class=\"upb_color\" data-bg-override=\"0\" data-bg-color=\"#f4f4f4\" data-fadeout=\"\" data-fadeout-percentage=\"30\" data-parallax-content=\"\" data-parallax-content-sense=\"30\" data-row-effect-mobile-disable=\"true\" data-img-parallax-mobile-disable=\"true\" data-rtl=\"false\"  data-custom-vc-row=\"\"  data-vc=\"8.7.2\"  data-is_old_vc=\"\"  data-theme-support=\"disable\"   data-overlay=\"false\" data-overlay-color=\"\" data-overlay-pattern=\"\" data-overlay-pattern-opacity=\"\" data-overlay-pattern-size=\"\"    ><\/div><section class=\"l-section wpb_row height_small\"><div class=\"l-section-h i-cf\"><div class=\"g-cols vc_row via_flex valign_middle type_default stacking_default\"><div class=\"vc_col-sm-6 wpb_column vc_column_container\"><div class=\"vc_column-inner\"><div class=\"wpb_wrapper\"><div class=\"wpb_text_column\"><div class=\"wpb_wrapper\"><h3>Automatisierter SMS-Versand<\/h3>\n<\/div><\/div><div class=\"uavc-list-icon uavc-list-icon-wrapper ult-adjust-bottom-margin   \"><ul class=\"uavc-list\"><li><div class=\"uavc-list-content\" id=\"list-icon-wrap-1296\">\n<div class=\"uavc-list-icon  \" data-animation=\"\" data-animation-delay=\"03\" style=\"margin-right:25px;\"><div class=\"ult-just-icon-wrapper  \"><div class=\"align-icon\" style=\"text-align:center;\">\n<div class=\"aio-icon none \"  style=\"color:#52c0fa;font-size:40px;display:inline-block;\">\n\t<i class=\"Defaults-envelope-o\"><\/i>\n<\/div><\/div><\/div>\n<\/div><span  data-ultimate-target='#list-icon-wrap-1296 .uavc-list-desc'  data-responsive-json-new='{\"font-size\":\"\",\"line-height\":\"\"}'  class=\"uavc-list-desc ult-responsive\" style=\"\">Binden Sie unseren SMS-Versand in ihre Automatisierung ein und lassen Sie sich \u00fcber verschiedene Szenarien benachrichtigen. Effektiv f\u00fcr Warnmeldungen aller Art.<\/span><\/div><\/li><\/ul><\/div><div class=\"wpb_text_column\"><div class=\"wpb_wrapper\"><h3>Voice-Nachrichten<\/h3>\n<\/div><\/div><div class=\"uavc-list-icon uavc-list-icon-wrapper ult-adjust-bottom-margin   \"><ul class=\"uavc-list\"><li><div class=\"uavc-list-content\" id=\"list-icon-wrap-7419\">\n<div class=\"uavc-list-icon  \" data-animation=\"\" data-animation-delay=\"03\" style=\"margin-right:25px;\"><div class=\"ult-just-icon-wrapper  \"><div class=\"align-icon\" style=\"text-align:center;\">\n<div class=\"aio-icon none \"  style=\"color:#52c0fa;font-size:40px;display:inline-block;\">\n\t<i class=\"Defaults-phone\"><\/i>\n<\/div><\/div><\/div>\n<\/div><span  data-ultimate-target='#list-icon-wrap-7419 .uavc-list-desc'  data-responsive-json-new='{\"font-size\":\"\",\"line-height\":\"\"}'  class=\"uavc-list-desc ult-responsive\" style=\"\">Mehr Aufmerksamkeit und noch zug\u00e4nglicher: Versenden Sie eine SMS, die dann als Anruf zugestellt und vorgelesen wird.<span class=\"Apple-converted-space\">\u00a0Voice- oder Text to Speech-Nachrichten k\u00f6nnen auch an Festnetznummern versendet werden.<\/span><\/span><\/div><\/li><\/ul><\/div><\/div><\/div><\/div><div class=\"vc_col-sm-6 wpb_column vc_column_container\"><div class=\"vc_column-inner\"><div class=\"wpb_wrapper\"><div class=\"w-image no-border align_center\"><a ref=\"magnificPopup\" href=\"https:\/\/www.seven.io\/wp-content\/uploads\/integrationen_homeassistant_screen.png\" aria-label=\"integrationen_homeassistant_screen\" class=\"w-image-h\"><img decoding=\"async\" width=\"640\" height=\"360\" src=\"https:\/\/www.seven.io\/wp-content\/uploads\/integrationen_homeassistant_screen.png\" class=\"attachment-full size-full\" alt=\"Sie m\u00f6chten SMS mit Home Assistant versenden? Wir haben das passende Plugin!\" loading=\"lazy\" srcset=\"https:\/\/www.seven.io\/wp-content\/uploads\/integrationen_homeassistant_screen.png 640w, https:\/\/www.seven.io\/wp-content\/uploads\/integrationen_homeassistant_screen-300x169.png 300w, https:\/\/www.seven.io\/wp-content\/uploads\/integrationen_homeassistant_screen-250x141.png 250w, https:\/\/www.seven.io\/wp-content\/uploads\/integrationen_homeassistant_screen-600x338.png 600w, https:\/\/www.seven.io\/wp-content\/uploads\/integrationen_homeassistant_screen-400x225.png 400w, https:\/\/www.seven.io\/wp-content\/uploads\/integrationen_homeassistant_screen-200x113.png 200w\" sizes=\"auto, (max-width: 640px) 100vw, 640px\" \/><\/a><\/div><\/div><\/div><\/div><\/div><\/div><\/section><section class=\"l-section wpb_row height_small\"><div class=\"l-section-h i-cf\"><div class=\"g-cols vc_row via_flex valign_top type_default stacking_default\"><div class=\"vc_col-sm-12 wpb_column vc_column_container\"><div class=\"vc_column-inner\"><div class=\"wpb_wrapper\"><div class=\"w-actionbox us_custom_e47d7875 color_light controls_right\"><div class=\"w-actionbox-text\"><div class=\"w-actionbox-description\"><p>Sie brauchen Hilfe bei der Installation oder der Einrichtung der Funktionen?<br \/>\nAuf unserer GitHub-Seite finden Sie weitere Informationen.<\/p>\n<\/div><\/div><div class=\"w-actionbox-controls\"><a class=\"w-btn us-btn-style_5\" target=\"_blank\" href=\"https:\/\/github.com\/seven-io\/home-assistant\" rel=\"noopener\"><span class=\"w-btn-label\">Zu GitHub<\/span><\/a><\/div><\/div><\/div><\/div><\/div><\/div><\/div><\/section><!-- Row Backgrounds --><div class=\"upb_color\" data-bg-override=\"0\" data-bg-color=\"#ffffff\" data-fadeout=\"\" data-fadeout-percentage=\"30\" data-parallax-content=\"\" data-parallax-content-sense=\"30\" data-row-effect-mobile-disable=\"true\" data-img-parallax-mobile-disable=\"true\" data-rtl=\"false\"  data-custom-vc-row=\"\"  data-vc=\"8.7.2\"  data-is_old_vc=\"\"  data-theme-support=\"disable\"   data-overlay=\"false\" data-overlay-color=\"\" data-overlay-pattern=\"\" data-overlay-pattern-opacity=\"\" data-overlay-pattern-size=\"\"    ><\/div>\n","protected":false},"excerpt":{"rendered":"Home Assistant ist eine Open-Source-Software f\u00fcr die Steuerung von Home Automation. Die Software ist kostenlos und stellt laut eigener Aussage die lokale Steuerung und die Privatsph\u00e4re seiner Nutzer in den Mittelpunkt. Home Assistant ist extrem popul\u00e4r und geh\u00f6rte 2019 zu den zehn gr\u00f6\u00dften Open-Source-Projekten auf GitHub. Es ist also nicht verwunderlich, dass die aktive Community...","protected":false},"author":1,"featured_media":26601,"parent":17075,"menu_order":0,"comment_status":"closed","ping_status":"closed","template":"","meta":{"content-type":"","footnotes":""},"class_list":["post-26777","page","type-page","status-publish","has-post-thumbnail","hentry"],"_links":{"self":[{"href":"https:\/\/www.seven.io\/de\/wp-json\/wp\/v2\/pages\/26777","targetHints":{"allow":["GET"]}}],"collection":[{"href":"https:\/\/www.seven.io\/de\/wp-json\/wp\/v2\/pages"}],"about":[{"href":"https:\/\/www.seven.io\/de\/wp-json\/wp\/v2\/types\/page"}],"author":[{"embeddable":true,"href":"https:\/\/www.seven.io\/de\/wp-json\/wp\/v2\/users\/1"}],"replies":[{"embeddable":true,"href":"https:\/\/www.seven.io\/de\/wp-json\/wp\/v2\/comments?post=26777"}],"version-history":[{"count":20,"href":"https:\/\/www.seven.io\/de\/wp-json\/wp\/v2\/pages\/26777\/revisions"}],"predecessor-version":[{"id":92936,"href":"https:\/\/www.seven.io\/de\/wp-json\/wp\/v2\/pages\/26777\/revisions\/92936"}],"up":[{"embeddable":true,"href":"https:\/\/www.seven.io\/de\/wp-json\/wp\/v2\/pages\/17075"}],"wp:featuredmedia":[{"embeddable":true,"href":"https:\/\/www.seven.io\/de\/wp-json\/wp\/v2\/media\/26601"}],"wp:attachment":[{"href":"https:\/\/www.seven.io\/de\/wp-json\/wp\/v2\/media?parent=26777"}],"curies":[{"name":"wp","href":"https:\/\/api.w.org\/{rel}","templated":true}]}}