{"id":27230,"date":"2021-05-20T07:49:21","date_gmt":"2021-05-20T05:49:21","guid":{"rendered":"https:\/\/www.sms77.io\/?page_id=27230"},"modified":"2024-03-25T10:30:51","modified_gmt":"2024-03-25T09:30:51","slug":"activeworkflow","status":"publish","type":"page","link":"https:\/\/www.seven.io\/de\/loesungen\/integrationen\/activeworkflow\/","title":{"rendered":"ActiveWorkflow"},"content":{"rendered":"<section class=\"l-section wpb_row height_small\"><div class=\"l-section-h i-cf\"><div class=\"g-cols vc_row via_flex valign_middle type_default stacking_default\"><div class=\"vc_col-sm-6 wpb_column vc_column_container\"><div class=\"vc_column-inner\"><div class=\"wpb_wrapper\"><div class=\"wpb_text_column\"><div class=\"wpb_wrapper\"><p><strong>ActiveWorkflow ist ein Open-Source-Projekt f\u00fcr Workflow Automation. Das Produkt des Unternehmens Automatic Mode Lab verspricht die effektive Automatisierung von Workflows, ohne den eigenen Tech Stack verlassen zu m\u00fcssen.<\/strong><\/p>\n<p><strong>Im Gegensatz zu vielen anderen aufstrebenden Automatisierungs-Plattformen ist ActiveWorkflow keine No-Code-Plattform, gestaltet den Automatisierungsprozess durch eine ansprechende Benutzeroberfl\u00e4che aber trotzdem \u00fcbersichtlich und nachvollziehbar. Mit unserem Agenten k\u00f6nnen Sie auch unkompliziert SMS mit ActiveWorkflow versenden. Unsere Voice-Funktion k\u00f6nnen Sie mit unserem Voice-Agenten ebenfalls in Ihren Workflow einbauen.<\/strong><\/p>\n<\/div><\/div><div class=\"w-btn-wrapper align_none\"><a class=\"w-btn us-btn-style_1 no-border\" target=\"_blank\" rel=\"nofollow noopener\" href=\"https:\/\/github.com\/seven-io\/active-workflow-sms\"><span class=\"w-btn-label\">Unser SMS-Agent f\u00fcr ActiveWorkflow<\/span><\/a><\/div><div class=\"w-btn-wrapper align_none\"><a class=\"w-btn us-btn-style_1 no-border\" target=\"_blank\" rel=\"nofollow noopener\" href=\"https:\/\/github.com\/seven-io\/active-workflow-voice\"><span class=\"w-btn-label\">Unser Voice-Agent f\u00fcr ActiveWorkflow<\/span><\/a><\/div><\/div><\/div><\/div><div class=\"vc_col-sm-6 wpb_column vc_column_container\"><div class=\"vc_column-inner\"><div class=\"wpb_wrapper\"><div class=\"w-image align_center\"><div class=\"w-image-h\"><img decoding=\"async\" width=\"450\" height=\"450\" src=\"https:\/\/www.seven.io\/wp-content\/uploads\/integrationen_activeworkflow_logo.png\" class=\"attachment-large size-large\" alt=\"Das Logo der ActiveWorkflow-Plattform\" loading=\"lazy\" srcset=\"https:\/\/www.seven.io\/wp-content\/uploads\/integrationen_activeworkflow_logo.png 450w, https:\/\/www.seven.io\/wp-content\/uploads\/integrationen_activeworkflow_logo-300x300.png 300w, https:\/\/www.seven.io\/wp-content\/uploads\/integrationen_activeworkflow_logo-150x150.png 150w, https:\/\/www.seven.io\/wp-content\/uploads\/integrationen_activeworkflow_logo-350x350.png 350w, https:\/\/www.seven.io\/wp-content\/uploads\/integrationen_activeworkflow_logo-250x250.png 250w, https:\/\/www.seven.io\/wp-content\/uploads\/integrationen_activeworkflow_logo-400x400.png 400w, https:\/\/www.seven.io\/wp-content\/uploads\/integrationen_activeworkflow_logo-200x200.png 200w\" sizes=\"auto, (max-width: 450px) 100vw, 450px\" \/><\/div><\/div><\/div><\/div><\/div><\/div><\/div><\/section><section class=\"l-section wpb_row height_small color_alternate\"><div class=\"l-section-h i-cf\"><div class=\"g-cols vc_row via_flex valign_middle type_default stacking_default\"><div class=\"vc_col-sm-6 wpb_column vc_column_container\"><div class=\"vc_column-inner\"><div class=\"wpb_wrapper\"><div class=\"w-image no-border align_center\"><a ref=\"magnificPopup\" href=\"https:\/\/www.seven.io\/wp-content\/uploads\/integrationen_screenshotV2_activeworkflow.png\" aria-label=\"integrationen_screenshotV2_activeworkflow\" class=\"w-image-h\"><img decoding=\"async\" width=\"400\" height=\"289\" src=\"https:\/\/www.seven.io\/wp-content\/uploads\/integrationen_screenshotV2_activeworkflow-400x289.png\" class=\"attachment-us_400_0 size-us_400_0\" alt=\"Versenden Sie SMS mit ActiveWorkflow und sms77\" loading=\"lazy\" srcset=\"https:\/\/www.seven.io\/wp-content\/uploads\/integrationen_screenshotV2_activeworkflow-400x289.png 400w, https:\/\/www.seven.io\/wp-content\/uploads\/integrationen_screenshotV2_activeworkflow-300x217.png 300w, https:\/\/www.seven.io\/wp-content\/uploads\/integrationen_screenshotV2_activeworkflow-250x181.png 250w, https:\/\/www.seven.io\/wp-content\/uploads\/integrationen_screenshotV2_activeworkflow-600x434.png 600w, https:\/\/www.seven.io\/wp-content\/uploads\/integrationen_screenshotV2_activeworkflow-768x556.png 768w, https:\/\/www.seven.io\/wp-content\/uploads\/integrationen_screenshotV2_activeworkflow-553x400.png 553w, https:\/\/www.seven.io\/wp-content\/uploads\/integrationen_screenshotV2_activeworkflow-200x145.png 200w, https:\/\/www.seven.io\/wp-content\/uploads\/integrationen_screenshotV2_activeworkflow.png 1024w\" sizes=\"auto, (max-width: 400px) 100vw, 400px\" \/><\/a><\/div><div class=\"w-separator size_custom\" style=\"height:10px\"><\/div><div class=\"wpb_text_column\"><div class=\"wpb_wrapper\"><p style=\"text-align: center;\"><em>Ein neuer SMS-Agent in ActiveWorkflow, zum Vergr\u00f6\u00dfern anklicken<\/em><\/p>\n<\/div><\/div><\/div><\/div><\/div><div class=\"vc_col-sm-6 wpb_column vc_column_container\"><div class=\"vc_column-inner\"><div class=\"wpb_wrapper\"><div class=\"wpb_text_column\"><div class=\"wpb_wrapper\"><h3>Versenden Sie Voice-Nachrichten und SMS mit ActiveWorkflow<\/h3>\n<p>Mit unseren Agenten k\u00f6nnen Sie sowohl Voice-Nachrichten als auch SMS mit <a href=\"https:\/\/www.activeworkflow.org\" target=\"_blank\" rel=\"noopener\" data-schema-attribute=\"\">ActiveWorkflow<\/a> verschicken. F\u00fcr Ihren SMS-Versand stehen Ihnen fast alle Funktionen zur Verf\u00fcgung, die Sie auch regul\u00e4r \u00fcber <a href=\"\/produkte\/sms-gateway-api\/\" data-schema-attribute=\"\">unsere API<\/a> nutzen k\u00f6nnen. Einen \u00dcberblick \u00fcber die verf\u00fcgbaren Funktionen des Agenten finden Sie in unserer Dokumentation.<span class=\"Apple-converted-space\">\u00a0<\/span><\/p>\n<p>Mit dem Voice-Agenten sind Sie in der Lage, Textnachrichten zu verfassen, die als Anruf versendet und dann den Empf\u00e4ngern vorgelesen werden. Gelegentlich werden diese Nachrichten auch als Text2Speech-Nachrichten bezeichnet.<span class=\"Apple-converted-space\">\u00a0<\/span><\/p>\n<\/div><\/div><\/div><\/div><\/div><\/div><\/div><\/section><!-- Row Backgrounds --><div class=\"upb_color\" data-bg-override=\"0\" data-bg-color=\"#f4f4f4\" data-fadeout=\"\" data-fadeout-percentage=\"30\" data-parallax-content=\"\" data-parallax-content-sense=\"30\" data-row-effect-mobile-disable=\"true\" data-img-parallax-mobile-disable=\"true\" data-rtl=\"false\"  data-custom-vc-row=\"\"  data-vc=\"8.7.2\"  data-is_old_vc=\"\"  data-theme-support=\"disable\"   data-overlay=\"false\" data-overlay-color=\"\" data-overlay-pattern=\"\" data-overlay-pattern-opacity=\"\" data-overlay-pattern-size=\"\"    ><\/div><section class=\"l-section wpb_row height_small\"><div class=\"l-section-h i-cf\"><div class=\"g-cols vc_row via_flex valign_middle type_default stacking_default\"><div class=\"vc_col-sm-6 wpb_column vc_column_container\"><div class=\"vc_column-inner\"><div class=\"wpb_wrapper\"><div class=\"wpb_text_column\"><div class=\"wpb_wrapper\"><h3>SMS-Versand<\/h3>\n<\/div><\/div><div class=\"uavc-list-icon uavc-list-icon-wrapper ult-adjust-bottom-margin   \"><ul class=\"uavc-list\"><li><div class=\"uavc-list-content\" id=\"list-icon-wrap-9452\">\n<div class=\"uavc-list-icon  \" data-animation=\"\" data-animation-delay=\"03\" style=\"margin-right:25px;\"><div class=\"ult-just-icon-wrapper  \"><div class=\"align-icon\" style=\"text-align:center;\">\n<div class=\"aio-icon none \"  style=\"color:#52c0fa;font-size:40px;display:inline-block;\">\n\t<i class=\"Defaults-envelope-o\"><\/i>\n<\/div><\/div><\/div>\n<\/div><span  data-ultimate-target='#list-icon-wrap-9452 .uavc-list-desc'  data-responsive-json-new='{\"font-size\":\"\",\"line-height\":\"\"}'  class=\"uavc-list-desc ult-responsive\" style=\"\">Nutzen Sie umfangreiche Funktionen f\u00fcr den Versand von SMS mit ActiveWorkflow. Optimieren Sie Ihren Versand mit unserem Performance Tracking, sortieren Sie Ihre Nachrichten mit der Label-Funktion und passen Sie Ihren Versand individuell an. Eine \u00dcbersicht der m\u00f6glichen Einstellungen finden Sie in der unten verlinkten Dokumentation.<\/span><\/div><\/li><\/ul><\/div><\/div><\/div><\/div><div class=\"vc_col-sm-6 wpb_column vc_column_container\"><div class=\"vc_column-inner\"><div class=\"wpb_wrapper\"><div class=\"wpb_text_column\"><div class=\"wpb_wrapper\"><h3>Versand von Voice-Nachrichten<\/h3>\n<\/div><\/div><div class=\"uavc-list-icon uavc-list-icon-wrapper ult-adjust-bottom-margin   \"><ul class=\"uavc-list\"><li><div class=\"uavc-list-content\" id=\"list-icon-wrap-1382\">\n<div class=\"uavc-list-icon  \" data-animation=\"\" data-animation-delay=\"03\" style=\"margin-right:25px;\"><div class=\"ult-just-icon-wrapper  \"><div class=\"align-icon\" style=\"text-align:center;\">\n<div class=\"aio-icon none \"  style=\"color:#52c0fa;font-size:40px;display:inline-block;\">\n\t<i class=\"Defaults-phone\"><\/i>\n<\/div><\/div><\/div>\n<\/div><span  data-ultimate-target='#list-icon-wrap-1382 .uavc-list-desc'  data-responsive-json-new='{\"font-size\":\"\",\"line-height\":\"\"}'  class=\"uavc-list-desc ult-responsive\" style=\"\">Unser Voice-Agent f\u00fcr ActiveWorkflow erm\u00f6glicht Ihnen den Versand von Textnachrichten, die als Anruf zugestellt werden. Unsere Kunden nutzen diesen Service gern f\u00fcr Benachrichtigungen, aber auch als barrierefreie Alternative zum SMS-Versand.<\/span><\/div><\/li><\/ul><\/div><\/div><\/div><\/div><\/div><\/div><\/section><section class=\"l-section wpb_row height_small\"><div class=\"l-section-h i-cf\"><div class=\"g-cols vc_row via_flex valign_top type_default stacking_default\"><div class=\"vc_col-sm-12 wpb_column vc_column_container\"><div class=\"vc_column-inner\"><div class=\"wpb_wrapper\"><div class=\"w-actionbox us_custom_e47d7875 color_light controls_bottom\"><div class=\"w-actionbox-text\"><div class=\"w-actionbox-description\"><p>Sie brauchen Hilfe bei der Installation oder der Einrichtung der Funktionen?<br \/>\nAuf der jeweiligen GitHub-Seite finden Sie weitere Informationen.<\/p>\n<\/div><\/div><div class=\"w-actionbox-controls\"><a class=\"w-btn us-btn-style_5\" target=\"_blank\" href=\"https:\/\/github.com\/seven-io\/active-workflow-sms\" rel=\"noopener\"><span class=\"w-btn-label\">SMS-Agent auf GitHub<\/span><\/a><a class=\"w-btn us-btn-style_5\" target=\"_blank\" href=\"https:\/\/github.com\/seven-io\/active-workflow-voice\" rel=\"noopener\"><span class=\"w-btn-label\">Voice-Agent auf GitHub<\/span><\/a><\/div><\/div><\/div><\/div><\/div><\/div><\/div><\/section><!-- Row Backgrounds --><div class=\"upb_color\" data-bg-override=\"0\" data-bg-color=\"#ffffff\" data-fadeout=\"\" data-fadeout-percentage=\"30\" data-parallax-content=\"\" data-parallax-content-sense=\"30\" data-row-effect-mobile-disable=\"true\" data-img-parallax-mobile-disable=\"true\" data-rtl=\"false\"  data-custom-vc-row=\"\"  data-vc=\"8.7.2\"  data-is_old_vc=\"\"  data-theme-support=\"disable\"   data-overlay=\"false\" data-overlay-color=\"\" data-overlay-pattern=\"\" data-overlay-pattern-opacity=\"\" data-overlay-pattern-size=\"\"    ><\/div>\n","protected":false},"excerpt":{"rendered":"ActiveWorkflow ist ein Open-Source-Projekt f\u00fcr Workflow Automation. Das Produkt des Unternehmens Automatic Mode Lab verspricht die effektive Automatisierung von Workflows, ohne den eigenen Tech Stack verlassen zu m\u00fcssen. Im Gegensatz zu vielen anderen aufstrebenden Automatisierungs-Plattformen ist ActiveWorkflow keine No-Code-Plattform, gestaltet den Automatisierungsprozess durch eine ansprechende Benutzeroberfl\u00e4che aber trotzdem \u00fcbersichtlich und nachvollziehbar. Mit unserem Agenten k\u00f6nnen...","protected":false},"author":1,"featured_media":27228,"parent":17075,"menu_order":0,"comment_status":"closed","ping_status":"closed","template":"","meta":{"content-type":"","footnotes":""},"class_list":["post-27230","page","type-page","status-publish","has-post-thumbnail","hentry"],"_links":{"self":[{"href":"https:\/\/www.seven.io\/de\/wp-json\/wp\/v2\/pages\/27230","targetHints":{"allow":["GET"]}}],"collection":[{"href":"https:\/\/www.seven.io\/de\/wp-json\/wp\/v2\/pages"}],"about":[{"href":"https:\/\/www.seven.io\/de\/wp-json\/wp\/v2\/types\/page"}],"author":[{"embeddable":true,"href":"https:\/\/www.seven.io\/de\/wp-json\/wp\/v2\/users\/1"}],"replies":[{"embeddable":true,"href":"https:\/\/www.seven.io\/de\/wp-json\/wp\/v2\/comments?post=27230"}],"version-history":[{"count":21,"href":"https:\/\/www.seven.io\/de\/wp-json\/wp\/v2\/pages\/27230\/revisions"}],"predecessor-version":[{"id":92315,"href":"https:\/\/www.seven.io\/de\/wp-json\/wp\/v2\/pages\/27230\/revisions\/92315"}],"up":[{"embeddable":true,"href":"https:\/\/www.seven.io\/de\/wp-json\/wp\/v2\/pages\/17075"}],"wp:featuredmedia":[{"embeddable":true,"href":"https:\/\/www.seven.io\/de\/wp-json\/wp\/v2\/media\/27228"}],"wp:attachment":[{"href":"https:\/\/www.seven.io\/de\/wp-json\/wp\/v2\/media?parent=27230"}],"curies":[{"name":"wp","href":"https:\/\/api.w.org\/{rel}","templated":true}]}}