{"id":27320,"date":"2021-05-21T12:59:55","date_gmt":"2021-05-21T10:59:55","guid":{"rendered":"https:\/\/www.sms77.io\/?page_id=27320"},"modified":"2024-03-26T14:23:44","modified_gmt":"2024-03-26T13:23:44","slug":"humhub","status":"publish","type":"page","link":"https:\/\/www.seven.io\/de\/loesungen\/integrationen\/humhub\/","title":{"rendered":"HumHub"},"content":{"rendered":"<section class=\"l-section wpb_row height_small\"><div class=\"l-section-h i-cf\"><div class=\"g-cols vc_row via_flex valign_middle type_default stacking_default\"><div class=\"vc_col-sm-6 wpb_column vc_column_container\"><div class=\"vc_column-inner\"><div class=\"wpb_wrapper\"><div class=\"wpb_text_column\"><div class=\"wpb_wrapper\"><p><strong>HumHub ist ein Open Source Social Network Kit. Mit der selbst gehosteten Software k\u00f6nnen Sie Soziale Netzwerke und Soziale Intranets erstellen. Das Unternehmen wirbt mit skalierbaren M\u00f6glichkeiten zur individuellen Gestaltung der Plattform an sich und ihrer Funktionen, sodass insbesondere Enterprise-L\u00f6sungen flexibel an das Wachstum der jeweiligen Firma angepasst werden k\u00f6nnen. Die Basis-Version von HumHub ist kostenlos nutzbar, f\u00fcr die <a href=\"https:\/\/www.humhub.com\/de\/professional-edition\/step1\" target=\"_blank\" rel=\"noopener\" data-schema-attribute=\"\">Enterprise-Version<\/a> wird der Preis nach Benutzerzahl berechnet.<\/strong><\/p>\n<p><strong>Wenn Sie seven in die Software integrieren, k\u00f6nnen Sie den Mitgliedern Ihres Networks eine unkomplizierte M\u00f6glichkeit zur Verf\u00fcgung stellen, damit sie bequem SMS aus HumHub versenden k\u00f6nnen.<\/strong><\/p>\n<\/div><\/div><div class=\"w-btn-wrapper align_none\"><a class=\"w-btn us-btn-style_1 no-border\" target=\"_blank\" rel=\"nofollow noopener\" href=\"https:\/\/marketplace.humhub.com\/module\/sms\/description\"><span class=\"w-btn-label\">SMS-Gateway-Modul im Marketplace<\/span><\/a><\/div><\/div><\/div><\/div><div class=\"vc_col-sm-6 wpb_column vc_column_container\"><div class=\"vc_column-inner\"><div class=\"wpb_wrapper\"><div class=\"w-image align_center\"><div class=\"w-image-h\"><img decoding=\"async\" width=\"400\" height=\"400\" src=\"https:\/\/www.seven.io\/wp-content\/uploads\/integrationen_humhub_logo-400x400.png\" class=\"attachment-us_400_0 size-us_400_0\" alt=\"Das HumHub-Logo\" loading=\"lazy\" srcset=\"https:\/\/www.seven.io\/wp-content\/uploads\/integrationen_humhub_logo-400x400.png 400w, https:\/\/www.seven.io\/wp-content\/uploads\/integrationen_humhub_logo-300x300.png 300w, https:\/\/www.seven.io\/wp-content\/uploads\/integrationen_humhub_logo-150x150.png 150w, https:\/\/www.seven.io\/wp-content\/uploads\/integrationen_humhub_logo-350x350.png 350w, https:\/\/www.seven.io\/wp-content\/uploads\/integrationen_humhub_logo-250x250.png 250w, https:\/\/www.seven.io\/wp-content\/uploads\/integrationen_humhub_logo-200x200.png 200w, https:\/\/www.seven.io\/wp-content\/uploads\/integrationen_humhub_logo.png 450w\" sizes=\"auto, (max-width: 400px) 100vw, 400px\" \/><\/div><\/div><\/div><\/div><\/div><\/div><\/div><\/section><section class=\"l-section wpb_row height_small color_alternate\"><div class=\"l-section-h i-cf\"><div class=\"g-cols vc_row via_flex valign_middle type_default stacking_default\"><div class=\"vc_col-sm-6 wpb_column vc_column_container\"><div class=\"vc_column-inner\"><div class=\"wpb_wrapper\"><div class=\"w-image align_center\"><div class=\"w-image-h\"><img decoding=\"async\" width=\"400\" height=\"501\" src=\"https:\/\/www.seven.io\/wp-content\/uploads\/integrationen_humhub_mock_de-400x501.png\" class=\"attachment-us_400_0 size-us_400_0\" alt=\"Lassen Sie Ihr Network SMS aus HumHub versenden\" loading=\"lazy\" srcset=\"https:\/\/www.seven.io\/wp-content\/uploads\/integrationen_humhub_mock_de-400x501.png 400w, https:\/\/www.seven.io\/wp-content\/uploads\/integrationen_humhub_mock_de-240x300.png 240w, https:\/\/www.seven.io\/wp-content\/uploads\/integrationen_humhub_mock_de-250x313.png 250w, https:\/\/www.seven.io\/wp-content\/uploads\/integrationen_humhub_mock_de-300x376.png 300w, https:\/\/www.seven.io\/wp-content\/uploads\/integrationen_humhub_mock_de-319x400.png 319w, https:\/\/www.seven.io\/wp-content\/uploads\/integrationen_humhub_mock_de-200x250.png 200w, https:\/\/www.seven.io\/wp-content\/uploads\/integrationen_humhub_mock_de.png 511w\" sizes=\"auto, (max-width: 400px) 100vw, 400px\" \/><\/div><\/div><\/div><\/div><\/div><div class=\"vc_col-sm-6 wpb_column vc_column_container\"><div class=\"vc_column-inner\"><div class=\"wpb_wrapper\"><div class=\"wpb_text_column\"><div class=\"wpb_wrapper\"><h3>SMS aus HumHub versenden mit seven<\/h3>\n<p>Aktivieren Sie das <a href=\"https:\/\/marketplace.humhub.com\/module\/sms\/description\" target=\"_blank\" rel=\"noopener\" data-schema-attribute=\"\">SMS-Gateway-Modul<\/a> in HumHub, um einen SMS-Anbieter in Ihr Netzwerk einzubinden.<\/p>\n<p>Entschieden Sie sich f\u00fcr seven als Anbieter, k\u00f6nnen Sie sich sicher sein, dass Ihr SMS-Versand sich ebenfalls nach Ihren Bed\u00fcrfnissen anpassen l\u00e4sst. Auch um das Thema Datenschutz m\u00fcssen Sie sich keine Gedanken machen. Alle unsere Server stehen in Deutschland und wir arbeiten selbstverst\u00e4ndlich DSGVO-konform.<span class=\"Apple-converted-space\">\u00a0<\/span><\/p>\n<p>Haben Sie das Modul aktiviert und den Service eingerichtet, wird den Benutzerprofilen Ihres Netzwerkes ein Formular zum SMS-Versand hinzugef\u00fcgt. Die einzigen weiteren Voraussetzungen sind, dass Sie einen <a href=\"https:\/\/app.seven.io\/signup\" rel=\"noopener\">Account<\/a> bei uns angelegt haben und Ihr Guthaben f\u00fcr den Versand ausreicht.<\/p>\n<\/div><\/div><\/div><\/div><\/div><\/div><\/div><\/section><!-- Row Backgrounds --><div class=\"upb_color\" data-bg-override=\"0\" data-bg-color=\"#f4f4f4\" data-fadeout=\"\" data-fadeout-percentage=\"30\" data-parallax-content=\"\" data-parallax-content-sense=\"30\" data-row-effect-mobile-disable=\"true\" data-img-parallax-mobile-disable=\"true\" data-rtl=\"false\"  data-custom-vc-row=\"\"  data-vc=\"8.7.2\"  data-is_old_vc=\"\"  data-theme-support=\"disable\"   data-overlay=\"false\" data-overlay-color=\"\" data-overlay-pattern=\"\" data-overlay-pattern-opacity=\"\" data-overlay-pattern-size=\"\"    ><\/div><section class=\"l-section wpb_row height_small\"><div class=\"l-section-h i-cf\"><div class=\"g-cols vc_row via_flex valign_middle type_default stacking_default\"><div class=\"vc_col-sm-6 wpb_column vc_column_container\"><div class=\"vc_column-inner\"><div class=\"wpb_wrapper\"><div class=\"wpb_text_column\"><div class=\"wpb_wrapper\"><h3>SMS-Versand<\/h3>\n<\/div><\/div><div class=\"uavc-list-icon uavc-list-icon-wrapper ult-adjust-bottom-margin   \"><ul class=\"uavc-list\"><li><div class=\"uavc-list-content\" id=\"list-icon-wrap-1654\">\n<div class=\"uavc-list-icon  \" data-animation=\"\" data-animation-delay=\"03\" style=\"margin-right:25px;\"><div class=\"ult-just-icon-wrapper  \"><div class=\"align-icon\" style=\"text-align:center;\">\n<div class=\"aio-icon none \"  style=\"color:#52c0fa;font-size:40px;display:inline-block;\">\n\t<i class=\"Defaults-envelope-o\"><\/i>\n<\/div><\/div><\/div>\n<\/div><span  data-ultimate-target='#list-icon-wrap-1654 .uavc-list-desc'  data-responsive-json-new='{\"font-size\":\"\",\"line-height\":\"\"}'  class=\"uavc-list-desc ult-responsive\" style=\"\">Mit SMS erweitern Sie Ihr Netzwerk um ein starkes Kommunikationstool, das Menschen unabh\u00e4ngig von ihren technischen Vorlieben erreichen kann.<\/p>\n<p>Erm\u00f6glichen Sie es Ihren Teams, wichtige Nachrichten zu versenden oder setzen Sie SMS im Support ein. \u00dcberall dort, wo Kommunikation flexibel sein muss sind SMS eine hervorragende Wahl.<\/span><\/div><\/li><\/ul><\/div><\/div><\/div><\/div><div class=\"vc_col-sm-6 wpb_column vc_column_container\"><div class=\"vc_column-inner\"><div class=\"wpb_wrapper\"><div class=\"w-image no-border align_center\"><a ref=\"magnificPopup\" href=\"https:\/\/www.seven.io\/wp-content\/uploads\/integrationen_humhub_screen_sendsms.png\" aria-label=\"integrationen_humhub_screen_sendsms\" class=\"w-image-h\"><img decoding=\"async\" width=\"400\" height=\"225\" src=\"https:\/\/www.seven.io\/wp-content\/uploads\/integrationen_humhub_screen_sendsms-400x225.png\" class=\"attachment-us_400_0 size-us_400_0\" alt=\"SMS aus HubHub versenden mit dem SMS Gateway Modul und sms77\" loading=\"lazy\" srcset=\"https:\/\/www.seven.io\/wp-content\/uploads\/integrationen_humhub_screen_sendsms-400x225.png 400w, https:\/\/www.seven.io\/wp-content\/uploads\/integrationen_humhub_screen_sendsms-300x169.png 300w, https:\/\/www.seven.io\/wp-content\/uploads\/integrationen_humhub_screen_sendsms-350x197.png 350w, https:\/\/www.seven.io\/wp-content\/uploads\/integrationen_humhub_screen_sendsms-250x141.png 250w, https:\/\/www.seven.io\/wp-content\/uploads\/integrationen_humhub_screen_sendsms-600x338.png 600w, https:\/\/www.seven.io\/wp-content\/uploads\/integrationen_humhub_screen_sendsms-768x432.png 768w, https:\/\/www.seven.io\/wp-content\/uploads\/integrationen_humhub_screen_sendsms-200x113.png 200w, https:\/\/www.seven.io\/wp-content\/uploads\/integrationen_humhub_screen_sendsms.png 800w\" sizes=\"auto, (max-width: 400px) 100vw, 400px\" \/><\/a><\/div><div class=\"w-separator size_custom\" style=\"height:10px\"><\/div><div class=\"wpb_text_column\"><div class=\"wpb_wrapper\"><p style=\"text-align: center;\"><em>SMS im Kundenservice in HumHub, zum Vergr\u00f6\u00dfern anklicken<\/em><\/p>\n<\/div><\/div><\/div><\/div><\/div><\/div><\/div><\/section><section class=\"l-section wpb_row height_small\"><div class=\"l-section-h i-cf\"><div class=\"g-cols vc_row via_flex valign_top type_default stacking_default\"><div class=\"vc_col-sm-12 wpb_column vc_column_container\"><div class=\"vc_column-inner\"><div class=\"wpb_wrapper\"><div class=\"w-actionbox us_custom_e47d7875 color_light controls_right\"><div class=\"w-actionbox-text\"><div class=\"w-actionbox-description\"><p>Sie m\u00f6chten den Versand von Nachrichten aus HumHub ausprobieren?<br \/>\nHier finden Sie das SMS Gateway auf HumHub, in das Sie unseren Dienst einbinden k\u00f6nnen.<\/p>\n<\/div><\/div><div class=\"w-actionbox-controls\"><a class=\"w-btn us-btn-style_5\" target=\"_blank\" href=\"https:\/\/marketplace.humhub.com\/module\/sms\/description\" rel=\"noopener\"><span class=\"w-btn-label\">SMS Gateway auf HumHub<\/span><\/a><\/div><\/div><\/div><\/div><\/div><\/div><\/div><\/section><!-- Row Backgrounds --><div class=\"upb_color\" data-bg-override=\"0\" data-bg-color=\"#ffffff\" data-fadeout=\"\" data-fadeout-percentage=\"30\" data-parallax-content=\"\" data-parallax-content-sense=\"30\" data-row-effect-mobile-disable=\"true\" data-img-parallax-mobile-disable=\"true\" data-rtl=\"false\"  data-custom-vc-row=\"\"  data-vc=\"8.7.2\"  data-is_old_vc=\"\"  data-theme-support=\"disable\"   data-overlay=\"false\" data-overlay-color=\"\" data-overlay-pattern=\"\" data-overlay-pattern-opacity=\"\" data-overlay-pattern-size=\"\"    ><\/div>\n","protected":false},"excerpt":{"rendered":"HumHub ist ein Open Source Social Network Kit. Mit der selbst gehosteten Software k\u00f6nnen Sie Soziale Netzwerke und Soziale Intranets erstellen. Das Unternehmen wirbt mit skalierbaren M\u00f6glichkeiten zur individuellen Gestaltung der Plattform an sich und ihrer Funktionen, sodass insbesondere Enterprise-L\u00f6sungen flexibel an das Wachstum der jeweiligen Firma angepasst werden k\u00f6nnen. Die Basis-Version von HumHub ist...","protected":false},"author":1,"featured_media":27318,"parent":17075,"menu_order":0,"comment_status":"closed","ping_status":"closed","template":"","meta":{"content-type":"","footnotes":""},"class_list":["post-27320","page","type-page","status-publish","has-post-thumbnail","hentry"],"_links":{"self":[{"href":"https:\/\/www.seven.io\/de\/wp-json\/wp\/v2\/pages\/27320","targetHints":{"allow":["GET"]}}],"collection":[{"href":"https:\/\/www.seven.io\/de\/wp-json\/wp\/v2\/pages"}],"about":[{"href":"https:\/\/www.seven.io\/de\/wp-json\/wp\/v2\/types\/page"}],"author":[{"embeddable":true,"href":"https:\/\/www.seven.io\/de\/wp-json\/wp\/v2\/users\/1"}],"replies":[{"embeddable":true,"href":"https:\/\/www.seven.io\/de\/wp-json\/wp\/v2\/comments?post=27320"}],"version-history":[{"count":31,"href":"https:\/\/www.seven.io\/de\/wp-json\/wp\/v2\/pages\/27320\/revisions"}],"predecessor-version":[{"id":92378,"href":"https:\/\/www.seven.io\/de\/wp-json\/wp\/v2\/pages\/27320\/revisions\/92378"}],"up":[{"embeddable":true,"href":"https:\/\/www.seven.io\/de\/wp-json\/wp\/v2\/pages\/17075"}],"wp:featuredmedia":[{"embeddable":true,"href":"https:\/\/www.seven.io\/de\/wp-json\/wp\/v2\/media\/27318"}],"wp:attachment":[{"href":"https:\/\/www.seven.io\/de\/wp-json\/wp\/v2\/media?parent=27320"}],"curies":[{"name":"wp","href":"https:\/\/api.w.org\/{rel}","templated":true}]}}