{"id":27446,"date":"2021-05-27T14:13:27","date_gmt":"2021-05-27T12:13:27","guid":{"rendered":"https:\/\/www.sms77.io\/?page_id=27446"},"modified":"2024-07-02T12:00:28","modified_gmt":"2024-07-02T10:00:28","slug":"redmine","status":"publish","type":"page","link":"https:\/\/www.seven.io\/de\/loesungen\/integrationen\/redmine\/","title":{"rendered":"Redmine"},"content":{"rendered":"<section class=\"l-section wpb_row height_small\"><div class=\"l-section-h i-cf\"><div class=\"g-cols vc_row via_flex valign_middle type_default stacking_default\"><div class=\"vc_col-sm-6 wpb_column vc_column_container\"><div class=\"vc_column-inner\"><div class=\"wpb_wrapper\"><div class=\"wpb_text_column\"><div class=\"wpb_wrapper\"><p><strong>Redmine ist eine webbasierte Open Source Projektmanagement-Software. Die Software bietet eine Vielzahl an Funktionen, die individuell konfigurierbar sind. So k\u00f6nnen Sie Redmine an Ihre individuellen Bed\u00fcrfnisse anpassen und sicherstellen, dass Funktionen und Umfang der Software ideal auf Ihre Projekte abgestimmt sind. Die Flexibilit\u00e4t ergibt sich allerdings nicht nur aus den verschiedenen Funktionen: Redmine wirbt auch damit, Plattform- und Datenbank\u00fcbergreifend zu funktionieren.<\/strong><\/p>\n<p><strong>Mit unserem <a href=\"https:\/\/github.com\/seven-io\/redmine\" target=\"_blank\" rel=\"noopener\" data-schema-attribute=\"\">Plugin<\/a> erweitern Sie die Projektmanagement-Software, sodass Sie auch Voice-Nachrichten und SMS aus Redmine verschicken k\u00f6nnen.<\/strong><\/p>\n<\/div><\/div><div class=\"w-btn-wrapper align_none\"><a class=\"w-btn us-btn-style_1 no-border\" target=\"_blank\" rel=\"nofollow noopener\" href=\"https:\/\/github.com\/seven-io\/redmine\"><span class=\"w-btn-label\">Unser SMS-Plugin f\u00fcr Redmine<\/span><\/a><\/div><\/div><\/div><\/div><div class=\"vc_col-sm-6 wpb_column vc_column_container\"><div class=\"vc_column-inner\"><div class=\"wpb_wrapper\"><div class=\"w-image align_center\"><div class=\"w-image-h\"><img decoding=\"async\" width=\"400\" height=\"400\" src=\"https:\/\/www.seven.io\/wp-content\/uploads\/integrationen_redmine_logo-400x400.png\" class=\"attachment-us_400_0 size-us_400_0\" alt=\"Logo der Projektmanagement-Software Redmine\" loading=\"lazy\" srcset=\"https:\/\/www.seven.io\/wp-content\/uploads\/integrationen_redmine_logo-400x400.png 400w, https:\/\/www.seven.io\/wp-content\/uploads\/integrationen_redmine_logo-300x300.png 300w, https:\/\/www.seven.io\/wp-content\/uploads\/integrationen_redmine_logo-150x150.png 150w, https:\/\/www.seven.io\/wp-content\/uploads\/integrationen_redmine_logo-350x350.png 350w, https:\/\/www.seven.io\/wp-content\/uploads\/integrationen_redmine_logo-250x250.png 250w, https:\/\/www.seven.io\/wp-content\/uploads\/integrationen_redmine_logo-200x200.png 200w, https:\/\/www.seven.io\/wp-content\/uploads\/integrationen_redmine_logo.png 450w\" sizes=\"auto, (max-width: 400px) 100vw, 400px\" \/><\/div><\/div><\/div><\/div><\/div><\/div><\/div><\/section><section class=\"l-section wpb_row height_small color_alternate\"><div class=\"l-section-h i-cf\"><div class=\"g-cols vc_row via_flex valign_middle type_default stacking_default\"><div class=\"vc_col-sm-6 wpb_column vc_column_container\"><div class=\"vc_column-inner\"><div class=\"wpb_wrapper\"><div class=\"w-image align_center\"><div class=\"w-image-h\"><img decoding=\"async\" width=\"400\" height=\"501\" src=\"https:\/\/www.seven.io\/wp-content\/uploads\/integrationen_redmine_mock_de-400x501.png\" class=\"attachment-us_400_0 size-us_400_0\" alt=\"Wollen Sie SMS aus Redmine verschicken? Das sms77-Plugin hilft Ihnen dabei.\" loading=\"lazy\" srcset=\"https:\/\/www.seven.io\/wp-content\/uploads\/integrationen_redmine_mock_de-400x501.png 400w, https:\/\/www.seven.io\/wp-content\/uploads\/integrationen_redmine_mock_de-240x300.png 240w, https:\/\/www.seven.io\/wp-content\/uploads\/integrationen_redmine_mock_de-350x438.png 350w, https:\/\/www.seven.io\/wp-content\/uploads\/integrationen_redmine_mock_de-250x313.png 250w, https:\/\/www.seven.io\/wp-content\/uploads\/integrationen_redmine_mock_de-300x376.png 300w, https:\/\/www.seven.io\/wp-content\/uploads\/integrationen_redmine_mock_de-319x400.png 319w, https:\/\/www.seven.io\/wp-content\/uploads\/integrationen_redmine_mock_de-200x250.png 200w, https:\/\/www.seven.io\/wp-content\/uploads\/integrationen_redmine_mock_de.png 511w\" sizes=\"auto, (max-width: 400px) 100vw, 400px\" \/><\/div><\/div><\/div><\/div><\/div><div class=\"vc_col-sm-6 wpb_column vc_column_container\"><div class=\"vc_column-inner\"><div class=\"wpb_wrapper\"><div class=\"wpb_text_column\"><div class=\"wpb_wrapper\"><h3>Voice-Nachrichten und SMS aus Redmine verschicken<\/h3>\n<p>Mit unserem Plugin informieren Sie Mitarbeiter und Externe zuverl\u00e4ssig und ohne Mehraufwand \u00fcber anstehende Deadlines, Wartungsarbeiten oder \u00c4nderungen.<\/p>\n<p>Sie k\u00f6nnen zum Beispiel SMS aus Redmine verschicken, um Ihr Team an Meetings zu erinnern oder \u00fcber bevorstehende Server-Downtimes zu informieren. SMS sind pers\u00f6nlich, unaufdringlich und werden trotzdem sehr schnell gelesen. Daher eignen sie sich perfekt f\u00fcr Ank\u00fcndigungen.<\/p>\n<p>Wenn Ihnen eine SMS noch nicht genug Aufmerksamkeit erzeugt, k\u00f6nnen Sie Ihre Mitteilung auch als <a href=\"\/de\/produkte\/voice\/\" data-schema-attribute=\"\">Voice-Nachricht<\/a> versenden. Diese Nachrichten werden Ihren Empf\u00e4ngern als Anruf zugestellt und Ihre Textnachricht wird dann am Telefon vorgelesen.<\/p>\n<\/div><\/div><\/div><\/div><\/div><\/div><\/div><\/section><!-- Row Backgrounds --><div class=\"upb_color\" data-bg-override=\"0\" data-bg-color=\"#f4f4f4\" data-fadeout=\"\" data-fadeout-percentage=\"30\" data-parallax-content=\"\" data-parallax-content-sense=\"30\" data-row-effect-mobile-disable=\"true\" data-img-parallax-mobile-disable=\"true\" data-rtl=\"false\"  data-custom-vc-row=\"\"  data-vc=\"8.7.2\"  data-is_old_vc=\"\"  data-theme-support=\"disable\"   data-overlay=\"false\" data-overlay-color=\"\" data-overlay-pattern=\"\" data-overlay-pattern-opacity=\"\" data-overlay-pattern-size=\"\"    ><\/div><section class=\"l-section wpb_row height_small\"><div class=\"l-section-h i-cf\"><div class=\"g-cols vc_row via_flex valign_middle type_default stacking_default\"><div class=\"vc_col-sm-6 wpb_column vc_column_container\"><div class=\"vc_column-inner\"><div class=\"wpb_wrapper\"><div class=\"wpb_text_column\"><div class=\"wpb_wrapper\"><h3>SMS-Versand<\/h3>\n<\/div><\/div><div class=\"uavc-list-icon uavc-list-icon-wrapper ult-adjust-bottom-margin   \"><ul class=\"uavc-list\"><li><div class=\"uavc-list-content\" id=\"list-icon-wrap-4269\">\n<div class=\"uavc-list-icon  \" data-animation=\"\" data-animation-delay=\"03\" style=\"margin-right:25px;\"><div class=\"ult-just-icon-wrapper  \"><div class=\"align-icon\" style=\"text-align:center;\">\n<div class=\"aio-icon none \"  style=\"color:#52c0fa;font-size:40px;display:inline-block;\">\n\t<i class=\"Defaults-envelope-o\"><\/i>\n<\/div><\/div><\/div>\n<\/div><span  data-ultimate-target='#list-icon-wrap-4269 .uavc-list-desc'  data-responsive-json-new='{\"font-size\":\"\",\"line-height\":\"\"}'  class=\"uavc-list-desc ult-responsive\" style=\"\">Wenn Sie SMS aus Redmine verschicken m\u00f6chten, ist unser Plugin genau das Richtige f\u00fcr Sie. Nach der Installation steht Ihnen nicht nur unser SMS-Versand zur Verf\u00fcgung, sondern Sie k\u00f6nnen auch die dazugeh\u00f6rigen Funktionen nutzen. Zu diesen geh\u00f6ren beispielsweise der zeitverz\u00f6gerte Versand, unser Performance Tracking und die Vergabe von Labels.<\/p>\n<p>Alle Funktionen finden Sie in der unten verlinkten Dokumentation.<\/span><\/div><\/li><\/ul><\/div><div class=\"wpb_text_column\"><div class=\"wpb_wrapper\"><h3>Voice-Nachrichten<\/h3>\n<\/div><\/div><div class=\"uavc-list-icon uavc-list-icon-wrapper ult-adjust-bottom-margin   \"><ul class=\"uavc-list\"><li><div class=\"uavc-list-content\" id=\"list-icon-wrap-2948\">\n<div class=\"uavc-list-icon  \" data-animation=\"\" data-animation-delay=\"03\" style=\"margin-right:25px;\"><div class=\"ult-just-icon-wrapper  \"><div class=\"align-icon\" style=\"text-align:center;\">\n<div class=\"aio-icon none \"  style=\"color:#52c0fa;font-size:40px;display:inline-block;\">\n\t<i class=\"Defaults-phone\"><\/i>\n<\/div><\/div><\/div>\n<\/div><span  data-ultimate-target='#list-icon-wrap-2948 .uavc-list-desc'  data-responsive-json-new='{\"font-size\":\"\",\"line-height\":\"\"}'  class=\"uavc-list-desc ult-responsive\" style=\"\">Auch der Versand von Voice-Nachrichten mit Redmine ist ganz einfach. Nach der Installation des Plugins bestimmten Sie Text, Nummer und Format und versenden die Textnachricht. Unser Gateway wandelt die Nachricht in einen Anruf um und liest sie Ihren Empf\u00e4ngern am Telefon vor.<\/span><\/div><\/li><\/ul><\/div><\/div><\/div><\/div><div class=\"vc_col-sm-6 wpb_column vc_column_container\"><div class=\"vc_column-inner\"><div class=\"wpb_wrapper\"><div class=\"w-image no-border align_center\"><a ref=\"magnificPopup\" href=\"https:\/\/www.seven.io\/wp-content\/uploads\/integrationen_redmine_screen_sms.png\" aria-label=\"integrationen_redmine_screen_sms\" class=\"w-image-h\"><img decoding=\"async\" width=\"768\" height=\"492\" src=\"https:\/\/www.seven.io\/wp-content\/uploads\/integrationen_redmine_screen_sms-768x492.png\" class=\"attachment-us_768_0 size-us_768_0\" alt=\"Wenn Sie SMS aus Redmine verschicken stehen Ihnen viele Einstellungsm\u00f6glichkeiten zur Verf\u00fcgung\" loading=\"lazy\" srcset=\"https:\/\/www.seven.io\/wp-content\/uploads\/integrationen_redmine_screen_sms-768x492.png 768w, https:\/\/www.seven.io\/wp-content\/uploads\/integrationen_redmine_screen_sms-300x192.png 300w, https:\/\/www.seven.io\/wp-content\/uploads\/integrationen_redmine_screen_sms-1024x655.png 1024w, https:\/\/www.seven.io\/wp-content\/uploads\/integrationen_redmine_screen_sms-350x224.png 350w, https:\/\/www.seven.io\/wp-content\/uploads\/integrationen_redmine_screen_sms-250x160.png 250w, https:\/\/www.seven.io\/wp-content\/uploads\/integrationen_redmine_screen_sms-600x384.png 600w, https:\/\/www.seven.io\/wp-content\/uploads\/integrationen_redmine_screen_sms-400x256.png 400w, https:\/\/www.seven.io\/wp-content\/uploads\/integrationen_redmine_screen_sms-200x128.png 200w, https:\/\/www.seven.io\/wp-content\/uploads\/integrationen_redmine_screen_sms.png 1200w\" sizes=\"auto, (max-width: 768px) 100vw, 768px\" \/><\/a><\/div><\/div><\/div><\/div><\/div><\/div><\/section><section class=\"l-section wpb_row height_small\"><div class=\"l-section-h i-cf\"><div class=\"g-cols vc_row via_flex valign_top type_default stacking_default\"><div class=\"vc_col-sm-12 wpb_column vc_column_container\"><div class=\"vc_column-inner\"><div class=\"wpb_wrapper\"><div class=\"w-actionbox us_custom_e47d7875 color_light controls_right\"><div class=\"w-actionbox-text\"><div class=\"w-actionbox-description\"><p>Sie brauchen Hilfe bei der Installation oder der Einrichtung der Funktionen?<br \/>\nAuf unserer GitHub-Seite finden Sie weitere Informationen.<\/p>\n<\/div><\/div><div class=\"w-actionbox-controls\"><a class=\"w-btn us-btn-style_5\" target=\"_blank\" href=\"https:\/\/github.com\/seven-io\/redmine\" rel=\"noopener\"><span class=\"w-btn-label\">Zu GitHub<\/span><\/a><\/div><\/div><\/div><\/div><\/div><\/div><\/div><\/section><!-- Row Backgrounds --><div class=\"upb_color\" data-bg-override=\"0\" data-bg-color=\"#ffffff\" data-fadeout=\"\" data-fadeout-percentage=\"30\" data-parallax-content=\"\" data-parallax-content-sense=\"30\" data-row-effect-mobile-disable=\"true\" data-img-parallax-mobile-disable=\"true\" data-rtl=\"false\"  data-custom-vc-row=\"\"  data-vc=\"8.7.2\"  data-is_old_vc=\"\"  data-theme-support=\"disable\"   data-overlay=\"false\" data-overlay-color=\"\" data-overlay-pattern=\"\" data-overlay-pattern-opacity=\"\" data-overlay-pattern-size=\"\"    ><\/div>\n","protected":false},"excerpt":{"rendered":"Redmine ist eine webbasierte Open Source Projektmanagement-Software. Die Software bietet eine Vielzahl an Funktionen, die individuell konfigurierbar sind. So k\u00f6nnen Sie Redmine an Ihre individuellen Bed\u00fcrfnisse anpassen und sicherstellen, dass Funktionen und Umfang der Software ideal auf Ihre Projekte abgestimmt sind. Die Flexibilit\u00e4t ergibt sich allerdings nicht nur aus den verschiedenen Funktionen: Redmine wirbt auch...","protected":false},"author":1,"featured_media":27444,"parent":17075,"menu_order":0,"comment_status":"closed","ping_status":"closed","template":"","meta":{"content-type":"","footnotes":""},"class_list":["post-27446","page","type-page","status-publish","has-post-thumbnail","hentry"],"_links":{"self":[{"href":"https:\/\/www.seven.io\/de\/wp-json\/wp\/v2\/pages\/27446","targetHints":{"allow":["GET"]}}],"collection":[{"href":"https:\/\/www.seven.io\/de\/wp-json\/wp\/v2\/pages"}],"about":[{"href":"https:\/\/www.seven.io\/de\/wp-json\/wp\/v2\/types\/page"}],"author":[{"embeddable":true,"href":"https:\/\/www.seven.io\/de\/wp-json\/wp\/v2\/users\/1"}],"replies":[{"embeddable":true,"href":"https:\/\/www.seven.io\/de\/wp-json\/wp\/v2\/comments?post=27446"}],"version-history":[{"count":20,"href":"https:\/\/www.seven.io\/de\/wp-json\/wp\/v2\/pages\/27446\/revisions"}],"predecessor-version":[{"id":92899,"href":"https:\/\/www.seven.io\/de\/wp-json\/wp\/v2\/pages\/27446\/revisions\/92899"}],"up":[{"embeddable":true,"href":"https:\/\/www.seven.io\/de\/wp-json\/wp\/v2\/pages\/17075"}],"wp:featuredmedia":[{"embeddable":true,"href":"https:\/\/www.seven.io\/de\/wp-json\/wp\/v2\/media\/27444"}],"wp:attachment":[{"href":"https:\/\/www.seven.io\/de\/wp-json\/wp\/v2\/media?parent=27446"}],"curies":[{"name":"wp","href":"https:\/\/api.w.org\/{rel}","templated":true}]}}