{"id":27509,"date":"2021-05-31T07:36:53","date_gmt":"2021-05-31T05:36:53","guid":{"rendered":"https:\/\/www.sms77.io\/?page_id=27509"},"modified":"2024-07-02T11:20:53","modified_gmt":"2024-07-02T09:20:53","slug":"strapi","status":"publish","type":"page","link":"https:\/\/www.seven.io\/de\/loesungen\/integrationen\/strapi\/","title":{"rendered":"Strapi"},"content":{"rendered":"<section class=\"l-section wpb_row height_small\"><div class=\"l-section-h i-cf\"><div class=\"g-cols vc_row via_flex valign_middle type_default stacking_default\"><div class=\"vc_col-sm-6 wpb_column vc_column_container\"><div class=\"vc_column-inner\"><div class=\"wpb_wrapper\"><div class=\"wpb_text_column\"><div class=\"wpb_wrapper\"><p><strong>Strapi ist ein Open-Source-Headless-CMS und kann bereits jetzt eine Erfolgsgeschichte erz\u00e4hlen. 2016 startete Strapi als ein Universit\u00e4tsprojekt. Heute kann das CMS mehr als 2 Millionen Downloads vorweisen und wird weltweit von mehr als 500 Unternehmen genutzt. Die erkl\u00e4rte Mission von Strapi ist es, das anpassungsf\u00e4higste CMS auf dem Markt zu entwickeln, das jederzeit einfach zu bedienen sein soll. <\/strong><\/p>\n<p><strong>Sie suchen eine M\u00f6glichkeit, das CMS um einen starken Kommunikationspartner zu erweitern? Mit unserem Plugin k\u00f6nnen Sie SMS mit Strapi versenden \u2013 schnell und unkompliziert.<\/strong><\/p>\n<\/div><\/div><div class=\"w-btn-wrapper align_none\"><a class=\"w-btn us-btn-style_1 no-border\" target=\"_blank\" rel=\"nofollow noopener\" href=\"https:\/\/github.com\/seven-io\/strapi\"><span class=\"w-btn-label\">Unser SMS-Plugin f\u00fcr Strapi<\/span><\/a><\/div><\/div><\/div><\/div><div class=\"vc_col-sm-6 wpb_column vc_column_container\"><div class=\"vc_column-inner\"><div class=\"wpb_wrapper\"><div class=\"w-video align_none ratio_16x9 has_iframe\"><div class=\"w-video-h\"><iframe title=\"Youtube video player\" src=\"\/\/www.youtube.com\/embed\/zd0_S_FPzKg?autoplay=0&controls=1&origin=https:\/\/www.seven.io\/de\/&loop=0&mute=0\" allowfullscreen=\"1\" loading=\"lazy\"><\/iframe><\/div><\/div><\/div><\/div><\/div><\/div><\/div><\/section><section class=\"l-section wpb_row height_small color_alternate\"><div class=\"l-section-h i-cf\"><div class=\"g-cols vc_row via_flex valign_middle type_default stacking_default\"><div class=\"vc_col-sm-6 wpb_column vc_column_container\"><div class=\"vc_column-inner\"><div class=\"wpb_wrapper\"><div class=\"w-image align_center\"><div class=\"w-image-h\"><img decoding=\"async\" width=\"400\" height=\"501\" src=\"https:\/\/www.seven.io\/wp-content\/uploads\/integrationen_strapi_mock_de-400x501.png\" class=\"attachment-us_400_0 size-us_400_0\" alt=\"Unkompliziert SMS mit Strapi versenden dank unseres Plugins\" loading=\"lazy\" srcset=\"https:\/\/www.seven.io\/wp-content\/uploads\/integrationen_strapi_mock_de-400x501.png 400w, https:\/\/www.seven.io\/wp-content\/uploads\/integrationen_strapi_mock_de-240x300.png 240w, https:\/\/www.seven.io\/wp-content\/uploads\/integrationen_strapi_mock_de-350x438.png 350w, https:\/\/www.seven.io\/wp-content\/uploads\/integrationen_strapi_mock_de-250x313.png 250w, https:\/\/www.seven.io\/wp-content\/uploads\/integrationen_strapi_mock_de-300x376.png 300w, https:\/\/www.seven.io\/wp-content\/uploads\/integrationen_strapi_mock_de-319x400.png 319w, https:\/\/www.seven.io\/wp-content\/uploads\/integrationen_strapi_mock_de-200x250.png 200w, https:\/\/www.seven.io\/wp-content\/uploads\/integrationen_strapi_mock_de.png 511w\" sizes=\"auto, (max-width: 400px) 100vw, 400px\" \/><\/div><\/div><\/div><\/div><\/div><div class=\"vc_col-sm-6 wpb_column vc_column_container\"><div class=\"vc_column-inner\"><div class=\"wpb_wrapper\"><div class=\"wpb_text_column\"><div class=\"wpb_wrapper\"><h3>SMS mit Strapi versenden<\/h3>\n<p>Mit dem seven-Plugin f\u00fcr Strapi integrieren Sie Ihren SMS-Versand schnell und unkompliziert in Ihr CMS. Wenn Sie den Versand eingerichtet haben, k\u00f6nnen Sie die Mitglieder Ihres Teams \u00fcber \u00c4nderungen oder Termine informieren oder SMS als effektives Marketinginstrument entlang der <a href=\"\/de\/blog\/ueber-den-wolken-begleiten-sie-die-customer-journey-ihrer-kunden\/\" target=\"_blank\" rel=\"noopener\" data-schema-attribute=\"\">Customer Journey<\/a> einsetzen.<span class=\"Apple-converted-space\">\u00a0<\/span><\/p>\n<p>SMS kommen gut an \u2013 sie werden als besonders pers\u00f6nliche Nachrichten wahrgenommen und im Durchschnitt wesentlich schneller gelesen als andere Nachrichten. Deshalb eignen sie sich besonders f\u00fcr kurzfristige Mitteilungen und Alarme, aber auch f\u00fcr exklusive Angebote. Wenn Sie einen <a href=\"https:\/\/app.seven.io\/signup\" rel=\"noopener\">Account bei uns<\/a> haben, k\u00f6nnen Sie den Versand unverbindlich ausprobieren.<\/p>\n<\/div><\/div><\/div><\/div><\/div><\/div><\/div><\/section><!-- Row Backgrounds --><div class=\"upb_color\" data-bg-override=\"0\" data-bg-color=\"#f4f4f4\" data-fadeout=\"\" data-fadeout-percentage=\"30\" data-parallax-content=\"\" data-parallax-content-sense=\"30\" data-row-effect-mobile-disable=\"true\" data-img-parallax-mobile-disable=\"true\" data-rtl=\"false\"  data-custom-vc-row=\"\"  data-vc=\"8.7.2\"  data-is_old_vc=\"\"  data-theme-support=\"disable\"   data-overlay=\"false\" data-overlay-color=\"\" data-overlay-pattern=\"\" data-overlay-pattern-opacity=\"\" data-overlay-pattern-size=\"\"    ><\/div><section class=\"l-section wpb_row height_small\"><div class=\"l-section-h i-cf\"><div class=\"g-cols vc_row via_flex valign_middle type_default stacking_default\"><div class=\"vc_col-sm-6 wpb_column vc_column_container\"><div class=\"vc_column-inner\"><div class=\"wpb_wrapper\"><div class=\"wpb_text_column\"><div class=\"wpb_wrapper\"><h3>SMS-Versand<\/h3>\n<p>Nutzen Sie viele beliebte Funktionen rund um unseren SMS-Versand, wie Performance Tracking und den zeitversetzten Versand. Um SMS mit Strapi versenden zu k\u00f6nnen, brauchen Sie einen API Key von seven. Au\u00dferdem m\u00fcssen Sie das Plugin zun\u00e4chst installieren und das Feld <code>mobile_phone<\/code> anlegen. Hierf\u00fcr ben\u00f6tigen Sie das <a href=\"https:\/\/strapi.io\/documentation\/developer-docs\/latest\/development\/plugins\/users-permissions.html\" target=\"_blank\" rel=\"noopener\" data-schema-attribute=\"\">Roles &amp; Permissions Plugin<\/a> von Strapi.<\/p>\n<p>F\u00fcr detailliertere Hinweise lesen Sie bitte die unten verlinkte Dokumentation.<\/p>\n<\/div><\/div><\/div><\/div><\/div><div class=\"vc_col-sm-6 wpb_column vc_column_container\"><div class=\"vc_column-inner\"><div class=\"wpb_wrapper\"><div class=\"w-image no-border align_center\"><a ref=\"magnificPopup\" href=\"https:\/\/www.seven.io\/wp-content\/uploads\/integrationen_strapi_sms_screen.png\" aria-label=\"integrationen_strapi_sms_screen\" class=\"w-image-h\"><img decoding=\"async\" width=\"768\" height=\"432\" src=\"https:\/\/www.seven.io\/wp-content\/uploads\/integrationen_strapi_sms_screen-768x432.png\" class=\"attachment-us_768_0 size-us_768_0\" alt=\"Unkompliziert SMS mit Strapi versenden dank des sms77-Plugins\" loading=\"lazy\" srcset=\"https:\/\/www.seven.io\/wp-content\/uploads\/integrationen_strapi_sms_screen-768x432.png 768w, https:\/\/www.seven.io\/wp-content\/uploads\/integrationen_strapi_sms_screen-300x169.png 300w, https:\/\/www.seven.io\/wp-content\/uploads\/integrationen_strapi_sms_screen-1024x576.png 1024w, https:\/\/www.seven.io\/wp-content\/uploads\/integrationen_strapi_sms_screen-350x197.png 350w, https:\/\/www.seven.io\/wp-content\/uploads\/integrationen_strapi_sms_screen-250x141.png 250w, https:\/\/www.seven.io\/wp-content\/uploads\/integrationen_strapi_sms_screen-600x338.png 600w, https:\/\/www.seven.io\/wp-content\/uploads\/integrationen_strapi_sms_screen-400x225.png 400w, https:\/\/www.seven.io\/wp-content\/uploads\/integrationen_strapi_sms_screen-200x113.png 200w, https:\/\/www.seven.io\/wp-content\/uploads\/integrationen_strapi_sms_screen.png 1200w\" sizes=\"auto, (max-width: 768px) 100vw, 768px\" \/><\/a><\/div><div class=\"w-separator size_custom\" style=\"height:10px\"><\/div><div class=\"wpb_text_column\"><div class=\"wpb_wrapper\"><p style=\"text-align: center;\"><em>Versandformular in Strapi, zum Vergr\u00f6\u00dfern klicken<\/em><\/p>\n<\/div><\/div><\/div><\/div><\/div><\/div><\/div><\/section><section class=\"l-section wpb_row height_small\"><div class=\"l-section-h i-cf\"><div class=\"g-cols vc_row via_flex valign_top type_default stacking_default\"><div class=\"vc_col-sm-12 wpb_column vc_column_container\"><div class=\"vc_column-inner\"><div class=\"wpb_wrapper\"><div class=\"w-actionbox us_custom_e47d7875 color_light controls_right\"><div class=\"w-actionbox-text\"><div class=\"w-actionbox-description\"><p>Sie brauchen Hilfe bei der Installation oder der Einrichtung der Funktionen?<br \/>\nAuf unserer GitHub-Seite finden Sie weitere Informationen.<\/p>\n<\/div><\/div><div class=\"w-actionbox-controls\"><a class=\"w-btn us-btn-style_5\" target=\"_blank\" href=\"https:\/\/github.com\/seven-io\/strapi\" rel=\"noopener\"><span class=\"w-btn-label\">Zu GitHub<\/span><\/a><\/div><\/div><\/div><\/div><\/div><\/div><\/div><\/section><!-- Row Backgrounds --><div class=\"upb_color\" data-bg-override=\"0\" data-bg-color=\"#ffffff\" data-fadeout=\"\" data-fadeout-percentage=\"30\" data-parallax-content=\"\" data-parallax-content-sense=\"30\" data-row-effect-mobile-disable=\"true\" data-img-parallax-mobile-disable=\"true\" data-rtl=\"false\"  data-custom-vc-row=\"\"  data-vc=\"8.7.2\"  data-is_old_vc=\"\"  data-theme-support=\"disable\"   data-overlay=\"false\" data-overlay-color=\"\" data-overlay-pattern=\"\" data-overlay-pattern-opacity=\"\" data-overlay-pattern-size=\"\"    ><\/div>\n","protected":false},"excerpt":{"rendered":"Strapi ist ein Open-Source-Headless-CMS und kann bereits jetzt eine Erfolgsgeschichte erz\u00e4hlen. 2016 startete Strapi als ein Universit\u00e4tsprojekt. Heute kann das CMS mehr als 2 Millionen Downloads vorweisen und wird weltweit von mehr als 500 Unternehmen genutzt. Die erkl\u00e4rte Mission von Strapi ist es, das anpassungsf\u00e4higste CMS auf dem Markt zu entwickeln, das jederzeit einfach zu...","protected":false},"author":1,"featured_media":27507,"parent":17075,"menu_order":0,"comment_status":"closed","ping_status":"closed","template":"","meta":{"content-type":"","footnotes":""},"class_list":["post-27509","page","type-page","status-publish","has-post-thumbnail","hentry"],"_links":{"self":[{"href":"https:\/\/www.seven.io\/de\/wp-json\/wp\/v2\/pages\/27509","targetHints":{"allow":["GET"]}}],"collection":[{"href":"https:\/\/www.seven.io\/de\/wp-json\/wp\/v2\/pages"}],"about":[{"href":"https:\/\/www.seven.io\/de\/wp-json\/wp\/v2\/types\/page"}],"author":[{"embeddable":true,"href":"https:\/\/www.seven.io\/de\/wp-json\/wp\/v2\/users\/1"}],"replies":[{"embeddable":true,"href":"https:\/\/www.seven.io\/de\/wp-json\/wp\/v2\/comments?post=27509"}],"version-history":[{"count":27,"href":"https:\/\/www.seven.io\/de\/wp-json\/wp\/v2\/pages\/27509\/revisions"}],"predecessor-version":[{"id":92885,"href":"https:\/\/www.seven.io\/de\/wp-json\/wp\/v2\/pages\/27509\/revisions\/92885"}],"up":[{"embeddable":true,"href":"https:\/\/www.seven.io\/de\/wp-json\/wp\/v2\/pages\/17075"}],"wp:featuredmedia":[{"embeddable":true,"href":"https:\/\/www.seven.io\/de\/wp-json\/wp\/v2\/media\/27507"}],"wp:attachment":[{"href":"https:\/\/www.seven.io\/de\/wp-json\/wp\/v2\/media?parent=27509"}],"curies":[{"name":"wp","href":"https:\/\/api.w.org\/{rel}","templated":true}]}}