{"id":27634,"date":"2021-06-03T09:35:56","date_gmt":"2021-06-03T07:35:56","guid":{"rendered":"https:\/\/www.sms77.io\/?page_id=27634"},"modified":"2024-03-26T08:52:57","modified_gmt":"2024-03-26T07:52:57","slug":"elgg","status":"publish","type":"page","link":"https:\/\/www.seven.io\/de\/loesungen\/integrationen\/elgg\/","title":{"rendered":"Elgg"},"content":{"rendered":"<section class=\"l-section wpb_row height_small\"><div class=\"l-section-h i-cf\"><div class=\"g-cols vc_row via_flex valign_middle type_default stacking_default\"><div class=\"vc_col-sm-6 wpb_column vc_column_container\"><div class=\"vc_column-inner\"><div class=\"wpb_wrapper\"><div class=\"wpb_text_column\"><div class=\"wpb_wrapper\"><p><strong>Elgg ist ein Framework zur Erstellung von Webanwendungen mit Fokus auf Soziale Netzwerke. Die Open-Source-Software ist flexibel anpassbar und wurde seit der Gr\u00fcndung im Jahr 2004 best\u00e4ndig weiterentwickelt. An dieser Entwicklung ist sowohl ein Core-Entwicklerteam als auch eine gro\u00dfe <a href=\"https:\/\/elgg.org\/discussion\/all\" target=\"_blank\" rel=\"noopener\" data-schema-attribute=\"\">Community<\/a> beteiligt. Au\u00dferdem sorgen zahlreiche Plugins daf\u00fcr, dass die Funktionen individuell angepasst werden k\u00f6nnen. Heute z\u00e4hlen unter anderem mehrere gro\u00dfe Unternehmen und Universit\u00e4ten zu den Nutzern von Elgg.<\/strong><\/p>\n<p><strong>Wenn Sie das seven-Plugin nutzen, k\u00f6nnen Sie auch SMS in Elgg versenden und so Ihre Kommunikation um einen starken Partner erweitern.\u00a0<\/strong><\/p>\n<\/div><\/div><div class=\"w-btn-wrapper align_none\"><a class=\"w-btn us-btn-style_1 no-border\" target=\"_blank\" rel=\"nofollow noopener\" href=\"https:\/\/github.com\/seven-io\/elgg\"><span class=\"w-btn-label\">Unser SMS-Plugin f\u00fcr Elgg<\/span><\/a><\/div><\/div><\/div><\/div><div class=\"vc_col-sm-6 wpb_column vc_column_container\"><div class=\"vc_column-inner\"><div class=\"wpb_wrapper\"><div class=\"w-image align_center\"><div class=\"w-image-h\"><img decoding=\"async\" width=\"400\" height=\"400\" src=\"https:\/\/www.seven.io\/wp-content\/uploads\/integrationen_elgg_logo-400x400.png\" class=\"attachment-us_400_0 size-us_400_0\" alt=\"Das Elgg-Logo\" loading=\"lazy\" srcset=\"https:\/\/www.seven.io\/wp-content\/uploads\/integrationen_elgg_logo-400x400.png 400w, https:\/\/www.seven.io\/wp-content\/uploads\/integrationen_elgg_logo-300x300.png 300w, https:\/\/www.seven.io\/wp-content\/uploads\/integrationen_elgg_logo-150x150.png 150w, https:\/\/www.seven.io\/wp-content\/uploads\/integrationen_elgg_logo-350x350.png 350w, https:\/\/www.seven.io\/wp-content\/uploads\/integrationen_elgg_logo-250x250.png 250w, https:\/\/www.seven.io\/wp-content\/uploads\/integrationen_elgg_logo-200x200.png 200w, https:\/\/www.seven.io\/wp-content\/uploads\/integrationen_elgg_logo.png 450w\" sizes=\"auto, (max-width: 400px) 100vw, 400px\" \/><\/div><\/div><\/div><\/div><\/div><\/div><\/div><\/section><section class=\"l-section wpb_row height_small color_alternate\"><div class=\"l-section-h i-cf\"><div class=\"g-cols vc_row via_flex valign_middle type_default stacking_default\"><div class=\"vc_col-sm-6 wpb_column vc_column_container\"><div class=\"vc_column-inner\"><div class=\"wpb_wrapper\"><div class=\"w-image no-border align_center\"><a ref=\"magnificPopup\" href=\"https:\/\/www.seven.io\/wp-content\/uploads\/integrationen_elgg_settings.png\" aria-label=\"integrationen_elgg_settings\" class=\"w-image-h\"><img decoding=\"async\" width=\"400\" height=\"320\" src=\"https:\/\/www.seven.io\/wp-content\/uploads\/integrationen_elgg_settings-400x320.png\" class=\"attachment-us_400_0 size-us_400_0\" alt=\"SMS in Elgg versenden mit dem sms77 Plugin\" loading=\"lazy\" srcset=\"https:\/\/www.seven.io\/wp-content\/uploads\/integrationen_elgg_settings-400x320.png 400w, https:\/\/www.seven.io\/wp-content\/uploads\/integrationen_elgg_settings-300x240.png 300w, https:\/\/www.seven.io\/wp-content\/uploads\/integrationen_elgg_settings-1024x819.png 1024w, https:\/\/www.seven.io\/wp-content\/uploads\/integrationen_elgg_settings-350x280.png 350w, https:\/\/www.seven.io\/wp-content\/uploads\/integrationen_elgg_settings-250x200.png 250w, https:\/\/www.seven.io\/wp-content\/uploads\/integrationen_elgg_settings-600x480.png 600w, https:\/\/www.seven.io\/wp-content\/uploads\/integrationen_elgg_settings-768x614.png 768w, https:\/\/www.seven.io\/wp-content\/uploads\/integrationen_elgg_settings-500x400.png 500w, https:\/\/www.seven.io\/wp-content\/uploads\/integrationen_elgg_settings-200x160.png 200w, https:\/\/www.seven.io\/wp-content\/uploads\/integrationen_elgg_settings.png 1200w\" sizes=\"auto, (max-width: 400px) 100vw, 400px\" \/><\/a><\/div><div class=\"w-separator size_custom\" style=\"height:10px\"><\/div><div class=\"wpb_text_column\"><div class=\"wpb_wrapper\"><p style=\"text-align: center;\"><em>Einstellungen f\u00fcr den SMS-Versand in Elgg mit seven, zum Vergr\u00f6\u00dfern anklicken<\/em><\/p>\n<\/div><\/div><\/div><\/div><\/div><div class=\"vc_col-sm-6 wpb_column vc_column_container\"><div class=\"vc_column-inner\"><div class=\"wpb_wrapper\"><div class=\"wpb_text_column\"><div class=\"wpb_wrapper\"><h3>Mit dem seven-Plugin SMS in Elgg versenden<\/h3>\n<p>Mit dem seven-Plugin integrieren Sie den Versand von SMS in Elgg besonders unkompliziert in Ihr Netzwerk. Unser Plugin erm\u00f6glicht es Ihnen, SMS als Benachrichtigungsoption nutzen (Notifications). So stellen Sie sicher, dass Sie immer \u00fcber die wichtigen Ereignisse informiert sind.<\/p>\n<p>Zus\u00e4tzlich k\u00f6nnen Sie Ihren SMS-Versand mithilfe unserer Einstellungsm\u00f6glichkeiten individuell anpassen. Nutzen Sie beispielsweise unsere <a href=\"https:\/\/help.seven.io\/de\/labels\" rel=\"noopener\">Label-Funktion<\/a>, um in der Analyse Ihrer Nachrichten immer den \u00dcberblick zu behalten. Eine vollst\u00e4ndige \u00dcbersicht Ihrer Optionen finden Sie in der unten verlinkten Dokumentation.<\/p>\n<\/div><\/div><\/div><\/div><\/div><\/div><\/div><\/section><!-- Row Backgrounds --><div class=\"upb_color\" data-bg-override=\"0\" data-bg-color=\"#f4f4f4\" data-fadeout=\"\" data-fadeout-percentage=\"30\" data-parallax-content=\"\" data-parallax-content-sense=\"30\" data-row-effect-mobile-disable=\"true\" data-img-parallax-mobile-disable=\"true\" data-rtl=\"false\"  data-custom-vc-row=\"\"  data-vc=\"8.7.2\"  data-is_old_vc=\"\"  data-theme-support=\"disable\"   data-overlay=\"false\" data-overlay-color=\"\" data-overlay-pattern=\"\" data-overlay-pattern-opacity=\"\" data-overlay-pattern-size=\"\"    ><\/div><section class=\"l-section wpb_row height_small\"><div class=\"l-section-h i-cf\"><div class=\"g-cols vc_row via_flex valign_middle type_default stacking_default\"><div class=\"vc_col-sm-6 wpb_column vc_column_container\"><div class=\"vc_column-inner\"><div class=\"wpb_wrapper\"><div class=\"wpb_text_column\"><div class=\"wpb_wrapper\"><h3>Benachrichtigungen via SMS<\/h3>\n<\/div><\/div><div class=\"wpb_text_column\"><div class=\"wpb_wrapper\"><p>Benachrichtigungen via SMS in Elgg zu versenden, ist besonders dann sinnvoll, wenn Sie immer auf dem neusten Stand bleiben wollen, egal wo Sie sich gerade befinden. Installieren Sie das SMS Notification Plugin von Elgg, f\u00fcgen Sie seven als Provider hinzu, richten Sie Ihren Versand ein und schon erhalten Sie Ihre Benachrichtigungen via SMS auf Ihr Handy. Auch hierzu finden Sie Details in der unten verlinkten Dokumentation.<\/p>\n<p>Sie brauchen Hilfe bei der Umsetzung einer ganz anderen Idee? Wir freuen uns, <a href=\"mailto:support@seven.io\">von Ihnen zu h\u00f6ren<\/a>!<\/p>\n<\/div><\/div><\/div><\/div><\/div><div class=\"vc_col-sm-6 wpb_column vc_column_container\"><div class=\"vc_column-inner\"><div class=\"wpb_wrapper\"><div class=\"w-image align_center\"><div class=\"w-image-h\"><img decoding=\"async\" width=\"400\" height=\"320\" src=\"https:\/\/www.seven.io\/wp-content\/uploads\/integrationen_elgg_mock_de-400x320.png\" class=\"attachment-us_400_0 size-us_400_0\" alt=\"EIne SMS in Elgg zu versenden kann in vielen Szenarien hilfreich sein\" loading=\"lazy\" srcset=\"https:\/\/www.seven.io\/wp-content\/uploads\/integrationen_elgg_mock_de-400x320.png 400w, https:\/\/www.seven.io\/wp-content\/uploads\/integrationen_elgg_mock_de-300x240.png 300w, https:\/\/www.seven.io\/wp-content\/uploads\/integrationen_elgg_mock_de-350x280.png 350w, https:\/\/www.seven.io\/wp-content\/uploads\/integrationen_elgg_mock_de-250x200.png 250w, https:\/\/www.seven.io\/wp-content\/uploads\/integrationen_elgg_mock_de-600x480.png 600w, https:\/\/www.seven.io\/wp-content\/uploads\/integrationen_elgg_mock_de-500x400.png 500w, https:\/\/www.seven.io\/wp-content\/uploads\/integrationen_elgg_mock_de-200x160.png 200w, https:\/\/www.seven.io\/wp-content\/uploads\/integrationen_elgg_mock_de.png 640w\" sizes=\"auto, (max-width: 400px) 100vw, 400px\" \/><\/div><\/div><\/div><\/div><\/div><\/div><\/div><\/section><section class=\"l-section wpb_row height_small\"><div class=\"l-section-h i-cf\"><div class=\"g-cols vc_row via_flex valign_top type_default stacking_default\"><div class=\"vc_col-sm-12 wpb_column vc_column_container\"><div class=\"vc_column-inner\"><div class=\"wpb_wrapper\"><div class=\"w-actionbox us_custom_e47d7875 color_light controls_right\"><div class=\"w-actionbox-text\"><div class=\"w-actionbox-description\"><p>Sie brauchen Hilfe bei der Installation oder der Einrichtung der Funktionen?<br \/>\nAuf unserer GitHub-Seite finden Sie weitere Informationen.<\/p>\n<\/div><\/div><div class=\"w-actionbox-controls\"><a class=\"w-btn us-btn-style_5\" target=\"_blank\" href=\"https:\/\/github.com\/seven-io\/elgg\/tree\/master\" rel=\"noopener\"><span class=\"w-btn-label\">Zu GitHub<\/span><\/a><\/div><\/div><\/div><\/div><\/div><\/div><\/div><\/section><!-- Row Backgrounds --><div class=\"upb_color\" data-bg-override=\"0\" data-bg-color=\"#ffffff\" data-fadeout=\"\" data-fadeout-percentage=\"30\" data-parallax-content=\"\" data-parallax-content-sense=\"30\" data-row-effect-mobile-disable=\"true\" data-img-parallax-mobile-disable=\"true\" data-rtl=\"false\"  data-custom-vc-row=\"\"  data-vc=\"8.7.2\"  data-is_old_vc=\"\"  data-theme-support=\"disable\"   data-overlay=\"false\" data-overlay-color=\"\" data-overlay-pattern=\"\" data-overlay-pattern-opacity=\"\" data-overlay-pattern-size=\"\"    ><\/div>\n","protected":false},"excerpt":{"rendered":"Elgg ist ein Framework zur Erstellung von Webanwendungen mit Fokus auf Soziale Netzwerke. Die Open-Source-Software ist flexibel anpassbar und wurde seit der Gr\u00fcndung im Jahr 2004 best\u00e4ndig weiterentwickelt. An dieser Entwicklung ist sowohl ein Core-Entwicklerteam als auch eine gro\u00dfe Community beteiligt. Au\u00dferdem sorgen zahlreiche Plugins daf\u00fcr, dass die Funktionen individuell angepasst werden k\u00f6nnen. Heute z\u00e4hlen...","protected":false},"author":1,"featured_media":27630,"parent":17075,"menu_order":0,"comment_status":"closed","ping_status":"closed","template":"","meta":{"content-type":"","footnotes":""},"class_list":["post-27634","page","type-page","status-publish","has-post-thumbnail","hentry"],"_links":{"self":[{"href":"https:\/\/www.seven.io\/de\/wp-json\/wp\/v2\/pages\/27634","targetHints":{"allow":["GET"]}}],"collection":[{"href":"https:\/\/www.seven.io\/de\/wp-json\/wp\/v2\/pages"}],"about":[{"href":"https:\/\/www.seven.io\/de\/wp-json\/wp\/v2\/types\/page"}],"author":[{"embeddable":true,"href":"https:\/\/www.seven.io\/de\/wp-json\/wp\/v2\/users\/1"}],"replies":[{"embeddable":true,"href":"https:\/\/www.seven.io\/de\/wp-json\/wp\/v2\/comments?post=27634"}],"version-history":[{"count":34,"href":"https:\/\/www.seven.io\/de\/wp-json\/wp\/v2\/pages\/27634\/revisions"}],"predecessor-version":[{"id":92350,"href":"https:\/\/www.seven.io\/de\/wp-json\/wp\/v2\/pages\/27634\/revisions\/92350"}],"up":[{"embeddable":true,"href":"https:\/\/www.seven.io\/de\/wp-json\/wp\/v2\/pages\/17075"}],"wp:featuredmedia":[{"embeddable":true,"href":"https:\/\/www.seven.io\/de\/wp-json\/wp\/v2\/media\/27630"}],"wp:attachment":[{"href":"https:\/\/www.seven.io\/de\/wp-json\/wp\/v2\/media?parent=27634"}],"curies":[{"name":"wp","href":"https:\/\/api.w.org\/{rel}","templated":true}]}}