{"id":27799,"date":"2021-06-08T11:22:37","date_gmt":"2021-06-08T09:22:37","guid":{"rendered":"https:\/\/www.sms77.io\/?page_id=27799"},"modified":"2024-07-02T14:52:39","modified_gmt":"2024-07-02T12:52:39","slug":"icehrm","status":"publish","type":"page","link":"https:\/\/www.seven.io\/de\/loesungen\/integrationen\/icehrm\/","title":{"rendered":"IceHrm"},"content":{"rendered":"<section class=\"l-section wpb_row height_small\"><div class=\"l-section-h i-cf\"><div class=\"g-cols vc_row via_flex valign_middle type_default stacking_default\"><div class=\"vc_col-sm-6 wpb_column vc_column_container\"><div class=\"vc_column-inner\"><div class=\"wpb_wrapper\"><div class=\"wpb_text_column\"><div class=\"wpb_wrapper\"><p><strong>IceHrm ist ein Personalverwaltungssystem, das f\u00fcr Unternehmen und Organisationen ausgelegt ist, die zwischen 50 und 20.000 Mitarbeitern besch\u00e4ftigen. Das System umfasst viele Funktionen, die in allen Phasen des Employee Lifecycles (Mitarbeiterlebenszyklusses) n\u00fctzlich sind. Dazu geh\u00f6ren beispielsweise die M\u00f6glichkeiten zur Verwaltung von Mitarbeiterinformationen, des Abwesenheitsmanagements und der Personalabrechnungen. Es gibt eine <a href=\"https:\/\/icehrm.com\/icehrm-demo\" target=\"_blank\" rel=\"noopener\" data-schema-attribute=\"\">Open-Source-Variante<\/a> von IceHrm zum Selberhosten sowie verschiedene Pro-Versionen, die sich in ihren Preisen je nach Umfang unterscheiden.<\/strong><\/p>\n<p><strong>Wenn Sie nach einer M\u00f6glichkeit suchen, Voice-Nachrichten und SMS in IceHrm zu versenden, ist unser Plugin genau das Richtige f\u00fcr Sie.<\/strong><\/p>\n<\/div><\/div><div class=\"w-btn-wrapper align_none\"><a class=\"w-btn us-btn-style_1 no-border\" target=\"_blank\" rel=\"nofollow noopener\" href=\"https:\/\/github.com\/seven-io\/IceHrm\"><span class=\"w-btn-label\">Unser SMS Plugin f\u00fcr IceHrm<\/span><\/a><\/div><\/div><\/div><\/div><div class=\"vc_col-sm-6 wpb_column vc_column_container\"><div class=\"vc_column-inner\"><div class=\"wpb_wrapper\"><div class=\"w-image align_center\"><div class=\"w-image-h\"><img decoding=\"async\" width=\"400\" height=\"400\" src=\"https:\/\/www.seven.io\/wp-content\/uploads\/integrationen_icehrm_logo-400x400.png\" class=\"attachment-us_400_0 size-us_400_0\" alt=\"Das Logo des Personalmanagementsystems IceHrm\" loading=\"lazy\" srcset=\"https:\/\/www.seven.io\/wp-content\/uploads\/integrationen_icehrm_logo-400x400.png 400w, https:\/\/www.seven.io\/wp-content\/uploads\/integrationen_icehrm_logo-300x300.png 300w, https:\/\/www.seven.io\/wp-content\/uploads\/integrationen_icehrm_logo-150x150.png 150w, https:\/\/www.seven.io\/wp-content\/uploads\/integrationen_icehrm_logo-350x350.png 350w, https:\/\/www.seven.io\/wp-content\/uploads\/integrationen_icehrm_logo-250x250.png 250w, https:\/\/www.seven.io\/wp-content\/uploads\/integrationen_icehrm_logo-200x200.png 200w, https:\/\/www.seven.io\/wp-content\/uploads\/integrationen_icehrm_logo.png 450w\" sizes=\"auto, (max-width: 400px) 100vw, 400px\" \/><\/div><\/div><\/div><\/div><\/div><\/div><\/div><\/section><section class=\"l-section wpb_row height_small color_alternate\"><div class=\"l-section-h i-cf\"><div class=\"g-cols vc_row via_flex valign_middle type_default stacking_default\"><div class=\"vc_col-sm-6 wpb_column vc_column_container\"><div class=\"vc_column-inner\"><div class=\"wpb_wrapper\"><div class=\"w-image align_center\"><div class=\"w-image-h\"><img decoding=\"async\" width=\"400\" height=\"501\" src=\"https:\/\/www.seven.io\/wp-content\/uploads\/integrationen_icehrm_mock_de-400x501.png\" class=\"attachment-us_400_0 size-us_400_0\" alt=\"Versenden Sie SMS in IceHrm mit der sms77-Erweiterung\" loading=\"lazy\" srcset=\"https:\/\/www.seven.io\/wp-content\/uploads\/integrationen_icehrm_mock_de-400x501.png 400w, https:\/\/www.seven.io\/wp-content\/uploads\/integrationen_icehrm_mock_de-240x300.png 240w, https:\/\/www.seven.io\/wp-content\/uploads\/integrationen_icehrm_mock_de-350x438.png 350w, https:\/\/www.seven.io\/wp-content\/uploads\/integrationen_icehrm_mock_de-250x313.png 250w, https:\/\/www.seven.io\/wp-content\/uploads\/integrationen_icehrm_mock_de-300x376.png 300w, https:\/\/www.seven.io\/wp-content\/uploads\/integrationen_icehrm_mock_de-319x400.png 319w, https:\/\/www.seven.io\/wp-content\/uploads\/integrationen_icehrm_mock_de-200x250.png 200w, https:\/\/www.seven.io\/wp-content\/uploads\/integrationen_icehrm_mock_de.png 511w\" sizes=\"auto, (max-width: 400px) 100vw, 400px\" \/><\/div><\/div><\/div><\/div><\/div><div class=\"vc_col-sm-6 wpb_column vc_column_container\"><div class=\"vc_column-inner\"><div class=\"wpb_wrapper\"><div class=\"wpb_text_column\"><div class=\"wpb_wrapper\"><h3>Versenden Sie Voice-Nachrichten und SMS in IceHrm<\/h3>\n<p>Mit unserer Erweiterung f\u00fcr IceHrm erreichen Sie Ihre Empf\u00e4nger auf eine besonders effektive Art und Weise. <a href=\"\/de\/produkte\/sms-versand\/\">SMS<\/a> werden schnell gelesen und gelten als sehr pers\u00f6nliche Nachrichten. <a href=\"\/de\/produkte\/voice\/\">Voice-Nachrichten<\/a> erregen noch mehr Aufmerksamkeit, weil sie als Anruf zugestellt werden, werden aber von den Empf\u00e4ngern als weniger pers\u00f6nlich wahrgenommen. Sie k\u00f6nnen die beiden Optionen also in verschiedenen Anwendungsszenarien nutzen.<\/p>\n<p>Dank unserer Filter k\u00f6nnen Sie beispielsweise zuk\u00fcnftige Mitarbeiter \u00fcber den Status ihrer Bewerbung oder ihres Vertrags informieren, Mitarbeitern aus bestimmten L\u00e4ndern spezifische Informationen zukommen lassen oder Alarme an Ihr IT-Team senden. Gerade f\u00fcr die letztgenannte Variante nutzen viele unser Kunden auch gern die Voice-Funktion. Ob Sie Massen- oder einzelne SMS in IceHrm senden wollen, bleibt dabei Ihnen \u00fcberlassen. Auch die Voice-Nachrichten k\u00f6nnen als Massen-Nachricht verschickt werden.<\/p>\n<\/div><\/div><\/div><\/div><\/div><\/div><\/div><\/section><!-- Row Backgrounds --><div class=\"upb_color\" data-bg-override=\"0\" data-bg-color=\"#f4f4f4\" data-fadeout=\"\" data-fadeout-percentage=\"30\" data-parallax-content=\"\" data-parallax-content-sense=\"30\" data-row-effect-mobile-disable=\"true\" data-img-parallax-mobile-disable=\"true\" data-rtl=\"false\"  data-custom-vc-row=\"\"  data-vc=\"8.7.2\"  data-is_old_vc=\"\"  data-theme-support=\"disable\"   data-overlay=\"false\" data-overlay-color=\"\" data-overlay-pattern=\"\" data-overlay-pattern-opacity=\"\" data-overlay-pattern-size=\"\"    ><\/div><section class=\"l-section wpb_row height_small\"><div class=\"l-section-h i-cf\"><div class=\"g-cols vc_row via_flex valign_middle type_default stacking_default\"><div class=\"vc_col-sm-6 wpb_column vc_column_container\"><div class=\"vc_column-inner\"><div class=\"wpb_wrapper\"><div class=\"wpb_text_column\"><div class=\"wpb_wrapper\"><h3>Filter<\/h3>\n<\/div><\/div><div class=\"wpb_text_column\"><div class=\"wpb_wrapper\"><p>Mithilfe der Filter versenden Sie Ihre SMS in IceHrm nur an bestimmte Empf\u00e4nger. Sie k\u00f6nnen nach Status, Land, Berufsbezeichnung und Besch\u00e4ftigungsstatus filtern und diese Filter beliebig kombinieren.<span class=\"Apple-converted-space\">\u00a0So gestalten Sie Ihren SMS-Versand besonders pr\u00e4zise und effektiv.<\/span><\/p>\n<\/div><\/div><div class=\"wpb_text_column\"><div class=\"wpb_wrapper\"><h3>Einstellungsm\u00f6glichkeiten<\/h3>\n<\/div><\/div><div class=\"wpb_text_column\"><div class=\"wpb_wrapper\"><p>Dar\u00fcber hinaus stehen Ihnen viele zus\u00e4tzliche Funktionen im SMS-Versand zur Verf\u00fcgung. Sie k\u00f6nnen beispielsweise Einstellungen vornehmen, um Ihre SMS vorzuplanen, um Flash-SMS zu versenden oder um die <a href=\"https:\/\/help.seven.io\/de\/performance-tracking\" rel=\"noopener\">Performance<\/a> von Links in Ihren SMS zu tracken. Auch Ihren Absendernamen k\u00f6nnen Sie direkt in IceHrm angeben und \u00e4ndern. Eine vollst\u00e4ndige \u00dcbersicht aller Funktionen finden Sie in der unten verlinkten Dokumentation.<\/p>\n<\/div><\/div><\/div><\/div><\/div><div class=\"vc_col-sm-6 wpb_column vc_column_container\"><div class=\"vc_column-inner\"><div class=\"wpb_wrapper\"><div class=\"w-image no-border align_center\"><a ref=\"magnificPopup\" href=\"https:\/\/www.seven.io\/wp-content\/uploads\/integrationen_IceHrm_screen_sms.png\" aria-label=\"integrationen_IceHrm_screen_sms\" class=\"w-image-h\"><img decoding=\"async\" width=\"768\" height=\"428\" src=\"https:\/\/www.seven.io\/wp-content\/uploads\/integrationen_IceHrm_screen_sms-768x428.png\" class=\"attachment-us_768_0 size-us_768_0\" alt=\"Mit unserem Plugin k\u00f6nnen Sie SMS in IceHrm versenden\" loading=\"lazy\" srcset=\"https:\/\/www.seven.io\/wp-content\/uploads\/integrationen_IceHrm_screen_sms-768x428.png 768w, https:\/\/www.seven.io\/wp-content\/uploads\/integrationen_IceHrm_screen_sms-300x167.png 300w, https:\/\/www.seven.io\/wp-content\/uploads\/integrationen_IceHrm_screen_sms-1024x571.png 1024w, https:\/\/www.seven.io\/wp-content\/uploads\/integrationen_IceHrm_screen_sms-350x195.png 350w, https:\/\/www.seven.io\/wp-content\/uploads\/integrationen_IceHrm_screen_sms-250x139.png 250w, https:\/\/www.seven.io\/wp-content\/uploads\/integrationen_IceHrm_screen_sms-600x335.png 600w, https:\/\/www.seven.io\/wp-content\/uploads\/integrationen_IceHrm_screen_sms-400x223.png 400w, https:\/\/www.seven.io\/wp-content\/uploads\/integrationen_IceHrm_screen_sms-200x112.png 200w, https:\/\/www.seven.io\/wp-content\/uploads\/integrationen_IceHrm_screen_sms.png 1200w\" sizes=\"auto, (max-width: 768px) 100vw, 768px\" \/><\/a><\/div><div class=\"w-separator size_custom\" style=\"height:10px\"><\/div><div class=\"wpb_text_column\"><div class=\"wpb_wrapper\"><p style=\"text-align: center;\"><em>Einstellungsm\u00f6glichkeiten f\u00fcr Ihren Versand von SMS in IceHrm, zum Vergr\u00f6\u00dfern anklicken.<\/em><\/p>\n<\/div><\/div><\/div><\/div><\/div><\/div><\/div><\/section><section class=\"l-section wpb_row height_small\"><div class=\"l-section-h i-cf\"><div class=\"g-cols vc_row via_flex valign_top type_default stacking_default\"><div class=\"vc_col-sm-12 wpb_column vc_column_container\"><div class=\"vc_column-inner\"><div class=\"wpb_wrapper\"><div class=\"w-actionbox us_custom_e47d7875 color_light controls_right\"><div class=\"w-actionbox-text\"><div class=\"w-actionbox-description\"><p>Sie brauchen Hilfe bei der Installation oder der Einrichtung der Funktionen?<br \/>\nWeitere Details finden Sie auf unserer GitHub Seite.<\/p>\n<\/div><\/div><div class=\"w-actionbox-controls\"><a class=\"w-btn us-btn-style_5\" target=\"_blank\" href=\"https:\/\/github.com\/seven-io\/IceHrm\" rel=\"noopener\"><span class=\"w-btn-label\">Zu GitHub<\/span><\/a><\/div><\/div><\/div><\/div><\/div><\/div><\/div><\/section><!-- Row Backgrounds --><div class=\"upb_color\" data-bg-override=\"0\" data-bg-color=\"#ffffff\" data-fadeout=\"\" data-fadeout-percentage=\"30\" data-parallax-content=\"\" data-parallax-content-sense=\"30\" data-row-effect-mobile-disable=\"true\" data-img-parallax-mobile-disable=\"true\" data-rtl=\"false\"  data-custom-vc-row=\"\"  data-vc=\"8.7.2\"  data-is_old_vc=\"\"  data-theme-support=\"disable\"   data-overlay=\"false\" data-overlay-color=\"\" data-overlay-pattern=\"\" data-overlay-pattern-opacity=\"\" data-overlay-pattern-size=\"\"    ><\/div>\n","protected":false},"excerpt":{"rendered":"IceHrm ist ein Personalverwaltungssystem, das f\u00fcr Unternehmen und Organisationen ausgelegt ist, die zwischen 50 und 20.000 Mitarbeitern besch\u00e4ftigen. Das System umfasst viele Funktionen, die in allen Phasen des Employee Lifecycles (Mitarbeiterlebenszyklusses) n\u00fctzlich sind. Dazu geh\u00f6ren beispielsweise die M\u00f6glichkeiten zur Verwaltung von Mitarbeiterinformationen, des Abwesenheitsmanagements und der Personalabrechnungen. Es gibt eine Open-Source-Variante von IceHrm zum Selberhosten...","protected":false},"author":1,"featured_media":27807,"parent":17075,"menu_order":0,"comment_status":"closed","ping_status":"closed","template":"","meta":{"content-type":"","footnotes":""},"class_list":["post-27799","page","type-page","status-publish","has-post-thumbnail","hentry"],"_links":{"self":[{"href":"https:\/\/www.seven.io\/de\/wp-json\/wp\/v2\/pages\/27799","targetHints":{"allow":["GET"]}}],"collection":[{"href":"https:\/\/www.seven.io\/de\/wp-json\/wp\/v2\/pages"}],"about":[{"href":"https:\/\/www.seven.io\/de\/wp-json\/wp\/v2\/types\/page"}],"author":[{"embeddable":true,"href":"https:\/\/www.seven.io\/de\/wp-json\/wp\/v2\/users\/1"}],"replies":[{"embeddable":true,"href":"https:\/\/www.seven.io\/de\/wp-json\/wp\/v2\/comments?post=27799"}],"version-history":[{"count":24,"href":"https:\/\/www.seven.io\/de\/wp-json\/wp\/v2\/pages\/27799\/revisions"}],"predecessor-version":[{"id":92923,"href":"https:\/\/www.seven.io\/de\/wp-json\/wp\/v2\/pages\/27799\/revisions\/92923"}],"up":[{"embeddable":true,"href":"https:\/\/www.seven.io\/de\/wp-json\/wp\/v2\/pages\/17075"}],"wp:featuredmedia":[{"embeddable":true,"href":"https:\/\/www.seven.io\/de\/wp-json\/wp\/v2\/media\/27807"}],"wp:attachment":[{"href":"https:\/\/www.seven.io\/de\/wp-json\/wp\/v2\/media?parent=27799"}],"curies":[{"name":"wp","href":"https:\/\/api.w.org\/{rel}","templated":true}]}}