{"id":27918,"date":"2021-06-11T11:59:03","date_gmt":"2021-06-11T09:59:03","guid":{"rendered":"https:\/\/www.sms77.io\/?page_id=27918"},"modified":"2024-03-25T13:28:05","modified_gmt":"2024-03-25T12:28:05","slug":"beehive","status":"publish","type":"page","link":"https:\/\/www.seven.io\/de\/loesungen\/integrationen\/beehive\/","title":{"rendered":"Beehive"},"content":{"rendered":"<section class=\"l-section wpb_row height_small\"><div class=\"l-section-h i-cf\"><div class=\"g-cols vc_row via_flex valign_middle type_default stacking_default\"><div class=\"vc_col-sm-6 wpb_column vc_column_container\"><div class=\"vc_column-inner\"><div class=\"wpb_wrapper\"><div class=\"wpb_text_column\"><div class=\"wpb_wrapper\"><p><strong>Beehive ist ein Ereignis- und Agentensystem zur Automatisierung von Abl\u00e4ufen. Durch das Einbinden von Modulen, sogenannten Hives, k\u00f6nnen viele verschiedene Dienste miteinander kombiniert werden, sodass Sie sich \u00fcber unterschiedliche Ereignisse informieren lassen und Aktionen ausf\u00fchren lassen k\u00f6nnen. Beehive ist flexibel und leicht erweiterbar. Daher wird es von seinen Nutzern in vielf\u00e4ltigen Bereichen eingesetzt, von der Home-Automation bis hin zu automatisierten Posting-Abl\u00e4ufen.<\/strong><\/p>\n<p><strong>Wenn Sie SMS mit Beehive versenden m\u00f6chten, k\u00f6nnen Sie jetzt <a href=\"https:\/\/github.com\/seven-io\/beehive\" target=\"_blank\" rel=\"noopener\" data-schema-attribute=\"\">unsere seven-Bee<\/a> in Ihrer Automation nutzen.<\/strong><\/p>\n<\/div><\/div><div class=\"w-btn-wrapper align_none\"><a class=\"w-btn us-btn-style_1 no-border\" target=\"_blank\" rel=\"nofollow noopener\" href=\"https:\/\/github.com\/seven-io\/beehive\"><span class=\"w-btn-label\">Unser SMS Plugin f\u00fcr Beehive<\/span><\/a><\/div><\/div><\/div><\/div><div class=\"vc_col-sm-6 wpb_column vc_column_container\"><div class=\"vc_column-inner\"><div class=\"wpb_wrapper\"><div class=\"w-image align_center\"><div class=\"w-image-h\"><img decoding=\"async\" width=\"400\" height=\"400\" src=\"https:\/\/www.seven.io\/wp-content\/uploads\/integrationen_beehive_logo-400x400.png\" class=\"attachment-us_400_0 size-us_400_0\" alt=\"Beehive nutzen, um automatisiert SMS zu versenden\" loading=\"lazy\" srcset=\"https:\/\/www.seven.io\/wp-content\/uploads\/integrationen_beehive_logo-400x400.png 400w, https:\/\/www.seven.io\/wp-content\/uploads\/integrationen_beehive_logo-300x300.png 300w, https:\/\/www.seven.io\/wp-content\/uploads\/integrationen_beehive_logo-150x150.png 150w, https:\/\/www.seven.io\/wp-content\/uploads\/integrationen_beehive_logo-350x350.png 350w, https:\/\/www.seven.io\/wp-content\/uploads\/integrationen_beehive_logo-250x250.png 250w, https:\/\/www.seven.io\/wp-content\/uploads\/integrationen_beehive_logo-200x200.png 200w, https:\/\/www.seven.io\/wp-content\/uploads\/integrationen_beehive_logo.png 450w\" sizes=\"auto, (max-width: 400px) 100vw, 400px\" \/><\/div><\/div><\/div><\/div><\/div><\/div><\/div><\/section><section class=\"l-section wpb_row height_small color_alternate\"><div class=\"l-section-h i-cf\"><div class=\"g-cols vc_row via_flex valign_middle type_default stacking_default\"><div class=\"vc_col-sm-6 wpb_column vc_column_container\"><div class=\"vc_column-inner\"><div class=\"wpb_wrapper\"><div class=\"w-image no-border align_center\"><a ref=\"magnificPopup\" href=\"https:\/\/www.seven.io\/wp-content\/uploads\/integration_beehive_chain_screen.png\" aria-label=\"integration_beehive_chain_screen\" class=\"w-image-h\"><img decoding=\"async\" width=\"400\" height=\"374\" src=\"https:\/\/www.seven.io\/wp-content\/uploads\/integration_beehive_chain_screen-400x374.png\" class=\"attachment-us_400_0 size-us_400_0\" alt=\"SMS mit Beehive versenden: sms77 macht es m\u00f6glich\" loading=\"lazy\" srcset=\"https:\/\/www.seven.io\/wp-content\/uploads\/integration_beehive_chain_screen-400x374.png 400w, https:\/\/www.seven.io\/wp-content\/uploads\/integration_beehive_chain_screen-300x280.png 300w, https:\/\/www.seven.io\/wp-content\/uploads\/integration_beehive_chain_screen-350x327.png 350w, https:\/\/www.seven.io\/wp-content\/uploads\/integration_beehive_chain_screen-250x234.png 250w, https:\/\/www.seven.io\/wp-content\/uploads\/integration_beehive_chain_screen-600x561.png 600w, https:\/\/www.seven.io\/wp-content\/uploads\/integration_beehive_chain_screen-768x718.png 768w, https:\/\/www.seven.io\/wp-content\/uploads\/integration_beehive_chain_screen-428x400.png 428w, https:\/\/www.seven.io\/wp-content\/uploads\/integration_beehive_chain_screen-200x187.png 200w, https:\/\/www.seven.io\/wp-content\/uploads\/integration_beehive_chain_screen.png 1024w\" sizes=\"auto, (max-width: 400px) 100vw, 400px\" \/><\/a><\/div><div class=\"w-separator size_custom\" style=\"height:10px\"><\/div><div class=\"wpb_text_column\"><div class=\"wpb_wrapper\"><p style=\"text-align: center;\"><em>Konfiguration einer Aktion, zum Vergr\u00f6\u00dfern anklicken<\/em><\/p>\n<\/div><\/div><\/div><\/div><\/div><div class=\"vc_col-sm-6 wpb_column vc_column_container\"><div class=\"vc_column-inner\"><div class=\"wpb_wrapper\"><div class=\"wpb_text_column\"><div class=\"wpb_wrapper\"><h3>SMS mit Beehive versenden<\/h3>\n<p>Es gibt viele gute Gr\u00fcnde, eine SMS mit Beehive zu versenden. Mit den kompakten und zuverl\u00e4ssigen Kurznachrichten informieren Sie sich selbst oder Ihr Team besonders effektiv \u00fcber bestimmte Ereignisse, ohne sich \u00fcber Details wie Betriebssysteme auf den Empf\u00e4ngerger\u00e4ten Gedanken machen zu m\u00fcssen. So bleiben Sie immer auf dem neusten Stand und k\u00f6nnen auf wichtige Ereignisse sehr schnell reagieren.<\/p>\n<p>Unsere Kunden nutzen den SMS-Versand durch Automatisierungssoftware besonders h\u00e4ufig, um <a href=\"\/loesungen\/einsatzbereiche\/alarmierung\/\">Alarme<\/a> und andere zeitsensitiven Ereignisinformationen zu versenden. Sie konfigurieren den Versand, wir k\u00fcmmern uns um Ihre Nachrichten.<\/p>\n<\/div><\/div><\/div><\/div><\/div><\/div><\/div><\/section><!-- Row Backgrounds --><div class=\"upb_color\" data-bg-override=\"0\" data-bg-color=\"#f4f4f4\" data-fadeout=\"\" data-fadeout-percentage=\"30\" data-parallax-content=\"\" data-parallax-content-sense=\"30\" data-row-effect-mobile-disable=\"true\" data-img-parallax-mobile-disable=\"true\" data-rtl=\"false\"  data-custom-vc-row=\"\"  data-vc=\"8.7.2\"  data-is_old_vc=\"\"  data-theme-support=\"disable\"   data-overlay=\"false\" data-overlay-color=\"\" data-overlay-pattern=\"\" data-overlay-pattern-opacity=\"\" data-overlay-pattern-size=\"\"    ><\/div><section class=\"l-section wpb_row height_small\"><div class=\"l-section-h i-cf\"><div class=\"g-cols vc_row via_flex valign_middle type_default stacking_default\"><div class=\"vc_col-sm-6 wpb_column vc_column_container\"><div class=\"vc_column-inner\"><div class=\"wpb_wrapper\"><div class=\"wpb_text_column\"><div class=\"wpb_wrapper\"><h3>Automatisierter SMS-Versand<\/h3>\n<\/div><\/div><div class=\"uavc-list-icon uavc-list-icon-wrapper ult-adjust-bottom-margin   \"><ul class=\"uavc-list\"><li><div class=\"uavc-list-content\" id=\"list-icon-wrap-7751\">\n<div class=\"uavc-list-icon  \" data-animation=\"\" data-animation-delay=\"03\" style=\"margin-right:25px;\"><div class=\"ult-just-icon-wrapper  \"><div class=\"align-icon\" style=\"text-align:center;\">\n<div class=\"aio-icon none \"  style=\"color:#52c0fa;font-size:40px;display:inline-block;\">\n\t<i class=\"Defaults-envelope-o\"><\/i>\n<\/div><\/div><\/div>\n<\/div><span  data-ultimate-target='#list-icon-wrap-7751 .uavc-list-desc'  data-responsive-json-new='{\"font-size\":\"\",\"line-height\":\"\"}'  class=\"uavc-list-desc ult-responsive\" style=\"\">Der Versand von SMS mit Beehive und unserem Plugin ist simpel und effektiv. Bei der Konfigurierung geben Sie an, an welche Nummern die SMS versandt werden soll und welchen Absendernamen oder welche Absendernummer Sie w\u00fcnschen. Auch der Versand an Gruppen aus Ihrem seven-Kontaktbuch ist m\u00f6glich.<\/span><\/div><\/li><\/ul><\/div><\/div><\/div><\/div><div class=\"vc_col-sm-6 wpb_column vc_column_container\"><div class=\"vc_column-inner\"><div class=\"wpb_wrapper\"><div class=\"w-image no-border align_center\"><a ref=\"magnificPopup\" href=\"https:\/\/www.seven.io\/wp-content\/uploads\/integrationen_beehive_bee_screen.png\" aria-label=\"integrationen_beehive_bee_screen\" class=\"w-image-h\"><img decoding=\"async\" width=\"400\" height=\"375\" src=\"https:\/\/www.seven.io\/wp-content\/uploads\/integrationen_beehive_bee_screen-400x375.png\" class=\"attachment-us_400_0 size-us_400_0\" alt=\"Konfiguration f\u00fcr den Versand von SMS mit Beehive\" loading=\"lazy\" srcset=\"https:\/\/www.seven.io\/wp-content\/uploads\/integrationen_beehive_bee_screen-400x375.png 400w, https:\/\/www.seven.io\/wp-content\/uploads\/integrationen_beehive_bee_screen-300x281.png 300w, https:\/\/www.seven.io\/wp-content\/uploads\/integrationen_beehive_bee_screen-350x328.png 350w, https:\/\/www.seven.io\/wp-content\/uploads\/integrationen_beehive_bee_screen-250x234.png 250w, https:\/\/www.seven.io\/wp-content\/uploads\/integrationen_beehive_bee_screen-600x563.png 600w, https:\/\/www.seven.io\/wp-content\/uploads\/integrationen_beehive_bee_screen-768x720.png 768w, https:\/\/www.seven.io\/wp-content\/uploads\/integrationen_beehive_bee_screen-427x400.png 427w, https:\/\/www.seven.io\/wp-content\/uploads\/integrationen_beehive_bee_screen-200x188.png 200w, https:\/\/www.seven.io\/wp-content\/uploads\/integrationen_beehive_bee_screen-500x469.png 500w, https:\/\/www.seven.io\/wp-content\/uploads\/integrationen_beehive_bee_screen.png 1024w\" sizes=\"auto, (max-width: 400px) 100vw, 400px\" \/><\/a><\/div><div class=\"w-separator size_custom\" style=\"height:10px\"><\/div><div class=\"wpb_text_column\"><div class=\"wpb_wrapper\"><p style=\"text-align: center;\"><em>Konfiguration vom Versand einer SMS mit Beehive, zum Vergr\u00f6\u00dfern anklicken<\/em><\/p>\n<\/div><\/div><\/div><\/div><\/div><\/div><\/div><\/section><section class=\"l-section wpb_row height_small\"><div class=\"l-section-h i-cf\"><div class=\"g-cols vc_row via_flex valign_top type_default stacking_default\"><div class=\"vc_col-sm-12 wpb_column vc_column_container\"><div class=\"vc_column-inner\"><div class=\"wpb_wrapper\"><div class=\"w-actionbox us_custom_e47d7875 color_light controls_right\"><div class=\"w-actionbox-text\"><div class=\"w-actionbox-description\"><p>Sie brauchen Hilfe bei der Installation oder der Einrichtung der Funktionen?<br \/>\nFinden Sie weitere Informationen auf unserer GitHub-Seite.<\/p>\n<\/div><\/div><div class=\"w-actionbox-controls\"><a class=\"w-btn us-btn-style_5\" href=\"https:\/\/github.com\/seven-io\/beehive\/\" rel=\"noopener\"><span class=\"w-btn-label\">Zu GitHub<\/span><\/a><\/div><\/div><\/div><\/div><\/div><\/div><\/div><\/section><!-- Row Backgrounds --><div class=\"upb_color\" data-bg-override=\"0\" data-bg-color=\"#ffffff\" data-fadeout=\"\" data-fadeout-percentage=\"30\" data-parallax-content=\"\" data-parallax-content-sense=\"30\" data-row-effect-mobile-disable=\"true\" data-img-parallax-mobile-disable=\"true\" data-rtl=\"false\"  data-custom-vc-row=\"\"  data-vc=\"8.7.2\"  data-is_old_vc=\"\"  data-theme-support=\"disable\"   data-overlay=\"false\" data-overlay-color=\"\" data-overlay-pattern=\"\" data-overlay-pattern-opacity=\"\" data-overlay-pattern-size=\"\"    ><\/div>\n","protected":false},"excerpt":{"rendered":"Beehive ist ein Ereignis- und Agentensystem zur Automatisierung von Abl\u00e4ufen. Durch das Einbinden von Modulen, sogenannten Hives, k\u00f6nnen viele verschiedene Dienste miteinander kombiniert werden, sodass Sie sich \u00fcber unterschiedliche Ereignisse informieren lassen und Aktionen ausf\u00fchren lassen k\u00f6nnen. Beehive ist flexibel und leicht erweiterbar. Daher wird es von seinen Nutzern in vielf\u00e4ltigen Bereichen eingesetzt, von der...","protected":false},"author":1,"featured_media":27916,"parent":17075,"menu_order":0,"comment_status":"closed","ping_status":"closed","template":"","meta":{"content-type":"","footnotes":""},"class_list":["post-27918","page","type-page","status-publish","has-post-thumbnail","hentry"],"_links":{"self":[{"href":"https:\/\/www.seven.io\/de\/wp-json\/wp\/v2\/pages\/27918","targetHints":{"allow":["GET"]}}],"collection":[{"href":"https:\/\/www.seven.io\/de\/wp-json\/wp\/v2\/pages"}],"about":[{"href":"https:\/\/www.seven.io\/de\/wp-json\/wp\/v2\/types\/page"}],"author":[{"embeddable":true,"href":"https:\/\/www.seven.io\/de\/wp-json\/wp\/v2\/users\/1"}],"replies":[{"embeddable":true,"href":"https:\/\/www.seven.io\/de\/wp-json\/wp\/v2\/comments?post=27918"}],"version-history":[{"count":23,"href":"https:\/\/www.seven.io\/de\/wp-json\/wp\/v2\/pages\/27918\/revisions"}],"predecessor-version":[{"id":92323,"href":"https:\/\/www.seven.io\/de\/wp-json\/wp\/v2\/pages\/27918\/revisions\/92323"}],"up":[{"embeddable":true,"href":"https:\/\/www.seven.io\/de\/wp-json\/wp\/v2\/pages\/17075"}],"wp:featuredmedia":[{"embeddable":true,"href":"https:\/\/www.seven.io\/de\/wp-json\/wp\/v2\/media\/27916"}],"wp:attachment":[{"href":"https:\/\/www.seven.io\/de\/wp-json\/wp\/v2\/media?parent=27918"}],"curies":[{"name":"wp","href":"https:\/\/api.w.org\/{rel}","templated":true}]}}